{"id":1524,"date":"2020-07-30T18:21:08","date_gmt":"2020-07-30T16:21:08","guid":{"rendered":"https:\/\/visionstore.co.rs\/?post_type=product&#038;p=1524"},"modified":"2026-01-12T10:52:41","modified_gmt":"2026-01-12T09:52:41","slug":"lamin","status":"publish","type":"product","link":"https:\/\/visionstore.co.rs\/bg\/product\/lamin\/","title":{"rendered":"Lamin"},"content":{"rendered":"<p>Dijetetski suplement Lamin <strong>zna\u010dajno pove\u0107ava fizi\u010dku i umnu spremnost<\/strong>, izdr\u017eljivost i otpornost na stres.<\/p>\n<p>Sibirski \u017een\u00ad\u0161en (<em>Eleutherococcus senticosus<\/em>) je <strong>prirodni energotonik<\/strong>, koji potpoma\u017ee smanjivanje razdra\u017eljivosti, zabrinutosti, revitalizuje i uve\u0107ava fizi\u010dku i mentalnu snagu. On stimuli\u0161e rad centralnog nervnog sistema, pobolj\u0161ava op\u0161te stanje organizma. Listovi mate (<em>Ilex paraguariensis<\/em>) imaju dugotrajan efekat op\u0161te vitalizacije. Njihovo sporo, ali ravnomerno dejstvo poma\u017ee <strong>mu\u0161karcima da o\u010duvaju vedrinu<\/strong>. Tako\u0111e, listovi mate doprinose pobolj\u0161anju sna. L\u00ad-karnitin <strong>stimuli\u0161e sintezu prirodnog testosterona, poma\u017ee u normalizaciji hormonalnog balansa<\/strong>.<\/p>\n<p>Doprinosi pobolj\u0161anju funkcije polnih organa, pove\u0107ava broj spermatozoida i njihovu pokretljivost.<\/p>\n<ul>\n<li>Obezbe\u0111uje efekat ja\u010danja organizma<\/li>\n<li>Elimini\u0161e umor i uve\u0107ava radnu sposobnost<\/li>\n<li>Poma\u017ee u situacijama sa dugotrajnim emocionalnim, mentalnim i fizi\u010dkim optere\u0107enjima<\/li>\n<li>Uti\u010de na sintezu prirodnog testosterona<\/li>\n<li>Poma\u017ee odr\u017eavanju reproduktivne funkcije<\/li>\n<li>Poma\u017ee odr\u017eavanju hormonalnog balansa kod mu\u0161karca<\/li>\n<\/ul>\n<p><strong>Sastav: <\/strong>sibirski \u017een\u00ad\u0161en (koren), paragvajski \u010daj (list), polenov prah, L\u00ad-karnitin, vitamin C.<\/p>\n<p><strong>Koli\u010dina:<\/strong> 60 kapsula<\/p>\n<p><strong>Neto masa:<\/strong> 28,3 g<\/p>\n<table width=\"428\">\n<tbody>\n<tr>\n<td width=\"236\"><strong>AKTIVNI SASTOJCI:<\/strong><\/td>\n<td width=\"64\"><strong>2 kapsule<br \/>\n(942 mg)<\/strong><\/td>\n<td width=\"64\"><strong>%NRV*<\/strong><\/td>\n<\/tr>\n<tr>\n<td>Vitamin C<\/td>\n<td>40 mg<\/td>\n<td>50%<\/td>\n<\/tr>\n<tr>\n<td width=\"236\">Sibirski \u017een-\u0161en (<em>Eleutherococcus senticosus<\/em>), koren<\/td>\n<td>340 mg<\/td>\n<td>**<\/td>\n<\/tr>\n<tr>\n<td>Mate (<em>Ilex paraguariensis<\/em>), list<\/td>\n<td>200 mg<\/td>\n<td>**<\/td>\n<\/tr>\n<tr>\n<td>Polen<\/td>\n<td>100 mg<\/td>\n<td>**<\/td>\n<\/tr>\n<tr>\n<td>L-karnitin<\/td>\n<td>38 mg<\/td>\n<td>**<\/td>\n<\/tr>\n<\/tbody>\n<\/table>\n<p>*NRV \u2013 nutritivna referentna vrednost<br \/>\n** \u2013 nutritivna referentna vrednost nije ustanovljena<\/p>\n","protected":false},"excerpt":{"rendered":"<p>OSOBINE PROIZVODA LAMIN:<\/p>\n<ul>\n<li>Ja\u010da i vitalizira organizam u celosti.<\/li>\n<li>Uve\u0107ava radnu sposobnost i smanjuje umor.<\/li>\n<li>Neophodan kod pove\u0107anog fizi\u010dkog, emocionalnog i umnog optere\u0107enja.<\/li>\n<li>Ja\u010da stvaranje testosterona.<\/li>\n<li>Doprinosi pobolj\u0161anju reproduktivne funkcije, uve\u0107ava koli\u010dinu, pokretljivost i plodnu sposobnost spermatozoida.<\/li>\n<li>Ima adaptogeno dejstvo.<\/li>\n<li>Produ\u017eava mu\u0161ku mladost i seksualno zdravlje.<\/li>\n<\/ul>\n","protected":false},"featured_media":1525,"comment_status":"open","ping_status":"closed","template":"","meta":{"_acf_changed":false,"_uag_custom_page_level_css":"","site-sidebar-layout":"default","site-content-layout":"default","ast-site-content-layout":"default","site-content-style":"default","site-sidebar-style":"default","ast-global-header-display":"","ast-banner-title-visibility":"","ast-main-header-display":"","ast-hfb-above-header-display":"","ast-hfb-below-header-display":"","ast-hfb-mobile-header-display":"","site-post-title":"","ast-breadcrumbs-content":"","ast-featured-img":"","footer-sml-layout":"","ast-disable-related-posts":"","theme-transparent-header-meta":"default","adv-header-id-meta":"","stick-header-meta":"default","header-above-stick-meta":"","header-main-stick-meta":"","header-below-stick-meta":"","astra-migrate-meta-layouts":"set","ast-page-background-enabled":"default","ast-page-background-meta":{"desktop":{"background-color":"","background-image":"","background-repeat":"repeat","background-position":"center center","background-size":"auto","background-attachment":"scroll","background-type":"","background-media":"","overlay-type":"","overlay-color":"","overlay-opacity":"","overlay-gradient":""},"tablet":{"background-color":"","background-image":"","background-repeat":"repeat","background-position":"center center","background-size":"auto","background-attachment":"scroll","background-type":"","background-media":"","overlay-type":"","overlay-color":"","overlay-opacity":"","overlay-gradient":""},"mobile":{"background-color":"","background-image":"","background-repeat":"repeat","background-position":"center center","background-size":"auto","background-attachment":"scroll","background-type":"","background-media":"","overlay-type":"","overlay-color":"","overlay-opacity":"","overlay-gradient":""}},"ast-content-background-meta":{"desktop":{"background-color":"var(--ast-global-color-4)","background-image":"","background-repeat":"repeat","background-position":"center center","background-size":"auto","background-attachment":"scroll","background-type":"","background-media":"","overlay-type":"","overlay-color":"","overlay-opacity":"","overlay-gradient":""},"tablet":{"background-color":"var(--ast-global-color-4)","background-image":"","background-repeat":"repeat","background-position":"center center","background-size":"auto","background-attachment":"scroll","background-type":"","background-media":"","overlay-type":"","overlay-color":"","overlay-opacity":"","overlay-gradient":""},"mobile":{"background-color":"var(--ast-global-color-4)","background-image":"","background-repeat":"repeat","background-position":"center center","background-size":"auto","background-attachment":"scroll","background-type":"","background-media":"","overlay-type":"","overlay-color":"","overlay-opacity":"","overlay-gradient":""}},"jetpack_post_was_ever_published":false},"product_brand":[],"product_cat":[24],"product_tag":[],"class_list":{"0":"post-1524","1":"product","2":"type-product","3":"status-publish","4":"has-post-thumbnail","6":"product_cat-direct-hit","7":"desktop-align-center","8":"tablet-align-center","9":"mobile-align-center","10":"ast-product-gallery-layout-horizontal","11":"ast-product-gallery-with-no-image","12":"ast-product-tabs-layout-distributed","13":"ast-qv-on-image","15":"first","16":"outofstock","17":"taxable","18":"shipping-taxable","19":"purchasable","20":"product-type-simple"},"acf":[],"uagb_featured_image_src":{"full":["https:\/\/i0.wp.com\/visionstore.co.rs\/wp-content\/uploads\/2020\/07\/Lamin.png?fit=1800%2C1800&ssl=1",1800,1800,false],"thumbnail":["https:\/\/i0.wp.com\/visionstore.co.rs\/wp-content\/uploads\/2020\/07\/Lamin.png?resize=150%2C150&ssl=1",150,150,true],"medium":["https:\/\/i0.wp.com\/visionstore.co.rs\/wp-content\/uploads\/2020\/07\/Lamin.png?fit=300%2C300&ssl=1",300,300,true],"medium_large":["https:\/\/i0.wp.com\/visionstore.co.rs\/wp-content\/uploads\/2020\/07\/Lamin.png?fit=768%2C768&ssl=1",768,768,true],"large":["https:\/\/i0.wp.com\/visionstore.co.rs\/wp-content\/uploads\/2020\/07\/Lamin.png?fit=1024%2C1024&ssl=1",1024,1024,true],"1536x1536":["https:\/\/i0.wp.com\/visionstore.co.rs\/wp-content\/uploads\/2020\/07\/Lamin.png?fit=1536%2C1536&ssl=1",1536,1536,true],"2048x2048":["https:\/\/i0.wp.com\/visionstore.co.rs\/wp-content\/uploads\/2020\/07\/Lamin.png?fit=1800%2C1800&ssl=1",1800,1800,true],"mailpoet_newsletter_max":["https:\/\/i0.wp.com\/visionstore.co.rs\/wp-content\/uploads\/2020\/07\/Lamin.png?fit=1320%2C1320&ssl=1",1320,1320,true],"woocommerce_thumbnail":["https:\/\/i0.wp.com\/visionstore.co.rs\/wp-content\/uploads\/2020\/07\/Lamin.png?fit=900%2C900&ssl=1",900,900,true],"woocommerce_single":["https:\/\/i0.wp.com\/visionstore.co.rs\/wp-content\/uploads\/2020\/07\/Lamin.png?fit=1200%2C1200&ssl=1",1200,1200,true],"woocommerce_gallery_thumbnail":["https:\/\/i0.wp.com\/visionstore.co.rs\/wp-content\/uploads\/2020\/07\/Lamin.png?resize=100%2C100&ssl=1",100,100,true]},"uagb_author_info":{"display_name":"admin","author_link":"https:\/\/visionstore.co.rs\/bg\/author\/"},"uagb_comment_info":0,"uagb_excerpt":"OSOBINE PROIZVODA LAMIN: Ja\u010da i vitalizira organizam u celosti. Uve\u0107ava radnu sposobnost i smanjuje umor. Neophodan kod pove\u0107anog fizi\u010dkog, emocionalnog i umnog optere\u0107enja. Ja\u010da stvaranje testosterona. Doprinosi pobolj\u0161anju reproduktivne funkcije, uve\u0107ava koli\u010dinu, pokretljivost i plodnu sposobnost spermatozoida. Ima adaptogeno dejstvo. Produ\u017eava mu\u0161ku mladost i seksualno zdravlje.","jetpack_sharing_enabled":true,"_links":{"self":[{"href":"https:\/\/visionstore.co.rs\/bg\/wp-json\/wp\/v2\/product\/1524","targetHints":{"allow":["GET"]}}],"collection":[{"href":"https:\/\/visionstore.co.rs\/bg\/wp-json\/wp\/v2\/product"}],"about":[{"href":"https:\/\/visionstore.co.rs\/bg\/wp-json\/wp\/v2\/types\/product"}],"replies":[{"embeddable":true,"href":"https:\/\/visionstore.co.rs\/bg\/wp-json\/wp\/v2\/comments?post=1524"}],"wp:featuredmedia":[{"embeddable":true,"href":"https:\/\/visionstore.co.rs\/bg\/wp-json\/wp\/v2\/media\/1525"}],"wp:attachment":[{"href":"https:\/\/visionstore.co.rs\/bg\/wp-json\/wp\/v2\/media?parent=1524"}],"wp:term":[{"taxonomy":"product_brand","embeddable":true,"href":"https:\/\/visionstore.co.rs\/bg\/wp-json\/wp\/v2\/product_brand?post=1524"},{"taxonomy":"product_cat","embeddable":true,"href":"https:\/\/visionstore.co.rs\/bg\/wp-json\/wp\/v2\/product_cat?post=1524"},{"taxonomy":"product_tag","embeddable":true,"href":"https:\/\/visionstore.co.rs\/bg\/wp-json\/wp\/v2\/product_tag?post=1524"}],"curies":[{"name":"wp","href":"https:\/\/api.w.org\/{rel}","templated":true}]}}