{"id":1535,"date":"2020-07-31T21:55:50","date_gmt":"2020-07-31T19:55:50","guid":{"rendered":"https:\/\/visionstore.co.rs\/?post_type=product&#038;p=1535"},"modified":"2026-01-12T10:54:01","modified_gmt":"2026-01-12T09:54:01","slug":"revien","status":"publish","type":"product","link":"https:\/\/visionstore.co.rs\/bg\/product\/revien\/","title":{"rendered":"Revien"},"content":{"rendered":"<p><strong>Revien poma\u017ee normalizaciju \u017eivotnih aktivnosti u uslovima hroni\u010dnog stresa, pobolj\u0161ava intelektualne sposobnosti i daje organizmu neophodnu energiju.<\/strong> Optimizuje procese nervnog sistema, obezbe\u0111uje uslove da se radi i odmara u punoj meri, elimini\u0161e ose\u0107aj apatije i napetosti.<\/p>\n<p>Efikasno poma\u017ee u borbi sa umorom. Zahvaljuju\u0107i idealnom balansu komponenata, obnavlja energiju, stabilizuje emocije, pobolj\u0161ava subjektivni du\u0161evni ose\u0107aj.<\/p>\n<p><strong>Pove\u0107ava \u017eivotni tonus i poma\u017ee obnavljanju \u017eivotnog elana<\/strong>. Spre\u010dava nervnu i fizi\u010dku iscrpljenost. Osloba\u0111a nervne napetosti i pove\u0107ava radnu sposobnost.<\/p>\n<ul>\n<li>Pove\u0107ava intelektualne sposobnosti i pobolj\u0161ava raspolo\u017eenje<\/li>\n<li>Pove\u0107ava \u017eivotni tonus organizma i poma\u017ee u vra\u0107anju elana<\/li>\n<li>Smanjuje nervnu napetost i pove\u0107ava radnu sposobnost<\/li>\n<li>Spre\u010dava potencijalnu emocionalnu i fizi\u010dku iscrpljenost<\/li>\n<li>Poma\u017ee u borbi protiv melanholije, razdra\u017eljivosti i anksioznosti<\/li>\n<\/ul>\n<p><strong>Sastav: <\/strong>hmelj, crna kopriva (cvet), koren \u017een\u00ad\u0161ena, cink, gvo\u017e\u0111e, selen.<\/p>\n<table width=\"418\">\n<tbody>\n<tr>\n<td width=\"222\"><strong>AKTIVNI SASTOJCI:<\/strong><\/td>\n<td width=\"75\"><strong>2 kapsule<\/strong><br \/>\n<strong>(0,692 g)<\/strong><\/td>\n<td width=\"53\"><strong>%NRV*<\/strong><\/td>\n<\/tr>\n<tr>\n<td>Cink<\/td>\n<td>11,4 mg<\/td>\n<td>114%<\/td>\n<\/tr>\n<tr>\n<td>Gvo\u017e\u0111e<\/td>\n<td>4,8 mg<\/td>\n<td>34%<\/td>\n<\/tr>\n<tr>\n<td>Selen<\/td>\n<td>40 \u00b5g<\/td>\n<td>72,8%<\/td>\n<\/tr>\n<tr>\n<td>\u017den-\u0161en (<em>Panax ginseng<\/em>), koren<\/td>\n<td>100 mg<\/td>\n<td>**<\/td>\n<\/tr>\n<tr>\n<td>Hmelj (<em>Humulus lupulus<\/em>), \u0161i\u0161arica<\/td>\n<td>140 mg<\/td>\n<td>**<\/td>\n<\/tr>\n<tr>\n<td>Crni sanovitac (<em>Ballota nigra<\/em>), herba<\/td>\n<td>100 mg<\/td>\n<td>**<\/td>\n<\/tr>\n<\/tbody>\n<\/table>\n<p>*NRV \u2013 nutritivna referentna vrednost<br \/>\n** \u2013 nutritivna referentna vrednost nije ustanovljena<\/p>\n","protected":false},"excerpt":{"rendered":"<p><strong>OSOBINE PROIZVODA REVIEN:<\/strong><\/p>\n<ul>\n<li>Poma\u017ee u borbi protiv apatije, melanholije, razdra\u017eljivosti i anksioznih stanja.<\/li>\n<li>Obezbe\u0111uje organizam neophodnom energijom, zna\u010dajno popravlja raspolo\u017eenje, pove\u0107ava aktivnost i ne izaziva prekide sna.<\/li>\n<li>Pove\u0107ava \u017eivotni tonus i popravlja raspolo\u017eenje.<\/li>\n<li>Spre\u010dava nervnu i fizi\u010dku iscrpljenost.<\/li>\n<li>Otklanja nervnu napetost i pove\u0107ava radnu sposobnost.<\/li>\n<li>Budi unutra\u0161nju energiju.<\/li>\n<\/ul>\n","protected":false},"featured_media":1537,"comment_status":"open","ping_status":"closed","template":"","meta":{"_acf_changed":false,"_uag_custom_page_level_css":"","site-sidebar-layout":"default","site-content-layout":"default","ast-site-content-layout":"default","site-content-style":"default","site-sidebar-style":"default","ast-global-header-display":"","ast-banner-title-visibility":"","ast-main-header-display":"","ast-hfb-above-header-display":"","ast-hfb-below-header-display":"","ast-hfb-mobile-header-display":"","site-post-title":"","ast-breadcrumbs-content":"","ast-featured-img":"","footer-sml-layout":"","ast-disable-related-posts":"","theme-transparent-header-meta":"default","adv-header-id-meta":"","stick-header-meta":"default","header-above-stick-meta":"","header-main-stick-meta":"","header-below-stick-meta":"","astra-migrate-meta-layouts":"set","ast-page-background-enabled":"default","ast-page-background-meta":{"desktop":{"background-color":"","background-image":"","background-repeat":"repeat","background-position":"center center","background-size":"auto","background-attachment":"scroll","background-type":"","background-media":"","overlay-type":"","overlay-color":"","overlay-opacity":"","overlay-gradient":""},"tablet":{"background-color":"","background-image":"","background-repeat":"repeat","background-position":"center center","background-size":"auto","background-attachment":"scroll","background-type":"","background-media":"","overlay-type":"","overlay-color":"","overlay-opacity":"","overlay-gradient":""},"mobile":{"background-color":"","background-image":"","background-repeat":"repeat","background-position":"center center","background-size":"auto","background-attachment":"scroll","background-type":"","background-media":"","overlay-type":"","overlay-color":"","overlay-opacity":"","overlay-gradient":""}},"ast-content-background-meta":{"desktop":{"background-color":"var(--ast-global-color-4)","background-image":"","background-repeat":"repeat","background-position":"center center","background-size":"auto","background-attachment":"scroll","background-type":"","background-media":"","overlay-type":"","overlay-color":"","overlay-opacity":"","overlay-gradient":""},"tablet":{"background-color":"var(--ast-global-color-4)","background-image":"","background-repeat":"repeat","background-position":"center center","background-size":"auto","background-attachment":"scroll","background-type":"","background-media":"","overlay-type":"","overlay-color":"","overlay-opacity":"","overlay-gradient":""},"mobile":{"background-color":"var(--ast-global-color-4)","background-image":"","background-repeat":"repeat","background-position":"center center","background-size":"auto","background-attachment":"scroll","background-type":"","background-media":"","overlay-type":"","overlay-color":"","overlay-opacity":"","overlay-gradient":""}},"jetpack_post_was_ever_published":false},"product_brand":[],"product_cat":[277],"product_tag":[],"class_list":{"0":"post-1535","1":"product","2":"type-product","3":"status-publish","4":"has-post-thumbnail","6":"product_cat-direct-hit","7":"desktop-align-center","8":"tablet-align-center","9":"mobile-align-center","10":"ast-product-gallery-layout-horizontal","11":"ast-product-gallery-with-no-image","12":"ast-product-tabs-layout-distributed","13":"ast-qv-on-image","15":"first","16":"outofstock","17":"taxable","18":"shipping-taxable","19":"purchasable","20":"product-type-simple"},"acf":[],"uagb_featured_image_src":{"full":["https:\/\/i0.wp.com\/visionstore.co.rs\/wp-content\/uploads\/2020\/07\/Revien.png?fit=1800%2C1800&ssl=1",1800,1800,false],"thumbnail":["https:\/\/i0.wp.com\/visionstore.co.rs\/wp-content\/uploads\/2020\/07\/Revien.png?resize=150%2C150&ssl=1",150,150,true],"medium":["https:\/\/i0.wp.com\/visionstore.co.rs\/wp-content\/uploads\/2020\/07\/Revien.png?fit=300%2C300&ssl=1",300,300,true],"medium_large":["https:\/\/i0.wp.com\/visionstore.co.rs\/wp-content\/uploads\/2020\/07\/Revien.png?fit=768%2C768&ssl=1",768,768,true],"large":["https:\/\/i0.wp.com\/visionstore.co.rs\/wp-content\/uploads\/2020\/07\/Revien.png?fit=1024%2C1024&ssl=1",1024,1024,true],"1536x1536":["https:\/\/i0.wp.com\/visionstore.co.rs\/wp-content\/uploads\/2020\/07\/Revien.png?fit=1536%2C1536&ssl=1",1536,1536,true],"2048x2048":["https:\/\/i0.wp.com\/visionstore.co.rs\/wp-content\/uploads\/2020\/07\/Revien.png?fit=1800%2C1800&ssl=1",1800,1800,true],"mailpoet_newsletter_max":["https:\/\/i0.wp.com\/visionstore.co.rs\/wp-content\/uploads\/2020\/07\/Revien.png?fit=1320%2C1320&ssl=1",1320,1320,true],"woocommerce_thumbnail":["https:\/\/i0.wp.com\/visionstore.co.rs\/wp-content\/uploads\/2020\/07\/Revien.png?fit=900%2C900&ssl=1",900,900,true],"woocommerce_single":["https:\/\/i0.wp.com\/visionstore.co.rs\/wp-content\/uploads\/2020\/07\/Revien.png?fit=1200%2C1200&ssl=1",1200,1200,true],"woocommerce_gallery_thumbnail":["https:\/\/i0.wp.com\/visionstore.co.rs\/wp-content\/uploads\/2020\/07\/Revien.png?resize=100%2C100&ssl=1",100,100,true]},"uagb_author_info":{"display_name":"admin","author_link":"https:\/\/visionstore.co.rs\/bg\/author\/"},"uagb_comment_info":0,"uagb_excerpt":"OSOBINE PROIZVODA REVIEN: Poma\u017ee u borbi protiv apatije, melanholije, razdra\u017eljivosti i anksioznih stanja. Obezbe\u0111uje organizam neophodnom energijom, zna\u010dajno popravlja raspolo\u017eenje, pove\u0107ava aktivnost i ne izaziva prekide sna. Pove\u0107ava \u017eivotni tonus i popravlja raspolo\u017eenje. Spre\u010dava nervnu i fizi\u010dku iscrpljenost. Otklanja nervnu napetost i pove\u0107ava radnu sposobnost. Budi unutra\u0161nju energiju.","jetpack_sharing_enabled":true,"_links":{"self":[{"href":"https:\/\/visionstore.co.rs\/bg\/wp-json\/wp\/v2\/product\/1535","targetHints":{"allow":["GET"]}}],"collection":[{"href":"https:\/\/visionstore.co.rs\/bg\/wp-json\/wp\/v2\/product"}],"about":[{"href":"https:\/\/visionstore.co.rs\/bg\/wp-json\/wp\/v2\/types\/product"}],"replies":[{"embeddable":true,"href":"https:\/\/visionstore.co.rs\/bg\/wp-json\/wp\/v2\/comments?post=1535"}],"wp:featuredmedia":[{"embeddable":true,"href":"https:\/\/visionstore.co.rs\/bg\/wp-json\/wp\/v2\/media\/1537"}],"wp:attachment":[{"href":"https:\/\/visionstore.co.rs\/bg\/wp-json\/wp\/v2\/media?parent=1535"}],"wp:term":[{"taxonomy":"product_brand","embeddable":true,"href":"https:\/\/visionstore.co.rs\/bg\/wp-json\/wp\/v2\/product_brand?post=1535"},{"taxonomy":"product_cat","embeddable":true,"href":"https:\/\/visionstore.co.rs\/bg\/wp-json\/wp\/v2\/product_cat?post=1535"},{"taxonomy":"product_tag","embeddable":true,"href":"https:\/\/visionstore.co.rs\/bg\/wp-json\/wp\/v2\/product_tag?post=1535"}],"curies":[{"name":"wp","href":"https:\/\/api.w.org\/{rel}","templated":true}]}}