{"id":1540,"date":"2020-08-01T13:54:41","date_gmt":"2020-08-01T11:54:41","guid":{"rendered":"https:\/\/visionstore.co.rs\/?post_type=product&#038;p=1540"},"modified":"2026-01-12T10:54:14","modified_gmt":"2026-01-12T09:54:14","slug":"lcbalance","status":"publish","type":"product","link":"https:\/\/visionstore.co.rs\/bg\/product\/lcbalance\/","title":{"rendered":"LCBalance"},"content":{"rendered":"<p><strong>LCBalance ima jedinstven dvostruki efekat. Ovaj bioaktivni suplement ishrani sadr\u017ei polikozanol iz \u0161e\u0107erne trske, koji blokira formiranje \u201elo\u0161eg\u201d holesterola u jetri, kao i fitosterole, koji spre\u010davaju njegov dolazak u krv iz digestivnog trakta. <\/strong><\/p>\n<p>Proizvod podr\u017eava postojanje neophodnog nivoa holesterola u krvi i poma\u017ee prilikom dr\u017eanja dijeta sa niskim unosom holesterola. Za razliku od sinteti\u010dkih preparata, nema negativan uticaj na jetru i ima pozitivan uticaj na krvne sudove krvotoka.<\/p>\n<p>Ovaj bioaktivni dodatak spre\u010dava formiranje plakova holesterola na zidovima krvnih sudova, i na taj na\u010din \u0161titi od o\u0161te\u0107enja i odr\u017eava ih u zdravom stanju.<\/p>\n<p><strong>LCBalance tako\u0111e doprinosi snabdevanju krvnih sudova kiseonikom i hranljivim materijama.<\/strong><\/p>\n<ul>\n<li>Usporava stvaranje \u201elo\u0161eg\u201c holesterola u jetri<\/li>\n<li>Spre\u010dava apsorbciju \u201elo\u0161eg\u201d holesterola iz digestivnog trakta<\/li>\n<li>Podr\u017eava elasti\u010dnost i otpornost zidova krvnih sudova<\/li>\n<li>Pobolj\u0161ava kvalitet krvi, olak\u0161ava proces dopremanja kiseonika u sistem krvnih sudova<\/li>\n<li>Neophodan je za pravilno funkcionisanje centralnog i perifernog krvotoka<\/li>\n<\/ul>\n<p><strong>Sastav: <\/strong>Fitosteroli, Polikozanoli iz \u0161e\u0107erne trske (<em>Saccharum officinarum<\/em>).<\/p>\n<p><strong>Koli\u010dina: 30 tableta<\/strong><\/p>\n<p><strong>Neto masa: 39 g<\/strong><\/p>\n<table width=\"421\">\n<tbody>\n<tr>\n<td width=\"229\"><strong>AKTIVNI SASTOJCI:<\/strong><\/td>\n<td width=\"64\"><strong>2 tablete<br \/>\n(2,6 g)<\/strong><\/td>\n<td width=\"64\"><strong>%NRV*<\/strong><\/td>\n<\/tr>\n<tr>\n<td>Fitosteroli<\/td>\n<td>800 mg<\/td>\n<td>**<\/td>\n<\/tr>\n<tr>\n<td width=\"229\">Polikozanoli iz \u0161e\u0107erne trske (<em>Saccharum officinarum<\/em>)<\/td>\n<td>20 mg<\/td>\n<td>**<\/td>\n<\/tr>\n<\/tbody>\n<\/table>\n<p>*NRV \u2013 nutritivna referentna vrednost<br \/>\n** \u2013 nutritivna referentna vrednost nije ustanovljena<\/p>\n","protected":false},"excerpt":{"rendered":"<p><strong>OSOBINE PROIZVODA LCBALANCE:<\/strong><\/p>\n<ul>\n<li>Blokira stvaranje \u201elo\u0161eg\u201c holesterola u jetri (unutra\u0161nji faktor).<\/li>\n<li>Spre\u010dava usvajanje holesterola iz digestivnog trakta (spolja\u0161nji faktor).<\/li>\n<li>Spre\u010dava razvoj kardiovaskularnih oboljenja: ateroskleroze, hipertenzije, tromboze, infarkta i mo\u017edanog udara.<\/li>\n<li>Pobolj\u0161ava mikrocirkulaciju u krvnim sudovima.<\/li>\n<li>Pobolj\u0161ava kvalitet krvi, olak\u0161ava snabdevanje tkiva kiseonikom.<\/li>\n<li>Spre\u010dava obrazovanje trombova.<\/li>\n<li>Efikasan je za centralni i periferni krvotok.<\/li>\n<\/ul>\n","protected":false},"featured_media":1541,"comment_status":"open","ping_status":"closed","template":"","meta":{"_acf_changed":false,"_uag_custom_page_level_css":"","site-sidebar-layout":"default","site-content-layout":"default","ast-site-content-layout":"default","site-content-style":"default","site-sidebar-style":"default","ast-global-header-display":"","ast-banner-title-visibility":"","ast-main-header-display":"","ast-hfb-above-header-display":"","ast-hfb-below-header-display":"","ast-hfb-mobile-header-display":"","site-post-title":"","ast-breadcrumbs-content":"","ast-featured-img":"","footer-sml-layout":"","ast-disable-related-posts":"","theme-transparent-header-meta":"default","adv-header-id-meta":"","stick-header-meta":"default","header-above-stick-meta":"","header-main-stick-meta":"","header-below-stick-meta":"","astra-migrate-meta-layouts":"set","ast-page-background-enabled":"default","ast-page-background-meta":{"desktop":{"background-color":"","background-image":"","background-repeat":"repeat","background-position":"center center","background-size":"auto","background-attachment":"scroll","background-type":"","background-media":"","overlay-type":"","overlay-color":"","overlay-opacity":"","overlay-gradient":""},"tablet":{"background-color":"","background-image":"","background-repeat":"repeat","background-position":"center center","background-size":"auto","background-attachment":"scroll","background-type":"","background-media":"","overlay-type":"","overlay-color":"","overlay-opacity":"","overlay-gradient":""},"mobile":{"background-color":"","background-image":"","background-repeat":"repeat","background-position":"center center","background-size":"auto","background-attachment":"scroll","background-type":"","background-media":"","overlay-type":"","overlay-color":"","overlay-opacity":"","overlay-gradient":""}},"ast-content-background-meta":{"desktop":{"background-color":"var(--ast-global-color-4)","background-image":"","background-repeat":"repeat","background-position":"center center","background-size":"auto","background-attachment":"scroll","background-type":"","background-media":"","overlay-type":"","overlay-color":"","overlay-opacity":"","overlay-gradient":""},"tablet":{"background-color":"var(--ast-global-color-4)","background-image":"","background-repeat":"repeat","background-position":"center center","background-size":"auto","background-attachment":"scroll","background-type":"","background-media":"","overlay-type":"","overlay-color":"","overlay-opacity":"","overlay-gradient":""},"mobile":{"background-color":"var(--ast-global-color-4)","background-image":"","background-repeat":"repeat","background-position":"center center","background-size":"auto","background-attachment":"scroll","background-type":"","background-media":"","overlay-type":"","overlay-color":"","overlay-opacity":"","overlay-gradient":""}},"jetpack_post_was_ever_published":false},"product_brand":[],"product_cat":[278],"product_tag":[],"class_list":{"0":"post-1540","1":"product","2":"type-product","3":"status-publish","4":"has-post-thumbnail","6":"product_cat-direct-hit","7":"desktop-align-center","8":"tablet-align-center","9":"mobile-align-center","10":"ast-product-gallery-layout-horizontal","11":"ast-product-gallery-with-no-image","12":"ast-product-tabs-layout-distributed","13":"ast-qv-on-image","15":"first","16":"outofstock","17":"taxable","18":"shipping-taxable","19":"purchasable","20":"product-type-simple"},"acf":[],"uagb_featured_image_src":{"full":["https:\/\/i0.wp.com\/visionstore.co.rs\/wp-content\/uploads\/2020\/08\/LC-BALANCE.png?fit=1800%2C1800&ssl=1",1800,1800,false],"thumbnail":["https:\/\/i0.wp.com\/visionstore.co.rs\/wp-content\/uploads\/2020\/08\/LC-BALANCE.png?resize=150%2C150&ssl=1",150,150,true],"medium":["https:\/\/i0.wp.com\/visionstore.co.rs\/wp-content\/uploads\/2020\/08\/LC-BALANCE.png?fit=300%2C300&ssl=1",300,300,true],"medium_large":["https:\/\/i0.wp.com\/visionstore.co.rs\/wp-content\/uploads\/2020\/08\/LC-BALANCE.png?fit=768%2C768&ssl=1",768,768,true],"large":["https:\/\/i0.wp.com\/visionstore.co.rs\/wp-content\/uploads\/2020\/08\/LC-BALANCE.png?fit=1024%2C1024&ssl=1",1024,1024,true],"1536x1536":["https:\/\/i0.wp.com\/visionstore.co.rs\/wp-content\/uploads\/2020\/08\/LC-BALANCE.png?fit=1536%2C1536&ssl=1",1536,1536,true],"2048x2048":["https:\/\/i0.wp.com\/visionstore.co.rs\/wp-content\/uploads\/2020\/08\/LC-BALANCE.png?fit=1800%2C1800&ssl=1",1800,1800,true],"mailpoet_newsletter_max":["https:\/\/i0.wp.com\/visionstore.co.rs\/wp-content\/uploads\/2020\/08\/LC-BALANCE.png?fit=1320%2C1320&ssl=1",1320,1320,true],"woocommerce_thumbnail":["https:\/\/i0.wp.com\/visionstore.co.rs\/wp-content\/uploads\/2020\/08\/LC-BALANCE.png?fit=900%2C900&ssl=1",900,900,true],"woocommerce_single":["https:\/\/i0.wp.com\/visionstore.co.rs\/wp-content\/uploads\/2020\/08\/LC-BALANCE.png?fit=1200%2C1200&ssl=1",1200,1200,true],"woocommerce_gallery_thumbnail":["https:\/\/i0.wp.com\/visionstore.co.rs\/wp-content\/uploads\/2020\/08\/LC-BALANCE.png?resize=100%2C100&ssl=1",100,100,true]},"uagb_author_info":{"display_name":"admin","author_link":"https:\/\/visionstore.co.rs\/bg\/author\/"},"uagb_comment_info":0,"uagb_excerpt":"OSOBINE PROIZVODA LCBALANCE: Blokira stvaranje \u201elo\u0161eg\u201c holesterola u jetri (unutra\u0161nji faktor). Spre\u010dava usvajanje holesterola iz digestivnog trakta (spolja\u0161nji faktor). Spre\u010dava razvoj kardiovaskularnih oboljenja: ateroskleroze, hipertenzije, tromboze, infarkta i mo\u017edanog udara. Pobolj\u0161ava mikrocirkulaciju u krvnim sudovima. Pobolj\u0161ava kvalitet krvi, olak\u0161ava snabdevanje tkiva kiseonikom. Spre\u010dava obrazovanje trombova. Efikasan je za centralni i periferni krvotok.","jetpack_sharing_enabled":true,"_links":{"self":[{"href":"https:\/\/visionstore.co.rs\/bg\/wp-json\/wp\/v2\/product\/1540","targetHints":{"allow":["GET"]}}],"collection":[{"href":"https:\/\/visionstore.co.rs\/bg\/wp-json\/wp\/v2\/product"}],"about":[{"href":"https:\/\/visionstore.co.rs\/bg\/wp-json\/wp\/v2\/types\/product"}],"replies":[{"embeddable":true,"href":"https:\/\/visionstore.co.rs\/bg\/wp-json\/wp\/v2\/comments?post=1540"}],"wp:featuredmedia":[{"embeddable":true,"href":"https:\/\/visionstore.co.rs\/bg\/wp-json\/wp\/v2\/media\/1541"}],"wp:attachment":[{"href":"https:\/\/visionstore.co.rs\/bg\/wp-json\/wp\/v2\/media?parent=1540"}],"wp:term":[{"taxonomy":"product_brand","embeddable":true,"href":"https:\/\/visionstore.co.rs\/bg\/wp-json\/wp\/v2\/product_brand?post=1540"},{"taxonomy":"product_cat","embeddable":true,"href":"https:\/\/visionstore.co.rs\/bg\/wp-json\/wp\/v2\/product_cat?post=1540"},{"taxonomy":"product_tag","embeddable":true,"href":"https:\/\/visionstore.co.rs\/bg\/wp-json\/wp\/v2\/product_tag?post=1540"}],"curies":[{"name":"wp","href":"https:\/\/api.w.org\/{rel}","templated":true}]}}