{"id":4458,"date":"2022-02-02T13:53:21","date_gmt":"2022-02-02T12:53:21","guid":{"rendered":"https:\/\/visionstore.co.rs\/?post_type=product&#038;p=4458"},"modified":"2026-01-12T10:54:27","modified_gmt":"2026-01-12T09:54:27","slug":"aktivy","status":"publish","type":"product","link":"https:\/\/visionstore.co.rs\/bg\/product\/aktivy\/","title":{"rendered":"Aktivy"},"content":{"rendered":"<p>Kori\u0161c\u0301enje proizvoda AKTIVY omoguc\u0301ic\u0301e vam da osetite priliv snage, energije i shvatite da za vas ni\u0161ta nije nemoguc\u0301e, da c\u0301ete sve moc\u0301i da se nosite. Nec\u0301ete se pla\u0161iti stresa i iscrpljenosti. Preporuke: Biolo\u0161ki aktivni dodatak ishrani upotpunjuje normalnu ishranu antioksidativnim vitaminima A, C i E. Omoguc\u0301ava telu da se brzo oporavi nakon aktivne aktivnosti, normalizuje funkcije imunog sistema.<\/p>\n<p>Pogledajte ovo sazve\u017e\u0111e: \u017een\u0161en, zelena kafa, p\u010delinji mle\u010d, cvetni prah&#8230; Svaka od ovih materija, na razli\u010ditim mestima na planeti, imala je u svoje vreme ulogu univerzalnog leka protiv svih nesre\u0107a i postajala sredstvo boga\u0107enja ljudi koji su eksploatisali njegova jedinstvena svojstva. <strong>\u017den\u0161en<\/strong> \u2013 zna\u010dajno pove\u0107ava otpornost organizma od spolja\u0161njih uticaja, fizi\u010dkih i umnih napora, stresa. <strong>Zelena kafa<\/strong> \u2013 reguli\u0161e procese nadra\u017eaja kore velikog mozga, pove\u0107ava refleksno nadra\u017eivanje ki\u010dmene mo\u017edine, stimuli\u0161e disanje i centre pokretanja krvnih sudova. <strong>Mati\u010dni mle\u010d i cvetni prah<\/strong> \u2013 prirodni biostimulatori, pobolj\u0161avaju rad srca, nadbubre\u017enih \u017elezda, normalizuju razmenu materija i rad \u017eeluda\u010dno- crevnog trakta. <strong>Vitamini A, E, C<\/strong> \u2013 antioksidanti.<\/p>\n<p>Preporu\u010duje se:<\/p>\n<p><strong>1. Kao sredstvo za op\u0161te ja\u010danje organizma:<\/strong><br \/>\n&#8211; za pove\u0107anje nespecifi\u010dne otpornosti organizma na \u0161tetne faktore okoline<br \/>\n&#8211; za pove\u0107anje otpornosti organizma na infektivne bolesti<br \/>\n&#8211; posle operativnih zahvata<br \/>\n&#8211; prilikom obavljanja poslova koji zahtevaju ve\u0107i fizi\u010dki, umni i emocionalni napor<br \/>\n&#8211; u vreme bavljenja sportom<\/p>\n<p><strong>2. Za pobolj\u0161anje funkcionalnog stanja organa i sistema organizma:<\/strong><br \/>\n&#8211; antioksidantnog &#8211; varenja<br \/>\n&#8211; endokrinog &#8211; urogenitalnog<br \/>\n&#8211; kardiovaskularnog &#8211; imunolo\u0161kog<br \/>\n&#8211; nervnog &#8211; krvne slike<br \/>\n&#8211; organa vida<\/p>\n<p><strong>3. Za smanjenje rizika od pojave:<\/strong><br \/>\n&#8211; kardiovaskularnih oboljenja (neurocirkulatorna distonija hipotonijskog tipa i dr.)<br \/>\n&#8211; ko\u017enih oboljenja (neurodermatitis, dermatitis i dr.)<br \/>\n&#8211; akutnih i hroni\u010dnih oboljenja \u017eeluda\u010dno-crevnog trakta (gastritis, enterokolitis, diskinezija debelog creva hipomotornog tipa, i dr.)<br \/>\n&#8211; endokrine patologije (dijabetes, naru\u0161ena funkcija polnih \u017elezda i dr.)<br \/>\n&#8211; akutnih i hroni\u010dnih bolesti organa za disanje (bronhitis, pneumonija i dr.)<br \/>\n&#8211; bolesti \u017eu\u010dnog mehura i \u017eu\u010dnih puteva (holecistitis, diskinezija \u017eu\u010dnih puteva hipokineti\u010dkog tipa i dr.)<br \/>\n&#8211; naru\u0161ene razmene materija<br \/>\n&#8211; bolesti nervnog sistema<br \/>\n&#8211; asteni\u010dnih stanja razli\u010dite etiologije<br \/>\n&#8211; anemije<br \/>\n&#8211; bolesti organa vida<br \/>\n&#8211; impotencije<br \/>\n&#8211; onkolo\u0161kih bolesti<\/p>\n<p><strong>Sastav:<\/strong> \u017een\u0161en (<em>Panax ginseng<\/em>), cvetni polen, zelena kafa (<em>Coffea arabica<\/em>), vitamini A, E, C, mati\u010dni mle\u010d.<\/p>\n<p><strong>Koli\u010dina: 60 kapsula<\/strong><\/p>\n<p><strong>Neto masa: 24g<\/strong><\/p>\n<table width=\"421\">\n<tbody>\n<tr>\n<td width=\"212\"><strong>AKTIVNI SASTOJCI:<\/strong><\/td>\n<td style=\"text-align: left;\" width=\"71\"><strong>1 kapsula<\/strong><br \/>\n<strong>(0,992 g)<\/strong><\/td>\n<td width=\"51\"><strong>%NRV*<\/strong><\/td>\n<\/tr>\n<tr>\n<td>Vitamin C<\/td>\n<td>20 mg<\/td>\n<td>25%<\/td>\n<\/tr>\n<tr>\n<td>Vitamin E<\/td>\n<td>4 mg \u03b1-TE<\/td>\n<td>33%<\/td>\n<\/tr>\n<tr>\n<td>Vitamin A<\/td>\n<td>300 \u00b5g<\/td>\n<td>38%<\/td>\n<\/tr>\n<tr>\n<td>\u017den-\u0161en (<em>Panax ginseng<\/em>), koren<\/td>\n<td>200 mg<\/td>\n<td>**<\/td>\n<\/tr>\n<tr>\n<td>Polen<\/td>\n<td>100 mg<\/td>\n<td>**<\/td>\n<\/tr>\n<tr>\n<td>Zelena kafa (<em>Coffea arabica<\/em>)<\/td>\n<td>50 mg<\/td>\n<td>**<\/td>\n<\/tr>\n<tr>\n<td>Mati\u010dni mle\u010d<\/td>\n<td>10 mg<\/td>\n<td>**<\/td>\n<\/tr>\n<\/tbody>\n<\/table>\n<p><strong>*<\/strong>NRV \u2013 nutritivna referentna vrednost<br \/>\n<strong>**<\/strong> \u2013 nutritivna referentna vrednost nije ustanovljena<\/p>\n","protected":false},"excerpt":{"rendered":"<p><strong>\u017den\u0161en<\/strong> \u2013 zna\u010dajno pove\u0107ava otpornost organizma od spolja\u0161njih uticaja, fizi\u010dkih i umnih napora, stresa. <strong>Zelena kafa<\/strong> \u2013 reguli\u0161e procese nadra\u017eaja kore velikog mozga, pove\u0107ava refleksno nadra\u017eivanje ki\u010dmene mo\u017edine, stimuli\u0161e disanje i centre pokretanja krvnih sudova. <strong>Mati\u010dni mle\u010d i cvetni prah<\/strong> \u2013 prirodni biostimulatori, pobolj\u0161avaju rad srca, nadbubre\u017enih \u017elezda, normalizuju razmenu materija i rad \u017eeluda\u010dno- crevnog trakta. <strong>Vitamini A, E, C<\/strong> \u2013 antioksidanti.<\/p>\n","protected":false},"featured_media":4459,"comment_status":"open","ping_status":"closed","template":"","meta":{"_acf_changed":false,"_uag_custom_page_level_css":"","site-sidebar-layout":"default","site-content-layout":"default","ast-site-content-layout":"default","site-content-style":"default","site-sidebar-style":"default","ast-global-header-display":"","ast-banner-title-visibility":"","ast-main-header-display":"","ast-hfb-above-header-display":"","ast-hfb-below-header-display":"","ast-hfb-mobile-header-display":"","site-post-title":"","ast-breadcrumbs-content":"","ast-featured-img":"","footer-sml-layout":"","ast-disable-related-posts":"","theme-transparent-header-meta":"default","adv-header-id-meta":"","stick-header-meta":"default","header-above-stick-meta":"","header-main-stick-meta":"","header-below-stick-meta":"","astra-migrate-meta-layouts":"set","ast-page-background-enabled":"default","ast-page-background-meta":{"desktop":{"background-color":"","background-image":"","background-repeat":"repeat","background-position":"center center","background-size":"auto","background-attachment":"scroll","background-type":"","background-media":"","overlay-type":"","overlay-color":"","overlay-opacity":"","overlay-gradient":""},"tablet":{"background-color":"","background-image":"","background-repeat":"repeat","background-position":"center center","background-size":"auto","background-attachment":"scroll","background-type":"","background-media":"","overlay-type":"","overlay-color":"","overlay-opacity":"","overlay-gradient":""},"mobile":{"background-color":"","background-image":"","background-repeat":"repeat","background-position":"center center","background-size":"auto","background-attachment":"scroll","background-type":"","background-media":"","overlay-type":"","overlay-color":"","overlay-opacity":"","overlay-gradient":""}},"ast-content-background-meta":{"desktop":{"background-color":"var(--ast-global-color-4)","background-image":"","background-repeat":"repeat","background-position":"center center","background-size":"auto","background-attachment":"scroll","background-type":"","background-media":"","overlay-type":"","overlay-color":"","overlay-opacity":"","overlay-gradient":""},"tablet":{"background-color":"var(--ast-global-color-4)","background-image":"","background-repeat":"repeat","background-position":"center center","background-size":"auto","background-attachment":"scroll","background-type":"","background-media":"","overlay-type":"","overlay-color":"","overlay-opacity":"","overlay-gradient":""},"mobile":{"background-color":"var(--ast-global-color-4)","background-image":"","background-repeat":"repeat","background-position":"center center","background-size":"auto","background-attachment":"scroll","background-type":"","background-media":"","overlay-type":"","overlay-color":"","overlay-opacity":"","overlay-gradient":""}},"jetpack_post_was_ever_published":false},"product_brand":[],"product_cat":[24],"product_tag":[],"class_list":{"0":"post-4458","1":"product","2":"type-product","3":"status-publish","4":"has-post-thumbnail","6":"product_cat-direct-hit","7":"desktop-align-center","8":"tablet-align-center","9":"mobile-align-center","10":"ast-product-gallery-layout-horizontal","11":"ast-product-gallery-with-no-image","12":"ast-product-tabs-layout-distributed","13":"ast-qv-on-image","15":"first","16":"outofstock","17":"taxable","18":"shipping-taxable","19":"purchasable","20":"product-type-simple"},"acf":[],"uagb_featured_image_src":{"full":["https:\/\/i0.wp.com\/visionstore.co.rs\/wp-content\/uploads\/2022\/02\/Aktivy.png?fit=2000%2C2000&ssl=1",2000,2000,false],"thumbnail":["https:\/\/i0.wp.com\/visionstore.co.rs\/wp-content\/uploads\/2022\/02\/Aktivy.png?resize=150%2C150&ssl=1",150,150,true],"medium":["https:\/\/i0.wp.com\/visionstore.co.rs\/wp-content\/uploads\/2022\/02\/Aktivy.png?fit=300%2C300&ssl=1",300,300,true],"medium_large":["https:\/\/i0.wp.com\/visionstore.co.rs\/wp-content\/uploads\/2022\/02\/Aktivy.png?fit=768%2C768&ssl=1",768,768,true],"large":["https:\/\/i0.wp.com\/visionstore.co.rs\/wp-content\/uploads\/2022\/02\/Aktivy.png?fit=1024%2C1024&ssl=1",1024,1024,true],"1536x1536":["https:\/\/i0.wp.com\/visionstore.co.rs\/wp-content\/uploads\/2022\/02\/Aktivy.png?fit=1536%2C1536&ssl=1",1536,1536,true],"2048x2048":["https:\/\/i0.wp.com\/visionstore.co.rs\/wp-content\/uploads\/2022\/02\/Aktivy.png?fit=2000%2C2000&ssl=1",2000,2000,true],"mailpoet_newsletter_max":["https:\/\/i0.wp.com\/visionstore.co.rs\/wp-content\/uploads\/2022\/02\/Aktivy.png?fit=1320%2C1320&ssl=1",1320,1320,true],"woocommerce_thumbnail":["https:\/\/i0.wp.com\/visionstore.co.rs\/wp-content\/uploads\/2022\/02\/Aktivy.png?fit=900%2C900&ssl=1",900,900,true],"woocommerce_single":["https:\/\/i0.wp.com\/visionstore.co.rs\/wp-content\/uploads\/2022\/02\/Aktivy.png?fit=1200%2C1200&ssl=1",1200,1200,true],"woocommerce_gallery_thumbnail":["https:\/\/i0.wp.com\/visionstore.co.rs\/wp-content\/uploads\/2022\/02\/Aktivy.png?resize=100%2C100&ssl=1",100,100,true]},"uagb_author_info":{"display_name":"admin","author_link":"https:\/\/visionstore.co.rs\/bg\/author\/"},"uagb_comment_info":0,"uagb_excerpt":"\u017den\u0161en \u2013 zna\u010dajno pove\u0107ava otpornost organizma od spolja\u0161njih uticaja, fizi\u010dkih i umnih napora, stresa. Zelena kafa \u2013 reguli\u0161e procese nadra\u017eaja kore velikog mozga, pove\u0107ava refleksno nadra\u017eivanje ki\u010dmene mo\u017edine, stimuli\u0161e disanje i centre pokretanja krvnih sudova. Mati\u010dni mle\u010d i cvetni prah \u2013 prirodni biostimulatori, pobolj\u0161avaju rad srca, nadbubre\u017enih \u017elezda, normalizuju razmenu materija i rad \u017eeluda\u010dno- crevnog&hellip;","jetpack_sharing_enabled":true,"_links":{"self":[{"href":"https:\/\/visionstore.co.rs\/bg\/wp-json\/wp\/v2\/product\/4458","targetHints":{"allow":["GET"]}}],"collection":[{"href":"https:\/\/visionstore.co.rs\/bg\/wp-json\/wp\/v2\/product"}],"about":[{"href":"https:\/\/visionstore.co.rs\/bg\/wp-json\/wp\/v2\/types\/product"}],"replies":[{"embeddable":true,"href":"https:\/\/visionstore.co.rs\/bg\/wp-json\/wp\/v2\/comments?post=4458"}],"wp:featuredmedia":[{"embeddable":true,"href":"https:\/\/visionstore.co.rs\/bg\/wp-json\/wp\/v2\/media\/4459"}],"wp:attachment":[{"href":"https:\/\/visionstore.co.rs\/bg\/wp-json\/wp\/v2\/media?parent=4458"}],"wp:term":[{"taxonomy":"product_brand","embeddable":true,"href":"https:\/\/visionstore.co.rs\/bg\/wp-json\/wp\/v2\/product_brand?post=4458"},{"taxonomy":"product_cat","embeddable":true,"href":"https:\/\/visionstore.co.rs\/bg\/wp-json\/wp\/v2\/product_cat?post=4458"},{"taxonomy":"product_tag","embeddable":true,"href":"https:\/\/visionstore.co.rs\/bg\/wp-json\/wp\/v2\/product_tag?post=4458"}],"curies":[{"name":"wp","href":"https:\/\/api.w.org\/{rel}","templated":true}]}}