{"id":24174,"date":"2019-12-27T11:28:13","date_gmt":"2019-12-27T10:28:13","guid":{"rendered":"https:\/\/visionstore.co.rs\/zasady-ochrany-osobnich-udaju\/"},"modified":"2025-04-28T09:32:02","modified_gmt":"2025-04-28T07:32:02","slug":"zasady-ochrany-osobnich-udaju","status":"publish","type":"page","link":"https:\/\/visionstore.co.rs\/cs\/zasady-ochrany-osobnich-udaju\/","title":{"rendered":"Z\u00e1sady ochrany osobn\u00edch \u00fadaj\u016f"},"content":{"rendered":"\n<h3 class=\"wp-block-heading\">Jak\u00e9 osobn\u00ed \u00fadaje shroma\u017e\u010fujeme a pro\u010d je shroma\u017e\u010fujeme<\/h3>\n\n<h4 class=\"wp-block-heading\">Koment\u00e1\u0159e<\/h4>\n\n<p>Kdy\u017e n\u00e1v\u0161t\u011bvn\u00edci zanechaj\u00ed na na\u0161ich webov\u00fdch str\u00e1nk\u00e1ch koment\u00e1\u0159, shroma\u017e\u010fujeme \u00fadaje zanechan\u00e9 ve formul\u00e1\u0159i koment\u00e1\u0159e, jako\u017e i IP adresu a typ prohl\u00ed\u017ee\u010de, abychom mohli odhalit ne\u017e\u00e1douc\u00ed koment\u00e1\u0159e.<\/p>\n\n<h4 class=\"wp-block-heading\">M\u00c9DIA<\/h4>\n\n<p>Pokud na web p\u0159id\u00e1v\u00e1te fotografie, m\u011bli byste se vyhnout p\u0159id\u00e1v\u00e1n\u00ed fotografi\u00ed, kter\u00e9 obsahuj\u00ed informace o poloze (EXIF GPS).\nN\u00e1v\u0161t\u011bvn\u00edci webu mohou z fotografi\u00ed na webu st\u00e1hnout a na\u010d\u00edst ve\u0161ker\u00e9 informace o poloze. <\/p>\n\n<h3 class=\"wp-block-heading\">Formul\u00e1\u0159 zp\u011btn\u00e9 vazby<\/h3>\n\n<h4 class=\"wp-block-heading\">Su\u0161enky<\/h4>\n\n<p>Pokud na na\u0161ich webov\u00fdch str\u00e1nk\u00e1ch zanech\u00e1te koment\u00e1\u0159, m\u016f\u017eete povolit ulo\u017een\u00ed va\u0161eho jm\u00e9na, e-mailov\u00e9 adresy a webov\u00e9 str\u00e1nky do soubor\u016f cookie.\nJe to pro va\u0161e pohodl\u00ed, abyste nemuseli znovu zad\u00e1vat sv\u00e9 \u00fadaje, kdy\u017e zanech\u00e1te dal\u0161\u00ed koment\u00e1\u0159.\nTyto soubory cookie budou ulo\u017eeny po dobu jednoho roku.  <\/p>\n\n<p>Pokud nav\u0161t\u00edv\u00edte na\u0161i p\u0159ihla\u0161ovac\u00ed str\u00e1nku, nastav\u00edme do\u010dasn\u00fd soubor cookie, abychom zjistili, zda v\u00e1\u0161 prohl\u00ed\u017ee\u010d p\u0159ij\u00edm\u00e1 soubory cookie.\nTento soubor cookie neobsahuje osobn\u00ed \u00fadaje a po zav\u0159en\u00ed prohl\u00ed\u017ee\u010de se vyma\u017ee. <\/p>\n\n<p>P\u0159i p\u0159ihla\u0161ov\u00e1n\u00ed nastavujeme tak\u00e9 n\u011bkolik soubor\u016f cookie, kter\u00e9 ukl\u00e1daj\u00ed va\u0161e p\u0159ihla\u0161ovac\u00ed \u00fadaje a volby na obrazovce.\nP\u0159ihla\u0161ovac\u00ed soubory cookie se ukl\u00e1daj\u00ed po dobu dvou dn\u016f a soubory cookie pro volby obrazovky se ukl\u00e1daj\u00ed po dobu jednoho roku.\nPokud zvol\u00edte mo\u017enost &#8222;Zapamatovat si m\u011b&#8220;, bude p\u0159ihl\u00e1\u0161en\u00ed trvat dva t\u00fddny.\nPokud se ze sv\u00e9ho \u00fa\u010dtu odhl\u00e1s\u00edte, p\u0159ihla\u0161ovac\u00ed soubory cookie budou vymaz\u00e1ny.   <\/p>\n\n<p>Pokud uprav\u00edte nebo zve\u0159ejn\u00edte \u010dl\u00e1nek, ulo\u017e\u00ed se do va\u0161eho prohl\u00ed\u017ee\u010de dal\u0161\u00ed soubor cookie.\nTento soubor cookie neobsahuje \u017e\u00e1dn\u00e9 osobn\u00ed \u00fadaje a pouze ozna\u010duje po\u0161tovn\u00ed sm\u011brovac\u00ed \u010d\u00edslo \u010dl\u00e1nku, kter\u00fd jste pr\u00e1v\u011b upravili.\nPlatnost vypr\u0161\u00ed za 1 den.  <\/p>\n\n<h4 class=\"wp-block-heading\">Vlo\u017een\u00fd obsah z jin\u00fdch web\u016f<\/h4>\n\n<p>\u010cl\u00e1nky na t\u011bchto webov\u00fdch str\u00e1nk\u00e1ch mohou obsahovat vlo\u017een\u00fd obsah (nap\u0159. videa, obr\u00e1zky, \u010dl\u00e1nky atd.).\nVlo\u017een\u00fd obsah z jin\u00fdch webov\u00fdch str\u00e1nek se chov\u00e1 stejn\u011b, jako kdyby n\u00e1v\u0161t\u011bvn\u00edk nav\u0161t\u00edvil jinou webovou str\u00e1nku. <\/p>\n\n<p>Tyto webov\u00e9 str\u00e1nky mohou shroma\u017e\u010fovat informace o v\u00e1s, pou\u017e\u00edvat soubory cookie, implementovat dal\u0161\u00ed sledov\u00e1n\u00ed t\u0159et\u00edch stran a sledovat va\u0161i interakci s t\u00edmto vlo\u017een\u00fdm obsahem, v\u010detn\u011b sledov\u00e1n\u00ed va\u0161\u00ed interakce s vlo\u017een\u00fdm obsahem, pokud m\u00e1te \u00fa\u010det a jste p\u0159ihl\u00e1\u0161eni na t\u011bchto webov\u00fdch str\u00e1nk\u00e1ch.<\/p>\n\n<h3 class=\"wp-block-heading\">Analytika<\/h3>\n\n<h4 class=\"wp-block-heading\">Jak dlouho uchov\u00e1v\u00e1me va\u0161e \u00fadaje<\/h4>\n\n<p>Pokud zanech\u00e1te koment\u00e1\u0159, koment\u00e1\u0159 a jeho metadata se ulo\u017e\u00ed na dobu neur\u010ditou.\nZ tohoto d\u016fvodu m\u016f\u017eeme automaticky rozpoznat a schv\u00e1lit v\u0161echny sledovan\u00e9 koment\u00e1\u0159e, m\u00edsto abychom je uchov\u00e1vali v moder\u00e1torsk\u00e9 front\u011b. <\/p>\n\n<p>U u\u017eivatel\u016f, kte\u0159\u00ed se na na\u0161ich webov\u00fdch str\u00e1nk\u00e1ch zaregistruj\u00ed (pokud existuj\u00ed), ukl\u00e1d\u00e1me osobn\u00ed \u00fadaje, kter\u00e9 n\u00e1m poskytli, do jejich u\u017eivatelsk\u00e9ho profilu.\nV\u0161ichni u\u017eivatel\u00e9 mohou sv\u00e9 osobn\u00ed \u00fadaje kdykoli zobrazit, upravit nebo smazat (krom\u011b toho, \u017ee nemohou zm\u011bnit sv\u00e9 u\u017eivatelsk\u00e9 jm\u00e9no).\nSpr\u00e1vci webov\u00fdch str\u00e1nek mohou tyto informace tak\u00e9 prohl\u00ed\u017eet a upravovat.  <\/p>\n\n<h4 class=\"wp-block-heading\">Jak\u00e1 jsou va\u0161e pr\u00e1va v souvislosti s va\u0161imi \u00fadaji<\/h4>\n\n<p>Pokud m\u00e1te na t\u011bchto str\u00e1nk\u00e1ch \u00fa\u010det nebo jste zanechali koment\u00e1\u0159e, m\u016f\u017eete si vy\u017e\u00e1dat exportovan\u00fd soubor v\u0161ech va\u0161ich osobn\u00edch \u00fadaj\u016f, kter\u00e9 uchov\u00e1v\u00e1me.\nM\u016f\u017eete tak\u00e9 po\u017e\u00e1dat o vymaz\u00e1n\u00ed osobn\u00edch \u00fadaj\u016f.\nTo se net\u00fdk\u00e1 \u00fadaj\u016f, kter\u00e9 jsme povinni uchov\u00e1vat pro administrativn\u00ed, pr\u00e1vn\u00ed nebo bezpe\u010dnostn\u00ed \u00fa\u010dely.  <\/p>\n\n<h4 class=\"wp-block-heading\">Kam va\u0161e \u00fadaje pos\u00edl\u00e1me<\/h4>\n\n<p>Koment\u00e1\u0159e n\u00e1v\u0161t\u011bvn\u00edk\u016f lze ov\u011b\u0159it pomoc\u00ed automatick\u00e9 slu\u017eby pro nevy\u017e\u00e1dan\u00e9 koment\u00e1\u0159e.<\/p>\n","protected":false},"excerpt":{"rendered":"<p>Jak\u00e9 osobn\u00ed \u00fadaje shroma\u017e\u010fujeme a pro\u010d je shroma\u017e\u010fujeme Koment\u00e1\u0159e Kdy\u017e n\u00e1v\u0161t\u011bvn\u00edci zanechaj\u00ed na na\u0161ich webov\u00fdch str\u00e1nk\u00e1ch koment\u00e1\u0159, shroma\u017e\u010fujeme \u00fadaje zanechan\u00e9 ve formul\u00e1\u0159i koment\u00e1\u0159e, jako\u017e i IP adresu a typ prohl\u00ed\u017ee\u010de, abychom mohli odhalit ne\u017e\u00e1douc\u00ed koment\u00e1\u0159e. M\u00c9DIA Pokud na web p\u0159id\u00e1v\u00e1te fotografie, m\u011bli byste se vyhnout p\u0159id\u00e1v\u00e1n\u00ed fotografi\u00ed, kter\u00e9 obsahuj\u00ed informace o poloze (EXIF GPS). N\u00e1v\u0161t\u011bvn\u00edci [&hellip;]<\/p>\n","protected":false},"author":1,"featured_media":0,"parent":0,"menu_order":0,"comment_status":"closed","ping_status":"open","template":"","meta":{"_acf_changed":false,"_uag_custom_page_level_css":"","site-sidebar-layout":"default","site-content-layout":"default","ast-site-content-layout":"default","site-content-style":"default","site-sidebar-style":"default","ast-global-header-display":"","ast-banner-title-visibility":"","ast-main-header-display":"","ast-hfb-above-header-display":"","ast-hfb-below-header-display":"","ast-hfb-mobile-header-display":"","site-post-title":"","ast-breadcrumbs-content":"","ast-featured-img":"","footer-sml-layout":"","ast-disable-related-posts":"","theme-transparent-header-meta":"default","adv-header-id-meta":"","stick-header-meta":"default","header-above-stick-meta":"","header-main-stick-meta":"","header-below-stick-meta":"","astra-migrate-meta-layouts":"default","ast-page-background-enabled":"default","ast-page-background-meta":{"desktop":{"background-color":"","background-image":"","background-repeat":"repeat","background-position":"center center","background-size":"auto","background-attachment":"scroll","background-type":"","background-media":"","overlay-type":"","overlay-color":"","overlay-opacity":"","overlay-gradient":""},"tablet":{"background-color":"","background-image":"","background-repeat":"repeat","background-position":"center center","background-size":"auto","background-attachment":"scroll","background-type":"","background-media":"","overlay-type":"","overlay-color":"","overlay-opacity":"","overlay-gradient":""},"mobile":{"background-color":"","background-image":"","background-repeat":"repeat","background-position":"center center","background-size":"auto","background-attachment":"scroll","background-type":"","background-media":"","overlay-type":"","overlay-color":"","overlay-opacity":"","overlay-gradient":""}},"ast-content-background-meta":{"desktop":{"background-color":"var(--ast-global-color-4)","background-image":"","background-repeat":"repeat","background-position":"center center","background-size":"auto","background-attachment":"scroll","background-type":"","background-media":"","overlay-type":"","overlay-color":"","overlay-opacity":"","overlay-gradient":""},"tablet":{"background-color":"var(--ast-global-color-4)","background-image":"","background-repeat":"repeat","background-position":"center center","background-size":"auto","background-attachment":"scroll","background-type":"","background-media":"","overlay-type":"","overlay-color":"","overlay-opacity":"","overlay-gradient":""},"mobile":{"background-color":"var(--ast-global-color-4)","background-image":"","background-repeat":"repeat","background-position":"center center","background-size":"auto","background-attachment":"scroll","background-type":"","background-media":"","overlay-type":"","overlay-color":"","overlay-opacity":"","overlay-gradient":""}},"footnotes":""},"class_list":["post-24174","page","type-page","status-publish","hentry"],"acf":[],"uagb_featured_image_src":{"full":false,"thumbnail":false,"medium":false,"medium_large":false,"large":false,"1536x1536":false,"2048x2048":false,"mailpoet_newsletter_max":false,"woocommerce_thumbnail":false,"woocommerce_single":false,"woocommerce_gallery_thumbnail":false},"uagb_author_info":{"display_name":"admin","author_link":"https:\/\/visionstore.co.rs\/cs\/author\/admin\/"},"uagb_comment_info":0,"uagb_excerpt":"Jak\u00e9 osobn\u00ed \u00fadaje shroma\u017e\u010fujeme a pro\u010d je shroma\u017e\u010fujeme Koment\u00e1\u0159e Kdy\u017e n\u00e1v\u0161t\u011bvn\u00edci zanechaj\u00ed na na\u0161ich webov\u00fdch str\u00e1nk\u00e1ch koment\u00e1\u0159, shroma\u017e\u010fujeme \u00fadaje zanechan\u00e9 ve formul\u00e1\u0159i koment\u00e1\u0159e, jako\u017e i IP adresu a typ prohl\u00ed\u017ee\u010de, abychom mohli odhalit ne\u017e\u00e1douc\u00ed koment\u00e1\u0159e. M\u00c9DIA Pokud na web p\u0159id\u00e1v\u00e1te fotografie, m\u011bli byste se vyhnout p\u0159id\u00e1v\u00e1n\u00ed fotografi\u00ed, kter\u00e9 obsahuj\u00ed informace o poloze (EXIF GPS). N\u00e1v\u0161t\u011bvn\u00edci&hellip;","jetpack_sharing_enabled":true,"jetpack_shortlink":"https:\/\/wp.me\/PbyPeP-6hU","_links":{"self":[{"href":"https:\/\/visionstore.co.rs\/cs\/wp-json\/wp\/v2\/pages\/24174","targetHints":{"allow":["GET"]}}],"collection":[{"href":"https:\/\/visionstore.co.rs\/cs\/wp-json\/wp\/v2\/pages"}],"about":[{"href":"https:\/\/visionstore.co.rs\/cs\/wp-json\/wp\/v2\/types\/page"}],"author":[{"embeddable":true,"href":"https:\/\/visionstore.co.rs\/cs\/wp-json\/wp\/v2\/users\/1"}],"replies":[{"embeddable":true,"href":"https:\/\/visionstore.co.rs\/cs\/wp-json\/wp\/v2\/comments?post=24174"}],"version-history":[{"count":0,"href":"https:\/\/visionstore.co.rs\/cs\/wp-json\/wp\/v2\/pages\/24174\/revisions"}],"wp:attachment":[{"href":"https:\/\/visionstore.co.rs\/cs\/wp-json\/wp\/v2\/media?parent=24174"}],"curies":[{"name":"wp","href":"https:\/\/api.w.org\/{rel}","templated":true}]}}