{"id":1507,"date":"2020-07-23T15:37:31","date_gmt":"2020-07-23T13:37:31","guid":{"rendered":"https:\/\/visionstore.co.rs\/?post_type=product&#038;p=1507"},"modified":"2026-01-12T10:55:19","modified_gmt":"2026-01-12T09:55:19","slug":"nature-tan","status":"publish","type":"product","link":"https:\/\/visionstore.co.rs\/cs\/product\/nature-tan\/","title":{"rendered":"Nature Tan"},"content":{"rendered":"<p><strong>Nature Tan prilikom uticaja sun\u010devih zraka aktivira prirodne za\u0161titne mehanizme organizma od pogubnog uticaja UV-zra\u010denja i podr\u017eava regeneraciju \u0107elija ko\u017ee.<\/strong><\/p>\n<p>On \u0161titi \u0107elije ko\u017ee od oksidativnog o\u0161te\u0107enja, koriguje optimalan nivo njene vla\u017enosti, spre\u010dava isu\u0161ivanje, formiranje bora kao posledicu uticaja srca, spre\u010dava prevremeno starenje \u0107elija.<\/p>\n<p><strong>Poma\u017ee ko\u017ei da se pripremi za izlaganje suncu, sni\u017eava rizik od sun\u010devih opekotina. Doprinosi formiranju lepog i bezbednog preplanulog tena.<\/strong><\/p>\n<ul>\n<li>\u0160titi ko\u017eu od agresivnih ultral\u0458ubi\u010dastih zraka i slobodnih radikala<\/li>\n<li>Obezbe\u0111uje zdravu, ravnomernu, lepu i dugotrajnu preplanulost<\/li>\n<li>Podr\u017eava optimalan nivo vla\u017enost ko\u017ee, spre\u010dava suvo\u0107u i istanjivanje ko\u017ee<\/li>\n<li>Spre\u010dava fotostarenje ko\u017ee<\/li>\n<\/ul>\n<p><strong>Sastav: <\/strong>kurkuma, ekstrakt gro\u017e\u0111a, ekstrakt soje, selen, beta-karoten, vitamin \u0415, vitamin C, cink, celuloza, izoflavoni.<\/p>\n<p><strong>Koli\u010dina: 30 kapsula<\/strong><\/p>\n<p><strong>Neto masa: 16,4 g<\/strong><\/p>\n<table style=\"height: 671px;\" width=\"757\">\n<tbody>\n<tr>\n<td width=\"214\"><strong>AKTIVNI SASTOJCI:<\/strong><\/td>\n<td width=\"100\"><strong>1 kapsula<br \/>\n<\/strong><strong>(546 mg)<\/strong><\/td>\n<td width=\"64\"><strong>%NRV*<\/strong><\/td>\n<\/tr>\n<tr>\n<td>Vitamin C<\/td>\n<td>60 mg<\/td>\n<td>75%<\/td>\n<\/tr>\n<tr>\n<td>Vitamin E<\/td>\n<td>5 mg \u03b1-TE***<\/td>\n<td>42%<\/td>\n<\/tr>\n<tr>\n<td>\u03b2-karoten<\/td>\n<td>2400 \u00b5g<\/td>\n<td>**<\/td>\n<\/tr>\n<tr>\n<td>Cink<\/td>\n<td>7,5 mg<\/td>\n<td>75%<\/td>\n<\/tr>\n<tr>\n<td>Selen<\/td>\n<td>37,5 \u00b5g<\/td>\n<td>68%<\/td>\n<\/tr>\n<tr>\n<td>Rizom kurkume (<em>Curcuma longa<\/em>)<\/td>\n<td>164 mg<\/td>\n<td>**<\/td>\n<\/tr>\n<tr>\n<td>Ekstrakt soje bogat izoflavonima<\/td>\n<td>50 mg<\/td>\n<td>**<\/td>\n<\/tr>\n<tr>\n<td width=\"214\">Ekstrakt gro\u017e\u0111a (<em>Vitis vinifera<\/em>)<\/td>\n<td width=\"100\">30 mg<\/td>\n<td width=\"64\">**<\/td>\n<\/tr>\n<\/tbody>\n<\/table>\n<p>*NRV \u2013 nutritivna referentna vrednost<br \/>\n** \u2013 nutritivna referentna vrednost nije ustanovljena<br \/>\n***\u03b1-TE=\u03b1-tokoferol ekvivalent<\/p>\n","protected":false},"excerpt":{"rendered":"<ul>\n<li>Za\u0161titi\u0107e ko\u017eu od UV zra\u010denja.<\/li>\n<li>Obezbedi\u0107e zdravu, ravnomernu, lepu i dugotrajnu preplanulost.<\/li>\n<li>Podr\u017eava optimalnu hidrataciju ko\u017ee, spre\u010dava njeno isu\u0161ivanje i iscrpljivanje.<\/li>\n<li>Spre\u010dava pojavu bora pod dejstvom sunca, spre\u010dava fotostarenje ko\u017ee i degeneraciju \u0107elija istih.<\/li>\n<li>Ima mo\u0107no antioksidantno dejstvo.<\/li>\n<li>Pobolj\u0161ava tonus ko\u017ee.<\/li>\n<li>Poma\u017ee kod alergije na sunce<\/li>\n<\/ul>\n","protected":false},"featured_media":1510,"comment_status":"open","ping_status":"closed","template":"","meta":{"_acf_changed":false,"_uag_custom_page_level_css":"","site-sidebar-layout":"default","site-content-layout":"default","ast-site-content-layout":"default","site-content-style":"default","site-sidebar-style":"default","ast-global-header-display":"","ast-banner-title-visibility":"","ast-main-header-display":"","ast-hfb-above-header-display":"","ast-hfb-below-header-display":"","ast-hfb-mobile-header-display":"","site-post-title":"","ast-breadcrumbs-content":"","ast-featured-img":"","footer-sml-layout":"","ast-disable-related-posts":"","theme-transparent-header-meta":"default","adv-header-id-meta":"","stick-header-meta":"default","header-above-stick-meta":"","header-main-stick-meta":"","header-below-stick-meta":"","astra-migrate-meta-layouts":"set","ast-page-background-enabled":"default","ast-page-background-meta":{"desktop":{"background-color":"","background-image":"","background-repeat":"repeat","background-position":"center center","background-size":"auto","background-attachment":"scroll","background-type":"","background-media":"","overlay-type":"","overlay-color":"","overlay-opacity":"","overlay-gradient":""},"tablet":{"background-color":"","background-image":"","background-repeat":"repeat","background-position":"center center","background-size":"auto","background-attachment":"scroll","background-type":"","background-media":"","overlay-type":"","overlay-color":"","overlay-opacity":"","overlay-gradient":""},"mobile":{"background-color":"","background-image":"","background-repeat":"repeat","background-position":"center center","background-size":"auto","background-attachment":"scroll","background-type":"","background-media":"","overlay-type":"","overlay-color":"","overlay-opacity":"","overlay-gradient":""}},"ast-content-background-meta":{"desktop":{"background-color":"var(--ast-global-color-4)","background-image":"","background-repeat":"repeat","background-position":"center center","background-size":"auto","background-attachment":"scroll","background-type":"","background-media":"","overlay-type":"","overlay-color":"","overlay-opacity":"","overlay-gradient":""},"tablet":{"background-color":"var(--ast-global-color-4)","background-image":"","background-repeat":"repeat","background-position":"center center","background-size":"auto","background-attachment":"scroll","background-type":"","background-media":"","overlay-type":"","overlay-color":"","overlay-opacity":"","overlay-gradient":""},"mobile":{"background-color":"var(--ast-global-color-4)","background-image":"","background-repeat":"repeat","background-position":"center center","background-size":"auto","background-attachment":"scroll","background-type":"","background-media":"","overlay-type":"","overlay-color":"","overlay-opacity":"","overlay-gradient":""}}},"product_brand":[],"product_cat":[361],"product_tag":[],"class_list":{"0":"post-1507","1":"product","2":"type-product","3":"status-publish","4":"has-post-thumbnail","6":"product_cat-direct-hit","7":"desktop-align-center","8":"tablet-align-center","9":"mobile-align-center","10":"ast-product-gallery-layout-horizontal","11":"ast-product-gallery-with-no-image","12":"ast-product-tabs-layout-distributed","13":"ast-qv-on-image","15":"first","16":"outofstock","17":"taxable","18":"shipping-taxable","19":"purchasable","20":"product-type-simple"},"acf":[],"uagb_featured_image_src":{"full":["https:\/\/i0.wp.com\/visionstore.co.rs\/wp-content\/uploads\/2020\/07\/Nature-Tan.png?fit=1800%2C1800&ssl=1",1800,1800,false],"thumbnail":["https:\/\/i0.wp.com\/visionstore.co.rs\/wp-content\/uploads\/2020\/07\/Nature-Tan.png?resize=150%2C150&ssl=1",150,150,true],"medium":["https:\/\/i0.wp.com\/visionstore.co.rs\/wp-content\/uploads\/2020\/07\/Nature-Tan.png?fit=300%2C300&ssl=1",300,300,true],"medium_large":["https:\/\/i0.wp.com\/visionstore.co.rs\/wp-content\/uploads\/2020\/07\/Nature-Tan.png?fit=768%2C768&ssl=1",768,768,true],"large":["https:\/\/i0.wp.com\/visionstore.co.rs\/wp-content\/uploads\/2020\/07\/Nature-Tan.png?fit=1024%2C1024&ssl=1",1024,1024,true],"1536x1536":["https:\/\/i0.wp.com\/visionstore.co.rs\/wp-content\/uploads\/2020\/07\/Nature-Tan.png?fit=1536%2C1536&ssl=1",1536,1536,true],"2048x2048":["https:\/\/i0.wp.com\/visionstore.co.rs\/wp-content\/uploads\/2020\/07\/Nature-Tan.png?fit=1800%2C1800&ssl=1",1800,1800,true],"mailpoet_newsletter_max":["https:\/\/i0.wp.com\/visionstore.co.rs\/wp-content\/uploads\/2020\/07\/Nature-Tan.png?fit=1320%2C1320&ssl=1",1320,1320,true],"woocommerce_thumbnail":["https:\/\/i0.wp.com\/visionstore.co.rs\/wp-content\/uploads\/2020\/07\/Nature-Tan.png?fit=900%2C900&ssl=1",900,900,true],"woocommerce_single":["https:\/\/i0.wp.com\/visionstore.co.rs\/wp-content\/uploads\/2020\/07\/Nature-Tan.png?fit=1200%2C1200&ssl=1",1200,1200,true],"woocommerce_gallery_thumbnail":["https:\/\/i0.wp.com\/visionstore.co.rs\/wp-content\/uploads\/2020\/07\/Nature-Tan.png?resize=100%2C100&ssl=1",100,100,true]},"uagb_author_info":{"display_name":"admin","author_link":"https:\/\/visionstore.co.rs\/cs\/author\/"},"uagb_comment_info":0,"uagb_excerpt":"Za\u0161titi\u0107e ko\u017eu od UV zra\u010denja. Obezbedi\u0107e zdravu, ravnomernu, lepu i dugotrajnu preplanulost. Podr\u017eava optimalnu hidrataciju ko\u017ee, spre\u010dava njeno isu\u0161ivanje i iscrpljivanje. Spre\u010dava pojavu bora pod dejstvom sunca, spre\u010dava fotostarenje ko\u017ee i degeneraciju \u0107elija istih. Ima mo\u0107no antioksidantno dejstvo. Pobolj\u0161ava tonus ko\u017ee. Poma\u017ee kod alergije na sunce","jetpack_sharing_enabled":true,"_links":{"self":[{"href":"https:\/\/visionstore.co.rs\/cs\/wp-json\/wp\/v2\/product\/1507","targetHints":{"allow":["GET"]}}],"collection":[{"href":"https:\/\/visionstore.co.rs\/cs\/wp-json\/wp\/v2\/product"}],"about":[{"href":"https:\/\/visionstore.co.rs\/cs\/wp-json\/wp\/v2\/types\/product"}],"replies":[{"embeddable":true,"href":"https:\/\/visionstore.co.rs\/cs\/wp-json\/wp\/v2\/comments?post=1507"}],"wp:featuredmedia":[{"embeddable":true,"href":"https:\/\/visionstore.co.rs\/cs\/wp-json\/wp\/v2\/media\/1510"}],"wp:attachment":[{"href":"https:\/\/visionstore.co.rs\/cs\/wp-json\/wp\/v2\/media?parent=1507"}],"wp:term":[{"taxonomy":"product_brand","embeddable":true,"href":"https:\/\/visionstore.co.rs\/cs\/wp-json\/wp\/v2\/product_brand?post=1507"},{"taxonomy":"product_cat","embeddable":true,"href":"https:\/\/visionstore.co.rs\/cs\/wp-json\/wp\/v2\/product_cat?post=1507"},{"taxonomy":"product_tag","embeddable":true,"href":"https:\/\/visionstore.co.rs\/cs\/wp-json\/wp\/v2\/product_tag?post=1507"}],"curies":[{"name":"wp","href":"https:\/\/api.w.org\/{rel}","templated":true}]}}