{"id":18225,"date":"2019-12-27T12:14:09","date_gmt":"2019-12-27T11:14:09","guid":{"rendered":"https:\/\/visionstore.co.rs\/product\/antiox-classic\/"},"modified":"2025-10-22T11:55:23","modified_gmt":"2025-10-22T09:55:23","slug":"antiox","status":"publish","type":"product","link":"https:\/\/visionstore.co.rs\/cs\/product\/antiox\/","title":{"rendered":"Antiox Classic"},"content":{"rendered":"<p><strong>Antiox Classic<\/strong> je siln\u00fd antioxida\u010dn\u00ed syst\u00e9m s unik\u00e1tn\u00edm slo\u017een\u00edm, vytvo\u0159en\u00fd tak, aby p\u016fsobil proti p\u016fsoben\u00ed voln\u00fdch radik\u00e1l\u016f na bun\u011b\u010dn\u00e9 \u00farovni.<\/p>\n<p>Pom\u00e1h\u00e1 v boji proti voln\u00fdm radik\u00e1l\u016fm, kter\u00e9 mohou ni\u010dit bu\u0148ky na\u0161eho t\u011bla, co\u017e m\u016f\u017ee v\u00e9st nejen k p\u0159ed\u010dasn\u00e9mu st\u00e1rnut\u00ed, ale tak\u00e9 k nebezpe\u010dn\u00fdm nemocem.<\/p>\n<p>Voln\u00e9 radik\u00e1ly jako zbytky metabolick\u00fdch produkt\u016f \u017eiv\u00fdch bun\u011bk jsou velmi nestabiln\u00ed a snadno vstupuj\u00ed do chemick\u00fdch reakc\u00ed s jin\u00fdmi l\u00e1tkami. Napadaj\u00ed prvn\u00ed stabiln\u00ed molekuly a zp\u016fsobuj\u00ed \u0159et\u011bzovou reakci, kter\u00e1 m\u00e1 za n\u00e1sledek po\u0161kozen\u00ed bun\u011b\u010dn\u00fdch membr\u00e1n, DNA a dal\u0161\u00edch struktur bu\u0148ky, co\u017e nakonec vede k jej\u00ed destrukci. <strong>Antiox Classic chr\u00e1n\u00ed ka\u017edou bu\u0148ku t\u011bla p\u0159ed voln\u00fdmi radik\u00e1ly a aktivuje antioxida\u010dn\u00ed mechanismus bu\u0148ky, \u010d\u00edm\u017e zabra\u0148uje jej\u00edmu po\u0161kozen\u00ed a p\u0159ed\u010dasn\u00e9mu st\u00e1rnut\u00ed.<\/strong><\/p>\n<p><strong>Bioaktivn\u00ed dopln\u011bk v\u00fd\u017eivy poskytuje ochranu p\u0159ed p\u016fsoben\u00edm negativn\u00edch faktor\u016f z okoln\u00edho prost\u0159ed\u00ed, jako je zne\u010di\u0161t\u011bn\u00ed ovzdu\u0161\u00ed, z\u00e1\u0159en\u00ed, UV z\u00e1\u0159en\u00ed, ale i \u0161kodliv\u00e9 \u00fa\u010dinky tab\u00e1kov\u00e9ho kou\u0159e.<\/strong> Odstra\u0148uje stres a \u00fanavu. P\u0159\u00edzniv\u011b p\u016fsob\u00ed na kardiovaskul\u00e1rn\u00ed syst\u00e9m, posiluje st\u011bny c\u00e9v a kapil\u00e1r.<\/p>\n<p>V\u00fdrobek d\u00e1le obsahuje extrakt z <strong>hroznov\u00fdch jader<\/strong> (lat. <em>Vitis vinifera<\/em>), kter\u00e9 obsahuj\u00ed soubor <strong>polyfenol\u016f<\/strong> zvan\u00fdch <strong>proanthokyanidiny<\/strong> (oligomern\u00ed proanthokyanidiny). Bylo v\u011bdecky prok\u00e1z\u00e1no, \u017ee antioxida\u010dn\u00ed aktivita <strong>proanthokyanidin\u016f<\/strong> je <strong>20kr\u00e1t siln\u011bj\u0161\u00ed<\/strong> ne\u017e <strong>vitam\u00edn E<\/strong> a <strong>50kr\u00e1t siln\u011bj\u0161\u00ed<\/strong> ne\u017e <strong>vitam\u00edn C<\/strong>.<\/p>\n<p>Extrakt z <strong>hroznov\u00fdch jader<\/strong> je zn\u00e1m\u00fd jako siln\u00fd antioxidant, kter\u00fd chr\u00e1n\u00ed t\u011blo p\u0159ed p\u0159ed\u010dasn\u00fdm st\u00e1rnut\u00edm, nemocemi a rozkladem. \u010cetn\u00e9 v\u011bdeck\u00e9 studie publikovan\u00e9 o extraktu z <strong>hroznov\u00fdch jader<\/strong> hovo\u0159\u00ed o p\u0159\u00edzniv\u00e9m \u00fa\u010dinku <strong>proanthokyanidinu<\/strong>, zejm\u00e9na o ochran\u011b organismu p\u0159ed po\u0161kozen\u00edm slune\u010dn\u00edm z\u00e1\u0159en\u00edm, p\u0159\u00edzniv\u00e9m vlivu na zrak, pru\u017enosti kloub\u016f, tepen a dal\u0161\u00edch t\u011blesn\u00fdch tk\u00e1n\u00ed a zvl\u00e1\u0161t\u011b blahod\u00e1rn\u00e9m vliv na krevn\u00ed ob\u011bh d\u00edky pos\u00edlen\u00ed kapil\u00e1r, \u017eil a tepen.<\/p>\n<ul>\n<li><strong>Normalizuje funkce imunitn\u00edho syst\u00e9mu<\/strong><\/li>\n<li>Chr\u00e1n\u00ed bu\u0148ky p\u0159ed \u00fa\u010dinky voln\u00fdch radik\u00e1l\u016f<\/li>\n<li>Zabra\u0148uje p\u0159ed\u010dasn\u00fdm proces\u016fm st\u00e1rnut\u00ed bun\u011bk<\/li>\n<li>Sni\u017euje negativn\u00ed \u00fa\u010dinky UV paprsk\u016f a z\u00e1\u0159en\u00ed<\/li>\n<li>Umo\u017e\u0148uje regeneraci bun\u011bk<\/li>\n<li>P\u0159isp\u00edv\u00e1 k ochran\u011b bun\u011bk p\u0159ed oxidativn\u00edm stresem<\/li>\n<li>Pom\u00e1h\u00e1 bojovat proti stresu a \u00fanav\u011b<\/li>\n<li>Zlep\u0161uje ob\u011bh<\/li>\n<li>Posiluje kapil\u00e1ry, \u017e\u00edly a tepny<\/li>\n<li>Urychluje rekonvalescenci po ch\u0159ipce a nachlazen\u00ed<\/li>\n<\/ul>\n<p>Pokud bychom to p\u0159elo\u017eili z \u0159eck\u00e9ho \u201eanti\u201c \u2014 \u201eproti\u201c, \u201eoxys\u201c \u2014 \u201ekyselina\u201c, tedy antioxidant, doslovn\u00fd p\u0159eklad by byl \u201eproti kyselosti\u201c. Pro\u010d zde ale mluv\u00edme o oxidaci, pokud mluv\u00edme o zdrav\u00ed?<\/p>\n<p>Jde o n\u00e1sleduj\u00edc\u00ed: na Zemi prob\u00edh\u00e1 p\u0159irozen\u00fd rozklad jak\u00e9koli hmoty oxidac\u00ed p\u016fsoben\u00edm kysl\u00edku, p\u0159esn\u011bji p\u016fsoben\u00edm voln\u00fdch radik\u00e1l\u016f (aktivn\u00ed formy kysl\u00edku). Pr\u00e1v\u011b proto jsou nemoci a st\u00e1\u0159\u00ed d\u016fsledkem oxida\u010dn\u00edch proces\u016f ve stejn\u00e9m organismu.<\/p>\n<p>Antioxidanty jsou specifickou skupinou molekul, kter\u00e9 maj\u00ed \u00fa\u017easnou vlastnost: dok\u00e1\u017eou na sebe v\u00e1zat ji\u017e zm\u00edn\u011bn\u00e9 voln\u00e9 radik\u00e1ly, \u010d\u00edm\u017e zpomaluj\u00ed oxida\u010dn\u00ed procesy. \u010clov\u011bk proto m\u00e9n\u011b \u010dasto onemocn\u00ed a pomaleji st\u00e1rne. To je aktu\u00e1ln\u00ed zejm\u00e9na nyn\u00ed, kdy se tyto oxida\u010dn\u00ed procesy zrychluj\u00ed v d\u016fsledku \u017eivotn\u00edho tempa, neust\u00e1l\u00e9ho stresu, soci\u00e1ln\u00edch probl\u00e9m\u016f, nekvalitn\u00edch potravin a vody, \u0161patn\u00e9 ekologie a kou\u0159en\u00ed.<\/p>\n<p>Dnes je zn\u00e1mo v\u00edce ne\u017e 1100 r\u016fzn\u00fdch rodin voln\u00fdch radik\u00e1l\u016f. Jeden antioxidant nen\u00ed schopen proti t\u00e9to \u201earm\u00e1d\u011b\u201c bojovat. Proto pro ka\u017ed\u00fd malign\u00ed radik\u00e1l a n\u011bkdy i pro jeho samostatn\u00e9 specifick\u00e9 typy existuje ur\u010dit\u00e1 past. To znamen\u00e1, \u017ee nejlep\u0161\u00ed \u00fa\u010dinek antioxidant\u016f je, kdy\u017e p\u016fsob\u00ed ve dvojic\u00edch nebo ve skupin\u00e1ch.<\/p>\n<p><strong>Antiox Classic<\/strong> chr\u00e1n\u00ed ka\u017edou bu\u0148ku t\u011bla p\u0159ed voln\u00fdmi radik\u00e1ly a m\u00e1 kask\u00e1dovou antioxida\u010dn\u00ed reakci, d\u00edky kter\u00e9 neutralizuje nejen jeden typ voln\u00fdch radik\u00e1l\u016f, ale mnoho nestabiln\u00edch atom\u016f a slou\u010denin, kter\u00e9 p\u0159edstavuj\u00ed nebezpe\u010d\u00ed pro cel\u00fd organismus. Jde o cel\u00fd komplex nejsiln\u011bj\u0161\u00edch a l\u00e9ty prov\u011b\u0159en\u00fdch nejd\u016fle\u017eit\u011bj\u0161\u00edch antioxidant\u016f, kter\u00e9 \u00fa\u010dinn\u011b p\u016fsob\u00ed proti procesu st\u00e1rnut\u00ed, chr\u00e1n\u00ed t\u011blo p\u0159ed agresivn\u00edm p\u016fsoben\u00edm okoln\u00edho prost\u0159ed\u00ed, reguluj\u00ed \u010dinnost srdce a c\u00e9v a maj\u00ed v\u00fdrazn\u00fd regenera\u010dn\u00ed \u00fa\u010dinek.<\/p>\n<p>Bylinn\u00e9 slo\u017eky, vitam\u00edny a miner\u00e1ly komplexu <strong>Antiox Classic<\/strong> p\u016fsob\u00ed na principu kask\u00e1dov\u00e9ho p\u016fsoben\u00ed, tedy na v\u0161ech \u00farovn\u00edch antioxida\u010dn\u00ed ochrany organismu. Ty jako filtr \u00fa\u010dinn\u011b \u010dist\u00ed t\u011blo od voln\u00fdch radik\u00e1l\u016f a toxin\u016f, kter\u00e9 na t\u011blo \u00fato\u010d\u00ed, \u010d\u00edm\u017e aktivuj\u00ed v\u0161echny jeho regenera\u010dn\u00ed mo\u017enosti, na\u010de\u017e ka\u017ed\u00fd z nich p\u0159istupuje k okam\u017eit\u00e9 pr\u00e1ci ve sv\u00e9 \u010d\u00e1sti t\u011bla.<\/p>\n<p>Extrakt z <strong>hroznov\u00fdch jader<\/strong> je pr\u00e1vem pova\u017eov\u00e1n za jeden z nejsiln\u011bj\u0161\u00edch antioxidant\u016f, kter\u00fd zachycuje a v\u00e1\u017ee voln\u00e9 radik\u00e1ly, kter\u00e9 ni\u010d\u00ed genetick\u00fd apar\u00e1t bun\u011bk, strukturu bun\u011b\u010dn\u00fdch membr\u00e1n a sni\u017euje intenzitu oxida\u010dn\u00edch proces\u016f v t\u011ble. Jednou ze z\u00e1kladn\u00edch slo\u017eek hrozn\u016f je <strong>resveratrol<\/strong>, kter\u00fd zabra\u0148uje sklerotick\u00fdm zm\u011bn\u00e1m c\u00e9v, zpev\u0148uje jejich st\u011bny, sni\u017euje obsah \u201e\u0161patn\u00e9ho\u201c cholesterolu, odstra\u0148uje otoky a zlep\u0161uje pr\u016ftok krve.<\/p>\n<p>Zat\u00edmco extrakt z <strong>hroznov\u00fdch jad\u00e9rek<\/strong> p\u016fsob\u00ed v bun\u011b\u010dn\u00e9 cytoplazm\u011b a krevn\u00ed plazm\u011b, dal\u0161\u00ed, stejn\u011b siln\u00fd antioxidant \u2014 <strong>gingko biloba<\/strong> \u2014 p\u016fsob\u00ed v bun\u011b\u010dn\u00fdch membr\u00e1n\u00e1ch a zabra\u0148uje jejich po\u0161kozen\u00ed.<\/p>\n<p><strong>Ginkgo biloba<\/strong> obsahuje aktivn\u00ed slo\u017eky, je siln\u00fdm antioxidantem, schopn\u00fdm neutralizovat \u0161kodliv\u00e9 \u00fa\u010dinky voln\u00fdch radik\u00e1l\u016f. Rostlinn\u00fd komplex <strong>Antiox Classic<\/strong> d\u00edky <strong>vysok\u00e9mu obsahu vitam\u00edn\u016f<\/strong> a p\u016fsoben\u00ed rostliny <strong>gingko biloba<\/strong> na mikrocirkulaci v c\u00e9v\u00e1ch pozitivn\u011b ovliv\u0148uje pronik\u00e1n\u00ed vlhkosti do tk\u00e1n\u00ed, zabra\u0148uje p\u0159ed\u010dasn\u00e9mu st\u00e1rnut\u00ed a vitalizuje poko\u017eku.<\/p>\n<p><strong>Ginkgo biloba<\/strong> stimuluje pr\u016ftok krve, zabra\u0148uje tromb\u00f3ze, sni\u017euje arteri\u00e1ln\u00ed tlak, zvy\u0161uje imunitu a pou\u017e\u00edv\u00e1 se jako preventivn\u00ed prost\u0159edek proti infarktu a mozkov\u00e9 mrtvici.<\/p>\n<p>Na principu synergie p\u016fsob\u00ed <strong>hrozny a gingko biloba<\/strong> , kter\u00e9 reguluj\u00ed oxida\u010dn\u011b-regenera\u010dn\u00ed procesy s komplexem <strong>vitam\u00edn\u016f C, E a beta-karotenu,<\/strong> kter\u00e9 maj\u00ed velk\u00fd antioxida\u010dn\u00ed \u00fa\u010dinek a \u0161irok\u00e9 spektrum \u00fa\u010dinku. <strong>Vitamin C<\/strong> reguluje metabolismus sacharid\u016f; m\u00e1 p\u0159\u00edzniv\u00fd vliv na antitoxickou funkci jater; p\u0159isp\u00edv\u00e1 k synt\u00e9ze kolagenu; bojuje proti vir\u016fm, pom\u00e1h\u00e1 n\u00e1m v boji proti nachlazen\u00ed.<br \/>\n<strong>Vitamin E<\/strong> sni\u017euje hladinu cholesterolu na st\u011bn\u00e1ch c\u00e9v; \u010dist\u00ed tepny od usazenin cholesterolu; chr\u00e1n\u00ed kardiovaskul\u00e1rn\u00ed syst\u00e9m p\u0159ed hypoxi\u00ed (stav nedostatku kysl\u00edku); zlep\u0161uje pr\u016ftok krve a posiluje st\u011bny c\u00e9v.<br \/>\n<strong>Betakaroten<\/strong> m\u00e1 imunostimula\u010dn\u00ed a adaptogenn\u00ed \u00fa\u010dinek. Jedine\u010dnost synergick\u00e9ho p\u016fsoben\u00ed vitam\u00edn\u016f spo\u010d\u00edv\u00e1 v tom, \u017ee jsou schopny regenerace, to znamen\u00e1, \u017ee jeden z nich m\u016f\u017ee realizovat nedostate\u010dnou antioxida\u010dn\u00ed aktivitu druh\u00e9ho.<\/p>\n<p>Antioxida\u010dn\u00ed boj s voln\u00fdmi radik\u00e1ly kon\u010d\u00ed regenera\u010dn\u00edm procesem. V bylinn\u00e9m komplexu <strong>Antiox Classic<\/strong> tuto roli hraje <strong>zinek a selen<\/strong>, co\u017e jsou d\u016fle\u017eit\u00e9 prvky v\u00edce ne\u017e 200 enzym\u016f. Pod\u00edlej\u00ed se na procesu regenerace tk\u00e1n\u00ed, p\u016fsob\u00ed antioxida\u010dn\u011b, pod\u00edlej\u00ed se na synt\u00e9ze b\u00edlkovin a tvorb\u011b kolagenu.<\/p>\n<p><strong>Zinek<\/strong> je nezbytn\u00fd pro spr\u00e1vn\u00e9 fungov\u00e1n\u00ed imunitn\u00edho syst\u00e9mu a pro zaji\u0161t\u011bn\u00ed procesu krvetvorby. Kombinace <strong>vitaminu C a zinku<\/strong> \u2014 l\u00e9k proti mnoha virov\u00fdm onemocn\u011bn\u00edm. <strong>Selen<\/strong> m\u00e1 zase v\u00fdrazn\u00fd \u00fa\u010dinek ve smyslu stabilizace bun\u011b\u010dn\u00e9 membr\u00e1ny a ochrany genetick\u00e9ho apar\u00e1tu bun\u011bk p\u0159ed mutacemi, kter\u00e9 p\u0159edstavuj\u00ed riziko onkologick\u00fdch onemocn\u011bn\u00ed. V interakci s <strong>vitam\u00ednem E<\/strong> zvy\u0161uje selen svou antioxida\u010dn\u00ed aktivitu.<\/p>\n<p><strong>Slo\u017een\u00ed:<\/strong> <a href=\"https:\/\/visionstore.co.rs\/semenke-grozdja\/\">extrakt z hroznov\u00fdch jader (lat. <em>Vitis vinifera<\/em>)<\/a>, <a href=\"https:\/\/visionstore.co.rs\/acerola-i-vitamini-c-i-k\/\">vitam\u00edn C z Aceroly (lat. <em>Malpighia glabra<\/em>)<\/a>, <a href=\"https:\/\/visionstore.co.rs\/beta-karoten\/\">beta-karoten<\/a>, <a href=\"https:\/\/visionstore.co.rs\/cs\/selen-2\/\">selen<\/a>, <a href=\"https:\/\/visionstore.co.rs\/ginkgo-biloba-u-sluzbi-naseg-zdravlja\/\">gingko biloba (listy) (lat. <em>Gingko biloba<\/em>)<\/a>, <a href=\"https:\/\/visionstore.co.rs\/cs\/vitamin-e-2\/\">vitam\u00edn E<\/a>, <a href=\"https:\/\/visionstore.co.rs\/cink-i-nase-zdravlje\/\">zinek <\/a>.<\/p>\n<p><strong>Mno\u017estv\u00ed: 60 HPMC kapsl\u00ed<\/strong><\/p>\n<p><strong>\u010cist\u00e1 hmotnost: 31,20<\/strong><strong>g<\/strong><\/p>\n<table>\n<tbody>\n<tr>\n<td><strong>AKTIVNI SASTOJCI:<\/strong><\/td>\n<td><strong>2 kapsule<\/strong><\/td>\n<td><strong>%NRV*<\/strong><\/td>\n<\/tr>\n<tr>\n<td>such\u00fd extrakt ze semen vinn\u00e9 r\u00e9vy (lat. <em>Vitis vinifera<\/em>)<br \/>\nstandardizov\u00e1no na 95 % proantikyanidinu<\/p>\n<ul>\n<li>z toho proanthokyanidiny<\/li>\n<\/ul>\n<\/td>\n<td>150 mg<\/p>\n<ul>\n<li>142,5 mg<\/li>\n<\/ul>\n<\/td>\n<td>**<\/td>\n<\/tr>\n<tr>\n<td>such\u00fd extrakt z plod\u016f acerola (lat. <em>Malpighia glabra<\/em>) standardizovan\u00fd na 25 % vitaminu C<\/p>\n<ul>\n<li>z toho vitam\u00edn C<\/li>\n<\/ul>\n<\/td>\n<td>500 mg<\/p>\n<ul>\n<li>125 mg<\/li>\n<\/ul>\n<\/td>\n<td>**<\/p>\n<p>156%<\/td>\n<\/tr>\n<tr>\n<td>\u03b2-karoten<\/td>\n<td>5 mg<\/td>\n<td>**<\/td>\n<\/tr>\n<tr>\n<td>selen<\/td>\n<td>50 \u00b5g<\/td>\n<td>91%<\/td>\n<\/tr>\n<tr>\n<td>such\u00fd extrakt z listu ginkgo (lat. <em>Gingko biloba<\/em>)<br \/>\nstandardizov\u00e1no na 24 % flavon\u016f a 6 % lakton\u016f<\/p>\n<ul>\n<li>toho flavonu<\/li>\n<li>toho laktonu<\/li>\n<\/ul>\n<\/td>\n<td>26,5 mg<\/p>\n<ul>\n<li>6,36 mg<\/li>\n<li>1,59 mg<\/li>\n<\/ul>\n<\/td>\n<td>**<\/td>\n<\/tr>\n<tr>\n<td>vitam\u00edn E<\/td>\n<td>9,7 mg \u03b1-TE***<\/td>\n<td>81%<\/td>\n<\/tr>\n<tr>\n<td>zinek<\/td>\n<td>15 mg<\/td>\n<td>150 %<\/td>\n<\/tr>\n<\/tbody>\n<\/table>\n<p>*NRV &#8211; nutri\u010dn\u00ed referen\u010dn\u00ed hodnota<br \/>\n** &#8211; nutri\u010dn\u00ed referen\u010dn\u00ed hodnota nebyla stanovena<br \/>\n***a-TE=ekvivalent a-tokoferolu<\/p>\n","protected":false},"excerpt":{"rendered":"<p>VLASTNOSTI PRODUKTU ANTIOX CLASSIC<\/p>\n<p>\u2022 <strong>Normalizuje funkce imunitn\u00edho syst\u00e9mu<\/strong><br \/>\n<span style=\"font-size: 16px;\">\u2022 M\u00e1 antioxida\u010dn\u00ed \u00fa\u010dinek.<br \/>\n<\/span>\u2022 Zpomaluje proces st\u00e1rnut\u00ed.<br \/>\n\u2022 P\u0159\u00edzniv\u011b p\u016fsob\u00ed na kardiovaskul\u00e1rn\u00ed syst\u00e9m.<br \/>\n\u2022 M\u00e1 imunomodula\u010dn\u00ed \u00fa\u010dinek.<br \/>\n\u2022 Je to p\u0159irozen\u00fd onkoprotektor.<br \/>\n\u2022 Zlep\u0161uje krevn\u00ed ob\u011bh.<br \/>\n\u2022 Posiluje kapil\u00e1ry, \u017e\u00edly a tepny.<br \/>\n\u2022 Urychluje rekonvalescenci po ch\u0159ipce a nachlazen\u00ed<\/p>\n","protected":false},"featured_media":28932,"comment_status":"open","ping_status":"closed","template":"","meta":{"_acf_changed":false,"_uag_custom_page_level_css":"","site-sidebar-layout":"default","site-content-layout":"default","ast-site-content-layout":"default","site-content-style":"default","site-sidebar-style":"default","ast-global-header-display":"","ast-banner-title-visibility":"","ast-main-header-display":"","ast-hfb-above-header-display":"","ast-hfb-below-header-display":"","ast-hfb-mobile-header-display":"","site-post-title":"","ast-breadcrumbs-content":"","ast-featured-img":"","footer-sml-layout":"","ast-disable-related-posts":"","theme-transparent-header-meta":"default","adv-header-id-meta":"","stick-header-meta":"default","header-above-stick-meta":"","header-main-stick-meta":"","header-below-stick-meta":"","astra-migrate-meta-layouts":"default","ast-page-background-enabled":"default","ast-page-background-meta":{"desktop":{"background-color":"","background-image":"","background-repeat":"repeat","background-position":"center center","background-size":"auto","background-attachment":"scroll","background-type":"","background-media":"","overlay-type":"","overlay-color":"","overlay-opacity":"","overlay-gradient":""},"tablet":{"background-color":"","background-image":"","background-repeat":"repeat","background-position":"center center","background-size":"auto","background-attachment":"scroll","background-type":"","background-media":"","overlay-type":"","overlay-color":"","overlay-opacity":"","overlay-gradient":""},"mobile":{"background-color":"","background-image":"","background-repeat":"repeat","background-position":"center center","background-size":"auto","background-attachment":"scroll","background-type":"","background-media":"","overlay-type":"","overlay-color":"","overlay-opacity":"","overlay-gradient":""}},"ast-content-background-meta":{"desktop":{"background-color":"var(--ast-global-color-4)","background-image":"","background-repeat":"repeat","background-position":"center center","background-size":"auto","background-attachment":"scroll","background-type":"","background-media":"","overlay-type":"","overlay-color":"","overlay-opacity":"","overlay-gradient":""},"tablet":{"background-color":"var(--ast-global-color-4)","background-image":"","background-repeat":"repeat","background-position":"center center","background-size":"auto","background-attachment":"scroll","background-type":"","background-media":"","overlay-type":"","overlay-color":"","overlay-opacity":"","overlay-gradient":""},"mobile":{"background-color":"var(--ast-global-color-4)","background-image":"","background-repeat":"repeat","background-position":"center center","background-size":"auto","background-attachment":"scroll","background-type":"","background-media":"","overlay-type":"","overlay-color":"","overlay-opacity":"","overlay-gradient":""}},"jetpack_post_was_ever_published":false},"product_brand":[],"product_cat":[357],"product_tag":[],"class_list":{"0":"post-18225","1":"product","2":"type-product","3":"status-publish","4":"has-post-thumbnail","6":"product_cat-classic-hit","7":"desktop-align-center","8":"tablet-align-center","9":"mobile-align-center","10":"ast-product-gallery-layout-horizontal","11":"ast-product-tabs-layout-distributed","12":"ast-qv-on-image","14":"first","15":"instock","16":"taxable","17":"shipping-taxable","18":"purchasable","19":"product-type-simple"},"acf":[],"uagb_featured_image_src":{"full":["https:\/\/i0.wp.com\/visionstore.co.rs\/wp-content\/uploads\/2019\/12\/Antiox_Classic2.png?fit=1024%2C1024&ssl=1",1024,1024,false],"thumbnail":["https:\/\/i0.wp.com\/visionstore.co.rs\/wp-content\/uploads\/2019\/12\/Antiox_Classic2.png?resize=150%2C150&ssl=1",150,150,true],"medium":["https:\/\/i0.wp.com\/visionstore.co.rs\/wp-content\/uploads\/2019\/12\/Antiox_Classic2.png?fit=300%2C300&ssl=1",300,300,true],"medium_large":["https:\/\/i0.wp.com\/visionstore.co.rs\/wp-content\/uploads\/2019\/12\/Antiox_Classic2.png?fit=768%2C768&ssl=1",768,768,true],"large":["https:\/\/i0.wp.com\/visionstore.co.rs\/wp-content\/uploads\/2019\/12\/Antiox_Classic2.png?fit=1024%2C1024&ssl=1",1024,1024,true],"1536x1536":["https:\/\/i0.wp.com\/visionstore.co.rs\/wp-content\/uploads\/2019\/12\/Antiox_Classic2.png?fit=1024%2C1024&ssl=1",1024,1024,true],"2048x2048":["https:\/\/i0.wp.com\/visionstore.co.rs\/wp-content\/uploads\/2019\/12\/Antiox_Classic2.png?fit=1024%2C1024&ssl=1",1024,1024,true],"mailpoet_newsletter_max":["https:\/\/i0.wp.com\/visionstore.co.rs\/wp-content\/uploads\/2019\/12\/Antiox_Classic2.png?fit=1024%2C1024&ssl=1",1024,1024,true],"woocommerce_thumbnail":["https:\/\/i0.wp.com\/visionstore.co.rs\/wp-content\/uploads\/2019\/12\/Antiox_Classic2.png?fit=900%2C900&ssl=1",900,900,true],"woocommerce_single":["https:\/\/i0.wp.com\/visionstore.co.rs\/wp-content\/uploads\/2019\/12\/Antiox_Classic2.png?fit=1024%2C1024&ssl=1",1024,1024,true],"woocommerce_gallery_thumbnail":["https:\/\/i0.wp.com\/visionstore.co.rs\/wp-content\/uploads\/2019\/12\/Antiox_Classic2.png?resize=100%2C100&ssl=1",100,100,true]},"uagb_author_info":{"display_name":"admin","author_link":"https:\/\/visionstore.co.rs\/cs\/author\/"},"uagb_comment_info":4,"uagb_excerpt":"VLASTNOSTI PRODUKTU ANTIOX CLASSIC \u2022 Normalizuje funkce imunitn\u00edho syst\u00e9mu \u2022 M\u00e1 antioxida\u010dn\u00ed \u00fa\u010dinek. \u2022 Zpomaluje proces st\u00e1rnut\u00ed. \u2022 P\u0159\u00edzniv\u011b p\u016fsob\u00ed na kardiovaskul\u00e1rn\u00ed syst\u00e9m. \u2022 M\u00e1 imunomodula\u010dn\u00ed \u00fa\u010dinek. \u2022 Je to p\u0159irozen\u00fd onkoprotektor. \u2022 Zlep\u0161uje krevn\u00ed ob\u011bh. \u2022 Posiluje kapil\u00e1ry, \u017e\u00edly a tepny. \u2022 Urychluje rekonvalescenci po ch\u0159ipce a nachlazen\u00ed","jetpack_sharing_enabled":true,"_links":{"self":[{"href":"https:\/\/visionstore.co.rs\/cs\/wp-json\/wp\/v2\/product\/18225","targetHints":{"allow":["GET"]}}],"collection":[{"href":"https:\/\/visionstore.co.rs\/cs\/wp-json\/wp\/v2\/product"}],"about":[{"href":"https:\/\/visionstore.co.rs\/cs\/wp-json\/wp\/v2\/types\/product"}],"replies":[{"embeddable":true,"href":"https:\/\/visionstore.co.rs\/cs\/wp-json\/wp\/v2\/comments?post=18225"}],"wp:featuredmedia":[{"embeddable":true,"href":"https:\/\/visionstore.co.rs\/cs\/wp-json\/wp\/v2\/media\/28932"}],"wp:attachment":[{"href":"https:\/\/visionstore.co.rs\/cs\/wp-json\/wp\/v2\/media?parent=18225"}],"wp:term":[{"taxonomy":"product_brand","embeddable":true,"href":"https:\/\/visionstore.co.rs\/cs\/wp-json\/wp\/v2\/product_brand?post=18225"},{"taxonomy":"product_cat","embeddable":true,"href":"https:\/\/visionstore.co.rs\/cs\/wp-json\/wp\/v2\/product_cat?post=18225"},{"taxonomy":"product_tag","embeddable":true,"href":"https:\/\/visionstore.co.rs\/cs\/wp-json\/wp\/v2\/product_tag?post=18225"}],"curies":[{"name":"wp","href":"https:\/\/api.w.org\/{rel}","templated":true}]}}