{"id":18284,"date":"2020-07-22T14:16:48","date_gmt":"2020-07-22T12:16:48","guid":{"rendered":"https:\/\/visionstore.co.rs\/product\/osteosanum\/"},"modified":"2024-12-25T11:19:09","modified_gmt":"2024-12-25T10:19:09","slug":"osteosanum","status":"publish","type":"product","link":"https:\/\/visionstore.co.rs\/cs\/product\/osteosanum\/","title":{"rendered":"Osteosanum"},"content":{"rendered":"<p><strong>Osteosanum<\/strong> obsahuje optim\u00e1ln\u00ed mno\u017estv\u00ed <strong>v\u00e1pn\u00edku<\/strong> a <strong>vitam\u00ednu D<\/strong> \u2013 nejlep\u0161\u00ed slo\u017eky pro udr\u017een\u00ed siln\u00fdch kost\u00ed, a tak\u00e9 <strong>vitam\u00edn K<\/strong> , kter\u00fd \u201enasm\u011bruje\u201c <strong>v\u00e1pn\u00edk<\/strong> do kostn\u00ed tk\u00e1n\u011b a zabr\u00e1n\u00ed jeho hromad\u011bn\u00ed v c\u00e9v\u00e1ch.<\/p>\n<p>Tento bioaktivn\u00ed dopln\u011bk v\u00fd\u017eivy stimuluje r\u016fst kostn\u00ed tk\u00e1n\u011b, zlep\u0161uje stavbu kost\u00ed, zvy\u0161uje jejich miner\u00e1ln\u00ed hustotu a zabra\u0148uje vylu\u010dov\u00e1n\u00ed <strong>v\u00e1pn\u00edku<\/strong> z kost\u00ed a zub\u016f. Stimuluje synt\u00e9zu kolagenu, zvy\u0161uje pru\u017enost kostn\u00edch struktur, sni\u017euje riziko zlomenin. P\u0159isp\u00edv\u00e1 k rychl\u00e9 tvorb\u011b kostn\u00ed hmoty, kter\u00e1 je nezbytn\u00e1 pro hojen\u00ed v p\u0159\u00edpad\u011b zlomeniny. Zabra\u0148uje deformaci p\u00e1te\u0159e a \u0161patn\u00e9mu dr\u017een\u00ed t\u011bla.<\/p>\n<ul>\n<li>Sni\u017euje riziko osteopor\u00f3zy<\/li>\n<li>Podporuje aktivn\u00ed remineralizaci kostn\u00ed tk\u00e1n\u011b<\/li>\n<li>Zabra\u0148uje ztr\u00e1t\u011b v\u00e1pn\u00edku v kostech<\/li>\n<li>Podporuje hojen\u00ed zlomenin kost\u00ed<\/li>\n<li>Zabra\u0148uje deformaci p\u00e1te\u0159e a nespr\u00e1vn\u00e9mu dr\u017een\u00ed t\u011bla<\/li>\n<li>Podporuje tvorbu kolagenu, nejd\u016fle\u017eit\u011bj\u0161\u00ed b\u00edlkoviny v kostn\u00ed tk\u00e1ni<\/li>\n<\/ul>\n<h4>V\u00edce podrobnost\u00ed o produktu Osteosanum<\/h4>\n<p>Ve va\u0161\u00ed ka\u017edodenn\u00ed strav\u011b je dostatek v\u00e1pn\u00edku a jste p\u0159esv\u011bd\u010deni, \u017ee v\u00e1s jist\u011b ochr\u00e1n\u00ed p\u0159ed \u201etichou epidemi\u00ed\u201c, jako je osteopor\u00f3za? Sebemen\u0161\u00ed p\u00e1d nebo i nejist\u00fd krok v\u0161ak m\u016f\u017ee v\u00e9st ke zlomenin\u011b. Pro\u010d se st\u00e1v\u00e1, \u017ee \u010d\u00edm v\u00edce v\u00e1pn\u00edku p\u0159ij\u00edm\u00e1me, t\u00edm citliv\u011bj\u0161\u00ed jsou na\u0161e kosti? Osteopor\u00f3za je nevyhnuteln\u00e1? Zn\u00ed to jako kone\u010dn\u00fd soud&#8230;<\/p>\n<p>Onemocn\u011bn\u00ed skeletu, bez ohledu na norm\u00e1ln\u00ed mineralizaci kostn\u00ed tk\u00e1n\u011b, redukci kostn\u00ed hmoty a poruchy kostn\u00ed tk\u00e1n\u011b jako celku, lze p\u0159edch\u00e1zet.<\/p>\n<p>Unik\u00e1tn\u00ed rostlinn\u00fd komplex <strong>OsteoSanum<\/strong> poskytuje t\u011blu nej\u00fa\u010dinn\u011bj\u0161\u00ed stavebn\u00ed materi\u00e1l pro siln\u00e9 kosti, posiluje regenera\u010dn\u00ed procesy, normalizuje v\u00fdm\u011bnu v\u00e1pn\u00edku a zvy\u0161uje ochrann\u00e9 s\u00edly organismu. Unik\u00e1tn\u00ed rostlinn\u00fd komplex <strong>OsteoSanum<\/strong> poskytuje t\u011blu nej\u00fa\u010dinn\u011bj\u0161\u00ed <strong>stavebn\u00ed<\/strong> materi\u00e1l pro siln\u00e9 kosti, posiluje regenera\u010dn\u00ed procesy, normalizuje v\u00fdm\u011bnu v\u00e1pn\u00edku a zvy\u0161uje ochrann\u00e9 s\u00edly organismu.<\/p>\n<p>Stejn\u011b jako v\u0161echny org\u00e1ny a org\u00e1nov\u00e9 syst\u00e9my se i na\u0161e kosti neust\u00e1le m\u011bn\u00ed. Stejn\u011b jako na\u0161e org\u00e1ny, i kosti se skl\u00e1daj\u00ed z bun\u011bk. Bu\u0148ky, kter\u00e9 tvo\u0159\u00ed na\u0161e kosti, jsou osteoblasty a bu\u0148ky, kter\u00e9 rozkl\u00e1daj\u00ed miner\u00e1ln\u00ed matrici, jsou osteoklasty. V ml\u00e1d\u00ed osteoblasty dominuj\u00ed a buduj\u00ed pevn\u00e9 kosti, kter\u00e9 by n\u00e1m m\u011bly slou\u017eit po cel\u00fd \u017eivot.<\/p>\n<p><strong>Vitamin K<\/strong> z bylinn\u00e9ho komplexu <strong>OsteoSanum<\/strong> je spojen s osteoblasty, kter\u00e9 produkuj\u00ed protein osteokalcin. Tento protein hraje d\u016fle\u017eitou roli ve zn\u00e1m\u00e9m metabolismu <a href=\"http:\/\/kalcijum\" rel=\"nofollow\"><strong>v\u00e1pn\u00edku<\/strong><\/a> . Pr\u00e1v\u011b osteokalcin p\u0159isp\u00edv\u00e1 k za\u010dlen\u011bn\u00ed v\u00e1pn\u00edku do kostn\u00ed tk\u00e1n\u011b, sni\u017euje riziko osteopor\u00f3zy a zlomenin.<\/p>\n<p>Proto\u017ee jsme ji\u017e zm\u00ednili <strong>v\u00e1pn\u00edk<\/strong>, mus\u00edme \u0159\u00edci o jeho nejd\u016fle\u017eit\u011bj\u0161\u00edm v\u00fdznamu v na\u0161em \u017eivot\u011b, o organizaci kostern\u00edho syst\u00e9mu jako celku. Pr\u00e1v\u011b <strong>v\u00e1pn\u00edk<\/strong> je stavebn\u00edm materi\u00e1lem pro na\u0161e kosti, ur\u010duje jejich hustotu a strukturu. Jak se to stane?<\/p>\n<p>Na\u0161e kosti jsou neust\u00e1le vystaveny mikrotraumat\u016fm, drobn\u00fdm struktur\u00e1ln\u00edm poran\u011bn\u00edm, tak\u017ee pot\u0159ebuj\u00ed tak\u00e9 obnovu. K tomu v na\u0161em t\u011ble existuj\u00ed dv\u011b skupiny specializovan\u00fdch bun\u011bk, kter\u00e9 se zab\u00fdvaj\u00ed regenerac\u00ed kost\u00ed. Jedna skupina bun\u011bk pronik\u00e1 do bun\u011b\u010dn\u00fdch defekt\u016f a p\u0159isp\u00edv\u00e1 k odstran\u011bn\u00ed poran\u011bn\u00e9 kostn\u00ed tk\u00e1n\u011b. Nahrazuj\u00ed je jin\u00e9 bu\u0148ky, kter\u00e9 se zab\u00fdvaj\u00ed pln\u011bn\u00edm povrchu kosti, kter\u00e1 d\u00edky <strong>v\u00e1pn\u00edku<\/strong> pozd\u011bji tvo\u0159\u00ed novou kostn\u00ed tk\u00e1\u0148.<\/p>\n<p>Postupem \u010dasu se v\u0161ak proces kostn\u00ed remodelace m\u011bn\u00ed a \u00fasil\u00ed obou skupin bun\u011bk se st\u00e1v\u00e1 m\u00e9n\u011b \u00fa\u010dinn\u00fdm, proto\u017ee v\u00e1pn\u00edk se za\u010d\u00edn\u00e1 h\u016f\u0159e vst\u0159eb\u00e1vat. Kosti ji\u017e nen\u00ed mo\u017en\u00e9 regenerovat tak rychle jako d\u0159\u00edve a star\u00e1 tk\u00e1\u0148 je zcela zni\u010dena.<\/p>\n<p>Pro zachov\u00e1n\u00ed <strong>v\u00e1pn\u00edku<\/strong> v kostn\u00ed tk\u00e1ni je nutn\u00e9 zv\u00fd\u0161it pevnost, hustotu a zabr\u00e1nit vzniku osteopor\u00f3zy. V tom pomohou <strong>vitam\u00edny K a D.<\/strong> <strong>Vitamin D<\/strong> podporuje homeost\u00e1zu <strong>v\u00e1pn\u00edku<\/strong> , realizuje proces mineralizace a rekonstrukce kostn\u00ed tk\u00e1n\u011b, podporuje zdrav\u00ed zub\u016f. <strong>Vitamin K<\/strong> sni\u017euje riziko zlomenin p\u00e1te\u0159e o 60 % a riziko zlomenin ky\u010dle a jin\u00fdch zlomenin o 80 %. Nav\u00edc <strong>vitam\u00edn K<\/strong> sm\u011b\u0159uje <strong>v\u00e1pn\u00edk<\/strong> pouze tam, kde je pot\u0159eba: do kost\u00ed a zub\u016f. A tam, kde m\u016f\u017ee miner\u00e1l zp\u016fsobit po\u0161kozen\u00ed, <strong>vitam\u00edn K<\/strong> jej zni\u010d\u00ed.<\/p>\n<p>  Tak vypuzuje <strong>v\u00e1pn\u00edk<\/strong> z tepen a v\u011bt\u0161inou z aorty. Usazeniny <strong>v\u00e1pn\u00edku<\/strong> v nejv\u011bt\u0161\u00ed tepn\u011b mohou v\u00e9st ke kalcifikaci a v d\u016fsledku toho zv\u00fd\u0161it riziko disekce aorty a n\u00e1hl\u00e9 smrti. A kalcifikace c\u00e9v v d\u016fsledku nadbytku <strong>v\u00e1pn\u00edku<\/strong> se st\u00e1v\u00e1 p\u0159\u00ed\u010dinou vzniku hypertenze. <strong>Vitamin K<\/strong> \u00fa\u010dinn\u011b bojuje proti kardiovaskul\u00e1rn\u00edm onemocn\u011bn\u00edm a v\u00fdrazn\u011b sni\u017euje riziko srde\u010dn\u00edho infarktu. Jedine\u010dnost biokomplexu <strong>OsteoSanum<\/strong> spo\u010d\u00edv\u00e1 v tom, \u017ee krom\u011b <strong>vitam\u00edn\u016f K a D<\/strong>, kter\u00e9 p\u0159isp\u00edvaj\u00ed k nej\u00fapln\u011bj\u0161\u00edmu a nejp\u0159esn\u011bj\u0161\u00edmu vst\u0159eb\u00e1v\u00e1n\u00ed <strong>v\u00e1pn\u00edku<\/strong>, obsahuje tak\u00e9 p\u0159\u00edrodn\u00ed sm\u011bs organick\u00fdch a anorganick\u00fdch l\u00e1tek \u2013 extrakt <a href=\"https:\/\/visionstore.co.rs\/mumijo-za-zastitu-zdravlja\/\"><strong>mumia<\/strong><\/a>. <strong>Mumio<\/strong> je komplexn\u00ed kask\u00e1da chemick\u00fdch prvk\u016f slo\u017een\u00e1 z 30 makro- a mikroelement\u016f, v\u010detn\u011b 10 oxid\u016f kov\u016f, 6 aminokyselin, fosfolipid\u016f, cel\u00e9 \u0159ady vitam\u00edn\u016f, \u00e9terick\u00fdch olej\u016f a dal\u0161\u00edch biologicky aktivn\u00edch l\u00e1tek, kter\u00e9 stimuluj\u00ed oxida\u010dn\u011b-regenera\u010dn\u00ed procesy. <strong>Mumio<\/strong> p\u0159isp\u00edv\u00e1 ke spr\u00e1vn\u00e9mu vst\u0159eb\u00e1v\u00e1n\u00ed <strong>v\u00e1pn\u00edku<\/strong> do kostn\u00ed hmoty, m\u00e1 vysoce \u00fa\u010dinn\u00fd stimula\u010dn\u00ed \u00fa\u010dinek na proces hojen\u00ed zlomenin a kompenzuje negativn\u00ed reakce organismu na trauma.<\/p>\n<p> P\u016fsoben\u00edm <strong>mumi\u00ed<\/strong> se zvy\u0161uje celkov\u00e1 reakce a fyziologick\u00e9 funkce cel\u00e9ho organismu, kter\u00e9 se vyzna\u010duj\u00ed rychl\u00fdm vymizen\u00edm autoantigen\u016f (destruktor\u016f tk\u00e1n\u00ed) a patologick\u00fdm zam\u011b\u0159en\u00edm.<\/p>\n<p><strong>P\u0159esli\u010dka<\/strong> je rostlina bohat\u00e1 na <strong>k\u0159em\u00edk<\/strong>, kter\u00fd hraje kl\u00ed\u010dovou roli p\u0159i udr\u017eov\u00e1n\u00ed zdrav\u00ed kostern\u00edho syst\u00e9mu. <strong>K\u0159em\u00edk<\/strong> z p\u0159esli\u010dky pom\u00e1h\u00e1 p\u0159i tvorb\u011b a posilov\u00e1n\u00ed kolagenu, kter\u00fd je nezbytn\u00fd pro pevnost kost\u00ed a pru\u017enost pojivov\u00fdch tk\u00e1n\u00ed. <strong>P\u0159esli\u010dka<\/strong> tak\u00e9 podporuje remineralizaci kost\u00ed, co\u017e p\u0159isp\u00edv\u00e1 k jejich odolnosti a sni\u017euje riziko zlomenin a osteopor\u00f3zy. Zinek a m\u011b\u010f jsou kl\u00ed\u010dov\u00e9 miner\u00e1ly obsa\u017een\u00e9 v <strong>OsteoSanum<\/strong>, kter\u00e9 p\u0159isp\u00edvaj\u00ed k zdrav\u00ed kostern\u00edho syst\u00e9mu. <strong>Zinek<\/strong> hraje z\u00e1sadn\u00ed roli p\u0159i udr\u017eov\u00e1n\u00ed pevnosti kost\u00ed a podporuje regeneraci tk\u00e1n\u00ed, zat\u00edmco <strong>m\u011b\u010f<\/strong> pom\u00e1h\u00e1 p\u0159i tvorb\u011b kolagenu, kter\u00fd je nezbytn\u00fd pro strukturu kost\u00ed. Spole\u010dn\u011b <strong>zinek a m\u011b\u010f<\/strong> p\u016fsob\u00ed v synergii, co\u017e umo\u017e\u0148uje optim\u00e1ln\u00ed vst\u0159eb\u00e1v\u00e1n\u00ed a vyu\u017eit\u00ed \u017eivin, \u010d\u00edm\u017e p\u0159isp\u00edvaj\u00ed k pos\u00edlen\u00ed kost\u00ed a sn\u00ed\u017een\u00ed rizika osteopor\u00f3zy. Tato kombinace pom\u00e1h\u00e1 udr\u017eovat rovnov\u00e1hu miner\u00e1l\u016f v organismu, co\u017e je kl\u00ed\u010dov\u00e9 pro dlouhodob\u00e9 zdrav\u00ed kostern\u00edho syst\u00e9mu. <\/p>\n<p><strong>Slo\u017een\u00ed:<\/strong> <a href=\"https:\/\/visionstore.co.rs\/cs\/kalcijum-2\/\">v\u00e1pn\u00edk<\/a>, <a href=\"https:\/\/visionstore.co.rs\/acerola-i-vitamini-c-i-k\/\"><strong>vitam\u00edn K<\/strong><\/a>, <a href=\"https:\/\/visionstore.co.rs\/cs\/vitamin-d-2\/\">vitam\u00edn D<\/a>, <a href=\"https:\/\/visionstore.co.rs\/mumijo-za-zastitu-zdravlja\/\">extrakt z mumie<\/a>, <a href=\"https:\/\/visionstore.co.rs\/rastavic-lat-equisetum-arvense\/\"><strong>extrakt z p\u0159esli\u010dky roln\u00ed (<em>Equisetum arvense<\/em>)<\/strong><\/a>, <a href=\"https:\/\/visionstore.co.rs\/cink-i-nase-zdravlje\/\">zinek<\/a>, <a href=\"https:\/\/visionstore.co.rs\/cs\/bakar-2\/\">m\u011b\u010f<\/a>.<\/p>\n<p><strong>Mno\u017estv\u00ed: 60 kapsl\u00ed<\/strong><\/p>\n<p><strong>\u010cist\u00e1 hmotnost: 49,8g<\/strong><\/p>\n<table width=\"421\">\n<tbody>\n<tr>\n<td width=\"197\"><strong>AKTIVN\u00cd L\u00c1TKY:<\/strong><\/td>\n<td width=\"80\"><strong>Na 2 kapsle<\/strong><\/td>\n<td width=\"64\"><strong>%NRV*<\/strong><\/td>\n<\/tr>\n<tr>\n<td>V\u00e1pn\u00edk<\/td>\n<td>400 mg<\/td>\n<td>50%<\/td>\n<\/tr>\n<tr>\n<td width=\"197\">Such\u00fd extrakt z nat\u011b p\u0159esli\u010dky roln\u00ed (<em>Equisetum arvense<\/em>) (standardizovan\u00fd na 7 % k\u0159em\u00edku)<\/p>\n<ul>\n<li>z toho k\u0159em\u00edku<\/li>\n<\/ul>\n<\/td>\n<td>126 mg<\/p>\n<ul>\n<li>8,82 mg<\/li>\n<\/ul>\n<\/td>\n<td>**<\/td>\n<\/tr>\n<tr>\n<td width=\"197\">Such\u00fd extrakt shilajitu (mumio) (standardizovan\u00fd na 20 % fulvinov\u00e9 kyseliny)<\/p>\n<ul>\n<li>z toho fulvokyselina<\/li>\n<\/ul>\n<\/td>\n<td>40 mg<\/p>\n<ul>\n<li>8 mg<\/li>\n<\/ul>\n<\/td>\n<td>**<\/td>\n<\/tr>\n<tr>\n<td width=\"197\">Vitam\u00edn K<\/td>\n<td>22 \u00b5g<\/td>\n<td>29%<\/td>\n<\/tr>\n<tr>\n<td>Vitam\u00edn D<\/td>\n<td>5 \u00b5g<\/td>\n<td>100%<\/td>\n<\/tr>\n<tr>\n<td>Zinek<\/td>\n<td>14 mg<\/td>\n<td>140%<\/td>\n<\/tr>\n<tr>\n<td>M\u011b\u010f<\/td>\n<td>1 mg<\/td>\n<td>100%<\/td>\n<\/tr>\n<\/tbody>\n<\/table>\n<p>*NRV &#8211; nutri\u010dn\u00ed referen\u010dn\u00ed hodnota<br \/>\n** \u2013 nebyla stanovena \u017e\u00e1dn\u00e1 nutri\u010dn\u00ed referen\u010dn\u00ed hodnota<\/p>\n","protected":false},"excerpt":{"rendered":"<p><strong>VLASTNOSTI PRODUKTU OSTEOSANUM:<\/strong><\/p>\n<ul>\n<li>Sni\u017euje riziko osteopor\u00f3zy.<\/li>\n<li>Zlep\u0161uje stavbu kost\u00ed a zvy\u0161uje jejich miner\u00e1ln\u00ed pevnost.<\/li>\n<li>Zabra\u0148uje vyplavov\u00e1n\u00ed v\u00e1pn\u00edku z kostn\u00ed tk\u00e1n\u011b.<\/li>\n<li>Napom\u00e1h\u00e1 rychlej\u0161\u00edmu hojen\u00ed kost\u00ed v p\u0159\u00edpad\u011b zlomenin.<\/li>\n<li>Zabra\u0148uje deformaci p\u00e1te\u0159e t\u00edm, \u017ee neumo\u017e\u0148uje poruchu dr\u017een\u00ed t\u011bla.<\/li>\n<li>Pod\u00edl\u00ed se na zr\u00e1n\u00ed nejd\u016fle\u017eit\u011bj\u0161\u00ed b\u00edlkoviny kostn\u00ed tk\u00e1n\u011b \u2013 kolagenu.<\/li>\n<li>Posiluje zuby, vlasy a nehty.<\/li>\n<\/ul>\n","protected":false},"featured_media":29063,"comment_status":"open","ping_status":"closed","template":"","meta":{"_acf_changed":false,"_uag_custom_page_level_css":"","site-sidebar-layout":"default","site-content-layout":"default","ast-site-content-layout":"default","site-content-style":"default","site-sidebar-style":"default","ast-global-header-display":"","ast-banner-title-visibility":"","ast-main-header-display":"","ast-hfb-above-header-display":"","ast-hfb-below-header-display":"","ast-hfb-mobile-header-display":"","site-post-title":"","ast-breadcrumbs-content":"","ast-featured-img":"","footer-sml-layout":"","ast-disable-related-posts":"","theme-transparent-header-meta":"default","adv-header-id-meta":"","stick-header-meta":"default","header-above-stick-meta":"","header-main-stick-meta":"","header-below-stick-meta":"","astra-migrate-meta-layouts":"default","ast-page-background-enabled":"default","ast-page-background-meta":{"desktop":{"background-color":"","background-image":"","background-repeat":"repeat","background-position":"center center","background-size":"auto","background-attachment":"scroll","background-type":"","background-media":"","overlay-type":"","overlay-color":"","overlay-opacity":"","overlay-gradient":""},"tablet":{"background-color":"","background-image":"","background-repeat":"repeat","background-position":"center center","background-size":"auto","background-attachment":"scroll","background-type":"","background-media":"","overlay-type":"","overlay-color":"","overlay-opacity":"","overlay-gradient":""},"mobile":{"background-color":"","background-image":"","background-repeat":"repeat","background-position":"center center","background-size":"auto","background-attachment":"scroll","background-type":"","background-media":"","overlay-type":"","overlay-color":"","overlay-opacity":"","overlay-gradient":""}},"ast-content-background-meta":{"desktop":{"background-color":"var(--ast-global-color-4)","background-image":"","background-repeat":"repeat","background-position":"center center","background-size":"auto","background-attachment":"scroll","background-type":"","background-media":"","overlay-type":"","overlay-color":"","overlay-opacity":"","overlay-gradient":""},"tablet":{"background-color":"var(--ast-global-color-4)","background-image":"","background-repeat":"repeat","background-position":"center center","background-size":"auto","background-attachment":"scroll","background-type":"","background-media":"","overlay-type":"","overlay-color":"","overlay-opacity":"","overlay-gradient":""},"mobile":{"background-color":"var(--ast-global-color-4)","background-image":"","background-repeat":"repeat","background-position":"center center","background-size":"auto","background-attachment":"scroll","background-type":"","background-media":"","overlay-type":"","overlay-color":"","overlay-opacity":"","overlay-gradient":""}},"jetpack_post_was_ever_published":false},"product_brand":[],"product_cat":[361],"product_tag":[],"class_list":{"0":"post-18284","1":"product","2":"type-product","3":"status-publish","4":"has-post-thumbnail","6":"product_cat-direct-hit","7":"desktop-align-center","8":"tablet-align-center","9":"mobile-align-center","10":"ast-product-gallery-layout-horizontal","11":"ast-product-tabs-layout-distributed","12":"ast-qv-on-image","14":"first","15":"instock","16":"taxable","17":"shipping-taxable","18":"purchasable","19":"product-type-simple"},"acf":[],"uagb_featured_image_src":{"full":["https:\/\/i0.wp.com\/visionstore.co.rs\/wp-content\/uploads\/2020\/07\/OsteosanumNew.png?fit=1024%2C1024&ssl=1",1024,1024,false],"thumbnail":["https:\/\/i0.wp.com\/visionstore.co.rs\/wp-content\/uploads\/2020\/07\/OsteosanumNew.png?resize=150%2C150&ssl=1",150,150,true],"medium":["https:\/\/i0.wp.com\/visionstore.co.rs\/wp-content\/uploads\/2020\/07\/OsteosanumNew.png?fit=300%2C300&ssl=1",300,300,true],"medium_large":["https:\/\/i0.wp.com\/visionstore.co.rs\/wp-content\/uploads\/2020\/07\/OsteosanumNew.png?fit=768%2C768&ssl=1",768,768,true],"large":["https:\/\/i0.wp.com\/visionstore.co.rs\/wp-content\/uploads\/2020\/07\/OsteosanumNew.png?fit=1024%2C1024&ssl=1",1024,1024,true],"1536x1536":["https:\/\/i0.wp.com\/visionstore.co.rs\/wp-content\/uploads\/2020\/07\/OsteosanumNew.png?fit=1024%2C1024&ssl=1",1024,1024,true],"2048x2048":["https:\/\/i0.wp.com\/visionstore.co.rs\/wp-content\/uploads\/2020\/07\/OsteosanumNew.png?fit=1024%2C1024&ssl=1",1024,1024,true],"mailpoet_newsletter_max":["https:\/\/i0.wp.com\/visionstore.co.rs\/wp-content\/uploads\/2020\/07\/OsteosanumNew.png?fit=1024%2C1024&ssl=1",1024,1024,true],"woocommerce_thumbnail":["https:\/\/i0.wp.com\/visionstore.co.rs\/wp-content\/uploads\/2020\/07\/OsteosanumNew.png?fit=900%2C900&ssl=1",900,900,true],"woocommerce_single":["https:\/\/i0.wp.com\/visionstore.co.rs\/wp-content\/uploads\/2020\/07\/OsteosanumNew.png?fit=1024%2C1024&ssl=1",1024,1024,true],"woocommerce_gallery_thumbnail":["https:\/\/i0.wp.com\/visionstore.co.rs\/wp-content\/uploads\/2020\/07\/OsteosanumNew.png?resize=100%2C100&ssl=1",100,100,true]},"uagb_author_info":{"display_name":"admin","author_link":"https:\/\/visionstore.co.rs\/cs\/author\/"},"uagb_comment_info":1,"uagb_excerpt":"VLASTNOSTI PRODUKTU OSTEOSANUM: Sni\u017euje riziko osteopor\u00f3zy. Zlep\u0161uje stavbu kost\u00ed a zvy\u0161uje jejich miner\u00e1ln\u00ed pevnost. Zabra\u0148uje vyplavov\u00e1n\u00ed v\u00e1pn\u00edku z kostn\u00ed tk\u00e1n\u011b. Napom\u00e1h\u00e1 rychlej\u0161\u00edmu hojen\u00ed kost\u00ed v p\u0159\u00edpad\u011b zlomenin. Zabra\u0148uje deformaci p\u00e1te\u0159e t\u00edm, \u017ee neumo\u017e\u0148uje poruchu dr\u017een\u00ed t\u011bla. Pod\u00edl\u00ed se na zr\u00e1n\u00ed nejd\u016fle\u017eit\u011bj\u0161\u00ed b\u00edlkoviny kostn\u00ed tk\u00e1n\u011b \u2013 kolagenu. Posiluje zuby, vlasy a nehty.","jetpack_sharing_enabled":true,"_links":{"self":[{"href":"https:\/\/visionstore.co.rs\/cs\/wp-json\/wp\/v2\/product\/18284","targetHints":{"allow":["GET"]}}],"collection":[{"href":"https:\/\/visionstore.co.rs\/cs\/wp-json\/wp\/v2\/product"}],"about":[{"href":"https:\/\/visionstore.co.rs\/cs\/wp-json\/wp\/v2\/types\/product"}],"replies":[{"embeddable":true,"href":"https:\/\/visionstore.co.rs\/cs\/wp-json\/wp\/v2\/comments?post=18284"}],"wp:featuredmedia":[{"embeddable":true,"href":"https:\/\/visionstore.co.rs\/cs\/wp-json\/wp\/v2\/media\/29063"}],"wp:attachment":[{"href":"https:\/\/visionstore.co.rs\/cs\/wp-json\/wp\/v2\/media?parent=18284"}],"wp:term":[{"taxonomy":"product_brand","embeddable":true,"href":"https:\/\/visionstore.co.rs\/cs\/wp-json\/wp\/v2\/product_brand?post=18284"},{"taxonomy":"product_cat","embeddable":true,"href":"https:\/\/visionstore.co.rs\/cs\/wp-json\/wp\/v2\/product_cat?post=18284"},{"taxonomy":"product_tag","embeddable":true,"href":"https:\/\/visionstore.co.rs\/cs\/wp-json\/wp\/v2\/product_tag?post=18284"}],"curies":[{"name":"wp","href":"https:\/\/api.w.org\/{rel}","templated":true}]}}