{"id":18308,"date":"2019-12-27T13:38:39","date_gmt":"2019-12-27T12:38:39","guid":{"rendered":"https:\/\/visionstore.co.rs\/product\/detox-classic\/"},"modified":"2025-10-22T11:55:23","modified_gmt":"2025-10-22T09:55:23","slug":"detox","status":"publish","type":"product","link":"https:\/\/visionstore.co.rs\/cs\/product\/detox\/","title":{"rendered":"Detox Classic"},"content":{"rendered":"<p><strong>Detox Classic aktivuje \u010dist\u00edc\u00ed syst\u00e9m t\u011bla na bun\u011b\u010dn\u00e9 \u00farovni<\/strong>, co\u017e m\u00e1 za n\u00e1sledek eliminaci toxin\u016f a zlep\u0161en\u00ed bun\u011b\u010dn\u00e9 aktivity.<br \/>\nV\u00fdznam detoxikace spo\u010d\u00edv\u00e1 v zbaven\u00ed se toxin\u016f, kter\u00e9 se v t\u011ble nahromadily, a kter\u00e9 nelze odstranit b\u011b\u017en\u00fdmi \u010dist\u00edc\u00edmi postupy.<\/p>\n<ul>\n<li>\u010cist\u00ed organismus na bun\u011b\u010dn\u00e9 \u00farovni<\/li>\n<li>M\u00e1 imunomodula\u010dn\u00ed \u00fa\u010dinek<\/li>\n<li>M\u00e1 detoxika\u010dn\u00ed \u00fa\u010dinek<\/li>\n<li>Stimuluje detoxika\u010dn\u00ed funkce organismu<\/li>\n<li>Vylu\u010duje produkty metabolick\u00fdch proces\u016f<\/li>\n<li>Odstra\u0148uje z t\u011bla toxiny, ne\u010distoty a t\u011b\u017ek\u00e9 kovy<\/li>\n<li>Obnovuje jatern\u00ed bu\u0148ky a posiluje detoxika\u010dn\u00ed funkce<\/li>\n<li>M\u00e1 zvl\u00e1\u0161t\u011b siln\u00fd protiz\u00e1n\u011btliv\u00fd \u00fa\u010dinek<\/li>\n<li>P\u016fsob\u00ed blahod\u00e1rn\u011b na tr\u00e1vic\u00ed syst\u00e9m<\/li>\n<li>Chr\u00e1n\u00ed p\u0159ed z\u00e1n\u011btliv\u00fdmi onemocn\u011bn\u00edmi a alergiemi<\/li>\n<\/ul>\n<p>Jeho \u00fa\u010dinn\u00fdmi l\u00e1tkami jsou rostlina <strong>ko\u010di\u010d\u00ed dr\u00e1p<\/strong> (lat. <em>Uncaria tomentosa<\/em> ), <strong>z\u00e1zvor<\/strong> (lat. <i><i title=\"Latinsk\u00fd text\">Zingiber officinale)<\/i><\/i> , pr\u00e1\u0161kov\u00e1 <strong>\u0159asa chlorella<\/strong> (lat. <em>Chlorella vulgaris<\/em> ).<\/p>\n<p><strong>Detox Classic<\/strong> zlep\u0161uje detoxika\u010dn\u00ed funkci jater a st\u0159ev, podporuje vylu\u010dov\u00e1n\u00ed toxin\u016f, \u00fa\u010dinn\u011b <strong>\u010dist\u00ed organismus po l\u00e9\u010db\u011b syntetick\u00fdmi l\u00e9\u010div\u00fdmi p\u0159\u00edpravky<\/strong>.<\/p>\n<p><strong>Detox Classic umo\u017e\u0148uje jemnou, neagresivn\u00ed o\u010distu organismu<\/strong>, bez vy\u010derp\u00e1vaj\u00edc\u00edch \u00fa\u010dink\u016f a \u017ealude\u010dn\u00edch pot\u00ed\u017e\u00ed. Produkt normalizuje pr\u00e1ci imunitn\u00edho syst\u00e9mu a poskytuje ochranu t\u011bla p\u0159ed nep\u0159\u00edzniv\u00fdmi faktory \u017eivotn\u00edho prost\u0159ed\u00ed.<\/p>\n<p><strong>Chlorella<\/strong> podporuje \u010dinnost tr\u00e1vic\u00edho syst\u00e9mu a stimuluje r\u016fst prosp\u011b\u0161n\u00fdch laktobacil\u016f. Ka\u017ed\u00e1 bu\u0148ka chlorelly slou\u017e\u00ed na\u0161emu zdrav\u00ed. I pevn\u00e9 st\u011bny t\u00e9to mikro\u0159asy se skl\u00e1daj\u00ed z u\u017eite\u010dn\u00e9ho materi\u00e1lu, kter\u00fd pom\u00e1h\u00e1 vylu\u010dovat z t\u011bla nejen p\u0159irozen\u00e9 toxick\u00e9 produkty metabolismu, ale tak\u00e9 toxiny vn\u00e1\u0161en\u00e9 z okoln\u00edho prost\u0159ed\u00ed, jako jsou t\u011b\u017ek\u00e9 kovy a pesticidy.<\/p>\n<p><strong>Z\u00e1zvor<\/strong> m\u00e1 detoxika\u010dn\u00ed vlastnosti, zlep\u0161uje \u010dinnost st\u0159ev a tr\u00e1ven\u00ed, zvy\u0161uje energii a metabolick\u00e9 procesy v t\u011ble, usnad\u0148uje a stimuluje tr\u00e1ven\u00ed, zm\u00edr\u0148uje plynatost, \u017ealude\u010dn\u00ed pot\u00ed\u017ee a zabra\u0148uje k\u0159e\u010d\u00edm. V\u00fdzkum uk\u00e1zal, \u017ee dok\u00e1\u017ee bojovat s nevolnost\u00ed zp\u016fsobenou \u0159\u00edzen\u00edm nebo t\u011bhotenstv\u00edm, stejn\u011b jako s nevolnost\u00ed zp\u016fsobenou chemoterapi\u00ed. Pom\u00e1h\u00e1 tak\u00e9 zm\u00edrnit menstrua\u010dn\u00ed bolesti. M\u00e1 zvl\u00e1\u0161t\u011b siln\u00fd protiz\u00e1n\u011btliv\u00fd \u00fa\u010dinek a zlep\u0161uje imunitu.<\/p>\n<p>Komplex <strong>Detox Classic<\/strong> je speci\u00e1ln\u011b vytvo\u0159en pro podporu zdrav\u00e9ho bun\u011b\u010dn\u00e9ho d\u011blen\u00ed a pos\u00edlen\u00ed bun\u011b\u010dn\u00e9 imunity, co\u017e umo\u017e\u0148uje p\u0159irozen\u00fdm \u010dist\u00edc\u00edm syst\u00e9m\u016fm t\u011bla snadno se vypo\u0159\u00e1dat s jak\u00fdmikoli toxick\u00fdmi hrozbami.<\/p>\n<p>Jak m\u016f\u017ee b\u00fdt jedna rostlinn\u00e1 slo\u017eka sou\u010dasn\u011b n\u00e1strojem vz\u00e1jemn\u00e9ho bun\u011b\u010dn\u00e9ho p\u016fsoben\u00ed, slou\u017eit jako imunologick\u00fd jazyk komunikace mezi bu\u0148kami, ale tak\u00e9 zabra\u0148ovat \u010detn\u00fdm anom\u00e1li\u00edm v d\u011blen\u00ed a v\u00fdvoji bun\u011bk? Tento jev m\u016f\u017ee existovat, pokud se jedn\u00e1 o jedine\u010dnou fytokomponentu, rostlinu <strong>uncaria tomentosa<\/strong>.<br \/>\nJako zdroj vysoce aktivn\u00edch a u\u017eite\u010dn\u00fdch slo\u017eek je <strong>uncaria tomentosa<\/strong> uzn\u00e1v\u00e1na jako jeden z nejsiln\u011bj\u0161\u00edch imunomodul\u00e1tor\u016f na cel\u00e9m sv\u011bt\u011b. Obsahuje \u0159adu alkaloid\u016f s vysokou biologickou aktivitou, z nich\u017e \u010dty\u0159i jsou v\u00fdborn\u00fdmi stimul\u00e1tory imunity a p\u0159edev\u0161\u00edm bun\u011bk fagocyt\u00e1rn\u00edho syst\u00e9mu. Jedn\u00edm z projevuj\u00edc\u00edch se mechanism\u016f imunostimula\u010dn\u00edho p\u016fsoben\u00ed t\u00e9to rostliny je pos\u00edlen\u00ed fagocyt\u00e1rn\u00ed vazby imunity a dal\u0161\u00edm ovlivn\u011bn\u00ed normalizace sekrece neurotransmiter\u016f imunity, kter\u00e9 prakticky ovliv\u0148uj\u00ed v\u0161echny bu\u0148ky organismu a zaji\u0161\u0165uj\u00ed mezibun\u011b\u010dnou spolupr\u00e1ci a kontrola vnit\u0159n\u00edho prost\u0159ed\u00ed.<\/p>\n<p>Pr\u00e1v\u011b <strong>uncaria tomentosa<\/strong> pom\u00e1h\u00e1 bu\u0148k\u00e1m l\u00e9pe si porozum\u011bt, aby byla zaji\u0161t\u011bna synchronizovan\u00e1 pr\u00e1ce jednotliv\u00fdch vazeb imunitn\u00edho syst\u00e9mu a organismu jako celku. Jin\u00fdmi slovy, tato rostlina normalizuje imunitu v r\u016fzn\u00fdch ukazatel\u00edch jej\u00edch poruch, jako je imunodeprese nebo imunoagrese.<\/p>\n<p>Spolu s alkaloidy tato rostlina obsahuje bioflavonoidy, glykosidy, t\u0159\u00edsloviny, organick\u00e9 kyseliny, kter\u00e9 zaji\u0161\u0165uj\u00ed \u0159adu biologick\u00fdch \u00fa\u010dink\u016f t\u00e9to rostliny, zejm\u00e9na jej\u00ed p\u016fsoben\u00ed, a to jak na mezibun\u011b\u010dn\u00e9, tak i intracelul\u00e1rn\u00ed \u00farovni.<\/p>\n<p>Mezibun\u011b\u010dn\u00e1 tekutina, kter\u00e1 obklopuje ka\u017edou bu\u0148ku, se obnovuje ve stejnou dobu, kdy je vy\u010derpan\u00e1 bun\u011b\u010dn\u00e1 tekutina s rozpu\u0161t\u011bn\u00fdmi toxiny vypuzena s\u00edt\u00ed speci\u00e1ln\u00edch kan\u00e1l\u016f. K \u010di\u0161t\u011bn\u00ed t\u011bchto mezibun\u011b\u010dn\u00fdch kan\u00e1lk\u016f vyu\u017e\u00edv\u00e1 <strong>uncaria tomentosa<\/strong> sv\u00e9 schopnosti vylu\u010dovat toxiny a redukovat st\u0159evn\u00ed ne\u010distoty, stimuluj\u00edc\u00ed \u010dist\u00edc\u00ed funkce mo\u010dov\u00e9ho, c\u00e9vn\u00edho a lymfatick\u00e9ho syst\u00e9mu.<\/p>\n<p>K \u010di\u0161t\u011bn\u00ed intracelul\u00e1rn\u00edho prostoru <strong>uncaria tomentosa<\/strong> stimuluje pr\u00e1ci enzym\u016f, kter\u00e9 neutralizuj\u00ed \u0161kodliv\u00e9 l\u00e1tky, kter\u00e9 vstupuj\u00ed do bun\u011bk. Tato bylina bojuje proti nebezpe\u010dn\u00fdm toxin\u016fm a stimuluje odstra\u0148ov\u00e1n\u00ed strusky z bun\u011bk.<\/p>\n<p>Existuj\u00ed \u010detn\u00e9 v\u00fdsledky experiment\u00e1ln\u00edho v\u00fdzkumu, kter\u00e9 ukazuj\u00ed schopnost rostliny <strong>uncaria tomentosa<\/strong> br\u00e1nit leukocyt\u00e1rn\u00edmu d\u011blen\u00ed leukemick\u00fdch bun\u011bk.<\/p>\n<p><strong>Slo\u017een\u00ed:<\/strong> <a href=\"https:\/\/visionstore.co.rs\/cudesna-biljka-macija-kandza-uncaria-tomentosa\/\">ko\u010di\u010d\u00ed dr\u00e1p (lat. <em>Uncaria tomentosa<\/em> )<\/a> , <a href=\"https:\/\/visionstore.co.rs\/djumbir-je-svima-poznat-ali-da-li-ste-znali-i-ovo\/\">such\u00fd extrakt z ko\u0159ene z\u00e1zvoru (lat. <i><i title=\"Latinsk\u00fd text\">Zingiber officinale)<\/i><\/i><\/a> , <a href=\"https:\/\/visionstore.co.rs\/cs\/hlorela-2\/\">pr\u00e1\u0161kov\u00e1 \u0159asa chlorella (lat. <em>Chlorella vulgaris<\/em> )<\/a><\/p>\n<p><strong>Mno\u017estv\u00ed: 60 kapsl\u00ed<\/strong><\/p>\n<p><strong>\u010cist\u00e1 hmotnost: 35,4g<\/strong><\/p>\n<table>\n<tbody>\n<tr>\n<td><strong>AKTIVN\u00cd L\u00c1TKY:<\/strong><\/td>\n<td><strong>1 kapsle<br \/>\n(583,5 mg)<\/strong><\/td>\n<td><strong>%NRV*<\/strong><\/td>\n<\/tr>\n<tr>\n<td>Ko\u010di\u010d\u00ed dr\u00e1p (lat. <em>Uncaria tomentosa<\/em>), ko\u0159enov\u00e1 k\u016fra<\/td>\n<td>380 mg<\/td>\n<td>**<\/td>\n<\/tr>\n<tr>\n<td>Pochybn\u00e1 \u0159asa chlorella (lat. <em>Chlorella vulgaris<\/em>)<\/td>\n<td>50 mg<\/td>\n<td>**<\/td>\n<\/tr>\n<tr>\n<td>Such\u00fd extrakt z ko\u0159ene z\u00e1zvoru (lat. <i><i title=\"Latinsk\u00fd text\">Zingiber officinale) 10:1<\/i><\/i><\/td>\n<td>5 mg<\/td>\n<td>**<\/td>\n<\/tr>\n<\/tbody>\n<\/table>\n<p>*NRV &#8211; nutri\u010dn\u00ed referen\u010dn\u00ed hodnota<br \/>\n** \u2013 nebyla stanovena \u017e\u00e1dn\u00e1 nutri\u010dn\u00ed referen\u010dn\u00ed hodnota<\/p>\n","protected":false},"excerpt":{"rendered":"<p>VLASTNOSTI PRODUKTU DETOX Classic<\/p>\n<ul>\n<li>\u010cist\u00ed organismus na bun\u011b\u010dn\u00e9 \u00farovni<\/li>\n<li>M\u00e1 imunomodula\u010dn\u00ed \u00fa\u010dinek<\/li>\n<li>M\u00e1 detoxika\u010dn\u00ed \u00fa\u010dinek<\/li>\n<li>Stimuluje detoxika\u010dn\u00ed funkce organismu<\/li>\n<li>Vylu\u010duje produkty metabolick\u00fdch proces\u016f<\/li>\n<li>Odstra\u0148uje z t\u011bla toxiny, ne\u010distoty a t\u011b\u017ek\u00e9 kovy<\/li>\n<li>Obnovuje jatern\u00ed bu\u0148ky a posiluje detoxika\u010dn\u00ed funkce<\/li>\n<li>M\u00e1 zvl\u00e1\u0161t\u011b siln\u00fd protiz\u00e1n\u011btliv\u00fd \u00fa\u010dinek<\/li>\n<li>P\u016fsob\u00ed blahod\u00e1rn\u011b na tr\u00e1vic\u00ed syst\u00e9m<\/li>\n<li>Chr\u00e1n\u00ed p\u0159ed z\u00e1n\u011btliv\u00fdmi onemocn\u011bn\u00edmi a alergiemi<\/li>\n<li>Potla\u010duje nevolnost a k\u0159e\u010de<\/li>\n<\/ul>\n","protected":false},"featured_media":28920,"comment_status":"open","ping_status":"closed","template":"","meta":{"_acf_changed":false,"_uag_custom_page_level_css":"","site-sidebar-layout":"default","site-content-layout":"default","ast-site-content-layout":"default","site-content-style":"default","site-sidebar-style":"default","ast-global-header-display":"","ast-banner-title-visibility":"","ast-main-header-display":"","ast-hfb-above-header-display":"","ast-hfb-below-header-display":"","ast-hfb-mobile-header-display":"","site-post-title":"","ast-breadcrumbs-content":"","ast-featured-img":"","footer-sml-layout":"","ast-disable-related-posts":"","theme-transparent-header-meta":"default","adv-header-id-meta":"","stick-header-meta":"default","header-above-stick-meta":"","header-main-stick-meta":"","header-below-stick-meta":"","astra-migrate-meta-layouts":"default","ast-page-background-enabled":"default","ast-page-background-meta":{"desktop":{"background-color":"","background-image":"","background-repeat":"repeat","background-position":"center center","background-size":"auto","background-attachment":"scroll","background-type":"","background-media":"","overlay-type":"","overlay-color":"","overlay-opacity":"","overlay-gradient":""},"tablet":{"background-color":"","background-image":"","background-repeat":"repeat","background-position":"center center","background-size":"auto","background-attachment":"scroll","background-type":"","background-media":"","overlay-type":"","overlay-color":"","overlay-opacity":"","overlay-gradient":""},"mobile":{"background-color":"","background-image":"","background-repeat":"repeat","background-position":"center center","background-size":"auto","background-attachment":"scroll","background-type":"","background-media":"","overlay-type":"","overlay-color":"","overlay-opacity":"","overlay-gradient":""}},"ast-content-background-meta":{"desktop":{"background-color":"var(--ast-global-color-4)","background-image":"","background-repeat":"repeat","background-position":"center center","background-size":"auto","background-attachment":"scroll","background-type":"","background-media":"","overlay-type":"","overlay-color":"","overlay-opacity":"","overlay-gradient":""},"tablet":{"background-color":"var(--ast-global-color-4)","background-image":"","background-repeat":"repeat","background-position":"center center","background-size":"auto","background-attachment":"scroll","background-type":"","background-media":"","overlay-type":"","overlay-color":"","overlay-opacity":"","overlay-gradient":""},"mobile":{"background-color":"var(--ast-global-color-4)","background-image":"","background-repeat":"repeat","background-position":"center center","background-size":"auto","background-attachment":"scroll","background-type":"","background-media":"","overlay-type":"","overlay-color":"","overlay-opacity":"","overlay-gradient":""}}},"product_brand":[],"product_cat":[357],"product_tag":[],"class_list":{"0":"post-18308","1":"product","2":"type-product","3":"status-publish","4":"has-post-thumbnail","6":"product_cat-classic-hit","7":"desktop-align-center","8":"tablet-align-center","9":"mobile-align-center","10":"ast-product-gallery-layout-horizontal","11":"ast-product-tabs-layout-distributed","12":"ast-qv-on-image","14":"first","15":"instock","16":"taxable","17":"shipping-taxable","18":"purchasable","19":"product-type-simple"},"acf":[],"uagb_featured_image_src":{"full":["https:\/\/i0.wp.com\/visionstore.co.rs\/wp-content\/uploads\/2019\/12\/Detox_Classic.png?fit=1024%2C1024&ssl=1",1024,1024,false],"thumbnail":["https:\/\/i0.wp.com\/visionstore.co.rs\/wp-content\/uploads\/2019\/12\/Detox_Classic.png?resize=150%2C150&ssl=1",150,150,true],"medium":["https:\/\/i0.wp.com\/visionstore.co.rs\/wp-content\/uploads\/2019\/12\/Detox_Classic.png?fit=300%2C300&ssl=1",300,300,true],"medium_large":["https:\/\/i0.wp.com\/visionstore.co.rs\/wp-content\/uploads\/2019\/12\/Detox_Classic.png?fit=768%2C768&ssl=1",768,768,true],"large":["https:\/\/i0.wp.com\/visionstore.co.rs\/wp-content\/uploads\/2019\/12\/Detox_Classic.png?fit=1024%2C1024&ssl=1",1024,1024,true],"1536x1536":["https:\/\/i0.wp.com\/visionstore.co.rs\/wp-content\/uploads\/2019\/12\/Detox_Classic.png?fit=1024%2C1024&ssl=1",1024,1024,true],"2048x2048":["https:\/\/i0.wp.com\/visionstore.co.rs\/wp-content\/uploads\/2019\/12\/Detox_Classic.png?fit=1024%2C1024&ssl=1",1024,1024,true],"mailpoet_newsletter_max":["https:\/\/i0.wp.com\/visionstore.co.rs\/wp-content\/uploads\/2019\/12\/Detox_Classic.png?fit=1024%2C1024&ssl=1",1024,1024,true],"woocommerce_thumbnail":["https:\/\/i0.wp.com\/visionstore.co.rs\/wp-content\/uploads\/2019\/12\/Detox_Classic.png?fit=900%2C900&ssl=1",900,900,true],"woocommerce_single":["https:\/\/i0.wp.com\/visionstore.co.rs\/wp-content\/uploads\/2019\/12\/Detox_Classic.png?fit=1024%2C1024&ssl=1",1024,1024,true],"woocommerce_gallery_thumbnail":["https:\/\/i0.wp.com\/visionstore.co.rs\/wp-content\/uploads\/2019\/12\/Detox_Classic.png?resize=100%2C100&ssl=1",100,100,true]},"uagb_author_info":{"display_name":"admin","author_link":"https:\/\/visionstore.co.rs\/cs\/author\/"},"uagb_comment_info":2,"uagb_excerpt":"VLASTNOSTI PRODUKTU DETOX Classic \u010cist\u00ed organismus na bun\u011b\u010dn\u00e9 \u00farovni M\u00e1 imunomodula\u010dn\u00ed \u00fa\u010dinek M\u00e1 detoxika\u010dn\u00ed \u00fa\u010dinek Stimuluje detoxika\u010dn\u00ed funkce organismu Vylu\u010duje produkty metabolick\u00fdch proces\u016f Odstra\u0148uje z t\u011bla toxiny, ne\u010distoty a t\u011b\u017ek\u00e9 kovy Obnovuje jatern\u00ed bu\u0148ky a posiluje detoxika\u010dn\u00ed funkce M\u00e1 zvl\u00e1\u0161t\u011b siln\u00fd protiz\u00e1n\u011btliv\u00fd \u00fa\u010dinek P\u016fsob\u00ed blahod\u00e1rn\u011b na tr\u00e1vic\u00ed syst\u00e9m Chr\u00e1n\u00ed p\u0159ed z\u00e1n\u011btliv\u00fdmi onemocn\u011bn\u00edmi a alergiemi Potla\u010duje&hellip;","jetpack_sharing_enabled":true,"_links":{"self":[{"href":"https:\/\/visionstore.co.rs\/cs\/wp-json\/wp\/v2\/product\/18308","targetHints":{"allow":["GET"]}}],"collection":[{"href":"https:\/\/visionstore.co.rs\/cs\/wp-json\/wp\/v2\/product"}],"about":[{"href":"https:\/\/visionstore.co.rs\/cs\/wp-json\/wp\/v2\/types\/product"}],"replies":[{"embeddable":true,"href":"https:\/\/visionstore.co.rs\/cs\/wp-json\/wp\/v2\/comments?post=18308"}],"wp:featuredmedia":[{"embeddable":true,"href":"https:\/\/visionstore.co.rs\/cs\/wp-json\/wp\/v2\/media\/28920"}],"wp:attachment":[{"href":"https:\/\/visionstore.co.rs\/cs\/wp-json\/wp\/v2\/media?parent=18308"}],"wp:term":[{"taxonomy":"product_brand","embeddable":true,"href":"https:\/\/visionstore.co.rs\/cs\/wp-json\/wp\/v2\/product_brand?post=18308"},{"taxonomy":"product_cat","embeddable":true,"href":"https:\/\/visionstore.co.rs\/cs\/wp-json\/wp\/v2\/product_cat?post=18308"},{"taxonomy":"product_tag","embeddable":true,"href":"https:\/\/visionstore.co.rs\/cs\/wp-json\/wp\/v2\/product_tag?post=18308"}],"curies":[{"name":"wp","href":"https:\/\/api.w.org\/{rel}","templated":true}]}}