{"id":18320,"date":"2019-12-27T12:43:05","date_gmt":"2019-12-27T11:43:05","guid":{"rendered":"https:\/\/visionstore.co.rs\/product\/pax-classic\/"},"modified":"2025-10-22T11:55:23","modified_gmt":"2025-10-22T09:55:23","slug":"pax","status":"publish","type":"product","link":"https:\/\/visionstore.co.rs\/cs\/product\/pax\/","title":{"rendered":"Pax Classic"},"content":{"rendered":"<p><strong>Pax Classic \u2013 siln\u00fd antistresov\u00fd komplex, kter\u00fd chr\u00e1n\u00ed ka\u017edou bu\u0148ku t\u011bla p\u0159ed \u0161kodliv\u00fdmi \u00fa\u010dinky stresov\u00fdch situac\u00ed, nyn\u00ed je\u0161t\u011b siln\u011bj\u0161\u00ed!<\/strong><\/p>\n<p><strong>Zbavte se stresu hned te\u010f! <\/strong><br \/>\nStres, kter\u00fd se ka\u017ed\u00fd den hromad\u00ed, m\u016f\u017ee na va\u0161em zdrav\u00ed nap\u00e1chat mnoho \u0161kod \u2013 od p\u0159ed\u010dasn\u00e9ho st\u00e1rnut\u00ed a probl\u00e9m\u016f s kardiovaskul\u00e1rn\u00edm syst\u00e9mem a\u017e po dlouhodobou pracovn\u00ed neschopnost.<\/p>\n<ul>\n<li>Zvy\u0161uje odolnost organismu v\u016f\u010di stresu<\/li>\n<li>M\u00e1 m\u00edrn\u00fd sedativn\u00ed \u00fa\u010dinek na centr\u00e1ln\u00ed nervov\u00fd syst\u00e9m<\/li>\n<li>Odstra\u0148uje pocit \u00fazkosti a podr\u00e1\u017ed\u011bnosti, sni\u017euje nervozitu a nap\u011bt\u00ed<\/li>\n<li>Zabra\u0148uje svalov\u00fdm k\u0159e\u010d\u00edm<\/li>\n<\/ul>\n<p>Obsahuje <strong>ho\u0159\u010d\u00edk a vitam\u00edn B6<\/strong>, kter\u00e9 odstra\u0148uj\u00ed pocit \u00fazkosti a podr\u00e1\u017ed\u011bnosti, sni\u017euj\u00ed nervozitu a nap\u011bt\u00ed, zvy\u0161uj\u00ed odolnost organismu v\u016f\u010di stresu.<\/p>\n<p>Na rozd\u00edl od v\u011bt\u0161iny syntetick\u00fdch p\u0159\u00edpravk\u016f komplex <strong>Pax Classic nezp\u016fsobuje ospalost a nep\u016fsob\u00ed inhibi\u010dn\u011b<\/strong>, ale zvy\u0161uje koncentraci a z\u00e1rove\u0148 dopl\u0148uje deficit vitam\u00edn\u016f a miner\u00e1l\u016f, kter\u00e9 se ve stresov\u00fdch situac\u00edch nejrychleji spot\u0159ebov\u00e1vaj\u00ed. P\u016fsoben\u00ed v\u0161ech pot\u0159ebn\u00fdch vitam\u00edn\u016f skupiny B zaji\u0161\u0165uje \u00fapln\u00e9 vst\u0159eb\u00e1v\u00e1n\u00ed rostlinn\u00fdch slo\u017eek a mikroprvk\u016f a m\u00e1 nej\u00fa\u010dinn\u011bj\u0161\u00ed \u00fa\u010dinek na nervov\u00fd a kardiovaskul\u00e1rn\u00ed syst\u00e9m.<\/p>\n<blockquote><p>Stres m\u016f\u017ee ovlivnit n\u00e1ladu, zp\u016fsob my\u0161len\u00ed, chov\u00e1n\u00ed a pr\u00e1ci organismu jako celku.<br \/>\nTypick\u00fdmi p\u0159\u00edznaky stresu jsou probl\u00e9my se sp\u00e1nkem, pocen\u00ed, nechutenstv\u00ed a sn\u00ed\u017een\u00e1 koncentrace.<\/p><\/blockquote>\n<p>Stres je napjat\u00e1 reakce organismu, fyzick\u00e1 i psychick\u00e1, na r\u016fzn\u00e9 okolnosti, kter\u00e9 \u010dlov\u011bka vyv\u00e1d\u011bj\u00ed z rovnov\u00e1hy a klidu. P\u0159i stresu organismus, aby se vyrovnal, mobilizuje sv\u00e9 zdroje, na jejich\u017e p\u0159ekon\u00e1n\u00ed nem\u00e1 dostatek. Pr\u00e1v\u011b proto m\u00e1 p\u0159\u00edjem vitam\u00edn\u016f a miner\u00e1l\u016f v lidsk\u00e9m t\u011ble p\u0159i stresu velk\u00fd v\u00fdznam pro podporu zdrav\u00ed a obnovu fyzick\u00e9 a psychick\u00e9 stability. Zvl\u00e1\u0161tn\u00ed pozornost ve v\u00fd\u017eiv\u011b je t\u0159eba v\u011bnovat rostlinn\u00fdm slo\u017ek\u00e1m s velmi v\u00fdrazn\u00fdm sedativn\u00edm \u00fa\u010dinkem na centr\u00e1ln\u00ed nervov\u00fd syst\u00e9m (CNS).<\/p>\n<p>Komplex <strong>Pax Classic<\/strong> obsahuje nejen pot\u0159ebn\u00e9 fytokomponenty, ale tak\u00e9 vitam\u00edny a miner\u00e1ly, kter\u00e9 zvy\u0161uj\u00ed odolnost t\u011bla v\u016f\u010di stresu, zm\u00edr\u0148uj\u00ed \u00fazkost a normalizuj\u00ed pr\u00e1ci nervov\u00e9ho a kardiovaskul\u00e1rn\u00edho syst\u00e9mu. <strong>Pax Classic<\/strong> chr\u00e1n\u00ed ka\u017edou bu\u0148ku t\u011bla p\u0159ed destruktivn\u00edmi \u00fa\u010dinky stresu!<\/p>\n<p><strong>Kozl\u00edk<\/strong> l\u00e9ka\u0159sk\u00fd pom\u016f\u017ee sn\u00ed\u017eit nap\u011bt\u00ed v centr\u00e1ln\u00edm nervov\u00e9m syst\u00e9mu. <b>Kozl\u00edk<\/b> l\u00e9ka\u0159sk\u00fd je d\u00edky sv\u00e9mu relaxa\u010dn\u00edmu \u00fa\u010dinku pova\u017eov\u00e1n za ide\u00e1ln\u00ed prost\u0159edek ke zklidn\u011bn\u00ed ve vypjat\u00fdch situac\u00edch. Spolu s <strong>medu\u0148kou<\/strong> odstra\u0148uje fyzick\u00e9 zn\u00e1mky stresu: bolesti srdce a p\u00e1te\u0159e, zv\u00fd\u0161en\u00fd krevn\u00ed tlak. D\u00edky antioxida\u010dn\u00edmu \u00fa\u010dinku <strong>medu\u0148ky<\/strong> a m\u00edrn\u00e9mu sedativn\u00edmu \u00fa\u010dinku <strong>kozl\u00edku<\/strong> l\u00e9ka\u0159sk\u00e9ho se v\u00fdrazn\u011b zvy\u0161uje ochrana mozku p\u0159ed po\u0161kozen\u00edm p\u016fsoben\u00edm voln\u00fdch radik\u00e1l\u016f, zvy\u0161uje se odolnost organismu v\u016f\u010di stresu a sni\u017euje se riziko kardiovaskul\u00e1rn\u00edch onemocn\u011bn\u00ed.<\/p>\n<p><strong>Tymi\u00e1n<\/strong> pom\u00e1h\u00e1 p\u0159ekon\u00e1vat stresov\u00e9 situace, odstra\u0148uje nespavost a \u00fazkost a pou\u017e\u00edv\u00e1 se p\u0159i komplexn\u00ed l\u00e9\u010db\u011b depres\u00ed. Rostlina normalizuje tonus autonomn\u00edho nervov\u00e9ho syst\u00e9mu. Pou\u017e\u00edv\u00e1 se p\u0159i onemocn\u011bn\u00edch srdce a c\u00e9v a d\u00edky sv\u00e9mu protiz\u00e1n\u011btliv\u00e9mu \u00fa\u010dinku dok\u00e1\u017ee eliminovat aterosklerotick\u00e9 l\u00e9ze na st\u011bn\u00e1ch tepen. Za pov\u0161imnut\u00ed stoj\u00ed jeho antiseptick\u00e9 a antimikrobi\u00e1ln\u00ed vlastnosti, kter\u00e9 se vyu\u017e\u00edvaj\u00ed p\u0159i l\u00e9\u010db\u011b a prevenci infekc\u00ed d\u00fdchac\u00edch cest, ch\u0159ipky a r\u016fzn\u00fdch z\u00e1n\u011btliv\u00fdch proces\u016f v horn\u00edch i doln\u00edch cest\u00e1ch d\u00fdchac\u00edch.<\/p>\n<p>P\u0159i pr\u00e1ci ve stresu na\u0161e t\u011blo sn\u00e1\u0161\u00ed obrovskou spot\u0159ebu vitam\u00edn\u016f a miner\u00e1l\u016f, kter\u00e9 stres sni\u017euj\u00ed, zejm\u00e9na <strong>ho\u0159\u010d\u00edku<\/strong>.<\/p>\n<p><strong>Ho\u0159\u010d\u00edk<\/strong> je &#8222;prvek klidu&#8220; a nejd\u016fle\u017eit\u011bj\u0161\u00ed miner\u00e1l pro nervov\u00fd syst\u00e9m. Za \u00fa\u010dasti <strong>ho\u0159\u010d\u00edku<\/strong> mohou nervov\u00e9 bu\u0148ky p\u0159ij\u00edmat a p\u0159en\u00e1\u0161et nervov\u00e9 impulsy, \u010d\u00edm\u017e se dosahuje stabiln\u00ed pr\u00e1ce nervov\u00e9ho syst\u00e9mu jako celku. V tandemu s <strong>v\u00e1pn\u00edkem<\/strong>, kter\u00fd tak\u00e9 zaji\u0161\u0165uje procesy zpomalen\u00ed zv\u00fd\u0161en\u00e9 nervov\u00e9 vzru\u0161ivosti, se <strong>ho\u0159\u010d\u00edk<\/strong> pod\u00edl\u00ed na podpo\u0159e tonusu c\u00e9v. <strong>Ho\u0159\u010d\u00edk<\/strong> se nav\u00edc nach\u00e1z\u00ed ve vy\u0161\u0161\u00ed koncentraci ve svalech, kde umo\u017e\u0148uje relaxa\u010dn\u00ed procesy. Uvoln\u011bn\u00edm sval\u016f <strong>ho\u0159\u010d\u00edk<\/strong> zaji\u0161\u0165uje relaxaci organismu jako celku a umo\u017e\u0148uje n\u00e1m z\u016fstat v klidu a zdr\u017eenlivosti i ve stresov\u00fdch situac\u00edch.<\/p>\n<p><strong>V\u00e1pn\u00edk<\/strong> je kl\u00ed\u010dov\u00fdm miner\u00e1lem pro stavbu a udr\u017een\u00ed siln\u00fdch kost\u00ed a zub\u016f. Spr\u00e1vn\u00fd p\u0159\u00edjem <strong>v\u00e1pn\u00edku<\/strong> m\u016f\u017ee podpo\u0159it strukturu kost\u00ed, sn\u00ed\u017eit riziko osteopor\u00f3zy a zachovat hustotu kost\u00ed. Nezbytn\u00fd pro norm\u00e1ln\u00ed fungov\u00e1n\u00ed sval\u016f, v\u010detn\u011b srde\u010dn\u00edho svalu, a pro veden\u00ed nervov\u00fdch vzruch\u016f. P\u0159isp\u00edv\u00e1 k uvoln\u011bn\u00ed sval\u016f a podporuje funkci nervov\u00e9ho syst\u00e9mu.<\/p>\n<p><strong>Fosfor<\/strong> je kl\u00ed\u010dovou slo\u017ekou molekuly ATP (adenosintrifosf\u00e1t), z\u00e1kladn\u00edho nosi\u010de energie v bu\u0148k\u00e1ch. Spr\u00e1vn\u00fd p\u0159\u00edjem m\u016f\u017ee podpo\u0159it energetick\u00fd metabolismus a p\u0159isp\u011bt k udr\u017een\u00ed vitality. <strong>Fosfor<\/strong> se aktivn\u011b pod\u00edl\u00ed na procesech, jako je d\u011blen\u00ed a r\u016fst bun\u011bk v t\u011ble. M\u00e1 obrovsk\u00fd vliv na p\u016fsoben\u00ed mnoha vitam\u00edn\u016f. <strong>Fosfor<\/strong> ovliv\u0148uje vst\u0159eb\u00e1v\u00e1n\u00ed <strong>v\u00e1pn\u00edku<\/strong> a pod\u00edl\u00ed se na tvorb\u011b kostn\u00ed tk\u00e1n\u011b. Je nezbytn\u00fd pro kosti i zuby. P\u0159isp\u00edv\u00e1 ke vst\u0159eb\u00e1v\u00e1n\u00ed vitam\u00edn\u016f, jako je <strong>B3<\/strong>. Tento chemick\u00fd prvek je tak\u00e9 nezbytn\u00fd pro metabolismus: s jeho pomoc\u00ed se v t\u011ble tvo\u0159\u00ed b\u00edlkoviny a sacharidy, pom\u00e1h\u00e1 p\u0159i vst\u0159eb\u00e1v\u00e1n\u00ed mnoha \u017eivin.<\/p>\n<p><strong>Vitamin B6<\/strong> zase zlep\u0161uje vst\u0159eb\u00e1v\u00e1n\u00ed <strong>ho\u0159\u010d\u00edku<\/strong> a jeho metabolismus v bu\u0148k\u00e1ch, co\u017e je velmi d\u016fle\u017eit\u00e9, proto\u017ee zm\u00edn\u011bn\u00fd makroprvek je z t\u011bla rychle vylu\u010dov\u00e1n.<\/p>\n<p>Kombinace <strong>ho\u0159\u010d\u00edku a vitam\u00ednu B6<\/strong>, kter\u00e9 se skv\u011ble dopl\u0148uj\u00ed, udr\u017euje zdrav\u00fd nervov\u00fd syst\u00e9m a pom\u00e1h\u00e1 udr\u017eovat harmonii mezi jedincem a okoln\u00edm prost\u0159ed\u00edm.<\/p>\n<p>Stres u lid\u00ed m\u016f\u017ee m\u00edt zcela odli\u0161n\u00e9 n\u00e1sledky: bolest nebo pocit nepohodl\u00ed na hrudi, zrychlen\u00fd tep, pot\u00ed\u017ee s d\u00fdch\u00e1n\u00edm bez schopnosti se zhluboka nadechnout, pocit du\u0161en\u00ed, nevolnost, bolest \u017ealudku, ztr\u00e1ta \u0159e\u010di nebo mraven\u010den\u00ed v kon\u010detin\u00e1ch. Jedna v\u011bc je neoddiskutovateln\u00e1 \u2013 stres zp\u016fsobuje velk\u00e9 \u0161kody na lidsk\u00e9m zdrav\u00ed.<\/p>\n<p><strong>Vitam\u00edny skupiny B<\/strong> s fytokomponenty mohou nejen zv\u00fd\u0161it odolnost organismu v\u016f\u010di stresu, ale tak\u00e9 neutralizovat n\u00e1sledky stresov\u00fdch situac\u00ed. <strong>Levandule<\/strong> uvol\u0148uje a odstra\u0148uje v\u0161echny druhy nervov\u00e9ho nap\u011bt\u00ed a p\u016fsob\u00ed na celkov\u00e9 uvoln\u011bn\u00ed t\u011bla, sni\u017euje svalov\u00e9 nap\u011bt\u00ed. <strong>Medu\u0148ka<\/strong> normalizuje srde\u010dn\u00ed rytmus a k\u0159e\u010de zp\u016fsoben\u00e9 stresem. <strong>Vitam\u00edny skupiny B<\/strong> urychluj\u00ed regenera\u010dn\u00ed procesy poran\u011bn\u00fdch nervov\u00fdch vl\u00e1ken, stimuluj\u00ed p\u0159irozen\u00e9 mechanismy pro obnovu funkc\u00ed nervov\u00e9 tk\u00e1n\u011b, podporuj\u00ed funkce tr\u00e1vic\u00edho traktu.<\/p>\n<p><strong>Slo\u017een\u00ed:<\/strong> <a href=\"https:\/\/visionstore.co.rs\/maticnjak-lat-melissa-officinalis\/\">Medu\u0148ka l\u00e9ka\u0159sk\u00e1 (<em>Melissa officinalis L.<\/em>) list<\/a>, <a href=\"https:\/\/visionstore.co.rs\/lavanda-lat-lavandula-angustifolia\/\">levandule (<em>Lavandula angustifolia L.<\/em>) kv\u011bt<\/a>, <a href=\"https:\/\/visionstore.co.rs\/majcina-dusica-lat-thymus-serpyllum\/\">tymi\u00e1n (<em>Thymus serpyllum L.<\/em>) bylina<\/a>, <a href=\"https:\/\/visionstore.co.rs\/valerijana-lat-valeriana-officinalis\/\">kozl\u00edk l\u00e9ka\u0159sk\u00fd (<em>Valeriana officinalis L.<\/em>)<\/a>, <a href=\"https:\/\/visionstore.co.rs\/cudesna-dejstva-magnezijuma\/\">ho\u0159\u010d\u00edk<\/a>, <a href=\"https:\/\/visionstore.co.rs\/cs\/kalcijum-2\/\">v\u00e1pn\u00edk<\/a>, fosfor, vitam\u00edny H, PP, B1 , B2, B5, B6, <a href=\"https:\/\/visionstore.co.rs\/folna-kiselina-vitamin-b9\/\">B9<\/a>, <a href=\"https:\/\/visionstore.co.rs\/vitamin-b12\/\">B12<\/a>.<\/p>\n<p><strong>Mno\u017estv\u00ed: 60 kapsl\u00ed<\/strong><\/p>\n<p><strong>\u010cist\u00e1 hmotnost: 41,5 g<\/strong><\/p>\n<table width=\"300\">\n<tbody>\n<tr>\n<td><strong>AKTIVN\u00cd L\u00c1TKY:<\/strong><\/td>\n<td><strong>2 kapsle<br \/>\n(1,38 g)<\/strong><\/td>\n<td><strong>%NRV*<\/strong><\/td>\n<\/tr>\n<tr>\n<td>Vitam\u00edn B1<\/td>\n<td>2,2 mg<\/td>\n<td>200%<\/td>\n<\/tr>\n<tr>\n<td>Vitam\u00edn B2<\/td>\n<td>3,2 mg<\/td>\n<td>229%<\/td>\n<\/tr>\n<tr>\n<td>Vitam\u00edn B6<\/td>\n<td>3,2 mg<\/td>\n<td>229%<\/td>\n<\/tr>\n<tr>\n<td>Vitam\u00edn B12<\/td>\n<td>2 \u00b5g<\/td>\n<td>80%<\/td>\n<\/tr>\n<tr>\n<td>Vitam\u00edn B3\n<\/td>\n<td>10 mg NE***<\/td>\n<td>63%<\/td>\n<\/tr>\n<tr>\n<td>Vitam\u00edn B5 (kyselina pantothenov\u00e1)<\/td>\n<td>13,1 mg<\/td>\n<td>218%<\/td>\n<\/tr>\n<tr>\n<td>Vitamin B9 (kyselina listov\u00e1)<\/td>\n<td>400 \u00b5g<\/td>\n<td>200%<\/td>\n<\/tr>\n<tr>\n<td>Vitam\u00edn B7 (biotin)<\/td>\n<td>240 \u00b5g<\/td>\n<td>480%<\/td>\n<\/tr>\n<tr>\n<td>such\u00fd extrakt z list\u016f medu\u0148ky l\u00e9ka\u0159sk\u00e9 (<em>Melissa officinalis L.<\/em>), standardizovan\u00fd na 5 % flavon\u016f<\/td>\n<td>100 mg<\/td>\n<td>**<\/td>\n<\/tr>\n<tr>\n<td>\n<ul>\n<li>z toho flavony<\/li>\n<\/ul>\n<\/td>\n<td>\n<ul>\n<li>5 mg<\/li>\n<\/ul>\n<\/td>\n<td>**<\/td>\n<\/tr>\n<tr>\n<td>such\u00fd extrakt z tymi\u00e1nu (<em>Thymus serpyllum<\/em>) 4:1\n<\/td>\n<td>100 mg<\/td>\n<td>**<\/td>\n<\/tr>\n<tr>\n<td>such\u00fd extrakt z kv\u011bt\u016f levandule (<em>Lavandula angustifolia<\/em>) 4:1\n<\/td>\n<td>100 mg<\/td>\n<td>**<\/td>\n<\/tr>\n<tr>\n<td>such\u00fd extrakt z ko\u0159ene kozl\u00edku l\u00e9ka\u0159sk\u00e9ho (<em>Valeriana officinalis<\/em>) standardizovan\u00fd na 0,8% kyselinu valerenovou\n<\/td>\n<td>100 mg<\/td>\n<td>**<\/td>\n<\/tr>\n<tr>\n<td>\n<ul>\n<li>z toho kyselina valerenov\u00e1<\/li>\n<\/ul>\n<\/td>\n<td>\n<ul>\n<li>0,8 mg<\/li>\n<\/ul>\n<\/td>\n<td>**<\/td>\n<\/tr>\n<tr>\n<td>ho\u0159\u010d\u00edk (bisglycin\u00e1t ho\u0159e\u010dnat\u00fd)\n<\/td>\n<td>100 mg<\/td>\n<td>27%<\/td>\n<\/tr>\n<tr>\n<td>v\u00e1pn\u00edk (hydrogenfosfore\u010dnan v\u00e1penat\u00fd)\n<\/td>\n<td>148,5 mg<\/td>\n<td>19%<\/td>\n<\/tr>\n<tr>\n<td>fosfor (hydrogenfosfore\u010dnan v\u00e1penat\u00fd)\n<\/td>\n<td>112 mg<\/td>\n<td>16%<\/td>\n<\/tr>\n<\/tbody>\n<\/table>\n<p><strong>*<\/strong>NRV &#8211; nutri\u010dn\u00ed referen\u010dn\u00ed hodnota<br \/>\n<strong>**<\/strong> \u2013 nebyla stanovena \u017e\u00e1dn\u00e1 nutri\u010dn\u00ed referen\u010dn\u00ed hodnota<br \/>\n*** \u2013 ekvivalenty niacinu<\/p>\n","protected":false},"excerpt":{"rendered":"<p>Pax Classic<\/p>\n<ul>\n<li>Zvy\u0161uje odolnost organismu v\u016f\u010di stresu.<\/li>\n<li>Neutralizuje \u00fa\u010dinky stresov\u00fdch situac\u00ed.<\/li>\n<li>M\u00e1 m\u00edrn\u00fd sedativn\u00ed \u00fa\u010dinek na centr\u00e1ln\u00ed nervov\u00fd syst\u00e9m.<\/li>\n<li>M\u00e1 pozitivn\u00ed regula\u010dn\u00ed vliv na \u010dinnost srdce a normalizuje jeho rytmus.<\/li>\n<li>Odstra\u0148uje pocit \u00fazkosti a podr\u00e1\u017ed\u011bnosti, sni\u017euje nervozitu a nap\u011bt\u00ed.<\/li>\n<li>Zabra\u0148uje svalov\u00fdm k\u0159e\u010d\u00edm.<\/li>\n<\/ul>\n","protected":false},"featured_media":28926,"comment_status":"open","ping_status":"closed","template":"","meta":{"_acf_changed":false,"_uag_custom_page_level_css":"","site-sidebar-layout":"default","site-content-layout":"default","ast-site-content-layout":"default","site-content-style":"default","site-sidebar-style":"default","ast-global-header-display":"","ast-banner-title-visibility":"","ast-main-header-display":"","ast-hfb-above-header-display":"","ast-hfb-below-header-display":"","ast-hfb-mobile-header-display":"","site-post-title":"","ast-breadcrumbs-content":"","ast-featured-img":"","footer-sml-layout":"","ast-disable-related-posts":"","theme-transparent-header-meta":"default","adv-header-id-meta":"","stick-header-meta":"default","header-above-stick-meta":"","header-main-stick-meta":"","header-below-stick-meta":"","astra-migrate-meta-layouts":"default","ast-page-background-enabled":"default","ast-page-background-meta":{"desktop":{"background-color":"","background-image":"","background-repeat":"repeat","background-position":"center center","background-size":"auto","background-attachment":"scroll","background-type":"","background-media":"","overlay-type":"","overlay-color":"","overlay-opacity":"","overlay-gradient":""},"tablet":{"background-color":"","background-image":"","background-repeat":"repeat","background-position":"center center","background-size":"auto","background-attachment":"scroll","background-type":"","background-media":"","overlay-type":"","overlay-color":"","overlay-opacity":"","overlay-gradient":""},"mobile":{"background-color":"","background-image":"","background-repeat":"repeat","background-position":"center center","background-size":"auto","background-attachment":"scroll","background-type":"","background-media":"","overlay-type":"","overlay-color":"","overlay-opacity":"","overlay-gradient":""}},"ast-content-background-meta":{"desktop":{"background-color":"var(--ast-global-color-4)","background-image":"","background-repeat":"repeat","background-position":"center center","background-size":"auto","background-attachment":"scroll","background-type":"","background-media":"","overlay-type":"","overlay-color":"","overlay-opacity":"","overlay-gradient":""},"tablet":{"background-color":"var(--ast-global-color-4)","background-image":"","background-repeat":"repeat","background-position":"center center","background-size":"auto","background-attachment":"scroll","background-type":"","background-media":"","overlay-type":"","overlay-color":"","overlay-opacity":"","overlay-gradient":""},"mobile":{"background-color":"var(--ast-global-color-4)","background-image":"","background-repeat":"repeat","background-position":"center center","background-size":"auto","background-attachment":"scroll","background-type":"","background-media":"","overlay-type":"","overlay-color":"","overlay-opacity":"","overlay-gradient":""}},"jetpack_post_was_ever_published":false},"product_brand":[],"product_cat":[357],"product_tag":[],"class_list":{"0":"post-18320","1":"product","2":"type-product","3":"status-publish","4":"has-post-thumbnail","6":"product_cat-classic-hit","7":"desktop-align-center","8":"tablet-align-center","9":"mobile-align-center","10":"ast-product-gallery-layout-horizontal","11":"ast-product-tabs-layout-distributed","12":"ast-qv-on-image","14":"first","15":"instock","16":"taxable","17":"shipping-taxable","18":"purchasable","19":"product-type-simple"},"acf":[],"uagb_featured_image_src":{"full":["https:\/\/i0.wp.com\/visionstore.co.rs\/wp-content\/uploads\/2019\/12\/Pax_Classic-1.png?fit=1024%2C1024&ssl=1",1024,1024,false],"thumbnail":["https:\/\/i0.wp.com\/visionstore.co.rs\/wp-content\/uploads\/2019\/12\/Pax_Classic-1.png?resize=150%2C150&ssl=1",150,150,true],"medium":["https:\/\/i0.wp.com\/visionstore.co.rs\/wp-content\/uploads\/2019\/12\/Pax_Classic-1.png?fit=300%2C300&ssl=1",300,300,true],"medium_large":["https:\/\/i0.wp.com\/visionstore.co.rs\/wp-content\/uploads\/2019\/12\/Pax_Classic-1.png?fit=768%2C768&ssl=1",768,768,true],"large":["https:\/\/i0.wp.com\/visionstore.co.rs\/wp-content\/uploads\/2019\/12\/Pax_Classic-1.png?fit=1024%2C1024&ssl=1",1024,1024,true],"1536x1536":["https:\/\/i0.wp.com\/visionstore.co.rs\/wp-content\/uploads\/2019\/12\/Pax_Classic-1.png?fit=1024%2C1024&ssl=1",1024,1024,true],"2048x2048":["https:\/\/i0.wp.com\/visionstore.co.rs\/wp-content\/uploads\/2019\/12\/Pax_Classic-1.png?fit=1024%2C1024&ssl=1",1024,1024,true],"mailpoet_newsletter_max":["https:\/\/i0.wp.com\/visionstore.co.rs\/wp-content\/uploads\/2019\/12\/Pax_Classic-1.png?fit=1024%2C1024&ssl=1",1024,1024,true],"woocommerce_thumbnail":["https:\/\/i0.wp.com\/visionstore.co.rs\/wp-content\/uploads\/2019\/12\/Pax_Classic-1.png?fit=900%2C900&ssl=1",900,900,true],"woocommerce_single":["https:\/\/i0.wp.com\/visionstore.co.rs\/wp-content\/uploads\/2019\/12\/Pax_Classic-1.png?fit=1024%2C1024&ssl=1",1024,1024,true],"woocommerce_gallery_thumbnail":["https:\/\/i0.wp.com\/visionstore.co.rs\/wp-content\/uploads\/2019\/12\/Pax_Classic-1.png?resize=100%2C100&ssl=1",100,100,true]},"uagb_author_info":{"display_name":"admin","author_link":"https:\/\/visionstore.co.rs\/cs\/author\/"},"uagb_comment_info":2,"uagb_excerpt":"Pax Classic Zvy\u0161uje odolnost organismu v\u016f\u010di stresu. Neutralizuje \u00fa\u010dinky stresov\u00fdch situac\u00ed. M\u00e1 m\u00edrn\u00fd sedativn\u00ed \u00fa\u010dinek na centr\u00e1ln\u00ed nervov\u00fd syst\u00e9m. M\u00e1 pozitivn\u00ed regula\u010dn\u00ed vliv na \u010dinnost srdce a normalizuje jeho rytmus. Odstra\u0148uje pocit \u00fazkosti a podr\u00e1\u017ed\u011bnosti, sni\u017euje nervozitu a nap\u011bt\u00ed. Zabra\u0148uje svalov\u00fdm k\u0159e\u010d\u00edm.","jetpack_sharing_enabled":true,"_links":{"self":[{"href":"https:\/\/visionstore.co.rs\/cs\/wp-json\/wp\/v2\/product\/18320","targetHints":{"allow":["GET"]}}],"collection":[{"href":"https:\/\/visionstore.co.rs\/cs\/wp-json\/wp\/v2\/product"}],"about":[{"href":"https:\/\/visionstore.co.rs\/cs\/wp-json\/wp\/v2\/types\/product"}],"replies":[{"embeddable":true,"href":"https:\/\/visionstore.co.rs\/cs\/wp-json\/wp\/v2\/comments?post=18320"}],"wp:featuredmedia":[{"embeddable":true,"href":"https:\/\/visionstore.co.rs\/cs\/wp-json\/wp\/v2\/media\/28926"}],"wp:attachment":[{"href":"https:\/\/visionstore.co.rs\/cs\/wp-json\/wp\/v2\/media?parent=18320"}],"wp:term":[{"taxonomy":"product_brand","embeddable":true,"href":"https:\/\/visionstore.co.rs\/cs\/wp-json\/wp\/v2\/product_brand?post=18320"},{"taxonomy":"product_cat","embeddable":true,"href":"https:\/\/visionstore.co.rs\/cs\/wp-json\/wp\/v2\/product_cat?post=18320"},{"taxonomy":"product_tag","embeddable":true,"href":"https:\/\/visionstore.co.rs\/cs\/wp-json\/wp\/v2\/product_tag?post=18320"}],"curies":[{"name":"wp","href":"https:\/\/api.w.org\/{rel}","templated":true}]}}