{"id":18326,"date":"2019-12-27T16:48:10","date_gmt":"2019-12-27T15:48:10","guid":{"rendered":"https:\/\/visionstore.co.rs\/product\/nutrimax-classic\/"},"modified":"2024-12-26T15:30:07","modified_gmt":"2024-12-26T14:30:07","slug":"nutrimax","status":"publish","type":"product","link":"https:\/\/visionstore.co.rs\/cs\/product\/nutrimax\/","title":{"rendered":"Nutrimax Classic"},"content":{"rendered":"<p><strong>Nutrimax Classic byl vytvo\u0159en pro sn\u00ed\u017een\u00ed rizika onemocn\u011bn\u00ed urogenit\u00e1ln\u00edho syst\u00e9mu a pro umo\u017en\u011bn\u00ed norm\u00e1ln\u00ed funkce ledvin.<\/strong> Jeho p\u016fsoben\u00ed na bun\u011b\u010dn\u00e9 \u00farovni pom\u00e1h\u00e1 \u0159e\u0161it urogenit\u00e1ln\u00ed probl\u00e9my<br \/>\nVyv\u00e1\u017een\u00fd komplex bylinn\u00fdch slo\u017eek <strong>sni\u017euje riziko infekc\u00ed a z\u00e1n\u011btliv\u00fdch proces\u016f v urogenit\u00e1ln\u00edm syst\u00e9mu. <\/strong> Zabra\u0148uje tvorb\u011b p\u00edsku a kamen\u016f v ledvin\u00e1ch. Normalizuje diur\u00e9zu a m\u00e1 diuretick\u00fd \u00fa\u010dinek.<br \/>\nNa rozd\u00edl od syntetick\u00fdch p\u0159\u00edpravk\u016f nep\u016fsob\u00ed rostlinn\u00e9 slo\u017eky produkt\u016f Nutrimax Classic agresivn\u011b: nenaru\u0161uj\u00ed rovnov\u00e1hu \u017eivotn\u011b d\u016fle\u017eit\u00fdch elektrolyt\u016f, maj\u00ed vliv na zachov\u00e1n\u00ed drasl\u00edku v t\u011ble.<\/p>\n<p><strong>Zdrav\u00ed urogenit\u00e1ln\u00edho syst\u00e9mu<\/strong> se t\u00fdk\u00e1 ka\u017ed\u00e9ho \u010dlov\u011bka. Postarejte se o zdrav\u00ed sv\u00e9ho urogenit\u00e1ln\u00edho traktu ji\u017e nyn\u00ed.<\/p>\n<ul>\n<li>P\u016fsob\u00ed protiz\u00e1n\u011btliv\u011b a antibakteri\u00e1ln\u011b.<\/li>\n<li>Sni\u017euje riziko infek\u010dn\u00edch onemocn\u011bn\u00ed v\u010detn\u011b onemocn\u011bn\u00ed urogenit\u00e1ln\u00edho traktu.<\/li>\n<li>Normalizuje pr\u00e1ci urogenit\u00e1ln\u00edho syst\u00e9mu.<\/li>\n<li>Je \u00fa\u010dinn\u00fd jako preventivn\u00ed opat\u0159en\u00ed proti onemocn\u011bn\u00edm urogenit\u00e1ln\u00edho syst\u00e9mu.<\/li>\n<li>Vykazuje diuretick\u00fd \u00fa\u010dinek.<\/li>\n<li>P\u0159isp\u00edv\u00e1 ke snadn\u00e9mu vypuzov\u00e1n\u00ed p\u00edsku a drobn\u00fdch kam\u00ednk\u016f z ledvin a mo\u010dov\u00fdch cest, ale tak\u00e9 zabra\u0148uje jejich tvorb\u011b.<\/li>\n<li>Pom\u00e1h\u00e1 p\u0159i uretritid\u011b a pyelonefritid\u011b.<\/li>\n<li>Vykazuje antibakteri\u00e1ln\u00ed a antifung\u00e1ln\u00ed aktivitu<\/li>\n<li>Ovliv\u0148uje stimulaci \u017ealude\u010dn\u00ed \u0161\u0165\u00e1vy a je prost\u0159edkem proti nad\u00fdm\u00e1n\u00ed.<\/li>\n<\/ul>\n<p><strong>Nutrimax Classic<\/strong> obsahuje nejen bylinn\u00e9 slo\u017eky s v\u00fdraznou mo\u010dovou a protiz\u00e1n\u011btlivou aktivitou, ale tak\u00e9 vitam\u00edny a miner\u00e1ly, kter\u00e9 posiluj\u00ed st\u011bny c\u00e9v, sni\u017euj\u00ed jejich propustnost a poskytuj\u00ed antioxida\u010dn\u00ed ochranu.<\/p>\n<p><strong>Kdo pot\u0159ebuje Nutrimax Classic?<\/strong><\/p>\n<ul>\n<li>V\u0161em, kte\u0159\u00ed trp\u00ed z\u00e1n\u011bty urogenit\u00e1ln\u00edho syst\u00e9mu v d\u016fsledku oslaben\u00e9 imunity a t\u011bm, kter\u00e9 tr\u00e1p\u00ed \u010dast\u00e9 nachlazen\u00ed.<\/li>\n<li>V\u0161em, kte\u0159\u00ed dodr\u017euj\u00ed proteinovou dietu.<\/li>\n<li>V\u0161em, kte\u0159\u00ed podstupuj\u00ed komplexn\u00ed terapii chronick\u00fdch z\u00e1n\u011btliv\u00fdch onemocn\u011bn\u00ed urogenit\u00e1ln\u00edho syst\u00e9mu.<\/li>\n<li>Jako prevence proti infek\u010dn\u00edm onemocn\u011bn\u00edm, a dokonce i jako prevence otok\u016f.<\/li>\n<li>Pro v\u0161echny, kte\u0159\u00ed cht\u011bj\u00ed regenerovat a podpo\u0159it pr\u00e1ci urogenit\u00e1ln\u00edho a imunitn\u00edho syst\u00e9mu.<\/li>\n<li>Zlep\u0161uje krevn\u00ed obraz a zvy\u0161uje hladinu \u017eeleza v t\u011ble.<\/li>\n<\/ul>\n<p><strong>And\u011blika \u010d\u00ednsk\u00e1<\/strong> p\u016fsob\u00ed na pos\u00edlen\u00ed cel\u00e9ho organismu a d\u00edky sv\u00fdm \u00e9terick\u00fdm olej\u016fm je schopna zajistit spasmolytick\u00e9 a antimikrobi\u00e1ln\u00ed p\u016fsoben\u00ed, jeho\u017e v\u00fdsledkem je sn\u00ed\u017een\u00ed rizika infek\u010dn\u00edch onemocn\u011bn\u00ed. Doporu\u010duje se p\u0159i \u0161patn\u00e9m krevn\u00edm ob\u011bhu, onemocn\u011bn\u00ed vaje\u010dn\u00edk\u016f, menopauze, menstrua\u010dn\u00edch probl\u00e9mech, d\u011blo\u017en\u00edch myomech, neplodnosti, premenstrua\u010dn\u00edm syndromu, hemeroidech, otoc\u00edch, ran\u00e1ch r\u016fzn\u00e9ho p\u016fvodu, \u00fanav\u011b, bolestech hlavy, hepatitid\u011b, alergi\u00edch, cukrovce, nadv\u00e1ze, \u010dast\u00fdch nachlazen\u00edch, chronick\u00fdch infekc\u00edch. Je tak\u00e9 pova\u017eov\u00e1n za \u00fa\u010dinn\u00fd p\u0159i an\u00e9mii, artritid\u011b, probl\u00e9mech s krevn\u00edm tlakem, fibroidn\u00edch n\u00e1dorech, mal\u00e1rii a r\u016fzn\u00fdch dal\u0161\u00edch onemocn\u011bn\u00edch a stavech, kter\u00e9 se vyskytuj\u00ed u \u017een a mu\u017e\u016f.<\/p>\n<p>Esenci\u00e1ln\u00ed oleje z <b>vil\u00ednu<\/b> maj\u00ed v\u00fdrazn\u00e9 protiz\u00e1n\u011btliv\u00e9 vlastnosti. <strong>Vil\u00edn<\/strong> d\u00edky spole\u010dn\u00e9mu p\u016fsoben\u00ed s <strong>vitam\u00ednem PP<\/strong> p\u0159isp\u00edv\u00e1 k vypuzov\u00e1n\u00ed krevn\u00edch ne\u010distot z mo\u010dov\u00fdch cest. Krom\u011b vylu\u010dov\u00e1n\u00ed krve, <b>vil\u00edn<\/b> s <strong>medv\u011bd\u00edm uchem<\/strong> rostlinn\u00e9 filtry, vypuzuje z krve kone\u010dn\u00e9 produkty metabolismu, p\u0159ebyte\u010dn\u00fd sod\u00edk a vodu. <strong>Listy medv\u011bdice<\/strong> maj\u00ed antimikrobi\u00e1ln\u00ed a v\u00fdrazn\u00e9 protiz\u00e1n\u011btliv\u00e9 vlastnosti. <strong>Medve\u0111e vokato<\/strong> om\u00fdv\u00e1 mo\u010dov\u00e9 cesty od produkt\u016f z\u00e1n\u011btu, \u010d\u00edm\u017e proti nim \u00fa\u010dinn\u011b bojuje. Spole\u010dn\u011b tyto slo\u017eky zvy\u0161uj\u00ed schopnost vylu\u010dovat soli a vodu z t\u011bla, co\u017e sni\u017euje zadr\u017eov\u00e1n\u00ed p\u0159ebyte\u010dn\u00e9 tekutiny v t\u011ble \u2013 otoky, otoky obli\u010deje, obezitu a dokonce i celulitidu. <strong>Koriandrov\u00e1<\/strong> silice ovliv\u0148uje stimulaci \u017ealude\u010dn\u00ed \u0161\u0165\u00e1vy a je prost\u0159edkem proti nad\u00fdm\u00e1n\u00ed a proti k\u0159e\u010d\u00edm. <em>In vitro<\/em> vykazuje antibakteri\u00e1ln\u00ed a antifung\u00e1ln\u00ed aktivitu. Je schv\u00e1len n\u011bmeckou komis\u00ed E pro l\u00e9\u010dbu dyspeptick\u00fdch pot\u00ed\u017e\u00ed a nechutenstv\u00ed, v lidov\u00e9m l\u00e9\u010ditelstv\u00ed se pou\u017e\u00edv\u00e1 tak\u00e9 p\u0159i ka\u0161li, probl\u00e9mech s mo\u010dov\u00fdm m\u011bch\u00fd\u0159em, hore\u010dce, \u00faplavici, hemeroidech, bolestiv\u00e9m mo\u010den\u00ed, nevolnosti atd.<br \/>\n<strong>Vitam\u00edny skupiny B<\/strong> s miner\u00e1ly jako je \u017eelezo, <strong>v\u00e1pn\u00edk<\/strong> a ho\u0159\u010d\u00edk p\u0159isp\u00edvaj\u00ed k relaxaci hladk\u00e9ho svalstva mo\u010dov\u00fdch cest. Zat\u00edmco ho\u0159\u010d\u00edk m\u00e1 vazodilata\u010dn\u00ed \u00fa\u010dinek, v\u00e1pn\u00edk zpev\u0148uje st\u011bny c\u00e9v a sni\u017euje riziko z\u00e1n\u011bt\u016f. Ho\u0159\u010d\u00edk sni\u017euje spasmus mo\u010dov\u00fdch cest a mo\u010dov\u00e9ho m\u011bch\u00fd\u0159e, sni\u017euje bolest a p\u0159isp\u00edv\u00e1 k lep\u0161\u00edmu vyprazd\u0148ov\u00e1n\u00ed mo\u010dov\u00e9ho m\u011bch\u00fd\u0159e.<br \/>\n<strong>\u017delezo<\/strong>, <strong>vitam\u00edny B1<\/strong> a <strong>B2<\/strong> a tak\u00e9 <strong>vitam\u00edn H<\/strong> jsou nezbytn\u00e9 pro norm\u00e1ln\u00ed \u010dinnost urogenit\u00e1ln\u00edho syst\u00e9mu, kde <strong>\u017eelezo<\/strong> a <strong>vitam\u00edn B2<\/strong> neutralizuj\u00ed \u00fa\u010dinky toxick\u00fdch l\u00e1tek a zlep\u0161uj\u00ed funkce ledvin a mo\u010dov\u00fdch cest; <strong>vitam\u00edn B1<\/strong> p\u016fsob\u00ed jako antioxidant, chr\u00e1n\u00ed ledviny a cel\u00fd organismus p\u0159ed \u0161kodliv\u00fdmi \u00fa\u010dinky voln\u00fdch radik\u00e1l\u016f.<\/p>\n<p><strong>Slo\u017een\u00ed:<\/strong> <a href=\"https:\/\/visionstore.co.rs\/korijander-lat-coriandrum-sativum\/\">koriandr (lat. Coriandrum sativum)<\/a>, <a href=\"https:\/\/visionstore.co.rs\/kineska-andelika-lat-angelica-sinensis\/\">and\u011blika \u010d\u00ednsk\u00e1 (lat. Angelica sinensis)<\/a>, <a href=\"https:\/\/visionstore.co.rs\/hamamelis-ili-virdzinijski-orah\/\">vla\u0161sk\u00fd o\u0159ech virginsk\u00fd (lat. Hamamelis virginiana)<\/a>, <a href=\"https:\/\/visionstore.co.rs\/medvede-grozde\/\">angre\u0161t (lat. Arctostaphylos uva-ursi)<\/a>, <a href=\"https:\/\/visionstore.co.rs\/cs\/gvozdje-2\/\">\u017eelezo<\/a>, vitam\u00edny PP, D3, H, B1, B2 , B5, B6, <a href=\"https:\/\/visionstore.co.rs\/folna-kiselina-vitamin-b9\/\">B9<\/a>, <a href=\"https:\/\/visionstore.co.rs\/vitamin-b12\/\">B12<\/a>.<\/p>\n<p><strong>Mno\u017estv\u00ed: 60 kapsl\u00ed<\/strong><\/p>\n<p><strong>\u010cist\u00e1 hmotnost: 30g<\/strong><\/p>\n<table>\n<tbody>\n<tr>\n<td><strong>AKTIVN\u00cd L\u00c1TKY:<\/strong><\/td>\n<td><strong>1 kapsle<br \/>\n(500 mg)<\/strong><\/td>\n<td><strong>%NRV*<\/strong><\/td>\n<\/tr>\n<tr>\n<td>Vitam\u00edn D<\/td>\n<td>5 \u00b5g<\/td>\n<td>100%<\/td>\n<\/tr>\n<tr>\n<td>Vitamin B1<\/td>\n<td>1,1 mg<\/td>\n<td>100%<\/td>\n<\/tr>\n<tr>\n<td>Vitamin B2<\/td>\n<td>1,6 mg<\/td>\n<td>114%<\/td>\n<\/tr>\n<tr>\n<td>Niacin<\/td>\n<td>18 mg NE***<\/td>\n<td>112%<\/td>\n<\/tr>\n<tr>\n<td>Vitamin B6<\/td>\n<td>1,6 mg<\/td>\n<td>114%<\/td>\n<\/tr>\n<tr>\n<td>Kyselina listov\u00e1<\/td>\n<td>200 \u00b5g<\/td>\n<td>100%<\/td>\n<\/tr>\n<tr>\n<td>Kyselina pantothenov\u00e1<\/td>\n<td>6 mg<\/td>\n<td>100%<\/td>\n<\/tr>\n<tr>\n<td>Vitamin B12<\/td>\n<td>1,5 \u00b5g<\/td>\n<td>60%<\/td>\n<\/tr>\n<tr>\n<td>Biotin<\/td>\n<td>150 \u00b5g<\/td>\n<td>300%<\/td>\n<\/tr>\n<tr>\n<td>\u017delezo<\/td>\n<td>6,4 mg<\/td>\n<td>46%<\/td>\n<\/tr>\n<tr>\n<td>Such\u00fd extrakt z ko\u0159ene and\u011bliky \u010d\u00ednsk\u00e9 (<em>Angelica sinensis<\/em>), 4:1<\/td>\n<td>7,75 mg<\/td>\n<td>**<\/td>\n<\/tr>\n<tr>\n<td>Such\u00fd extrakt z listu vil\u00ednu (<em>Hamamelis virginiana<\/em>), 4:1<\/td>\n<td>7,75 mg<\/td>\n<td>**<\/td>\n<\/tr>\n<tr>\n<td>Such\u00fd extrakt z listu medv\u011bd\u00edho ucha (<em>Arctostaphylos uva-ursi<\/em>), 4:1<\/td>\n<td>7,75 mg<\/td>\n<td>**<\/td>\n<\/tr>\n<tr>\n<td>Such\u00fd extrakt z list\u016f koriandru (<em>Coriandrum sativum<\/em>), 10:1<\/td>\n<td>50 mg<\/td>\n<td>**<\/td>\n<\/tr>\n<\/tbody>\n<\/table>\n<p>*NRV &#8211; nutri\u010dn\u00ed referen\u010dn\u00ed hodnota<br \/>\n** &#8211; nebyla stanovena \u017e\u00e1dn\u00e1 nutri\u010dn\u00ed referen\u010dn\u00ed hodnota<br \/>\n*** NE = ekvivalent niacinu<\/p>\n","protected":false},"excerpt":{"rendered":"<p>VLASTNOSTI PRODUKTU NUTRIMAX CLASSIC:<\/p>\n<ul>\n<li>P\u016fsob\u00ed protiz\u00e1n\u011btliv\u011b a antibakteri\u00e1ln\u011b.<\/li>\n<li>Sni\u017euje riziko infek\u010dn\u00edch onemocn\u011bn\u00ed v\u010detn\u011b onemocn\u011bn\u00ed urogenit\u00e1ln\u00edho traktu.<\/li>\n<li>Normalizuje pr\u00e1ci urogenit\u00e1ln\u00edho syst\u00e9mu.<\/li>\n<li>Je \u00fa\u010dinn\u00fd jako preventivn\u00ed opat\u0159en\u00ed proti onemocn\u011bn\u00edm urogenit\u00e1ln\u00edho syst\u00e9mu.<\/li>\n<li>Vykazuje diuretick\u00fd \u00fa\u010dinek.<\/li>\n<li>P\u0159isp\u00edv\u00e1 ke snadn\u00e9mu vypuzov\u00e1n\u00ed p\u00edsku a drobn\u00fdch kam\u00ednk\u016f z ledvin a mo\u010dov\u00fdch cest, ale tak\u00e9 zabra\u0148uje jejich tvorb\u011b.<\/li>\n<li>Pom\u00e1h\u00e1 p\u0159i uretritid\u011b a pyelonefritid\u011b.<\/li>\n<\/ul>\n","protected":false},"featured_media":28936,"comment_status":"open","ping_status":"closed","template":"","meta":{"_acf_changed":false,"_uag_custom_page_level_css":"","site-sidebar-layout":"default","site-content-layout":"default","ast-site-content-layout":"default","site-content-style":"default","site-sidebar-style":"default","ast-global-header-display":"","ast-banner-title-visibility":"","ast-main-header-display":"","ast-hfb-above-header-display":"","ast-hfb-below-header-display":"","ast-hfb-mobile-header-display":"","site-post-title":"","ast-breadcrumbs-content":"","ast-featured-img":"","footer-sml-layout":"","ast-disable-related-posts":"","theme-transparent-header-meta":"default","adv-header-id-meta":"","stick-header-meta":"default","header-above-stick-meta":"","header-main-stick-meta":"","header-below-stick-meta":"","astra-migrate-meta-layouts":"default","ast-page-background-enabled":"default","ast-page-background-meta":{"desktop":{"background-color":"","background-image":"","background-repeat":"repeat","background-position":"center center","background-size":"auto","background-attachment":"scroll","background-type":"","background-media":"","overlay-type":"","overlay-color":"","overlay-opacity":"","overlay-gradient":""},"tablet":{"background-color":"","background-image":"","background-repeat":"repeat","background-position":"center center","background-size":"auto","background-attachment":"scroll","background-type":"","background-media":"","overlay-type":"","overlay-color":"","overlay-opacity":"","overlay-gradient":""},"mobile":{"background-color":"","background-image":"","background-repeat":"repeat","background-position":"center center","background-size":"auto","background-attachment":"scroll","background-type":"","background-media":"","overlay-type":"","overlay-color":"","overlay-opacity":"","overlay-gradient":""}},"ast-content-background-meta":{"desktop":{"background-color":"var(--ast-global-color-4)","background-image":"","background-repeat":"repeat","background-position":"center center","background-size":"auto","background-attachment":"scroll","background-type":"","background-media":"","overlay-type":"","overlay-color":"","overlay-opacity":"","overlay-gradient":""},"tablet":{"background-color":"var(--ast-global-color-4)","background-image":"","background-repeat":"repeat","background-position":"center center","background-size":"auto","background-attachment":"scroll","background-type":"","background-media":"","overlay-type":"","overlay-color":"","overlay-opacity":"","overlay-gradient":""},"mobile":{"background-color":"var(--ast-global-color-4)","background-image":"","background-repeat":"repeat","background-position":"center center","background-size":"auto","background-attachment":"scroll","background-type":"","background-media":"","overlay-type":"","overlay-color":"","overlay-opacity":"","overlay-gradient":""}},"jetpack_post_was_ever_published":false},"product_brand":[],"product_cat":[357],"product_tag":[],"class_list":{"0":"post-18326","1":"product","2":"type-product","3":"status-publish","4":"has-post-thumbnail","6":"product_cat-classic-hit","7":"desktop-align-center","8":"tablet-align-center","9":"mobile-align-center","10":"ast-product-gallery-layout-horizontal","11":"ast-product-tabs-layout-distributed","12":"ast-qv-on-image","14":"first","15":"instock","16":"taxable","17":"shipping-taxable","18":"purchasable","19":"product-type-simple"},"acf":[],"uagb_featured_image_src":{"full":["https:\/\/i0.wp.com\/visionstore.co.rs\/wp-content\/uploads\/2019\/12\/Nutrimax.png?fit=1024%2C1024&ssl=1",1024,1024,false],"thumbnail":["https:\/\/i0.wp.com\/visionstore.co.rs\/wp-content\/uploads\/2019\/12\/Nutrimax.png?resize=150%2C150&ssl=1",150,150,true],"medium":["https:\/\/i0.wp.com\/visionstore.co.rs\/wp-content\/uploads\/2019\/12\/Nutrimax.png?fit=300%2C300&ssl=1",300,300,true],"medium_large":["https:\/\/i0.wp.com\/visionstore.co.rs\/wp-content\/uploads\/2019\/12\/Nutrimax.png?fit=768%2C768&ssl=1",768,768,true],"large":["https:\/\/i0.wp.com\/visionstore.co.rs\/wp-content\/uploads\/2019\/12\/Nutrimax.png?fit=1024%2C1024&ssl=1",1024,1024,true],"1536x1536":["https:\/\/i0.wp.com\/visionstore.co.rs\/wp-content\/uploads\/2019\/12\/Nutrimax.png?fit=1024%2C1024&ssl=1",1024,1024,true],"2048x2048":["https:\/\/i0.wp.com\/visionstore.co.rs\/wp-content\/uploads\/2019\/12\/Nutrimax.png?fit=1024%2C1024&ssl=1",1024,1024,true],"mailpoet_newsletter_max":["https:\/\/i0.wp.com\/visionstore.co.rs\/wp-content\/uploads\/2019\/12\/Nutrimax.png?fit=1024%2C1024&ssl=1",1024,1024,true],"woocommerce_thumbnail":["https:\/\/i0.wp.com\/visionstore.co.rs\/wp-content\/uploads\/2019\/12\/Nutrimax.png?fit=900%2C900&ssl=1",900,900,true],"woocommerce_single":["https:\/\/i0.wp.com\/visionstore.co.rs\/wp-content\/uploads\/2019\/12\/Nutrimax.png?fit=1024%2C1024&ssl=1",1024,1024,true],"woocommerce_gallery_thumbnail":["https:\/\/i0.wp.com\/visionstore.co.rs\/wp-content\/uploads\/2019\/12\/Nutrimax.png?resize=100%2C100&ssl=1",100,100,true]},"uagb_author_info":{"display_name":"admin","author_link":"https:\/\/visionstore.co.rs\/cs\/author\/"},"uagb_comment_info":1,"uagb_excerpt":"VLASTNOSTI PRODUKTU NUTRIMAX CLASSIC: P\u016fsob\u00ed protiz\u00e1n\u011btliv\u011b a antibakteri\u00e1ln\u011b. Sni\u017euje riziko infek\u010dn\u00edch onemocn\u011bn\u00ed v\u010detn\u011b onemocn\u011bn\u00ed urogenit\u00e1ln\u00edho traktu. Normalizuje pr\u00e1ci urogenit\u00e1ln\u00edho syst\u00e9mu. Je \u00fa\u010dinn\u00fd jako preventivn\u00ed opat\u0159en\u00ed proti onemocn\u011bn\u00edm urogenit\u00e1ln\u00edho syst\u00e9mu. Vykazuje diuretick\u00fd \u00fa\u010dinek. P\u0159isp\u00edv\u00e1 ke snadn\u00e9mu vypuzov\u00e1n\u00ed p\u00edsku a drobn\u00fdch kam\u00ednk\u016f z ledvin a mo\u010dov\u00fdch cest, ale tak\u00e9 zabra\u0148uje jejich tvorb\u011b. Pom\u00e1h\u00e1 p\u0159i uretritid\u011b a pyelonefritid\u011b.","jetpack_sharing_enabled":true,"_links":{"self":[{"href":"https:\/\/visionstore.co.rs\/cs\/wp-json\/wp\/v2\/product\/18326","targetHints":{"allow":["GET"]}}],"collection":[{"href":"https:\/\/visionstore.co.rs\/cs\/wp-json\/wp\/v2\/product"}],"about":[{"href":"https:\/\/visionstore.co.rs\/cs\/wp-json\/wp\/v2\/types\/product"}],"replies":[{"embeddable":true,"href":"https:\/\/visionstore.co.rs\/cs\/wp-json\/wp\/v2\/comments?post=18326"}],"wp:featuredmedia":[{"embeddable":true,"href":"https:\/\/visionstore.co.rs\/cs\/wp-json\/wp\/v2\/media\/28936"}],"wp:attachment":[{"href":"https:\/\/visionstore.co.rs\/cs\/wp-json\/wp\/v2\/media?parent=18326"}],"wp:term":[{"taxonomy":"product_brand","embeddable":true,"href":"https:\/\/visionstore.co.rs\/cs\/wp-json\/wp\/v2\/product_brand?post=18326"},{"taxonomy":"product_cat","embeddable":true,"href":"https:\/\/visionstore.co.rs\/cs\/wp-json\/wp\/v2\/product_cat?post=18326"},{"taxonomy":"product_tag","embeddable":true,"href":"https:\/\/visionstore.co.rs\/cs\/wp-json\/wp\/v2\/product_tag?post=18326"}],"curies":[{"name":"wp","href":"https:\/\/api.w.org\/{rel}","templated":true}]}}