{"id":18376,"date":"2019-12-27T16:50:22","date_gmt":"2019-12-27T15:50:22","guid":{"rendered":"https:\/\/visionstore.co.rs\/product\/mega-r\/"},"modified":"2024-11-05T13:40:39","modified_gmt":"2024-11-05T12:40:39","slug":"mega","status":"publish","type":"product","link":"https:\/\/visionstore.co.rs\/cs\/product\/mega\/","title":{"rendered":"Mega-R"},"content":{"rendered":"<p><strong>Mega-R \u2013 \u00fa\u010dinn\u00fd p\u0159\u00edpravek vytvo\u0159en\u00fd pro stabilizaci bun\u011b\u010dn\u00e9ho metabolismu.<\/strong> Tento produkt je zdrojem <strong>polynenasycen\u00fdch mastn\u00fdch kyselin (PUFA)<\/strong>, kter\u00e9 maj\u00ed z\u00e1sadn\u00ed v\u00fdznam pro fungov\u00e1n\u00ed v\u0161ech bun\u011bk v t\u011ble. <strong>PUFA<\/strong> jsou z\u00e1kladn\u00edmi slo\u017ekami bun\u011b\u010dn\u00fdch membr\u00e1n a dal\u0161\u00edch bun\u011b\u010dn\u00fdch struktur. Maj\u00ed za \u00fakol normalizovat a zlep\u0161ovat strukturu bun\u011b\u010dn\u00e9ho metabolismu, co\u017e zaji\u0161\u0165uje zachov\u00e1n\u00ed a prodlou\u017een\u00ed \u017eivotnosti bun\u011bk. Tento komplex je nezbytn\u00fd pro norm\u00e1ln\u00ed fungov\u00e1n\u00ed a vz\u00e1jemnou interakci v\u0161ech org\u00e1n\u016f a syst\u00e9m\u016f.<\/p>\n<p><strong>Omega-3 nenasycen\u00e9 kyseliny<\/strong> maj\u00ed mnoho u\u017eite\u010dn\u00fdch vlastnost\u00ed: zabra\u0148uj\u00ed p\u0159ed\u010dasn\u00e9mu st\u00e1rnut\u00ed t\u011bla, podporuj\u00ed zdrav\u00ed nervov\u00e9ho a kardiovaskul\u00e1rn\u00edho syst\u00e9mu, reguluj\u00ed hladinu cholesterolu v t\u011ble, a to nejsou v\u0161echny zn\u00e1m\u00e9 u\u017eite\u010dn\u00e9 vlastnosti <strong>omega-3 kyseliny<\/strong>.<\/p>\n<p><strong>PUFA omega-3<\/strong> pom\u00e1haj\u00ed udr\u017eovat norm\u00e1ln\u00ed hladinu cholesterolu, zaji\u0161\u0165uj\u00ed spr\u00e1vnou \u010dinnost a zdrav\u00ed srdce a c\u00e9v, zvy\u0161uj\u00ed jejich pru\u017enost a pevnost.<\/p>\n<p><strong>PNMK omega-6<\/strong> zlep\u0161uj\u00ed p\u0159enos nervov\u00fdch vzruch\u016f z mozku do v\u0161ech t\u011blesn\u00fdch syst\u00e9m\u016f, poskytuj\u00ed podporu mozkov\u00fdm bu\u0148k\u00e1m, p\u0159isp\u00edvaj\u00ed ke spr\u00e1vn\u00e9 funkci nervov\u00e9ho syst\u00e9mu.<\/p>\n<ul>\n<li>Prodlu\u017euje \u017eivotnost bun\u011bk<\/li>\n<li>Zlep\u0161uje bun\u011b\u010dnou strukturu a vytv\u00e1\u0159\u00ed ochrannou membr\u00e1nu, chr\u00e1n\u00edc\u00ed bun\u011b\u010dn\u00e9 membr\u00e1ny<\/li>\n<li>Zaji\u0161\u0165uje zdrav\u00ed srdce a c\u00e9v<\/li>\n<li>Sni\u017euje z\u00e1n\u011btliv\u00e9 a alergick\u00e9 procesy v t\u011ble<\/li>\n<li>P\u016fsob\u00ed blahod\u00e1rn\u011b na imunitu<\/li>\n<\/ul>\n<p>Kdo z n\u00e1s by si necht\u011bl zachovat ml\u00e1d\u00ed na mnoho let? Nejde p\u0159itom jen o vn\u011bj\u0161\u00ed vzhled, ple\u0165 bez vr\u00e1sek a pigmentov\u00fdch skvrn, ale i o celkov\u00fd zdravotn\u00ed stav. Zm\u011bny souvisej\u00edc\u00ed s v\u011bkem zahrnuj\u00ed srde\u010dn\u00ed onemocn\u011bn\u00ed, vysok\u00fd krevn\u00ed tlak, artritidu a zapomn\u011btlivost. Organismus modern\u00edho mu\u017ee se p\u0159itom velmi rychle opot\u0159ebov\u00e1v\u00e1 a p\u0159ed\u010dasn\u00e9 st\u00e1rnut\u00ed ji\u017e nen\u00ed \u017e\u00e1dnou vz\u00e1cnost\u00ed.<\/p>\n<p>Ale na\u0161t\u011bst\u00ed v\u011bdci na\u0161li \u00fa\u010dinn\u00fd a cenov\u011b dostupn\u00fd n\u00e1stroj proti st\u00e1rnut\u00ed. <strong>Jedn\u00e1 se o polynenasycen\u00e9 mastn\u00e9 kyseliny (PUFA)<\/strong>, kter\u00e9 jsou stavebn\u00edm materi\u00e1lem v\u0161ech t\u011blesn\u00fdch bun\u011bk a maj\u00ed speci\u00e1ln\u00ed aktivn\u00ed vlastnosti. <strong>PUFA<\/strong> jsou schopny obnovit strukturu k\u016f\u017ee, odstranit z\u00e1n\u011bty, zlep\u0161it lipidov\u00e9 slo\u017een\u00ed krve, \u010d\u00edm\u017e chr\u00e1n\u00ed c\u00e9vy a srdce p\u0159ed zni\u010den\u00edm, a dokonce regeneruj\u00ed mozkov\u00e9 bu\u0148ky.<\/p>\n<p>Ka\u017ed\u00fd by si m\u011bl pamatovat: <strong>polynenasycen\u00e9 mastn\u00e9 kyseliny se v t\u011ble nevytv\u00e1\u0159ej\u00ed.<\/strong> A modern\u00ed v\u00fd\u017eiva bohu\u017eel nem\u016f\u017ee v\u017edy zajistit pot\u0159ebu \u010dlov\u011bka pro <strong>PUFA<\/strong>. Proto je nutn\u00e9 pravideln\u011b u\u017e\u00edvat speci\u00e1ln\u00ed dopl\u0148ky stravy, kter\u00e9 obsahuj\u00ed jak <strong>omega-3, tak omega-6 mastn\u00e9 kyseliny<\/strong>. Unik\u00e1tn\u00ed frakce rostlinn\u00fdch a mo\u0159sk\u00fdch polynenasycen\u00fdch mastn\u00fdch kyselin z komplexu <strong>Mega-R<\/strong> dok\u00e1\u017ee sn\u00ed\u017eit deficit \u017eivin v t\u011ble, pos\u00edlit jeho ochrann\u00e9 schopnosti, sn\u00ed\u017eit riziko kardiovaskul\u00e1rn\u00edch onemocn\u011bn\u00ed a normalizovat pr\u00e1ci v\u0161ech fyziologick\u00fdch syst\u00e9m\u016f.<\/p>\n<p><strong>Mega-R<\/strong> m\u00e1 jedine\u010dnou schopnost zlep\u0161it bun\u011b\u010dnou strukturu a vytvo\u0159it ochrannou membr\u00e1nu p\u0159i zachov\u00e1n\u00ed jejich integrity. T\u00edmto zp\u016fsobem se prodlu\u017euje \u017eivotnost bu\u0148ky a zpomaluje se proces st\u00e1rnut\u00ed.<\/p>\n<p>Produkt <strong>Mega-R<\/strong> je zdrojem unik\u00e1tn\u00edch frakc\u00ed <strong>PUFA<\/strong>. Zlep\u0161uj\u00ed strukturu bun\u011bk, vytv\u00e1\u0159ej\u00ed ochrannou membr\u00e1nu, d\u00edky kter\u00e9 je zachov\u00e1na celistvost bu\u0148ky a prodlu\u017euje se jej\u00ed \u017eivotnost.<\/p>\n<p>Produkt <strong>Mega-R<\/strong> obsahuje <a href=\"https:\/\/visionstore.co.rs\/pinjoli-ili-kedrovo-seme\/\"><strong>olej ze semen sibi\u0159sk\u00e9 borovice<\/strong><\/a> , bohat\u00fd na <strong>omega-3 kyseliny<\/strong> a s <strong>maxim\u00e1ln\u00edm obsahem omega-6 kyselin<\/strong> . <strong>Vitamin E<\/strong> byl p\u0159id\u00e1n do slo\u017een\u00ed komplexu proti st\u00e1rnut\u00ed. Zabra\u0148uje oxidaci <strong>PUFA<\/strong> uvnit\u0159 t\u011bla a zachov\u00e1v\u00e1 jeho p\u0159\u00edzniv\u00e9 vlastnosti. <strong>Mega-R<\/strong> chr\u00e1n\u00ed st\u011bny c\u00e9v p\u0159ed po\u0161kozen\u00edm, kontroluje slo\u017een\u00ed krve, normalizuje krevn\u00ed tlak a srde\u010dn\u00ed rytmus, obnovuje bu\u0148ky srde\u010dn\u00edho svalu, \u010d\u00edm\u017e je \u010din\u00ed odoln\u011bj\u0161\u00edmi v boji proti negativn\u00edm faktor\u016fm. T\u00edmto zp\u016fsobem se sni\u017euje riziko mnoha kardiovaskul\u00e1rn\u00edch onemocn\u011bn\u00ed, v\u010detn\u011b ateroskler\u00f3zy, mrtvice a srde\u010dn\u00edho infarktu. <strong>Mega-R<\/strong> chr\u00e1n\u00ed neurony p\u0159ed po\u0161kozen\u00edm, zlep\u0161uje p\u0159enos nervov\u00fdch vzruch\u016f, a t\u00edm zachov\u00e1v\u00e1 pam\u011b\u0165 a mozkov\u00e9 funkce, zabra\u0148uje vzniku Alzheimerovy choroby.<\/p>\n<p><strong>Mega-R<\/strong> p\u0159isp\u00edv\u00e1 k tvorb\u011b ochrann\u00e9 tukov\u00e9 vrstvy na poko\u017ece, kter\u00e1 zabra\u0148uje jej\u00edmu vysou\u0161en\u00ed. Zku\u0161en\u00ed kosmetologov\u00e9 proto \u010dasto doporu\u010duj\u00ed pravideln\u00fd p\u0159\u00edjem <strong>PUFA<\/strong>. <strong>Mega-R<\/strong> pom\u00e1h\u00e1 odstra\u0148ovat z\u00e1n\u011bty v kloubech, sni\u017euje bolesti p\u0159i artritid\u011b a artr\u00f3ze, posiluje imunitu. <strong>Vitam\u00edny A a D<\/strong>, kter\u00e9 jsou sou\u010d\u00e1st\u00ed mastn\u00fdch kyselin, posiluj\u00ed a roz\u0161i\u0159uj\u00ed oblasti p\u016fsoben\u00ed <strong>omega-3 kyselin<\/strong>, poskytuj\u00ed protiz\u00e1n\u011btliv\u00e9 a antialergick\u00e9 \u00fa\u010dinky, zvy\u0161uj\u00ed odolnost organismu v\u016f\u010di infek\u010dn\u00edm onemocn\u011bn\u00edm, \u010d\u00edm\u017e sni\u017euj\u00ed riziko z\u00e1n\u011btliv\u00fdch proces\u016f v tr\u00e1vic\u00edm traktu a cukrovce.<br \/>\nD\u00edky tak \u0161irok\u00e9 \u0161k\u00e1le \u00fa\u010dink\u016f se o<strong>mega-3 PUFA<\/strong> aktivn\u011b pou\u017e\u00edvaj\u00ed ve vysoce specializovan\u00fdch org\u00e1nech a tk\u00e1n\u00edch: v bun\u011b\u010dn\u00fdch membr\u00e1n\u00e1ch zrakov\u00e9ho apar\u00e1tu, kde hlavn\u00ed roli hraje <strong>vitam\u00edn A<\/strong>, kter\u00fd je nezbytn\u00fd pro zachov\u00e1n\u00ed zraku . <strong>Vitamin A<\/strong> p\u0159\u00edmo p\u016fsob\u00ed na receptory pro barevn\u00e9 spektrum a kvalitu vid\u011bn\u00ed za \u0161era, urychluje obnovu zraku po n\u00e1hl\u00e9m z\u00e1blesku sv\u011btla ve tm\u011b. Zabra\u0148uje vysych\u00e1n\u00ed bun\u011bk rohovky a z\u00e1n\u011btu spojivek. <strong>Vitamin D<\/strong> je zodpov\u011bdn\u00fd za podporu zdrav\u00ed kost\u00ed a zub\u016f, \u010d\u00edm\u017e p\u0159isp\u00edv\u00e1 k pronik\u00e1n\u00ed v\u00e1pn\u00edku a fosforu do bun\u011bk a tak\u00e9 zabra\u0148uje svalov\u00fdm k\u0159e\u010d\u00edm.<\/p>\n<p><strong>Omega-3 kyseliny<\/strong> nav\u00edc hraj\u00ed d\u016fle\u017eitou roli p\u0159i p\u0159enosu nervov\u00fdch vzruch\u016f, jsou nezbytn\u00e9 pro normalizaci psycho-emocion\u00e1ln\u00edho stavu a procesu pam\u011bti a zlep\u0161uj\u00ed mozkov\u00e9 funkce. Nesouvis\u00ed to pouze s t\u00edm, \u017ee <strong>omega-3 kyseliny<\/strong> stimuluj\u00ed du\u0161evn\u00ed \u010dinnost, zvy\u0161uj\u00ed prokrven\u00ed mozku. Pom\u00e1haj\u00ed zvl\u00e1dat deprese, psych\u00f3zy, emo\u010dn\u00ed poruchy, poruchy chov\u00e1n\u00ed, syndrom deficitu pozornosti, hyperaktivitu a chronickou \u00fanavu.<\/p>\n<p>S tak cenn\u00fdmi biologick\u00fdmi vlastnostmi jsou <strong>PUFA<\/strong> snadno dostupn\u00fdm substr\u00e1tem pro oxida\u010dn\u00ed procesy. Aby se zabr\u00e1nilo \u00fa\u010dasti na oxida\u010dn\u00edch reakc\u00edch, p\u0159ich\u00e1z\u00ed na pomoc velk\u00e9 mno\u017estv\u00ed antioxidant\u016f z t\u011bla, zejm\u00e9na <strong>vitamin E<\/strong>. Tento vitam\u00edn z komplexu <strong>Mega-R<\/strong> stabilizuje strukturu membr\u00e1ny a zpomaluje procesy peroxidace lipid\u016f. Zachov\u00e1n\u00edm integrity bun\u011b\u010dn\u00fdch membr\u00e1n a zaji\u0161t\u011bn\u00edm podm\u00ednek pro jejich fungov\u00e1n\u00ed p\u0159isp\u00edv\u00e1 <strong>vitam\u00edn E<\/strong> k realizaci nejd\u016fle\u017eit\u011bj\u0161\u00edch metabolick\u00fdch proces\u016f, kter\u00e9 zpomaluj\u00ed proces st\u00e1rnut\u00ed.<\/p>\n<p><strong>Olej ze semen sibi\u0159sk\u00e9 borovice<\/strong>, rostlinn\u00e9 mastn\u00e9 kyseliny <strong>omega-3<\/strong> a <strong>omega-6<\/strong> jsou tak\u00e9 d\u016fle\u017eit\u00e9 pro pos\u00edlen\u00ed ochrann\u00fdch sil na\u0161eho t\u011bla. Pom\u00e1haj\u00ed t\u011blu bojovat proti z\u00e1n\u011btliv\u00fdm proces\u016fm, zvy\u0161uj\u00ed jeho schopnost odol\u00e1vat r\u016fzn\u00fdm virov\u00fdm a bakteri\u00e1ln\u00edm infekc\u00edm, posiluj\u00ed imunitn\u00ed syst\u00e9m \u010dlov\u011bka jako celek.<\/p>\n<p>D\u016fle\u017eitou roli hraj\u00ed tak\u00e9 p\u0159i sni\u017eov\u00e1n\u00ed hladiny \u201e\u0161patn\u00e9ho\u201c cholesterolu v krvi, kter\u00fd zabra\u0148uje usazov\u00e1n\u00ed cholesterolu na st\u011bn\u00e1ch c\u00e9v. <strong>Omega-3<\/strong> a <strong>omega-6<\/strong> mastn\u00e9 kyseliny jsou nepostradateln\u00e9 v prevenci diabetu: <strong>omega-3<\/strong> pom\u00e1haj\u00ed v boji proti inzul\u00ednov\u00e9 rezistenci nebo inzul\u00ednov\u00e9 rezistenci, jej\u00edm\u017e d\u016fsledkem je zv\u00fd\u0161en\u00ed koncentrace gluk\u00f3zy v krvi, co\u017e zvy\u0161uje riziko vzniku cukrovky. <strong>Omega-6<\/strong> zastavuje destrukci nervov\u00fdch vl\u00e1ken vypl\u00fdvaj\u00edc\u00ed z tohoto onemocn\u011bn\u00ed.<\/p>\n<p>Spole\u010dn\u00e9 p\u016fsoben\u00ed <strong>omega-3-6<\/strong> mastn\u00fdch kyselin a <strong>vitaminu E<\/strong> p\u0159\u00edzniv\u011b ovliv\u0148uje procesy v\u00fd\u017eivy svalov\u00e9 tk\u00e1n\u011b a zvy\u0161uje rychlost odstra\u0148ov\u00e1n\u00ed drobn\u00fdch poran\u011bn\u00ed a mikrotraumat. <strong>Mastn\u00e9 kyseliny a vitam\u00edn E<\/strong> jsou neobvykle u\u017eite\u010dn\u00e9 jako prevence proti r\u016fzn\u00fdm poruch\u00e1m r\u016fstu a v\u00fdvoje kostn\u00ed tk\u00e1n\u011b, v\u010detn\u011b chirurgick\u00fdch z\u00e1krok\u016f. Zabra\u0148uj\u00ed vzniku dystrofie kostn\u00ed a svalov\u00e9 tk\u00e1n\u011b a zvy\u0161uj\u00ed pohyblivost kloub\u016f.<\/p>\n<p><strong>Ryb\u00ed tuk z tres\u010d\u00edch jater<\/strong> se nestar\u00e1 jen o na\u0161e zdrav\u00ed, ale tak\u00e9 o n\u00e1\u0161 vzhled. Unik\u00e1tn\u00ed frakce <strong>omega-3-6<\/strong> mastn\u00fdch kyselin pom\u00e1h\u00e1 v boji se suchou poko\u017ekou a vlasy. <strong>Omega-3 a omega-6<\/strong> znateln\u011b zlep\u0161uj\u00ed strukturu poko\u017eky a vlas\u016f, navracej\u00ed zdrav\u00fd lesk l\u00e1mav\u00fdm vlas\u016fm, zabra\u0148uj\u00ed vypad\u00e1v\u00e1n\u00ed vlas\u016f, zvy\u0161uj\u00ed elasticitu a pevnost poko\u017eky. A nejen posiluj\u00ed, ale tak\u00e9 urychluj\u00ed r\u016fst vlas\u016f. <strong>Mastn\u00e9 kyseliny<\/strong> nav\u00edc v t\u011ble zvy\u0161uj\u00ed obsah hormonu serotoninu, kter\u00fd je zodpov\u011bdn\u00fd za dobrou n\u00e1ladu. A jak zn\u00e1mo, skv\u011bl\u00e1 n\u00e1lada je z\u00e1rukou sv\u011btl\u00e9ho vn\u011bj\u0161\u00edho vzhledu.<\/p>\n<p><strong>Slo\u017een\u00ed:<\/strong> <a href=\"https:\/\/visionstore.co.rs\/omega-3-masne-kiseline\/\">omega-3 mastn\u00e9 kyseliny (EPA\/DHA 18\/12)<\/a>, omega 6, <a href=\"https:\/\/visionstore.co.rs\/cs\/vitamin-e-2\/\">vitam\u00edn E<\/a>, <a href=\"https:\/\/visionstore.co.rs\/jetra-bakalara\/\">olej z tres\u010d\u00edch jater<\/a>, <a href=\"https:\/\/visionstore.co.rs\/pinjoli-ili-kedrovo-seme\/\">olej ze semen sibi\u0159sk\u00e9 borovice (lat. <em>Pinus sibirica<\/em>)<\/a>.<\/p>\n<p><strong>Mno\u017estv\u00ed: 60 kapsl\u00ed<\/strong><\/p>\n<p><strong>\u010cist\u00e1 hmotnost: 48g<\/strong><\/p>\n<table>\n<tbody>\n<tr>\n<td><strong>AKTIVN\u00cd L\u00c1TKY:<\/strong><\/td>\n<td><strong>2 kapsle<br \/>\n(1600 mg)<\/strong><\/td>\n<td><strong>%NRV*<\/strong><\/td>\n<\/tr>\n<tr>\n<td>Olej z tres\u010d\u00edch jater obsahuj\u00edc\u00ed:<\/td>\n<td>500 mg<\/td>\n<td>**<\/td>\n<\/tr>\n<tr>\n<td>Omega-3 mastn\u00e9 kyseliny, z toho:<\/td>\n<td>300 mg<\/td>\n<td>**<\/td>\n<\/tr>\n<tr>\n<td>\u25aa Kyselina eikosapentaenov\u00e1 (EPA)<\/td>\n<td>165 mg<\/td>\n<td>**<\/td>\n<\/tr>\n<tr>\n<td>\u25aa Kyselina dokosahexaenov\u00e1 (DHA)<\/td>\n<td>110 mg<\/td>\n<td>**<\/td>\n<\/tr>\n<tr>\n<td>Olej ze semen sibi\u0159sk\u00e9 borovice (lat. <em>Pinus sibirica<\/em>), kter\u00fd obsahuje:<\/td>\n<td>488,8 mg<\/td>\n<td>**<\/td>\n<\/tr>\n<tr>\n<td>\u25aa Kyselina gama-linolenov\u00e1 (GLA)<\/td>\n<td>90 mg<\/td>\n<td>**<\/td>\n<\/tr>\n<tr>\n<td>Vitamin E<\/td>\n<td>6,7 mg \u03b1-TE***<\/td>\n<td>55,8%<\/td>\n<\/tr>\n<\/tbody>\n<\/table>\n<p>*NRV &#8211; nutri\u010dn\u00ed referen\u010dn\u00ed hodnota<br \/>\n** &#8211; nutri\u010dn\u00ed referen\u010dn\u00ed hodnota nebyla stanovena<br \/>\n***a-TE=ekvivalent a-tokoferolu<\/p>\n","protected":false},"excerpt":{"rendered":"<p>MEGA-R<\/p>\n<p>\u2022 Zlep\u0161uje strukturu bun\u011bk a vytv\u00e1\u0159\u00ed ochrannou membr\u00e1nu, kter\u00e1 zachov\u00e1v\u00e1 jejich integritu.<br \/>\n\u2022 Zabra\u0148uje destrukci mozkov\u00fdch neuron\u016f, zlep\u0161uje p\u0159enos nervov\u00fdch vzruch\u016f z mozku do v\u0161ech t\u011blesn\u00fdch syst\u00e9m\u016f.<br \/>\n\u2022 Zpomaluje proces st\u00e1rnut\u00ed, umo\u017e\u0148uje prodlou\u017een\u00ed ml\u00e1d\u00ed.<br \/>\n\u2022 Zabra\u0148uje rozvoji kardiovaskul\u00e1rn\u00edch onemocn\u011bn\u00ed, zlep\u0161uje slo\u017een\u00ed krve, sni\u017euje cholesterol.<br \/>\n\u2022 Reguluje srde\u010dn\u00ed rytmus, normalizuje krevn\u00ed tlak, sni\u017euje riziko mrtvice a infarktu.<br \/>\n\u2022 Zabra\u0148uje z\u00e1n\u011btliv\u00fdm a alergick\u00fdm proces\u016fm.<br \/>\n\u2022 Posiluje pohybov\u00fd apar\u00e1t.<br \/>\n\u2022 Chr\u00e1n\u00ed a zlep\u0161uje vid\u011bn\u00ed.<br \/>\n\u2022 Zabra\u0148uje st\u00e1rnut\u00ed pleti a vyhlazuje vr\u00e1sky.<\/p>\n","protected":false},"featured_media":29106,"comment_status":"open","ping_status":"closed","template":"","meta":{"_acf_changed":false,"_uag_custom_page_level_css":"","site-sidebar-layout":"default","site-content-layout":"default","ast-site-content-layout":"default","site-content-style":"default","site-sidebar-style":"default","ast-global-header-display":"","ast-banner-title-visibility":"","ast-main-header-display":"","ast-hfb-above-header-display":"","ast-hfb-below-header-display":"","ast-hfb-mobile-header-display":"","site-post-title":"","ast-breadcrumbs-content":"","ast-featured-img":"","footer-sml-layout":"","ast-disable-related-posts":"","theme-transparent-header-meta":"default","adv-header-id-meta":"","stick-header-meta":"default","header-above-stick-meta":"","header-main-stick-meta":"","header-below-stick-meta":"","astra-migrate-meta-layouts":"default","ast-page-background-enabled":"default","ast-page-background-meta":{"desktop":{"background-color":"","background-image":"","background-repeat":"repeat","background-position":"center center","background-size":"auto","background-attachment":"scroll","background-type":"","background-media":"","overlay-type":"","overlay-color":"","overlay-opacity":"","overlay-gradient":""},"tablet":{"background-color":"","background-image":"","background-repeat":"repeat","background-position":"center center","background-size":"auto","background-attachment":"scroll","background-type":"","background-media":"","overlay-type":"","overlay-color":"","overlay-opacity":"","overlay-gradient":""},"mobile":{"background-color":"","background-image":"","background-repeat":"repeat","background-position":"center center","background-size":"auto","background-attachment":"scroll","background-type":"","background-media":"","overlay-type":"","overlay-color":"","overlay-opacity":"","overlay-gradient":""}},"ast-content-background-meta":{"desktop":{"background-color":"var(--ast-global-color-4)","background-image":"","background-repeat":"repeat","background-position":"center center","background-size":"auto","background-attachment":"scroll","background-type":"","background-media":"","overlay-type":"","overlay-color":"","overlay-opacity":"","overlay-gradient":""},"tablet":{"background-color":"var(--ast-global-color-4)","background-image":"","background-repeat":"repeat","background-position":"center center","background-size":"auto","background-attachment":"scroll","background-type":"","background-media":"","overlay-type":"","overlay-color":"","overlay-opacity":"","overlay-gradient":""},"mobile":{"background-color":"var(--ast-global-color-4)","background-image":"","background-repeat":"repeat","background-position":"center center","background-size":"auto","background-attachment":"scroll","background-type":"","background-media":"","overlay-type":"","overlay-color":"","overlay-opacity":"","overlay-gradient":""}},"jetpack_post_was_ever_published":false},"product_brand":[],"product_cat":[357],"product_tag":[],"class_list":{"0":"post-18376","1":"product","2":"type-product","3":"status-publish","4":"has-post-thumbnail","6":"product_cat-classic-hit","7":"desktop-align-center","8":"tablet-align-center","9":"mobile-align-center","10":"ast-product-gallery-layout-horizontal","11":"ast-product-tabs-layout-distributed","12":"ast-qv-on-image","14":"first","15":"instock","16":"taxable","17":"shipping-taxable","18":"purchasable","19":"product-type-simple"},"acf":[],"uagb_featured_image_src":{"full":["https:\/\/i0.wp.com\/visionstore.co.rs\/wp-content\/uploads\/2019\/12\/Mega.png?fit=1024%2C1024&ssl=1",1024,1024,false],"thumbnail":["https:\/\/i0.wp.com\/visionstore.co.rs\/wp-content\/uploads\/2019\/12\/Mega.png?resize=150%2C150&ssl=1",150,150,true],"medium":["https:\/\/i0.wp.com\/visionstore.co.rs\/wp-content\/uploads\/2019\/12\/Mega.png?fit=300%2C300&ssl=1",300,300,true],"medium_large":["https:\/\/i0.wp.com\/visionstore.co.rs\/wp-content\/uploads\/2019\/12\/Mega.png?fit=768%2C768&ssl=1",768,768,true],"large":["https:\/\/i0.wp.com\/visionstore.co.rs\/wp-content\/uploads\/2019\/12\/Mega.png?fit=1024%2C1024&ssl=1",1024,1024,true],"1536x1536":["https:\/\/i0.wp.com\/visionstore.co.rs\/wp-content\/uploads\/2019\/12\/Mega.png?fit=1024%2C1024&ssl=1",1024,1024,true],"2048x2048":["https:\/\/i0.wp.com\/visionstore.co.rs\/wp-content\/uploads\/2019\/12\/Mega.png?fit=1024%2C1024&ssl=1",1024,1024,true],"mailpoet_newsletter_max":["https:\/\/i0.wp.com\/visionstore.co.rs\/wp-content\/uploads\/2019\/12\/Mega.png?fit=1024%2C1024&ssl=1",1024,1024,true],"woocommerce_thumbnail":["https:\/\/i0.wp.com\/visionstore.co.rs\/wp-content\/uploads\/2019\/12\/Mega.png?fit=900%2C900&ssl=1",900,900,true],"woocommerce_single":["https:\/\/i0.wp.com\/visionstore.co.rs\/wp-content\/uploads\/2019\/12\/Mega.png?fit=1024%2C1024&ssl=1",1024,1024,true],"woocommerce_gallery_thumbnail":["https:\/\/i0.wp.com\/visionstore.co.rs\/wp-content\/uploads\/2019\/12\/Mega.png?resize=100%2C100&ssl=1",100,100,true]},"uagb_author_info":{"display_name":"admin","author_link":"https:\/\/visionstore.co.rs\/cs\/author\/"},"uagb_comment_info":2,"uagb_excerpt":"MEGA-R \u2022 Zlep\u0161uje strukturu bun\u011bk a vytv\u00e1\u0159\u00ed ochrannou membr\u00e1nu, kter\u00e1 zachov\u00e1v\u00e1 jejich integritu. \u2022 Zabra\u0148uje destrukci mozkov\u00fdch neuron\u016f, zlep\u0161uje p\u0159enos nervov\u00fdch vzruch\u016f z mozku do v\u0161ech t\u011blesn\u00fdch syst\u00e9m\u016f. \u2022 Zpomaluje proces st\u00e1rnut\u00ed, umo\u017e\u0148uje prodlou\u017een\u00ed ml\u00e1d\u00ed. \u2022 Zabra\u0148uje rozvoji kardiovaskul\u00e1rn\u00edch onemocn\u011bn\u00ed, zlep\u0161uje slo\u017een\u00ed krve, sni\u017euje cholesterol. \u2022 Reguluje srde\u010dn\u00ed rytmus, normalizuje krevn\u00ed tlak, sni\u017euje riziko mrtvice&hellip;","jetpack_sharing_enabled":true,"_links":{"self":[{"href":"https:\/\/visionstore.co.rs\/cs\/wp-json\/wp\/v2\/product\/18376","targetHints":{"allow":["GET"]}}],"collection":[{"href":"https:\/\/visionstore.co.rs\/cs\/wp-json\/wp\/v2\/product"}],"about":[{"href":"https:\/\/visionstore.co.rs\/cs\/wp-json\/wp\/v2\/types\/product"}],"replies":[{"embeddable":true,"href":"https:\/\/visionstore.co.rs\/cs\/wp-json\/wp\/v2\/comments?post=18376"}],"wp:featuredmedia":[{"embeddable":true,"href":"https:\/\/visionstore.co.rs\/cs\/wp-json\/wp\/v2\/media\/29106"}],"wp:attachment":[{"href":"https:\/\/visionstore.co.rs\/cs\/wp-json\/wp\/v2\/media?parent=18376"}],"wp:term":[{"taxonomy":"product_brand","embeddable":true,"href":"https:\/\/visionstore.co.rs\/cs\/wp-json\/wp\/v2\/product_brand?post=18376"},{"taxonomy":"product_cat","embeddable":true,"href":"https:\/\/visionstore.co.rs\/cs\/wp-json\/wp\/v2\/product_cat?post=18376"},{"taxonomy":"product_tag","embeddable":true,"href":"https:\/\/visionstore.co.rs\/cs\/wp-json\/wp\/v2\/product_tag?post=18376"}],"curies":[{"name":"wp","href":"https:\/\/api.w.org\/{rel}","templated":true}]}}