{"id":18433,"date":"2019-12-27T12:47:17","date_gmt":"2019-12-27T11:47:17","guid":{"rendered":"https:\/\/visionstore.co.rs\/product\/sveltform-classic\/"},"modified":"2024-09-03T10:57:49","modified_gmt":"2024-09-03T08:57:49","slug":"sveltform","status":"publish","type":"product","link":"https:\/\/visionstore.co.rs\/cs\/product\/sveltform\/","title":{"rendered":"Sveltform Classic"},"content":{"rendered":"<p><strong>Sveltform Classic<\/strong> normalizuje hladinu cukru v krvi, pom\u00e1h\u00e1 bu\u0148k\u00e1m absorbovat a vyu\u017e\u00edvat gluk\u00f3zu pro energii, pom\u00e1h\u00e1 regulovat chu\u0165 k j\u00eddlu a sni\u017euje pocit hladu, \u010d\u00edm\u017e upravuje t\u011blesnou hmotnost. Chcete se zbavit p\u0159ebyte\u010dn\u00fdch kilogram\u016f bez \u00fajmy na zdrav\u00ed? Za\u0159a\u010fte do sv\u00e9ho ka\u017edodenn\u00edho j\u00eddeln\u00ed\u010dku l\u00e1tky, kter\u00e9 rychle spaluj\u00ed tuky a rychle dos\u00e1hnete v\u00fdsledku hubnut\u00ed.  <\/p>\n<ul>\n<li>P\u0159isp\u00edv\u00e1 k hubnut\u00ed<\/li>\n<li>Normalizuje v\u00fdm\u011bnu l\u00e1tek<\/li>\n<li>Posiluje p\u016fsoben\u00ed diety<\/li>\n<li>Sni\u017euje chu\u0165 k j\u00eddlu<\/li>\n<li>Sni\u017euje hladinu cukru a cholesterolu v krvi<\/li>\n<\/ul>\n<p><strong>Normalizuje l\u00e1tkovou v\u00fdm\u011bnu na bun\u011b\u010dn\u00e9 \u00farovni, napom\u00e1h\u00e1 bezpe\u010dn\u00e9 ztr\u00e1t\u011b p\u0159ebyte\u010dn\u00e9 t\u011blesn\u00e9 hmoty.<\/strong> Vyv\u00e1\u017een\u00e1 receptura zrychluje metabolismus, intenzivn\u011b spaluje tuky a p\u0159em\u011b\u0148uje je na energii.<strong> Sveltform Classic zpomaluje proces p\u0159em\u011bny sacharid\u016f na tuky a eliminuje jejich usazov\u00e1n\u00ed.<\/strong> Pou\u017eit\u00edm tohoto bezpe\u010dn\u00e9ho dopl\u0148ku stravy v kombinaci s dietou jsou neutralizov\u00e1ny mechanismy, kter\u00e9 vedou k n\u00e1r\u016fstu hmotnosti. P\u0159\u00edroda nep\u0159edv\u00eddala nadm\u011brnou t\u011blesnou hmotu. P\u0159edv\u00eddala mo\u017enost takov\u00e9ho probl\u00e9mu, a proto p\u0159ipravila pro lidi bylinn\u00e9 slo\u017eky, kter\u00e9 p\u0159isp\u00edvaj\u00ed k hubnut\u00ed. Jednou z t\u011bchto rostlin je <strong>garcinia (garcinia cambogia)<\/strong>, kter\u00e1 m\u00e1 vysokou aktivitu, pokud jde o regulaci t\u011blesn\u00e9 hmotnosti a chuti k j\u00eddlu. Aktivn\u00ed slo\u017eka <strong>garcinie<\/strong> , <a href=\"https:\/\/visionstore.co.rs\/garsinija\/\"><strong>kyselina hydroxycitronov\u00e1 (HCA)<\/strong><\/a> , poskytuje lidsk\u00e9mu t\u011blu troj\u00ed mechanismus fyziologick\u00e9ho sni\u017eov\u00e1n\u00ed t\u011blesn\u00e9 hmoty: sni\u017euje tvorbu mastn\u00fdch kyselin a cholesterolu, zvy\u0161uje oxidaci tuk\u016f a reguluje chu\u0165 k j\u00eddlu. <strong>Kyselina hydroxycitronov\u00e1<\/strong> se pod\u00edl\u00ed na metabolismu cukru a tuku, br\u00e1n\u00ed p\u0159em\u011bn\u011b cukru na tuk a sni\u017euje schopnost t\u011bla tvo\u0159it tuk. Tato kyselina prost\u011b neumo\u017e\u0148uje p\u0159em\u011bnu sacharid\u016f na tuk. Podle n\u011bkter\u00fdch studi\u00ed m\u016f\u017ee m\u00edt <strong>garcinie<\/strong> i pozitivn\u00ed protiz\u00e1n\u011btliv\u00e9, antioxida\u010dn\u00ed, antimikrobi\u00e1ln\u00ed schopnosti&#8230; Garcinia obsahuje <strong>pektin<\/strong> , kter\u00fd v\u00fdrazn\u011b p\u0159isp\u00edv\u00e1 ke sn\u00ed\u017een\u00ed chuti k j\u00eddlu. <a href=\"https:\/\/visionstore.co.rs\/garsinija\/\">Pektin<\/a> je enterosorbent, to znamen\u00e1, \u017ee m\u00e1 schopnost odstra\u0148ovat \u0161kodliv\u00e9 l\u00e1tky z t\u011bla, jejich\u017e vstup je p\u0159i pobytu ve velk\u00e9m m\u011bst\u011b nevyhnuteln\u00fd (pesticidy, radioaktivn\u00ed prvky, ionty t\u011b\u017ek\u00fdch kov\u016f).  Normalizac\u00ed hladiny gluk\u00f3zy v krvi, kter\u00e1 je pro mozek sign\u00e1lem ob\u017eerstv\u00ed, zah\u00e1n\u00ed <strong>garcinie<\/strong> pocit hladu. V kombinaci s <strong>chromem<\/strong> m\u00e1 nejlep\u0161\u00ed \u00fa\u010dinek, proto\u017ee <strong>chr\u00f3m<\/strong> odstra\u0148uje inzul\u00ednovou rezistenci, sni\u017euje chu\u0165 na sladk\u00e9 a mou\u010dn\u00e9 v\u00fdrobky. Interakce s inzul\u00ednem v procesech v\u00fdm\u011bny sacharid\u016f je z\u00e1kladn\u00ed funkc\u00ed <strong>chr\u00f3mu<\/strong>. M\u00e1 schopnost pos\u00edlit p\u016fsoben\u00ed inzul\u00ednu v metabolick\u00fdch procesech, kter\u00e9 jsou t\u00edmto hormonem regulov\u00e1ny. <strong>Chrom<\/strong> spolu s inzul\u00ednem urychluje oxidaci gluk\u00f3zy v tukov\u00e9 tk\u00e1ni a urychluje vstup gluk\u00f3zy do bun\u011bk. T\u00edmto zp\u016fsobem synergie <strong>garcinie<\/strong> a <strong>chr\u00f3mu<\/strong> sni\u017euje aktivitu fermenta\u010dn\u00edch syst\u00e9m\u016f, kter\u00e9 p\u0159em\u011b\u0148uj\u00ed p\u0159ebyte\u010dn\u00e9 sacharidy na viscer\u00e1ln\u00ed tuk a reguluj\u00ed chu\u0165 k j\u00eddlu p\u016fsoben\u00edm na receptory v mozku. Hmotnost lidsk\u00e9ho t\u011bla v\u0161ak nez\u00e1vis\u00ed pouze na tom, kolik j\u00edme nebo nej\u00edme. Jedn\u00edm z hlavn\u00edch regul\u00e1tor\u016f na\u0161\u00ed hmotnosti je \u0161t\u00edtn\u00e1 \u017el\u00e1za, kter\u00e1 ovliv\u0148uje v\u0161echny typy metabolismu, v\u010detn\u011b lipid\u016f. K zaji\u0161t\u011bn\u00ed jeho norm\u00e1ln\u00ed funkce je nezbytn\u00fd <strong>j\u00f3d<\/strong>, jeho\u017e hlavn\u00edm zdrojem je <strong>mo\u0159sk\u00e1 \u0159asa fucus<\/strong>. Stimulac\u00ed \u0161t\u00edtn\u00e9 \u017el\u00e1zy, <strong>\u0159asy fucus<\/strong> , se d\u00edky <strong>j\u00f3du<\/strong> zrychluje metabolismus, kter\u00fd rychleji spaluje kalorie. <span style=\"font-size: 16px;\">Krom\u011b <strong>j\u00f3du<\/strong> obsahuje tato \u0159asa skute\u010dn\u00fd koktejl vitam\u00edn\u016f, mikro- a<\/span> makroprvk\u016f. <strong>Fucus<\/strong> normalizuje metabolismus, proces asimilace \u017eivin, p\u0159ev\u00e1\u017en\u011b cukru, stimuluje bun\u011b\u010dn\u00fd metabolismus a \u010dist\u00ed t\u011blo od ne\u010distot. D\u00edky \u017eelatinov\u00e9 vlastnosti kyseliny alginov\u00e9, kter\u00e1 j\u00ed umo\u017e\u0148uje absorbovat vodu a bobtnat, expandovat p\u0159ibli\u017en\u011b 25-35kr\u00e1t, <strong>fucus z mo\u0159sk\u00e9 \u0159asy<\/strong> pln\u00ed \u017ealudek, p\u0159isp\u00edv\u00e1 k postupn\u00e9mu vst\u0159eb\u00e1v\u00e1n\u00ed sacharid\u016f a tuk\u016f krv\u00ed, co\u017e ovliv\u0148uje regulaci chuti k j\u00eddlu . Sn\u00ed\u017een\u00ed t\u011blesn\u00e9 hmoty v\u0161ak nevyhnuteln\u011b vede ke sn\u00ed\u017een\u00ed energie v lidsk\u00e9m t\u011ble. Objevuje se \u00fanava, letargie, sn\u00ed\u017een\u00e1 pracovn\u00ed schopnost. <strong>Zelen\u00fd \u010daj<\/strong> poskytuje vitalizuj\u00edc\u00ed a povzbuzuj\u00edc\u00ed \u00fa\u010dinek, kter\u00fd stimuluje \u010dinnost organismu, odstra\u0148uje \u00fanavu a zvy\u0161uje vitalitu. Tuto vlastnost t\u00e9to bylinn\u00e9 slo\u017eky vysv\u011btluje obsah kofeinu. Kombinace <strong>zelen\u00e9ho \u010daje<\/strong> , <strong>vitaminu B9<\/strong> a <strong>vitaminu C<\/strong> je siln\u00fdm antioxidantem, kter\u00fd pozitivn\u011b ovliv\u0148uje spr\u00e1vnou v\u00fdm\u011bnu l\u00e1tek a reguluje oxida\u010dn\u011b-regenera\u010dn\u00ed procesy v t\u011ble. <strong>Zelen\u00fd \u010daj<\/strong> pom\u016f\u017ee odstranit tuk z t\u011bla a urychl\u00ed metabolick\u00e9 procesy aktivuj\u00edc\u00ed krevn\u00ed a lymfatick\u00fd ob\u011bh a rozbit\u00edm celulitidov\u00fdch \u201evycp\u00e1vek\u201c se celulitida z t\u011bla rychleji odstran\u00ed. <strong>Pro dosa\u017een\u00ed nejlep\u0161\u00edho efektu se doporu\u010duje pou\u017e\u00edvat <a href=\"https:\/\/visionstore.co.rs\/cs\/product\/chromevital\/\">Chromevital<\/a> a Sveltform Classic sou\u010dasn\u011b.<\/strong> <strong>Slo\u017een\u00ed:<\/strong> <a href=\"https:\/\/visionstore.co.rs\/garsinija\/\">garcinia (lat. <em>Garcinia cambogia<\/em> )<\/a> ,  <a href=\"https:\/\/visionstore.co.rs\/zeleni-caj\/\"><a href=\"https:\/\/visionstore.co.rs\/zeleni-caj\/\">zelen\u00fd \u010daj (<\/a><em>lat. Camellia sinensis <\/em>)<\/a>, <a href=\"https:\/\/visionstore.co.rs\/alga-fukus\/\">bracic (Alga Fucus) (lat. <em>Fucus vesiculosus<\/em> )<\/a> , <a href=\"https:\/\/visionstore.co.rs\/koliko-je-vazan-vitamin-c\/\">vitamin C<\/a> , <a href=\"https:\/\/visionstore.co.rs\/hrom\/\">chrom<\/a> . <strong>Mno\u017estv\u00ed: 60 kapsl\u00ed<\/strong> <strong>\u010cist\u00e1 hmotnost: 30g<\/strong><\/p>\n<table>\n<tbody>\n<tr>\n<td><strong>AKTIVN\u00cd L\u00c1TKY:<\/strong><\/td>\n<td><strong>2 kapsle (501 mg)<\/strong><\/td>\n<td><strong>%NRV*<\/strong><\/td>\n<\/tr>\n<tr>\n<td>Garcinia (lat. <em>Garcinia cambogia<\/em> ), extrakt ze such\u00e9ho ovoce, standardizovan\u00fd na 60% kyselinu chlorovod\u00edkovou (HCA)  <\/p>\n<ul>\n<li>z toho kyselina hydroxycitronov\u00e1<\/li>\n<\/ul>\n<\/td>\n<td>400 mg 240 mg<\/td>\n<td><strong>**<\/strong><\/td>\n<\/tr>\n<tr>\n<td>Zelen\u00fd \u010daj (<em>lat. Camellia sinensis <\/em>), such\u00fd extrakt z list\u016f zelen\u00e9ho \u010daje, standardizovan\u00fd na 40 % polyfenol\u016f  <\/p>\n<ul>\n<li>toho polyfenolu<\/li>\n<\/ul>\n<\/td>\n<td>140 mg 56 mg<\/td>\n<td><strong>**<\/strong><\/td>\n<\/tr>\n<tr>\n<td>Bra\u010di\u0107 (\u0159asa fucus) (lat. <em>Fucus vesiculosus<\/em> ), such\u00fd extrakt z thallus  <\/p>\n<ul>\n<li>toho j\u00f3du<\/li>\n<\/ul>\n<\/td>\n<td>140 mg 140 \u00b5g<\/td>\n<td><strong>**<\/strong> 93 %<\/td>\n<\/tr>\n<tr>\n<td>Vitam\u00edn C<\/td>\n<td>64 mg<\/td>\n<td>80 %<\/td>\n<\/tr>\n<tr>\n<td>Chrom<\/td>\n<td>100 \u00b5g<\/td>\n<td>250 %<\/td>\n<\/tr>\n<\/tbody>\n<\/table>\n<p><strong>*<\/strong> NRV &#8211; nutri\u010dn\u00ed referen\u010dn\u00ed hodnota <strong>**<\/strong> &#8211; nutri\u010dn\u00ed referen\u010dn\u00ed hodnota nebyla stanovena<\/p>\n","protected":false},"excerpt":{"rendered":"<p>VLASTNOSTI PRODUKTU SVELTFORM CLASSIC \u2022 P\u0159isp\u00edv\u00e1 ke sn\u00ed\u017een\u00ed t\u011blesn\u00e9 hmotnosti. \u2022 Normalizuje metabolismus. \u2022 Posiluje p\u016fsoben\u00ed diety. \u2022 Sni\u017euje chu\u0165 k j\u00eddlu a chu\u0165 na sladk\u00e9 a mou\u010dn\u00e9 v\u00fdrobky. \u2022 Sni\u017euje hladinu cukru a cholesterolu v krvi.<\/p>\n","protected":false},"featured_media":29078,"comment_status":"open","ping_status":"closed","template":"","meta":{"_acf_changed":false,"_uag_custom_page_level_css":"","site-sidebar-layout":"default","site-content-layout":"default","ast-site-content-layout":"default","site-content-style":"default","site-sidebar-style":"default","ast-global-header-display":"","ast-banner-title-visibility":"","ast-main-header-display":"","ast-hfb-above-header-display":"","ast-hfb-below-header-display":"","ast-hfb-mobile-header-display":"","site-post-title":"","ast-breadcrumbs-content":"","ast-featured-img":"","footer-sml-layout":"","ast-disable-related-posts":"","theme-transparent-header-meta":"default","adv-header-id-meta":"","stick-header-meta":"default","header-above-stick-meta":"","header-main-stick-meta":"","header-below-stick-meta":"","astra-migrate-meta-layouts":"default","ast-page-background-enabled":"default","ast-page-background-meta":{"desktop":{"background-color":"","background-image":"","background-repeat":"repeat","background-position":"center center","background-size":"auto","background-attachment":"scroll","background-type":"","background-media":"","overlay-type":"","overlay-color":"","overlay-opacity":"","overlay-gradient":""},"tablet":{"background-color":"","background-image":"","background-repeat":"repeat","background-position":"center center","background-size":"auto","background-attachment":"scroll","background-type":"","background-media":"","overlay-type":"","overlay-color":"","overlay-opacity":"","overlay-gradient":""},"mobile":{"background-color":"","background-image":"","background-repeat":"repeat","background-position":"center center","background-size":"auto","background-attachment":"scroll","background-type":"","background-media":"","overlay-type":"","overlay-color":"","overlay-opacity":"","overlay-gradient":""}},"ast-content-background-meta":{"desktop":{"background-color":"var(--ast-global-color-4)","background-image":"","background-repeat":"repeat","background-position":"center center","background-size":"auto","background-attachment":"scroll","background-type":"","background-media":"","overlay-type":"","overlay-color":"","overlay-opacity":"","overlay-gradient":""},"tablet":{"background-color":"var(--ast-global-color-4)","background-image":"","background-repeat":"repeat","background-position":"center center","background-size":"auto","background-attachment":"scroll","background-type":"","background-media":"","overlay-type":"","overlay-color":"","overlay-opacity":"","overlay-gradient":""},"mobile":{"background-color":"var(--ast-global-color-4)","background-image":"","background-repeat":"repeat","background-position":"center center","background-size":"auto","background-attachment":"scroll","background-type":"","background-media":"","overlay-type":"","overlay-color":"","overlay-opacity":"","overlay-gradient":""}}},"product_brand":[],"product_cat":[357],"product_tag":[],"class_list":{"0":"post-18433","1":"product","2":"type-product","3":"status-publish","4":"has-post-thumbnail","6":"product_cat-classic-hit","7":"desktop-align-center","8":"tablet-align-center","9":"mobile-align-center","10":"ast-product-gallery-layout-horizontal","11":"ast-product-tabs-layout-distributed","12":"ast-qv-on-image","14":"first","15":"instock","16":"taxable","17":"shipping-taxable","18":"purchasable","19":"product-type-simple"},"acf":[],"uagb_featured_image_src":{"full":["https:\/\/i0.wp.com\/visionstore.co.rs\/wp-content\/uploads\/2019\/12\/Sveltform.png?fit=1024%2C1024&ssl=1",1024,1024,false],"thumbnail":["https:\/\/i0.wp.com\/visionstore.co.rs\/wp-content\/uploads\/2019\/12\/Sveltform.png?resize=150%2C150&ssl=1",150,150,true],"medium":["https:\/\/i0.wp.com\/visionstore.co.rs\/wp-content\/uploads\/2019\/12\/Sveltform.png?fit=300%2C300&ssl=1",300,300,true],"medium_large":["https:\/\/i0.wp.com\/visionstore.co.rs\/wp-content\/uploads\/2019\/12\/Sveltform.png?fit=768%2C768&ssl=1",768,768,true],"large":["https:\/\/i0.wp.com\/visionstore.co.rs\/wp-content\/uploads\/2019\/12\/Sveltform.png?fit=1024%2C1024&ssl=1",1024,1024,true],"1536x1536":["https:\/\/i0.wp.com\/visionstore.co.rs\/wp-content\/uploads\/2019\/12\/Sveltform.png?fit=1024%2C1024&ssl=1",1024,1024,true],"2048x2048":["https:\/\/i0.wp.com\/visionstore.co.rs\/wp-content\/uploads\/2019\/12\/Sveltform.png?fit=1024%2C1024&ssl=1",1024,1024,true],"mailpoet_newsletter_max":["https:\/\/i0.wp.com\/visionstore.co.rs\/wp-content\/uploads\/2019\/12\/Sveltform.png?fit=1024%2C1024&ssl=1",1024,1024,true],"woocommerce_thumbnail":["https:\/\/i0.wp.com\/visionstore.co.rs\/wp-content\/uploads\/2019\/12\/Sveltform.png?fit=900%2C900&ssl=1",900,900,true],"woocommerce_single":["https:\/\/i0.wp.com\/visionstore.co.rs\/wp-content\/uploads\/2019\/12\/Sveltform.png?fit=1024%2C1024&ssl=1",1024,1024,true],"woocommerce_gallery_thumbnail":["https:\/\/i0.wp.com\/visionstore.co.rs\/wp-content\/uploads\/2019\/12\/Sveltform.png?resize=100%2C100&ssl=1",100,100,true]},"uagb_author_info":{"display_name":"admin","author_link":"https:\/\/visionstore.co.rs\/cs\/author\/"},"uagb_comment_info":5,"uagb_excerpt":"VLASTNOSTI PRODUKTU SVELTFORM CLASSIC \u2022 P\u0159isp\u00edv\u00e1 ke sn\u00ed\u017een\u00ed t\u011blesn\u00e9 hmotnosti. \u2022 Normalizuje metabolismus. \u2022 Posiluje p\u016fsoben\u00ed diety. \u2022 Sni\u017euje chu\u0165 k j\u00eddlu a chu\u0165 na sladk\u00e9 a mou\u010dn\u00e9 v\u00fdrobky. \u2022 Sni\u017euje hladinu cukru a cholesterolu v krvi.","jetpack_sharing_enabled":true,"_links":{"self":[{"href":"https:\/\/visionstore.co.rs\/cs\/wp-json\/wp\/v2\/product\/18433","targetHints":{"allow":["GET"]}}],"collection":[{"href":"https:\/\/visionstore.co.rs\/cs\/wp-json\/wp\/v2\/product"}],"about":[{"href":"https:\/\/visionstore.co.rs\/cs\/wp-json\/wp\/v2\/types\/product"}],"replies":[{"embeddable":true,"href":"https:\/\/visionstore.co.rs\/cs\/wp-json\/wp\/v2\/comments?post=18433"}],"wp:featuredmedia":[{"embeddable":true,"href":"https:\/\/visionstore.co.rs\/cs\/wp-json\/wp\/v2\/media\/29078"}],"wp:attachment":[{"href":"https:\/\/visionstore.co.rs\/cs\/wp-json\/wp\/v2\/media?parent=18433"}],"wp:term":[{"taxonomy":"product_brand","embeddable":true,"href":"https:\/\/visionstore.co.rs\/cs\/wp-json\/wp\/v2\/product_brand?post=18433"},{"taxonomy":"product_cat","embeddable":true,"href":"https:\/\/visionstore.co.rs\/cs\/wp-json\/wp\/v2\/product_cat?post=18433"},{"taxonomy":"product_tag","embeddable":true,"href":"https:\/\/visionstore.co.rs\/cs\/wp-json\/wp\/v2\/product_tag?post=18433"}],"curies":[{"name":"wp","href":"https:\/\/api.w.org\/{rel}","templated":true}]}}