{"id":18440,"date":"2020-06-25T13:32:35","date_gmt":"2020-06-25T11:32:35","guid":{"rendered":"https:\/\/visionstore.co.rs\/product\/senior-classic\/"},"modified":"2026-02-06T10:05:56","modified_gmt":"2026-02-06T09:05:56","slug":"senior","status":"publish","type":"product","link":"https:\/\/visionstore.co.rs\/cs\/product\/senior\/","title":{"rendered":"Senior Classic"},"content":{"rendered":"<p><strong>Senior Classic \u2013 unik\u00e1tn\u00ed kombinace pot\u0159ebn\u00fdch vitam\u00edn\u016f, mikro a makro prvk\u016f, prebiotik a <a href=\"https:\/\/visionstore.co.rs\/serapeptaza\/\">serapept\u00e1zy<\/a> (60 000 SPU)<\/strong>. Podporuje vitaminovou a miner\u00e1ln\u00ed rovnov\u00e1hu a p\u0159isp\u00edv\u00e1 k \u00fapln\u00e9mu vst\u0159eb\u00e1v\u00e1n\u00ed \u017eivin. Udr\u017euje rovnov\u00e1hu st\u0159evn\u00ed mikrofl\u00f3ry, co\u017e z\u00e1rove\u0148 p\u016fsob\u00ed na pos\u00edlen\u00ed imunity a zlep\u0161en\u00ed subjektivn\u00edho pocitu. Vitam\u00edny jsou pro ka\u017edodenn\u00ed aktivitu velmi pot\u0159ebn\u00e9 a u <strong>Senior Classic<\/strong> nen\u00ed pot\u0159eba u\u017e\u00edvat 8-10 r\u016fzn\u00fdch tablet ka\u017ed\u00fd den, proto\u017ee t\u00e9m\u011b\u0159 v\u0161e je ji\u017e v jedn\u00e9 kapsli. Dod\u00e1v\u00e1 t\u011blu pot\u0159ebn\u00e9 vitam\u00edny a miner\u00e1ly a p\u0159isp\u00edv\u00e1 k jejich \u00fapln\u00e9mu vst\u0159eb\u00e1n\u00ed.  <!--more--><\/p>\n<ul>\n<li>Udr\u017euje rovnov\u00e1hu st\u0159evn\u00ed mikrofl\u00f3ry<\/li>\n<li>Posiluje imunitn\u00ed syst\u00e9m<\/li>\n<li>Pod\u00edl\u00ed se na prevenci avitamin\u00f3zy<\/li>\n<li>Zlep\u0161uje proces tr\u00e1ven\u00ed a vst\u0159eb\u00e1v\u00e1n\u00ed \u017eivin<\/li>\n<\/ul>\n<p>  Tento unik\u00e1tn\u00ed komplex vy\u017eivuje a prodlu\u017euje \u017eivotnost ka\u017ed\u00e9 bu\u0148ky. Na rozd\u00edl od jin\u00fdch vitamino-miner\u00e1ln\u00edch produkt\u016f obsahuje <strong>Senior Classic<\/strong> komplex inulin, kter\u00fd podporuje fyziologickou rovnov\u00e1hu mikrofl\u00f3ry, zlep\u0161uje pr\u00e1ci tr\u00e1vic\u00edch org\u00e1n\u016f a pom\u00e1h\u00e1 \u0159e\u0161it probl\u00e9my jako je z\u00e1cpa, pr\u016fjem a plynatost. Optim\u00e1ln\u00ed rovnov\u00e1ha p\u016fsob\u00ed blahod\u00e1rn\u011b na v\u0161echny t\u011blesn\u00e9 syst\u00e9my, zvy\u0161uje vit\u00e1ln\u00ed tonus a dod\u00e1v\u00e1 t\u011blu energii a \u010dlov\u011bku v\u00fdbornou n\u00e1ladu. \u017divot je synergie vitam\u00edn\u016f a miner\u00e1l\u016f a jejich dostate\u010dn\u00fd p\u0159\u00edjem v t\u011ble. Podporuje metabolismus, posiluje imunitu a chr\u00e1n\u00ed t\u011blo p\u0159ed negativn\u00edmi vn\u011bj\u0161\u00edmi vlivy. Vst\u0159eb\u00e1v\u00e1n\u00ed vitam\u00edn\u016f a miner\u00e1l\u016f je v\u0161ak nemo\u017en\u00e9, pokud je na\u0161e st\u0159evn\u00ed mikrofl\u00f3ra naru\u0161ena. <strong>Senior Classic<\/strong> dod\u00e1v\u00e1 \u017eiviny do ka\u017ed\u00e9 bu\u0148ky na\u0161eho t\u011bla a prodlu\u017euje tak jej\u00ed \u017eivotnost. V komplexu <strong>Senior Classic<\/strong> na\u0161ly sv\u00e9 m\u00edsto vitam\u00edny a miner\u00e1ly dopln\u011bn\u00e9 o <strong>inulin<\/strong> a <a href=\"https:\/\/visionstore.co.rs\/serapeptaza\/\"><strong>serapept\u00e1zu<\/strong><\/a> . Spole\u010dn\u011b zvy\u0161uj\u00ed imunitu a fyzickou aktivitu, p\u0159isp\u00edvaj\u00ed k ochran\u011b p\u0159ed st\u00e1rnut\u00edm organismu a podporuj\u00ed zdrav\u00ed v\u0161ech jeho syst\u00e9m\u016f. <strong>Inulin<\/strong> \u2013 p\u0159\u00edrodn\u00ed probiotikum, stimuluje r\u016fst \u201ehodn\u00fdch\u201c bakteri\u00ed ve st\u0159evech a zaji\u0161\u0165uje lep\u0161\u00ed vst\u0159eb\u00e1v\u00e1n\u00ed vitam\u00edn\u016f a mikroprvk\u016f v t\u011ble.   Vitam\u00edny a miner\u00e1ly jsou nezbytn\u00fdmi slo\u017ekami v\u00fd\u017eivy, kter\u00e9 pln\u00ed d\u016fle\u017eit\u00e9 fyziologick\u00e9 funkce v t\u011ble: zaji\u0161\u0165uj\u00ed regulaci metabolismu, procesy r\u016fstu a v\u00fdvoje organismu, podporu fyziologick\u00e9 biochemick\u00e9 rovnov\u00e1hy. V procesu v\u00fdm\u011bny l\u00e1tek vstupuj\u00ed vitam\u00edny mezi sebou do r\u016fzn\u00fdch do\u010dasn\u00fdch vazeb. Tyto vztahy mohou b\u00fdt velmi kr\u00e1tkodob\u00e9 nebo relativn\u011b trval\u00e9. Vitam\u00edny si v prvn\u00ed \u0159ad\u011b pom\u00e1haj\u00ed, nahrazuj\u00ed se, pokud v ur\u010dit\u00e9 chv\u00edli n\u011bkter\u00fd z nich chyb\u00ed. Nap\u0159\u00edklad <strong>vitam\u00edn E<\/strong> a <strong>vitam\u00edn B6<\/strong> zvy\u0161uj\u00ed aktivitu <strong>vitam\u00edn\u016f C a B1<\/strong>, jejich\u017e z\u00e1soby se v chladn\u00e9m podneb\u00ed velmi rychle vy\u010derpaj\u00ed. A synergie <strong>vitam\u00edn\u016f E a C<\/strong> tvo\u0159\u00ed siln\u00fd antioxida\u010dn\u00ed komplex. Krom\u011b toho se <strong>inulin<\/strong> vyzna\u010duje imunostimula\u010dn\u00edmi a adaptogenn\u00edmi vlastnostmi (zvy\u0161uje celkovou odolnost organismu p\u0159i p\u016fsoben\u00ed extr\u00e9mn\u00edch faktor\u016f). Krom\u011b toho, \u017ee vitam\u00edny mezi sebou dob\u0159e spolupracuj\u00ed, dob\u0159e spolupracuj\u00ed i \u200b\u200bs miner\u00e1ly. Jedn\u00edm z nejzn\u00e1m\u011bj\u0161\u00edch takov\u00fdch akc\u00ed je p\u016fsoben\u00ed mezi <strong>ho\u0159\u010d\u00edkem<\/strong> a <strong>vitam\u00ednem B6<\/strong> , kter\u00e9 se skv\u011ble dopl\u0148uj\u00ed a podporuj\u00ed zdrav\u00ed nervov\u00e9 soustavy. <strong>Ho\u0159\u010d\u00edk<\/strong> je &#8222;prvek klidu&#8220; a nejd\u016fle\u017eit\u011bj\u0161\u00ed miner\u00e1l pro nervov\u00fd syst\u00e9m. Pr\u00e1v\u011b s <strong>ho\u0159\u010d\u00edkem<\/strong> mohou nervov\u00e9 bu\u0148ky p\u0159ij\u00edmat a p\u0159en\u00e1\u0161et nervov\u00e9 vzruchy a dos\u00e1hnout stabiln\u00edho chodu cel\u00e9ho nervov\u00e9ho syst\u00e9mu. V synergii s <strong>v\u00e1pn\u00edkem<\/strong>, kter\u00fd zaji\u0161\u0165uje sn\u00ed\u017een\u00ed nervov\u00e9ho nap\u011bt\u00ed, se tak\u00e9 <strong>ho\u0159\u010d\u00edk<\/strong> pod\u00edl\u00ed na podpo\u0159e tonusu c\u00e9v. <strong>Vitamin B6<\/strong> zase zlep\u0161uje vst\u0159eb\u00e1v\u00e1n\u00ed <strong>ho\u0159\u010d\u00edku<\/strong> a jeho metabolismus v bu\u0148ce, m\u00e1 schopnost fixovat <strong>ho\u0159\u010d\u00edk<\/strong> v bu\u0148ce, co\u017e je velmi d\u016fle\u017eit\u00e9, proto\u017ee tento makroelement je z t\u011bla rychle vylou\u010den. K t\u00e9to akci lze p\u0159idat vitam\u00edny <strong>PP, B12, C, E a zinek<\/strong>, kde <strong>vitam\u00edn PP a zinek<\/strong> normalizuj\u00ed imunitn\u00ed odpov\u011b\u010f t\u011bla; <strong>vitamin C a B12<\/strong> p\u016fsob\u00ed jako antihistaminika a <strong>vitamin E<\/strong> zvy\u0161uje schopnost bun\u011bk vypo\u0159\u00e1dat se s cizorod\u00fdmi l\u00e1tkami, \u010d\u00edm\u017e zvy\u0161uje \u00fa\u010dinnou ochranu p\u0159ed alergick\u00fdmi stavy. Bez ohledu na to, \u017ee vitam\u00edny a miner\u00e1ly nejsou stavebn\u00edmi materi\u00e1ly pro bu\u0148ky na\u0161eho t\u011bla, jejich dostate\u010dn\u00fd p\u0159\u00edstup m\u016f\u017ee tyto procesy ovlivnit, ale tak\u00e9 usnadnit pr\u016fb\u011bh \u0159ady onemocn\u011bn\u00ed. Nap\u0159\u00edklad u artritidy a polyartritidy je nezbytn\u00fd <strong>inulin, <a href=\"https:\/\/visionstore.co.rs\/serapeptaza\/\">serrapept\u00e1za<\/a><\/strong>, <strong>vitam\u00edny skupiny B, C a E, ale tak\u00e9 selen<\/strong>. Interakc\u00ed s <strong>inulinem, <a href=\"https:\/\/visionstore.co.rs\/serapeptaza\/\">serrapept\u00e1zou<\/a><\/strong>, <strong>vitam\u00edny C a E p\u0159isp\u00edv\u00e1 selen<\/strong> k jejich antioxida\u010dn\u00ed aktivit\u011b, kter\u00e1 zabra\u0148uje destruktivn\u00edmu p\u016fsoben\u00ed voln\u00fdch radik\u00e1l\u016f, sni\u017euje z\u00e1n\u011bt a bolest a zlep\u0161uje pohyblivost kloub\u016f. <strong>Vitamin B<\/strong> komplex sni\u017euje otoky tk\u00e1n\u00ed a zlep\u0161uje mikrocirkulaci. <strong>Inulin<\/strong> , nej\u00fa\u010dinn\u011bj\u0161\u00ed prebiotikum na sv\u011bt\u011b, kter\u00e9 je sou\u010d\u00e1st\u00ed komplexu <strong>Di Reset<\/strong> , pom\u00e1h\u00e1 odstra\u0148ovat t\u011b\u017ek\u00e9 kovy, radionuklidy, cholesterol a r\u016fzn\u00e9 toxiny a \u010dist\u00ed krev. Jakmile je <strong>inulin<\/strong> v krvi, dos\u00e1hne sv\u00e9 antitoxick\u00e9 funkce t\u00edm, \u017ee se nav\u00e1\u017ee na chemick\u00e9 prvky, kter\u00e9 vstupuj\u00ed do t\u011bla zven\u010d\u00ed. Kdy\u017e se <strong>inulin<\/strong> dostane do tr\u00e1vic\u00edho traktu, proch\u00e1z\u00ed nezm\u011bn\u011bn \u017ealudkem a tenk\u00fdm st\u0159evem a v tlust\u00e9m st\u0159ev\u011b projevuje sv\u00e9 funk\u010dn\u00ed vlastnosti, selektivn\u011b stimuluje r\u016fst a metabolickou aktivitu bifidobakteri\u00ed a laktobacil\u016f. <strong>Inulin<\/strong> tak podporuje mno\u017een\u00ed bifidobakteri\u00ed v tlust\u00e9m st\u0159ev\u011b, kter\u00e9 by m\u011bly b\u00fdt hojn\u011bj\u0161\u00ed ne\u017e jin\u00e9 druhy bakteri\u00ed. <strong>Inulin<\/strong> tak\u00e9 p\u0159isp\u00edv\u00e1 k lep\u0161\u00edmu vst\u0159eb\u00e1v\u00e1n\u00ed \u0159ady vitam\u00edn\u016f a miner\u00e1l\u016f, zejm\u00e9na v\u00e1pn\u00edku, ho\u0159\u010d\u00edku, m\u011bdi, zinku, \u017eeleza a fosforu. Jednu z p\u0159edn\u00edch rol\u00ed p\u0159i ateroskler\u00f3ze hraje <strong>chrom<\/strong>, kter\u00fd se pod\u00edl\u00ed na regulaci metabolismu cholesterolu a p\u0159isp\u00edv\u00e1 ke sn\u00ed\u017een\u00ed jeho hladiny v krvi. <strong>M\u011b\u010f a mangan<\/strong> jsou nezbytn\u00e9 pro urychlen\u00ed procesu hojen\u00ed ran, ale tak\u00e9 pro tvorbu pojivov\u00e9 tk\u00e1n\u011b \u2013 kolagenu a elastinu. <strong>M\u011b\u010f<\/strong> p\u016fsob\u00ed protiz\u00e1n\u011btliv\u011b a antisepticky. Co je t\u0159eba \u0159\u00edci o takov\u00e9m syst\u00e9mov\u00e9m onemocn\u011bn\u00ed skeletu charakterizovan\u00e9m \u00fabytkem kostn\u00ed hmoty, jako je osteopor\u00f3za? V tomto p\u0159\u00edpad\u011b je nutn\u00fd komplex vitam\u00edn\u016f a miner\u00e1l\u016f, zejm\u00e9na <strong>v\u00e1pn\u00edk, ho\u0159\u010d\u00edk, mangan, zinek a vitam\u00edny skupiny B.<\/strong> <strong>Mangan<\/strong> je nezbytn\u00fd pro fungov\u00e1n\u00ed enzym\u016f, kter\u00e9 se pod\u00edlej\u00ed na tvorb\u011b kostn\u00ed tk\u00e1n\u011b a <strong>zinek<\/strong> hraje d\u016fle\u017eitou roli v procesech metabolismu. Komplexy vitam\u00edn\u016f a miner\u00e1l\u016f jsou pot\u0159ebn\u00e9 zejm\u00e9na p\u0159i stresu, \u00fanav\u011b a depres\u00edch. Pr\u00e1v\u011b <strong>vitam\u00edny skupiny B<\/strong>, tzv. antistresov\u00e9 vitam\u00edny, se doporu\u010duj\u00ed v p\u0159\u00edpadech vysok\u00e9ho psycho-emocion\u00e1ln\u00edho stresu. Kombinovan\u00e9 pou\u017eit\u00ed t\u011bchto vitam\u00edn\u016f s <strong>ho\u0159\u010d\u00edkem, v\u00e1pn\u00edkem a zinkem<\/strong> urychluje regenera\u010dn\u00ed procesy poran\u011bn\u00fdch nervov\u00fdch vl\u00e1ken a stimuluje p\u0159irozen\u00e9 mechanismy regenerace funkc\u00ed nervov\u00e9 tk\u00e1n\u011b. Nen\u00ed \u017e\u00e1dn\u00fdm tajemstv\u00edm, \u017ee vitam\u00edny a miner\u00e1ly, kter\u00e9 jsou sou\u010d\u00e1st\u00ed tohoto biologick\u00e9ho komplexu, p\u016fsob\u00ed rychleji a efektivn\u011bji ne\u017e vitam\u00edny a miner\u00e1ly p\u0159ij\u00edman\u00e9 potravou. Jsou ale 100% osvojiteln\u00e9 na\u0161\u00edm t\u011blem? Slo\u017een\u00ed komplexu <strong>Senior Classic<\/strong> zahrnuje u\u017eite\u010dn\u00e9 bifidobakterie, kter\u00e9 zaji\u0161\u0165uj\u00ed nejen zachov\u00e1n\u00ed vitam\u00edn\u016f a miner\u00e1l\u016f, ale tak\u00e9 jejich kompletn\u00ed vst\u0159eb\u00e1v\u00e1n\u00ed t\u011blem. Krom\u011b toho se <strong>inulin<\/strong> pod\u00edl\u00ed na metabolismu a procesech tr\u00e1ven\u00ed potravy, reguluje pr\u00e1ci st\u0159evn\u00edho syst\u00e9mu, podporuje rovnov\u00e1hu jeho bakteri\u00e1ln\u00ed fl\u00f3ry a posiluje imunitu. <a href=\"https:\/\/visionstore.co.rs\/serapeptaza\/\"><strong>Serapept\u00e1za<\/strong><\/a> m\u00e1 siln\u00fd protiz\u00e1n\u011btliv\u00fd (protiz\u00e1n\u011btliv\u00fd) \u00fa\u010dinek, blokuje uvol\u0148ov\u00e1n\u00ed amin\u016f, kter\u00e9 zp\u016fsobuj\u00ed bolest v zan\u00edcen\u00e9 tk\u00e1ni, \u00fa\u010dinky protied\u00e9mov\u00e9 (sni\u017euje otoky), mukolytick\u00e9 (rozkl\u00e1d\u00e1 hlen) a fibrinolytick\u00e9 (rozkl\u00e1d\u00e1 fibrin). Serapept\u00e1za \u00fa\u010dinn\u011b odstra\u0148uje bolest a otoky t\u011bla a z\u00e1rove\u0148 sni\u017euje mo\u017enost trombu a tromb\u00f3zy, kter\u00e9 zp\u016fsobuj\u00ed srde\u010dn\u00ed infarkt a mrtvici. P\u016fsob\u00ed na zachov\u00e1n\u00ed kardiovaskul\u00e1rn\u00edho syst\u00e9mu a prevenci kardiovaskul\u00e1rn\u00edch onemocn\u011bn\u00ed, kter\u00e9 jsou hlavn\u00edmi zdravotn\u00edmi probl\u00e9my bez ohledu na v\u011bk \u010dlov\u011bka a \u010d\u00e1st planety. Serapept\u00e1za zlep\u0161uje \u00fa\u010dinek antibiotik, podporuje \u0159ed\u011bn\u00ed a vylu\u010dov\u00e1n\u00ed hlenu, hnisu a hematomu, pom\u00e1h\u00e1 p\u0159i z\u00e1n\u011btech dutin a v\u00fdrazn\u011b urychluje rekonvalescenci. Je mimo\u0159\u00e1dn\u011b vhodn\u00fd pro sportovce, proto\u017ee podporuje proces hojen\u00ed \u00faraz\u016f, a doporu\u010duje se tak\u00e9 pacient\u016fm p\u0159i poopera\u010dn\u00ed rekonvalescenci. Pom\u00e1h\u00e1 tak\u00e9 p\u0159i ka\u0161li a vyka\u0161l\u00e1v\u00e1n\u00ed. Existuje mnoho p\u0159\u00edklad\u016f vyu\u017eit\u00ed vitam\u00edn\u016f a miner\u00e1l\u016f a jejich vz\u00e1jemn\u00e9ho p\u016fsoben\u00ed. Je myln\u00fd n\u00e1zor, \u017ee p\u0159i r\u016fzn\u00fdch onemocn\u011bn\u00edch sta\u010d\u00ed u\u017e\u00edvat ur\u010dit\u00e9 vitam\u00edny a miner\u00e1ly, proto\u017ee v p\u0159\u00edpad\u011b deficitu alespo\u0148 jednoho z nich je nutn\u00e9 u\u017e\u00edvat celou \u0159adu, aby se pos\u00edlila preventivn\u00ed efekt, kter\u00e9ho je dosa\u017eeno s takov\u00fdm produktem, jako je <strong>Senior Classic<\/strong> .  <strong>Slo\u017een\u00ed:<\/strong> <a href=\"https:\/\/visionstore.co.rs\/inulin\/\">Inulin<\/a> , <a href=\"https:\/\/visionstore.co.rs\/serapeptaza\/\">serrapept\u00e1za<\/a> , <a href=\"https:\/\/visionstore.co.rs\/koliko-je-vazan-vitamin-c\/\">vitam\u00edny C<\/a> , <a href=\"https:\/\/visionstore.co.rs\/vitamin-e-2\/\">E<\/a> , PP, B1, B2, B5, B6, <a href=\"https:\/\/visionstore.co.rs\/folna-kiselina-vitamin-b9\/\">B9<\/a> , <a href=\"https:\/\/visionstore.co.rs\/vitamin-b12\/\">B12<\/a> , H, <a href=\"https:\/\/visionstore.co.rs\/cink-i-nase-zdravlje\/\">zinek<\/a> , <a href=\"https:\/\/visionstore.co.rs\/beta-karoten\/\">beta-karoten<\/a> , <a href=\"https:\/\/visionstore.co.rs\/cs\/bakar-2\/\">m\u011b\u010f<\/a> , <a href=\"https:\/\/visionstore.co.rs\/mangan\/\">mangan<\/a> , <a href=\"https:\/\/visionstore.co.rs\/hrom\/\">chrom<\/a> , <a href=\"https:\/\/visionstore.co.rs\/cs\/selen-2\/\">selen<\/a> . <strong>Mno\u017estv\u00ed: 60 kapsl\u00ed<\/strong> <strong>\u010cist\u00e1 hmotnost: 51,82 g<\/strong>        <\/p>\n<table style=\"height: 764px;\" width=\"426\">\n<tbody>\n<tr>\n<td width=\"176\"><strong>AKTIVN\u00cd L\u00c1TKY:<\/strong><\/td>\n<td width=\"85\">1 kapsle (863,7 mg)<\/td>\n<td width=\"52\">%NRV <strong>*<\/strong><\/td>\n<\/tr>\n<tr>\n<td width=\"176\">Vitam\u00edn C<\/td>\n<td width=\"85\">60 mg<\/td>\n<td width=\"52\">75 %<\/td>\n<\/tr>\n<tr>\n<td width=\"176\">Vitam\u00edn E<\/td>\n<td width=\"85\">10 mg \u03b1-TE <strong>**<\/strong><\/td>\n<td width=\"52\">83 %<\/td>\n<\/tr>\n<tr>\n<td width=\"176\">Vitam\u00edn B1<\/td>\n<td width=\"85\">0,6 mg<\/td>\n<td width=\"52\">55%<\/td>\n<\/tr>\n<tr>\n<td width=\"176\">Vitam\u00edn B2<\/td>\n<td width=\"85\">0,8 mg<\/td>\n<td width=\"52\">57 %<\/td>\n<\/tr>\n<tr>\n<td width=\"176\">Niacin<\/td>\n<td width=\"85\">9,0 mg NO <strong>***<\/strong><\/td>\n<td width=\"52\">56 %<\/td>\n<\/tr>\n<tr>\n<td width=\"176\">Vitam\u00edn B6<\/td>\n<td width=\"85\">0,8 mg<\/td>\n<td width=\"52\">57 %<\/td>\n<\/tr>\n<tr>\n<td width=\"176\">Kyselina listov\u00e1<\/td>\n<td width=\"85\">200 \u00b5g<\/td>\n<td width=\"52\">100%<\/td>\n<\/tr>\n<tr>\n<td width=\"176\">Kyselina pantothenov\u00e1<\/td>\n<td width=\"85\">2,3 mg<\/td>\n<td width=\"52\">38%<\/td>\n<\/tr>\n<tr>\n<td width=\"176\">Vitam\u00edn B12<\/td>\n<td width=\"85\">1,5 \u00b5g<\/td>\n<td width=\"52\">60%<\/td>\n<\/tr>\n<tr>\n<td width=\"176\">Biotin<\/td>\n<td width=\"85\">50 \u00b5g<\/td>\n<td width=\"52\">100%<\/td>\n<\/tr>\n<tr>\n<td width=\"176\">\u00df-karoten<\/td>\n<td width=\"85\">7 mg<\/td>\n<td width=\"52\"><strong>*****<\/strong><\/td>\n<\/tr>\n<tr>\n<td width=\"176\">Zinek<\/td>\n<td width=\"85\">5 mg<\/td>\n<td width=\"52\">50%<\/td>\n<\/tr>\n<tr>\n<td width=\"176\">Chrom<\/td>\n<td width=\"85\">25 \u00b5g<\/td>\n<td width=\"52\">62 %<\/td>\n<\/tr>\n<tr>\n<td width=\"176\">M\u011b\u010f<\/td>\n<td width=\"85\">1 mg<\/td>\n<td width=\"52\">100%<\/td>\n<\/tr>\n<tr>\n<td width=\"176\">Selen<\/td>\n<td width=\"85\">50 \u00b5g<\/td>\n<td width=\"52\">91 %<\/td>\n<\/tr>\n<tr>\n<td width=\"176\">Mangan<\/td>\n<td width=\"85\">1,7 mg<\/td>\n<td width=\"52\">85%<\/td>\n<\/tr>\n<tr>\n<td width=\"176\">Inulin<\/td>\n<td width=\"85\">500 mg<\/td>\n<td width=\"52\"><strong>*****<\/strong><\/td>\n<\/tr>\n<tr>\n<td width=\"176\">Enzym <a href=\"https:\/\/visionstore.co.rs\/serapeptaza\/\">serapept\u00e1za<\/a><\/td>\n<td width=\"85\">26 mg ( 60 000 SPU <strong>****<\/strong> )<\/td>\n<td width=\"52\"><strong>*****<\/strong><\/td>\n<\/tr>\n<\/tbody>\n<\/table>\n<p><strong>*<\/strong> NRV \u2013 nutri\u010dn\u00ed referen\u010dn\u00ed hodnota <strong>**<\/strong> TE = ekvivalent \u03b1-tokoferolu <strong>***<\/strong> NE = ekvivalent niacinu <strong>****<\/strong> SPU \u2013 jednotky serrapept\u00e1zy pro enzymatickou aktivitu <strong>*****<\/strong> \u2013 nutri\u010dn\u00ed referen\u010dn\u00ed hodnota nen\u00ed stanovena<\/p>\n","protected":false},"excerpt":{"rendered":"<p>VLASTNOSTI PRODUKTU SENIOR Classic \u2022 P\u0159isp\u00edv\u00e1 ke kompletn\u00ed absorpci v\u0161ech vitam\u00edn\u016f a miner\u00e1l\u016f. \u2022 Udr\u017euje rovnov\u00e1hu st\u0159evn\u00ed mikrofl\u00f3ry. \u2022 Posiluje imunitu. \u2022 Zabra\u0148uje avitamin\u00f3ze. \u2022 Reguluje v\u00fdm\u011bnu l\u00e1tek. \u2022 Dod\u00e1v\u00e1 energii, veselost a dobrou n\u00e1ladu. \u2022 Sni\u017euje hladinu \u201e\u0161patn\u00e9ho\u201c cholesterolu. \u2022 Pod\u00edl\u00ed se na prevenci osteopor\u00f3zy. \u2022 Zm\u00edr\u0148uje bolest. \u2022 Urychluje vylu\u010dov\u00e1n\u00ed hnisu a hematomu. \u2022 Sni\u017euje z\u00e1n\u011btliv\u00e9 procesy. \u2022 Pom\u00e1h\u00e1 p\u0159i vyka\u0161l\u00e1v\u00e1n\u00ed.<\/p>\n","protected":false},"featured_media":29091,"comment_status":"open","ping_status":"closed","template":"","meta":{"_acf_changed":false,"_uag_custom_page_level_css":"","site-sidebar-layout":"default","site-content-layout":"default","ast-site-content-layout":"default","site-content-style":"default","site-sidebar-style":"default","ast-global-header-display":"","ast-banner-title-visibility":"","ast-main-header-display":"","ast-hfb-above-header-display":"","ast-hfb-below-header-display":"","ast-hfb-mobile-header-display":"","site-post-title":"","ast-breadcrumbs-content":"","ast-featured-img":"","footer-sml-layout":"","ast-disable-related-posts":"","theme-transparent-header-meta":"default","adv-header-id-meta":"","stick-header-meta":"default","header-above-stick-meta":"","header-main-stick-meta":"","header-below-stick-meta":"","astra-migrate-meta-layouts":"default","ast-page-background-enabled":"default","ast-page-background-meta":{"desktop":{"background-color":"","background-image":"","background-repeat":"repeat","background-position":"center center","background-size":"auto","background-attachment":"scroll","background-type":"","background-media":"","overlay-type":"","overlay-color":"","overlay-opacity":"","overlay-gradient":""},"tablet":{"background-color":"","background-image":"","background-repeat":"repeat","background-position":"center center","background-size":"auto","background-attachment":"scroll","background-type":"","background-media":"","overlay-type":"","overlay-color":"","overlay-opacity":"","overlay-gradient":""},"mobile":{"background-color":"","background-image":"","background-repeat":"repeat","background-position":"center center","background-size":"auto","background-attachment":"scroll","background-type":"","background-media":"","overlay-type":"","overlay-color":"","overlay-opacity":"","overlay-gradient":""}},"ast-content-background-meta":{"desktop":{"background-color":"var(--ast-global-color-4)","background-image":"","background-repeat":"repeat","background-position":"center center","background-size":"auto","background-attachment":"scroll","background-type":"","background-media":"","overlay-type":"","overlay-color":"","overlay-opacity":"","overlay-gradient":""},"tablet":{"background-color":"var(--ast-global-color-4)","background-image":"","background-repeat":"repeat","background-position":"center center","background-size":"auto","background-attachment":"scroll","background-type":"","background-media":"","overlay-type":"","overlay-color":"","overlay-opacity":"","overlay-gradient":""},"mobile":{"background-color":"var(--ast-global-color-4)","background-image":"","background-repeat":"repeat","background-position":"center center","background-size":"auto","background-attachment":"scroll","background-type":"","background-media":"","overlay-type":"","overlay-color":"","overlay-opacity":"","overlay-gradient":""}},"jetpack_post_was_ever_published":false},"product_brand":[],"product_cat":[357],"product_tag":[],"class_list":{"0":"post-18440","1":"product","2":"type-product","3":"status-publish","4":"has-post-thumbnail","6":"product_cat-classic-hit","7":"desktop-align-center","8":"tablet-align-center","9":"mobile-align-center","10":"ast-product-gallery-layout-horizontal","11":"ast-product-tabs-layout-distributed","12":"ast-qv-on-image","14":"first","15":"instock","16":"taxable","17":"shipping-taxable","18":"purchasable","19":"product-type-simple"},"acf":[],"uagb_featured_image_src":{"full":["https:\/\/i0.wp.com\/visionstore.co.rs\/wp-content\/uploads\/2020\/06\/Senior-1.png?fit=1024%2C1024&ssl=1",1024,1024,false],"thumbnail":["https:\/\/i0.wp.com\/visionstore.co.rs\/wp-content\/uploads\/2020\/06\/Senior-1.png?resize=150%2C150&ssl=1",150,150,true],"medium":["https:\/\/i0.wp.com\/visionstore.co.rs\/wp-content\/uploads\/2020\/06\/Senior-1.png?fit=300%2C300&ssl=1",300,300,true],"medium_large":["https:\/\/i0.wp.com\/visionstore.co.rs\/wp-content\/uploads\/2020\/06\/Senior-1.png?fit=768%2C768&ssl=1",768,768,true],"large":["https:\/\/i0.wp.com\/visionstore.co.rs\/wp-content\/uploads\/2020\/06\/Senior-1.png?fit=1024%2C1024&ssl=1",1024,1024,true],"1536x1536":["https:\/\/i0.wp.com\/visionstore.co.rs\/wp-content\/uploads\/2020\/06\/Senior-1.png?fit=1024%2C1024&ssl=1",1024,1024,true],"2048x2048":["https:\/\/i0.wp.com\/visionstore.co.rs\/wp-content\/uploads\/2020\/06\/Senior-1.png?fit=1024%2C1024&ssl=1",1024,1024,true],"mailpoet_newsletter_max":["https:\/\/i0.wp.com\/visionstore.co.rs\/wp-content\/uploads\/2020\/06\/Senior-1.png?fit=1024%2C1024&ssl=1",1024,1024,true],"woocommerce_thumbnail":["https:\/\/i0.wp.com\/visionstore.co.rs\/wp-content\/uploads\/2020\/06\/Senior-1.png?fit=900%2C900&ssl=1",900,900,true],"woocommerce_single":["https:\/\/i0.wp.com\/visionstore.co.rs\/wp-content\/uploads\/2020\/06\/Senior-1.png?fit=1024%2C1024&ssl=1",1024,1024,true],"woocommerce_gallery_thumbnail":["https:\/\/i0.wp.com\/visionstore.co.rs\/wp-content\/uploads\/2020\/06\/Senior-1.png?resize=100%2C100&ssl=1",100,100,true]},"uagb_author_info":{"display_name":"admin","author_link":"https:\/\/visionstore.co.rs\/cs\/author\/"},"uagb_comment_info":3,"uagb_excerpt":"VLASTNOSTI PRODUKTU SENIOR Classic \u2022 P\u0159isp\u00edv\u00e1 ke kompletn\u00ed absorpci v\u0161ech vitam\u00edn\u016f a miner\u00e1l\u016f. \u2022 Udr\u017euje rovnov\u00e1hu st\u0159evn\u00ed mikrofl\u00f3ry. \u2022 Posiluje imunitu. \u2022 Zabra\u0148uje avitamin\u00f3ze. \u2022 Reguluje v\u00fdm\u011bnu l\u00e1tek. \u2022 Dod\u00e1v\u00e1 energii, veselost a dobrou n\u00e1ladu. \u2022 Sni\u017euje hladinu \u201e\u0161patn\u00e9ho\u201c cholesterolu. \u2022 Pod\u00edl\u00ed se na prevenci osteopor\u00f3zy. \u2022 Zm\u00edr\u0148uje bolest. \u2022 Urychluje vylu\u010dov\u00e1n\u00ed hnisu a hematomu.&hellip;","jetpack_sharing_enabled":true,"_links":{"self":[{"href":"https:\/\/visionstore.co.rs\/cs\/wp-json\/wp\/v2\/product\/18440","targetHints":{"allow":["GET"]}}],"collection":[{"href":"https:\/\/visionstore.co.rs\/cs\/wp-json\/wp\/v2\/product"}],"about":[{"href":"https:\/\/visionstore.co.rs\/cs\/wp-json\/wp\/v2\/types\/product"}],"replies":[{"embeddable":true,"href":"https:\/\/visionstore.co.rs\/cs\/wp-json\/wp\/v2\/comments?post=18440"}],"wp:featuredmedia":[{"embeddable":true,"href":"https:\/\/visionstore.co.rs\/cs\/wp-json\/wp\/v2\/media\/29091"}],"wp:attachment":[{"href":"https:\/\/visionstore.co.rs\/cs\/wp-json\/wp\/v2\/media?parent=18440"}],"wp:term":[{"taxonomy":"product_brand","embeddable":true,"href":"https:\/\/visionstore.co.rs\/cs\/wp-json\/wp\/v2\/product_brand?post=18440"},{"taxonomy":"product_cat","embeddable":true,"href":"https:\/\/visionstore.co.rs\/cs\/wp-json\/wp\/v2\/product_cat?post=18440"},{"taxonomy":"product_tag","embeddable":true,"href":"https:\/\/visionstore.co.rs\/cs\/wp-json\/wp\/v2\/product_tag?post=18440"}],"curies":[{"name":"wp","href":"https:\/\/api.w.org\/{rel}","templated":true}]}}