{"id":18448,"date":"2019-12-27T16:44:14","date_gmt":"2019-12-27T15:44:14","guid":{"rendered":"https:\/\/visionstore.co.rs\/product\/chromevital-classic\/"},"modified":"2024-09-03T10:56:24","modified_gmt":"2024-09-03T08:56:24","slug":"chromevital","status":"publish","type":"product","link":"https:\/\/visionstore.co.rs\/cs\/product\/chromevital\/","title":{"rendered":"Chromevital Classic"},"content":{"rendered":"<p><strong>Chromevital Classic<\/strong> je ide\u00e1ln\u00edm zdrojem energie. Pro optim\u00e1ln\u00ed fungov\u00e1n\u00ed organismu je nutn\u00e9, aby bu\u0148ky vytv\u00e1\u0159ely co nejv\u00edce energie. Energie je pot\u0159ebn\u00e1 pro metabolismus, bun\u011b\u010dn\u00e9 d\u00fdch\u00e1n\u00ed a pohyb.  <\/p>\n<ul>\n<li>Napl\u0148uje ka\u017edou bu\u0148ku energi\u00ed.<\/li>\n<li>Zvy\u0161uje du\u0161evn\u00ed a fyzickou pracovn\u00ed kapacitu.<\/li>\n<li>Ovliv\u0148uje zlep\u0161en\u00ed kognitivn\u00edch funkc\u00ed.<\/li>\n<li>M\u00e1 vitalizuj\u00edc\u00ed \u00fa\u010dinek na organismus.<\/li>\n<li>Normalizuje hladinu cukru v krvi.<\/li>\n<\/ul>\n<p><strong>Tento v\u00edceslo\u017ekov\u00fd komplex dod\u00e1v\u00e1 t\u011blu pot\u0159ebn\u00e9 l\u00e1tky jako: aminokyseliny, vitam\u00edny a miner\u00e1ly<\/strong>, stimuluje energetick\u00e9 procesy na bun\u011b\u010dn\u00e9 \u00farovni a pom\u00e1h\u00e1 v\u00e1m c\u00edtit se pln\u00ed s\u00edly a energie po cel\u00fd den. P\u0159\u00edpravek zvy\u0161uje odolnost organismu v\u016f\u010di negativn\u00edm vliv\u016fm okoln\u00edho prost\u0159ed\u00ed. <strong>Chromevital Classic<\/strong> odstra\u0148uje stopy \u00fanavy, <strong>posiluje fyzick\u00e9, pracovn\u00ed a du\u0161evn\u00ed schopnosti<\/strong>, podporuje t\u011blo p\u0159i cvi\u010den\u00ed a pom\u00e1h\u00e1 v obdob\u00ed rekonvalescence po nemoci. Tento bioaktivn\u00ed dopln\u011bk stravy <strong>dod\u00e1v\u00e1 t\u011blu energii<\/strong>, kter\u00e1 d\u00e1le napl\u0148uje ka\u017edou bu\u0148ku, pom\u00e1h\u00e1 p\u0159i podr\u00e1\u017ed\u011bnosti, apatii a nedostatku energie. Produkt nezp\u016fsobuje n\u00e1vyk, na rozd\u00edl od syntetick\u00fdch p\u0159\u00edpravk\u016f s podobn\u00fdm \u00fa\u010dinkem. Zdrav\u00fd, energick\u00fd a zdatn\u00fd mu\u017e \u2013 v\u0161echny t\u0159i vlastnosti se vz\u00e1jemn\u011b dopl\u0148uj\u00ed. Pouze zdrav\u00fd \u010dlov\u011bk m\u016f\u017ee b\u00fdt energick\u00fd a vysok\u00e1 energie v t\u011ble vede k dobr\u00fdm v\u00fdsledk\u016fm a vysok\u00e9mu stupni produktivity pr\u00e1ce. Vid\u011bt tento druh harmonie je v\u0161ak dnes velmi obt\u00ed\u017en\u00e9, proto\u017ee tempo modern\u00edho \u017eivota je vy\u010derp\u00e1vaj\u00edc\u00ed. Ani vytou\u017een\u00fd odpo\u010dinek nep\u0159in\u00e1\u0161\u00ed \u00falevu a r\u00e1no se op\u011bt probouz\u00edte unaven\u00ed. V\u00e1\u0161 stav je charakterizov\u00e1n zv\u00fd\u0161enou \u00fanavou, pocitem slabosti, podr\u00e1\u017ed\u011bnost\u00ed, bolest\u00ed hlavy, \u010dast\u00fdmi nemocemi a poklesem veselosti. P\u0159i oslaben\u00ed ochrann\u00fdch sil t\u011bla se sta\u010d\u00ed jen trochu dotknout a kyvadlo se p\u0159ehoupne na stranu nemoci. B\u00fdt energick\u00fd a vesel\u00fd od \u010dasn\u00e9ho r\u00e1na do pozdn\u00edho ve\u010dera, zv\u00fd\u0161it obrann\u00fd mechanismus organismu a zlep\u0161it jeho celkovou kondici, pom\u016f\u017ee v\u00edceslo\u017ekov\u00e9 energetick\u00e9 tonikum <strong>Chromevital Classic<\/strong> , kter\u00e9 obsahuje i speci\u00e1ln\u00ed skupinu rostlin zvanou adaptogeny. <strong>Adaptogeny pom\u00e1haj\u00ed t\u011blu adaptovat se na nep\u0159\u00edjemn\u00e9 faktory vn\u011bj\u0161\u00edho prost\u0159ed\u00ed<\/strong> jako je chlad, teplo, ionizovan\u00e9 z\u00e1\u0159en\u00ed, nedostatek kysl\u00edku (hypoxie) a velk\u00e1 fyzick\u00e1 z\u00e1t\u011b\u017e. Rostlinn\u00fd komplex <strong>Chromevital Classic<\/strong> je tedy schopen nejen celkov\u011b povzbuzovat organismus, zvy\u0161ovat jeho tonus, pracovn\u00ed kapacitu, imunitu a odolnost p\u0159i nep\u0159\u00edjemn\u00fdch faktorech vn\u011bj\u0161\u00edho prost\u0159ed\u00ed a \u010dinitel\u00edch ovliv\u0148uj\u00edc\u00edch vznik onemocn\u011bn\u00ed. nemoci, ale tak\u00e9 ovlivn\u011bn\u00ed d\u00fdch\u00e1n\u00ed pln\u011b, bez pocitu \u00fabytku sil, fyzick\u00fdch i mor\u00e1ln\u00edch. Speci\u00e1ln\u011b vybran\u00e9 slo\u017eky obsa\u017een\u00e9 v tomto fytokomplexu zaji\u0161\u0165uj\u00ed bun\u011b\u010dn\u00e9 d\u00fdch\u00e1n\u00ed a napl\u0148uj\u00ed ka\u017edou bu\u0148ku organismu energi\u00ed. Energetick\u00fd stav t\u011bla, jak jste aktivn\u00ed a jak moc pracujete, z\u00e1vis\u00ed na mnoha faktorech, kter\u00e9 vy\u017eaduj\u00ed dlouh\u00e9 a pravideln\u00e9 nasazen\u00ed: jde o vyv\u00e1\u017eenou stravu bohatou na adaptogeny (rostliny, kter\u00e9 usnad\u0148uj\u00ed adaptaci t\u011bla na r\u016fzn\u00e9 nep\u0159\u00edjemn\u00e9 vlivy). V komplexu <strong>Chromevital Classic<\/strong> m\u00e1 ka\u017ed\u00fd adaptogen sv\u00e9 vlastn\u00ed vlastnosti. Jedn\u00edm ze z\u00e1kladn\u00edch je <strong>sibi\u0159sk\u00fd \u017een\u0161en<\/strong>. Vykazuje povzbuzuj\u00edc\u00ed a adaptogenn\u00ed \u00fa\u010dinek, odstra\u0148uje \u00fanavu, regeneruje a zvy\u0161uje fyzickou i du\u0161evn\u00ed pracovn\u00ed kapacitu. Adaptogenn\u00ed vlastnosti <strong>sibi\u0159sk\u00e9ho \u017een\u0161enu<\/strong> se aktivn\u011b vyu\u017e\u00edvaj\u00ed pro rychlej\u0161\u00ed adaptaci organismu na r\u016fzn\u00e9 faktory vn\u011bj\u0161\u00edho prost\u0159ed\u00ed. <strong>Sibi\u0159sk\u00fd \u017een\u0161en<\/strong> se pou\u017e\u00edv\u00e1 k obnoven\u00ed imunitn\u00edho stavu v obdob\u00ed rekonvalescence po t\u011b\u017ek\u00fdch a vysiluj\u00edc\u00edch onemocn\u011bn\u00edch. Ka\u017edodenn\u00ed u\u017e\u00edv\u00e1n\u00ed <strong>sibi\u0159sk\u00e9ho \u017een\u0161enu<\/strong> spolu s <strong>guaranou<\/strong>, kter\u00e1 obsahuje v\u00edce kofeinu ne\u017e jak\u00e1koliv dnes zn\u00e1m\u00e1 rostlina, projevuje jeho povzbuzuj\u00edc\u00ed \u00fa\u010dinek. <strong>Guarana<\/strong> se pou\u017e\u00edv\u00e1 ke zv\u00fd\u0161en\u00ed odolnosti a schopnosti organismu p\u0159i t\u011b\u017ek\u00e9 fyzick\u00e9 n\u00e1maze. Proces asimilace l\u00e1tek nach\u00e1zej\u00edc\u00edch se v <strong>guaran\u011b<\/strong> v t\u011ble prob\u00edh\u00e1 postupn\u011b, co\u017e d\u00e1v\u00e1 mo\u017enost nem\u00edt pocit \u00fanavy po dlouhou dobu. D\u016fle\u017eit\u00e1 je tak\u00e9 p\u0159\u00edtomnost <strong>spiruliny<\/strong> , kter\u00e1 je mezi rostlinami uzn\u00e1v\u00e1na po cel\u00e9m sv\u011bt\u011b jako jeden z nejslibn\u011bj\u0161\u00edch zdroj\u016f b\u00edlkovin a samotn\u00e1 existence spektra aminokyselin v pot\u0159ebn\u00fdch pom\u011brech, v\u010detn\u011b osmi nenahraditeln\u00fdch, ji \u010din\u00ed, prost\u011b, jedine\u010dn\u00e9. <strong>Spirulina<\/strong> je pokladnic\u00ed makro- a mikroprvk\u016f (v\u00e1pn\u00edk, ho\u0159\u010d\u00edk, \u017eelezo, fosfor, drasl\u00edk, sod\u00edk, mangan, m\u011b\u010f, zinek, molybden) a tak\u00e9 vitam\u00edn\u016f B1, B2, B6, B12, B5, B9, E, biotin a obsahuje tak\u00e9 <strong>beta-karoten<\/strong> . Lipidy a sulfolipidy obsa\u017een\u00e9 ve <strong>spirulin\u011b<\/strong> ve form\u011b imunostimul\u00e1tor\u016f posiluj\u00ed jej\u00ed \u00fa\u010dinek. U\u017e\u00edv\u00e1n\u00ed <strong>spiruliny a sibi\u0159sk\u00e9ho \u017een\u0161enu<\/strong> stabilizuje obsah cukru v krvi diabetik\u016f. Jeho sn\u00ed\u017een\u00ed bylo zaznamen\u00e1no v obdob\u00ed od 10 do 14 dn\u016f. D\u00edky obsahu \u0159ady cenn\u00fdch l\u00e1tek m\u00e1 <strong>spirulina<\/strong> tonizuj\u00edc\u00ed \u00fa\u010dinek a antioxida\u010dn\u00ed \u00fa\u010dinek, kter\u00fd m\u00e1 velk\u00fd v\u00fdznam pro udr\u017een\u00ed \u017eivotn\u00ed vitality a zv\u00fd\u0161en\u00ed ochrann\u00fdch sil organismu. Zvl\u00e1\u0161t\u011b d\u016fle\u017eit\u00e9 je upozornit, \u017ee ka\u017ed\u00fd patologick\u00fd proces (v\u010detn\u011b infek\u010dn\u00edho) je doprov\u00e1zen agres\u00ed voln\u00fdch radik\u00e1l\u016f, kter\u00e9 sni\u017euj\u00ed adapta\u010dn\u00ed vlastnosti organismu. Proto je d\u016fle\u017eit\u00e9 zajistit odolnost organismu v\u016f\u010di infekc\u00edm a toho lze dos\u00e1hnout dopln\u011bn\u00edm stravy o vitam\u00edny \u2013 antioxidanty, nap\u0159. <strong>vitam\u00edn C.<\/strong> <strong>Vitamin C<\/strong> m\u00e1 siln\u00e9 antioxida\u010dn\u00ed vlastnosti, zaji\u0161\u0165uje odolnost organismu proti infekc\u00edm a pod\u00edl\u00ed se na sni\u017eov\u00e1n\u00ed intenzity z\u00e1n\u011btliv\u00e9ho procesu. Spolu s v\u00fd\u0161e uveden\u00fdmi slo\u017ekami nesm\u00ed b\u00fdt opomenuta energetick\u00e1 role nem\u00e9n\u011b d\u016fle\u017eit\u00e9ho prvku komplexu <strong>Chromevital Classic<\/strong>, rostliny zvan\u00e9 <strong>cola<\/strong>. Ka\u017ed\u00fd \u010dlov\u011bk alespo\u0148 jednou v \u017eivot\u011b poc\u00edtil neuv\u011b\u0159iteln\u00fd p\u0159\u00edliv energie a v p\u0159\u00ed\u0161t\u00edm okam\u017eiku pr\u00e1zdnotu a nedostatek s\u00edly. Pr\u00e1v\u011b v takov\u00fdch stavech, stejn\u011b jako p\u0159i vysiluj\u00edc\u00edch chronick\u00fdch onemocn\u011bn\u00edch, psychick\u00e9m i fyzick\u00e9m p\u0159et\u00ed\u017een\u00ed, se uplat\u0148uje mocn\u00e1 bylina <strong>cola<\/strong>. Podobnou roli hraje i mikroelement <strong>chrom<\/strong> , kter\u00fd p\u0159isp\u00edv\u00e1 ke zv\u00fd\u0161en\u00ed fyzick\u00e9 aktivity v p\u0159\u00edpadech chronick\u00e9 \u00fanavy, kdy na nic nezb\u00fdvaj\u00ed s\u00edly. <strong>Slo\u017een\u00ed:<\/strong> <a href=\"https:\/\/visionstore.co.rs\/eleuterokok-ili-sibirski-zensen\/\">Sibi\u0159sk\u00fd \u017een\u0161en (ko\u0159en) (lat. <em>Eleutherococcus senticosus<\/em> )<\/a> , <a href=\"https:\/\/visionstore.co.rs\/mocna-spirulina-u-prirodnom-proizvodu-direset\/\">spirulina (lat. <em>Spirulina platensis<\/em> )<\/a> , <a href=\"https:\/\/visionstore.co.rs\/guarana-lat-paullinia-cupana\/\">guarana (semeno) (lat. <em>Paullinia cupana<\/em> )<\/a> , <a href=\"https:\/\/visionstore.co.rs\/koliko-je-vazan-vitamin-c\/\">vitam\u00edn C<\/a> , cola (semeno) (lat. <em>Cola nitida<\/em> ), <a href=\"https:\/\/visionstore.co.rs\/hrom\/\">chrom<\/a> . <strong>Mno\u017estv\u00ed: 60 kapsl\u00ed<\/strong> <strong>\u010cist\u00e1 hmotnost: 30g<\/strong><\/p>\n<table width=\"561\">\n<tbody>\n<tr>\n<td width=\"322\"><strong>\u00da\u010cINN\u00c9 L\u00c1TKY:<\/strong><\/td>\n<td width=\"175\"><strong>Obsah denn\u00ed d\u00e1vky<\/strong> <strong>(2 kapsle)<\/strong><\/td>\n<td width=\"64\"><strong>%NRV*<\/strong><\/td>\n<\/tr>\n<tr>\n<td width=\"322\">Such\u00fd extrakt z ko\u0159ene sibi\u0159sk\u00e9ho \u017een\u0161enu (lat. <em>Eleutherococcus senticosus<\/em> ) standardizovan\u00fd na 0,8 % eleuterosidu<\/td>\n<td>350 mg<\/td>\n<td>**<\/td>\n<\/tr>\n<tr>\n<td width=\"322\">z toho eleuterosid<\/td>\n<td>2,8 mg<\/td>\n<td>**<\/td>\n<\/tr>\n<tr>\n<td width=\"322\">Su\u0161en\u00e1 spirulina (lat. <em>Spirulina platensis<\/em> ) v pr\u00e1\u0161ku<\/td>\n<td>150 mg<\/td>\n<td>**<\/td>\n<\/tr>\n<tr>\n<td width=\"322\">Such\u00fd extrakt ze semen guarany (lat. <em>Paullinia cupana<\/em> ), 4:1<\/td>\n<td>144 mg<\/td>\n<td>**<\/td>\n<\/tr>\n<tr>\n<td>Vitam\u00edn C (kyselina L-askorbov\u00e1)<\/td>\n<td>65 mg<\/td>\n<td>81 %<\/td>\n<\/tr>\n<tr>\n<td>Chrom (chrom (III)-pikolin\u00e1t)<\/td>\n<td>100 \u00b5g<\/td>\n<td>250 %<\/td>\n<\/tr>\n<tr>\n<td>Such\u00fd extrakt ze semen koly (lat. <em>Cola nitida<\/em> ), standardizovan\u00fd na 10 % kofeinu<\/td>\n<td>40 mg<\/td>\n<td>**<\/td>\n<\/tr>\n<tr>\n<td>z toho <strong>kofein<\/strong><\/td>\n<td>4 mg<\/td>\n<td>**<\/td>\n<\/tr>\n<\/tbody>\n<\/table>\n<p><strong>*<\/strong> NRV &#8211; nutri\u010dn\u00ed referen\u010dn\u00ed hodnota <strong>**<\/strong> &#8211; nutri\u010dn\u00ed referen\u010dn\u00ed hodnota nebyla stanovena<\/p>\n","protected":false},"excerpt":{"rendered":"<p>VLASTNOSTI PRODUKTU CHROMEVITAL CLASSIC \u2022 Energizuje ka\u017edou bu\u0148ku. \u2022 Zvy\u0161uje du\u0161evn\u00ed a fyzickou pracovn\u00ed kapacitu. \u2022 M\u00e1 stimula\u010dn\u00ed a vitalizuj\u00edc\u00ed \u00fa\u010dinek. \u2022 Sni\u017euje pocit \u00fanavy. \u2022 M\u00e1 adaptogenn\u00ed \u00fa\u010dinek. \u2022 M\u00e1 antioxida\u010dn\u00ed \u00fa\u010dinek. \u2022 Normalizuje hladinu cukru v krvi.<\/p>\n","protected":false},"featured_media":29083,"comment_status":"open","ping_status":"closed","template":"","meta":{"_acf_changed":false,"_uag_custom_page_level_css":"","site-sidebar-layout":"default","site-content-layout":"default","ast-site-content-layout":"default","site-content-style":"default","site-sidebar-style":"default","ast-global-header-display":"","ast-banner-title-visibility":"","ast-main-header-display":"","ast-hfb-above-header-display":"","ast-hfb-below-header-display":"","ast-hfb-mobile-header-display":"","site-post-title":"","ast-breadcrumbs-content":"","ast-featured-img":"","footer-sml-layout":"","ast-disable-related-posts":"","theme-transparent-header-meta":"default","adv-header-id-meta":"","stick-header-meta":"default","header-above-stick-meta":"","header-main-stick-meta":"","header-below-stick-meta":"","astra-migrate-meta-layouts":"default","ast-page-background-enabled":"default","ast-page-background-meta":{"desktop":{"background-color":"","background-image":"","background-repeat":"repeat","background-position":"center center","background-size":"auto","background-attachment":"scroll","background-type":"","background-media":"","overlay-type":"","overlay-color":"","overlay-opacity":"","overlay-gradient":""},"tablet":{"background-color":"","background-image":"","background-repeat":"repeat","background-position":"center center","background-size":"auto","background-attachment":"scroll","background-type":"","background-media":"","overlay-type":"","overlay-color":"","overlay-opacity":"","overlay-gradient":""},"mobile":{"background-color":"","background-image":"","background-repeat":"repeat","background-position":"center center","background-size":"auto","background-attachment":"scroll","background-type":"","background-media":"","overlay-type":"","overlay-color":"","overlay-opacity":"","overlay-gradient":""}},"ast-content-background-meta":{"desktop":{"background-color":"var(--ast-global-color-4)","background-image":"","background-repeat":"repeat","background-position":"center center","background-size":"auto","background-attachment":"scroll","background-type":"","background-media":"","overlay-type":"","overlay-color":"","overlay-opacity":"","overlay-gradient":""},"tablet":{"background-color":"var(--ast-global-color-4)","background-image":"","background-repeat":"repeat","background-position":"center center","background-size":"auto","background-attachment":"scroll","background-type":"","background-media":"","overlay-type":"","overlay-color":"","overlay-opacity":"","overlay-gradient":""},"mobile":{"background-color":"var(--ast-global-color-4)","background-image":"","background-repeat":"repeat","background-position":"center center","background-size":"auto","background-attachment":"scroll","background-type":"","background-media":"","overlay-type":"","overlay-color":"","overlay-opacity":"","overlay-gradient":""}},"jetpack_post_was_ever_published":false},"product_brand":[],"product_cat":[357],"product_tag":[],"class_list":{"0":"post-18448","1":"product","2":"type-product","3":"status-publish","4":"has-post-thumbnail","6":"product_cat-classic-hit","7":"desktop-align-center","8":"tablet-align-center","9":"mobile-align-center","10":"ast-product-gallery-layout-horizontal","11":"ast-product-tabs-layout-distributed","12":"ast-qv-on-image","14":"first","15":"instock","16":"taxable","17":"shipping-taxable","18":"purchasable","19":"product-type-simple"},"acf":[],"uagb_featured_image_src":{"full":["https:\/\/i0.wp.com\/visionstore.co.rs\/wp-content\/uploads\/2019\/12\/Chromevital.png?fit=1024%2C1024&ssl=1",1024,1024,false],"thumbnail":["https:\/\/i0.wp.com\/visionstore.co.rs\/wp-content\/uploads\/2019\/12\/Chromevital.png?resize=150%2C150&ssl=1",150,150,true],"medium":["https:\/\/i0.wp.com\/visionstore.co.rs\/wp-content\/uploads\/2019\/12\/Chromevital.png?fit=300%2C300&ssl=1",300,300,true],"medium_large":["https:\/\/i0.wp.com\/visionstore.co.rs\/wp-content\/uploads\/2019\/12\/Chromevital.png?fit=768%2C768&ssl=1",768,768,true],"large":["https:\/\/i0.wp.com\/visionstore.co.rs\/wp-content\/uploads\/2019\/12\/Chromevital.png?fit=1024%2C1024&ssl=1",1024,1024,true],"1536x1536":["https:\/\/i0.wp.com\/visionstore.co.rs\/wp-content\/uploads\/2019\/12\/Chromevital.png?fit=1024%2C1024&ssl=1",1024,1024,true],"2048x2048":["https:\/\/i0.wp.com\/visionstore.co.rs\/wp-content\/uploads\/2019\/12\/Chromevital.png?fit=1024%2C1024&ssl=1",1024,1024,true],"mailpoet_newsletter_max":["https:\/\/i0.wp.com\/visionstore.co.rs\/wp-content\/uploads\/2019\/12\/Chromevital.png?fit=1024%2C1024&ssl=1",1024,1024,true],"woocommerce_thumbnail":["https:\/\/i0.wp.com\/visionstore.co.rs\/wp-content\/uploads\/2019\/12\/Chromevital.png?fit=900%2C900&ssl=1",900,900,true],"woocommerce_single":["https:\/\/i0.wp.com\/visionstore.co.rs\/wp-content\/uploads\/2019\/12\/Chromevital.png?fit=1024%2C1024&ssl=1",1024,1024,true],"woocommerce_gallery_thumbnail":["https:\/\/i0.wp.com\/visionstore.co.rs\/wp-content\/uploads\/2019\/12\/Chromevital.png?resize=100%2C100&ssl=1",100,100,true]},"uagb_author_info":{"display_name":"admin","author_link":"https:\/\/visionstore.co.rs\/cs\/author\/"},"uagb_comment_info":2,"uagb_excerpt":"VLASTNOSTI PRODUKTU CHROMEVITAL CLASSIC \u2022 Energizuje ka\u017edou bu\u0148ku. \u2022 Zvy\u0161uje du\u0161evn\u00ed a fyzickou pracovn\u00ed kapacitu. \u2022 M\u00e1 stimula\u010dn\u00ed a vitalizuj\u00edc\u00ed \u00fa\u010dinek. \u2022 Sni\u017euje pocit \u00fanavy. \u2022 M\u00e1 adaptogenn\u00ed \u00fa\u010dinek. \u2022 M\u00e1 antioxida\u010dn\u00ed \u00fa\u010dinek. \u2022 Normalizuje hladinu cukru v krvi.","jetpack_sharing_enabled":true,"_links":{"self":[{"href":"https:\/\/visionstore.co.rs\/cs\/wp-json\/wp\/v2\/product\/18448","targetHints":{"allow":["GET"]}}],"collection":[{"href":"https:\/\/visionstore.co.rs\/cs\/wp-json\/wp\/v2\/product"}],"about":[{"href":"https:\/\/visionstore.co.rs\/cs\/wp-json\/wp\/v2\/types\/product"}],"replies":[{"embeddable":true,"href":"https:\/\/visionstore.co.rs\/cs\/wp-json\/wp\/v2\/comments?post=18448"}],"wp:featuredmedia":[{"embeddable":true,"href":"https:\/\/visionstore.co.rs\/cs\/wp-json\/wp\/v2\/media\/29083"}],"wp:attachment":[{"href":"https:\/\/visionstore.co.rs\/cs\/wp-json\/wp\/v2\/media?parent=18448"}],"wp:term":[{"taxonomy":"product_brand","embeddable":true,"href":"https:\/\/visionstore.co.rs\/cs\/wp-json\/wp\/v2\/product_brand?post=18448"},{"taxonomy":"product_cat","embeddable":true,"href":"https:\/\/visionstore.co.rs\/cs\/wp-json\/wp\/v2\/product_cat?post=18448"},{"taxonomy":"product_tag","embeddable":true,"href":"https:\/\/visionstore.co.rs\/cs\/wp-json\/wp\/v2\/product_tag?post=18448"}],"curies":[{"name":"wp","href":"https:\/\/api.w.org\/{rel}","templated":true}]}}