{"id":18490,"date":"2019-12-27T18:38:09","date_gmt":"2019-12-27T17:38:09","guid":{"rendered":"https:\/\/visionstore.co.rs\/product\/brain-o-flex-r\/"},"modified":"2025-09-09T11:35:48","modified_gmt":"2025-09-09T09:35:48","slug":"brain-o-flex","status":"publish","type":"product","link":"https:\/\/visionstore.co.rs\/cs\/product\/brain-o-flex\/","title":{"rendered":"Brain-o-Flex-R"},"content":{"rendered":"<p><strong>Brain-o-flex<\/strong> je ide\u00e1ln\u011b vyv\u00e1\u017een\u00fd &#8222;chytr\u00fd&#8220; vzorec pro zv\u00fd\u0161en\u00ed aktivity velk\u00e9ho mozku.<\/p>\n<p>Zlep\u0161uje strukturu nervov\u00fdch bun\u011bk a p\u0159enos nervov\u00fdch vzruch\u016f mezi bu\u0148kami. Zlep\u0161uje krevn\u00ed ob\u011bh v c\u00e9v\u00e1ch mozku a v kone\u010dn\u00e9m d\u016fsledku zvy\u0161uje p\u0159\u00edsun kysl\u00edku a \u017eivin do jeho bun\u011bk. Tento bioaktivn\u00ed dopln\u011bk stravy pom\u00e1h\u00e1 aktivovat ment\u00e1ln\u00ed aktivity a vyjas\u0148ovat v\u011bdom\u00ed. Zvy\u0161uje po\u010det \u00fa\u010dinn\u00fdch spojen\u00ed mezi mozkov\u00fdmi bu\u0148kami, aktivuje \u201esp\u00edc\u00ed\u201c bu\u0148ky, zlep\u0161uje vn\u00edm\u00e1n\u00ed, pozornost, pam\u011b\u0165.<br \/>\nP\u0159isp\u00edv\u00e1 k ochran\u011b mozkov\u00fdch bun\u011bk p\u0159ed oxida\u010dn\u00edm po\u0161kozen\u00edm, p\u0159\u00edzniv\u011b ovliv\u0148uje \u010dinnost nervov\u00e9 soustavy a sni\u017euje riziko neurodegenerativn\u00edch zm\u011bn.<\/p>\n<ul>\n<li>Stimuluje du\u0161evn\u00ed \u010dinnost<\/li>\n<li>Zlep\u0161uje pam\u011b\u0165, koncentraci a pozornost<\/li>\n<li>Zpomaluje proces st\u00e1rnut\u00ed mozku<\/li>\n<li>Pom\u00e1h\u00e1 zlep\u0161it krevn\u00ed ob\u011bh v c\u00e9v\u00e1ch mozku<\/li>\n<li>Zvy\u0161uje \u00fa\u010dinnost mozkov\u00fdch bun\u011bk<\/li>\n<\/ul>\n<p>Aktivn\u00ed slo\u017eky p\u0159\u00edrodn\u00edho dopl\u0148ku stravy <strong>Brain-o-flex<\/strong> produkt pomohou mozku zv\u00fd\u0161it koncentraci, normalizovat pr\u016ftok krve mozkem, zlep\u0161it pam\u011b\u0165ov\u00e9 procesy a zv\u00fd\u0161it ment\u00e1ln\u00ed pracovn\u00ed kapacitu a dokonce roz\u0161\u00ed\u0159it r\u00e1mec ukl\u00e1d\u00e1n\u00ed a zpracov\u00e1n\u00ed informac\u00ed.<\/p>\n<p>Situaci nelze \u017e\u00e1dn\u00fdm zp\u016fsobem jasn\u011b a jednodu\u0161e vid\u011bt, pokud nen\u00ed prezentov\u00e1na v \u010d\u00edslech. Pod\u00edv\u00e1me se jen na n\u011bkter\u00e9 z nich. \u010ctvrtina energie cel\u00e9ho lidsk\u00e9ho organismu se spot\u0159ebuje na \u0161edou hmotu mozkovou; v\u00edce ne\u017e 50 % ve\u0161ker\u00e9 energie vyu\u017e\u00edv\u00e1 n\u00e1\u0161 mozek ve stresov\u00fdch situac\u00edch; 60 % mozku tvo\u0159\u00ed tuk, z toho minim\u00e1ln\u011b 30 % <strong>omega-3 mastn\u00e9 kyseliny<\/strong>.<\/p>\n<p>Nen\u00ed nutn\u00e9 chodit daleko a hluboko do mozku, abychom pochopili, jak moc pot\u0159ebuje neust\u00e1l\u00e9 dopl\u0148ov\u00e1n\u00ed jedn\u00edm z nejprosp\u011b\u0161n\u011bj\u0161\u00edch produkt\u016f pro mozek \u2014 polynenasycen\u00fdmi <strong>omega-3 mastn\u00fdmi kyselinami<\/strong>.<\/p>\n<p><strong>Omega-3 mastn\u00e9 kyseliny<\/strong> hraj\u00ed kl\u00ed\u010dovou roli ve struktu\u0159e a fungov\u00e1n\u00ed membr\u00e1n mozkov\u00fdch bun\u011bk a p\u0159enosu nervov\u00fdch vzruch\u016f. Zabra\u0148uj\u00ed nejen tuhnut\u00ed bun\u011b\u010dn\u00fdch membr\u00e1n a odstra\u0148uj\u00ed z nich cholesterol, ale p\u0159isp\u00edvaj\u00ed i k norm\u00e1ln\u00edmu p\u0159enosu vzruch\u016f, a to jak uvnit\u0159, tak mezi mozkov\u00fdmi bu\u0148kami.<\/p>\n<p>P\u0159esto\u017ee dostupnost mastn\u00fdch kyselin v mozku je omezen\u00e1, <strong>omega-3<\/strong> kyseliny jsou schopny pronikat do mozkov\u00fdch tk\u00e1n\u00ed, poskytovat rychl\u00fd tok energie a pom\u00e1haj\u00ed p\u0159en\u00e1\u0161et impulsy z jedn\u00e9 bu\u0148ky do druh\u00e9. Tento proces posiluje intelektu\u00e1ln\u00ed pr\u00e1ci a zlep\u0161uje pam\u011b\u0165. <strong>Omega-3<\/strong> kyseliny nav\u00edc hraj\u00ed d\u016fle\u017eitou roli p\u0159i zvl\u00e1d\u00e1n\u00ed emo\u010dn\u00ed volatility a n\u00e1hl\u00fdch zm\u011bn n\u00e1lad. <strong>Omega-3<\/strong> kyseliny tak\u00e9 p\u0159isp\u00edvaj\u00ed ke sn\u00ed\u017een\u00ed agregace krevn\u00edch desti\u010dek, normalizuj\u00ed naru\u0161en\u00fd metabolick\u00fd proces v mozku a obnovuj\u00ed regulaci pr\u016ftoku krve mozkem.<\/p>\n<p><strong>Ginkgo biloba<\/strong> ze sv\u00e9 strany zvy\u0161uje elasticitu st\u011bn krevn\u00edch c\u00e9v mozku, aktivuje kapil\u00e1rn\u00ed pr\u016ftok krve a p\u0159isp\u00edv\u00e1 k expanzi krevn\u00edch c\u00e9v. Vlastnost\u00ed <strong>omega-3<\/strong> kyselin, <strong>vitaminu E<\/strong> a <strong>ginkgo biloby<\/strong> je zv\u00fd\u0161it pr\u016ftok krve a kysl\u00edku do mozkov\u00fdch bun\u011bk, stimulovat n\u00e1r\u016fst po\u010dtu receptor\u016f, co\u017e vede ke zlep\u0161en\u00ed mozkov\u00fdch funkc\u00ed, a sn\u00ed\u017eit intenzitu bolesti hlavy zp\u016fsoben\u00e9 krevn\u00edmi c\u00e9vami.<\/p>\n<p>Siln\u00e9 antioxidanty, <strong>ginkgo biloba<\/strong>, <strong>betakaroten<\/strong> a <strong>vitam\u00edn E<\/strong> zabra\u0148uj\u00ed st\u00e1rnut\u00ed mozku, zlep\u0161uj\u00ed pam\u011b\u0165 a schopnost logick\u00e9ho my\u0161len\u00ed, sni\u017euj\u00ed reak\u010dn\u00ed dobu a intelektu\u00e1ln\u00ed \u00fanavu, zlep\u0161uj\u00ed \u0159e\u010d. <strong>Betakaroten<\/strong> a <strong>vitam\u00edn E<\/strong> nav\u00edc zabra\u0148uj\u00ed tvorb\u011b voln\u00fdch radik\u00e1l\u016f, \u010d\u00edm\u017e zabra\u0148uj\u00ed po\u0161kozen\u00ed nervov\u00fdch bun\u011bk, zejm\u00e9na p\u0159i stresu nebo intelektu\u00e1ln\u00ed n\u00e1maze.<\/p>\n<p>\u0160ed\u00e1 hmota mozkov\u00e1 pot\u0159ebuje zejm\u00e9na suplementaci <strong>omega-3<\/strong> kyselinami a <strong>ginkgo<\/strong>. Prim\u00e1rn\u011b se skl\u00e1d\u00e1 z bun\u011bk a b\u00edl\u00e1 hmota mozku se skl\u00e1d\u00e1 z nervov\u00fdch vl\u00e1ken, kter\u00e1 p\u0159i poran\u011bn\u00ed mohou v\u00e9st k v\u00e1\u017en\u00fdm poruch\u00e1m. <strong>S\u00f3jov\u00fd lecitin<\/strong> je jednou z nejd\u016fle\u017eit\u011bj\u0161\u00edch lipidov\u00fdch slo\u017eek membr\u00e1n v\u0161ech t\u011blesn\u00fdch bun\u011bk, ovliv\u0148uje zlep\u0161en\u00ed stavu neuron\u016f a nervov\u00fdch vl\u00e1ken. Ovliv\u0148uje stabilizaci bun\u011b\u010dn\u00fdch membr\u00e1n a pod\u00edl\u00ed se na oprav\u011b a regeneraci mozkov\u00fdch bun\u011bk a nervov\u00e9 tk\u00e1n\u011b jako celku. T\u00edmto zp\u016fsobem je <strong>s\u00f3jov\u00fd lecitin<\/strong> zodpov\u011bdn\u00fd za takov\u00e9 funkce, jako je: my\u0161len\u00ed, pl\u00e1nov\u00e1n\u00ed, u\u010den\u00ed, pam\u011b\u0165 atd. Pozitivn\u011b p\u016fsob\u00ed na sni\u017eov\u00e1n\u00ed hladiny cholesterolu v krvi a arteri\u00e1ln\u00edho tlaku.<\/p>\n<p><strong>Slo\u017een\u00ed:<\/strong> olej z tres\u010d\u00edch <strong>jater<\/strong> , <a href=\"https:\/\/visionstore.co.rs\/omega-3-masne-kiseline\/\">omega-3 mastn\u00e9 kyseliny (EPA\/DHA 20\/50)<\/a> , <a href=\"https:\/\/visionstore.co.rs\/lecitin\/\">s\u00f3jov\u00fd lecitin<\/a> , <a href=\"https:\/\/visionstore.co.rs\/ginkgo-biloba-u-sluzbi-naseg-zdravlja\/\">such\u00fd extrakt z list\u016f ginkgo (lat. <em>Ginkgo biloba<\/em> )<\/a> , beta-karoten, <a href=\"https:\/\/visionstore.co.rs\/vitamin-e-2\/\">vitam\u00edn E.<\/a><\/p>\n<p><strong>Mno\u017estv\u00ed: 30 kapsl\u00ed<\/strong><\/p>\n<p><strong>\u010cist\u00e1 hmotnost: 29,4g<\/strong><\/p>\n<table>\n<tbody>\n<tr>\n<td width=\"245\"><strong>\u00da\u010cINN\u00c9 L\u00c1TKY:<\/strong><\/td>\n<td width=\"113\"><strong>2 kapsle<br \/>\n(1960 mg)<\/strong><\/td>\n<td width=\"94\"><strong>%NRV*<\/strong><\/td>\n<\/tr>\n<tr>\n<td width=\"245\">Olej z tres\u010d\u00edch jater obsahuj\u00edc\u00ed:<\/td>\n<td width=\"113\">1086 mg<\/td>\n<td width=\"94\">**<\/td>\n<\/tr>\n<tr>\n<td style=\"padding-left: 40px;\" width=\"245\">Omega-3 mastn\u00e9 kyseliny, z toho:<\/td>\n<td width=\"113\">650 mg<\/td>\n<td width=\"94\">**<\/td>\n<\/tr>\n<tr>\n<td style=\"padding-left: 40px;\" width=\"245\">\u25aa Kyselina eikosapentaenov\u00e1 (EPA)<\/td>\n<td width=\"113\">357 mg<\/td>\n<td width=\"94\">**<\/td>\n<\/tr>\n<tr>\n<td style=\"padding-left: 40px;\" width=\"245\">\u25aa Kyselina dokosahexaenov\u00e1 (DHA)<\/td>\n<td width=\"113\">238 mg<\/td>\n<td width=\"94\">**<\/td>\n<\/tr>\n<tr>\n<td width=\"245\">Sojov\u00fd lecitin<\/td>\n<td width=\"113\">200 mg<\/td>\n<td width=\"94\">**<\/td>\n<\/tr>\n<tr>\n<td width=\"245\">Such\u00fd extrakt z listu ginkgo ( <em>Ginkgo biloba<\/em> )<br \/>\n(s 24 % flavon\u016f a 6 % lakton\u016f)<\/p>\n<ul>\n<li>toho flavonu<\/li>\n<li>toho laktonu<\/li>\n<\/ul>\n<\/td>\n<td width=\"113\">30 mg<\/p>\n<ul>\n<li>7,2 mg<\/li>\n<li>1,8 mg<\/li>\n<\/ul>\n<\/td>\n<td width=\"94\">**<\/td>\n<\/tr>\n<tr>\n<td width=\"245\">Vitam\u00edn E<\/td>\n<td width=\"113\">6,7 mg TE***<\/td>\n<td width=\"94\">55,8%<\/td>\n<\/tr>\n<tr>\n<td width=\"245\">Beta-karoten<\/td>\n<td width=\"113\">4 mg<\/td>\n<td width=\"94\">**<\/td>\n<\/tr>\n<\/tbody>\n<\/table>\n<p>*NRV &#8211; nutri\u010dn\u00ed referen\u010dn\u00ed hodnota<br \/>\n** &#8211; nutri\u010dn\u00ed referen\u010dn\u00ed hodnota nebyla stanovena<br \/>\n***a-TE=ekvivalent a-tokoferolu<\/p>\n","protected":false},"excerpt":{"rendered":"<p>\u2022 Stimuluje du\u0161evn\u00ed pr\u00e1ci.<br \/>\n\u2022 Zlep\u0161uje pam\u011b\u0165, zvy\u0161uje koncentraci a intelektu\u00e1ln\u00ed schopnosti.<br \/>\n\u2022 P\u016fsob\u00ed pozitivn\u011b na pr\u00e1ci centr\u00e1ln\u00edho nervov\u00e9ho syst\u00e9mu.<br \/>\n\u2022 Ovliv\u0148uje regeneraci mozkov\u00fdch bun\u011bk.<br \/>\n\u2022 Aktivuje pr\u016ftok krve, zpomaluje proces st\u00e1rnut\u00ed mozku, zabra\u0148uje ztr\u00e1t\u011b pam\u011bti souvisej\u00edc\u00ed s v\u011bkem a udr\u017euje jasnost my\u0161lenek.<br \/>\n\u2022 Normalizuje tlak, odstra\u0148uje bolesti hlavy a z\u00e1vrat\u011b, hluk a zvon\u011bn\u00ed v u\u0161\u00edch.<br \/>\n\u2022 M\u00e1 antisklerotick\u00e9 vlastnosti.<br \/>\n\u2022 Zvy\u0161uje mno\u017estv\u00ed mozkov\u00fdch bun\u011bk, kter\u00e9 pracuj\u00ed efektivn\u011b, v\u010detn\u011b dokonce \u201esp\u00edc\u00edch\u201c bun\u011bk.<\/p>\n","protected":false},"featured_media":28958,"comment_status":"open","ping_status":"closed","template":"","meta":{"_acf_changed":false,"_uag_custom_page_level_css":"","site-sidebar-layout":"default","site-content-layout":"default","ast-site-content-layout":"default","site-content-style":"default","site-sidebar-style":"default","ast-global-header-display":"","ast-banner-title-visibility":"","ast-main-header-display":"","ast-hfb-above-header-display":"","ast-hfb-below-header-display":"","ast-hfb-mobile-header-display":"","site-post-title":"","ast-breadcrumbs-content":"","ast-featured-img":"","footer-sml-layout":"","ast-disable-related-posts":"","theme-transparent-header-meta":"default","adv-header-id-meta":"","stick-header-meta":"default","header-above-stick-meta":"","header-main-stick-meta":"","header-below-stick-meta":"","astra-migrate-meta-layouts":"default","ast-page-background-enabled":"default","ast-page-background-meta":{"desktop":{"background-color":"","background-image":"","background-repeat":"repeat","background-position":"center center","background-size":"auto","background-attachment":"scroll","background-type":"","background-media":"","overlay-type":"","overlay-color":"","overlay-opacity":"","overlay-gradient":""},"tablet":{"background-color":"","background-image":"","background-repeat":"repeat","background-position":"center center","background-size":"auto","background-attachment":"scroll","background-type":"","background-media":"","overlay-type":"","overlay-color":"","overlay-opacity":"","overlay-gradient":""},"mobile":{"background-color":"","background-image":"","background-repeat":"repeat","background-position":"center center","background-size":"auto","background-attachment":"scroll","background-type":"","background-media":"","overlay-type":"","overlay-color":"","overlay-opacity":"","overlay-gradient":""}},"ast-content-background-meta":{"desktop":{"background-color":"var(--ast-global-color-4)","background-image":"","background-repeat":"repeat","background-position":"center center","background-size":"auto","background-attachment":"scroll","background-type":"","background-media":"","overlay-type":"","overlay-color":"","overlay-opacity":"","overlay-gradient":""},"tablet":{"background-color":"var(--ast-global-color-4)","background-image":"","background-repeat":"repeat","background-position":"center center","background-size":"auto","background-attachment":"scroll","background-type":"","background-media":"","overlay-type":"","overlay-color":"","overlay-opacity":"","overlay-gradient":""},"mobile":{"background-color":"var(--ast-global-color-4)","background-image":"","background-repeat":"repeat","background-position":"center center","background-size":"auto","background-attachment":"scroll","background-type":"","background-media":"","overlay-type":"","overlay-color":"","overlay-opacity":"","overlay-gradient":""}}},"product_brand":[],"product_cat":[361],"product_tag":[],"class_list":{"0":"post-18490","1":"product","2":"type-product","3":"status-publish","4":"has-post-thumbnail","6":"product_cat-direct-hit","7":"desktop-align-center","8":"tablet-align-center","9":"mobile-align-center","10":"ast-product-gallery-layout-horizontal","11":"ast-product-tabs-layout-distributed","12":"ast-qv-on-image","14":"first","15":"instock","16":"taxable","17":"shipping-taxable","18":"purchasable","19":"product-type-simple"},"acf":[],"uagb_featured_image_src":{"full":["https:\/\/i0.wp.com\/visionstore.co.rs\/wp-content\/uploads\/2019\/12\/Brain-o-Flex-R.png?fit=1024%2C1024&ssl=1",1024,1024,false],"thumbnail":["https:\/\/i0.wp.com\/visionstore.co.rs\/wp-content\/uploads\/2019\/12\/Brain-o-Flex-R.png?resize=150%2C150&ssl=1",150,150,true],"medium":["https:\/\/i0.wp.com\/visionstore.co.rs\/wp-content\/uploads\/2019\/12\/Brain-o-Flex-R.png?fit=300%2C300&ssl=1",300,300,true],"medium_large":["https:\/\/i0.wp.com\/visionstore.co.rs\/wp-content\/uploads\/2019\/12\/Brain-o-Flex-R.png?fit=768%2C768&ssl=1",768,768,true],"large":["https:\/\/i0.wp.com\/visionstore.co.rs\/wp-content\/uploads\/2019\/12\/Brain-o-Flex-R.png?fit=1024%2C1024&ssl=1",1024,1024,true],"1536x1536":["https:\/\/i0.wp.com\/visionstore.co.rs\/wp-content\/uploads\/2019\/12\/Brain-o-Flex-R.png?fit=1024%2C1024&ssl=1",1024,1024,true],"2048x2048":["https:\/\/i0.wp.com\/visionstore.co.rs\/wp-content\/uploads\/2019\/12\/Brain-o-Flex-R.png?fit=1024%2C1024&ssl=1",1024,1024,true],"mailpoet_newsletter_max":["https:\/\/i0.wp.com\/visionstore.co.rs\/wp-content\/uploads\/2019\/12\/Brain-o-Flex-R.png?fit=1024%2C1024&ssl=1",1024,1024,true],"woocommerce_thumbnail":["https:\/\/i0.wp.com\/visionstore.co.rs\/wp-content\/uploads\/2019\/12\/Brain-o-Flex-R.png?fit=900%2C900&ssl=1",900,900,true],"woocommerce_single":["https:\/\/i0.wp.com\/visionstore.co.rs\/wp-content\/uploads\/2019\/12\/Brain-o-Flex-R.png?fit=1024%2C1024&ssl=1",1024,1024,true],"woocommerce_gallery_thumbnail":["https:\/\/i0.wp.com\/visionstore.co.rs\/wp-content\/uploads\/2019\/12\/Brain-o-Flex-R.png?resize=100%2C100&ssl=1",100,100,true]},"uagb_author_info":{"display_name":"admin","author_link":"https:\/\/visionstore.co.rs\/cs\/author\/"},"uagb_comment_info":4,"uagb_excerpt":"\u2022 Stimuluje du\u0161evn\u00ed pr\u00e1ci. \u2022 Zlep\u0161uje pam\u011b\u0165, zvy\u0161uje koncentraci a intelektu\u00e1ln\u00ed schopnosti. \u2022 P\u016fsob\u00ed pozitivn\u011b na pr\u00e1ci centr\u00e1ln\u00edho nervov\u00e9ho syst\u00e9mu. \u2022 Ovliv\u0148uje regeneraci mozkov\u00fdch bun\u011bk. \u2022 Aktivuje pr\u016ftok krve, zpomaluje proces st\u00e1rnut\u00ed mozku, zabra\u0148uje ztr\u00e1t\u011b pam\u011bti souvisej\u00edc\u00ed s v\u011bkem a udr\u017euje jasnost my\u0161lenek. \u2022 Normalizuje tlak, odstra\u0148uje bolesti hlavy a z\u00e1vrat\u011b, hluk a zvon\u011bn\u00ed v&hellip;","jetpack_sharing_enabled":true,"_links":{"self":[{"href":"https:\/\/visionstore.co.rs\/cs\/wp-json\/wp\/v2\/product\/18490","targetHints":{"allow":["GET"]}}],"collection":[{"href":"https:\/\/visionstore.co.rs\/cs\/wp-json\/wp\/v2\/product"}],"about":[{"href":"https:\/\/visionstore.co.rs\/cs\/wp-json\/wp\/v2\/types\/product"}],"replies":[{"embeddable":true,"href":"https:\/\/visionstore.co.rs\/cs\/wp-json\/wp\/v2\/comments?post=18490"}],"wp:featuredmedia":[{"embeddable":true,"href":"https:\/\/visionstore.co.rs\/cs\/wp-json\/wp\/v2\/media\/28958"}],"wp:attachment":[{"href":"https:\/\/visionstore.co.rs\/cs\/wp-json\/wp\/v2\/media?parent=18490"}],"wp:term":[{"taxonomy":"product_brand","embeddable":true,"href":"https:\/\/visionstore.co.rs\/cs\/wp-json\/wp\/v2\/product_brand?post=18490"},{"taxonomy":"product_cat","embeddable":true,"href":"https:\/\/visionstore.co.rs\/cs\/wp-json\/wp\/v2\/product_cat?post=18490"},{"taxonomy":"product_tag","embeddable":true,"href":"https:\/\/visionstore.co.rs\/cs\/wp-json\/wp\/v2\/product_tag?post=18490"}],"curies":[{"name":"wp","href":"https:\/\/api.w.org\/{rel}","templated":true}]}}