{"id":18670,"date":"2022-01-13T16:42:34","date_gmt":"2022-01-13T15:42:34","guid":{"rendered":"https:\/\/visionstore.co.rs\/product\/beesk-classic\/"},"modified":"2023-09-14T11:22:12","modified_gmt":"2023-09-14T09:22:12","slug":"beesk","status":"publish","type":"product","link":"https:\/\/visionstore.co.rs\/cs\/product\/beesk\/","title":{"rendered":"Beesk Classic"},"content":{"rendered":"<p><strong>Beesk Classic p\u0159isp\u00edv\u00e1 k pos\u00edlen\u00ed imunity a zvy\u0161uje odolnost organismu proti infekc\u00edm.<\/strong> Je \u0161ampionem v boji proti infekc\u00edm. \u00da\u010dinn\u011b chr\u00e1n\u00ed t\u011blo v chladn\u00e9m po\u010das\u00ed, \u00fasp\u011b\u0161n\u011b bojuje proti prvn\u00edm p\u0159\u00edznak\u016fm nachlazen\u00ed, <strong>normalizuje \u010dinnost d\u00fdchac\u00edch cest<\/strong>. <strong>Usnad\u0148uje celkov\u00fd stav p\u0159i nemoci, napom\u00e1h\u00e1 rychlej\u0161\u00edmu hojen\u00ed a p\u0159edch\u00e1z\u00ed komplikac\u00edm.<\/strong><br \/>\nTento bioaktivn\u00ed dopln\u011bk stravy je tak\u00e9 dopl\u0148kov\u00fdm zdrojem <strong>j\u00f3du a \u017eeleza<\/strong>, kter\u00e9 zvy\u0161uj\u00ed fyzickou aktivitu a pom\u00e1haj\u00ed p\u0159ekonat \u00fanavu. <strong>Propolis a mate\u0159\u00ed ka\u0161i\u010dka<\/strong> ni\u010d\u00ed patogenn\u00ed mikroorganismy, posiluj\u00ed imunitu a stimuluj\u00ed pr\u016ftok krve, napom\u00e1haj\u00ed rychl\u00e9mu zotaven\u00ed po nemoci.<\/p>\n<ul>\n<li>Zvy\u0161uje odolnost organismu proti virov\u00fdm infekc\u00edm<\/li>\n<li>Stimuluje pr\u00e1ci imunitn\u00edho syst\u00e9mu<\/li>\n<li><strong>Normalizuje pr\u00e1ci d\u00fdchac\u00edch org\u00e1n\u016f<\/strong><\/li>\n<li>Zvy\u0161uje pracovn\u00ed kapacitu a podporuje tonus t\u011bla<\/li>\n<\/ul>\n<p>Slo\u017eky produktu <strong>Beesk Classic<\/strong> vy\u017eivuj\u00ed bu\u0148ky t\u011bla <strong>flavonoidy<\/strong>, d\u00edky nim\u017e je zabr\u00e1n\u011bno rozvoji mikrob\u016f, zastavuj\u00ed se z\u00e1n\u011btliv\u00e9 procesy a z bun\u011bk se vylu\u010duj\u00ed ne\u010distoty, kter\u00e9 jsou p\u0159\u00ed\u010dinou z\u00e1n\u011btu. <strong>Beesk Classic<\/strong> zm\u00edr\u0148uje celkov\u00fd stav organismu p\u0159i nemoci, je \u00fa\u010dinn\u00fd p\u0159i prvn\u00edch p\u0159\u00edznac\u00edch nachlazen\u00ed.<\/p>\n<p>V\u0161ichni lid\u00e9 jsou z\u00e1visl\u00ed na m\u011bn\u00edc\u00edch se obdob\u00edch po\u010das\u00ed, kol\u00eds\u00e1n\u00ed teplot, stresov\u00fdch situac\u00edch atd. P\u0159\u00edrodn\u00ed biokomplex <strong>Beesk Classic<\/strong> pom\u016f\u017ee k plnohodnotn\u00e9mu a zdrav\u00e9mu \u017eivotu. Jednou z jeho hlavn\u00edch slo\u017eek je <strong>schizandra<\/strong> \u2014 opravdov\u00e1 pokladnice vitam\u00edn\u016f a mikroprvk\u016f, kter\u00e9 pom\u00e1haj\u00ed t\u011blu adaptovat se na podm\u00ednky okoln\u00edho prost\u0159ed\u00ed.<\/p>\n<p>Spektrum \u00fa\u010dinku <strong>schizandry<\/strong> je neobvykle \u0161irok\u00e9. P\u0159edev\u0161\u00edm d\u00edky <strong>schizand\u0159e<\/strong> a jej\u00edmu zes\u00edlen\u00e9mu p\u016fsoben\u00ed v mozkov\u00e9 k\u016f\u0159e p\u0159isp\u00edv\u00e1 zv\u00fd\u0161en\u00e1 reflexn\u00ed aktivita centr\u00e1ln\u00edho nervov\u00e9ho syst\u00e9mu ke zv\u00fd\u0161en\u00ed du\u0161evn\u00ed a fyzick\u00e9 pracovn\u00ed kapacity. Osv\u011b\u017euj\u00edc\u00ed a povzbuzuj\u00edc\u00ed \u00fa\u010dinek <strong>schizandry<\/strong> je zvl\u00e1\u0161t\u011b v\u00fdrazn\u00fd p\u0159i t\u011b\u017ek\u00e9 du\u0161evn\u00ed pr\u00e1ci, kdy je nutn\u00e1 koncentrace a pozornost. Z\u00e1rove\u0148 je velmi d\u016fle\u017eit\u00e9, aby jeho toniza\u010dn\u00ed \u00fa\u010dinek neopot\u0159ebov\u00e1val nervov\u00e9 bu\u0148ky.<\/p>\n<p><strong>Schizandra<\/strong> nav\u00edc zvy\u0161uje imunitu a m\u00e1 stimula\u010dn\u00ed \u00fa\u010dinek na d\u00fdchac\u00ed funkce. <strong>Extrakt z propolisu<\/strong>, kter\u00fd je tak\u00e9 sou\u010d\u00e1st\u00ed bylinn\u00e9ho komplexu <strong>Beesk Classic<\/strong>, je \u00fa\u010dinn\u00fd zejm\u00e9na v p\u0159\u00edpad\u011b infek\u010dn\u00edch proces\u016f v d\u00fdchac\u00edch cest\u00e1ch.<\/p>\n<p>Jde o to, \u017ee \u201edve\u0159mi\u201c pro pr\u016fchod vir\u016f, mikrob\u016f a bakteri\u00ed do t\u011bla, \u00fatok\u016f na n\u00e1\u0161 imunitn\u00ed syst\u00e9m, je pr\u00e1v\u011b na\u0161e hrdlo. <strong>Extrakt z propolisu<\/strong> je siln\u00e9 antiseptick\u00e9 \u010dinidlo, kter\u00e9 zvy\u0161uje ochrann\u00e9 s\u00edly sliznice dutiny \u00fastn\u00ed a krku, je schopen zv\u00fd\u0161it ochranu na\u0161ich \u201edv\u00ed\u0159ek\u201c p\u0159ed \u0161kodliv\u00fdmi \u010diniteli p\u0159i prvn\u00edch p\u0159\u00edznac\u00edch nachlazen\u00ed a ch\u0159ipky.<\/p>\n<p><strong>Extrakt z propolisu<\/strong> pozitivn\u011b ovliv\u0148uje lok\u00e1ln\u00ed imunitu, aktivuje specifick\u00e9 i nespecifick\u00e9 ochrann\u00e9 mechanismy. Co nejrychleji a nejefektivn\u011bji realizuje proces obnovy a p\u0159edch\u00e1z\u00ed mo\u017en\u00fdm komplikac\u00edm.<\/p>\n<p>Dal\u0161\u00edm \u00fa\u010dinn\u00fdm stimul\u00e1torem imunitn\u00edho syst\u00e9mu v komplexu <strong>Beesk Classic<\/strong> je <strong>mate\u0159\u00ed ka\u0161i\u010dka<\/strong>. Krom\u011b toho, \u017ee zvy\u0161uj\u00ed odolnost organismu v\u016f\u010di infekc\u00edm, obsahuj\u00ed jeho b\u00edlkoviny v\u0161echny esenci\u00e1ln\u00ed aminokyseliny, kter\u00e9 t\u011blo vyu\u017e\u00edv\u00e1 k tvorb\u011b nov\u00fdch bun\u011bk. <strong>Mate\u0159\u00ed ka\u0161i\u010dka<\/strong> m\u00e1 energeticky stimuluj\u00edc\u00ed a vitalizuj\u00edc\u00ed \u00fa\u010dinek na organismus, p\u0159isp\u00edv\u00e1 k pos\u00edlen\u00ed vytrvalosti, zv\u00fd\u0161en\u00ed pracovn\u00ed kapacity a normalizaci \u010dinnosti org\u00e1n\u016f a org\u00e1nov\u00fdch syst\u00e9m\u016f.<\/p>\n<p><strong>\u017delezo a j\u00f3d<\/strong>, kter\u00e9 jsou rovn\u011b\u017e slo\u017ekami komplexu <strong>Beesk Classic<\/strong>, zv\u00fd\u0161\u00ed fyzickou aktivitu a imunitu, zlep\u0161\u00ed tk\u00e1\u0148ov\u00e9 d\u00fdch\u00e1n\u00ed, zv\u00fd\u0161\u00ed emocion\u00e1ln\u00ed tonus \u010dlov\u011bka a zachr\u00e1n\u00ed ho p\u0159ed nadm\u011brnou \u00fanavou. V kombinaci s p\u0159\u00edrodn\u00edmi slo\u017ekami komplexu <strong>Beesk Classic<\/strong> tyto miner\u00e1ly pom\u00e1haj\u00ed bojovat proti vir\u016fm p\u0159i vstupu do t\u011bla, sni\u017euj\u00ed riziko mo\u017en\u00fdch komplikac\u00ed, kter\u00fdm se v p\u0159\u00edpad\u011b nachlazen\u00ed nedalo vyhnout.<\/p>\n<p><strong>Rhodiola<\/strong> je klasifikov\u00e1na jako siln\u00fd adaptogen d\u00edky sv\u00e9 schopnosti zvy\u0161ovat odolnost organismu v\u016f\u010di fyzik\u00e1ln\u00edm, chemick\u00fdm a biologick\u00fdm stresor\u016fm, p\u0159i\u010dem\u017e tak\u00e9 hraje roli p\u0159i \u201enormalizaci pr\u00e1ce t\u011bla\u201c. Studie ukazuj\u00ed, \u017ee <strong>rhodiola<\/strong> m\u016f\u017ee pomoci t\u011blu zvl\u00e1dat stresov\u00e9 situace vyv\u00e1\u017een\u011bj\u0161\u00edm zp\u016fsobem a v\u00fdzkum proveden\u00fd na jedinc\u00edch trp\u00edc\u00edch \u00fanavou zp\u016fsobenou stresem zjistil, \u017ee suplementace <strong>rhodiolou<\/strong> sni\u017euje kortizol (stresov\u00fd hormon), sni\u017euje \u00fanavu souvisej\u00edc\u00ed se stresem a zlep\u0161uje koncentraci.<\/p>\n<p><strong>Glycyrrhizin<\/strong>, l\u00e1tka obsa\u017een\u00e1 v <strong>l\u00e9ko\u0159ici<\/strong>, se ve st\u0159evech metabolizuje na <strong>kyselinu glycyrrhizovou<\/strong>. V\u00fdzkum ukazuje, \u017ee <strong>kyselina glycyrrhizov\u00e1<\/strong> neutralizuje \u00fa\u010dinky nedostatku hormon\u016f nadledvin.<\/p>\n<p>D\u00edky \u00fa\u010dinn\u00e9 a vyv\u00e1\u017een\u00e9 receptu\u0159e komplexu <strong>Beesk Classic<\/strong> si m\u016f\u017eete b\u00fdt jisti, \u017ee jsou vchodov\u00e9 dve\u0159e k infekc\u00edm bezpe\u010dn\u011b uzav\u0159eny, co\u017e m\u00e1 velk\u00fd v\u00fdznam pro oslabenou imunitu. <strong>Beesk Classic<\/strong> v\u00e1m pom\u016f\u017ee nejen rychle bojovat s nemoc\u00ed, ale tak\u00e9 se vyhnout p\u0159\u00edpadn\u00fdm komplikac\u00edm.<\/p>\n<p><strong>Slo\u017een\u00ed<\/strong>: plod schizandry, extrakt z propolisu, mate\u0159\u00ed ka\u0161i\u010dka, \u017eelezo, j\u00f3d, ko\u0159en rhodioly, ko\u0159en l\u00e9ko\u0159ice.<\/p>\n<p><strong>Mno\u017estv\u00ed: 60 kapsl\u00ed<\/strong><\/p>\n<p><strong>\u010cist\u00e1 hmotnost: 34,2g<\/strong><\/p>\n<table>\n<tbody>\n<tr>\n<td width=\"172\"><strong>\u00da\u010cINN\u00c9 L\u00c1TKY:<\/strong><\/td>\n<td width=\"64\"><strong>2 kapsle<br \/>\n<\/strong><strong>(1,14 g)<\/strong><\/td>\n<td width=\"64\"><strong>%NRV*<\/strong><\/td>\n<\/tr>\n<tr>\n<td width=\"172\">\u017dehli\u010dka<\/td>\n<td width=\"64\">10 mg<\/td>\n<td width=\"64\">71,4%<\/td>\n<\/tr>\n<tr>\n<td width=\"172\">J\u00f3d<\/td>\n<td width=\"64\">50 \u00b5g<\/td>\n<td width=\"64\">33,3%<\/td>\n<\/tr>\n<tr>\n<td width=\"172\">Such\u00fd extrakt z plod\u016f schisandry (<em>Schisandra chinensis<\/em>), standardizovan\u00fd na 5 % schisandrinu<\/p>\n<ul>\n<li>toho schisandrinu<\/li>\n<\/ul>\n<\/td>\n<td width=\"64\">400 mg<\/p>\n<ul>\n<li>20 mg<\/li>\n<\/ul>\n<\/td>\n<td width=\"64\">**<\/td>\n<\/tr>\n<tr>\n<td width=\"172\">such\u00fd propolisov\u00fd extrakt, standardizovan\u00fd na 12 % celkov\u00fdch polyfenol\u016f, vyj\u00e1d\u0159eno jako galangin<\/p>\n<ul>\n<li>toho galanginu<\/li>\n<\/ul>\n<\/td>\n<td width=\"64\">100 mg<\/p>\n<p>&nbsp;<\/p>\n<ul>\n<li><span style=\"font-size: 16px; font-family: inherit;\">12 mg<\/span><\/li>\n<\/ul>\n<\/td>\n<td width=\"64\">**<\/td>\n<\/tr>\n<tr>\n<td width=\"172\">mate\u0159\u00ed ka\u0161i\u010dka<\/td>\n<td width=\"64\">20 mg<\/td>\n<td width=\"64\">**<\/td>\n<\/tr>\n<tr>\n<td width=\"172\">such\u00fd extrakt z ko\u0159ene rhodioly (<em>Rhodiola rosea<\/em>), standardizovan\u00fd na 3% rosavin<\/p>\n<ul>\n<li>t\u00e9 rosy<\/li>\n<\/ul>\n<\/td>\n<td width=\"64\">80 mg<\/p>\n<ul>\n<li>2,4 mg<\/li>\n<\/ul>\n<\/td>\n<td width=\"64\">**<\/td>\n<\/tr>\n<tr>\n<td width=\"172\">such\u00fd extrakt z ko\u0159ene l\u00e9ko\u0159ice (<em>Glycyrrhiza glabra<\/em>), standardizovan\u00fd na 7% kyselinu glycyrrhizovou<\/p>\n<ul>\n<li>z toho kyselina glycyrrhizov\u00e1<\/li>\n<\/ul>\n<\/td>\n<td width=\"64\">285,7 mg<\/p>\n<ul>\n<li>20 mg<\/li>\n<\/ul>\n<\/td>\n<td width=\"64\">**<\/td>\n<\/tr>\n<\/tbody>\n<\/table>\n<p>*NRV &#8211; nutri\u010dn\u00ed referen\u010dn\u00ed hodnota<br \/>\n** &#8211; nutri\u010dn\u00ed referen\u010dn\u00ed hodnota nebyla stanovena<\/p>\n","protected":false},"excerpt":{"rendered":"<p>\u2022 Stimuluje imunitn\u00ed syst\u00e9m, zvy\u0161uje odolnost organismu proti infekc\u00edm.<br \/>\n\u2022 Je \u00fa\u010dinn\u00fd p\u0159i prvn\u00edch p\u0159\u00edznac\u00edch nachlazen\u00ed a ch\u0159ipky.<br \/>\n\u2022 Usnad\u0148uje stav p\u0159i nemoci, pom\u00e1h\u00e1 t\u011blu sn\u00e1ze se s nemoc\u00ed vyrovnat a vyhnout se komplikac\u00edm.<br \/>\n\u2022 Zvy\u0161uje pracovn\u00ed kapacitu a podporuje tonus, p\u0159edch\u00e1z\u00ed \u00fanav\u011b a bojuje proti stresu.<br \/>\n\u2022 Podporuje funkce d\u00fdchac\u00edho syst\u00e9mu.<br \/>\n\u2022 P\u0159isp\u00edv\u00e1 k rychl\u00e9 regeneraci organismu po psychick\u00e9 a fyzick\u00e9 z\u00e1t\u011b\u017ei nebo po p\u0159edchoz\u00edch onemocn\u011bn\u00edch.<br \/>\n\u2022 \u0158\u00edd\u00ed v\u00fdm\u011bnu energie.<br \/>\n\u2022 Neutralizuje n\u00e1sledky nedostatku hormon\u016f nadledvinek.<\/p>\n","protected":false},"featured_media":29002,"comment_status":"open","ping_status":"closed","template":"","meta":{"_acf_changed":false,"_uag_custom_page_level_css":"","site-sidebar-layout":"default","site-content-layout":"default","ast-site-content-layout":"default","site-content-style":"default","site-sidebar-style":"default","ast-global-header-display":"","ast-banner-title-visibility":"","ast-main-header-display":"","ast-hfb-above-header-display":"","ast-hfb-below-header-display":"","ast-hfb-mobile-header-display":"","site-post-title":"","ast-breadcrumbs-content":"","ast-featured-img":"","footer-sml-layout":"","ast-disable-related-posts":"","theme-transparent-header-meta":"default","adv-header-id-meta":"","stick-header-meta":"default","header-above-stick-meta":"","header-main-stick-meta":"","header-below-stick-meta":"","astra-migrate-meta-layouts":"default","ast-page-background-enabled":"default","ast-page-background-meta":{"desktop":{"background-color":"","background-image":"","background-repeat":"repeat","background-position":"center center","background-size":"auto","background-attachment":"scroll","background-type":"","background-media":"","overlay-type":"","overlay-color":"","overlay-opacity":"","overlay-gradient":""},"tablet":{"background-color":"","background-image":"","background-repeat":"repeat","background-position":"center center","background-size":"auto","background-attachment":"scroll","background-type":"","background-media":"","overlay-type":"","overlay-color":"","overlay-opacity":"","overlay-gradient":""},"mobile":{"background-color":"","background-image":"","background-repeat":"repeat","background-position":"center center","background-size":"auto","background-attachment":"scroll","background-type":"","background-media":"","overlay-type":"","overlay-color":"","overlay-opacity":"","overlay-gradient":""}},"ast-content-background-meta":{"desktop":{"background-color":"var(--ast-global-color-4)","background-image":"","background-repeat":"repeat","background-position":"center center","background-size":"auto","background-attachment":"scroll","background-type":"","background-media":"","overlay-type":"","overlay-color":"","overlay-opacity":"","overlay-gradient":""},"tablet":{"background-color":"var(--ast-global-color-4)","background-image":"","background-repeat":"repeat","background-position":"center center","background-size":"auto","background-attachment":"scroll","background-type":"","background-media":"","overlay-type":"","overlay-color":"","overlay-opacity":"","overlay-gradient":""},"mobile":{"background-color":"var(--ast-global-color-4)","background-image":"","background-repeat":"repeat","background-position":"center center","background-size":"auto","background-attachment":"scroll","background-type":"","background-media":"","overlay-type":"","overlay-color":"","overlay-opacity":"","overlay-gradient":""}},"jetpack_post_was_ever_published":false},"product_brand":[],"product_cat":[24],"product_tag":[],"class_list":{"0":"post-18670","1":"product","2":"type-product","3":"status-publish","4":"has-post-thumbnail","6":"product_cat-direct-hit","7":"desktop-align-center","8":"tablet-align-center","9":"mobile-align-center","10":"ast-product-gallery-layout-horizontal","11":"ast-product-tabs-layout-distributed","12":"ast-qv-on-image","14":"first","15":"instock","16":"taxable","17":"shipping-taxable","18":"purchasable","19":"product-type-simple"},"acf":[],"uagb_featured_image_src":{"full":["https:\/\/i0.wp.com\/visionstore.co.rs\/wp-content\/uploads\/2022\/01\/Beesk_Classic.png?fit=1024%2C1024&ssl=1",1024,1024,false],"thumbnail":["https:\/\/i0.wp.com\/visionstore.co.rs\/wp-content\/uploads\/2022\/01\/Beesk_Classic.png?resize=150%2C150&ssl=1",150,150,true],"medium":["https:\/\/i0.wp.com\/visionstore.co.rs\/wp-content\/uploads\/2022\/01\/Beesk_Classic.png?fit=300%2C300&ssl=1",300,300,true],"medium_large":["https:\/\/i0.wp.com\/visionstore.co.rs\/wp-content\/uploads\/2022\/01\/Beesk_Classic.png?fit=768%2C768&ssl=1",768,768,true],"large":["https:\/\/i0.wp.com\/visionstore.co.rs\/wp-content\/uploads\/2022\/01\/Beesk_Classic.png?fit=1024%2C1024&ssl=1",1024,1024,true],"1536x1536":["https:\/\/i0.wp.com\/visionstore.co.rs\/wp-content\/uploads\/2022\/01\/Beesk_Classic.png?fit=1024%2C1024&ssl=1",1024,1024,true],"2048x2048":["https:\/\/i0.wp.com\/visionstore.co.rs\/wp-content\/uploads\/2022\/01\/Beesk_Classic.png?fit=1024%2C1024&ssl=1",1024,1024,true],"mailpoet_newsletter_max":["https:\/\/i0.wp.com\/visionstore.co.rs\/wp-content\/uploads\/2022\/01\/Beesk_Classic.png?fit=1024%2C1024&ssl=1",1024,1024,true],"woocommerce_thumbnail":["https:\/\/i0.wp.com\/visionstore.co.rs\/wp-content\/uploads\/2022\/01\/Beesk_Classic.png?fit=900%2C900&ssl=1",900,900,true],"woocommerce_single":["https:\/\/i0.wp.com\/visionstore.co.rs\/wp-content\/uploads\/2022\/01\/Beesk_Classic.png?fit=1024%2C1024&ssl=1",1024,1024,true],"woocommerce_gallery_thumbnail":["https:\/\/i0.wp.com\/visionstore.co.rs\/wp-content\/uploads\/2022\/01\/Beesk_Classic.png?resize=100%2C100&ssl=1",100,100,true]},"uagb_author_info":{"display_name":"admin","author_link":"https:\/\/visionstore.co.rs\/cs\/author\/"},"uagb_comment_info":4,"uagb_excerpt":"\u2022 Stimuluje imunitn\u00ed syst\u00e9m, zvy\u0161uje odolnost organismu proti infekc\u00edm. \u2022 Je \u00fa\u010dinn\u00fd p\u0159i prvn\u00edch p\u0159\u00edznac\u00edch nachlazen\u00ed a ch\u0159ipky. \u2022 Usnad\u0148uje stav p\u0159i nemoci, pom\u00e1h\u00e1 t\u011blu sn\u00e1ze se s nemoc\u00ed vyrovnat a vyhnout se komplikac\u00edm. \u2022 Zvy\u0161uje pracovn\u00ed kapacitu a podporuje tonus, p\u0159edch\u00e1z\u00ed \u00fanav\u011b a bojuje proti stresu. \u2022 Podporuje funkce d\u00fdchac\u00edho syst\u00e9mu. \u2022 P\u0159isp\u00edv\u00e1 k&hellip;","jetpack_sharing_enabled":true,"_links":{"self":[{"href":"https:\/\/visionstore.co.rs\/cs\/wp-json\/wp\/v2\/product\/18670","targetHints":{"allow":["GET"]}}],"collection":[{"href":"https:\/\/visionstore.co.rs\/cs\/wp-json\/wp\/v2\/product"}],"about":[{"href":"https:\/\/visionstore.co.rs\/cs\/wp-json\/wp\/v2\/types\/product"}],"replies":[{"embeddable":true,"href":"https:\/\/visionstore.co.rs\/cs\/wp-json\/wp\/v2\/comments?post=18670"}],"wp:featuredmedia":[{"embeddable":true,"href":"https:\/\/visionstore.co.rs\/cs\/wp-json\/wp\/v2\/media\/29002"}],"wp:attachment":[{"href":"https:\/\/visionstore.co.rs\/cs\/wp-json\/wp\/v2\/media?parent=18670"}],"wp:term":[{"taxonomy":"product_brand","embeddable":true,"href":"https:\/\/visionstore.co.rs\/cs\/wp-json\/wp\/v2\/product_brand?post=18670"},{"taxonomy":"product_cat","embeddable":true,"href":"https:\/\/visionstore.co.rs\/cs\/wp-json\/wp\/v2\/product_cat?post=18670"},{"taxonomy":"product_tag","embeddable":true,"href":"https:\/\/visionstore.co.rs\/cs\/wp-json\/wp\/v2\/product_tag?post=18670"}],"curies":[{"name":"wp","href":"https:\/\/api.w.org\/{rel}","templated":true}]}}