{"id":18683,"date":"2019-12-27T18:45:05","date_gmt":"2019-12-27T17:45:05","guid":{"rendered":"https:\/\/visionstore.co.rs\/product\/cupers-classic\/"},"modified":"2025-03-30T18:17:39","modified_gmt":"2025-03-30T16:17:39","slug":"cupers","status":"publish","type":"product","link":"https:\/\/visionstore.co.rs\/cs\/product\/cupers\/","title":{"rendered":"Cupers Classic"},"content":{"rendered":"<p><strong>Cupers Classic<\/strong> je \u017eivotn\u011b d\u016fle\u017eit\u00fd pro ochranu, \u010di\u0161t\u011bn\u00ed a regeneraci jatern\u00edch bun\u011bk. Zlep\u0161uje funkci jater, sni\u017euje z\u00e1t\u011b\u017e tohoto org\u00e1nu, stimuluje sekreci a otok \u017elu\u010di, sni\u017euje jej\u00ed hustotu a zabra\u0148uje tvorb\u011b kamen\u016f. Tento v\u00fd\u017eivov\u00fd dopln\u011bk zachov\u00e1v\u00e1 zdrav\u00ed jater a obnovuje jejich pracovn\u00ed funkce. Napom\u00e1h\u00e1 a podporuje detoxika\u010dn\u00ed funkci jater, aktivn\u011b odv\u00e1d\u00ed toxiny.<\/p>\n<p><strong>Cupers Classic<\/strong> obsahuje oleje nezbytn\u00e9 pro spr\u00e1vn\u00e9 tr\u00e1ven\u00ed a je v\u00fdborn\u00fdm zdrojem hydroxykyselin a flavonolignan\u016f.<br \/>\n<strong>Silymarin<\/strong> je aktivn\u00ed slo\u017ekou <strong>platanu<\/strong>, poskytuje ochranu a regeneraci jatern\u00edch bun\u011bk, sni\u017euje riziko onemocn\u011bn\u00ed jater a stimuluje \u010dinnost \u017elu\u010dn\u00edku. <strong>Fenykl<\/strong> aktivuje sekreci gastroenter\u00e1ln\u00edch \u017el\u00e1z a pom\u00e1h\u00e1 normalizovat peristaltiku st\u0159ev. Zlep\u0161uje tr\u00e1ven\u00ed, a t\u00edm sni\u017euje tlak na j\u00e1tra.<\/p>\n<ul>\n<li>Obnovuje norm\u00e1ln\u00ed funkci jater<\/li>\n<li>Urychluje proces regenerace jatern\u00edch bun\u011bk<\/li>\n<li>Podporuje detoxika\u010dn\u00ed a antioxida\u010dn\u00ed proces jater<\/li>\n<li>Stimuluje sekreci a uvol\u0148ov\u00e1n\u00ed \u017elu\u010di<\/li>\n<li>Sni\u017euje hustotu \u017elu\u010di a zabra\u0148uje tvorb\u011b kamen\u016f<\/li>\n<li>Normalizuje \u010dinnost gastrointestin\u00e1ln\u00edho traktu<\/li>\n<\/ul>\n<p>M\u00e1 se za to, \u017ee pokud m\u00e1 \u010dlov\u011bk zdrav\u00e1 j\u00e1tra, je zdrav\u00fd i cel\u00fd organismus. Dopln\u011bk stravy <strong>Cupers Classic<\/strong> umo\u017e\u0148uje udr\u017eovat j\u00e1tra ve zdrav\u00e9m stavu a p\u0159isp\u00edv\u00e1 k normalizaci pr\u00e1ce tr\u00e1vic\u00edho traktu.<br \/>\n<strong>Silymarin<\/strong>, \u00fa\u010dinn\u00e1 l\u00e1tka obsa\u017een\u00e1 ve slo\u017een\u00ed rostliny had\u00ed tr\u00e1vy, p\u0159isp\u00edv\u00e1 k ochran\u011b a obnov\u011b jatern\u00edch bun\u011bk, znehodnocuje toxiny. <strong>Arty\u010dok<\/strong> je skute\u010dn\u00fd \u201el\u00e9ka\u0159 jater\u201c, kter\u00fd je zn\u00e1m ji\u017e od 16. stolet\u00ed. <strong>Fenykl<\/strong> je prastar\u00fd dietn\u00ed produkt, kter\u00fd zlep\u0161uje tr\u00e1ven\u00ed a pou\u017e\u00edv\u00e1 se jako \u00fa\u010dinn\u00fd prost\u0159edek k pe\u010dliv\u00e9 o\u010dist\u011b jater. <strong>Pampeli\u0161ka<\/strong> velmi p\u0159\u00edzniv\u011b p\u016fsob\u00ed p\u0159i \u017ealude\u010dn\u00edch pot\u00ed\u017e\u00edch, je v\u00fdborn\u00e1 na \u017elu\u010d a j\u00e1tra. Proto\u017ee je to dobr\u00e9 diuretikum, pom\u00e1h\u00e1 \u017elu\u010dn\u00edku l\u00e9pe pracovat, l\u00e9pe se stahovat a vylu\u010dovat v\u00edce \u017elu\u010di do st\u0159eva, \u010d\u00edm\u017e zlep\u0161uje jejich pr\u00e1ci. Vhodn\u00e9 pro osoby s p\u00edskem a kameny v mo\u010dov\u00fdch cest\u00e1ch.<\/p>\n<p>V podm\u00ednk\u00e1ch modern\u00edho \u017eivota je z\u00e1t\u011b\u017e jater obrovsk\u00e1. Stres, \u0161patn\u00e1 ekologie, nevyv\u00e1\u017een\u00e1 strava, p\u0159\u00edjem syntetick\u00fdch drog, kou\u0159en\u00ed a konzumace alkoholu vedou k poruch\u00e1m jatern\u00edch funkc\u00ed. I kdy\u017e \u010dlov\u011bk db\u00e1 na stravu a vede bezvadnou \u017eivotospr\u00e1vu, nen\u00ed schopen zcela vylou\u010dit toxickou a stresovou z\u00e1t\u011b\u017e organismu, kter\u00e1 zp\u016fsobuje neust\u00e1lou z\u00e1t\u011b\u017e na\u0161ich jater.<\/p>\n<p>Pro sn\u00ed\u017een\u00ed rizika onemocn\u011bn\u00ed jater je nutn\u00e9 db\u00e1t na pravidla racion\u00e1ln\u00ed stravy obohacen\u00e9 o l\u00e1tky nezbytn\u00e9 k ochran\u011b jater \u2013 je nutn\u00e9 u\u017e\u00edvat p\u0159\u00edrodn\u00ed prost\u0159edky na fyto b\u00e1zi.<\/p>\n<p>Jednou z nejd\u016fle\u017eit\u011bj\u0161\u00edch a nej\u00fa\u010dinn\u011bj\u0161\u00edch slo\u017eek p\u0159\u00edpravku je <strong>sikavica<\/strong>, kter\u00e1 se uk\u00e1zala jako nejlep\u0161\u00ed hepatoprotektor. Jeho p\u016fsoben\u00ed je jedine\u010dn\u00e9 d\u00edky flavonoidu <strong>silymarinu<\/strong> v jeho slo\u017een\u00ed. <strong>Silymarin<\/strong> je jednou z dnes nejzn\u00e1m\u011bj\u0161\u00edch slou\u010denin, kter\u00e1 chr\u00e1n\u00ed jatern\u00ed bu\u0148ky, regeneruje jatern\u00ed funkce a podporuje je v jejich \u010dinnosti. Stimuluje tvorbu a vypuzov\u00e1n\u00ed \u017elu\u010di, <strong>sikavica<\/strong> sni\u017euje funk\u010dn\u00ed z\u00e1t\u011b\u017e jater, normalizuje procesy tr\u00e1ven\u00ed potravy a metabolismus. Nesm\u00edme zapomenout ani na dal\u0161\u00ed slo\u017eku p\u0159\u00edpravku, <strong>fenykl<\/strong>, kter\u00fd p\u016fsob\u00ed na \u017elu\u010d, aby byla tekut\u011bj\u0161\u00ed, co\u017e vede j\u00e1tra k siln\u011bj\u0161\u00edm kontrakc\u00edm a vypuzov\u00e1n\u00ed \u017elu\u010di s ne\u010distotami. Tato rostlina v\u00fdrazn\u011b p\u016fsob\u00ed proti plynatosti, zlep\u0161uje motilitu a sekreci \u017ealudku a st\u0159ev, p\u0159isp\u00edv\u00e1 k jemn\u00e9mu \u010di\u0161t\u011bn\u00ed jater od strusky a toxin\u016f, p\u0159edch\u00e1z\u00ed bolestiv\u00fdm k\u0159e\u010d\u00edm a reguluje peristaltiku st\u0159ev.<\/p>\n<p>Pokud jde o podporu pr\u00e1ce jater, zvl\u00e1\u0161tn\u00ed pozornost by m\u011bla b\u00fdt v\u011bnov\u00e1na obnov\u011b jejich bun\u011bk. <strong>Arty\u010dok<\/strong> vykazuje antioxida\u010dn\u00ed a hepatoprotektivn\u00ed aktivitu, posiluje membr\u00e1ny jatern\u00edch bun\u011bk a zabra\u0148uje jejich po\u0161kozen\u00ed voln\u00fdmi radik\u00e1ly. Spolu se <strong>sikavicou<\/strong> tato rostlina posiluje antitoxickou funkci jater a stimuluje odstra\u0148ov\u00e1n\u00ed metabolick\u00fdch produkt\u016f z jejich tk\u00e1n\u00ed.<\/p>\n<p>Kombinace <strong>fenyklu<\/strong>, <strong>fenyklu a arty\u010doku<\/strong> je nej\u00fa\u010dinn\u011bj\u0161\u00ed p\u0159i p\u0159ej\u00edd\u00e1n\u00ed, ale i jatern\u00ed toxicit\u011b, ke kter\u00e9 doch\u00e1z\u00ed v d\u016fsledku otravy r\u016fzn\u00fdmi chemick\u00fdmi slou\u010deninami v\u010detn\u011b alkoholu a drog.<\/p>\n<p><strong>Pampeli\u0161ka<\/strong> pom\u00e1h\u00e1 p\u0159i r\u016fzn\u00fdch onemocn\u011bn\u00edch, zlep\u0161uje krevn\u00ed obraz, \u010dist\u00ed organismus, proti dn\u011b, ekz\u00e9m\u016fm, ulevuje p\u0159i revmatismu, l\u00e9\u010d\u00ed j\u00e1tra, napom\u00e1h\u00e1 vylu\u010dov\u00e1n\u00ed \u017elu\u010di. Pom\u00e1h\u00e1 p\u0159i slab\u00e9m \u017ealudku, je diuretikum \u2013 obsahuje hodn\u011b drasl\u00edku, kombinuje se p\u0159i plicn\u00edch onemocn\u011bn\u00edch.<\/p>\n<p><strong>Slo\u017een\u00ed<\/strong>: semena p\u00edskavice \u0159eck\u00e9 seno, fenykl, arty\u010dok a pampeli\u0161ka.<\/p>\n<p><strong>Mno\u017estv\u00ed: 60 kapsl\u00ed<\/strong><\/p>\n<p><strong>\u010cist\u00e1 hmotnost: 34,2 g<\/strong><\/p>\n<table>\n<tbody>\n<tr>\n<td width=\"232\"><strong>\u00da\u010cINN\u00c9 L\u00c1TKY:<\/strong><\/td>\n<td width=\"76\"><strong>2 kapsle<br \/>\n(1,14 g)<\/strong><\/td>\n<td width=\"59\"><strong>%NRV*<\/strong><\/td>\n<\/tr>\n<tr>\n<td width=\"232\"><em>Such\u00fd extrakt ze semen platanu (Silybum marianum)<\/em><\/p>\n<ul>\n<li>z toho 80 % tvo\u0159\u00ed silymarin<\/li>\n<\/ul>\n<\/td>\n<td width=\"76\">165 mg<\/p>\n<ul>\n<li>132 mg<\/li>\n<\/ul>\n<\/td>\n<td width=\"59\">**<\/td>\n<\/tr>\n<tr>\n<td width=\"232\">Such\u00fd extrakt ze semen fenyklu 4:1 (<em>Foeniculum vulgare<\/em>)<\/td>\n<td width=\"76\">200 mg<\/td>\n<td width=\"59\">**<\/td>\n<\/tr>\n<tr>\n<td width=\"232\"><em>Such\u00fd extrakt z list\u016f arty\u010doku 4:1 (Cynara scolymus)<\/em><\/td>\n<td width=\"76\">50 mg<\/td>\n<td width=\"59\">**<\/td>\n<\/tr>\n<tr>\n<td width=\"232\"><em>Such\u00fd extrakt z ko\u0159ene pampeli\u0161ky (Taraxacum mongolicum)<\/em><\/p>\n<ul>\n<li><em>z toho 30 % tvo\u0159\u00ed inulin<br \/>\n<\/em><\/li>\n<\/ul>\n<\/td>\n<td width=\"76\">200 mg<\/p>\n<ul>\n<li>60 mg<\/li>\n<\/ul>\n<\/td>\n<td width=\"59\">**<\/td>\n<\/tr>\n<\/tbody>\n<\/table>\n<p>*NRV &#8211; nutri\u010dn\u00ed referen\u010dn\u00ed hodnota<br \/>\n** &#8211; nutri\u010dn\u00ed referen\u010dn\u00ed hodnota nebyla stanovena<\/p>\n","protected":false},"excerpt":{"rendered":"<p>\u2022 Regeneruje jatern\u00ed funkce.<br \/>\n\u2022 P\u0159isp\u00edv\u00e1 k ochran\u011b, \u010di\u0161t\u011bn\u00ed a regeneraci jatern\u00edch bun\u011bk.<br \/>\n\u2022 P\u0159isp\u00edv\u00e1 k podstatn\u00e9mu zv\u00fd\u0161en\u00ed aktivity detoxika\u010dn\u00edho a antioxida\u010dn\u00edho syst\u00e9mu jater.<br \/>\n\u2022 Sni\u017euje riziko vzniku onemocn\u011bn\u00ed jater a \u017elu\u010dov\u00fdch cest.<br \/>\n\u2022 Stimuluje tvorbu a otok \u017elu\u010di, sni\u017euje jej\u00ed hustotu a zabra\u0148uje tvorb\u011b kamen\u016f.<br \/>\n\u2022 Normalizuje pr\u00e1ci tr\u00e1vic\u00edho syst\u00e9mu.<\/p>\n","protected":false},"featured_media":28988,"comment_status":"open","ping_status":"closed","template":"","meta":{"_acf_changed":false,"_uag_custom_page_level_css":"","site-sidebar-layout":"default","site-content-layout":"default","ast-site-content-layout":"default","site-content-style":"default","site-sidebar-style":"default","ast-global-header-display":"","ast-banner-title-visibility":"","ast-main-header-display":"","ast-hfb-above-header-display":"","ast-hfb-below-header-display":"","ast-hfb-mobile-header-display":"","site-post-title":"","ast-breadcrumbs-content":"","ast-featured-img":"","footer-sml-layout":"","ast-disable-related-posts":"","theme-transparent-header-meta":"default","adv-header-id-meta":"","stick-header-meta":"default","header-above-stick-meta":"","header-main-stick-meta":"","header-below-stick-meta":"","astra-migrate-meta-layouts":"default","ast-page-background-enabled":"default","ast-page-background-meta":{"desktop":{"background-color":"","background-image":"","background-repeat":"repeat","background-position":"center center","background-size":"auto","background-attachment":"scroll","background-type":"","background-media":"","overlay-type":"","overlay-color":"","overlay-opacity":"","overlay-gradient":""},"tablet":{"background-color":"","background-image":"","background-repeat":"repeat","background-position":"center center","background-size":"auto","background-attachment":"scroll","background-type":"","background-media":"","overlay-type":"","overlay-color":"","overlay-opacity":"","overlay-gradient":""},"mobile":{"background-color":"","background-image":"","background-repeat":"repeat","background-position":"center center","background-size":"auto","background-attachment":"scroll","background-type":"","background-media":"","overlay-type":"","overlay-color":"","overlay-opacity":"","overlay-gradient":""}},"ast-content-background-meta":{"desktop":{"background-color":"var(--ast-global-color-4)","background-image":"","background-repeat":"repeat","background-position":"center center","background-size":"auto","background-attachment":"scroll","background-type":"","background-media":"","overlay-type":"","overlay-color":"","overlay-opacity":"","overlay-gradient":""},"tablet":{"background-color":"var(--ast-global-color-4)","background-image":"","background-repeat":"repeat","background-position":"center center","background-size":"auto","background-attachment":"scroll","background-type":"","background-media":"","overlay-type":"","overlay-color":"","overlay-opacity":"","overlay-gradient":""},"mobile":{"background-color":"var(--ast-global-color-4)","background-image":"","background-repeat":"repeat","background-position":"center center","background-size":"auto","background-attachment":"scroll","background-type":"","background-media":"","overlay-type":"","overlay-color":"","overlay-opacity":"","overlay-gradient":""}},"jetpack_post_was_ever_published":false},"product_brand":[],"product_cat":[361],"product_tag":[],"class_list":{"0":"post-18683","1":"product","2":"type-product","3":"status-publish","4":"has-post-thumbnail","6":"product_cat-direct-hit","7":"desktop-align-center","8":"tablet-align-center","9":"mobile-align-center","10":"ast-product-gallery-layout-horizontal","11":"ast-product-tabs-layout-distributed","12":"ast-qv-on-image","14":"first","15":"instock","16":"taxable","17":"shipping-taxable","18":"purchasable","19":"product-type-simple"},"acf":[],"uagb_featured_image_src":{"full":["https:\/\/i0.wp.com\/visionstore.co.rs\/wp-content\/uploads\/2019\/12\/Cupers.png?fit=1024%2C1024&ssl=1",1024,1024,false],"thumbnail":["https:\/\/i0.wp.com\/visionstore.co.rs\/wp-content\/uploads\/2019\/12\/Cupers.png?resize=150%2C150&ssl=1",150,150,true],"medium":["https:\/\/i0.wp.com\/visionstore.co.rs\/wp-content\/uploads\/2019\/12\/Cupers.png?fit=300%2C300&ssl=1",300,300,true],"medium_large":["https:\/\/i0.wp.com\/visionstore.co.rs\/wp-content\/uploads\/2019\/12\/Cupers.png?fit=768%2C768&ssl=1",768,768,true],"large":["https:\/\/i0.wp.com\/visionstore.co.rs\/wp-content\/uploads\/2019\/12\/Cupers.png?fit=1024%2C1024&ssl=1",1024,1024,true],"1536x1536":["https:\/\/i0.wp.com\/visionstore.co.rs\/wp-content\/uploads\/2019\/12\/Cupers.png?fit=1024%2C1024&ssl=1",1024,1024,true],"2048x2048":["https:\/\/i0.wp.com\/visionstore.co.rs\/wp-content\/uploads\/2019\/12\/Cupers.png?fit=1024%2C1024&ssl=1",1024,1024,true],"mailpoet_newsletter_max":["https:\/\/i0.wp.com\/visionstore.co.rs\/wp-content\/uploads\/2019\/12\/Cupers.png?fit=1024%2C1024&ssl=1",1024,1024,true],"woocommerce_thumbnail":["https:\/\/i0.wp.com\/visionstore.co.rs\/wp-content\/uploads\/2019\/12\/Cupers.png?fit=900%2C900&ssl=1",900,900,true],"woocommerce_single":["https:\/\/i0.wp.com\/visionstore.co.rs\/wp-content\/uploads\/2019\/12\/Cupers.png?fit=1024%2C1024&ssl=1",1024,1024,true],"woocommerce_gallery_thumbnail":["https:\/\/i0.wp.com\/visionstore.co.rs\/wp-content\/uploads\/2019\/12\/Cupers.png?resize=100%2C100&ssl=1",100,100,true]},"uagb_author_info":{"display_name":"admin","author_link":"https:\/\/visionstore.co.rs\/cs\/author\/"},"uagb_comment_info":1,"uagb_excerpt":"\u2022 Regeneruje jatern\u00ed funkce. \u2022 P\u0159isp\u00edv\u00e1 k ochran\u011b, \u010di\u0161t\u011bn\u00ed a regeneraci jatern\u00edch bun\u011bk. \u2022 P\u0159isp\u00edv\u00e1 k podstatn\u00e9mu zv\u00fd\u0161en\u00ed aktivity detoxika\u010dn\u00edho a antioxida\u010dn\u00edho syst\u00e9mu jater. \u2022 Sni\u017euje riziko vzniku onemocn\u011bn\u00ed jater a \u017elu\u010dov\u00fdch cest. \u2022 Stimuluje tvorbu a otok \u017elu\u010di, sni\u017euje jej\u00ed hustotu a zabra\u0148uje tvorb\u011b kamen\u016f. \u2022 Normalizuje pr\u00e1ci tr\u00e1vic\u00edho syst\u00e9mu.","jetpack_sharing_enabled":true,"_links":{"self":[{"href":"https:\/\/visionstore.co.rs\/cs\/wp-json\/wp\/v2\/product\/18683","targetHints":{"allow":["GET"]}}],"collection":[{"href":"https:\/\/visionstore.co.rs\/cs\/wp-json\/wp\/v2\/product"}],"about":[{"href":"https:\/\/visionstore.co.rs\/cs\/wp-json\/wp\/v2\/types\/product"}],"replies":[{"embeddable":true,"href":"https:\/\/visionstore.co.rs\/cs\/wp-json\/wp\/v2\/comments?post=18683"}],"wp:featuredmedia":[{"embeddable":true,"href":"https:\/\/visionstore.co.rs\/cs\/wp-json\/wp\/v2\/media\/28988"}],"wp:attachment":[{"href":"https:\/\/visionstore.co.rs\/cs\/wp-json\/wp\/v2\/media?parent=18683"}],"wp:term":[{"taxonomy":"product_brand","embeddable":true,"href":"https:\/\/visionstore.co.rs\/cs\/wp-json\/wp\/v2\/product_brand?post=18683"},{"taxonomy":"product_cat","embeddable":true,"href":"https:\/\/visionstore.co.rs\/cs\/wp-json\/wp\/v2\/product_cat?post=18683"},{"taxonomy":"product_tag","embeddable":true,"href":"https:\/\/visionstore.co.rs\/cs\/wp-json\/wp\/v2\/product_tag?post=18683"}],"curies":[{"name":"wp","href":"https:\/\/api.w.org\/{rel}","templated":true}]}}