{"id":18711,"date":"2019-12-27T18:42:37","date_gmt":"2019-12-27T17:42:37","guid":{"rendered":"https:\/\/visionstore.co.rs\/product\/hiper-classic\/"},"modified":"2025-07-07T12:52:36","modified_gmt":"2025-07-07T10:52:36","slug":"hiper","status":"publish","type":"product","link":"https:\/\/visionstore.co.rs\/cs\/product\/hiper\/","title":{"rendered":"Hiper Classic"},"content":{"rendered":"<p><strong>Hiper Classic<\/strong> je p\u0159\u00edrodn\u00ed antidepresivum, zvy\u0161uje \u00farove\u0148 pracovn\u00ed schopnosti a soci\u00e1ln\u00ed adaptace, pom\u00e1h\u00e1 zm\u00edr\u0148ovat p\u0159\u00edznaky a n\u00e1sledky depresivn\u00edch stav\u016f, jako je melancholie, \u00fazkost, deprese a apatie.<br \/>\n<strong>Hiper Classic<\/strong> m\u00e1 tak\u00e9 celkov\u011b pozitivn\u00ed vliv na fyzickou a psychickou aktivitu organismu. Pln\u00e1 optimismu p\u016fsob\u00ed pozitivn\u011b na psychiku.<\/p>\n<ul>\n<li>Zlep\u0161uje n\u00e1ladu a pracovn\u00ed schopnosti<\/li>\n<li>Uvol\u0148uje psychick\u00e9 nap\u011bt\u00ed, nezp\u016fsobuje ospalost<\/li>\n<li>Osvobozuje organismus od melancholie, \u00fazkosti, apatie<\/li>\n<li>Posiluje du\u0161evn\u00ed a fyzickou aktivitu<\/li>\n<li>Zvy\u0161uje soci\u00e1ln\u00ed adaptaci<\/li>\n<li>Zabra\u0148uje vzniku nervov\u00e9ho zhroucen\u00ed<\/li>\n<li>Podporuje proces synt\u00e9zy serotoninu \u2013 hormonu \u0161t\u011bst\u00ed<\/li>\n<\/ul>\n<p>V boji proti depresi p\u016fsob\u00ed slo\u017eky komplexu <strong>Hiper Classic<\/strong> selektivn\u011b. N\u011bkter\u00e9 fytokomponenty s vitam\u00edny nach\u00e1zej\u00ed poran\u011bn\u00e1 nervov\u00e1 vl\u00e1kna a urychluj\u00ed jejich regenera\u010dn\u00ed procesy a jin\u00e9 v mozkov\u00e9 k\u016f\u0159e regeneruj\u00ed funkci zlep\u0161en\u00ed n\u00e1lady a emo\u010dn\u00ed rovnov\u00e1hy.<\/p>\n<p><strong>\u010cern\u00e1 kop\u0159iva<\/strong> m\u00e1 proto roli m\u00edrn\u00e9ho sedativa p\u0159i r\u016fzn\u00fdch neurologick\u00fdch onemocn\u011bn\u00edch, zejm\u00e9na p\u0159i depres\u00edch. Tato rostlina m\u00e1 zvl\u00e1\u0161tn\u00ed schopnost eliminovat prakticky v\u0161echny p\u0159\u00edznaky depresivn\u00edho stadia: neust\u00e1l\u00fd pocit smutku a neklidu, pesimismus a tak\u00e9 neschopnost udr\u017eovat soci\u00e1ln\u00ed kontakty.<\/p>\n<p>Kombinace <strong>ho\u0159\u010d\u00edku a vitam\u00ednu B6<\/strong> skv\u011ble dopl\u0148uje p\u016fsoben\u00ed <strong>\u010dern\u00e9 kop\u0159ivy<\/strong>. <strong>Ho\u0159\u010d\u00edk<\/strong> je &#8222;prvek klidu&#8220; a nejd\u016fle\u017eit\u011bj\u0161\u00ed miner\u00e1l pro nervov\u00fd syst\u00e9m. Pr\u00e1v\u011b za \u00fa\u010dasti <strong>ho\u0159\u010d\u00edku<\/strong> mohou nervov\u00e9 bu\u0148ky p\u0159ij\u00edmat a p\u0159en\u00e1\u0161et nervov\u00e9 vzruchy, \u010d\u00edm\u017e se dosahuje stabiln\u00ed pr\u00e1ce nervov\u00e9ho syst\u00e9mu. <strong>Ho\u0159\u010d\u00edk<\/strong> se nav\u00edc nach\u00e1z\u00ed ve v\u011bt\u0161\u00ed koncentraci ve svalech, p\u0159edev\u0161\u00edm ve svalov\u00fdch bu\u0148k\u00e1ch c\u00e9v a srdce, kde je jeho hlavn\u00ed funkc\u00ed relaxa\u010dn\u00ed proces. <strong>Ho\u0159\u010d\u00edk<\/strong>, kter\u00fd odstra\u0148uje svalovou \u00fanavu, zaji\u0161\u0165uje celkovou relaxaci organismu a umo\u017e\u0148uje n\u00e1m z\u016fstat v klidu a pohod\u011b i ve stresov\u00fdch situac\u00edch. P\u0159ijet\u00ed tohoto mikroprvku je v\u0161ak mo\u017en\u00e9 pouze s <strong>vitam\u00ednem B6<\/strong>, kter\u00fd m\u00e1 schopnost udr\u017eet <strong>ho\u0159\u010d\u00edk<\/strong> v bu\u0148ce.<\/p>\n<p>\u00da\u010dinn\u00e9 l\u00e1tky <strong>hlohu<\/strong>, kter\u00e9 maj\u00ed siln\u00e9 kardiotonick\u00e9 a sedativn\u00ed vlastnosti, pomohou sn\u00ed\u017eit riziko ischemick\u00e9 choroby srde\u010dn\u00ed, kter\u00e1 se u deprese n\u011bkolikan\u00e1sobn\u011b zvy\u0161uje. <strong>Hloh<\/strong> vitalizuje srde\u010dn\u00ed sval, normalizuje jeho rytmus a zlep\u0161uje koron\u00e1rn\u00ed pr\u016ftok krve.<\/p>\n<p>Od odstran\u011bn\u00ed prvn\u00edch nebezpe\u010dn\u00fdch p\u0159\u00edznak\u016f deprese nast\u00e1v\u00e1 f\u00e1ze zlep\u0161ov\u00e1n\u00ed soci\u00e1ln\u00ed adaptace: \u010dlov\u011bk je schopen efektivn\u011b pracovat a znovu se socializovat, vrac\u00ed se jeho z\u00e1jem o obl\u00edben\u00e9 \u010dinnosti a z\u00e1bavu a c\u00edt\u00ed z nich pot\u011b\u0161en\u00ed. V t\u00e9to f\u00e1zi pom\u016f\u017ee t\u0159ezalka <strong>te\u010dkovan\u00e1<\/strong> \u2014 jedno z nej\u00fa\u010dinn\u011bj\u0161\u00edch rostlinn\u00fdch antidepresiv, kter\u00e9 dok\u00e1\u017ee pozvednout \u017eivotn\u00ed t\u00f3n a naplnit \u010dlov\u011bka pocitem optimismu. <strong>T\u0159ezalka te\u010dkovan\u00e1<\/strong> obsahuje <a href=\"https:\/\/visionstore.co.rs\/kantarion\/\"><strong>hypericin<\/strong><\/a>, kter\u00fd zvy\u0161uje hladinu serotoninu v centr\u00e1ln\u00edm nervov\u00e9m syst\u00e9mu a ur\u010duje vysok\u00e9 antidepresivn\u00ed vlastnosti rostliny.<\/p>\n<p>Serotonin neboli hormon \u0161t\u011bst\u00ed ovliv\u0148uje mnoho funkc\u00ed t\u011bla: kognitivn\u00ed procesy, motorick\u00e9 funkce, koncentraci a norm\u00e1ln\u00ed svalov\u00fd tonus. Hlavn\u00ed funkce tohoto hormonu v na\u0161em t\u011ble je ale d\u016fle\u017eit\u00e1 zejm\u00e9na p\u0159i depresi, co\u017e je zlep\u0161en\u00ed n\u00e1lady, kter\u00e1 se tvo\u0159\u00ed v mozkov\u00e9 k\u016f\u0159e.<\/p>\n<p>Takov\u00e1 komplexn\u00ed pr\u00e1ce po etap\u00e1ch mus\u00ed b\u00fdt podpo\u0159ena siln\u00fdm antioxida\u010dn\u00edm \u00fa\u010dinkem, kter\u00fd poskytuje <strong>vitam\u00edn C<\/strong> z komplexu <strong>Hiper Classic<\/strong>. <strong>Vitamin C<\/strong> nejen neutralizuje p\u016fsoben\u00ed voln\u00fdch radik\u00e1l\u016f na nervov\u00fd syst\u00e9m, ale tak\u00e9 aktivuje tvorbu antistresov\u00fdch hormon\u016f, \u010d\u00edm\u017e \u010dlov\u011bka chr\u00e1n\u00ed p\u0159ed nap\u011bt\u00edm a podr\u00e1\u017ed\u011bnost\u00ed.<\/p>\n<p><strong>Slo\u017een\u00ed:<\/strong> <a href=\"https:\/\/visionstore.co.rs\/kantarion\/\">T\u0159ezalka te\u010dkovan\u00e1 (lat. <em>Hypericum perforatum<\/em>)<\/a>, <a href=\"https:\/\/visionstore.co.rs\/kopriva-mocan-afrodizijak\/\">kop\u0159iva \u010dern\u00e1 (lat. <em>Ballota nigra<\/em>)<\/a>, <a href=\"https:\/\/visionstore.co.rs\/beli-glog-lat-crataegus-monogyna-2\/\">hloh (lat. <em>Crataegus monogyna<\/em>)<\/a>, <a href=\"https:\/\/visionstore.co.rs\/cudesna-dejstva-magnezijuma\/\">ho\u0159\u010d\u00edk<\/a>, <a href=\"https:\/\/visionstore.co.rs\/koliko-je-vazan-vitamin-c\/\">vitam\u00edny C<\/a>, B1, B6, <a href=\"https:\/\/visionstore.co.rs\/vitamin-b12\/\">B12<\/a>.<\/p>\n<p><strong>Mno\u017estv\u00ed: 60 kapsl\u00ed<\/strong><\/p>\n<p><strong>\u010cist\u00e1 hmotnost: 27,7 g<\/strong><\/p>\n<table>\n<tbody>\n<tr>\n<td width=\"251\"><strong>\u00da\u010cINN\u00c9 L\u00c1TKY:<br \/>\n<\/strong><\/td>\n<td width=\"76\"><strong>2 kapsle<br \/>\n(922 mg)<br \/>\n<\/strong><\/td>\n<td width=\"59\"><strong>%NRV*<\/strong><\/td>\n<\/tr>\n<tr>\n<td width=\"251\">Vitam\u00edn C\n<\/td>\n<td width=\"76\">20 mg<\/td>\n<td width=\"59\">25%<\/td>\n<\/tr>\n<tr>\n<td width=\"251\">Vitamin B1<\/td>\n<td width=\"76\">0,4 mg<\/td>\n<td width=\"59\">36%<\/td>\n<\/tr>\n<tr>\n<td width=\"251\">Vitam\u00edn B6\n<\/td>\n<td width=\"76\">0,4 mg<\/td>\n<td width=\"59\">29%<\/td>\n<\/tr>\n<tr>\n<td width=\"251\">Vitam\u00edn B12\n<\/td>\n<td width=\"76\">0,4 \u00b5g<\/td>\n<td width=\"59\">16%<\/td>\n<\/tr>\n<tr>\n<td width=\"251\">Ho\u0159\u010d\u00edk\n<\/td>\n<td width=\"76\">75 mg<\/td>\n<td width=\"59\">20%<\/td>\n<\/tr>\n<tr>\n<td width=\"251\">T\u0159ezalka te\u010dkovan\u00e1 (<em>Hypericum perforatum<\/em>), extrakt ze such\u00fdch kv\u011bt\u016f<\/p>\n<ul>\n<li>z toho hypericin<\/li>\n<\/ul>\n<\/td>\n<td width=\"76\">200 mg<\/p>\n<ul>\n<li>0,6 mg<\/li>\n<\/ul>\n<\/td>\n<td width=\"59\"><strong>**<\/strong><\/td>\n<\/tr>\n<tr>\n<td width=\"251\">\u010cern\u00e1 kop\u0159iva (<em>Ballota nigra<\/em>), such\u00fd extrakt z byliny, 4:1\n<\/td>\n<td width=\"76\">100 mg<\/td>\n<td width=\"59\"><strong>**<\/strong><\/td>\n<\/tr>\n<tr>\n<td width=\"251\">B\u00edl\u00fd hloh (<em>Crataegus monogyna<\/em>), extrakt ze su\u0161en\u00fdch list\u016f a kv\u011bt\u016f, 4:1\n<\/td>\n<td width=\"76\">100 mg<\/td>\n<td width=\"59\"><strong>**<\/strong><\/td>\n<\/tr>\n<\/tbody>\n<\/table>\n<p><strong>*<\/strong>NRV &#8211; nutri\u010dn\u00ed referen\u010dn\u00ed hodnota<br \/>\n<strong>**<\/strong> &#8211; nutri\u010dn\u00ed referen\u010dn\u00ed hodnota nebyla stanovena<\/p>\n","protected":false},"excerpt":{"rendered":"<p>\u2022 Obnovuje optimismus.<br \/>\n\u2022 M\u00e1 sedativn\u00ed \u00fa\u010dinek a b\u011bhem dne nezp\u016fsobuje ospalost.<br \/>\n\u2022 Odstra\u0148uje pocity melancholie a \u00fazkosti, tlaku a apatie, zlep\u0161uje sp\u00e1nek.<br \/>\n\u2022 Poskytuje fyzickou a du\u0161evn\u00ed aktivitu, zlep\u0161uje n\u00e1ladu a zlep\u0161uje soci\u00e1ln\u00ed adaptaci.<br \/>\n\u2022 Zvy\u0161uje pracovn\u00ed kapacitu.<br \/>\n\u2022 P\u0159edch\u00e1z\u00ed nervov\u00fdm poruch\u00e1m.<\/p>\n","protected":false},"featured_media":29016,"comment_status":"open","ping_status":"closed","template":"","meta":{"_acf_changed":false,"_uag_custom_page_level_css":"","site-sidebar-layout":"default","site-content-layout":"default","ast-site-content-layout":"default","site-content-style":"default","site-sidebar-style":"default","ast-global-header-display":"","ast-banner-title-visibility":"","ast-main-header-display":"","ast-hfb-above-header-display":"","ast-hfb-below-header-display":"","ast-hfb-mobile-header-display":"","site-post-title":"","ast-breadcrumbs-content":"","ast-featured-img":"","footer-sml-layout":"","ast-disable-related-posts":"","theme-transparent-header-meta":"default","adv-header-id-meta":"","stick-header-meta":"default","header-above-stick-meta":"","header-main-stick-meta":"","header-below-stick-meta":"","astra-migrate-meta-layouts":"default","ast-page-background-enabled":"default","ast-page-background-meta":{"desktop":{"background-color":"","background-image":"","background-repeat":"repeat","background-position":"center center","background-size":"auto","background-attachment":"scroll","background-type":"","background-media":"","overlay-type":"","overlay-color":"","overlay-opacity":"","overlay-gradient":""},"tablet":{"background-color":"","background-image":"","background-repeat":"repeat","background-position":"center center","background-size":"auto","background-attachment":"scroll","background-type":"","background-media":"","overlay-type":"","overlay-color":"","overlay-opacity":"","overlay-gradient":""},"mobile":{"background-color":"","background-image":"","background-repeat":"repeat","background-position":"center center","background-size":"auto","background-attachment":"scroll","background-type":"","background-media":"","overlay-type":"","overlay-color":"","overlay-opacity":"","overlay-gradient":""}},"ast-content-background-meta":{"desktop":{"background-color":"var(--ast-global-color-4)","background-image":"","background-repeat":"repeat","background-position":"center center","background-size":"auto","background-attachment":"scroll","background-type":"","background-media":"","overlay-type":"","overlay-color":"","overlay-opacity":"","overlay-gradient":""},"tablet":{"background-color":"var(--ast-global-color-4)","background-image":"","background-repeat":"repeat","background-position":"center center","background-size":"auto","background-attachment":"scroll","background-type":"","background-media":"","overlay-type":"","overlay-color":"","overlay-opacity":"","overlay-gradient":""},"mobile":{"background-color":"var(--ast-global-color-4)","background-image":"","background-repeat":"repeat","background-position":"center center","background-size":"auto","background-attachment":"scroll","background-type":"","background-media":"","overlay-type":"","overlay-color":"","overlay-opacity":"","overlay-gradient":""}},"jetpack_post_was_ever_published":false},"product_brand":[],"product_cat":[361],"product_tag":[],"class_list":{"0":"post-18711","1":"product","2":"type-product","3":"status-publish","4":"has-post-thumbnail","6":"product_cat-direct-hit","7":"desktop-align-center","8":"tablet-align-center","9":"mobile-align-center","10":"ast-product-gallery-layout-horizontal","11":"ast-product-tabs-layout-distributed","12":"ast-qv-on-image","14":"first","15":"instock","16":"taxable","17":"shipping-taxable","18":"purchasable","19":"product-type-simple"},"acf":[],"uagb_featured_image_src":{"full":["https:\/\/i0.wp.com\/visionstore.co.rs\/wp-content\/uploads\/2019\/12\/Hiper-Classic-1.png?fit=1024%2C1024&ssl=1",1024,1024,false],"thumbnail":["https:\/\/i0.wp.com\/visionstore.co.rs\/wp-content\/uploads\/2019\/12\/Hiper-Classic-1.png?resize=150%2C150&ssl=1",150,150,true],"medium":["https:\/\/i0.wp.com\/visionstore.co.rs\/wp-content\/uploads\/2019\/12\/Hiper-Classic-1.png?fit=300%2C300&ssl=1",300,300,true],"medium_large":["https:\/\/i0.wp.com\/visionstore.co.rs\/wp-content\/uploads\/2019\/12\/Hiper-Classic-1.png?fit=768%2C768&ssl=1",768,768,true],"large":["https:\/\/i0.wp.com\/visionstore.co.rs\/wp-content\/uploads\/2019\/12\/Hiper-Classic-1.png?fit=1024%2C1024&ssl=1",1024,1024,true],"1536x1536":["https:\/\/i0.wp.com\/visionstore.co.rs\/wp-content\/uploads\/2019\/12\/Hiper-Classic-1.png?fit=1024%2C1024&ssl=1",1024,1024,true],"2048x2048":["https:\/\/i0.wp.com\/visionstore.co.rs\/wp-content\/uploads\/2019\/12\/Hiper-Classic-1.png?fit=1024%2C1024&ssl=1",1024,1024,true],"mailpoet_newsletter_max":["https:\/\/i0.wp.com\/visionstore.co.rs\/wp-content\/uploads\/2019\/12\/Hiper-Classic-1.png?fit=1024%2C1024&ssl=1",1024,1024,true],"woocommerce_thumbnail":["https:\/\/i0.wp.com\/visionstore.co.rs\/wp-content\/uploads\/2019\/12\/Hiper-Classic-1.png?fit=900%2C900&ssl=1",900,900,true],"woocommerce_single":["https:\/\/i0.wp.com\/visionstore.co.rs\/wp-content\/uploads\/2019\/12\/Hiper-Classic-1.png?fit=1024%2C1024&ssl=1",1024,1024,true],"woocommerce_gallery_thumbnail":["https:\/\/i0.wp.com\/visionstore.co.rs\/wp-content\/uploads\/2019\/12\/Hiper-Classic-1.png?resize=100%2C100&ssl=1",100,100,true]},"uagb_author_info":{"display_name":"admin","author_link":"https:\/\/visionstore.co.rs\/cs\/author\/"},"uagb_comment_info":1,"uagb_excerpt":"\u2022 Obnovuje optimismus. \u2022 M\u00e1 sedativn\u00ed \u00fa\u010dinek a b\u011bhem dne nezp\u016fsobuje ospalost. \u2022 Odstra\u0148uje pocity melancholie a \u00fazkosti, tlaku a apatie, zlep\u0161uje sp\u00e1nek. \u2022 Poskytuje fyzickou a du\u0161evn\u00ed aktivitu, zlep\u0161uje n\u00e1ladu a zlep\u0161uje soci\u00e1ln\u00ed adaptaci. \u2022 Zvy\u0161uje pracovn\u00ed kapacitu. \u2022 P\u0159edch\u00e1z\u00ed nervov\u00fdm poruch\u00e1m.","jetpack_sharing_enabled":true,"_links":{"self":[{"href":"https:\/\/visionstore.co.rs\/cs\/wp-json\/wp\/v2\/product\/18711","targetHints":{"allow":["GET"]}}],"collection":[{"href":"https:\/\/visionstore.co.rs\/cs\/wp-json\/wp\/v2\/product"}],"about":[{"href":"https:\/\/visionstore.co.rs\/cs\/wp-json\/wp\/v2\/types\/product"}],"replies":[{"embeddable":true,"href":"https:\/\/visionstore.co.rs\/cs\/wp-json\/wp\/v2\/comments?post=18711"}],"wp:featuredmedia":[{"embeddable":true,"href":"https:\/\/visionstore.co.rs\/cs\/wp-json\/wp\/v2\/media\/29016"}],"wp:attachment":[{"href":"https:\/\/visionstore.co.rs\/cs\/wp-json\/wp\/v2\/media?parent=18711"}],"wp:term":[{"taxonomy":"product_brand","embeddable":true,"href":"https:\/\/visionstore.co.rs\/cs\/wp-json\/wp\/v2\/product_brand?post=18711"},{"taxonomy":"product_cat","embeddable":true,"href":"https:\/\/visionstore.co.rs\/cs\/wp-json\/wp\/v2\/product_cat?post=18711"},{"taxonomy":"product_tag","embeddable":true,"href":"https:\/\/visionstore.co.rs\/cs\/wp-json\/wp\/v2\/product_tag?post=18711"}],"curies":[{"name":"wp","href":"https:\/\/api.w.org\/{rel}","templated":true}]}}