{"id":18717,"date":"2019-12-27T17:25:58","date_gmt":"2019-12-27T16:25:58","guid":{"rendered":"https:\/\/visionstore.co.rs\/product\/junior-be-smart-r\/"},"modified":"2025-10-29T09:19:59","modified_gmt":"2025-10-29T08:19:59","slug":"junior-be-smart","status":"publish","type":"product","link":"https:\/\/visionstore.co.rs\/cs\/product\/junior-be-smart\/","title":{"rendered":"Junior Be Smart-R"},"content":{"rendered":"<div class=\"tab-content\">\n<div id=\"description-tab\" class=\"tab-pane fade in active\">\n<p>Komplex <strong>Junior Be Smart<\/strong> obsahuje <strong>polynenasycen\u00e9 omega-3 mastn\u00e9 kyseliny<\/strong>, kter\u00e9 stimuluj\u00ed intelektu\u00e1ln\u00ed rozvoj.<\/p>\n<p>Je prok\u00e1z\u00e1no, \u017ee d\u011bti, jejich\u017e strava je bohat\u00e1 na <strong>omega-3 kyseliny<\/strong>, l\u00e9pe a rychleji absorbuj\u00ed a analyzuj\u00ed informace a maj\u00ed vy\u0161\u0161\u00ed IQ.<br \/>\n<strong>Omega-3<\/strong> zvy\u0161uje kognitivn\u00ed schopnosti, orienta\u010dn\u00ed reflex, zlep\u0161uje pam\u011b\u0165 a zrak.<\/p>\n<p>D\u00edky p\u0159\u00edjemn\u00e9 chuti dostane d\u00edt\u011b v tuc\u00edch rozpustn\u00e9 <strong>vitam\u00edny A a D<\/strong> , kter\u00e9 jsou nezbytn\u00e9 pro jeho v\u00fdvoj.<\/p>\n<ul>\n<li>Zlep\u0161uje mozkov\u00e9 funkce a zvy\u0161uje intelektu\u00e1ln\u00ed schopnosti d\u00edt\u011bte<\/li>\n<li>Dobr\u00e1 pam\u011b\u0165, koncentrace a pozornost<\/li>\n<\/ul>\n<blockquote><p>V zimn\u00edm obdob\u00ed jsou pro d\u011bti zvl\u00e1\u0161t\u011b d\u016fle\u017eit\u00e9 citrusy.<\/p>\n<p>Nap\u0159\u00edklad pomeran\u010d krom\u011b velk\u00e9ho mno\u017estv\u00ed vitam\u00ednu C obsahuje bioflavonoid inositol, kter\u00fd p\u0159\u00edzniv\u011b p\u016fsob\u00ed na stav nervov\u00e9 soustavy d\u00edt\u011bte, zlep\u0161uje \u010dinnost st\u0159ev. Doporu\u010duj\u00ed se \u010derstv\u011b vyma\u010dkan\u00e9 citrusov\u00e9 \u0161\u0165\u00e1vy, kter\u00e9 by se v\u0161ak m\u011bly vyp\u00edt do 10-15 minut. Proto\u017ee vitam\u00edn C se rychle ni\u010d\u00ed.<\/p><\/blockquote>\n<p>Mnoho rodi\u010d\u016f d\u011bl\u00e1 chybu, kdy\u017e spojuje aktivn\u00ed v\u00fdvoj mozku sv\u00e9ho d\u00edt\u011bte se \u0161koln\u00edm v\u011bkem. Tento proces za\u010d\u00edn\u00e1 mnohem d\u0159\u00edve, kdy\u017e d\u00edt\u011b za\u010d\u00edn\u00e1 pozn\u00e1vat sv\u011bt. Pokud se nad t\u00edm zamysl\u00edme, kognitivn\u00ed v\u00fdvoj je nep\u0159etr\u017eit\u00fd proces, kter\u00fd za\u010d\u00edn\u00e1 hned po narozen\u00ed a vy\u017eaduje od d\u00edt\u011bte obrovskou du\u0161evn\u00ed a energetickou s\u00edlu. Ka\u017edou vte\u0159inu dost\u00e1v\u00e1 mal\u00e9 d\u00edt\u011b n\u011bjak\u00e9 nov\u00e9 informace, porovn\u00e1v\u00e1 je s ji\u017e zn\u00e1m\u00fdmi, analyzuje je, pamatuje si je a p\u0159em\u011b\u0148uje je ve znalosti a zku\u0161enosti.<\/p>\n<p><strong>Polynenasycen\u00e9 omega-3 mastn\u00e9 kyseliny<\/strong> jsou pro d\u011btsk\u00fd organismus nezbytn\u00e9 pro norm\u00e1ln\u00ed \u010dinnost mozku, zvy\u0161ov\u00e1n\u00ed schopnost\u00ed my\u0161len\u00ed a tak\u00e9 pro ukl\u00e1d\u00e1n\u00ed informac\u00ed do pam\u011bti. Bylo prok\u00e1z\u00e1no, \u017ee u d\u011bt\u00ed, jejich\u017e strava je obohacena o <strong>polynenasycen\u00e9 omega-3 mastn\u00e9 kyseliny<\/strong>, je kognitivn\u00ed my\u0161len\u00ed rozvinut\u011bj\u0161\u00ed, mozek a s\u00edtnice oka l\u00e9pe funguj\u00ed a IQ je vy\u0161\u0161\u00ed ne\u017e u d\u011bt\u00ed s deficitem t\u011bchto vit\u00e1ln\u011b d\u016fle\u017eit\u00e9 kyseliny.<\/p>\n<h3><a href=\"https:\/\/visionstore.co.rs\/omega-3-masne-kiseline-za-decu\/\">Pro\u010d jsou <strong>omega-3 kyseliny<\/strong> pro d\u011bti tak d\u016fle\u017eit\u00e9?<\/a><\/h3>\n<p>Na tuto ot\u00e1zku se pokus\u00edme odpov\u011bd\u011bt, po\u010d\u00ednaje prvn\u00edmi roky v\u00fdvoje d\u00edt\u011bte. <strong>Polynenasycen\u00e9 omega-3 mastn\u00e9 kyseliny<\/strong> se jako nenahraditeln\u00e9 prvky v\u00fd\u017eivy za\u010d\u00ednaj\u00ed aktivn\u011b pod\u00edlet na tvorb\u011b mozkov\u00fdch bun\u011bk ji\u017e p\u0159ed narozen\u00edm d\u00edt\u011bte a pokra\u010duj\u00ed ve sv\u00e9 pr\u00e1ci i pozd\u011bji. Pak mozek pot\u0159ebuje stavebn\u00ed materi\u00e1l pro bu\u0148ky a pro tvorbu nov\u00fdch spojen\u00ed mezi nimi. Nejlep\u0161\u00ed potravinou pro d\u011btsk\u00fd mozek jsou podle v\u011bdc\u016f pr\u00e1v\u011b <strong>polynenasycen\u00e9 omega-3 mastn\u00e9 kyseliny<\/strong>.<\/p>\n<p>Jakmile jsou v t\u011ble, <strong>omega-3<\/strong> se ukl\u00e1daj\u00ed v membr\u00e1n\u00e1ch mozku a reproduk\u010dn\u00edho syst\u00e9mu. P\u0159isp\u00edvaj\u00ed tak k tvorb\u011b a rozvoji mozkov\u00e9 tk\u00e1n\u011b, to znamen\u00e1, \u017ee stimuluj\u00ed du\u0161evn\u00ed v\u00fdvoj d\u00edt\u011bte v ran\u00e9m v\u011bku.<\/p>\n<p>Ale nem\u011bli bychom si myslet, \u017ee pouze d\u011bti pot\u0159ebuj\u00ed <strong>omega-3 mastn\u00e9 kyseliny<\/strong>. U\u010den\u00ed ve \u0161kole vy\u017eaduje od d\u00edt\u011bte maxim\u00e1ln\u00ed soust\u0159ed\u011bn\u00ed a schopnost rychle vst\u0159eb\u00e1vat novou l\u00e1tku. <strong><a href=\"https:\/\/visionstore.co.rs\/omega-3-masne-kiseline-za-decu\/\">Polynenasycen\u00e9 omega-3 mastn\u00e9 kyseliny<\/a><\/strong> pom\u00e1haj\u00ed d\u011btem rychleji myslet a maj\u00ed lep\u0161\u00ed pam\u011b\u0165. To je d\u016fvod, pro\u010d \u0161kol\u00e1ci pot\u0159ebuj\u00ed <strong>omega-3 mastn\u00e9 kyseliny<\/strong>.<\/p>\n<p>V posledn\u00ed dob\u011b roz\u0161\u00ed\u0159en\u00fd syndrom deficitu pozornosti a hyperaktivita jsou \u010dastou p\u0159\u00ed\u010dinou poruch chov\u00e1n\u00ed a poruch u\u010den\u00ed v p\u0159ed\u0161koln\u00edm a \u0161koln\u00edm v\u011bku. Hyperaktivn\u00ed d\u00edt\u011b nedok\u00e1\u017ee sed\u011bt, nedok\u00e1\u017ee se soust\u0159edit a m\u00e1 pot\u00ed\u017ee s kontrolou sv\u00fdch \u010din\u016f. V\u00fdsledkem je krom\u011b probl\u00e9m\u016f s chov\u00e1n\u00edm tak\u00e9 neschopnost dos\u00e1hnout \u00fasp\u011bchu. Pr\u00e1v\u011b p\u0159\u00edjem <strong>omega-3 mastn\u00fdch kyselin<\/strong> pom\u016f\u017ee v\u00fdrazn\u011b zlep\u0161it chov\u00e1n\u00ed a kognitivn\u00ed \u010dinnost d\u00edt\u011bte, sn\u00ed\u017eit podr\u00e1\u017ed\u011bnost a agresivitu a normalizovat sp\u00e1nek. D\u011btsk\u00fd komplex <strong>Junior Be Smart<\/strong> je aktivn\u00edm zdrojem <strong>omega-3 mastn\u00fdch kyselin<\/strong>.<\/p>\n<p>Krom\u011b mozkov\u00e9 \u010dinnosti je kolos\u00e1ln\u00ed z\u00e1t\u011b\u017e v p\u0159ed\u0161koln\u00edm a \u0161koln\u00edm v\u011bku u d\u011bt\u00ed i na zrak. V sed\u011b u stolu nad se\u0161item nebo p\u0159ed po\u010d\u00edta\u010dem se mal\u00fd u\u010d\u00ed \u010d\u00edst, kreslit a ps\u00e1t, d\u011bl\u00e1 dom\u00e1c\u00ed \u00fakoly. To v\u0161e o\u010di nam\u00e1h\u00e1 a unavuje. Zdrav\u00ed o\u010d\u00ed mohou podpo\u0159it pouze <strong>omega-3 kyseliny<\/strong>, ale tak\u00e9 velmi pot\u0159ebn\u00fd prvek pro zdrav\u00ed o\u010d\u00ed, <strong>vitam\u00edn A<\/strong>, kter\u00fd se nach\u00e1z\u00ed v komplexu <strong>Junior Be Smart<\/strong>.<\/p>\n<p><strong>Vitamin A<\/strong> se pod\u00edl\u00ed na chemick\u00e9m mechanismu vid\u011bn\u00ed, zaji\u0161\u0165uje plnou funkci zraku a je sou\u010d\u00e1st\u00ed pigmentu pro vid\u011bn\u00ed &#8211; rodopsinu. S v<strong>itam\u00ednem D<\/strong> aktivn\u011b ovliv\u0148uje procesy r\u016fstu kost\u00ed a tvorbu zubn\u00ed skloviny, proto\u017ee <strong><a href=\"https:\/\/visionstore.co.rs\/cs\/vitamin-d-2\/\">vitam\u00edn D<\/a><\/strong> zaji\u0161\u0165uje norm\u00e1ln\u00ed a \u00fapln\u00e9 vst\u0159eb\u00e1v\u00e1n\u00ed <strong><a href=\"https:\/\/visionstore.co.rs\/cs\/kalcijum-2\/\">v\u00e1pn\u00edku<\/a><\/strong> ve st\u0159evech.<\/p>\n<p><strong>Omega-3 kyseliny<\/strong> jsou tak\u00e9 struktur\u00e1ln\u00edmi slo\u017ekami bun\u011bk imunitn\u00edho syst\u00e9mu a p\u0159edev\u0161\u00edm jejich membr\u00e1n. Dob\u0159e chr\u00e1n\u011bn\u00e9 bu\u0148ky snadn\u011bji bojuj\u00ed proti vir\u016fm a bakteri\u00edm. To v\u0161e zp\u016fsobuje, \u017ee imunitn\u00ed syst\u00e9m pracuje efektivn\u011bji.<\/p>\n<p>Snadno se p\u0159esv\u011bd\u010d\u00edte, jak u\u017eite\u010dn\u00e9 jsou <strong>omega-3 kyseliny<\/strong>, kter\u00e9 jsou sou\u010d\u00e1st\u00ed produktu <strong>Junior Be Smart<\/strong>. Pokud je tento benefit doprov\u00e1zen p\u0159\u00edjemnou chut\u00ed ovoce a karamelu a origin\u00e1ln\u00edm tvarem, pak je to p\u0159\u00edm\u00e1 cesta ke zdrav\u00ed, inteligenci, energii a dobr\u00e9 n\u00e1lad\u011b d\u00edt\u011bte!<\/p>\n<p><strong>Slo\u017een\u00ed<\/strong>: <a href=\"https:\/\/visionstore.co.rs\/omega-3-masne-kiseline-za-decu\/\">olej z mo\u0159sk\u00e9 <strong>ryby<\/strong><\/a>, kapsle (zahu\u0161\u0165ovadlo &#8211; glycerol, \u017eelatina, \u0161krob, voda, p\u0159\u00edrodn\u00ed aroma pomeran\u010d), p\u0159\u00edrodn\u00ed aroma &#8222;pomeran\u010dov\u00fd olej&#8220;, <a href=\"https:\/\/visionstore.co.rs\/vitamin-e-2\/\">DL-\u03b1-tokoferolacet\u00e1t<\/a>, antioxidanty &#8211; extrakt bohat\u00fd na tokoferoly, askorbylpalmit\u00e1t, retinylpalmit\u00e1t, <a href=\"https:\/\/visionstore.co.rs\/cs\/vitamin-d-2\/\">cholekalciferol<\/a>.<\/p>\n<p><strong>Mno\u017estv\u00ed: 30 \u017ev\u00fdkac\u00edch kapsl\u00ed<\/strong><\/p>\n<p><strong>\u010cist\u00e1 hmotnost: 21 g<\/strong><\/p>\n<table width=\"399\">\n<tbody>\n<tr>\n<td width=\"115\"><strong>\u00da\u010cINN\u00c9 L\u00c1TKY:<\/strong><\/td>\n<td width=\"129\"><strong>1 kapsle (700 mg)<\/strong><\/td>\n<td width=\"155\"><strong>2 kapsle (1400 mg)<\/strong><\/td>\n<\/tr>\n<tr>\n<td width=\"115\">EPA<\/td>\n<td>90 mg*<\/td>\n<td>180 mg*<\/td>\n<\/tr>\n<tr>\n<td width=\"115\">DHA<\/td>\n<td>60 mg*<\/td>\n<td>120 mg*<\/td>\n<\/tr>\n<tr>\n<td>Vitam\u00edn A (RE)<\/td>\n<td>400 \u00b5g RE** (50%***)<\/td>\n<td>800 \u00b5g RE** (100%***)<\/td>\n<\/tr>\n<tr>\n<td width=\"115\">Vitam\u00edn D<\/td>\n<td>2,5 \u00b5g (50%***)<\/td>\n<td>5 \u00b5g (100%***)<\/td>\n<\/tr>\n<tr>\n<td>Vitam\u00edn E (\u03b1-TE)<\/td>\n<td>1 mg a-TE<\/td>\n<td>2 mg \u03b1-TE**** (16,7 %***)<\/td>\n<\/tr>\n<\/tbody>\n<\/table>\n<p>* RVH &#8211; Referen\u010dn\u00ed v\u00fd\u017eivov\u00e1 hodnota nestanovena<br \/>\n** RE &#8211; Ekvivalent v\u0161ech trans-retinolu<br \/>\n*** RVH &#8211; Referen\u010dn\u00ed v\u00fd\u017eivov\u00e1 hodnota<br \/>\n**** \u03b1-TE = ekvivalenty \u03b1-tokoferolu<\/p>\n<\/div>\n<\/div>\n","protected":false},"excerpt":{"rendered":"<p><strong>Vlastnosti produktu Junior Be Smart:<\/strong><\/p>\n<ul>\n<li>Posiluje d\u011btsk\u00fd organismus p\u0159i aktivn\u00edm r\u016fstu a dopl\u0148uje nedostatek polynenasycen\u00fdch omega-3 mastn\u00fdch kyselin ve strav\u011b.<\/li>\n<li>Zvy\u0161uje intelektov\u00e9 schopnosti d\u00edt\u011bte.<\/li>\n<li>Zlep\u0161uje u\u010den\u00ed, koncentraci a pam\u011b\u0165.<\/li>\n<li>Zaji\u0161\u0165uje pln\u00fd rozvoj centr\u00e1ln\u00edho nervov\u00e9ho syst\u00e9mu.<\/li>\n<li>Sni\u017euje hyperaktivitu a impulzivitu d\u00edt\u011bte.<\/li>\n<li>Chr\u00e1n\u00ed d\u011btsk\u00fd organismus p\u0159ed agresivn\u00edmi vlivy okoln\u00edho prost\u0159ed\u00ed.<\/li>\n<li>Zlep\u0161uje vid\u011bn\u00ed.<\/li>\n<li>Reguluje v\u00fdm\u011bnu fosforu a v\u00e1pn\u00edku.<\/li>\n<\/ul>\n","protected":false},"featured_media":29232,"comment_status":"open","ping_status":"closed","template":"","meta":{"_acf_changed":false,"_uag_custom_page_level_css":"","site-sidebar-layout":"default","site-content-layout":"default","ast-site-content-layout":"default","site-content-style":"default","site-sidebar-style":"default","ast-global-header-display":"","ast-banner-title-visibility":"","ast-main-header-display":"","ast-hfb-above-header-display":"","ast-hfb-below-header-display":"","ast-hfb-mobile-header-display":"","site-post-title":"","ast-breadcrumbs-content":"","ast-featured-img":"","footer-sml-layout":"","ast-disable-related-posts":"","theme-transparent-header-meta":"default","adv-header-id-meta":"","stick-header-meta":"default","header-above-stick-meta":"","header-main-stick-meta":"","header-below-stick-meta":"","astra-migrate-meta-layouts":"default","ast-page-background-enabled":"default","ast-page-background-meta":{"desktop":{"background-color":"","background-image":"","background-repeat":"repeat","background-position":"center center","background-size":"auto","background-attachment":"scroll","background-type":"","background-media":"","overlay-type":"","overlay-color":"","overlay-opacity":"","overlay-gradient":""},"tablet":{"background-color":"","background-image":"","background-repeat":"repeat","background-position":"center center","background-size":"auto","background-attachment":"scroll","background-type":"","background-media":"","overlay-type":"","overlay-color":"","overlay-opacity":"","overlay-gradient":""},"mobile":{"background-color":"","background-image":"","background-repeat":"repeat","background-position":"center center","background-size":"auto","background-attachment":"scroll","background-type":"","background-media":"","overlay-type":"","overlay-color":"","overlay-opacity":"","overlay-gradient":""}},"ast-content-background-meta":{"desktop":{"background-color":"var(--ast-global-color-4)","background-image":"","background-repeat":"repeat","background-position":"center center","background-size":"auto","background-attachment":"scroll","background-type":"","background-media":"","overlay-type":"","overlay-color":"","overlay-opacity":"","overlay-gradient":""},"tablet":{"background-color":"var(--ast-global-color-4)","background-image":"","background-repeat":"repeat","background-position":"center center","background-size":"auto","background-attachment":"scroll","background-type":"","background-media":"","overlay-type":"","overlay-color":"","overlay-opacity":"","overlay-gradient":""},"mobile":{"background-color":"var(--ast-global-color-4)","background-image":"","background-repeat":"repeat","background-position":"center center","background-size":"auto","background-attachment":"scroll","background-type":"","background-media":"","overlay-type":"","overlay-color":"","overlay-opacity":"","overlay-gradient":""}}},"product_brand":[],"product_cat":[362],"product_tag":[],"class_list":{"0":"post-18717","1":"product","2":"type-product","3":"status-publish","4":"has-post-thumbnail","6":"product_cat-junior-hit","7":"desktop-align-center","8":"tablet-align-center","9":"mobile-align-center","10":"ast-product-gallery-layout-horizontal","11":"ast-product-tabs-layout-distributed","12":"ast-qv-on-image","14":"first","15":"instock","16":"taxable","17":"shipping-taxable","18":"purchasable","19":"product-type-simple"},"acf":[],"uagb_featured_image_src":{"full":["https:\/\/i0.wp.com\/visionstore.co.rs\/wp-content\/uploads\/2019\/12\/Be_Smart.png?fit=1024%2C1024&ssl=1",1024,1024,false],"thumbnail":["https:\/\/i0.wp.com\/visionstore.co.rs\/wp-content\/uploads\/2019\/12\/Be_Smart.png?resize=150%2C150&ssl=1",150,150,true],"medium":["https:\/\/i0.wp.com\/visionstore.co.rs\/wp-content\/uploads\/2019\/12\/Be_Smart.png?fit=300%2C300&ssl=1",300,300,true],"medium_large":["https:\/\/i0.wp.com\/visionstore.co.rs\/wp-content\/uploads\/2019\/12\/Be_Smart.png?fit=768%2C768&ssl=1",768,768,true],"large":["https:\/\/i0.wp.com\/visionstore.co.rs\/wp-content\/uploads\/2019\/12\/Be_Smart.png?fit=1024%2C1024&ssl=1",1024,1024,true],"1536x1536":["https:\/\/i0.wp.com\/visionstore.co.rs\/wp-content\/uploads\/2019\/12\/Be_Smart.png?fit=1024%2C1024&ssl=1",1024,1024,true],"2048x2048":["https:\/\/i0.wp.com\/visionstore.co.rs\/wp-content\/uploads\/2019\/12\/Be_Smart.png?fit=1024%2C1024&ssl=1",1024,1024,true],"mailpoet_newsletter_max":["https:\/\/i0.wp.com\/visionstore.co.rs\/wp-content\/uploads\/2019\/12\/Be_Smart.png?fit=1024%2C1024&ssl=1",1024,1024,true],"woocommerce_thumbnail":["https:\/\/i0.wp.com\/visionstore.co.rs\/wp-content\/uploads\/2019\/12\/Be_Smart.png?fit=900%2C900&ssl=1",900,900,true],"woocommerce_single":["https:\/\/i0.wp.com\/visionstore.co.rs\/wp-content\/uploads\/2019\/12\/Be_Smart.png?fit=1024%2C1024&ssl=1",1024,1024,true],"woocommerce_gallery_thumbnail":["https:\/\/i0.wp.com\/visionstore.co.rs\/wp-content\/uploads\/2019\/12\/Be_Smart.png?resize=100%2C100&ssl=1",100,100,true]},"uagb_author_info":{"display_name":"admin","author_link":"https:\/\/visionstore.co.rs\/cs\/author\/"},"uagb_comment_info":3,"uagb_excerpt":"Vlastnosti produktu Junior Be Smart: Posiluje d\u011btsk\u00fd organismus p\u0159i aktivn\u00edm r\u016fstu a dopl\u0148uje nedostatek polynenasycen\u00fdch omega-3 mastn\u00fdch kyselin ve strav\u011b. Zvy\u0161uje intelektov\u00e9 schopnosti d\u00edt\u011bte. Zlep\u0161uje u\u010den\u00ed, koncentraci a pam\u011b\u0165. Zaji\u0161\u0165uje pln\u00fd rozvoj centr\u00e1ln\u00edho nervov\u00e9ho syst\u00e9mu. Sni\u017euje hyperaktivitu a impulzivitu d\u00edt\u011bte. Chr\u00e1n\u00ed d\u011btsk\u00fd organismus p\u0159ed agresivn\u00edmi vlivy okoln\u00edho prost\u0159ed\u00ed. Zlep\u0161uje vid\u011bn\u00ed. Reguluje v\u00fdm\u011bnu fosforu a v\u00e1pn\u00edku.","jetpack_sharing_enabled":true,"_links":{"self":[{"href":"https:\/\/visionstore.co.rs\/cs\/wp-json\/wp\/v2\/product\/18717","targetHints":{"allow":["GET"]}}],"collection":[{"href":"https:\/\/visionstore.co.rs\/cs\/wp-json\/wp\/v2\/product"}],"about":[{"href":"https:\/\/visionstore.co.rs\/cs\/wp-json\/wp\/v2\/types\/product"}],"replies":[{"embeddable":true,"href":"https:\/\/visionstore.co.rs\/cs\/wp-json\/wp\/v2\/comments?post=18717"}],"wp:featuredmedia":[{"embeddable":true,"href":"https:\/\/visionstore.co.rs\/cs\/wp-json\/wp\/v2\/media\/29232"}],"wp:attachment":[{"href":"https:\/\/visionstore.co.rs\/cs\/wp-json\/wp\/v2\/media?parent=18717"}],"wp:term":[{"taxonomy":"product_brand","embeddable":true,"href":"https:\/\/visionstore.co.rs\/cs\/wp-json\/wp\/v2\/product_brand?post=18717"},{"taxonomy":"product_cat","embeddable":true,"href":"https:\/\/visionstore.co.rs\/cs\/wp-json\/wp\/v2\/product_cat?post=18717"},{"taxonomy":"product_tag","embeddable":true,"href":"https:\/\/visionstore.co.rs\/cs\/wp-json\/wp\/v2\/product_tag?post=18717"}],"curies":[{"name":"wp","href":"https:\/\/api.w.org\/{rel}","templated":true}]}}