{"id":18723,"date":"2021-11-24T12:35:00","date_gmt":"2021-11-24T11:35:00","guid":{"rendered":"https:\/\/visionstore.co.rs\/product\/junior-classic\/"},"modified":"2024-09-03T11:01:43","modified_gmt":"2024-09-03T09:01:43","slug":"junior-classic","status":"publish","type":"product","link":"https:\/\/visionstore.co.rs\/cs\/product\/junior-classic\/","title":{"rendered":"Junior Classic"},"content":{"rendered":"<p>Komplex <strong>Junior Classic<\/strong> obsahuje &#8222;zlatou&#8220; sadu vitam\u00edn\u016f a miner\u00e1l\u016f nezbytn\u00fdch pro d\u011btsk\u00fd organismus. Poskytuje d\u00edt\u011bti v\u0161echny makro- a mikroelementy nezbytn\u00e9 pro zdrav\u00fd r\u016fst. Aktivn\u00ed slo\u017eky komplexu <strong>Junior Classic<\/strong>, p\u016fsob\u00edc\u00ed na bun\u011b\u010dn\u00e9 \u00farovni, zahrnuj\u00ed v\u0161echny syst\u00e9my d\u011btsk\u00e9ho organismu, zaji\u0161\u0165uj\u00edc\u00ed v\u0161estrann\u00fd rozvoj d\u00edt\u011bte v obdob\u00ed aktivn\u00edho r\u016fstu. Jejich nep\u0159etr\u017eit\u00e1 pr\u00e1ce umo\u017e\u0148uje, aby v\u00fdvoj d\u00edt\u011bte prob\u00edhal norm\u00e1ln\u011b. Pod\u00edvejme se na p\u016fsoben\u00ed slo\u017eek produktu <strong>Junior Classic<\/strong> na p\u0159\u00edkladech z\u00e1kladn\u00edch syst\u00e9m\u016f d\u011btsk\u00e9ho organismu. Pro norm\u00e1ln\u00ed fungov\u00e1n\u00ed nervov\u00e9ho syst\u00e9mu, realizaci du\u0161evn\u00edch proces\u016f a udr\u017een\u00ed dobr\u00e9ho sp\u00e1nku pot\u0159ebuj\u00ed d\u011bti p\u0159edev\u0161\u00edm <strong>vitam\u00edny skupiny B.<\/strong> <strong>Vitamin B1<\/strong> se pod\u00edl\u00ed na p\u0159enosu nervov\u00fdch vzruch\u016f a <strong>vitamin B6<\/strong> p\u0159isp\u00edv\u00e1 k tvorb\u011b serotoninu (hormonu \u0161t\u011bst\u00ed), kter\u00fd zvy\u0161uje kognitivn\u00ed a motorickou aktivitu a t\u00edm i n\u00e1ladu d\u00edt\u011bte. <strong>Vitamin B6<\/strong> se tak\u00e9 pod\u00edl\u00ed na normalizaci chov\u00e1n\u00ed d\u011bt\u00ed, nebo\u0165 p\u0159isp\u00edv\u00e1 k v\u00fdchov\u011b nervov\u00fdch zakon\u010den\u00ed zapojen\u00fdch do procesu p\u0159enosu nervov\u00fdch vzruch\u016f. <strong>Vitam\u00edny C a E<\/strong> jako siln\u00e9 antioxidanty chr\u00e1n\u00ed mozkov\u00e9 nervov\u00e9 bu\u0148ky p\u0159ed p\u016fsoben\u00edm voln\u00fdch radik\u00e1l\u016f, zabra\u0148uj\u00ed pocitu \u00fanavy a podr\u00e1\u017ed\u011bnosti, kter\u00e9 jsou pro d\u011bti velmi charakteristick\u00e9. D\u011bti pot\u0159ebuj\u00ed <strong>vitam\u00edn E<\/strong> ke zlep\u0161en\u00ed pam\u011bti, schopnosti u\u010den\u00ed a koncentrace. Chr\u00e1n\u00ed mozkov\u00e9 bu\u0148ky a neurony p\u0159ed peroxidac\u00ed, zabra\u0148uje p\u0159enosu nervov\u00fdch vzruch\u016f do mozku, \u010d\u00edm\u017e zlep\u0161uje koncentraci. <strong>Vitam\u00edny skupiny B<\/strong> a <strong>zinek<\/strong> jsou tak\u00e9 d\u016fle\u017eit\u00e9 pro funkci mozku. <strong>Vitamin C<\/strong> podporuje imunitu a chr\u00e1n\u00ed t\u011blo p\u0159ed infekcemi. M\u00e1 siln\u00e9 regenera\u010dn\u00ed a antioxida\u010dn\u00ed vlastnosti, je \u00fa\u010dinn\u00fdm antihistaminikem, kter\u00e9 n\u00e1sledn\u011b sni\u017euje nep\u0159\u00edjemn\u00e9 n\u00e1sledky nachlazen\u00ed v\u010detn\u011b z\u00e1n\u011bt\u016f, r\u00fdmy a bolesti. <strong>Vitam\u00edny skupiny B<\/strong> zlep\u0161uj\u00ed ochrann\u00e9 vlastnosti t\u011bla a p\u0159isp\u00edvaj\u00ed k tvorb\u011b protil\u00e1tek. Miner\u00e1ly jako <strong>zinek<\/strong>, <strong>\u017eelezo<\/strong> a <strong>ho\u0159\u010d\u00edk<\/strong> pomohou aktivovat bun\u011b\u010dnou ochranu a jsou tak\u00e9 nezbytn\u00fdmi makro- a mikroelementy, kter\u00e9 zlep\u0161uj\u00ed pam\u011b\u0165. Krom\u011b toho je \u017eelezo nezbytn\u00e9 pro zdrav\u00ed krve a pro prevenci an\u00e9mie. <strong>\u017delezo<\/strong> je trvalou sou\u010d\u00e1st\u00ed hemoglobinu, kter\u00fd se aktivn\u011b pod\u00edl\u00ed na p\u0159enosu kysl\u00edku. <strong>Vitam\u00edny<\/strong> <strong>B6<\/strong> a <strong>B9<\/strong> jsou tak\u00e9 zodpov\u011bdn\u00e9 za dod\u00e1vku kysl\u00edku, kter\u00e9 zaji\u0161\u0165uj\u00ed tvorbu \u010derven\u00fdch krvinek (erytrocyt\u016f). <strong>Zinek<\/strong> normalizuje procesy hematopo\u00e9zy a <strong>ho\u0159\u010d\u00edk<\/strong> podporuje kardiovaskul\u00e1rn\u00ed syst\u00e9m jako celek. <strong>Ho\u0159\u010d\u00edk<\/strong> p\u0159isp\u00edv\u00e1 k normalizaci nestabiln\u00edho a lehk\u00e9ho sp\u00e1nku, m\u00e1 uklid\u0148uj\u00edc\u00ed \u00fa\u010dinek na citliv\u00fd nervov\u00fd syst\u00e9m. Tyto t\u0159i prvky, kter\u00e9 p\u016fsob\u00ed komplexn\u011b, pom\u00e1haj\u00ed d\u00edt\u011bti soust\u0159edit se a sn\u00ed\u017eit podr\u00e1\u017ed\u011bnost, zejm\u00e9na b\u011bhem procesu u\u010den\u00ed. Stejn\u011b tak v dob\u011b velk\u00e9ho pracovn\u00edho vyt\u00ed\u017een\u00ed ve \u0161kole jsou d\u016fle\u017eit\u00e9 <strong>vitam\u00edny skupiny B<\/strong> , kter\u00e9 p\u016fsob\u00ed komplexn\u011b na mozek. <strong>Vitamin B6<\/strong> zlep\u0161uje chu\u0165 k j\u00eddlu, sni\u017euje \u00fanavu a podr\u00e1\u017ed\u011bnost d\u00edt\u011bte. <strong>Vitamin B9<\/strong> m\u00e1 velk\u00fd v\u00fdznam pro tvorbu nov\u00fdch bun\u011bk, \u010d\u00edm\u017e p\u0159edch\u00e1z\u00ed slabosti, bled\u00e9mu vzhledu obli\u010deje, bolestem hlavy, \u0161patn\u00e9 chuti k j\u00eddlu a sp\u00e1nku a tak\u00e9 poruch\u00e1m koordinace pohybu. Proto je tento produkt povinnou slo\u017ekou stravy ka\u017ed\u00e9ho mal\u00e9ho d\u00edt\u011bte. <strong>Vitamin B12<\/strong> je tak\u00e9 zodpov\u011bdn\u00fd za tvorbu nov\u00fdch bun\u011bk. Krom\u011b toho se pod\u00edl\u00ed na r\u016fstu kost\u00ed a uvol\u0148uje nervov\u00e9 nap\u011bt\u00ed. <strong>Vitam\u00edny skupiny B<\/strong> zabra\u0148uj\u00ed probl\u00e9m\u016fm se st\u0159evy, normalizuj\u00ed pr\u00e1ci tr\u00e1vic\u00edho traktu a v\u00fdm\u011bnu l\u00e1tek. Pom\u00e1haj\u00ed d\u011btsk\u00e9mu organismu p\u0159em\u011bnit potravu na energii, kter\u00e1 je nezbytn\u00e1 pro norm\u00e1ln\u00ed fungov\u00e1n\u00ed tr\u00e1vic\u00edho syst\u00e9mu. Aktivn\u00ed \u00fa\u010dast na regulaci v\u00fdm\u011bny sacharid\u016f a lipid\u016f p\u0159edpokl\u00e1d\u00e1 <strong>chrom<\/strong>. <strong>Ho\u0159\u010d\u00edk<\/strong> je pova\u017eov\u00e1n za jeden z nejlep\u0161\u00edch prost\u0159edk\u016f pro sn\u00ed\u017een\u00ed kyselosti \u017ealude\u010dn\u00edch \u0161\u0165\u00e1v. Doporu\u010duje se proti bolestem \u017ealudku, p\u00e1len\u00ed \u017e\u00e1hy a nepohodl\u00ed. <strong>J\u00f3d<\/strong> reguluje v\u00fdm\u011bnu hmoty a energie, pr\u00e1ci nervov\u00e9 soustavy a mozku, t\u011blesnou teplotu, r\u016fst a v\u00fdvoj. <strong>J\u00f3d<\/strong> je stopov\u00fd prvek, kter\u00fd je prost\u011b nezbytn\u00fd pro intelektu\u00e1ln\u00ed v\u00fdvoj d\u00edt\u011bte. Bylo potvrzeno, \u017ee IQ p\u0159\u00edmo souvis\u00ed s obsahem j\u00f3du v t\u011ble, proto\u017ee j\u00f3d je kl\u00ed\u010dem k \u00fasp\u011b\u0161n\u00e9mu du\u0161evn\u00edmu, fyzick\u00e9mu a psychick\u00e9mu v\u00fdvoji. Z\u00e1kladn\u00ed investici do zdrav\u00ed kost\u00ed a zub\u016f zaji\u0161\u0165uje <strong>vitam\u00edn D3<\/strong>. Star\u00e1 se o vst\u0159eb\u00e1v\u00e1n\u00ed v\u00e1pn\u00edku ve st\u0159evech a zabra\u0148uje jeho nadm\u011brn\u00e9mu vylu\u010dov\u00e1n\u00ed z ledvin. <strong>Vitamin D3<\/strong> zaji\u0161\u0165uje optim\u00e1ln\u00ed vst\u0159eb\u00e1v\u00e1n\u00ed v\u00e1pn\u00edku pro tvorbu zdrav\u00fdch kost\u00ed. <strong>Mangan<\/strong> m\u00e1 velk\u00fd v\u00fdznam pro tvorbu kost\u00ed a pojivov\u00e9 tk\u00e1n\u011b. <strong>Selen<\/strong> , <strong>m\u011b\u010f<\/strong> , <strong>vitam\u00edny C<\/strong> , <strong>E<\/strong> , <strong>betakaroten<\/strong> chr\u00e1n\u00ed d\u011btsk\u00fd organismus p\u0159ed nep\u0159\u00edjemn\u00fdmi vlivy okoln\u00edho prost\u0159ed\u00ed. M\u00e1 nejen vysokou antioxida\u010dn\u00ed aktivitu, ale tak\u00e9 imunostimula\u010dn\u00ed a adaptogenn\u00ed \u00fa\u010dinek a velmi dob\u0159e uchov\u00e1v\u00e1 pam\u011b\u0165. <strong>Chrom<\/strong> normalizuje hladinu gluk\u00f3zy v krvi a obnovuje toleranci k n\u00ed u d\u011bt\u00ed s nedostatkem b\u00edlkovin a energie. Stejn\u011b jako <strong>mangan<\/strong> aktivn\u011b ovliv\u0148uje synt\u00e9zu cholesterolu a p\u0159isp\u00edv\u00e1 ke sn\u00ed\u017een\u00ed jeho hladiny v krvi. V obdob\u00ed aktivn\u00edho r\u016fstu je <strong>mangan<\/strong> neobvykle d\u016fle\u017eit\u00fd pro nervov\u00fd a imunitn\u00ed syst\u00e9m d\u00edt\u011bte. <strong>Vitamin C<\/strong> podporuje zdrav\u00ed kost\u00ed a zub\u016f, urychluje schopnost rychlej\u0161\u00edho hojen\u00ed ran. Pod\u00edl\u00ed se na synt\u00e9ze kolagenu, d\u016fle\u017eit\u00e9 stavebn\u00ed slo\u017eky k\u016f\u017ee, c\u00e9v, \u0161lach, vaz\u016f a kost\u00ed. <strong>Vitam\u00edn K<\/strong> je zn\u00e1m\u00fd jako koagula\u010dn\u00ed vitam\u00edn, co\u017e znamen\u00e1, \u017ee hraje nepostradatelnou roli p\u0159i sr\u00e1\u017een\u00ed krve. V j\u00e1trech se vytv\u00e1\u0159\u00ed n\u011bkolik typ\u016f b\u00edlkovin, kter\u00e9 putuj\u00ed krv\u00ed jako neaktivn\u00ed. Dojde-li v t\u011ble ke krv\u00e1cen\u00ed (a\u0165 u\u017e spont\u00e1nn\u011b nebo n\u00e1sledkem \u00farazu), <strong>vitamin K<\/strong> spolu s v\u00e1pn\u00edkem umo\u017e\u0148uje aktivaci sr\u00e1\u017eec\u00edch b\u00edlkovin (faktor\u016f). Nyn\u00ed jako aktivn\u00ed formy tvo\u0159\u00ed proteiny sra\u017eeninu v m\u00edst\u011b krv\u00e1cen\u00ed a zastavuj\u00ed krv\u00e1cen\u00ed. <strong>Vitamin K<\/strong> p\u0159\u00edzniv\u011b ovliv\u0148uje obsah miner\u00e1ln\u00edch l\u00e1tek a hustotu kost\u00ed, \u010d\u00edm\u017e poskytuje ochranu p\u0159ed osteopor\u00f3zou v pozd\u011bj\u0161\u00edch letech. <strong>Vitamin K<\/strong> aktivuje osteokalcin, kter\u00fd hraje kl\u00ed\u010dovou roli p\u0159i zabudov\u00e1n\u00ed v\u00e1pn\u00edku do kostn\u00ed tk\u00e1n\u011b. <strong>Ho\u0159\u010d\u00edk<\/strong> sni\u017euje riziko l\u00e1mavosti a l\u00e1mavosti kost\u00ed u d\u011bt\u00ed, hraje d\u016fle\u017eitou roli v mechanismu svalov\u00e9 kontrakce a energetick\u00fdch pochodech. <strong>Betakaroten<\/strong> udr\u017euje poko\u017eku, vlasy a kosti ve zdrav\u00e9m stavu. Je ochr\u00e1ncem a regener\u00e1torem dobr\u00e9ho zraku a p\u0159isp\u00edv\u00e1 k norm\u00e1ln\u00ed \u010dinnosti s\u00edtnice. O\u010di tak\u00e9 pot\u0159ebuj\u00ed <strong>vitam\u00edn C<\/strong> , proto\u017ee bez n\u011bj si t\u011blo nedok\u00e1\u017ee vytvo\u0159it antioxida\u010dn\u00ed ochranu pro zrakov\u00e9 org\u00e1ny. <strong>Junior Classic<\/strong> je velmi p\u0159\u00edjemn\u00fd na konzumaci: vyr\u00e1b\u00ed se ve form\u011b \u017ev\u00fdkac\u00edch tablet s p\u0159\u00edrodn\u00ed jahodovou chut\u00ed, kterou si d\u011bti spojuj\u00ed s bonbony.  <\/p>\n<ul>\n<li>P\u0159isp\u00edv\u00e1 k fyzick\u00e9mu rozvoji<\/li>\n<li>Zvy\u0161uje odolnost organismu v\u016f\u010di nemocem<\/li>\n<li>Posiluje zuby a kosti<\/li>\n<li>Stimuluje du\u0161evn\u00ed v\u00fdvoj<\/li>\n<li>Zdroj vitam\u00edn\u016f<\/li>\n<li>Dopl\u0148uje nedostatek vitam\u00edn\u016f a j\u00f3du v d\u011btsk\u00e9m organismu.<\/li>\n<li>P\u0159isp\u00edv\u00e1 k rozvoji d\u011btsk\u00e9ho organismu jako celku.<\/li>\n<li>Ovliv\u0148uje fyzick\u00fd, psychick\u00fd a psychick\u00fd v\u00fdvoj d\u00edt\u011bte.<\/li>\n<li>Podporuje \u010dinnost nervov\u00e9 soustavy.<\/li>\n<li>Zvy\u0161uje rychlost reakce, pozornost, pam\u011b\u0165 a trp\u011blivost.<\/li>\n<li>Odstra\u0148uje podr\u00e1\u017ed\u011bnost a zlep\u0161uje sp\u00e1nek.<\/li>\n<li>Reguluje v\u00fdm\u011bnu hmoty a energetick\u00fd stav d\u011btsk\u00e9ho organismu.<\/li>\n<li>M\u00e1 pozitivn\u00ed vliv na \u010dinnost gastrointestin\u00e1ln\u00edho traktu, zlep\u0161uje chu\u0165 k j\u00eddlu.<\/li>\n<\/ul>\n<p><strong>Slo\u017een\u00ed:<\/strong> \u017eelezo, <a href=\"https:\/\/visionstore.co.rs\/cink-i-nase-zdravlje\/\">zinek<\/a> , <a href=\"https:\/\/visionstore.co.rs\/mangan\/\">mangan<\/a> , <a href=\"https:\/\/visionstore.co.rs\/cs\/bakar-2\/\">m\u011b\u010f<\/a> , <a href=\"https:\/\/visionstore.co.rs\/hrom\/\">chrom<\/a> , <a href=\"https:\/\/visionstore.co.rs\/jod\/\">j\u00f3d<\/a> , vitam\u00edny B1, B2, B3, B5, B6, biotin, <a href=\"https:\/\/visionstore.co.rs\/folna-kiselina-vitamin-b9\/\">kyselina listov\u00e1<\/a> , <a href=\"https:\/\/visionstore.co.rs\/vitamin-b12\/\">B12<\/a> , <a href=\"https:\/\/visionstore.co.rs\/koliko-je-vazan-vitamin-c\/\">C<\/a> , <a href=\"https:\/\/visionstore.co.rs\/acerola-i-vitamini-c-i-k\/\">K<\/a> , <a href=\"https:\/\/visionstore.co.rs\/cs\/vitamin-d-2\/\">D3<\/a> , E, <a href=\"https:\/\/visionstore.co.rs\/cudesna-dejstva-magnezijuma\/\">ho\u0159\u010d\u00edk<\/a> , <a href=\"https:\/\/visionstore.co.rs\/cs\/selen-2\/\">selen<\/a> a <a href=\"https:\/\/visionstore.co.rs\/beta-karoten\/\">beta-karoten<\/a> .           <strong>Mno\u017estv\u00ed: 60 \u017ev\u00fdkac\u00edch tablet<\/strong> <strong>Zp\u016fsob pod\u00e1n\u00ed:<\/strong> U d\u011bt\u00ed star\u0161\u00edch 3 let jedna tableta 1x a\u017e 2x denn\u011b.  <strong>\u010cist\u00e1 hmotnost: 60 g<\/strong><\/p>\n<table width=\"0\">\n<tbody>\n<tr>\n<td width=\"253\"><strong>\u00da\u010dinn\u00e9 l\u00e1tky:<\/strong><\/td>\n<td width=\"104\"><strong>Jedna tableta (1 g) obsahuje:<\/strong><\/td>\n<td width=\"104\"><strong>Dv\u011b tablety (2 g) obsahuj\u00ed:<\/strong><\/td>\n<\/tr>\n<tr>\n<td width=\"253\">\u017delezo<\/td>\n<td width=\"104\">3,1 mg (22,1 % <strong>*<\/strong> )<\/td>\n<td width=\"104\">6,6 mg (44,2 % <strong>*<\/strong> )<\/td>\n<\/tr>\n<tr>\n<td width=\"253\">Zinek<\/td>\n<td width=\"104\">2,67 mg (26,7 % <strong>*<\/strong> )<\/td>\n<td width=\"104\">5,34 mg (53,4 % <strong>*<\/strong> )<\/td>\n<\/tr>\n<tr>\n<td width=\"253\">Mangan<\/td>\n<td width=\"104\">0,45 mg (22,5 % <strong>*<\/strong> )<\/td>\n<td width=\"104\">0,9 mg (45 % <strong>*<\/strong> )<\/td>\n<\/tr>\n<tr>\n<td width=\"253\">M\u011b\u010f<\/td>\n<td width=\"104\">190 \u00b5g (19,0 % <strong>*<\/strong> )<\/td>\n<td width=\"104\">380 \u00b5g (38,0 % <strong>*<\/strong> )<\/td>\n<\/tr>\n<tr>\n<td width=\"253\">Chrom<\/td>\n<td width=\"104\">9,5 \u00b5g (23,7 % <strong>*<\/strong> )<\/td>\n<td width=\"104\">19 \u00b5g (47,4 % <strong>*<\/strong> )<\/td>\n<\/tr>\n<tr>\n<td width=\"253\">J\u00f3d<\/td>\n<td width=\"104\">28 \u00b5g (18,7 % <strong>*<\/strong> )<\/td>\n<td width=\"104\">56 \u00b5g (37,4 % <strong>*<\/strong> )<\/td>\n<\/tr>\n<tr>\n<td width=\"253\">Vitamin B1<\/td>\n<td width=\"104\">0,43 mg (39,1 % <strong>*<\/strong> )<\/td>\n<td width=\"104\">0,86 mg (78,2 % <strong>*<\/strong> )<\/td>\n<\/tr>\n<tr>\n<td width=\"253\">Vitam\u00edn B2<\/td>\n<td width=\"104\">0,64 mg (45,7 % <strong>*<\/strong> )<\/td>\n<td width=\"104\">1,28 mg (91,4 % <strong>*<\/strong> )<\/td>\n<\/tr>\n<tr>\n<td width=\"253\">Niacin<\/td>\n<td width=\"104\">5,26 mg NE**** (32,9 % <strong>*<\/strong> )<\/td>\n<td width=\"104\">10,52 mg NE**** (65,8 % <strong>*<\/strong> )<\/td>\n<\/tr>\n<tr>\n<td width=\"253\">Kyselina pantothenov\u00e1<\/td>\n<td width=\"104\">1,18 mg (19,7 % <strong>*<\/strong> )<\/td>\n<td width=\"104\">2,36 mg (39,4 % <strong>*<\/strong> )<\/td>\n<\/tr>\n<tr>\n<td width=\"253\">Vitam\u00edn B6<\/td>\n<td width=\"104\">0,54 mg (38,6 % <strong>*<\/strong> )<\/td>\n<td width=\"104\">1,08 mg (77,2 % <strong>*<\/strong> )<\/td>\n<\/tr>\n<tr>\n<td width=\"253\">Biotin<\/td>\n<td width=\"104\">7,75 \u00b5g (15,5 % <strong>*<\/strong> )<\/td>\n<td width=\"104\">15,5 \u00b5g (31 % <strong>*<\/strong> )<\/td>\n<\/tr>\n<tr>\n<td width=\"253\">Kyselina listov\u00e1<\/td>\n<td width=\"104\">110 \u00b5g (55,0 % <strong>*<\/strong> )<\/td>\n<td width=\"104\">220 \u00b5g (110,0 % <strong>*<\/strong> )<\/td>\n<\/tr>\n<tr>\n<td width=\"253\">Vitam\u00edn B12<\/td>\n<td width=\"104\">0,63 \u00b5g (25,2 % <strong>*<\/strong> )<\/td>\n<td width=\"104\">1,26 \u00b5g (50,4 % <strong>*<\/strong> )<\/td>\n<\/tr>\n<tr>\n<td width=\"253\">Vitam\u00edn C<\/td>\n<td width=\"104\">22 mg (27,5 % <strong>*<\/strong> )<\/td>\n<td width=\"104\">44 mg (55 % <strong>*<\/strong> )<\/td>\n<\/tr>\n<tr>\n<td width=\"253\">Vitamin E<\/td>\n<td width=\"104\">3,15 mg \u03b1-TE*** (26,2 % <strong>*<\/strong> )<\/td>\n<td width=\"104\">6,3 mg \u03b1-TE*** (52,4 % <strong>*<\/strong> )<\/td>\n<\/tr>\n<tr>\n<td width=\"253\">Vitam\u00edn K<\/td>\n<td width=\"104\">34 \u00b5g (45,3 % <strong>*<\/strong> )<\/td>\n<td width=\"104\">68 \u00b5g (90,6 % <strong>*<\/strong> )<\/td>\n<\/tr>\n<tr>\n<td width=\"253\">Vitam\u00edn D3<\/td>\n<td width=\"104\">2,7 \u00b5g (54,0 % <strong>*<\/strong> )<\/td>\n<td width=\"104\">5,4 \u00b5g (108 % <strong>*<\/strong> )<\/td>\n<\/tr>\n<tr>\n<td width=\"253\">Ho\u0159\u010d\u00edk<\/td>\n<td width=\"104\">56,25 mg (15 % <strong>*<\/strong> )<\/td>\n<td width=\"104\">112,5 mg (30 % <strong>*<\/strong> )<\/td>\n<\/tr>\n<tr>\n<td width=\"253\">Selen<\/td>\n<td width=\"104\">5 \u00b5g (9 % <strong>*<\/strong> )<\/td>\n<td width=\"104\">10 \u00b5g (18 % <strong>*<\/strong> )<\/td>\n<\/tr>\n<tr>\n<td width=\"253\">Beta-karoten<\/td>\n<td width=\"104\">1700 \u00b5g**<\/td>\n<td width=\"104\">3400 \u00b5g**<\/td>\n<\/tr>\n<\/tbody>\n<\/table>\n<p>  *NRV &#8211; nutri\u010dn\u00ed referen\u010dn\u00ed hodnota ** &#8211; nutri\u010dn\u00ed referen\u010dn\u00ed hodnota nen\u00ed stanovena ***\u03b1-TE=\u03b1-ekvivalent tokoferolu ****NE &#8211; ekvivalent niacinu<\/p>\n","protected":false},"excerpt":{"rendered":"<p>\u2022 Poskytuje vyv\u00edjej\u00edc\u00edmu se organismu d\u00edt\u011bte spektrum pot\u0159ebn\u00fdch vitam\u00edn\u016f, mikro- a makroprvk\u016f. \u2022 Zaji\u0161\u0165uje kompletn\u00ed vst\u0159eb\u00e1v\u00e1n\u00ed v\u00e1pn\u00edku a p\u0159isp\u00edv\u00e1 k pos\u00edlen\u00ed kost\u00ed a zub\u016f. \u2022 Zvy\u0161uje odolnost organismu proti nachlazen\u00ed a posiluje imunitu. \u2022 Je \u00fa\u010dinn\u00fd v obdob\u00ed adaptace d\u011bt\u00ed na \u0161kolku a \u0161kolu. \u2022 P\u0159isp\u00edv\u00e1 ke spr\u00e1vn\u00e9mu v\u00fdvoji d\u00edt\u011bte. \u2022 Pozitivn\u011b ovliv\u0148uje stabilitu nervov\u00e9 soustavy d\u00edt\u011bte. \u2022 Zvy\u0161uje motorickou a kognitivn\u00ed aktivitu. \u2022 Spl\u0148uje v\u0161echny pot\u0159eby pro harmonick\u00fd rozvoj organismu. \u2022 Dopl\u0148uje nedostatek vitam\u00edn\u016f a j\u00f3du v d\u011btsk\u00e9m organismu.<\/p>\n","protected":false},"featured_media":28910,"comment_status":"open","ping_status":"closed","template":"","meta":{"_acf_changed":false,"_uag_custom_page_level_css":"","site-sidebar-layout":"default","site-content-layout":"default","ast-site-content-layout":"default","site-content-style":"default","site-sidebar-style":"default","ast-global-header-display":"","ast-banner-title-visibility":"","ast-main-header-display":"","ast-hfb-above-header-display":"","ast-hfb-below-header-display":"","ast-hfb-mobile-header-display":"","site-post-title":"","ast-breadcrumbs-content":"","ast-featured-img":"","footer-sml-layout":"","ast-disable-related-posts":"","theme-transparent-header-meta":"default","adv-header-id-meta":"","stick-header-meta":"default","header-above-stick-meta":"","header-main-stick-meta":"","header-below-stick-meta":"","astra-migrate-meta-layouts":"default","ast-page-background-enabled":"default","ast-page-background-meta":{"desktop":{"background-color":"","background-image":"","background-repeat":"repeat","background-position":"center center","background-size":"auto","background-attachment":"scroll","background-type":"","background-media":"","overlay-type":"","overlay-color":"","overlay-opacity":"","overlay-gradient":""},"tablet":{"background-color":"","background-image":"","background-repeat":"repeat","background-position":"center center","background-size":"auto","background-attachment":"scroll","background-type":"","background-media":"","overlay-type":"","overlay-color":"","overlay-opacity":"","overlay-gradient":""},"mobile":{"background-color":"","background-image":"","background-repeat":"repeat","background-position":"center center","background-size":"auto","background-attachment":"scroll","background-type":"","background-media":"","overlay-type":"","overlay-color":"","overlay-opacity":"","overlay-gradient":""}},"ast-content-background-meta":{"desktop":{"background-color":"var(--ast-global-color-4)","background-image":"","background-repeat":"repeat","background-position":"center center","background-size":"auto","background-attachment":"scroll","background-type":"","background-media":"","overlay-type":"","overlay-color":"","overlay-opacity":"","overlay-gradient":""},"tablet":{"background-color":"var(--ast-global-color-4)","background-image":"","background-repeat":"repeat","background-position":"center center","background-size":"auto","background-attachment":"scroll","background-type":"","background-media":"","overlay-type":"","overlay-color":"","overlay-opacity":"","overlay-gradient":""},"mobile":{"background-color":"var(--ast-global-color-4)","background-image":"","background-repeat":"repeat","background-position":"center center","background-size":"auto","background-attachment":"scroll","background-type":"","background-media":"","overlay-type":"","overlay-color":"","overlay-opacity":"","overlay-gradient":""}}},"product_brand":[],"product_cat":[362],"product_tag":[],"class_list":{"0":"post-18723","1":"product","2":"type-product","3":"status-publish","4":"has-post-thumbnail","6":"product_cat-junior-hit","7":"desktop-align-center","8":"tablet-align-center","9":"mobile-align-center","10":"ast-product-gallery-layout-horizontal","11":"ast-product-tabs-layout-distributed","12":"ast-qv-on-image","14":"first","15":"instock","16":"taxable","17":"shipping-taxable","18":"purchasable","19":"product-type-simple"},"acf":[],"uagb_featured_image_src":{"full":["https:\/\/i0.wp.com\/visionstore.co.rs\/wp-content\/uploads\/2021\/11\/Junior_Classic.png?fit=1024%2C1024&ssl=1",1024,1024,false],"thumbnail":["https:\/\/i0.wp.com\/visionstore.co.rs\/wp-content\/uploads\/2021\/11\/Junior_Classic.png?resize=150%2C150&ssl=1",150,150,true],"medium":["https:\/\/i0.wp.com\/visionstore.co.rs\/wp-content\/uploads\/2021\/11\/Junior_Classic.png?fit=300%2C300&ssl=1",300,300,true],"medium_large":["https:\/\/i0.wp.com\/visionstore.co.rs\/wp-content\/uploads\/2021\/11\/Junior_Classic.png?fit=768%2C768&ssl=1",768,768,true],"large":["https:\/\/i0.wp.com\/visionstore.co.rs\/wp-content\/uploads\/2021\/11\/Junior_Classic.png?fit=1024%2C1024&ssl=1",1024,1024,true],"1536x1536":["https:\/\/i0.wp.com\/visionstore.co.rs\/wp-content\/uploads\/2021\/11\/Junior_Classic.png?fit=1024%2C1024&ssl=1",1024,1024,true],"2048x2048":["https:\/\/i0.wp.com\/visionstore.co.rs\/wp-content\/uploads\/2021\/11\/Junior_Classic.png?fit=1024%2C1024&ssl=1",1024,1024,true],"mailpoet_newsletter_max":["https:\/\/i0.wp.com\/visionstore.co.rs\/wp-content\/uploads\/2021\/11\/Junior_Classic.png?fit=1024%2C1024&ssl=1",1024,1024,true],"woocommerce_thumbnail":["https:\/\/i0.wp.com\/visionstore.co.rs\/wp-content\/uploads\/2021\/11\/Junior_Classic.png?fit=900%2C900&ssl=1",900,900,true],"woocommerce_single":["https:\/\/i0.wp.com\/visionstore.co.rs\/wp-content\/uploads\/2021\/11\/Junior_Classic.png?fit=1024%2C1024&ssl=1",1024,1024,true],"woocommerce_gallery_thumbnail":["https:\/\/i0.wp.com\/visionstore.co.rs\/wp-content\/uploads\/2021\/11\/Junior_Classic.png?resize=100%2C100&ssl=1",100,100,true]},"uagb_author_info":{"display_name":"admin","author_link":"https:\/\/visionstore.co.rs\/cs\/author\/"},"uagb_comment_info":7,"uagb_excerpt":"\u2022 Poskytuje vyv\u00edjej\u00edc\u00edmu se organismu d\u00edt\u011bte spektrum pot\u0159ebn\u00fdch vitam\u00edn\u016f, mikro- a makroprvk\u016f. \u2022 Zaji\u0161\u0165uje kompletn\u00ed vst\u0159eb\u00e1v\u00e1n\u00ed v\u00e1pn\u00edku a p\u0159isp\u00edv\u00e1 k pos\u00edlen\u00ed kost\u00ed a zub\u016f. \u2022 Zvy\u0161uje odolnost organismu proti nachlazen\u00ed a posiluje imunitu. \u2022 Je \u00fa\u010dinn\u00fd v obdob\u00ed adaptace d\u011bt\u00ed na \u0161kolku a \u0161kolu. \u2022 P\u0159isp\u00edv\u00e1 ke spr\u00e1vn\u00e9mu v\u00fdvoji d\u00edt\u011bte. \u2022 Pozitivn\u011b ovliv\u0148uje stabilitu nervov\u00e9&hellip;","jetpack_sharing_enabled":true,"_links":{"self":[{"href":"https:\/\/visionstore.co.rs\/cs\/wp-json\/wp\/v2\/product\/18723","targetHints":{"allow":["GET"]}}],"collection":[{"href":"https:\/\/visionstore.co.rs\/cs\/wp-json\/wp\/v2\/product"}],"about":[{"href":"https:\/\/visionstore.co.rs\/cs\/wp-json\/wp\/v2\/types\/product"}],"replies":[{"embeddable":true,"href":"https:\/\/visionstore.co.rs\/cs\/wp-json\/wp\/v2\/comments?post=18723"}],"wp:featuredmedia":[{"embeddable":true,"href":"https:\/\/visionstore.co.rs\/cs\/wp-json\/wp\/v2\/media\/28910"}],"wp:attachment":[{"href":"https:\/\/visionstore.co.rs\/cs\/wp-json\/wp\/v2\/media?parent=18723"}],"wp:term":[{"taxonomy":"product_brand","embeddable":true,"href":"https:\/\/visionstore.co.rs\/cs\/wp-json\/wp\/v2\/product_brand?post=18723"},{"taxonomy":"product_cat","embeddable":true,"href":"https:\/\/visionstore.co.rs\/cs\/wp-json\/wp\/v2\/product_cat?post=18723"},{"taxonomy":"product_tag","embeddable":true,"href":"https:\/\/visionstore.co.rs\/cs\/wp-json\/wp\/v2\/product_tag?post=18723"}],"curies":[{"name":"wp","href":"https:\/\/api.w.org\/{rel}","templated":true}]}}