{"id":18762,"date":"2019-12-27T17:12:34","date_gmt":"2019-12-27T16:12:34","guid":{"rendered":"https:\/\/visionstore.co.rs\/product\/pentactive-neo-naramek-stribrny\/"},"modified":"2026-03-11T09:56:28","modified_gmt":"2026-03-11T08:56:28","slug":"pentactive-neo-bracelet-silver","status":"publish","type":"product","link":"https:\/\/visionstore.co.rs\/cs\/product\/pentactive-neo-bracelet-silver\/","title":{"rendered":"Pentactive Neo n\u00e1ramek &#8211; st\u0159\u00edbrn\u00fd"},"content":{"rendered":"<p><strong><em><a href=\"https:\/\/visionstore.co.rs\/lekovita-svojstva-terapije-magnetom-germanijumom-kiseonikom\/\">Pentactive Neo n\u00e1ramky<\/a> s vyt\u0159\u00edben\u00fdm designem od Vision, vytvo\u0159en\u00e9 pro modern\u00ed lidi. Maj\u00ed l\u00e9\u010div\u00fd \u00fa\u010dinek, zam\u011b\u0159en\u00fd na zlep\u0161en\u00ed pr\u00e1ce z\u00e1kladn\u00edch syst\u00e9m\u016f lidsk\u00e9ho t\u011bla<\/em><\/strong><\/p>\n<ul>\n<li>Zvy\u0161uj\u00ed celkovou odolnost organismu<\/li>\n<li>Dod\u00e1vaj\u00ed extra energii<\/li>\n<li>Zlep\u0161uj\u00ed pr\u016ftok krve<\/li>\n<li>Zpomaluj\u00ed proces st\u00e1rnut\u00ed<\/li>\n<\/ul>\n<p>N\u00e1ramky PentActive jsou vyrobeny s pomoc\u00ed nanotechnologie, maj\u00ed l\u00e9\u010div\u00fd \u00fa\u010dinek na cel\u00e9 t\u011blo, posiluj\u00ed zdrav\u00ed, imunitu a pom\u00e1haj\u00ed zm\u00edr\u0148ovat negativn\u00ed dopad r\u016fzn\u00fdch negativn\u00edch faktor\u016f.<br \/>\nUnik\u00e1tn\u00ed dopl\u0148ky kombinuj\u00ed rafinovan\u00fd design a technologie nejnov\u011bj\u0161\u00ed generace. P\u011bt bioaktivn\u00edch prvk\u016f n\u00e1ramku PentActive napl\u0148uje t\u011blo energi\u00ed, zlep\u0161uje pr\u016ftok krve, normalizuje v\u00fdm\u011bnu l\u00e1tek a zpomaluje proces st\u00e1rnut\u00ed.<br \/>\nN\u00e1ramky jsou vyrobeny z nejkvalitn\u011bj\u0161\u00edho materi\u00e1lu, jeho\u017e z\u00e1kladem je titan ve st\u0159\u00edbrn\u00e9 barv\u011b. <\/p>\n<p>Pro sofistikovan\u00e9 lidi doporu\u010dujeme klasick\u00fd design. Velikost, v z\u00e1vislosti na va\u0161em z\u00e1p\u011bst\u00ed, se uprav\u00ed odstran\u011bn\u00edm \u010d\u00e1st\u00ed.<\/p>\n<ul>\n<li><strong>AeroTeq<\/strong> &#8211; biokeramick\u00e1 aditiva emituj\u00ed z\u00e1porn\u011b nabit\u00e9 ionty kysl\u00edku o koncentraci 800-1000 iont\u016f\/cm\u00b3. D\u00edky schopnosti zv\u00fd\u0161it hladinu serotoninu n\u00e1m dod\u00e1vaj\u00ed energii a sv\u011b\u017eest.<\/li>\n<li><strong>NanosilverTeq<\/strong> \u2013 dopl\u0148ky s kladn\u011b nabit\u00fdmi ionty nanost\u0159\u00edbra, kter\u00e9 maj\u00ed siln\u00fd antibakteri\u00e1ln\u00ed a antivirov\u00fd \u00fa\u010dinek.<\/li>\n<li><strong>MagTeq<\/strong> &#8211; dopl\u0148ky s \u00fa\u010dinkem magnetoterapie se pou\u017e\u00edvaj\u00ed ke zlep\u0161en\u00ed sp\u00e1nku a normalizaci tlaku, ale tak\u00e9 proti z\u00e1n\u011bt\u016fm a bolestem kloub\u016f a sval\u016f. Indukuj\u00ed elektromagnetick\u00e9 pole 750-800 Gs.<\/li>\n<li><strong>SolarTeq<\/strong> \u2013 biokeramick\u00e9 dopl\u0148ky s infra\u010derven\u00fdm vlnov\u00fdm z\u00e1\u0159en\u00edm v rozsahu 4 a\u017e 14 mikron\u016f. Infra\u010derven\u00e9 vlny, kter\u00e9 pronikaj\u00ed k\u016f\u017e\u00ed, p\u0159ich\u00e1zej\u00ed do kontaktu s molekulami vody, co\u017e zp\u016fsobuje roz\u0161\u00ed\u0159en\u00ed krevn\u00edch c\u00e9v. Intenzivn\u011bj\u0161\u00ed krevn\u00ed ob\u011bh p\u0159isp\u00edv\u00e1 k normalizaci metabolismu a regeneraci tk\u00e1n\u00ed.<\/li>\n<li><strong>GermaTeq<\/strong> \u2013 biokeramick\u00e9 p\u0159\u00edsady s germaniem 200 PPM. Germanium m\u00e1 schopnost z\u00e1sobovat bu\u0148ky kysl\u00edkem a stimulovat je k v\u00fdrob\u011b energie.<\/li>\n<\/ul>\n","protected":false},"excerpt":{"rendered":"<p>\u2022 Zvy\u0161uje celkovou odolnost organismu.<br \/>\n\u2022 Dod\u00e1v\u00e1 energii.<br \/>\n\u2022 Zlep\u0161uje pr\u016ftok krve.<br \/>\n\u2022 Normalizuje metabolismus.<br \/>\n\u2022 P\u0159isp\u00edv\u00e1 k regeneraci tk\u00e1n\u00ed.<br \/>\n\u2022 Zpomaluje proces st\u00e1rnut\u00ed.<br \/>\n\u2022 P\u016fsob\u00ed protiz\u00e1n\u011btliv\u011b.<br \/>\n\u2022 Normalizuje tlak.<\/p>\n","protected":false},"featured_media":18753,"comment_status":"open","ping_status":"closed","template":"","meta":{"_acf_changed":false,"_uag_custom_page_level_css":"","site-sidebar-layout":"default","site-content-layout":"default","ast-site-content-layout":"default","site-content-style":"default","site-sidebar-style":"default","ast-global-header-display":"","ast-banner-title-visibility":"","ast-main-header-display":"","ast-hfb-above-header-display":"","ast-hfb-below-header-display":"","ast-hfb-mobile-header-display":"","site-post-title":"","ast-breadcrumbs-content":"","ast-featured-img":"","footer-sml-layout":"","ast-disable-related-posts":"","theme-transparent-header-meta":"default","adv-header-id-meta":"","stick-header-meta":"default","header-above-stick-meta":"","header-main-stick-meta":"","header-below-stick-meta":"","astra-migrate-meta-layouts":"default","ast-page-background-enabled":"default","ast-page-background-meta":{"desktop":{"background-color":"","background-image":"","background-repeat":"repeat","background-position":"center center","background-size":"auto","background-attachment":"scroll","background-type":"","background-media":"","overlay-type":"","overlay-color":"","overlay-opacity":"","overlay-gradient":""},"tablet":{"background-color":"","background-image":"","background-repeat":"repeat","background-position":"center center","background-size":"auto","background-attachment":"scroll","background-type":"","background-media":"","overlay-type":"","overlay-color":"","overlay-opacity":"","overlay-gradient":""},"mobile":{"background-color":"","background-image":"","background-repeat":"repeat","background-position":"center center","background-size":"auto","background-attachment":"scroll","background-type":"","background-media":"","overlay-type":"","overlay-color":"","overlay-opacity":"","overlay-gradient":""}},"ast-content-background-meta":{"desktop":{"background-color":"var(--ast-global-color-4)","background-image":"","background-repeat":"repeat","background-position":"center center","background-size":"auto","background-attachment":"scroll","background-type":"","background-media":"","overlay-type":"","overlay-color":"","overlay-opacity":"","overlay-gradient":""},"tablet":{"background-color":"var(--ast-global-color-4)","background-image":"","background-repeat":"repeat","background-position":"center center","background-size":"auto","background-attachment":"scroll","background-type":"","background-media":"","overlay-type":"","overlay-color":"","overlay-opacity":"","overlay-gradient":""},"mobile":{"background-color":"var(--ast-global-color-4)","background-image":"","background-repeat":"repeat","background-position":"center center","background-size":"auto","background-attachment":"scroll","background-type":"","background-media":"","overlay-type":"","overlay-color":"","overlay-opacity":"","overlay-gradient":""}},"jetpack_post_was_ever_published":false},"product_brand":[],"product_cat":[368],"product_tag":[578],"class_list":{"0":"post-18762","1":"product","2":"type-product","3":"status-publish","4":"has-post-thumbnail","6":"product_cat-pentactive-neo-bracelets","7":"product_tag-cosmetics","8":"desktop-align-center","9":"tablet-align-center","10":"mobile-align-center","11":"ast-product-gallery-layout-horizontal","12":"ast-product-tabs-layout-distributed","13":"ast-qv-on-image","15":"first","16":"instock","17":"taxable","18":"shipping-taxable","19":"purchasable","20":"product-type-simple"},"acf":[],"uagb_featured_image_src":{"full":["https:\/\/i0.wp.com\/visionstore.co.rs\/wp-content\/uploads\/2019\/12\/srebrna_n.png?fit=500%2C500&ssl=1",500,500,false],"thumbnail":["https:\/\/i0.wp.com\/visionstore.co.rs\/wp-content\/uploads\/2019\/12\/srebrna_n.png?resize=150%2C150&ssl=1",150,150,true],"medium":["https:\/\/i0.wp.com\/visionstore.co.rs\/wp-content\/uploads\/2019\/12\/srebrna_n.png?fit=300%2C300&ssl=1",300,300,true],"medium_large":["https:\/\/i0.wp.com\/visionstore.co.rs\/wp-content\/uploads\/2019\/12\/srebrna_n.png?fit=500%2C500&ssl=1",500,500,true],"large":["https:\/\/i0.wp.com\/visionstore.co.rs\/wp-content\/uploads\/2019\/12\/srebrna_n.png?fit=500%2C500&ssl=1",500,500,true],"1536x1536":["https:\/\/i0.wp.com\/visionstore.co.rs\/wp-content\/uploads\/2019\/12\/srebrna_n.png?fit=500%2C500&ssl=1",500,500,true],"2048x2048":["https:\/\/i0.wp.com\/visionstore.co.rs\/wp-content\/uploads\/2019\/12\/srebrna_n.png?fit=500%2C500&ssl=1",500,500,true],"mailpoet_newsletter_max":["https:\/\/i0.wp.com\/visionstore.co.rs\/wp-content\/uploads\/2019\/12\/srebrna_n.png?fit=500%2C500&ssl=1",500,500,true],"woocommerce_thumbnail":["https:\/\/i0.wp.com\/visionstore.co.rs\/wp-content\/uploads\/2019\/12\/srebrna_n.png?fit=500%2C500&ssl=1",500,500,true],"woocommerce_single":["https:\/\/i0.wp.com\/visionstore.co.rs\/wp-content\/uploads\/2019\/12\/srebrna_n.png?fit=500%2C500&ssl=1",500,500,true],"woocommerce_gallery_thumbnail":["https:\/\/i0.wp.com\/visionstore.co.rs\/wp-content\/uploads\/2019\/12\/srebrna_n.png?resize=100%2C100&ssl=1",100,100,true]},"uagb_author_info":{"display_name":"admin","author_link":"https:\/\/visionstore.co.rs\/cs\/author\/"},"uagb_comment_info":1,"uagb_excerpt":"\u2022 Zvy\u0161uje celkovou odolnost organismu. \u2022 Dod\u00e1v\u00e1 energii. \u2022 Zlep\u0161uje pr\u016ftok krve. \u2022 Normalizuje metabolismus. \u2022 P\u0159isp\u00edv\u00e1 k regeneraci tk\u00e1n\u00ed. \u2022 Zpomaluje proces st\u00e1rnut\u00ed. \u2022 P\u016fsob\u00ed protiz\u00e1n\u011btliv\u011b. \u2022 Normalizuje tlak.","jetpack_sharing_enabled":true,"_links":{"self":[{"href":"https:\/\/visionstore.co.rs\/cs\/wp-json\/wp\/v2\/product\/18762","targetHints":{"allow":["GET"]}}],"collection":[{"href":"https:\/\/visionstore.co.rs\/cs\/wp-json\/wp\/v2\/product"}],"about":[{"href":"https:\/\/visionstore.co.rs\/cs\/wp-json\/wp\/v2\/types\/product"}],"replies":[{"embeddable":true,"href":"https:\/\/visionstore.co.rs\/cs\/wp-json\/wp\/v2\/comments?post=18762"}],"wp:featuredmedia":[{"embeddable":true,"href":"https:\/\/visionstore.co.rs\/cs\/wp-json\/wp\/v2\/media\/18753"}],"wp:attachment":[{"href":"https:\/\/visionstore.co.rs\/cs\/wp-json\/wp\/v2\/media?parent=18762"}],"wp:term":[{"taxonomy":"product_brand","embeddable":true,"href":"https:\/\/visionstore.co.rs\/cs\/wp-json\/wp\/v2\/product_brand?post=18762"},{"taxonomy":"product_cat","embeddable":true,"href":"https:\/\/visionstore.co.rs\/cs\/wp-json\/wp\/v2\/product_cat?post=18762"},{"taxonomy":"product_tag","embeddable":true,"href":"https:\/\/visionstore.co.rs\/cs\/wp-json\/wp\/v2\/product_tag?post=18762"}],"curies":[{"name":"wp","href":"https:\/\/api.w.org\/{rel}","templated":true}]}}