{"id":18906,"date":"2019-12-27T18:03:09","date_gmt":"2019-12-27T17:03:09","guid":{"rendered":"https:\/\/visionstore.co.rs\/product\/skincare-bio-houba-pro-mastnou-plet\/"},"modified":"2026-02-02T11:13:12","modified_gmt":"2026-02-02T10:13:12","slug":"skincare-bio-sponge-for-oily-skin","status":"publish","type":"product","link":"https:\/\/visionstore.co.rs\/cs\/product\/skincare-bio-sponge-for-oily-skin\/","title":{"rendered":"SkinCare Bio houba pro mastnou ple\u0165"},"content":{"rendered":"<p>Kosmetick\u00e1 \u0159ada Vision SkinCare p\u0159edstavuje houbu pro mastnou ple\u0165 vyrobenou z rostliny konjac. SkinCare houbi\u010dky vyroben\u00e9 z rostliny konjac, trsnat\u00e9 asijsk\u00e9 rostliny, bohat\u00e9 na mnoho u\u017eite\u010dn\u00fdch l\u00e1tek, zejm\u00e9na miner\u00e1ly, v\u00e1pn\u00edk a k\u0159em\u00edk. Houbi\u010dka p\u016fsob\u00ed jako jemn\u00fd exfoliant, kter\u00fd jemn\u011b odstra\u0148uje odum\u0159el\u00e9 ko\u017en\u00ed bu\u0148ky.<\/p>\n<p>Obohacen\u00fd o extrakt z aktivn\u00edho bambusov\u00e9ho uhl\u00ed je zvl\u00e1\u0161t\u011b u\u017eite\u010dn\u00fd pro \u010di\u0161t\u011bn\u00ed a p\u00e9\u010di o mastnou a problematickou ple\u0165. Pom\u00e1h\u00e1 kontrolovat nadm\u011brnou sekreci ko\u017en\u00edho mazu, \u010dist\u00ed p\u00f3ry, odstra\u0148uje akn\u00e9 a ne\u010distoty.<\/p>\n<ul>\n<li>Obsahuj\u00ed miner\u00e1ly a antioxidanty<\/li>\n<li>\u010cist\u00ed do hloubky, ud\u011blaj\u00ed jemnou exfoliaci poko\u017eky<\/li>\n<li>Pom\u00e1haj\u00ed udr\u017eovat neutr\u00e1ln\u00ed pH rovnov\u00e1hu poko\u017eky<\/li>\n<li>P\u0159isp\u00edvaj\u00ed k regeneraci ko\u017en\u00edch bun\u011bk<\/li>\n<li>Vyhovuj\u00ed i \u200b\u200bjemn\u00e9 poko\u017ece kolem o\u010d\u00ed<\/li>\n<li>Vhodn\u00e9 pro citlivou poko\u017eku<\/li>\n<li>Vyhovuj\u00ed i \u200b\u200bjemn\u00e9 poko\u017ece miminek a d\u011bt\u00ed<\/li>\n<\/ul>\n<p><strong>Doporu\u010den\u00ed pro aplikaci:<\/strong><\/p>\n<ul>\n<li>Namo\u010dte houbu do tepl\u00e9 vody.<\/li>\n<li>Vyma\u010dkejte p\u0159ebyte\u010dnou vodu.<\/li>\n<li>Jemn\u011b o\u010dist\u011bte poko\u017eku. Kdy\u017e se nas\u00e1kne vodou a zv\u011bt\u0161\u00ed sv\u016fj objem, vet\u0159ete plochou stranu houbi\u010dky krou\u017eiv\u00fdmi pohyby na obli\u010dej a t\u011blo, abyste odstranili odum\u0159el\u00e9 bu\u0148ky a ne\u010distoty.<\/li>\n<li>Po pou\u017eit\u00ed a p\u0159ed dal\u0161\u00edm pou\u017eit\u00edm jej dob\u0159e opl\u00e1chn\u011bte a osu\u0161te.<\/li>\n<\/ul>\n<p><strong>Slo\u017een\u00ed:<br \/>\n<\/strong>ko\u0148akov\u00e1 rostlina, bambusov\u00e9 d\u0159ev\u011bn\u00e9 uhl\u00ed<\/p>\n","protected":false},"excerpt":{"rendered":"<ul>\n<li>Obsahuj\u00ed miner\u00e1ly a antioxidanty<\/li>\n<li>\u010cist\u00ed do hloubky, ud\u011blaj\u00ed jemnou exfoliaci poko\u017eky<\/li>\n<li>Pom\u00e1haj\u00ed udr\u017eovat neutr\u00e1ln\u00ed pH rovnov\u00e1hu poko\u017eky<\/li>\n<li>P\u0159isp\u00edvaj\u00ed k regeneraci ko\u017en\u00edch bun\u011bk<\/li>\n<li>Vyhovuj\u00ed i \u200b\u200bjemn\u00e9 poko\u017ece kolem o\u010d\u00ed<\/li>\n<li>Vhodn\u00e9 pro citlivou poko\u017eku<\/li>\n<li>Vyhovuj\u00ed i \u200b\u200bjemn\u00e9 poko\u017ece miminek a d\u011bt\u00ed<\/li>\n<\/ul>\n","protected":false},"featured_media":18907,"comment_status":"open","ping_status":"closed","template":"","meta":{"_acf_changed":false,"_uag_custom_page_level_css":"","site-sidebar-layout":"default","site-content-layout":"default","ast-site-content-layout":"default","site-content-style":"default","site-sidebar-style":"default","ast-global-header-display":"","ast-banner-title-visibility":"","ast-main-header-display":"","ast-hfb-above-header-display":"","ast-hfb-below-header-display":"","ast-hfb-mobile-header-display":"","site-post-title":"","ast-breadcrumbs-content":"","ast-featured-img":"","footer-sml-layout":"","ast-disable-related-posts":"","theme-transparent-header-meta":"default","adv-header-id-meta":"","stick-header-meta":"default","header-above-stick-meta":"","header-main-stick-meta":"","header-below-stick-meta":"","astra-migrate-meta-layouts":"default","ast-page-background-enabled":"default","ast-page-background-meta":{"desktop":{"background-color":"","background-image":"","background-repeat":"repeat","background-position":"center center","background-size":"auto","background-attachment":"scroll","background-type":"","background-media":"","overlay-type":"","overlay-color":"","overlay-opacity":"","overlay-gradient":""},"tablet":{"background-color":"","background-image":"","background-repeat":"repeat","background-position":"center center","background-size":"auto","background-attachment":"scroll","background-type":"","background-media":"","overlay-type":"","overlay-color":"","overlay-opacity":"","overlay-gradient":""},"mobile":{"background-color":"","background-image":"","background-repeat":"repeat","background-position":"center center","background-size":"auto","background-attachment":"scroll","background-type":"","background-media":"","overlay-type":"","overlay-color":"","overlay-opacity":"","overlay-gradient":""}},"ast-content-background-meta":{"desktop":{"background-color":"var(--ast-global-color-4)","background-image":"","background-repeat":"repeat","background-position":"center center","background-size":"auto","background-attachment":"scroll","background-type":"","background-media":"","overlay-type":"","overlay-color":"","overlay-opacity":"","overlay-gradient":""},"tablet":{"background-color":"var(--ast-global-color-4)","background-image":"","background-repeat":"repeat","background-position":"center center","background-size":"auto","background-attachment":"scroll","background-type":"","background-media":"","overlay-type":"","overlay-color":"","overlay-opacity":"","overlay-gradient":""},"mobile":{"background-color":"var(--ast-global-color-4)","background-image":"","background-repeat":"repeat","background-position":"center center","background-size":"auto","background-attachment":"scroll","background-type":"","background-media":"","overlay-type":"","overlay-color":"","overlay-opacity":"","overlay-gradient":""}},"jetpack_post_was_ever_published":false},"product_brand":[],"product_cat":[364],"product_tag":[578],"class_list":{"0":"post-18906","1":"product","2":"type-product","3":"status-publish","4":"has-post-thumbnail","6":"product_cat-bio-sponges-cs","7":"product_tag-cosmetics","8":"desktop-align-center","9":"tablet-align-center","10":"mobile-align-center","11":"ast-product-gallery-layout-horizontal","12":"ast-product-gallery-with-no-image","13":"ast-product-tabs-layout-distributed","14":"ast-qv-on-image","16":"first","17":"outofstock","18":"taxable","19":"shipping-taxable","20":"purchasable","21":"product-type-simple"},"acf":[],"uagb_featured_image_src":{"full":["https:\/\/i0.wp.com\/visionstore.co.rs\/wp-content\/uploads\/2019\/12\/133.png?fit=600%2C600&ssl=1",600,600,false],"thumbnail":["https:\/\/i0.wp.com\/visionstore.co.rs\/wp-content\/uploads\/2019\/12\/133.png?resize=150%2C150&ssl=1",150,150,true],"medium":["https:\/\/i0.wp.com\/visionstore.co.rs\/wp-content\/uploads\/2019\/12\/133.png?fit=300%2C300&ssl=1",300,300,true],"medium_large":["https:\/\/i0.wp.com\/visionstore.co.rs\/wp-content\/uploads\/2019\/12\/133.png?fit=600%2C600&ssl=1",600,600,true],"large":["https:\/\/i0.wp.com\/visionstore.co.rs\/wp-content\/uploads\/2019\/12\/133.png?fit=600%2C600&ssl=1",600,600,true],"1536x1536":["https:\/\/i0.wp.com\/visionstore.co.rs\/wp-content\/uploads\/2019\/12\/133.png?fit=600%2C600&ssl=1",600,600,true],"2048x2048":["https:\/\/i0.wp.com\/visionstore.co.rs\/wp-content\/uploads\/2019\/12\/133.png?fit=600%2C600&ssl=1",600,600,true],"mailpoet_newsletter_max":["https:\/\/i0.wp.com\/visionstore.co.rs\/wp-content\/uploads\/2019\/12\/133.png?fit=600%2C600&ssl=1",600,600,true],"woocommerce_thumbnail":["https:\/\/i0.wp.com\/visionstore.co.rs\/wp-content\/uploads\/2019\/12\/133.png?fit=600%2C600&ssl=1",600,600,true],"woocommerce_single":["https:\/\/i0.wp.com\/visionstore.co.rs\/wp-content\/uploads\/2019\/12\/133.png?fit=600%2C600&ssl=1",600,600,true],"woocommerce_gallery_thumbnail":["https:\/\/i0.wp.com\/visionstore.co.rs\/wp-content\/uploads\/2019\/12\/133.png?resize=100%2C100&ssl=1",100,100,true]},"uagb_author_info":{"display_name":"admin","author_link":"https:\/\/visionstore.co.rs\/cs\/author\/"},"uagb_comment_info":1,"uagb_excerpt":"Obsahuj\u00ed miner\u00e1ly a antioxidanty \u010cist\u00ed do hloubky, ud\u011blaj\u00ed jemnou exfoliaci poko\u017eky Pom\u00e1haj\u00ed udr\u017eovat neutr\u00e1ln\u00ed pH rovnov\u00e1hu poko\u017eky P\u0159isp\u00edvaj\u00ed k regeneraci ko\u017en\u00edch bun\u011bk Vyhovuj\u00ed i \u200b\u200bjemn\u00e9 poko\u017ece kolem o\u010d\u00ed Vhodn\u00e9 pro citlivou poko\u017eku Vyhovuj\u00ed i \u200b\u200bjemn\u00e9 poko\u017ece miminek a d\u011bt\u00ed","jetpack_sharing_enabled":true,"_links":{"self":[{"href":"https:\/\/visionstore.co.rs\/cs\/wp-json\/wp\/v2\/product\/18906","targetHints":{"allow":["GET"]}}],"collection":[{"href":"https:\/\/visionstore.co.rs\/cs\/wp-json\/wp\/v2\/product"}],"about":[{"href":"https:\/\/visionstore.co.rs\/cs\/wp-json\/wp\/v2\/types\/product"}],"replies":[{"embeddable":true,"href":"https:\/\/visionstore.co.rs\/cs\/wp-json\/wp\/v2\/comments?post=18906"}],"wp:featuredmedia":[{"embeddable":true,"href":"https:\/\/visionstore.co.rs\/cs\/wp-json\/wp\/v2\/media\/18907"}],"wp:attachment":[{"href":"https:\/\/visionstore.co.rs\/cs\/wp-json\/wp\/v2\/media?parent=18906"}],"wp:term":[{"taxonomy":"product_brand","embeddable":true,"href":"https:\/\/visionstore.co.rs\/cs\/wp-json\/wp\/v2\/product_brand?post=18906"},{"taxonomy":"product_cat","embeddable":true,"href":"https:\/\/visionstore.co.rs\/cs\/wp-json\/wp\/v2\/product_cat?post=18906"},{"taxonomy":"product_tag","embeddable":true,"href":"https:\/\/visionstore.co.rs\/cs\/wp-json\/wp\/v2\/product_tag?post=18906"}],"curies":[{"name":"wp","href":"https:\/\/api.w.org\/{rel}","templated":true}]}}