{"id":18916,"date":"2019-12-27T18:11:22","date_gmt":"2019-12-27T17:11:22","guid":{"rendered":"https:\/\/visionstore.co.rs\/product\/millenium-extra-help-gel\/"},"modified":"2025-10-22T10:14:13","modified_gmt":"2025-10-22T08:14:13","slug":"millenium-extra-help-gel","status":"publish","type":"product","link":"https:\/\/visionstore.co.rs\/cs\/product\/millenium-extra-help-gel\/","title":{"rendered":"Millenium Extra Help gel"},"content":{"rendered":"<p><strong>Millenium Extra Help gel<\/strong> \u2013 kosmetick\u00fd p\u0159\u00edpravek, kter\u00fd rychle, ale velmi pe\u010dliv\u011b navrac\u00ed ml\u00e1d\u00ed a kr\u00e1su. <strong>Millenium Extra Help gel<\/strong> &#8211; prost\u0159edek proti st\u00e1rnut\u00ed, kter\u00fd byl vytvo\u0159en speci\u00e1ln\u011b pro boj proti p\u0159ed\u010dasn\u00e9mu st\u00e1rnut\u00ed a pro rychl\u00e9 odstran\u011bn\u00ed kosmetick\u00fdch defekt\u016f pleti. Aktivn\u00ed l\u00e1tky s peptidov\u00fdm komplexem TEGO <sup>\u00ae<\/sup> Pep 4-17 napom\u00e1haj\u00ed omlazen\u00ed a posiluj\u00ed ochrann\u00e9 s\u00edly organismu, a tak komplexn\u011b p\u016fsob\u00ed na v\u0161echny zn\u00e1mky st\u00e1rnut\u00ed. <strong>Aplikace a slo\u017een\u00ed: Millenium Extra Help gel<\/strong> &#8211; legend\u00e1rn\u00ed produkt vytvo\u0159en\u00fd laborato\u0159\u00ed DEM4 jako p\u00e9\u010de o n\u011bco kr\u00e1sn\u00e9ho. Laborato\u0159 je vybavena nejmodern\u011bj\u0161\u00edmi technologiemi a inovativn\u00edmi syst\u00e9my. Laborato\u0159 DEM4 d\u00edky sv\u00e9 v\u00fdzkumn\u00e9 z\u00e1kladn\u011b vytv\u00e1\u0159\u00ed produkty, kter\u00e9 nemaj\u00ed obdoby. Slo\u017een\u00ed <strong>Millenium Extra Help gelu<\/strong> je unik\u00e1tn\u00ed a vylep\u0161en\u00e9 d\u00edky peptidov\u00e9mu komplexu TEGO\u00ae Pep 4-17, jsou p\u0159id\u00e1ny aktivn\u00ed a d\u016fle\u017eit\u00e9 slo\u017eky pro regeneraci poko\u017eky: D-panthenol, kofein a p\u0159\u00edrodn\u00ed extrakty. Peptidov\u00fd komplex TEGO\u00ae Pep 4-17 je vyroben na z\u00e1klad\u011b bioinforma\u010dn\u00edch metod, kter\u00e9 prokazuj\u00ed kontinuitu v omlazen\u00ed pleti. Tyto peptidy byly testov\u00e1ny p\u0159edev\u0161\u00edm na stimulaci sekrece kolagenu. Tento komplex zvy\u0161uje tvorbu kolagenu, p\u0159isp\u00edv\u00e1 k regeneraci poko\u017eky, zvy\u0161uje jej\u00ed elasticitu, sni\u017euje hloubku a po\u010det vr\u00e1sek. Peptid p\u0159isp\u00edv\u00e1 k tvorb\u011b fibronektinu a kyseliny hyaluronov\u00e9. D\u00edky sv\u00e9 struktu\u0159e m\u016f\u017ee fibronektin hr\u00e1t d\u016fle\u017eitou roli v organizaci mezibun\u011b\u010dn\u00e9ho slo\u017een\u00ed. Fibronektin v\u00e1\u017ee kolagen, proteoglykany a kyselinu hyaluronovou, co\u017e zlep\u0161uje bun\u011b\u010dn\u00fd metabolismus. Tento proces usnad\u0148uje boj proti vadnut\u00ed poko\u017eky. P\u0159i tvorb\u011b receptury se pou\u017e\u00edv\u00e1 synergick\u00fd p\u0159\u00edstup: v\u0161echny slo\u017eky se vz\u00e1jemn\u011b posiluj\u00ed a dopl\u0148uj\u00ed sv\u00e9 vlastnosti a p\u016fsoben\u00ed.<\/p>\n<ul>\n<li><strong>Funkce:<\/strong>\n<ul>\n<li>P\u0159isp\u00edv\u00e1 k rychl\u00e9 regeneraci poko\u017eky<\/li>\n<li>Intenzivn\u011b hydratuje poko\u017eku na bun\u011b\u010dn\u00e9 \u00farovni<\/li>\n<li>Chr\u00e1n\u00ed p\u0159ed voln\u00fdmi radik\u00e1ly<\/li>\n<li>Zvy\u0161uje elasticitu poko\u017eky<\/li>\n<li>M\u00e1 antioxida\u010dn\u00ed \u00fa\u010dinek<\/li>\n<li>Gel Millenium Extra Help p\u0159isp\u00edv\u00e1 k intenzivn\u00ed v\u00fd\u017eiv\u011b, hydrataci a m\u00e1 liftingov\u00fd efekt. P\u0159\u00edpravek obsahuje p\u0159\u00edrodn\u00ed slo\u017eky &#8211; zelen\u00fd \u010daj, rastavi\u010d, gotu kola, aloe vera, \u017een\u0161en, kter\u00e9 pom\u00e1haj\u00ed zefektivnit p\u00e9\u010di o ple\u0165. Tento unik\u00e1tn\u00ed produkt lze pou\u017e\u00edt jako prost\u0159edek na hojen\u00ed ran p\u0159i drobn\u00fdch poran\u011bn\u00edch k\u016f\u017ee (\u0161kr\u00e1bance, pop\u00e1leniny atd.)<\/li>\n<\/ul>\n<\/li>\n<\/ul>\n<p><strong>Z\u00e1kladn\u00ed slo\u017eky Millenium Extra Help gelu: <\/strong><\/p>\n<ul>\n<li><strong>Tego<sup>\u00ae<\/sup>Pep 4-17<\/strong> (N\u011bmecko) \u2013 peptidov\u00fd komplex, kter\u00fd zvy\u0161uje tvorbu kolagenu. Urychluje regeneraci poko\u017eky, zvy\u0161uje jej\u00ed elasticitu, sni\u017euje hloubku a po\u010det vr\u00e1sek.<\/li>\n<li><strong>Kofein<\/strong> m\u00e1 schopnost proniknout do poko\u017eky a vyvolat liftingov\u00fd efekt. P\u0159\u00edtomnost kofeinu ve formuli v\u00fdrazn\u011b zvy\u0161uje \u00fa\u010dinnost antioxidant\u016f. Tento proces urychluje. Odstra\u0148uje zn\u00e1mky \u00fanavy a otoku. Rychle odstra\u0148uje smutn\u00fd pohled na tv\u00e1\u0159i. Zlep\u0161uje mikrocirkulaci krve.<\/li>\n<li><strong>Ginkgo biloba<\/strong> (extrakt) zlep\u0161uje tonus c\u00e9v a krevn\u00ed ob\u011bh, mikrocirkulaci v tk\u00e1n\u00edch a bun\u011b\u010dn\u00fd metabolismus. Flavonoidy v ginkgu maj\u00ed antioxida\u010dn\u00ed aktivitu.<\/li>\n<li><strong>Kyselina hyaluronov\u00e1<\/strong> intenzivn\u011b hydratuje poko\u017eku na bun\u011b\u010dn\u00e9 \u00farovni a vytv\u00e1\u0159\u00ed na povrchu poko\u017eky film, kter\u00fd zabra\u0148uje ztr\u00e1t\u011b vlhkosti, aktivuje proces regenerace ko\u017en\u00edch bun\u011bk a napom\u00e1h\u00e1 hojen\u00ed ran. V dermis, druh\u00e9 vrstv\u011b k\u016f\u017ee, se nach\u00e1zej\u00ed kolagenov\u00e1 a elastinov\u00e1 vl\u00e1kna, kter\u00e1 poko\u017eku \u201epodporuj\u00ed\u201c a dod\u00e1vaj\u00ed j\u00ed pevnost. Na hydrataci t\u011bchto vl\u00e1ken z\u00e1le\u017e\u00ed, zda bude poko\u017eka vypadat napnut\u00e1 a pevn\u00e1 nebo povadl\u00e1 a ochabl\u00e1. Pokud jsou kolagenov\u00e1 vl\u00e1kna hydratovan\u00e1, na\u0161e poko\u017eka je hladk\u00e1 a elastick\u00e1.<\/li>\n<li><strong>Aloe vera<\/strong> \u2013 vynikaj\u00edc\u00ed p\u0159\u00edrodn\u00ed antiseptikum. Pom\u00e1h\u00e1 vylu\u010dovat toxiny, pom\u00e1h\u00e1 bojovat proti nerovnostem pleti. M\u00e1 m\u00edrn\u00fd uklid\u0148uj\u00edc\u00ed \u00fa\u010dinek.<\/li>\n<li><strong>\u017den\u0161en<\/strong> (extrakt) \u2013 obnova energie, kter\u00e1 bojuje proti procesu st\u00e1rnut\u00ed. V \u010c\u00edn\u011b se mu tak\u00e9 \u0159\u00edk\u00e1 \u201eko\u0159en \u017eivota\u201c. Zabra\u0148uje procesu \u201evadnut\u00ed\u201c poko\u017eky a dod\u00e1v\u00e1 j\u00ed pot\u0159ebnou v\u00fd\u017eivu. Normalizuje pr\u016ftok krve, metabolismus a omlazuje poko\u017eku. Extrakt tak\u00e9 chr\u00e1n\u00ed poko\u017eku p\u0159ed dehydratac\u00ed, odstra\u0148uje otoky a regeneruje ko\u017en\u00ed bu\u0148ky.<\/li>\n<li><strong>Rastavi\u0107<\/strong> (extrakt) zlep\u0161uje metabolismus, sni\u017euje otoky a je p\u0159\u00edrodn\u00edm antiseptikem. \u010cist\u00ed a odstra\u0148uje ne\u010distoty, ani\u017e by po\u0161kozoval ochrannou vodn\u011b-mastnou vrstvu poko\u017eky, ale obnovuje ji.<\/li>\n<li><strong>Zelen\u00fd \u010daj<\/strong> (extrakt) nenajdete prost\u0159edek, kter\u00fd by m\u011bl v\u00fdrazn\u011bj\u0161\u00ed antioxida\u010dn\u00ed \u00fa\u010dinek.<\/li>\n<li><strong>Gotu kola<\/strong> (extrakt) zabra\u0148uje p\u0159ed\u010dasn\u00e9mu st\u00e1rnut\u00ed, napom\u00e1h\u00e1 regeneraci ko\u017en\u00edch bun\u011bk, \u0159\u00edd\u00ed v\u00fdm\u011bnu vody, soli a tuk\u016f.<\/li>\n<\/ul>\n<p><strong>V\u00fdhody:<\/strong> Vlastnosti peptidu TEGO\u00ae Pep 4-17, kter\u00fd je aktivn\u00ed slo\u017ekou produktu:<\/p>\n<ul>\n<li>Rychle obnovuje poko\u017eku a dod\u00e1v\u00e1 j\u00ed mlad\u0161\u00ed vzhled.<\/li>\n<li>Pro podporu elasticity a pevnosti, zv\u00fd\u0161en\u00edm tvorby kyseliny hyaluronov\u00e9 a kolagenu p\u0159isp\u00edv\u00e1 k vylu\u010dov\u00e1n\u00ed d\u016fle\u017eit\u00fdch slo\u017eek poko\u017eky, k jej\u00edmu napnut\u00ed a zaji\u0161t\u011bn\u00ed liftingov\u00e9ho efektu.<\/li>\n<li>P\u016fsob\u00ed blahod\u00e1rn\u011b na t\u00f3n pleti.<\/li>\n<li>Rychl\u00fd omlazuj\u00edc\u00ed \u00fa\u010dinek.<\/li>\n<li>B\u011bhem kr\u00e1tk\u00e9 doby vyhlad\u00ed povrch pleti, \u201evypln\u00ed\u201c, redukuje a vyhlazuje vr\u00e1sky zevnit\u0159, zejm\u00e9na na \u010dele a kolem o\u010d\u00ed, sni\u017euje po\u010det a hloubku vr\u00e1sek.<\/li>\n<li>Zvy\u0161uje \u00farove\u0148 hydratace hlubok\u00fdch vrstev poko\u017eky.<\/li>\n<li>P\u016fsob\u00ed na redukci zn\u00e1mek st\u00e1rnut\u00ed: pigmentov\u00e9 skvrny a \u017elut\u00e1 barva pleti.<\/li>\n<li>M\u00e1 siln\u00fd antioxida\u010dn\u00ed \u00fa\u010dinek.<\/li>\n<li>Ovliv\u0148uje rychl\u00e9 hojen\u00ed ran.<\/li>\n<\/ul>\n<p><strong>Slo\u017een\u00ed:<\/strong> voda, voda-glycerinov\u00fd extrakt z listu ginkgo biloba (lat. <em>Ginkgo Biloba<\/em> ), butylenglykol, PEG-40 hydrogenovan\u00fd ricinov\u00fd olej (lat. <em>Oleum Ricini<\/em> ), vodno-glycerinov\u00fd extrakt z ko\u0159ene \u017een\u0161enu (lat. <em>Panax Ginseng<\/em> ), rastavica bylina (lat. <em>Equisetum Arvense L.<\/em> ), list zelen\u00e9ho \u010daje (lat. Camellia Sinensis), bylina gotu kola (lat. <em>Centella Asiatica<\/em> ), list aloe vera (lat. <em>Aloe Barbadensis<\/em> ), tetrapeptid-21, glycerin, D-panthenol, kofein, allantoin, vitam\u00edn E, karbomer, kyselina hyaluronov\u00e1 \/ hyaluron\u00e1t sodn\u00fd, parf\u00e9m, 1,2-hexandiol, benzylalkohol, triethanolamin. <strong>Netto mno\u017estv\u00ed:<\/strong> 50 ml<\/p>\n","protected":false},"excerpt":{"rendered":"<p>\u2022 Pom\u00e1h\u00e1 pleti bojovat proti voln\u00fdm radik\u00e1l\u016fm. \u2022 Hluboce a intenzivn\u011b hydratuje poko\u017eku zevnit\u0159 i zvenku. \u2022 Zvy\u0161uje tonus a pru\u017enost poko\u017eky. \u2022 Zabra\u0148uje vzniku vr\u00e1sek. \u2022 Zpomaluje procesy st\u00e1rnut\u00ed, vyhlazuje vr\u00e1sky. \u2022 Odstra\u0148uje podr\u00e1\u017ed\u011bn\u00ed a mikroz\u00e1n\u011bty, \u00fa\u010dinn\u011b bojuje proti nerovnostem pleti. \u2022 Nezp\u016fsobuje alergick\u00e9 reakce, vhodn\u00e9 pro v\u0161echny typy pleti. \u2022 P\u0159isp\u00edv\u00e1 k hojen\u00ed mikrotraumat. \u2022 Neuzav\u00edr\u00e1 p\u00f3ry, zaji\u0161\u0165uje norm\u00e1ln\u00ed d\u00fdch\u00e1n\u00ed poko\u017eky. \u2022 Snadno se vst\u0159eb\u00e1v\u00e1 a nezanech\u00e1v\u00e1 mastn\u00fd lesk.<\/p>\n","protected":false},"featured_media":29136,"comment_status":"open","ping_status":"closed","template":"","meta":{"_acf_changed":false,"_uag_custom_page_level_css":"","site-sidebar-layout":"default","site-content-layout":"default","ast-site-content-layout":"default","site-content-style":"default","site-sidebar-style":"default","ast-global-header-display":"","ast-banner-title-visibility":"","ast-main-header-display":"","ast-hfb-above-header-display":"","ast-hfb-below-header-display":"","ast-hfb-mobile-header-display":"","site-post-title":"","ast-breadcrumbs-content":"","ast-featured-img":"","footer-sml-layout":"","ast-disable-related-posts":"","theme-transparent-header-meta":"default","adv-header-id-meta":"","stick-header-meta":"default","header-above-stick-meta":"","header-main-stick-meta":"","header-below-stick-meta":"","astra-migrate-meta-layouts":"set","ast-page-background-enabled":"default","ast-page-background-meta":{"desktop":{"background-color":"","background-image":"","background-repeat":"repeat","background-position":"center center","background-size":"auto","background-attachment":"scroll","background-type":"","background-media":"","overlay-type":"","overlay-color":"","overlay-opacity":"","overlay-gradient":""},"tablet":{"background-color":"","background-image":"","background-repeat":"repeat","background-position":"center center","background-size":"auto","background-attachment":"scroll","background-type":"","background-media":"","overlay-type":"","overlay-color":"","overlay-opacity":"","overlay-gradient":""},"mobile":{"background-color":"","background-image":"","background-repeat":"repeat","background-position":"center center","background-size":"auto","background-attachment":"scroll","background-type":"","background-media":"","overlay-type":"","overlay-color":"","overlay-opacity":"","overlay-gradient":""}},"ast-content-background-meta":{"desktop":{"background-color":"var(--ast-global-color-4)","background-image":"","background-repeat":"repeat","background-position":"center center","background-size":"auto","background-attachment":"scroll","background-type":"","background-media":"","overlay-type":"","overlay-color":"","overlay-opacity":"","overlay-gradient":""},"tablet":{"background-color":"var(--ast-global-color-4)","background-image":"","background-repeat":"repeat","background-position":"center center","background-size":"auto","background-attachment":"scroll","background-type":"","background-media":"","overlay-type":"","overlay-color":"","overlay-opacity":"","overlay-gradient":""},"mobile":{"background-color":"var(--ast-global-color-4)","background-image":"","background-repeat":"repeat","background-position":"center center","background-size":"auto","background-attachment":"scroll","background-type":"","background-media":"","overlay-type":"","overlay-color":"","overlay-opacity":"","overlay-gradient":""}},"jetpack_post_was_ever_published":false},"product_brand":[],"product_cat":[363],"product_tag":[578],"class_list":{"0":"post-18916","1":"product","2":"type-product","3":"status-publish","4":"has-post-thumbnail","6":"product_cat-cosmetics","7":"product_tag-cosmetics","8":"desktop-align-center","9":"tablet-align-center","10":"mobile-align-center","11":"ast-product-gallery-layout-horizontal","12":"ast-product-tabs-layout-distributed","13":"ast-qv-on-image","15":"first","16":"instock","17":"taxable","18":"shipping-taxable","19":"purchasable","20":"product-type-simple"},"acf":[],"uagb_featured_image_src":{"full":["https:\/\/i0.wp.com\/visionstore.co.rs\/wp-content\/uploads\/2019\/12\/Millenium-Extra-Help-Gel.png?fit=1024%2C1024&ssl=1",1024,1024,false],"thumbnail":["https:\/\/i0.wp.com\/visionstore.co.rs\/wp-content\/uploads\/2019\/12\/Millenium-Extra-Help-Gel.png?resize=150%2C150&ssl=1",150,150,true],"medium":["https:\/\/i0.wp.com\/visionstore.co.rs\/wp-content\/uploads\/2019\/12\/Millenium-Extra-Help-Gel.png?fit=300%2C300&ssl=1",300,300,true],"medium_large":["https:\/\/i0.wp.com\/visionstore.co.rs\/wp-content\/uploads\/2019\/12\/Millenium-Extra-Help-Gel.png?fit=768%2C768&ssl=1",768,768,true],"large":["https:\/\/i0.wp.com\/visionstore.co.rs\/wp-content\/uploads\/2019\/12\/Millenium-Extra-Help-Gel.png?fit=1024%2C1024&ssl=1",1024,1024,true],"1536x1536":["https:\/\/i0.wp.com\/visionstore.co.rs\/wp-content\/uploads\/2019\/12\/Millenium-Extra-Help-Gel.png?fit=1024%2C1024&ssl=1",1024,1024,true],"2048x2048":["https:\/\/i0.wp.com\/visionstore.co.rs\/wp-content\/uploads\/2019\/12\/Millenium-Extra-Help-Gel.png?fit=1024%2C1024&ssl=1",1024,1024,true],"mailpoet_newsletter_max":["https:\/\/i0.wp.com\/visionstore.co.rs\/wp-content\/uploads\/2019\/12\/Millenium-Extra-Help-Gel.png?fit=1024%2C1024&ssl=1",1024,1024,true],"woocommerce_thumbnail":["https:\/\/i0.wp.com\/visionstore.co.rs\/wp-content\/uploads\/2019\/12\/Millenium-Extra-Help-Gel.png?fit=900%2C900&ssl=1",900,900,true],"woocommerce_single":["https:\/\/i0.wp.com\/visionstore.co.rs\/wp-content\/uploads\/2019\/12\/Millenium-Extra-Help-Gel.png?fit=1024%2C1024&ssl=1",1024,1024,true],"woocommerce_gallery_thumbnail":["https:\/\/i0.wp.com\/visionstore.co.rs\/wp-content\/uploads\/2019\/12\/Millenium-Extra-Help-Gel.png?resize=100%2C100&ssl=1",100,100,true]},"uagb_author_info":{"display_name":"admin","author_link":"https:\/\/visionstore.co.rs\/cs\/author\/"},"uagb_comment_info":4,"uagb_excerpt":"\u2022 Pom\u00e1h\u00e1 pleti bojovat proti voln\u00fdm radik\u00e1l\u016fm. \u2022 Hluboce a intenzivn\u011b hydratuje poko\u017eku zevnit\u0159 i zvenku. \u2022 Zvy\u0161uje tonus a pru\u017enost poko\u017eky. \u2022 Zabra\u0148uje vzniku vr\u00e1sek. \u2022 Zpomaluje procesy st\u00e1rnut\u00ed, vyhlazuje vr\u00e1sky. \u2022 Odstra\u0148uje podr\u00e1\u017ed\u011bn\u00ed a mikroz\u00e1n\u011bty, \u00fa\u010dinn\u011b bojuje proti nerovnostem pleti. \u2022 Nezp\u016fsobuje alergick\u00e9 reakce, vhodn\u00e9 pro v\u0161echny typy pleti. \u2022 P\u0159isp\u00edv\u00e1 k hojen\u00ed&hellip;","jetpack_sharing_enabled":true,"_links":{"self":[{"href":"https:\/\/visionstore.co.rs\/cs\/wp-json\/wp\/v2\/product\/18916","targetHints":{"allow":["GET"]}}],"collection":[{"href":"https:\/\/visionstore.co.rs\/cs\/wp-json\/wp\/v2\/product"}],"about":[{"href":"https:\/\/visionstore.co.rs\/cs\/wp-json\/wp\/v2\/types\/product"}],"replies":[{"embeddable":true,"href":"https:\/\/visionstore.co.rs\/cs\/wp-json\/wp\/v2\/comments?post=18916"}],"wp:featuredmedia":[{"embeddable":true,"href":"https:\/\/visionstore.co.rs\/cs\/wp-json\/wp\/v2\/media\/29136"}],"wp:attachment":[{"href":"https:\/\/visionstore.co.rs\/cs\/wp-json\/wp\/v2\/media?parent=18916"}],"wp:term":[{"taxonomy":"product_brand","embeddable":true,"href":"https:\/\/visionstore.co.rs\/cs\/wp-json\/wp\/v2\/product_brand?post=18916"},{"taxonomy":"product_cat","embeddable":true,"href":"https:\/\/visionstore.co.rs\/cs\/wp-json\/wp\/v2\/product_cat?post=18916"},{"taxonomy":"product_tag","embeddable":true,"href":"https:\/\/visionstore.co.rs\/cs\/wp-json\/wp\/v2\/product_tag?post=18916"}],"curies":[{"name":"wp","href":"https:\/\/api.w.org\/{rel}","templated":true}]}}