{"id":18925,"date":"2019-12-27T18:12:59","date_gmt":"2019-12-27T17:12:59","guid":{"rendered":"https:\/\/visionstore.co.rs\/product\/krem-pro-peci-o-ruce-a-nehty\/"},"modified":"2026-02-02T10:56:22","modified_gmt":"2026-02-02T09:56:22","slug":"hand-and-nail-therapy-cream","status":"publish","type":"product","link":"https:\/\/visionstore.co.rs\/cs\/product\/hand-and-nail-therapy-cream\/","title":{"rendered":"Kr\u00e9m pro p\u00e9\u010di o ruce a nehty"},"content":{"rendered":"<p><strong>Kr\u00e9m Vision Skincare pro p\u00e9\u010di o ruce<\/strong> a nehty m\u00e1 <strong>chr\u00e1nit poko\u017eku p\u0159ed vysou\u0161en\u00edm<\/strong> a z\u00e1rove\u0148 redukovat viditeln\u00e9 zn\u00e1mky st\u00e1rnut\u00ed a ne\u017e\u00e1douc\u00ed pigmentaci na rukou a nehtech. Inovativn\u00ed receptura posiluje nehty a zjem\u0148uje k\u016f\u017ei\u010dku. Antioxida\u010dn\u00ed, v\u00fd\u017eivn\u00fd kr\u00e9m m\u00e1 nemastnou konzistenci, kter\u00e1 se rychle vst\u0159eb\u00e1v\u00e1 a hydratuje poko\u017eku. Aktivn\u00ed slo\u017eky tonizuj\u00ed poko\u017eku a zabra\u0148uj\u00ed loup\u00e1n\u00ed neht\u016f.<\/p>\n<p>Ruce jsou na\u0161e n\u00e1stroje a umo\u017e\u0148uj\u00ed n\u00e1m vykon\u00e1vat ka\u017edodenn\u00ed \u00fakoly.<br \/>\nAle p\u0159\u00edli\u0161 \u010dasto je zanedb\u00e1v\u00e1me a nech\u00e1v\u00e1me je bezmocn\u00e9 v\u016f\u010di negativn\u00edm vliv\u016fm vn\u011bj\u0161\u00edho prost\u0159ed\u00ed.<\/p>\n<p>Velmi jemn\u00fd kosmetick\u00fd p\u0159\u00edpravek pro ka\u017edodenn\u00ed pou\u017eit\u00ed pro intenzivn\u00ed o\u0161et\u0159en\u00ed rukou a neht\u016f. Skl\u00e1d\u00e1 se z aktivn\u00edch p\u0159\u00edrodn\u00edch slo\u017eek, kter\u00e9 postupn\u00fdm uvol\u0148ov\u00e1n\u00edm posiluj\u00ed vz\u00e1jemn\u00e9 p\u016fsoben\u00ed.<\/p>\n<ul>\n<li>\u00da\u010dinn\u011b chr\u00e1n\u00ed, hydratuje, zjem\u0148uje a vy\u017eivuje poko\u017eku rukou.<\/li>\n<li>Je ide\u00e1ln\u00ed pro po\u0161kozenou poko\u017eku: pro suchou, podr\u00e1\u017ed\u011bnou poko\u017eku, pro poko\u017eku vystavenou negativn\u00edm vliv\u016fm slunce, v\u011btru a chladu.<\/li>\n<li>Vykazuje vynikaj\u00edc\u00ed \u00fa\u010dinnost p\u0159i poran\u011bn\u00edch a \u0161kr\u00e1banc\u00edch, odstra\u0148uje pocit nepohodl\u00ed zp\u016fsoben\u00fd podr\u00e1\u017ed\u011bn\u00edm.<\/li>\n<li>M\u016f\u017ee b\u00fdt pou\u017eit jako pomocn\u00fd n\u00e1stroj p\u0159i l\u00e9\u010db\u011b ko\u017en\u00edch onemocn\u011bn\u00ed, jako je dermatitida, ekz\u00e9m, psori\u00e1za atd.<\/li>\n<li>Pom\u00e1h\u00e1 zdrav\u00e9 poko\u017ece zachovat a zlep\u0161it elasticitu, zabra\u0148uje st\u00e1rnut\u00ed.<\/li>\n<\/ul>\n<p>P\u00e9\u010de o ruce a nehty je stejn\u011b d\u016fle\u017eit\u00e1 jako p\u00e9\u010de o cel\u00e9 t\u011blo. \u017deny a mu\u017ei, kte\u0159\u00ed se staraj\u00ed o sv\u016fj vzhled, ur\u010dit\u011b v\u011bnujte pozornost poko\u017ece va\u0161ich rukou. Slavn\u00fd n\u011bmeck\u00fd spisovatel Heinrich Heine v\u011b\u0159il, \u017ee dob\u0159e upraven\u00e9 ruce d\u00e1vaj\u00ed \u010dlov\u011bku zvl\u00e1\u0161tn\u00ed kr\u00e1su a v\u017edy zanechaj\u00ed dobr\u00fd dojem.<\/p>\n<p>O ruce je nutn\u00e9 pe\u010dovat. Pokud se tak nestane, k\u016f\u017ee na nich za\u010dne blednout. St\u00e1v\u00e1 se hrub\u00fdm, \u0161upinat\u00fdm, zan\u00edcen\u00fdm. To se d\u011bje proto, \u017ee poko\u017eka rukou je velmi citliv\u00e1 a zraniteln\u00e1. Mal\u00fd po\u010det mazov\u00fdch \u017el\u00e1z na jeho povrchu \u010din\u00ed poko\u017eku rukou nechr\u00e1n\u011bnou. Na rozd\u00edl od poko\u017eky obli\u010deje je v epidermis poko\u017eky rukou asi 5x m\u00e9n\u011b vody, proto jsou na\u0161e ruce \u010dasto n\u00e1chyln\u00e9 k dehydrataci, kter\u00e1 n\u00e1sledn\u011b v\u00fdrazn\u011b zhor\u0161uje jejich stav. Nesm\u00edme zapomenout na faktory vn\u011bj\u0161\u00edho prost\u0159ed\u00ed: slune\u010dn\u00ed z\u00e1\u0159en\u00ed, mr\u00e1z, v\u00edtr. Tenk\u00e1 ochrann\u00e1 vrstva k\u016f\u017ee nem\u016f\u017ee v\u017edy odolat extr\u00e9mn\u00edmu chladu. Ruce z\u010dervenaj\u00ed, k\u016f\u017ee zhoustne, objev\u00ed se na n\u00ed praskliny.<\/p>\n<p>Jedine\u010dn\u00fd produkt <strong>Vision Skincare kr\u00e9m na ruce a nehty<\/strong> je ide\u00e1ln\u00ed pro po\u0161kozenou poko\u017eku. D\u00edky inovativn\u00ed receptu\u0159e, vysoce kvalitn\u00edm p\u0159\u00edrodn\u00edm slo\u017ek\u00e1m a unik\u00e1tn\u00ed technologii <strong>Ultradense\u00ae kr\u00e9m<\/strong> snadno a rychle pronik\u00e1 do hlub\u0161\u00edch vrstev poko\u017eky, vy\u017eivuje ji, zjem\u0148uje a hydratuje a chr\u00e1n\u00ed ji p\u0159ed viditeln\u00fdmi zn\u00e1mkami st\u00e1rnut\u00ed. Poko\u017eka va\u0161ich rukou bude hladk\u00e1, sametov\u00e1 a hebk\u00e1 jako hedv\u00e1b\u00ed.<\/p>\n<p>Kr\u00e9m tak\u00e9 vyrovn\u00e1v\u00e1 t\u00f3n pleti, rozjas\u0148uje nebo odstra\u0148uje st\u00e1vaj\u00edc\u00ed pihy a sta\u0159eck\u00e9 skvrny a chr\u00e1n\u00ed p\u0159ed vznikem nov\u00fdch.<\/p>\n<p>Slo\u017een\u00ed je bohat\u00e9 na p\u0159\u00edrodn\u00ed aktivn\u00ed l\u00e1tky. Inovativn\u00ed receptura s vysoce \u00fa\u010dinn\u00fdmi p\u0159\u00edrodn\u00edmi slo\u017ekami zaru\u010duje ka\u017edodenn\u00ed ochranu p\u0159ed \u0161kodliv\u00fdmi vlivy \u017eivotn\u00edho prost\u0159ed\u00ed a zm\u011bnami souvisej\u00edc\u00edmi s v\u011bkem. Hlavn\u00edmi slo\u017ekami kr\u00e9mu jsou <strong>koenzym Q10, vitam\u00edn E, extrakt z he\u0159m\u00e1nku<\/strong> a z\u00e1kladem je <strong>olejov\u00fd komplex bohat\u00fd na vitam\u00edny, aminokyseliny a polynenasycen\u00e9 mastn\u00e9 kyseliny<\/strong>.<\/p>\n<p>Kr\u00e9m lze pou\u017e\u00edt i jako pom\u016fcku p\u0159i l\u00e9\u010db\u011b ko\u017en\u00edch onemocn\u011bn\u00ed.<\/p>\n<p>P\u0159i pravideln\u00e9m pou\u017e\u00edv\u00e1n\u00ed kr\u00e9mu na ruce a nehty VISION Skincare se poko\u017eka rukou a neht\u016f zpevn\u00ed a leskne.<\/p>\n<ul>\n<li>Kr\u00e9m poskytuje intenzivn\u00ed p\u00e9\u010di o po\u0161kozen\u00e9 nehty.<\/li>\n<li>Pom\u00e1h\u00e1 zachovat p\u0159irozenou strukturu neht\u016f a p\u0159isp\u00edv\u00e1 k jejich r\u016fstu.<\/li>\n<\/ul>\n<p>Slo\u017een\u00ed: olivov\u00fd olej (lat. Olea Europaea ), olej z p\u0161eni\u010dn\u00fdch kl\u00ed\u010dk\u016f (lat. Triticum Vulgare), s\u00f3jov\u00fd olej (s\u00f3jov\u00fd olej), <a href=\"https:\/\/visionstore.co.rs\/cs\/koenzim-q10-2\/\">koenzym Q10<\/a>, <a href=\"https:\/\/visionstore.co.rs\/cs\/vitamin-a-2\/\">vitam\u00edny A<\/a>, <a href=\"https:\/\/visionstore.co.rs\/cs\/vitamin-d-2\/\">D<\/a> a <a href=\"https:\/\/visionstore.co.rs\/vitamin-e-2\/\">E<\/a>, extrakt z kv\u011bt\u016f he\u0159m\u00e1nku (lat. Matricaria Chamomilla L. ), p\u0159\u00edrodn\u00ed glycerin, PEG-8, Crodafos, Crodamol, TEGOSOFT<\/p>\n<p><strong>Netto mno\u017estv\u00ed<\/strong>: 75 ml<\/p>\n","protected":false},"excerpt":{"rendered":"<ul>\n<li>\u00da\u010dinn\u011b chr\u00e1n\u00ed, hydratuje, zjem\u0148uje a vy\u017eivuje poko\u017eku rukou.<\/li>\n<li>Je ide\u00e1ln\u00ed pro po\u0161kozenou poko\u017eku: pro suchou, podr\u00e1\u017ed\u011bnou poko\u017eku, pro poko\u017eku vystavenou negativn\u00edm vliv\u016fm slunce, v\u011btru a chladu.<\/li>\n<li>Vykazuje vynikaj\u00edc\u00ed \u00fa\u010dinnost p\u0159i poran\u011bn\u00edch a \u0161kr\u00e1banc\u00edch, odstra\u0148uje pocit nepohodl\u00ed zp\u016fsoben\u00fd podr\u00e1\u017ed\u011bn\u00edm.<\/li>\n<li>M\u016f\u017ee b\u00fdt pou\u017eit jako pomocn\u00fd n\u00e1stroj p\u0159i l\u00e9\u010db\u011b ko\u017en\u00edch onemocn\u011bn\u00ed, jako je dermatitida, ekz\u00e9m, psori\u00e1za atd.<\/li>\n<li>Pom\u00e1h\u00e1 zdrav\u00e9 poko\u017ece zachovat a zlep\u0161it elasticitu, zabra\u0148uje st\u00e1rnut\u00ed.<\/li>\n<\/ul>\n","protected":false},"featured_media":18926,"comment_status":"open","ping_status":"closed","template":"","meta":{"_acf_changed":false,"_uag_custom_page_level_css":"","site-sidebar-layout":"default","site-content-layout":"default","ast-site-content-layout":"default","site-content-style":"default","site-sidebar-style":"default","ast-global-header-display":"","ast-banner-title-visibility":"","ast-main-header-display":"","ast-hfb-above-header-display":"","ast-hfb-below-header-display":"","ast-hfb-mobile-header-display":"","site-post-title":"","ast-breadcrumbs-content":"","ast-featured-img":"","footer-sml-layout":"","ast-disable-related-posts":"","theme-transparent-header-meta":"default","adv-header-id-meta":"","stick-header-meta":"default","header-above-stick-meta":"","header-main-stick-meta":"","header-below-stick-meta":"","astra-migrate-meta-layouts":"default","ast-page-background-enabled":"default","ast-page-background-meta":{"desktop":{"background-color":"","background-image":"","background-repeat":"repeat","background-position":"center center","background-size":"auto","background-attachment":"scroll","background-type":"","background-media":"","overlay-type":"","overlay-color":"","overlay-opacity":"","overlay-gradient":""},"tablet":{"background-color":"","background-image":"","background-repeat":"repeat","background-position":"center center","background-size":"auto","background-attachment":"scroll","background-type":"","background-media":"","overlay-type":"","overlay-color":"","overlay-opacity":"","overlay-gradient":""},"mobile":{"background-color":"","background-image":"","background-repeat":"repeat","background-position":"center center","background-size":"auto","background-attachment":"scroll","background-type":"","background-media":"","overlay-type":"","overlay-color":"","overlay-opacity":"","overlay-gradient":""}},"ast-content-background-meta":{"desktop":{"background-color":"var(--ast-global-color-4)","background-image":"","background-repeat":"repeat","background-position":"center center","background-size":"auto","background-attachment":"scroll","background-type":"","background-media":"","overlay-type":"","overlay-color":"","overlay-opacity":"","overlay-gradient":""},"tablet":{"background-color":"var(--ast-global-color-4)","background-image":"","background-repeat":"repeat","background-position":"center center","background-size":"auto","background-attachment":"scroll","background-type":"","background-media":"","overlay-type":"","overlay-color":"","overlay-opacity":"","overlay-gradient":""},"mobile":{"background-color":"var(--ast-global-color-4)","background-image":"","background-repeat":"repeat","background-position":"center center","background-size":"auto","background-attachment":"scroll","background-type":"","background-media":"","overlay-type":"","overlay-color":"","overlay-opacity":"","overlay-gradient":""}},"jetpack_post_was_ever_published":false},"product_brand":[],"product_cat":[36],"product_tag":[577],"class_list":{"0":"post-18925","1":"product","2":"type-product","3":"status-publish","4":"has-post-thumbnail","6":"product_cat-kozmetika","7":"product_tag-cosmetics","8":"desktop-align-center","9":"tablet-align-center","10":"mobile-align-center","11":"ast-product-gallery-layout-horizontal","12":"ast-product-gallery-with-no-image","13":"ast-product-tabs-layout-distributed","14":"ast-qv-on-image","16":"first","17":"outofstock","18":"taxable","19":"shipping-taxable","20":"purchasable","21":"product-type-simple"},"acf":[],"uagb_featured_image_src":{"full":["https:\/\/i0.wp.com\/visionstore.co.rs\/wp-content\/uploads\/2019\/12\/Hand-cream.png?fit=1200%2C1200&ssl=1",1200,1200,false],"thumbnail":["https:\/\/i0.wp.com\/visionstore.co.rs\/wp-content\/uploads\/2019\/12\/Hand-cream.png?resize=150%2C150&ssl=1",150,150,true],"medium":["https:\/\/i0.wp.com\/visionstore.co.rs\/wp-content\/uploads\/2019\/12\/Hand-cream.png?fit=300%2C300&ssl=1",300,300,true],"medium_large":["https:\/\/i0.wp.com\/visionstore.co.rs\/wp-content\/uploads\/2019\/12\/Hand-cream.png?fit=768%2C768&ssl=1",768,768,true],"large":["https:\/\/i0.wp.com\/visionstore.co.rs\/wp-content\/uploads\/2019\/12\/Hand-cream.png?fit=1024%2C1024&ssl=1",1024,1024,true],"1536x1536":["https:\/\/i0.wp.com\/visionstore.co.rs\/wp-content\/uploads\/2019\/12\/Hand-cream.png?fit=1200%2C1200&ssl=1",1200,1200,true],"2048x2048":["https:\/\/i0.wp.com\/visionstore.co.rs\/wp-content\/uploads\/2019\/12\/Hand-cream.png?fit=1200%2C1200&ssl=1",1200,1200,true],"mailpoet_newsletter_max":["https:\/\/i0.wp.com\/visionstore.co.rs\/wp-content\/uploads\/2019\/12\/Hand-cream.png?fit=1200%2C1200&ssl=1",1200,1200,true],"woocommerce_thumbnail":["https:\/\/i0.wp.com\/visionstore.co.rs\/wp-content\/uploads\/2019\/12\/Hand-cream.png?fit=900%2C900&ssl=1",900,900,true],"woocommerce_single":["https:\/\/i0.wp.com\/visionstore.co.rs\/wp-content\/uploads\/2019\/12\/Hand-cream.png?fit=1200%2C1200&ssl=1",1200,1200,true],"woocommerce_gallery_thumbnail":["https:\/\/i0.wp.com\/visionstore.co.rs\/wp-content\/uploads\/2019\/12\/Hand-cream.png?resize=100%2C100&ssl=1",100,100,true]},"uagb_author_info":{"display_name":"admin","author_link":"https:\/\/visionstore.co.rs\/cs\/author\/"},"uagb_comment_info":1,"uagb_excerpt":"\u00da\u010dinn\u011b chr\u00e1n\u00ed, hydratuje, zjem\u0148uje a vy\u017eivuje poko\u017eku rukou. Je ide\u00e1ln\u00ed pro po\u0161kozenou poko\u017eku: pro suchou, podr\u00e1\u017ed\u011bnou poko\u017eku, pro poko\u017eku vystavenou negativn\u00edm vliv\u016fm slunce, v\u011btru a chladu. Vykazuje vynikaj\u00edc\u00ed \u00fa\u010dinnost p\u0159i poran\u011bn\u00edch a \u0161kr\u00e1banc\u00edch, odstra\u0148uje pocit nepohodl\u00ed zp\u016fsoben\u00fd podr\u00e1\u017ed\u011bn\u00edm. M\u016f\u017ee b\u00fdt pou\u017eit jako pomocn\u00fd n\u00e1stroj p\u0159i l\u00e9\u010db\u011b ko\u017en\u00edch onemocn\u011bn\u00ed, jako je dermatitida, ekz\u00e9m, psori\u00e1za atd. Pom\u00e1h\u00e1&hellip;","jetpack_sharing_enabled":true,"_links":{"self":[{"href":"https:\/\/visionstore.co.rs\/cs\/wp-json\/wp\/v2\/product\/18925","targetHints":{"allow":["GET"]}}],"collection":[{"href":"https:\/\/visionstore.co.rs\/cs\/wp-json\/wp\/v2\/product"}],"about":[{"href":"https:\/\/visionstore.co.rs\/cs\/wp-json\/wp\/v2\/types\/product"}],"replies":[{"embeddable":true,"href":"https:\/\/visionstore.co.rs\/cs\/wp-json\/wp\/v2\/comments?post=18925"}],"wp:featuredmedia":[{"embeddable":true,"href":"https:\/\/visionstore.co.rs\/cs\/wp-json\/wp\/v2\/media\/18926"}],"wp:attachment":[{"href":"https:\/\/visionstore.co.rs\/cs\/wp-json\/wp\/v2\/media?parent=18925"}],"wp:term":[{"taxonomy":"product_brand","embeddable":true,"href":"https:\/\/visionstore.co.rs\/cs\/wp-json\/wp\/v2\/product_brand?post=18925"},{"taxonomy":"product_cat","embeddable":true,"href":"https:\/\/visionstore.co.rs\/cs\/wp-json\/wp\/v2\/product_cat?post=18925"},{"taxonomy":"product_tag","embeddable":true,"href":"https:\/\/visionstore.co.rs\/cs\/wp-json\/wp\/v2\/product_tag?post=18925"}],"curies":[{"name":"wp","href":"https:\/\/api.w.org\/{rel}","templated":true}]}}