{"id":18929,"date":"2022-10-25T14:28:23","date_gmt":"2022-10-25T12:28:23","guid":{"rendered":"https:\/\/visionstore.co.rs\/product\/venostrong-gel\/"},"modified":"2026-04-30T12:36:50","modified_gmt":"2026-04-30T10:36:50","slug":"venostrong-gel","status":"publish","type":"product","link":"https:\/\/visionstore.co.rs\/cs\/product\/venostrong-gel\/","title":{"rendered":"Venostrong gel"},"content":{"rendered":"<p><strong>Gel na nohy VenoStrong<\/strong> rychle zm\u00edr\u0148uje otoky nohou a \u00fanavu, zlep\u0161uje krevn\u00ed ob\u011bh a deodoruje poko\u017eku.<\/p>\n<p><strong>VenoStrong Gel<\/strong> je ur\u010den pro p\u00e9\u010di o poko\u017eku nohou. Rostlinn\u00e9 extrakty a \u00e9terick\u00e9 oleje p\u016fsob\u00ed na poko\u017eku komplexn\u011b. <strong>V\u00fdta\u017eek z hlohu<\/strong> (<em>Ruscus Acullatus<\/em>) pom\u00e1h\u00e1 sni\u017eovat otoky a zu\u017eov\u00e1n\u00ed \u017eil, <strong>mentol<\/strong> m\u00e1 m\u00edrn\u011b chladiv\u00fd \u00fa\u010dinek, v\u00fdta\u017eky z <strong>vil\u00ednu a j\u00edrovce<\/strong> p\u0159\u00edzniv\u011b p\u016fsob\u00ed na c\u00e9vy nohou, p\u016fsob\u00ed antibakteri\u00e1ln\u011b a protiz\u00e1n\u011btliv\u011b.<\/p>\n<p>Studie o vlastnostech aktivn\u00edch slo\u017eek t\u011bchto rostlin nazna\u010duj\u00ed, \u017ee jejich pravideln\u00e9 pou\u017e\u00edv\u00e1n\u00ed pom\u00e1h\u00e1 posilovat krevn\u00ed c\u00e9vy a zlep\u0161uje mikrocirkulaci krve. Esenci\u00e1ln\u00ed oleje z <strong>cyp\u0159i\u0161e a levandule<\/strong> tak\u00e9 stimuluj\u00ed krevn\u00ed ob\u011bh a uvol\u0148uj\u00ed p\u0159ekrven\u00ed c\u00e9v. Extrakt z <strong>hroznov\u00fdch list\u016f<\/strong> je zdrojem antioxidant\u016f, kter\u00e9 sni\u017euj\u00ed povrchov\u00e9 z\u00e1n\u011bty a zlep\u0161uj\u00ed celkov\u00fd tonus tk\u00e1n\u00ed. <strong>VenoStrong Gel<\/strong> se snadno vst\u0159eb\u00e1v\u00e1 a velmi p\u0159\u00edjemn\u011b se pou\u017e\u00edv\u00e1. Pro dosa\u017een\u00ed nejlep\u0161\u00edch v\u00fdsledk\u016f aplikace se doporu\u010duje u\u017e\u00edvat dopln\u011bk stravy VenoStrong vnit\u0159n\u011b s pou\u017eit\u00edm <strong>VenoStrong Gel<\/strong> extern\u011b.<\/p>\n<p><strong>VenoStrong Gel<\/strong>:<\/p>\n<ul>\n<li>Sni\u017euje otoky nohou.<\/li>\n<li>Zm\u00edr\u0148uje pocit t\u00edhy, bolesti a \u00fanavy nohou.<\/li>\n<li>Posiluje st\u011bny krevn\u00edch c\u00e9v.<\/li>\n<li>Je to profylaktick\u00fd prost\u0159edek pro k\u0159e\u010dov\u00e9 \u017e\u00edly.<\/li>\n<\/ul>\n<p><strong>Gel VenoStrong<\/strong> poskytuje v\u0161e pot\u0159ebn\u00e9 pro kompletn\u00ed p\u00e9\u010di o nohy. Zlep\u0161uje pr\u016ftok krve a m\u00e1 chladiv\u00fd \u00fa\u010dinek. Pom\u00e1h\u00e1 rychle se zbavit &#8222;t\u00ed\u017ee&#8220; a pocitu &#8222;plnosti&#8220; v nohou, navrac\u00ed lehkost a pohodl\u00ed. <strong>VenoStrong<\/strong> zlep\u0161uje krevn\u00ed ob\u011bh v \u017eil\u00e1ch, napom\u00e1h\u00e1 revitalizaci norm\u00e1ln\u00edho pr\u016ftoku krve, odstra\u0148uje p\u0159\u00edznaky povrchov\u00fdch z\u00e1n\u011bt\u016f. Zvy\u0161uje elasticitu \u017eiln\u00edch st\u011bn, aktivuje otoky krve a zlep\u0161uje mikrocirkulaci, \u010d\u00edm\u017e pom\u00e1h\u00e1 sni\u017eovat strukturu krevn\u00edch c\u00e9v.<\/p>\n<p>Slo\u017een\u00ed: voda, <a href=\"https:\/\/visionstore.co.rs\/semenke-grozdja\/\">vodn\u00e9 extrakty z list\u016f \u010derven\u00e9 r\u00e9vy vinn\u00e9 (Vitis Vinifera)<\/a>, plody j\u00edrovce (Aesculus Hippocastanum), <a href=\"https:\/\/visionstore.co.rs\/hamamelis-ili-virdzinijski-orah\/\">listy vil\u00ednu (Hamamelis Virginiana)<\/a>, <a href=\"https:\/\/visionstore.co.rs\/bolesti-vena\/\">extrakt z ko\u0159ene rakytn\u00edku (Ruscus Acullatus)<\/a>, isopropylalkohol, propylenglykol, hydrogenovan\u00fd PEG-40 ricinov\u00fd olej, troxerutin, fenoxyethanol, karbomer, mentol, triethanolamin, ethylhexylglycerin, cyp\u0159i\u0161ov\u00fd olej (Cupressus Sempervirens), <a href=\"https:\/\/visionstore.co.rs\/lavanda-lat-lavandula-angustifolia\/\">levandulov\u00fd esenci\u00e1ln\u00ed olej (Lavandula Angustifolia)<\/a>, limonen, linalool.<\/p>\n<p> <strong>Jak pou\u017e\u00edvat<\/strong>: Naneste mal\u00e9 mno\u017estv\u00ed gelu na \u010distou poko\u017eku nohou a lehk\u00fdmi mas\u00e1\u017en\u00edmi pohyby zdola nahoru rozet\u0159ete, dokud se \u00fapln\u011b nevst\u0159eb\u00e1.<\/p>\n<p>Pouze k zevn\u00edmu pou\u017eit\u00ed.<\/p>\n<p><strong>Kontraindikace<\/strong>: individu\u00e1ln\u00ed nesn\u00e1\u0161enlivost slo\u017eek. Vyhnout se o\u010dn\u00edmu kontaktu. Pokud se objev\u00ed alergick\u00e9 reakce, p\u0159eru\u0161te pou\u017e\u00edv\u00e1n\u00ed a pora\u010fte se s l\u00e9ka\u0159em. Aplikace gelu na otev\u0159en\u00e9 povrchy r\u00e1ny je kontraindikov\u00e1na.<\/p>\n<p><strong>Netto mno\u017estv\u00ed<\/strong>: 150 ml<\/p>\n","protected":false},"excerpt":{"rendered":"<p>Gel na nohy VenoStrong<\/p>\n<p>\u2022 Poskytuje komplexn\u00ed ochranu \u017eiln\u00edch c\u00e9v<br \/>\n\u2022 Pom\u00e1h\u00e1 sni\u017eovat otoky, t\u00edhu, bolest a slabost nohou<br \/>\n\u2022 Revitalizuje a posiluje st\u011bny c\u00e9v<br \/>\n\u2022 Zlep\u0161uje krevn\u00ed ob\u011bh, deodoruje poko\u017eku.<\/p>\n","protected":false},"featured_media":29126,"comment_status":"open","ping_status":"closed","template":"","meta":{"_acf_changed":false,"_uag_custom_page_level_css":"","site-sidebar-layout":"default","site-content-layout":"default","ast-site-content-layout":"default","site-content-style":"default","site-sidebar-style":"default","ast-global-header-display":"","ast-banner-title-visibility":"","ast-main-header-display":"","ast-hfb-above-header-display":"","ast-hfb-below-header-display":"","ast-hfb-mobile-header-display":"","site-post-title":"","ast-breadcrumbs-content":"","ast-featured-img":"","footer-sml-layout":"","ast-disable-related-posts":"","theme-transparent-header-meta":"default","adv-header-id-meta":"","stick-header-meta":"default","header-above-stick-meta":"","header-main-stick-meta":"","header-below-stick-meta":"","astra-migrate-meta-layouts":"default","ast-page-background-enabled":"default","ast-page-background-meta":{"desktop":{"background-color":"","background-image":"","background-repeat":"repeat","background-position":"center center","background-size":"auto","background-attachment":"scroll","background-type":"","background-media":"","overlay-type":"","overlay-color":"","overlay-opacity":"","overlay-gradient":""},"tablet":{"background-color":"","background-image":"","background-repeat":"repeat","background-position":"center center","background-size":"auto","background-attachment":"scroll","background-type":"","background-media":"","overlay-type":"","overlay-color":"","overlay-opacity":"","overlay-gradient":""},"mobile":{"background-color":"","background-image":"","background-repeat":"repeat","background-position":"center center","background-size":"auto","background-attachment":"scroll","background-type":"","background-media":"","overlay-type":"","overlay-color":"","overlay-opacity":"","overlay-gradient":""}},"ast-content-background-meta":{"desktop":{"background-color":"var(--ast-global-color-4)","background-image":"","background-repeat":"repeat","background-position":"center center","background-size":"auto","background-attachment":"scroll","background-type":"","background-media":"","overlay-type":"","overlay-color":"","overlay-opacity":"","overlay-gradient":""},"tablet":{"background-color":"var(--ast-global-color-4)","background-image":"","background-repeat":"repeat","background-position":"center center","background-size":"auto","background-attachment":"scroll","background-type":"","background-media":"","overlay-type":"","overlay-color":"","overlay-opacity":"","overlay-gradient":""},"mobile":{"background-color":"var(--ast-global-color-4)","background-image":"","background-repeat":"repeat","background-position":"center center","background-size":"auto","background-attachment":"scroll","background-type":"","background-media":"","overlay-type":"","overlay-color":"","overlay-opacity":"","overlay-gradient":""}}},"product_brand":[],"product_cat":[363],"product_tag":[578],"class_list":{"0":"post-18929","1":"product","2":"type-product","3":"status-publish","4":"has-post-thumbnail","6":"product_cat-cosmetics","7":"product_tag-cosmetics","8":"desktop-align-center","9":"tablet-align-center","10":"mobile-align-center","11":"ast-product-gallery-layout-horizontal","12":"ast-product-tabs-layout-distributed","13":"ast-qv-on-image","15":"first","16":"outofstock","17":"taxable","18":"shipping-taxable","19":"purchasable","20":"product-type-simple"},"acf":[],"uagb_featured_image_src":{"full":["https:\/\/i0.wp.com\/visionstore.co.rs\/wp-content\/uploads\/2022\/10\/Venostrog_gel.png?fit=1024%2C1024&ssl=1",1024,1024,false],"thumbnail":["https:\/\/i0.wp.com\/visionstore.co.rs\/wp-content\/uploads\/2022\/10\/Venostrog_gel.png?resize=150%2C150&ssl=1",150,150,true],"medium":["https:\/\/i0.wp.com\/visionstore.co.rs\/wp-content\/uploads\/2022\/10\/Venostrog_gel.png?fit=300%2C300&ssl=1",300,300,true],"medium_large":["https:\/\/i0.wp.com\/visionstore.co.rs\/wp-content\/uploads\/2022\/10\/Venostrog_gel.png?fit=768%2C768&ssl=1",768,768,true],"large":["https:\/\/i0.wp.com\/visionstore.co.rs\/wp-content\/uploads\/2022\/10\/Venostrog_gel.png?fit=1024%2C1024&ssl=1",1024,1024,true],"1536x1536":["https:\/\/i0.wp.com\/visionstore.co.rs\/wp-content\/uploads\/2022\/10\/Venostrog_gel.png?fit=1024%2C1024&ssl=1",1024,1024,true],"2048x2048":["https:\/\/i0.wp.com\/visionstore.co.rs\/wp-content\/uploads\/2022\/10\/Venostrog_gel.png?fit=1024%2C1024&ssl=1",1024,1024,true],"mailpoet_newsletter_max":["https:\/\/i0.wp.com\/visionstore.co.rs\/wp-content\/uploads\/2022\/10\/Venostrog_gel.png?fit=1024%2C1024&ssl=1",1024,1024,true],"woocommerce_thumbnail":["https:\/\/i0.wp.com\/visionstore.co.rs\/wp-content\/uploads\/2022\/10\/Venostrog_gel.png?fit=900%2C900&ssl=1",900,900,true],"woocommerce_single":["https:\/\/i0.wp.com\/visionstore.co.rs\/wp-content\/uploads\/2022\/10\/Venostrog_gel.png?fit=1024%2C1024&ssl=1",1024,1024,true],"woocommerce_gallery_thumbnail":["https:\/\/i0.wp.com\/visionstore.co.rs\/wp-content\/uploads\/2022\/10\/Venostrog_gel.png?resize=100%2C100&ssl=1",100,100,true]},"uagb_author_info":{"display_name":"admin","author_link":"https:\/\/visionstore.co.rs\/cs\/author\/"},"uagb_comment_info":5,"uagb_excerpt":"Gel na nohy VenoStrong \u2022 Poskytuje komplexn\u00ed ochranu \u017eiln\u00edch c\u00e9v \u2022 Pom\u00e1h\u00e1 sni\u017eovat otoky, t\u00edhu, bolest a slabost nohou \u2022 Revitalizuje a posiluje st\u011bny c\u00e9v \u2022 Zlep\u0161uje krevn\u00ed ob\u011bh, deodoruje poko\u017eku.","jetpack_sharing_enabled":true,"_links":{"self":[{"href":"https:\/\/visionstore.co.rs\/cs\/wp-json\/wp\/v2\/product\/18929","targetHints":{"allow":["GET"]}}],"collection":[{"href":"https:\/\/visionstore.co.rs\/cs\/wp-json\/wp\/v2\/product"}],"about":[{"href":"https:\/\/visionstore.co.rs\/cs\/wp-json\/wp\/v2\/types\/product"}],"replies":[{"embeddable":true,"href":"https:\/\/visionstore.co.rs\/cs\/wp-json\/wp\/v2\/comments?post=18929"}],"wp:featuredmedia":[{"embeddable":true,"href":"https:\/\/visionstore.co.rs\/cs\/wp-json\/wp\/v2\/media\/29126"}],"wp:attachment":[{"href":"https:\/\/visionstore.co.rs\/cs\/wp-json\/wp\/v2\/media?parent=18929"}],"wp:term":[{"taxonomy":"product_brand","embeddable":true,"href":"https:\/\/visionstore.co.rs\/cs\/wp-json\/wp\/v2\/product_brand?post=18929"},{"taxonomy":"product_cat","embeddable":true,"href":"https:\/\/visionstore.co.rs\/cs\/wp-json\/wp\/v2\/product_cat?post=18929"},{"taxonomy":"product_tag","embeddable":true,"href":"https:\/\/visionstore.co.rs\/cs\/wp-json\/wp\/v2\/product_tag?post=18929"}],"curies":[{"name":"wp","href":"https:\/\/api.w.org\/{rel}","templated":true}]}}