{"id":18969,"date":"2020-07-31T22:05:47","date_gmt":"2020-07-31T20:05:47","guid":{"rendered":"https:\/\/visionstore.co.rs\/product\/passilat-classic\/"},"modified":"2024-08-16T09:07:25","modified_gmt":"2024-08-16T07:07:25","slug":"passilat","status":"publish","type":"product","link":"https:\/\/visionstore.co.rs\/cs\/product\/passilat\/","title":{"rendered":"Passilat Classic"},"content":{"rendered":"<p><strong>Passilat Classic byl vytvo\u0159en, aby pom\u00e1hal v boji proti stresu: obnovuje funkce nervov\u00e9ho syst\u00e9mu a normalizuje srde\u010dn\u00ed rytmus.<\/strong>  Tento bioaktivn\u00ed dopln\u011bk stravy obsahuje unik\u00e1tn\u00ed kombinaci zklid\u0148uj\u00edc\u00edch bylin a vitam\u00edn\u016f nezbytn\u00fdch pro normalizaci \u010dinnosti centr\u00e1ln\u00edho nervov\u00e9ho syst\u00e9mu. Tento komplex se doporu\u010duje pro prevenci r\u016fzn\u00fdch funk\u010dn\u00edch poruch nervov\u00e9ho syst\u00e9mu. M\u00e1 sedativn\u00ed \u00fa\u010dinek a pom\u00e1h\u00e1 p\u0159edch\u00e1zet nervov\u00fdm zhroucen\u00ed, nep\u016fsob\u00ed na nervov\u00fd syst\u00e9m, kter\u00fd zp\u016fsobuje deprese nebo ospalost.  <strong>Doporu\u010duje se jako ti\u0161\u00edc\u00ed prost\u0159edek p\u0159i chronick\u00fdch funk\u010dn\u00edch poruch\u00e1ch nervov\u00e9ho syst\u00e9mu, v situac\u00edch se zv\u00fd\u0161enou nervozitou a bolestmi v oblasti srdce. Vitalizuje srde\u010dn\u00ed sval, zlep\u0161uje koron\u00e1rn\u00ed pr\u016ftok krve.<\/strong><\/p>\n<ul>\n<li>Sni\u017euje stres, \u00fazkost a nepohodl\u00ed<\/li>\n<li>Normalizuje srde\u010dn\u00ed rytmus, zlep\u0161uje koron\u00e1rn\u00ed pr\u016ftok krve<\/li>\n<li>Siln\u011bj\u0161\u00ed odolnost v\u016f\u010di stresu<\/li>\n<\/ul>\n<p>  St\u00e1v\u00e1 se to takto: \u010dlov\u011bk se podr\u00e1\u017ed\u00ed, zv\u00fd\u0161\u00ed se tlak, srdce za\u010dne rychle b\u00edt a zt\u00ed\u017e\u00ed se d\u00fdch\u00e1n\u00ed. Ka\u017ed\u00fd \u010dlov\u011bk poc\u00edtil tyto nepohodl\u00ed nebo bolesti v oblasti srdce alespo\u0148 jednou v \u017eivot\u011b b\u011bhem nervov\u00e9ho zhroucen\u00ed. To v\u0161e proto, \u017ee mezi na\u0161\u00edm nervov\u00fdm syst\u00e9mem a srdcem existuje skv\u011bl\u00e9 spojen\u00ed. Ur\u010dit\u00e1 skupina bun\u011bk nervov\u00e9ho syst\u00e9mu p\u0159\u00edmo souvis\u00ed s prac\u00ed srdce a d\u00e1v\u00e1 mu ur\u010dit\u00fd rytmus. Kdy\u017e tedy \u010dlov\u011bk poc\u00edt\u00ed nervov\u00e9 nap\u011bt\u00ed, vztek, neklid, vytvo\u0159\u00ed se ur\u010dit\u00e1 \u0159et\u011bzov\u00e1 reakce: uvoln\u00ed se hormon adrenalin, nervov\u00fd syst\u00e9m vy\u0161le sign\u00e1l p\u0159\u00edmo do srdce, kter\u00e9 za\u010dne b\u00edt rychleji, jeho rytmus se stane nerovnom\u011brn\u00fdm, c\u00e9vy se zu\u017euje a krevn\u00ed tlak se zvy\u0161uje.zvy\u0161uje. D\u016fsledky jsou: proud\u011bn\u00ed krve do srdce je slab\u00e9, nervov\u00fd syst\u00e9m do n\u011bj p\u0159est\u00e1v\u00e1 vys\u00edlat impulsy, v\u00fd\u017eiva krevn\u00edho svalu se st\u00e1v\u00e1 nepravidelnou a je naru\u0161eno spojen\u00ed mezi nervov\u00fdm a kardiovaskul\u00e1rn\u00edm syst\u00e9mem. Tato trval\u00e1 nerovnov\u00e1ha m\u016f\u017ee v\u00e9st k p\u0159et\u00ed\u017een\u00ed srdce, kter\u00e9 m\u016f\u017ee v\u00e9st k v\u00e1\u017en\u00fdm zdravotn\u00edm probl\u00e9m\u016fm, zejm\u00e9na u lid\u00ed s r\u016fzn\u00fdmi srde\u010dn\u00edmi chorobami. P\u0159\u00edrodn\u00ed komplex <strong>Passilat Classic<\/strong>, kter\u00fd zahrnuje celou \u0159adu povzbuzuj\u00edc\u00edch a uklid\u0148uj\u00edc\u00edch bylin a pro nervov\u00fd syst\u00e9m nezbytn\u00fdch vitam\u00edn\u016f, pom\u016f\u017ee uklidnit nervy, vr\u00e1tit radost ze \u017eivota, dos\u00e1hnout harmonie s okoln\u00edm sv\u011btem a udr\u017eet srdce. ve zdrav\u00e9m stavu. Obnoven\u00ed harmonick\u00e9ho srde\u010dn\u00edho rytmu a obnoven\u00ed rovnov\u00e1hy nervov\u00e9ho syst\u00e9mu je mo\u017en\u00e9 s komplexem <strong>Passilat Classic<\/strong>, jeho\u017e slo\u017eky p\u016fsob\u00ed na etapy. Prvn\u00ed pomoc srdci a mozku, z\u00e1sobov\u00e1n\u00ed kysl\u00edkem, poskytne <strong>hloh<\/strong>. Normalizuje srde\u010dn\u00ed rytmus, zlep\u0161uje koron\u00e1rn\u00ed pr\u016ftok krve a sni\u017euje nap\u011bt\u00ed centr\u00e1ln\u00edho nervov\u00e9ho syst\u00e9mu. <strong>Hloh<\/strong> je \u0161iroce pou\u017e\u00edv\u00e1n p\u0159i funk\u010dn\u00edch poruch\u00e1ch kardiovaskul\u00e1rn\u00edho a nervov\u00e9ho syst\u00e9mu a slou\u017e\u00ed jako kardiotonikum a sedativum. Krom\u011b <strong>hlohu<\/strong> m\u00e1 <strong>kozl\u00edk<\/strong> l\u00e9ka\u0159sk\u00fd p\u0159\u00edzniv\u00fd vliv na \u010dinnost srdce a jeho propojen\u00ed s nervov\u00fdm syst\u00e9mem. Tato rostlina m\u00e1 sedativn\u00ed \u00fa\u010dinek a pou\u017e\u00edv\u00e1 se jako l\u00e9k na chronick\u00e9 funk\u010dn\u00ed poruchy centr\u00e1ln\u00edho nervov\u00e9ho syst\u00e9mu, nervozitu a bolesti srdce; zv\u00fd\u0161en\u00e9 bu\u0161en\u00ed srdce, kter\u00e9 souvis\u00ed s neurotick\u00fdm stavem. <strong>Je\u017e\u00ed\u0161ova koruna<\/strong> se zab\u00fdv\u00e1 obnoven\u00edm spojen\u00ed mezi srdcem a nervov\u00fdm syst\u00e9mem. Je jednou z nej\u00fa\u010dinn\u011bj\u0161\u00edch sedativn\u00edch rostlin, reguluje tvorbu hormonu \u0161t\u011bst\u00ed serotoninu, kter\u00fd vytv\u00e1\u0159\u00ed spojen\u00ed mezi srdcem, nervov\u00fdm a hormon\u00e1ln\u00edm syst\u00e9mem, d\u00edky pozitivn\u00edm emoc\u00edm, kter\u00e9 vytv\u00e1\u0159\u00ed. Kardiovaskul\u00e1rn\u00ed syst\u00e9m za\u010d\u00edn\u00e1 pracovat efektivn\u011bji, proto\u017ee je podporov\u00e1n spr\u00e1vn\u00fdm fungov\u00e1n\u00edm nervov\u00e9ho syst\u00e9mu a pot\u0159ebn\u00fdmi hormony. <strong>Je\u017e\u00ed\u0161\u016fv v\u011bnec<\/strong> tak\u00e9 odstra\u0148uje nap\u011bt\u00ed, silnou du\u0161evn\u00ed \u00fazkost, neklid, p\u0159\u00edzniv\u011b p\u016fsob\u00ed na nervovou soustavu. Optim\u00e1ln\u00ed vst\u0159eb\u00e1v\u00e1n\u00ed t\u011bchto rostlinn\u00fdch slo\u017eek je v\u0161ak mo\u017en\u00e9 pouze p\u0159i spole\u010dn\u00e9m p\u0159\u00edjmu s <strong>vitam\u00edny skupiny B.<\/strong> <strong>Vitam\u00edny skupiny B<\/strong> jsou nezbytn\u00e9 pro norm\u00e1ln\u00ed \u010dinnost centr\u00e1ln\u00edho a perifern\u00edho nervov\u00e9ho syst\u00e9mu, odstra\u0148uj\u00ed nervov\u00e9 poruchy, maj\u00ed uklid\u0148uj\u00edc\u00ed \u00fa\u010dinek a podporuj\u00ed funkce kardiovaskul\u00e1rn\u00edho syst\u00e9mu. <strong>Slo\u017een\u00ed:<\/strong> <a href=\"https:\/\/visionstore.co.rs\/biljka-isusov-venac-ili-pasiflora\/\">Mu\u010denka (lat. <em>Passiflora incarnata<\/em> )<\/a> , <a href=\"https:\/\/visionstore.co.rs\/glog-lat-crataegus-monogyna\/\">Hloh b\u00edl\u00fd (lat. <em>Crataegus monogyna<\/em> )<\/a> , Kozl\u00edk l\u00e9ka\u0159sk\u00fd (lat. <em>Valeriana officinalis<\/em> ), vitam\u00edny B1, B6 a <a href=\"https:\/\/visionstore.co.rs\/vitamin-b12\/\">B12<\/a> . <strong>Mno\u017estv\u00ed: 60 kapsl\u00ed<\/strong> <strong>\u010cist\u00e1 hmotnost: 24,96 g<\/strong><\/p>\n<table width=\"453\">\n<tbody>\n<tr>\n<td width=\"261\"><strong>AKTIVN\u00cd L\u00c1TKY:<\/strong><\/td>\n<td width=\"73\"><strong>2 kapsle<\/strong> <strong>(832 mg)<\/strong><\/td>\n<td width=\"53\"><strong>%NRV<\/strong> *<\/td>\n<\/tr>\n<tr>\n<td>Vitam\u00edn B1<\/td>\n<td>0,8 mg<\/td>\n<td>73 %<\/td>\n<\/tr>\n<tr>\n<td>Vitam\u00edn B6<\/td>\n<td>0,8 mg<\/td>\n<td>57 %<\/td>\n<\/tr>\n<tr>\n<td>Vitam\u00edn B12<\/td>\n<td>0,8 \u00b5g<\/td>\n<td>32 %<\/td>\n<\/tr>\n<tr>\n<td>Such\u00fd extrakt z mu\u010denky ( <em>Passiflora incarnata<\/em> ), standardizovan\u00fd na 3 % flavonoid\u016f  <\/p>\n<ul>\n<li>z toho flavonoidy<\/li>\n<\/ul>\n<\/td>\n<td>400 mg  <\/p>\n<ul>\n<li>12 mg<\/li>\n<\/ul>\n<\/td>\n<td>**<\/td>\n<\/tr>\n<tr>\n<td>Such\u00fd extrakt z list\u016f a kv\u011bt\u016f b\u00edl\u00e9ho hlohu ( <em>Crataegus monogyna<\/em> ), standardizovan\u00fd na 3 % flavon\u016f  <\/p>\n<ul>\n<li>z toho flavony<\/li>\n<\/ul>\n<\/td>\n<td>100 mg  <\/p>\n<ul>\n<li>3 mg<\/li>\n<\/ul>\n<\/td>\n<td>**<\/td>\n<\/tr>\n<tr>\n<td>Such\u00fd extrakt z ko\u0159ene kozl\u00edku l\u00e9ka\u0159sk\u00e9ho ( <em>Valeriana officinalis<\/em> ), 4:1<\/td>\n<td>100 mg<\/td>\n<td>**<\/td>\n<\/tr>\n<\/tbody>\n<\/table>\n<p><strong>*<\/strong> NRV &#8211; nutri\u010dn\u00ed referen\u010dn\u00ed hodnota <strong>**<\/strong> &#8211; nutri\u010dn\u00ed referen\u010dn\u00ed hodnota nebyla stanovena<\/p>\n","protected":false},"excerpt":{"rendered":"<p><strong>VLASTNOSTI PRODUKTU PASSILAT:<\/strong><\/p>\n<ul>\n<li>Odstra\u0148uje nervov\u00e9 nap\u011bt\u00ed, pocit neklidu a podr\u00e1\u017ed\u011bnosti.<\/li>\n<li>Odstra\u0148uje nervov\u00e9 poruchy a obnovuje pr\u016ftok krve do srde\u010dn\u00edho svalu, kter\u00fd je naru\u0161en p\u0159i stresu.<\/li>\n<li>Sni\u017euje riziko vzniku nervov\u00fdch a kardiovaskul\u00e1rn\u00edch onemocn\u011bn\u00ed.<\/li>\n<li>Normalizuje srde\u010dn\u00ed rytmus a zlep\u0161uje koron\u00e1rn\u00ed pr\u016ftok krve.<\/li>\n<li>Odstra\u0148uje bolesti v oblasti srdce zp\u016fsoben\u00e9 nervov\u00fdm nap\u011bt\u00edm.<\/li>\n<li>P\u0159isp\u00edv\u00e1 k tvorb\u011b hormonu \u0161t\u011bst\u00ed, serotoninu.<\/li>\n<li>P\u0159isp\u00edv\u00e1 ke zv\u00fd\u0161en\u00ed odolnosti organismu v\u016f\u010di stresu.<\/li>\n<li>Zabra\u0148uje nervov\u00e9mu zhroucen\u00ed.<\/li>\n<\/ul>\n","protected":false},"featured_media":29032,"comment_status":"open","ping_status":"closed","template":"","meta":{"_acf_changed":false,"_uag_custom_page_level_css":"","site-sidebar-layout":"default","site-content-layout":"default","ast-site-content-layout":"default","site-content-style":"default","site-sidebar-style":"default","ast-global-header-display":"","ast-banner-title-visibility":"","ast-main-header-display":"","ast-hfb-above-header-display":"","ast-hfb-below-header-display":"","ast-hfb-mobile-header-display":"","site-post-title":"","ast-breadcrumbs-content":"","ast-featured-img":"","footer-sml-layout":"","ast-disable-related-posts":"","theme-transparent-header-meta":"default","adv-header-id-meta":"","stick-header-meta":"default","header-above-stick-meta":"","header-main-stick-meta":"","header-below-stick-meta":"","astra-migrate-meta-layouts":"default","ast-page-background-enabled":"default","ast-page-background-meta":{"desktop":{"background-color":"","background-image":"","background-repeat":"repeat","background-position":"center center","background-size":"auto","background-attachment":"scroll","background-type":"","background-media":"","overlay-type":"","overlay-color":"","overlay-opacity":"","overlay-gradient":""},"tablet":{"background-color":"","background-image":"","background-repeat":"repeat","background-position":"center center","background-size":"auto","background-attachment":"scroll","background-type":"","background-media":"","overlay-type":"","overlay-color":"","overlay-opacity":"","overlay-gradient":""},"mobile":{"background-color":"","background-image":"","background-repeat":"repeat","background-position":"center center","background-size":"auto","background-attachment":"scroll","background-type":"","background-media":"","overlay-type":"","overlay-color":"","overlay-opacity":"","overlay-gradient":""}},"ast-content-background-meta":{"desktop":{"background-color":"var(--ast-global-color-4)","background-image":"","background-repeat":"repeat","background-position":"center center","background-size":"auto","background-attachment":"scroll","background-type":"","background-media":"","overlay-type":"","overlay-color":"","overlay-opacity":"","overlay-gradient":""},"tablet":{"background-color":"var(--ast-global-color-4)","background-image":"","background-repeat":"repeat","background-position":"center center","background-size":"auto","background-attachment":"scroll","background-type":"","background-media":"","overlay-type":"","overlay-color":"","overlay-opacity":"","overlay-gradient":""},"mobile":{"background-color":"var(--ast-global-color-4)","background-image":"","background-repeat":"repeat","background-position":"center center","background-size":"auto","background-attachment":"scroll","background-type":"","background-media":"","overlay-type":"","overlay-color":"","overlay-opacity":"","overlay-gradient":""}}},"product_brand":[],"product_cat":[24],"product_tag":[],"class_list":{"0":"post-18969","1":"product","2":"type-product","3":"status-publish","4":"has-post-thumbnail","6":"product_cat-direct-hit","7":"desktop-align-center","8":"tablet-align-center","9":"mobile-align-center","10":"ast-product-gallery-layout-horizontal","11":"ast-product-tabs-layout-distributed","12":"ast-qv-on-image","14":"first","15":"instock","16":"taxable","17":"shipping-taxable","18":"purchasable","19":"product-type-simple"},"acf":[],"uagb_featured_image_src":{"full":["https:\/\/i0.wp.com\/visionstore.co.rs\/wp-content\/uploads\/2020\/07\/Passilat_Classic2.png?fit=1024%2C1024&ssl=1",1024,1024,false],"thumbnail":["https:\/\/i0.wp.com\/visionstore.co.rs\/wp-content\/uploads\/2020\/07\/Passilat_Classic2.png?resize=150%2C150&ssl=1",150,150,true],"medium":["https:\/\/i0.wp.com\/visionstore.co.rs\/wp-content\/uploads\/2020\/07\/Passilat_Classic2.png?fit=300%2C300&ssl=1",300,300,true],"medium_large":["https:\/\/i0.wp.com\/visionstore.co.rs\/wp-content\/uploads\/2020\/07\/Passilat_Classic2.png?fit=768%2C768&ssl=1",768,768,true],"large":["https:\/\/i0.wp.com\/visionstore.co.rs\/wp-content\/uploads\/2020\/07\/Passilat_Classic2.png?fit=1024%2C1024&ssl=1",1024,1024,true],"1536x1536":["https:\/\/i0.wp.com\/visionstore.co.rs\/wp-content\/uploads\/2020\/07\/Passilat_Classic2.png?fit=1024%2C1024&ssl=1",1024,1024,true],"2048x2048":["https:\/\/i0.wp.com\/visionstore.co.rs\/wp-content\/uploads\/2020\/07\/Passilat_Classic2.png?fit=1024%2C1024&ssl=1",1024,1024,true],"mailpoet_newsletter_max":["https:\/\/i0.wp.com\/visionstore.co.rs\/wp-content\/uploads\/2020\/07\/Passilat_Classic2.png?fit=1024%2C1024&ssl=1",1024,1024,true],"woocommerce_thumbnail":["https:\/\/i0.wp.com\/visionstore.co.rs\/wp-content\/uploads\/2020\/07\/Passilat_Classic2.png?fit=900%2C900&ssl=1",900,900,true],"woocommerce_single":["https:\/\/i0.wp.com\/visionstore.co.rs\/wp-content\/uploads\/2020\/07\/Passilat_Classic2.png?fit=1024%2C1024&ssl=1",1024,1024,true],"woocommerce_gallery_thumbnail":["https:\/\/i0.wp.com\/visionstore.co.rs\/wp-content\/uploads\/2020\/07\/Passilat_Classic2.png?resize=100%2C100&ssl=1",100,100,true]},"uagb_author_info":{"display_name":"admin","author_link":"https:\/\/visionstore.co.rs\/cs\/author\/"},"uagb_comment_info":4,"uagb_excerpt":"VLASTNOSTI PRODUKTU PASSILAT: Odstra\u0148uje nervov\u00e9 nap\u011bt\u00ed, pocit neklidu a podr\u00e1\u017ed\u011bnosti. Odstra\u0148uje nervov\u00e9 poruchy a obnovuje pr\u016ftok krve do srde\u010dn\u00edho svalu, kter\u00fd je naru\u0161en p\u0159i stresu. Sni\u017euje riziko vzniku nervov\u00fdch a kardiovaskul\u00e1rn\u00edch onemocn\u011bn\u00ed. Normalizuje srde\u010dn\u00ed rytmus a zlep\u0161uje koron\u00e1rn\u00ed pr\u016ftok krve. Odstra\u0148uje bolesti v oblasti srdce zp\u016fsoben\u00e9 nervov\u00fdm nap\u011bt\u00edm. P\u0159isp\u00edv\u00e1 k tvorb\u011b hormonu \u0161t\u011bst\u00ed, serotoninu. P\u0159isp\u00edv\u00e1&hellip;","jetpack_sharing_enabled":true,"_links":{"self":[{"href":"https:\/\/visionstore.co.rs\/cs\/wp-json\/wp\/v2\/product\/18969","targetHints":{"allow":["GET"]}}],"collection":[{"href":"https:\/\/visionstore.co.rs\/cs\/wp-json\/wp\/v2\/product"}],"about":[{"href":"https:\/\/visionstore.co.rs\/cs\/wp-json\/wp\/v2\/types\/product"}],"replies":[{"embeddable":true,"href":"https:\/\/visionstore.co.rs\/cs\/wp-json\/wp\/v2\/comments?post=18969"}],"wp:featuredmedia":[{"embeddable":true,"href":"https:\/\/visionstore.co.rs\/cs\/wp-json\/wp\/v2\/media\/29032"}],"wp:attachment":[{"href":"https:\/\/visionstore.co.rs\/cs\/wp-json\/wp\/v2\/media?parent=18969"}],"wp:term":[{"taxonomy":"product_brand","embeddable":true,"href":"https:\/\/visionstore.co.rs\/cs\/wp-json\/wp\/v2\/product_brand?post=18969"},{"taxonomy":"product_cat","embeddable":true,"href":"https:\/\/visionstore.co.rs\/cs\/wp-json\/wp\/v2\/product_cat?post=18969"},{"taxonomy":"product_tag","embeddable":true,"href":"https:\/\/visionstore.co.rs\/cs\/wp-json\/wp\/v2\/product_tag?post=18969"}],"curies":[{"name":"wp","href":"https:\/\/api.w.org\/{rel}","templated":true}]}}