{"id":18978,"date":"2019-12-27T18:35:14","date_gmt":"2019-12-27T17:35:14","guid":{"rendered":"https:\/\/visionstore.co.rs\/product\/enjoy-nt-classic\/"},"modified":"2025-04-28T10:33:37","modified_gmt":"2025-04-28T08:33:37","slug":"enjoy-nt","status":"publish","type":"product","link":"https:\/\/visionstore.co.rs\/cs\/product\/enjoy-nt\/","title":{"rendered":"Enjoy NT Classic"},"content":{"rendered":"<h5><strong>Enjoy NT Classic<\/strong> &#8211; nenahraditeln\u00e1 pom\u016fcka pro klouby s r\u016fzn\u00fdmi typy funk\u010dn\u00edch po\u0161kozen\u00ed: ztuhlost, pohybov\u00e9 probl\u00e9my, bolesti.<\/h5>\n<p>Zabra\u0148uje poran\u011bn\u00ed kloub\u016f, kloubn\u00edho povrchu, p\u0159isp\u00edv\u00e1 k p\u0159irozen\u00e9 regeneraci chrupavky. <strong>Enjoy NT Classic<\/strong> m\u00e1 dvoj\u00ed \u00fa\u010dinek: usnad\u0148uje regeneraci <a href=\"https:\/\/visionstore.co.rs\/fizicka-aktivnost\/\">norm\u00e1ln\u00edho stavu kloub\u016f a posiluje kostn\u00ed tk\u00e1\u0148<\/a>. Na rozd\u00edl od mnoha jin\u00fdch kloubn\u00edch komplex\u016f tento bioaktivn\u00ed dopln\u011bk stravy krom\u011b <strong>glukosaminu<\/strong> a <strong>chondroitinu<\/strong> obsahuje i <strong>MSM (methylsulfonylmetan)<\/strong>, kter\u00fd zesiluje jejich \u00fa\u010dinek. <strong>MSM<\/strong> urychluje regeneraci a v\u00fd\u017eivu bun\u011bk, p\u0159isp\u00edv\u00e1 ke zm\u00edrn\u011bn\u00ed z\u00e1n\u011btliv\u00fdch proces\u016f v kloubech a svalech, zm\u00edr\u0148uje bolestiv\u00e9 stavy, poskytuje antioxida\u010dn\u00ed ochranu.   <strong>Bambusov\u00fd<\/strong> extrakt p\u0159isp\u00edv\u00e1 k aktivn\u00ed mineralizaci kostn\u00ed tk\u00e1n\u011b a zabra\u0148uje jej\u00edmu vy\u010derp\u00e1n\u00ed. <strong>Glukosamin<\/strong> a <strong>chondroitin<\/strong> p\u0159isp\u00edvaj\u00ed k nejrychlej\u0161\u00ed obnov\u011b povrch\u016f s chrupavkou, zabra\u0148uj\u00ed p\u0159ed\u010dasn\u00e9 destrukci a urychluj\u00ed metabolismus chrupavkov\u00e9 tk\u00e1n\u011b.<\/p>\n<ul>\n<li>Podporuje zdrav\u00ed kloub\u016f a p\u00e1te\u0159e, chr\u00e1n\u00ed v obdob\u00ed velk\u00e9 z\u00e1t\u011b\u017ee<\/li>\n<li>Chr\u00e1n\u00ed pojivov\u00e9 tk\u00e1n\u011b p\u0159ed po\u0161kozen\u00edm<\/li>\n<li>Stimuluje regeneraci poran\u011bn\u00fdch kloubn\u00edch a p\u00e1te\u0159n\u00edch chrupavek<\/li>\n<li>Pom\u00e1h\u00e1 regenerovat elasticitu kloub\u016f<\/li>\n<li>Urychluje tvorbu synovi\u00e1ln\u00ed tekutiny a kolagenu<\/li>\n<\/ul>\n<p>Komplexn\u00ed p\u016fsoben\u00ed dopl\u0148ku stravy <strong>EnjoyNT Classic<\/strong> spo\u010d\u00edv\u00e1 v podpo\u0159e zdrav\u00ed kloub\u016f zevnit\u0159 a v boji proti destrukci kostn\u00ed tk\u00e1n\u011b.<\/p>\n<h4>Jak to sed\u00ed?<\/h4>\n<p>P\u0159i periodick\u00e9m zat\u011b\u017eov\u00e1n\u00ed, nap\u0159\u00edklad p\u0159i ch\u016fzi, se na\u0161e chrupavka deformuje a vrac\u00ed do sv\u00e9 p\u0159edchoz\u00ed podoby, p\u0159i\u010dem\u017e si sv\u00fdm zp\u016fsobem uv\u011bdomuje funkci vysava\u010de, kter\u00fd zaji\u0161\u0165uje vypuzen\u00ed rozkladn\u00fdch produkt\u016f a vst\u0159eb\u00e1v\u00e1n\u00ed \u017eivin a stavebn\u00edch l\u00e1tek.<\/p>\n<p>Lisov\u00e1n\u00ed a navracen\u00ed do p\u016fvodn\u00edho stavu p\u0159i zat\u00ed\u017een\u00ed je z\u00e1kladn\u00ed podm\u00ednkou regenerace poran\u011bn\u00e9 chrupavkov\u00e9 tk\u00e1n\u011b. Nadm\u011brn\u00e9 a dlouhodob\u00e9 zat\u011b\u017eov\u00e1n\u00ed kloubu m\u00e1 nep\u0159\u00edjemn\u00fd vliv na funkci chrupavky v kloubu. Nav\u00edc je naru\u0161ena rovnov\u00e1ha mezi tvorbou nov\u00e9ho stavebn\u00edho materi\u00e1lu pro regeneraci chrupavky a jej\u00ed destrukc\u00ed. Ze stabiln\u00ed elastick\u00e9 struktury se chrupavka m\u011bn\u00ed v suchou a tenkou strukturu s drsn\u00fdm povrchem. Kost se st\u00e1v\u00e1 siln\u011bj\u0161\u00ed a roz\u0161i\u0159uje se na opa\u010dn\u00e9 stran\u011b chrupavky, co\u017e omezuje pohyb a zp\u016fsobuje deformaci kloubu. Kloubn\u00ed pouzdro zase ztvrdne a v d\u016fsledku toho dojde k z\u00e1n\u011btu. Kloub je napln\u011bn tekutinou, kter\u00e1 nap\u00edn\u00e1 kloubn\u00ed pouzdro a vazy.<\/p>\n<p>To v\u0161e zp\u016fsobuje bolest a nehybnost. Existuje v\u0161ak \u0159e\u0161en\u00ed! Dva chondroprotektory, kter\u00e9 se vz\u00e1jemn\u011b dopl\u0148uj\u00ed a posiluj\u00ed, jsou <strong>glukosamin<\/strong> a <strong>chondroitin<\/strong>, kter\u00e9 zabra\u0148uj\u00ed destrukci chrupavky v kloubu a stimuluj\u00ed obnovu chrupavkov\u00e9 tk\u00e1n\u011b.<\/p>\n<p><strong>Glukosamin<\/strong> z rostlinn\u00e9ho komplexu <strong>EnjoyNT Classic<\/strong> jako siln\u00fd stimul\u00e1tor procesu regenerace poran\u011bn\u00e9 chrupavky zlep\u0161uje v\u00fdm\u011bnu l\u00e1tek v tk\u00e1ni chrupavky, zabra\u0148uje jej\u00edmu rozkladu a p\u016fsob\u00ed protiz\u00e1n\u011btliv\u011b. <strong>Glukosamin<\/strong> tak odstra\u0148uje bolest, otoky a p\u0159isp\u00edv\u00e1 ke zlep\u0161en\u00ed krevn\u00edho ob\u011bhu, obnovuje pohyblivost po\u0161kozen\u00fdch kloub\u016f.<\/p>\n<p>Zvl\u00e1\u0161tnost\u00ed <strong>chondroitinu<\/strong> je, \u017ee zachov\u00e1v\u00e1 vodu v chrupavce ve form\u011b vodn\u00edch ploch (mikroprostor\u016f \u2014 vodn\u00edch pol\u0161t\u00e1\u0159k\u016f), kter\u00e9 vytv\u00e1\u0159ej\u00ed dobr\u00e9 tlumen\u00ed n\u00e1raz\u016f, co\u017e m\u00e1 za n\u00e1sledek zv\u00fd\u0161en\u00ed pevnosti pojivov\u00e9 tk\u00e1n\u011b. D\u016fle\u017eit\u00fdm \u00fa\u010dinkem <strong>chondroitinu<\/strong> je jeho schopnost sni\u017eovat p\u016fsoben\u00ed specifick\u00fdch enzym\u016f, kter\u00e9 ni\u010d\u00ed pojivovou tk\u00e1\u0148. <strong>Chondroitin<\/strong> p\u016fsob\u00ed protiz\u00e1n\u011btliv\u011b a sni\u017euje bolesti kloub\u016f. Chr\u00e1n\u00ed starou chrupavku p\u0159ed p\u0159ed\u010dasn\u00fdm zni\u010den\u00edm a m\u00e1 roli stavebn\u00edho materi\u00e1lu pro tvorbu nov\u00e9 a zdrav\u00e9 chrupavky.<\/p>\n<p>V kombinaci s <a href=\"https:\/\/visionstore.co.rs\/hondroprotektori\/\"><strong>glukosaminem<\/strong> a <strong>chondroitinem<\/strong> <strong>methylsulfonylmethan (MSM)<\/strong><\/a> dokonale posiluje klouby a vazy. <strong>MSM<\/strong> \u2014 p\u0159\u00edrodn\u00ed organick\u00e1 slou\u010denina s neuv\u011b\u0159iteln\u011b vysokou biologickou aktivitou. M\u00e1 \u0161irok\u00fd protiz\u00e1n\u011btliv\u00fd \u00fa\u010dinek, d\u00edky kter\u00e9mu dok\u00e1\u017ee sn\u00ed\u017eit bolesti kloub\u016f a sn\u00ed\u017eit riziko svalov\u00fdch k\u0159e\u010d\u00ed. <strong>MSM<\/strong> nav\u00edc odstra\u0148uje p\u0159\u00edpadn\u00e9 z\u00e1n\u011bty, zvy\u0161uje vytrvalost, sni\u017euje bolest sval\u016f po sportu na minimum. Z\u00e1kladn\u00ed vlastnosti <strong>MSM<\/strong> jsou: zlep\u0161en\u00ed kloubn\u00ed elasticity a prokrven\u00ed, sn\u00ed\u017een\u00ed nad\u00fdm\u00e1n\u00ed a ztuhlosti, zni\u010den\u00ed usazen\u00e9ho v\u00e1pn\u00edku. <strong>MSM<\/strong> se tak\u00e9 pod\u00edl\u00ed na tvorb\u011b pojivov\u00e9 tk\u00e1n\u011b a biosynt\u00e9ze kolagenu. Receptura dopl\u0148ku stravy <strong>EnjoyNT Classic<\/strong> nav\u00edc posiluje p\u016fsoben\u00ed <strong>chondroitinu<\/strong> a <strong>glukosaminu<\/strong> a zvy\u0161uje jejich \u00fa\u010dinnost.<\/p>\n<p>Hlavn\u00ed roli p\u0159i obnov\u011b pru\u017enosti a pevnosti kolagenov\u00fdch vl\u00e1ken hraje unik\u00e1tn\u00ed zdroj koncentrovan\u00e9 kyseliny k\u0159emi\u010dit\u00e9 \u2014 v\u00fdta\u017eek z <strong>bambusu<\/strong>, kter\u00fd nebyl dosud nikdy pou\u017eit ve formul\u00edch pro zdrav\u00ed kloub\u016f. Tato revolu\u010dn\u00ed slo\u017eka z dopl\u0148ku stravy <strong>EnjoyNT Classic<\/strong> poskytuje komplexu dvoj\u00ed p\u016fsoben\u00ed: <strong>bambus<\/strong> se nejen pod\u00edl\u00ed na regeneraci chrupav\u010dit\u00e9 tk\u00e1n\u011b, ale p\u0159isp\u00edv\u00e1 i k tvorb\u011b kolagenu v kostn\u00ed tk\u00e1ni, zaji\u0161\u0165uje j\u00ed aktivn\u00ed remineralizaci a zabra\u0148uje jej\u00edmu opot\u0159eben\u00ed.<\/p>\n<p>Doporu\u010duje se pou\u017e\u00edvat s produktem <strong><a href=\"https:\/\/visionstore.co.rs\/cs\/product\/collagen-up\/\">CollagenUp Classic<\/a><\/strong>.<\/p>\n<p><strong>Slo\u017een\u00ed:<\/strong> <a href=\"https:\/\/visionstore.co.rs\/hondroprotektori\/\">glukosamin, chondroitin<\/a>, MSM (methylsulfonylmetan), <a href=\"https:\/\/visionstore.co.rs\/bambus\/\">extrakt z bambusu (lat. <em>Phyllostachys pubescens<\/em>)<\/a>.<\/p>\n<p><strong>Mno\u017estv\u00ed: 60 kapsl\u00ed<\/strong><\/p>\n<p><strong>\u010cist\u00e1 hmotnost: 38,22 g<\/strong><\/p>\n<table>\n<tbody>\n<tr>\n<td width=\"205\"><strong>\u00da\u010cINN\u00c9 L\u00c1TKY:<\/strong><\/td>\n<td width=\"76\">\n<p style=\"text-align: left;\"><strong>2 kapsle<br \/>\n(1,274 g)<\/strong><\/p>\n<\/td>\n<\/tr>\n<tr>\n<td width=\"205\">Glukosamin hydrochlorid\n<\/td>\n<td style=\"text-align: left;\" width=\"76\">1000 mg<strong>**<\/strong><\/td>\n<\/tr>\n<tr>\n<td width=\"205\">Chondroitin sulf\u00e1t\n<\/td>\n<td style=\"text-align: left;\" width=\"76\">20 mg<strong>**<\/strong><\/td>\n<\/tr>\n<tr>\n<td width=\"205\">Methylsulfonylmethan (MSM)\n<\/td>\n<td style=\"text-align: left;\" width=\"76\">20 mg<strong>**<\/strong><\/td>\n<\/tr>\n<tr>\n<td width=\"205\">Pr\u00e1\u0161ek z bambusov\u00fdch stonk\u016f (<em>Phyllostachys pubescens<\/em>)<\/p>\n<ul>\n<li>z toho vl\u00e1knina<\/li>\n<\/ul>\n<\/td>\n<td style=\"text-align: center;\" width=\"76\">\n<p style=\"text-align: left;\">20 mg<strong>**<\/strong><\/p>\n<ul>\n<li style=\"text-align: left;\">5,04 mg<strong>**<\/strong><\/li>\n<\/ul>\n<\/td>\n<\/tr>\n<\/tbody>\n<\/table>\n<p><strong>**<\/strong> &#8211; nutri\u010dn\u00ed referen\u010dn\u00ed hodnota nebyla stanovena<\/p>\n","protected":false},"excerpt":{"rendered":"<p>\u2022 Podporuje zdrav\u00ed kloub\u016f a p\u00e1te\u0159e, chr\u00e1n\u00ed je p\u0159i \u010dinnostech a z\u00e1t\u011b\u017ei.<br \/>\n\u2022 Chr\u00e1n\u00ed pojivovou tk\u00e1\u0148 p\u0159ed zni\u010den\u00edm.<br \/>\n\u2022 M\u00e1 protiz\u00e1n\u011btliv\u00e9 a analgetick\u00e9 \u00fa\u010dinky.<br \/>\n\u2022 Zaji\u0161\u0165uje aktivn\u00ed remineralizaci kostn\u00ed tk\u00e1n\u011b, zabra\u0148uje jej\u00edmu opot\u0159eben\u00ed.<br \/>\n\u2022 P\u0159isp\u00edv\u00e1 k regeneraci poran\u011bn\u00e9 chrupav\u010dit\u00e9 tk\u00e1n\u011b v kloubech a p\u00e1te\u0159i.<br \/>\n\u2022 P\u0159edch\u00e1z\u00ed po\u0161kozen\u00ed a stimuluje p\u0159irozenou regeneraci chrupavky.<br \/>\n\u2022 Navrac\u00ed kloub\u016fm pohyblivost a pru\u017enost, zbavuje je rann\u00ed nehybnosti.<br \/>\n\u2022 Stimuluje tvorbu tekutiny a kolagenu v kloubech.<br \/>\n\u2022 Odstra\u0148uje \u00fanavu a pocit \u201et\u00ed\u017ee\u201c v kloubech po sportov\u00e1n\u00ed.<br \/>\n\u2022 P\u0159ipravuje klouby a svaly na fyzickou z\u00e1t\u011b\u017e a p\u0159edch\u00e1z\u00ed sportovn\u00edm zran\u011bn\u00edm.<br \/>\n\u2022 Umo\u017e\u0148uje v\u00e9st aktivn\u00ed \u017eivotn\u00ed styl v ka\u017ed\u00e9m v\u011bku<\/p>\n","protected":false},"featured_media":29042,"comment_status":"open","ping_status":"closed","template":"","meta":{"_acf_changed":false,"_uag_custom_page_level_css":"","site-sidebar-layout":"default","site-content-layout":"default","ast-site-content-layout":"default","site-content-style":"default","site-sidebar-style":"default","ast-global-header-display":"","ast-banner-title-visibility":"","ast-main-header-display":"","ast-hfb-above-header-display":"","ast-hfb-below-header-display":"","ast-hfb-mobile-header-display":"","site-post-title":"","ast-breadcrumbs-content":"","ast-featured-img":"","footer-sml-layout":"","ast-disable-related-posts":"","theme-transparent-header-meta":"default","adv-header-id-meta":"","stick-header-meta":"default","header-above-stick-meta":"","header-main-stick-meta":"","header-below-stick-meta":"","astra-migrate-meta-layouts":"default","ast-page-background-enabled":"default","ast-page-background-meta":{"desktop":{"background-color":"","background-image":"","background-repeat":"repeat","background-position":"center center","background-size":"auto","background-attachment":"scroll","background-type":"","background-media":"","overlay-type":"","overlay-color":"","overlay-opacity":"","overlay-gradient":""},"tablet":{"background-color":"","background-image":"","background-repeat":"repeat","background-position":"center center","background-size":"auto","background-attachment":"scroll","background-type":"","background-media":"","overlay-type":"","overlay-color":"","overlay-opacity":"","overlay-gradient":""},"mobile":{"background-color":"","background-image":"","background-repeat":"repeat","background-position":"center center","background-size":"auto","background-attachment":"scroll","background-type":"","background-media":"","overlay-type":"","overlay-color":"","overlay-opacity":"","overlay-gradient":""}},"ast-content-background-meta":{"desktop":{"background-color":"var(--ast-global-color-4)","background-image":"","background-repeat":"repeat","background-position":"center center","background-size":"auto","background-attachment":"scroll","background-type":"","background-media":"","overlay-type":"","overlay-color":"","overlay-opacity":"","overlay-gradient":""},"tablet":{"background-color":"var(--ast-global-color-4)","background-image":"","background-repeat":"repeat","background-position":"center center","background-size":"auto","background-attachment":"scroll","background-type":"","background-media":"","overlay-type":"","overlay-color":"","overlay-opacity":"","overlay-gradient":""},"mobile":{"background-color":"var(--ast-global-color-4)","background-image":"","background-repeat":"repeat","background-position":"center center","background-size":"auto","background-attachment":"scroll","background-type":"","background-media":"","overlay-type":"","overlay-color":"","overlay-opacity":"","overlay-gradient":""}},"jetpack_post_was_ever_published":false},"product_brand":[],"product_cat":[361],"product_tag":[],"class_list":{"0":"post-18978","1":"product","2":"type-product","3":"status-publish","4":"has-post-thumbnail","6":"product_cat-direct-hit","7":"desktop-align-center","8":"tablet-align-center","9":"mobile-align-center","10":"ast-product-gallery-layout-horizontal","11":"ast-product-tabs-layout-distributed","12":"ast-qv-on-image","14":"first","15":"instock","16":"taxable","17":"shipping-taxable","18":"purchasable","19":"product-type-simple"},"acf":[],"uagb_featured_image_src":{"full":["https:\/\/i0.wp.com\/visionstore.co.rs\/wp-content\/uploads\/2019\/12\/Enjoy-NT-Classic-1.png?fit=1024%2C1024&ssl=1",1024,1024,false],"thumbnail":["https:\/\/i0.wp.com\/visionstore.co.rs\/wp-content\/uploads\/2019\/12\/Enjoy-NT-Classic-1.png?resize=150%2C150&ssl=1",150,150,true],"medium":["https:\/\/i0.wp.com\/visionstore.co.rs\/wp-content\/uploads\/2019\/12\/Enjoy-NT-Classic-1.png?fit=300%2C300&ssl=1",300,300,true],"medium_large":["https:\/\/i0.wp.com\/visionstore.co.rs\/wp-content\/uploads\/2019\/12\/Enjoy-NT-Classic-1.png?fit=768%2C768&ssl=1",768,768,true],"large":["https:\/\/i0.wp.com\/visionstore.co.rs\/wp-content\/uploads\/2019\/12\/Enjoy-NT-Classic-1.png?fit=1024%2C1024&ssl=1",1024,1024,true],"1536x1536":["https:\/\/i0.wp.com\/visionstore.co.rs\/wp-content\/uploads\/2019\/12\/Enjoy-NT-Classic-1.png?fit=1024%2C1024&ssl=1",1024,1024,true],"2048x2048":["https:\/\/i0.wp.com\/visionstore.co.rs\/wp-content\/uploads\/2019\/12\/Enjoy-NT-Classic-1.png?fit=1024%2C1024&ssl=1",1024,1024,true],"mailpoet_newsletter_max":["https:\/\/i0.wp.com\/visionstore.co.rs\/wp-content\/uploads\/2019\/12\/Enjoy-NT-Classic-1.png?fit=1024%2C1024&ssl=1",1024,1024,true],"woocommerce_thumbnail":["https:\/\/i0.wp.com\/visionstore.co.rs\/wp-content\/uploads\/2019\/12\/Enjoy-NT-Classic-1.png?fit=900%2C900&ssl=1",900,900,true],"woocommerce_single":["https:\/\/i0.wp.com\/visionstore.co.rs\/wp-content\/uploads\/2019\/12\/Enjoy-NT-Classic-1.png?fit=1024%2C1024&ssl=1",1024,1024,true],"woocommerce_gallery_thumbnail":["https:\/\/i0.wp.com\/visionstore.co.rs\/wp-content\/uploads\/2019\/12\/Enjoy-NT-Classic-1.png?resize=100%2C100&ssl=1",100,100,true]},"uagb_author_info":{"display_name":"admin","author_link":"https:\/\/visionstore.co.rs\/cs\/author\/"},"uagb_comment_info":2,"uagb_excerpt":"\u2022 Podporuje zdrav\u00ed kloub\u016f a p\u00e1te\u0159e, chr\u00e1n\u00ed je p\u0159i \u010dinnostech a z\u00e1t\u011b\u017ei. \u2022 Chr\u00e1n\u00ed pojivovou tk\u00e1\u0148 p\u0159ed zni\u010den\u00edm. \u2022 M\u00e1 protiz\u00e1n\u011btliv\u00e9 a analgetick\u00e9 \u00fa\u010dinky. \u2022 Zaji\u0161\u0165uje aktivn\u00ed remineralizaci kostn\u00ed tk\u00e1n\u011b, zabra\u0148uje jej\u00edmu opot\u0159eben\u00ed. \u2022 P\u0159isp\u00edv\u00e1 k regeneraci poran\u011bn\u00e9 chrupav\u010dit\u00e9 tk\u00e1n\u011b v kloubech a p\u00e1te\u0159i. \u2022 P\u0159edch\u00e1z\u00ed po\u0161kozen\u00ed a stimuluje p\u0159irozenou regeneraci chrupavky. \u2022 Navrac\u00ed kloub\u016fm&hellip;","jetpack_sharing_enabled":true,"_links":{"self":[{"href":"https:\/\/visionstore.co.rs\/cs\/wp-json\/wp\/v2\/product\/18978","targetHints":{"allow":["GET"]}}],"collection":[{"href":"https:\/\/visionstore.co.rs\/cs\/wp-json\/wp\/v2\/product"}],"about":[{"href":"https:\/\/visionstore.co.rs\/cs\/wp-json\/wp\/v2\/types\/product"}],"replies":[{"embeddable":true,"href":"https:\/\/visionstore.co.rs\/cs\/wp-json\/wp\/v2\/comments?post=18978"}],"wp:featuredmedia":[{"embeddable":true,"href":"https:\/\/visionstore.co.rs\/cs\/wp-json\/wp\/v2\/media\/29042"}],"wp:attachment":[{"href":"https:\/\/visionstore.co.rs\/cs\/wp-json\/wp\/v2\/media?parent=18978"}],"wp:term":[{"taxonomy":"product_brand","embeddable":true,"href":"https:\/\/visionstore.co.rs\/cs\/wp-json\/wp\/v2\/product_brand?post=18978"},{"taxonomy":"product_cat","embeddable":true,"href":"https:\/\/visionstore.co.rs\/cs\/wp-json\/wp\/v2\/product_cat?post=18978"},{"taxonomy":"product_tag","embeddable":true,"href":"https:\/\/visionstore.co.rs\/cs\/wp-json\/wp\/v2\/product_tag?post=18978"}],"curies":[{"name":"wp","href":"https:\/\/api.w.org\/{rel}","templated":true}]}}