{"id":18986,"date":"2019-12-27T18:43:22","date_gmt":"2019-12-27T17:43:22","guid":{"rendered":"https:\/\/visionstore.co.rs\/product\/mistik-classic\/"},"modified":"2026-02-12T13:07:28","modified_gmt":"2026-02-12T12:07:28","slug":"mistik","status":"publish","type":"product","link":"https:\/\/visionstore.co.rs\/cs\/product\/mistik\/","title":{"rendered":"Mistik"},"content":{"rendered":"<p><strong>Mistik<\/strong> je \u00fa\u010dinn\u00fd p\u0159\u00edpravek pro zdrav\u00fd sp\u00e1nek. Jemn\u011b uklid\u0148uje nervov\u00fd syst\u00e9m, sni\u017euje nervov\u00e9 nap\u011bt\u00ed, sni\u017euje emo\u010dn\u00ed citlivost, zlep\u0161uje kvalitu sp\u00e1nku.<br \/>\nDok\u00e1\u017ee prodlou\u017eit f\u00e1zi hlubok\u00e9ho sp\u00e1nku, sn\u00ed\u017eit citlivost na sv\u011btlo nebo zvuky a pomoci zm\u00edrnit no\u010dn\u00ed m\u016fry. Na rozd\u00edl od syntetick\u00fdch pr\u00e1\u0161k\u016f na span\u00ed tento komplex nezp\u016fsobuje z\u00e1vislost, p\u0159\u00edznaky rann\u00ed nevolnosti ani denn\u00ed ospalost. M\u016f\u017ee b\u00fdt pou\u017e\u00edv\u00e1n po dlouhou dobu.<br \/>\n<strong>Mystik<\/strong> poskytuje zdrav\u00fd sp\u00e1nek v ka\u017ed\u00e9m v\u011bku, zaji\u0161\u0165uje rychl\u00e9 us\u00edn\u00e1n\u00ed a snadn\u00e9, vesel\u00e9 probouzen\u00ed.<\/p>\n<ul>\n<li>Usnad\u0148uje us\u00edn\u00e1n\u00ed, m\u00e1 uklid\u0148uj\u00edc\u00ed \u00fa\u010dinek<\/li>\n<li>Prodlu\u017euje f\u00e1zi hlubok\u00e9ho sp\u00e1nku<\/li>\n<li>Bojuje s nespavost\u00ed a pocity \u00fazkosti<\/li>\n<li>Sni\u017euje citlivost na sv\u011btlo a zvuky<\/li>\n<li>B\u011bhem dne nezp\u016fsobuje ospalost<\/li>\n<li>Pom\u00e1h\u00e1 p\u0159i stresu a psycho-emocion\u00e1ln\u00ed z\u00e1t\u011b\u017ei.<\/li>\n<li>M\u00e1 antispasmodick\u00fd \u00fa\u010dinek.<\/li>\n<li>Zabra\u0148uje vzniku nervov\u00fdch a psychick\u00fdch poruch.<\/li>\n<li>Sni\u017euje riziko kardiovaskul\u00e1rn\u00edch onemocn\u011bn\u00ed.<\/li>\n<li>P\u016fsob\u00ed proti arytmii.<\/li>\n<li>Zabra\u0148uje alergick\u00fdm a ko\u017en\u00edm onemocn\u011bn\u00edm.<\/li>\n<\/ul>\n<p>C\u00edt\u00edte se ospal\u00ed n\u011bkolikr\u00e1t b\u011bhem dne, ale jakmile se ocitnete v posteli, touha sp\u00e1t zmiz\u00ed, objev\u00ed se t\u011b\u017ek\u00e9 my\u0161lenky a neust\u00e1le se zm\u00edt\u00e1te ve snaze naj\u00edt polohu, kter\u00e1 v\u00e1m vyhovuje? St\u00e1v\u00e1 se, \u017ee ne\u017e usnete, uplyne 30 minut a\u017e dv\u011b hodiny a r\u00e1no m\u00e1te pocit, \u017ee jste se nevyspali a neodpo\u010dinuli?<\/p>\n<p>Pokud v\u00e1s nebav\u00ed v noci \u201epo\u010d\u00edtat ove\u010dky\u201c a r\u00e1no se probouz\u00edte unaven\u011bj\u0161\u00ed, ne\u017e kdy\u017e jste \u0161li ve\u010der sp\u00e1t; pokud v\u00e1m v\u0161echna ta vy\u010derp\u00e1vaj\u00edc\u00ed vyru\u0161ov\u00e1n\u00ed sp\u00e1nku, kter\u00e1 lze jedn\u00edm slovem nazvat nespavost\u00ed, p\u0159in\u00e1\u0161ej\u00ed fyzick\u00e9, psychick\u00e9 i emocion\u00e1ln\u00ed vy\u010derp\u00e1n\u00ed, pak pot\u0159ebujete p\u0159\u00edrodn\u00ed komplex <strong>Mistik<\/strong> , kter\u00fd obsahuje rostlinn\u00e9 slo\u017eky a vitam\u00edny. Sp\u00e1nek je naprosto nezbytnou podm\u00ednkou norm\u00e1ln\u00edho lidsk\u00e9ho \u017eivota.<\/p>\n<p>Komplex <strong>Mistik<\/strong> zlep\u0161\u00ed kvalitu sp\u00e1nku, sn\u00ed\u017e\u00ed nervov\u00e9 nap\u011bt\u00ed a zajist\u00ed snadn\u00e9 a rychl\u00e9 probuzen\u00ed. Poci\u0165te znovu v\u00fdznam takov\u00e9ho harmonick\u00e9ho a uklid\u0148uj\u00edc\u00edho p\u0159\u00e1n\u00ed, jako je: &#8222;Dobrou noc!&#8220;, a takov\u00fdch jasn\u00fdch a energetick\u00fdch slov: &#8222;Dobr\u00e9 r\u00e1no!&#8220;<\/p>\n<p>Fytokompozice skl\u00e1daj\u00edc\u00ed se z <strong>kalifornsk\u00e9ho m\u00e1ku<\/strong> , <b>kozl\u00edku l\u00e9ka\u0159sk\u00e9ho,<\/b> <strong>mu\u010denky (Je\u017e\u00ed\u0161\u016fv v\u011bnec), medu\u0148ky a chmele,<\/strong> p\u0159\u00edrodn\u00edch antidepresiv, je vynikaj\u00edc\u00ed receptura pro dobr\u00fd sp\u00e1nek. <strong>Ko\u0159en kozl\u00edku l\u00e9ka\u0159sk\u00e9ho<\/strong> m\u00e1 siln\u00e9 relaxa\u010dn\u00ed vlastnosti, d\u00edky \u010demu\u017e je u\u017eite\u010dnou slo\u017ekou pro zm\u00edrn\u011bn\u00ed stresu, \u00fazkosti, nervozity a svalov\u00e9ho nap\u011bt\u00ed. Je v\u0161ak vhodn\u00e9 p\u0159ipomenout, \u017ee kozl\u00edk l\u00e9ka\u0159sk\u00fd nen\u00ed silnou drogou a m\u00e1 m\u00edrn\u00fd a pozvoln\u00fd \u00fa\u010dinek, proto se pro dosa\u017een\u00ed nejlep\u0161\u00edch v\u00fdsledk\u016f doporu\u010duje pravideln\u00e9 a dlouhodob\u00e9 u\u017e\u00edv\u00e1n\u00ed kozl\u00edku. <strong>Kalifornsk\u00fd m\u00e1k<\/strong> uvol\u0148uje, zklid\u0148uje a odstra\u0148uje no\u010dn\u00ed m\u016fry. D\u00edky takov\u00e9mu bylinn\u00e9mu slo\u017een\u00ed m\u016f\u017eete snadno usnout a probudit se s dobrou n\u00e1ladou. Probl\u00e9mu s \u010dast\u00fdm vyru\u0161ov\u00e1n\u00edm sp\u00e1nku p\u0159esn\u011b p\u0159edch\u00e1z\u00ed <strong>kalifornsk\u00fd m\u00e1k<\/strong> , kter\u00fd pom\u00e1h\u00e1 rychleji usnout a prodlu\u017euje f\u00e1zi hlubok\u00e9ho sp\u00e1nku, tedy pr\u00e1v\u011b tu f\u00e1zi, p\u0159i kter\u00e9 se obnovuje s\u00edla. D\u00edky alkaloid\u016fm, speci\u00e1ln\u00edm l\u00e1tk\u00e1m obsa\u017een\u00fdm v rostlin\u011b, m\u00e1 sedativn\u00ed vlastnosti.<\/p>\n<p><strong>Extrakt z mu\u010denky<\/strong> se pou\u017e\u00edv\u00e1 p\u0159i nervov\u00e9m vyp\u011bt\u00ed, proti depresivn\u00edm stav\u016fm, astenii (vy\u010derp\u00e1n\u00ed, ospalost), migr\u00e9n\u011b, poruch\u00e1ch sp\u00e1nku, hormon\u00e1ln\u00ed nerovnov\u00e1ze, kardiovaskul\u00e1rn\u00edch pot\u00ed\u017e\u00edch&#8230;<\/p>\n<p><strong>Medu\u0148ka<\/strong> m\u00e1 sedativn\u00ed, antivirov\u00fd a protiz\u00e1n\u011btliv\u00fd \u00fa\u010dinek, zvy\u0161uje sekre\u010dn\u00ed funkci \u017ealudku a stimuluje motilitu tr\u00e1vic\u00edho traktu. Pou\u017e\u00edv\u00e1 se jako \u00fa\u010dinn\u00fd l\u00e9k p\u0159i nervov\u00e9m p\u0159ebuzen\u00ed, p\u0159i vegetovaskul\u00e1rn\u00ed dystonii, p\u0159i poruch\u00e1ch sp\u00e1nku, p\u0159i poruch\u00e1ch srde\u010dn\u00edho rytmu, p\u0159i n\u00e1hl\u00fdch tlakov\u00fdch skokech v d\u016fsledku emo\u010dn\u00edho p\u0159ep\u011bt\u00ed; p\u0159i probl\u00e9mech s tr\u00e1ven\u00edm potravy, vegetativn\u00ed neur\u00f3ze, gastritid\u011b a kolitid\u011b zp\u016fsoben\u00e9 emo\u010dn\u00edm faktorem.<\/p>\n<p><strong>Chmel<\/strong> obsahuje fytoestrogeny a polyfenoly, kter\u00e9 inhibuj\u00ed oxida\u010dn\u00ed stres, zabra\u0148uj\u00ed rozvoji n\u00e1dor\u016f, zlep\u0161uj\u00ed pohodu b\u011bhem menopauzy a p\u0159edch\u00e1zej\u00ed klimakterick\u00fdm probl\u00e9m\u016fm. Je \u00fa\u010dinn\u00fd p\u0159i z\u00e1vrat\u00edch a bolestech hlavy, kardioneur\u00f3ze, doprov\u00e1zen\u00e9 z\u00e1chvaty zrychlen\u00e9ho srde\u010dn\u00edho tepu.<\/p>\n<p>Hlavn\u00edm \u00fa\u010dinkem <strong>L-theaninu<\/strong> je stimulace alfa aktivity v mozku. Ale co to znamen\u00e1? Aktivita alfa vln je zodpov\u011bdn\u00e1 za sn\u00ed\u017een\u00ed symptom\u016f stresu, sn\u00ed\u017een\u00ed \u00fazkosti a nervozity a zlep\u0161en\u00ed pohody a n\u00e1lady. Tato slo\u017eka p\u016fsob\u00ed na mozek podobn\u011b jako \u00fa\u010dinek medita\u010dn\u00edch praktik, kter\u00e9 umo\u017e\u0148uj\u00ed rychle se zklidnit, uvolnit a z\u00e1rove\u0148 neztratit schopnost soust\u0159edit se na slo\u017eit\u00e9 \u00fakoly. Stimuluje synt\u00e9zu neurotransmiteru dopaminu, kter\u00fd je zodpov\u011bdn\u00fd za pam\u011b\u0165, vysokou koncentraci a dobrou n\u00e1ladu, a tak\u00e9 zvy\u0161uje fyzickou odolnost p\u0159i intenzivn\u00edm tr\u00e9ninku.<\/p>\n<p><strong>Melatonin<\/strong> je hormon, kter\u00fd t\u011blo pot\u0159ebuje k regulaci sp\u00e1nku. Kdy\u017e \u010dlov\u011bk usne, epif\u00fdza (\u0161i\u0161inka mozkov\u00e1, lat. glandula pinealis), \u017el\u00e1za v mozku, ji za\u010dne produkovat, kdy\u017e je tma, a zastav\u00ed se, kdy\u017e je den \u2013 to je hlavn\u00ed mechanismus cirkadi\u00e1nn\u00edho rytmu. Na\u0161e s\u00edtnice vys\u00edl\u00e1 do mozku sign\u00e1l o zm\u011bn\u00e1ch osv\u011btlen\u00ed. Vzhledem k tomu, \u017ee d\u00e9lka dne se v r\u016fzn\u00fdch ro\u010dn\u00edch obdob\u00edch li\u0161\u00ed, t\u011blo produkuje nejv\u00edce melatoninu v zim\u011b a m\u00e9n\u011b v l\u00e9t\u011b. Melatonin urychluje us\u00edn\u00e1n\u00ed v pr\u016fm\u011bru o 30 minut.<\/p>\n<p>Dietn\u00ed p\u0159\u00edpravek <strong>Mistik<\/strong> byl speci\u00e1ln\u011b vytvo\u0159en jako \u00fa\u010dinn\u00fd preventivn\u00ed prost\u0159edek proti probl\u00e9m\u016fm souvisej\u00edc\u00edm s poruchami sp\u00e1nku.<br \/>\nNejvy\u0161\u0161\u00ed \u00farove\u0148 kvality v\u00fdhradn\u011b p\u0159\u00edrodn\u00edch ingredienc\u00ed a v\u00fdroba v souladu s normami standardu GMP, aplikace unik\u00e1tn\u00ed technologie kryodrcen\u00ed za \u00fa\u010delem zachov\u00e1n\u00ed biologick\u00e9 aktivity rostlinn\u00fdch slo\u017eek zajistily v\u00fdrobku zaslou\u017een\u00e9 uzn\u00e1n\u00ed.<br \/>\nKlinick\u00e9 testy na NII pro v\u00fd\u017eivu ve spole\u010dnosti RAMN a dlouhodob\u00e9 zku\u0161enosti s pou\u017e\u00edv\u00e1n\u00edm produktu velk\u00fdm mno\u017estv\u00edm u\u017eivatel\u016f po cel\u00e9m sv\u011bt\u011b sv\u011bd\u010d\u00ed o nejvy\u0161\u0161\u00ed kvalit\u011b, \u00fa\u010dinnosti a bezpe\u010dnosti.<\/p>\n<p><strong>Slo\u017een\u00ed:<\/strong> <a href=\"https:\/\/visionstore.co.rs\/valerijana-lat-valeriana-officinalis\/\">Such\u00fd extrakt z ko\u0159ene kozl\u00edku l\u00e9ka\u0159sk\u00e9ho (lat. <em>Valeriana officinalis<\/em> )<\/a> ; bylina kalifornsk\u00e9ho m\u00e1ku (lat. <em>Eschscholzia californica<\/em> ) v pr\u00e1\u0161ku; L-theanin; <a href=\"https:\/\/visionstore.co.rs\/biljka-isusov-venac-ili-pasiflora\/\">such\u00fd extrakt z mu\u010denky (lat. <em>Passiflora incarnata L.<\/em> )<\/a> ; <a href=\"https:\/\/visionstore.co.rs\/maticnjak-lat-melissa-officinalis\/\">such\u00fd extrakt z list\u016f medu\u0148ky l\u00e9ka\u0159sk\u00e9 (lat. <em>Melissa officinalis<\/em> )<\/a> ; such\u00fd extrakt z chmelov\u00fdch kv\u011bt\u016f a \u0161i\u0161ek (lat. <em>Humulus lupulus<\/em> ); melatonin.<\/p>\n<p><strong>Mno\u017estv\u00ed: 60 kapsl\u00ed<\/strong><\/p>\n<p><strong>\u010cist\u00e1 hmotnost: 28,44 g<\/strong><\/p>\n<table>\n<tbody>\n<tr>\n<td width=\"285\"><strong>\u00da\u010cINN\u00c9 L\u00c1TKY:<\/strong><\/td>\n<td style=\"text-align: left;\" width=\"102\"><strong>1 kapsle<br \/>\n(474 mg)<\/strong><\/td>\n<td width=\"76\"><strong>NRV%*<\/strong><\/td>\n<\/tr>\n<tr>\n<td width=\"285\">Such\u00fd extrakt z ko\u0159ene kozl\u00edku l\u00e9ka\u0159sk\u00e9ho ( <em>Valeriana officinalis<\/em> ) (4:1, extrak\u010dn\u00ed \u010dinidlo etanol)<\/td>\n<td width=\"102\">100 mg<\/td>\n<td width=\"76\">**<\/td>\n<\/tr>\n<tr>\n<td width=\"285\">Kalifornsk\u00e1 bylina m\u00e1ku ( <em>Eschscholzia californica<\/em> ) v pr\u00e1\u0161ku<\/td>\n<td width=\"102\">80 mg<\/td>\n<td width=\"76\">**<\/td>\n<\/tr>\n<tr>\n<td width=\"285\">L-theanin<\/td>\n<td width=\"102\">50 mg<\/td>\n<td width=\"76\">**<\/td>\n<\/tr>\n<tr>\n<td width=\"285\">Such\u00fd extrakt z mu\u010denky ( <em>Passiflora incarnata L.<\/em> ) (4:1, prost\u0159edek na extrakci vody)<\/td>\n<td width=\"102\">50 mg<\/td>\n<td width=\"76\">**<\/td>\n<\/tr>\n<tr>\n<td width=\"285\">Such\u00fd extrakt z list\u016f medu\u0148ky l\u00e9ka\u0159sk\u00e9 ( <em>Melissa officinalis<\/em> ) (5:1, prost\u0159edek na extrakci vody)<\/td>\n<td width=\"102\">40 mg<\/td>\n<td width=\"76\">**<\/td>\n<\/tr>\n<tr>\n<td width=\"285\">Such\u00fd extrakt z kv\u011bt\u016f a \u0161i\u0161ek chmele ( <em>Humulus lupulus<\/em> ) (5:1, extrak\u010dn\u00ed \u010dinidlo etanol)<\/td>\n<td width=\"102\">40 mg<\/td>\n<td width=\"76\">**<\/td>\n<\/tr>\n<tr>\n<td width=\"285\">melatonin<\/td>\n<td width=\"102\">1 mg<\/td>\n<td width=\"76\">**<\/td>\n<\/tr>\n<\/tbody>\n<\/table>\n<p>*NRV &#8211; nutri\u010dn\u00ed referen\u010dn\u00ed hodnota<br \/>\n** &#8211; nutri\u010dn\u00ed referen\u010dn\u00ed hodnota nebyla stanovena<\/p>\n","protected":false},"excerpt":{"rendered":"<p>\u2022 Zlep\u0161uje kvalitu sp\u00e1nku, sni\u017euje podr\u00e1\u017ed\u011bnost.<br \/>\n\u2022 Pom\u00e1h\u00e1 rychleji usnout a snadno se probouzet.<br \/>\n\u2022 \u0158e\u0161\u00ed probl\u00e9m p\u0159eru\u0161ovan\u00e9ho sp\u00e1nku, p\u0159edch\u00e1z\u00ed no\u010dn\u00edm m\u016fr\u00e1m.<br \/>\n\u2022 Prodlu\u017euje f\u00e1zi hlubok\u00e9ho sp\u00e1nku.<br \/>\n\u2022 P\u0159isp\u00edv\u00e1 k odstran\u011bn\u00ed nespavosti a neklidu.<br \/>\n\u2022 Sni\u017euje citlivost na hluk a sv\u011btlo.<br \/>\n\u2022 Sni\u017euje p\u0159\u00edznaky rann\u00ed \u00fanavy.<\/p>\n","protected":false},"featured_media":28948,"comment_status":"open","ping_status":"closed","template":"","meta":{"_acf_changed":false,"_uag_custom_page_level_css":"","site-sidebar-layout":"default","site-content-layout":"default","ast-site-content-layout":"default","site-content-style":"default","site-sidebar-style":"default","ast-global-header-display":"","ast-banner-title-visibility":"","ast-main-header-display":"","ast-hfb-above-header-display":"","ast-hfb-below-header-display":"","ast-hfb-mobile-header-display":"","site-post-title":"","ast-breadcrumbs-content":"","ast-featured-img":"","footer-sml-layout":"","ast-disable-related-posts":"","theme-transparent-header-meta":"default","adv-header-id-meta":"","stick-header-meta":"default","header-above-stick-meta":"","header-main-stick-meta":"","header-below-stick-meta":"","astra-migrate-meta-layouts":"default","ast-page-background-enabled":"default","ast-page-background-meta":{"desktop":{"background-color":"","background-image":"","background-repeat":"repeat","background-position":"center center","background-size":"auto","background-attachment":"scroll","background-type":"","background-media":"","overlay-type":"","overlay-color":"","overlay-opacity":"","overlay-gradient":""},"tablet":{"background-color":"","background-image":"","background-repeat":"repeat","background-position":"center center","background-size":"auto","background-attachment":"scroll","background-type":"","background-media":"","overlay-type":"","overlay-color":"","overlay-opacity":"","overlay-gradient":""},"mobile":{"background-color":"","background-image":"","background-repeat":"repeat","background-position":"center center","background-size":"auto","background-attachment":"scroll","background-type":"","background-media":"","overlay-type":"","overlay-color":"","overlay-opacity":"","overlay-gradient":""}},"ast-content-background-meta":{"desktop":{"background-color":"var(--ast-global-color-4)","background-image":"","background-repeat":"repeat","background-position":"center center","background-size":"auto","background-attachment":"scroll","background-type":"","background-media":"","overlay-type":"","overlay-color":"","overlay-opacity":"","overlay-gradient":""},"tablet":{"background-color":"var(--ast-global-color-4)","background-image":"","background-repeat":"repeat","background-position":"center center","background-size":"auto","background-attachment":"scroll","background-type":"","background-media":"","overlay-type":"","overlay-color":"","overlay-opacity":"","overlay-gradient":""},"mobile":{"background-color":"var(--ast-global-color-4)","background-image":"","background-repeat":"repeat","background-position":"center center","background-size":"auto","background-attachment":"scroll","background-type":"","background-media":"","overlay-type":"","overlay-color":"","overlay-opacity":"","overlay-gradient":""}},"jetpack_post_was_ever_published":false},"product_brand":[],"product_cat":[361],"product_tag":[],"class_list":{"0":"post-18986","1":"product","2":"type-product","3":"status-publish","4":"has-post-thumbnail","6":"product_cat-direct-hit","7":"desktop-align-center","8":"tablet-align-center","9":"mobile-align-center","10":"ast-product-gallery-layout-horizontal","11":"ast-product-tabs-layout-distributed","12":"ast-qv-on-image","14":"first","15":"instock","16":"taxable","17":"shipping-taxable","18":"purchasable","19":"product-type-simple"},"acf":[],"uagb_featured_image_src":{"full":["https:\/\/i0.wp.com\/visionstore.co.rs\/wp-content\/uploads\/2019\/12\/Mistik_New_.png?fit=1024%2C1024&ssl=1",1024,1024,false],"thumbnail":["https:\/\/i0.wp.com\/visionstore.co.rs\/wp-content\/uploads\/2019\/12\/Mistik_New_.png?resize=150%2C150&ssl=1",150,150,true],"medium":["https:\/\/i0.wp.com\/visionstore.co.rs\/wp-content\/uploads\/2019\/12\/Mistik_New_.png?fit=300%2C300&ssl=1",300,300,true],"medium_large":["https:\/\/i0.wp.com\/visionstore.co.rs\/wp-content\/uploads\/2019\/12\/Mistik_New_.png?fit=768%2C768&ssl=1",768,768,true],"large":["https:\/\/i0.wp.com\/visionstore.co.rs\/wp-content\/uploads\/2019\/12\/Mistik_New_.png?fit=1024%2C1024&ssl=1",1024,1024,true],"1536x1536":["https:\/\/i0.wp.com\/visionstore.co.rs\/wp-content\/uploads\/2019\/12\/Mistik_New_.png?fit=1024%2C1024&ssl=1",1024,1024,true],"2048x2048":["https:\/\/i0.wp.com\/visionstore.co.rs\/wp-content\/uploads\/2019\/12\/Mistik_New_.png?fit=1024%2C1024&ssl=1",1024,1024,true],"mailpoet_newsletter_max":["https:\/\/i0.wp.com\/visionstore.co.rs\/wp-content\/uploads\/2019\/12\/Mistik_New_.png?fit=1024%2C1024&ssl=1",1024,1024,true],"woocommerce_thumbnail":["https:\/\/i0.wp.com\/visionstore.co.rs\/wp-content\/uploads\/2019\/12\/Mistik_New_.png?fit=900%2C900&ssl=1",900,900,true],"woocommerce_single":["https:\/\/i0.wp.com\/visionstore.co.rs\/wp-content\/uploads\/2019\/12\/Mistik_New_.png?fit=1024%2C1024&ssl=1",1024,1024,true],"woocommerce_gallery_thumbnail":["https:\/\/i0.wp.com\/visionstore.co.rs\/wp-content\/uploads\/2019\/12\/Mistik_New_.png?resize=100%2C100&ssl=1",100,100,true]},"uagb_author_info":{"display_name":"admin","author_link":"https:\/\/visionstore.co.rs\/cs\/author\/"},"uagb_comment_info":3,"uagb_excerpt":"\u2022 Zlep\u0161uje kvalitu sp\u00e1nku, sni\u017euje podr\u00e1\u017ed\u011bnost. \u2022 Pom\u00e1h\u00e1 rychleji usnout a snadno se probouzet. \u2022 \u0158e\u0161\u00ed probl\u00e9m p\u0159eru\u0161ovan\u00e9ho sp\u00e1nku, p\u0159edch\u00e1z\u00ed no\u010dn\u00edm m\u016fr\u00e1m. \u2022 Prodlu\u017euje f\u00e1zi hlubok\u00e9ho sp\u00e1nku. \u2022 P\u0159isp\u00edv\u00e1 k odstran\u011bn\u00ed nespavosti a neklidu. \u2022 Sni\u017euje citlivost na hluk a sv\u011btlo. \u2022 Sni\u017euje p\u0159\u00edznaky rann\u00ed \u00fanavy.","jetpack_sharing_enabled":true,"_links":{"self":[{"href":"https:\/\/visionstore.co.rs\/cs\/wp-json\/wp\/v2\/product\/18986","targetHints":{"allow":["GET"]}}],"collection":[{"href":"https:\/\/visionstore.co.rs\/cs\/wp-json\/wp\/v2\/product"}],"about":[{"href":"https:\/\/visionstore.co.rs\/cs\/wp-json\/wp\/v2\/types\/product"}],"replies":[{"embeddable":true,"href":"https:\/\/visionstore.co.rs\/cs\/wp-json\/wp\/v2\/comments?post=18986"}],"wp:featuredmedia":[{"embeddable":true,"href":"https:\/\/visionstore.co.rs\/cs\/wp-json\/wp\/v2\/media\/28948"}],"wp:attachment":[{"href":"https:\/\/visionstore.co.rs\/cs\/wp-json\/wp\/v2\/media?parent=18986"}],"wp:term":[{"taxonomy":"product_brand","embeddable":true,"href":"https:\/\/visionstore.co.rs\/cs\/wp-json\/wp\/v2\/product_brand?post=18986"},{"taxonomy":"product_cat","embeddable":true,"href":"https:\/\/visionstore.co.rs\/cs\/wp-json\/wp\/v2\/product_cat?post=18986"},{"taxonomy":"product_tag","embeddable":true,"href":"https:\/\/visionstore.co.rs\/cs\/wp-json\/wp\/v2\/product_tag?post=18986"}],"curies":[{"name":"wp","href":"https:\/\/api.w.org\/{rel}","templated":true}]}}