{"id":19007,"date":"2019-12-27T18:36:14","date_gmt":"2019-12-27T17:36:14","guid":{"rendered":"https:\/\/visionstore.co.rs\/product\/artemida-classic\/"},"modified":"2025-03-30T18:17:40","modified_gmt":"2025-03-30T16:17:40","slug":"artemida","status":"publish","type":"product","link":"https:\/\/visionstore.co.rs\/cs\/product\/artemida\/","title":{"rendered":"Artemida Classic"},"content":{"rendered":"<p>Produkt <strong>Artemida Classic<\/strong> pom\u00e1h\u00e1 stabilizovat menstrua\u010dn\u00ed cyklus a zm\u00edrnit stav b\u011bhem menstruace.<br \/>\nNormalizuje hormon\u00e1ln\u00ed rovnov\u00e1hu \u017eensk\u00e9ho organismu.<br \/>\n<strong>Artemida Classic<\/strong> byla vytvo\u0159ena pro zm\u00edrn\u011bn\u00ed p\u0159\u00edznak\u016f PMS a zlep\u0161en\u00ed hladiny \u017eeleza v krvi. Pravideln\u00e9 u\u017e\u00edv\u00e1n\u00ed prodlu\u017euje reproduk\u010dn\u00ed obdob\u00ed \u017eeny.<br \/>\n<strong>And\u011blika \u010d\u00ednsk\u00e1<\/strong> p\u0159isp\u00edv\u00e1 k obnov\u011b menstrua\u010dn\u00edho cyklu, sni\u017euje bolesti p\u0159i PMS a menstruaci, zlep\u0161uje reproduk\u010dn\u00ed funkce. Tato rostlina pom\u00e1h\u00e1 normalizovat diur\u00e9zu, p\u0159isp\u00edv\u00e1 k ni\u010den\u00ed patogenn\u00edch mikrob\u016f v mo\u010dov\u00e9m traktu.<\/p>\n<ul>\n<li>Podporuje p\u0159irozenou hladinu hormon\u016f<\/li>\n<li>Pom\u00e1h\u00e1 zm\u00edrnit p\u0159\u00edznaky PMS<\/li>\n<li>P\u0159isp\u00edv\u00e1 k normalizaci menstrua\u010dn\u00edho cyklu<\/li>\n<li>Odstra\u0148uje emo\u010dn\u00ed nap\u011bt\u00ed<\/li>\n<li>Sni\u017euje riziko z\u00e1n\u011btu urogenit\u00e1ln\u00edch kan\u00e1lk\u016f<\/li>\n<li>Obnovuje hladinu \u017eeleza v krvi<\/li>\n<li>Podporuje reproduk\u010dn\u00ed funkci<\/li>\n<\/ul>\n<p>P\u0159\u00edroda sama za\u0159\u00eddila, \u017ee v \u017eensk\u00e9m t\u011ble je hormon\u00e1ln\u00ed rovnov\u00e1ha, kter\u00e1 zachov\u00e1v\u00e1 zdrav\u00ed \u017een a umo\u017e\u0148uje \u017een\u011b c\u00edtit se kr\u00e1sn\u011b, v\u00e9st aktivn\u00ed \u017eivot a vypadat mladistv\u011b. Hormon\u00e1ln\u00ed rovnov\u00e1ha v\u0161ak m\u016f\u017ee b\u00fdt naru\u0161ena, co\u017e m\u00e1 za n\u00e1sledek nedostatek nebo nadbytek n\u011bkter\u00fdch hormon\u016f, co\u017e je velmi \u010dast\u00fd jev.<\/p>\n<p>Naru\u0161en\u00ed hormon\u00e1ln\u00ed rovnov\u00e1hy zp\u016fsobuje celou \u0159adu z\u00e1va\u017en\u00fdch probl\u00e9m\u016f, kter\u00e9 lze seskupit do dvou velk\u00fdch a pro ka\u017edou \u017eenu d\u016fle\u017eit\u00fdch skupin: proces st\u00e1rnut\u00ed a v d\u016fsledku tohoto procesu zm\u011bny vn\u011bj\u0161\u00edho vzhledu a reproduk\u010dn\u00ed funkce.<\/p>\n<p>Reproduk\u010dn\u00ed funkce \u017eeny je komplexn\u00ed proces skl\u00e1daj\u00edc\u00ed se z n\u011bkolika \u00farovn\u00ed, kter\u00fd \u00fazce souvis\u00ed s hladinou hormon\u016f v t\u011ble. Kdy\u017e tato \u00farove\u0148 neodpov\u00edd\u00e1 p\u0159irozen\u00e9 rovnov\u00e1ze, objev\u00ed se \u0159ada nep\u0159\u00edjemn\u00fdch p\u0159\u00edznak\u016f, p\u0159i kter\u00fdch je norm\u00e1ln\u00ed fungov\u00e1n\u00ed reproduk\u010dn\u00edho syst\u00e9mu nemo\u017en\u00e9. A pokud se pod vlivem hormon\u00e1ln\u00ed nerovnov\u00e1hy naru\u0161\u00ed jen jedna z f\u00e1z\u00ed bun\u011b\u010dn\u00e9ho cyklu, \u017eensk\u00e9 t\u011blo za\u010dne poci\u0165ovat probl\u00e9my, jako jsou bolestiv\u00e9 a nepravideln\u00e9 menstrua\u010dn\u00ed cykly, z\u00e1n\u011btliv\u00e9 procesy v \u017eensk\u00e9 genit\u00e1ln\u00ed sf\u00e9\u0159e, nemo\u017enost po\u010det\u00ed, probl\u00e9my s ot\u011bhotn\u011bn\u00edm, bolestivost a nepravidelnost menstrua\u010dn\u00edho cyklu. obt\u00ed\u017ee v t\u011bhotenstv\u00ed, kter\u00e9 je v d\u016fsledku toho obt\u00ed\u017en\u00e9 ot\u011bhotn\u011bt.prov\u00e1d\u011bn\u00e9 a\u017e do konce, premenstrua\u010dn\u00ed syndrom, n\u00e1hl\u00e9 zm\u011bny n\u00e1lady nebo \u0161patn\u00fd sp\u00e1nek. Dlouhodob\u00fd dopad takov\u00e9 hormon\u00e1ln\u00ed nerovnov\u00e1hy m\u016f\u017ee v\u00e9st k cel\u00e9 \u0159ad\u011b onemocn\u011bn\u00ed: d\u011blo\u017en\u00ed myomy, endometri\u00f3za, dysfunk\u010dn\u00ed d\u011blo\u017en\u00ed krv\u00e1cen\u00ed, mastopatie atd. co\u017e v kone\u010dn\u00e9m d\u016fsledku m\u016f\u017ee m\u00edt v\u00fdskyt onkologick\u00fdch onemocn\u011bn\u00ed.<\/p>\n<p>Jak prodlou\u017eit \u017een\u00e1m ml\u00e1d\u00ed a zachovat zdrav\u00ed \u017een po cel\u00fd \u017eivot? Nejd\u016fle\u017eit\u011bj\u0161\u00ed je podpo\u0159it a obnovit hormon\u00e1ln\u00ed rovnov\u00e1hu v reproduk\u010dn\u00edm obdob\u00ed.<\/p>\n<p><strong>Artemida Classic<\/strong> pom\u016f\u017ee obnovit hormon\u00e1ln\u00ed rovnov\u00e1hu a prodlou\u017eit ml\u00e1d\u00ed. Jedn\u00e1 se o komplex bylinn\u00fdch slo\u017eek a vitam\u00edn\u016f, kter\u00e9 zaji\u0161\u0165uj\u00ed a posiluj\u00ed hormon\u00e1ln\u00ed rovnov\u00e1hu \u017eeny; p\u0159isp\u00edv\u00e1 k odstran\u011bn\u00ed fyzick\u00e9ho a emo\u010dn\u00edho nap\u011bt\u00ed a p\u0159i pravideln\u00e9m pou\u017e\u00edv\u00e1n\u00ed vede k normalizaci m\u011bs\u00ed\u010dn\u00edch cykl\u016f; sni\u017euje nepohodl\u00ed a bolest v premenstrua\u010dn\u00edm obdob\u00ed: bolest v p\u00e1nevn\u00ed oblasti a na hrudi; zm\u011bny n\u00e1lady. Pokud za\u010dnete <strong>Artemida Classic<\/strong> u\u017e\u00edvat v mlad\u00e9m v\u011bku, lze se vyhnout hormon\u00e1ln\u00edm probl\u00e9m\u016fm souvisej\u00edc\u00edm s v\u011bkem a p\u0159i pravideln\u00e9m u\u017e\u00edv\u00e1n\u00ed lze dlouhodob\u011b zachovat reproduk\u010dn\u00ed funkce.<\/p>\n<p>Speci\u00e1ln\u011b vybran\u00e9 rostlinn\u00e9 extrakty a vitam\u00edny, kter\u00e9 jsou sou\u010d\u00e1st\u00ed komplexu <strong>Artemida Classic<\/strong>, p\u0159\u00edzniv\u011b p\u016fsob\u00ed na \u017eensk\u00fd organismus, p\u0159edch\u00e1zej\u00ed a sni\u017euj\u00ed nep\u0159\u00edjemn\u00e9 n\u00e1sledky hormon\u00e1ln\u00edch v\u00fdkyv\u016f a poskytuj\u00ed komplexn\u00ed ochranu \u017eensk\u00e9mu zdrav\u00ed.<\/p>\n<p><strong>And\u011blika \u010d\u00ednsk\u00e1<\/strong> m\u00e1 silou sv\u00e9ho harmonizovan\u00e9ho p\u016fsoben\u00ed na \u017eensk\u00fd organismus schopnost nejen nahrazovat p\u016fsoben\u00ed hormon\u016f, ale tak\u00e9 zvy\u0161ovat citlivost receptor\u016f t\u011blesn\u00fdch tk\u00e1n\u00ed na tyto hormony. Sv\u00fdm p\u016fsoben\u00edm je <strong>and\u011blika<\/strong> podobn\u00e1 \u017een\u0161enu, proto je \u010dasto naz\u00fdv\u00e1na \u201e\u017eensk\u00fdm \u017een\u0161enem\u201c. Tato rostlina p\u0159\u00edzniv\u011b p\u016fsob\u00ed p\u0159i gynekologick\u00fdch onemocn\u011bn\u00edch, kter\u00e1 souvis\u00ed s procesy stagnace v oblasti mal\u00e9 p\u00e1nve, ale tak\u00e9 s poruchami tonusu d\u011blohy, p\u0159isp\u00edv\u00e1 k obnov\u011b menstrua\u010dn\u00edho cyklu v\u010detn\u011b menstruace. po p\u0159\u00edjmu hormon\u00e1ln\u00edch p\u0159\u00edpravk\u016f normalizuje hormon\u00e1ln\u00ed rovnov\u00e1hu v \u017eensk\u00e9m t\u011ble. <strong>And\u011blika \u010d\u00ednsk\u00e1<\/strong> se tak\u00e9 pou\u017e\u00edv\u00e1 preventivn\u011b proti fibrocystick\u00e9 mastopatii, kter\u00e1 m\u016f\u017ee v\u00e9st k rakovin\u011b. <strong>Jetel \u010derven\u00fd<\/strong>, kter\u00fd obsahuje <strong>fytohormony<\/strong>, tak\u00e9 prok\u00e1zal, \u017ee pom\u00e1h\u00e1 \u017eensk\u00e9mu organismu formou prevence proti vzniku r\u016fzn\u00fdch n\u00e1dorov\u00fdch proces\u016f. Tato rostlina vynik\u00e1 vysok\u00fdm obsahem <strong>biochaninu A<\/strong>, kter\u00fd zabra\u0148uje p\u016fsoben\u00ed benzopyrenu, l\u00e1tky nach\u00e1zej\u00edc\u00ed se v rakovinn\u00fdch bu\u0148k\u00e1ch.<\/p>\n<p><strong>And\u011blika \u010d\u00ednsk\u00e1<\/strong> m\u00e1 pro sv\u00e9 esenci\u00e1ln\u00ed oleje spasmolytick\u00e9, diuretick\u00e9 a antimikrobi\u00e1ln\u00ed \u00fa\u010dinky, proto se \u010dasto pou\u017e\u00edv\u00e1 p\u0159i z\u00e1n\u011btliv\u00fdch procesech urogenit\u00e1ln\u00edho traktu a p\u0159i bolestech b\u011bhem menstrua\u010dn\u00edho cyklu.<\/p>\n<p>Nej\u00fa\u010dinn\u011bj\u0161\u00ed protiz\u00e1n\u011btliv\u00fd \u00fa\u010dinek m\u00e1 v\u0161ak <strong>and\u011blika \u010d\u00ednsk\u00e1<\/strong> s <strong>medv\u011bdic\u00ed a divok\u00fdm pely\u0148kem<\/strong>. D\u00edky flavonoid\u016fm, kter\u00e9 sni\u017euj\u00ed propustnost kapil\u00e1r, <strong>medv\u011bdice l\u00e9ka\u0159sk\u00e1 a pelyn\u011bk<\/strong> sni\u017euj\u00ed propustnost bun\u011b\u010dn\u00fdch membr\u00e1n, st\u011bn krevn\u00edch a lymfatick\u00fdch c\u00e9v, sni\u017euj\u00ed z\u00e1n\u011btliv\u00e9 procesy v \u017eensk\u00e9 genit\u00e1ln\u00ed sf\u00e9\u0159e. <strong>Medv\u011bd\u00ed hrozny a pelyn\u011bk<\/strong> p\u016fsob\u00ed na lidsk\u00fd organismus nejen protiz\u00e1n\u011btliv\u011b, ale tak\u00e9 dezinfek\u010dn\u011b, ale tak\u00e9 mo\u010dopudn\u011b a stahovan\u011b (stahuj\u00edc\u00ed \u00fa\u010dinek). Tyto rostliny se tedy pou\u017e\u00edvaj\u00ed jak na otoky nohou, tak na r\u016fzn\u00e9 patologie mo\u010dov\u00e9ho m\u011bch\u00fd\u0159e, z\u00e1n\u011btliv\u00e9 procesy v ledvin\u00e1ch a onemocn\u011bn\u00ed mo\u010dov\u00fdch cest. <strong>Medv\u011bd\u00ed hrozny<\/strong> nav\u00edc pom\u00e1haj\u00ed \u201eum\u00fdt\u201c mo\u010dov\u00e9 cesty od v\u0161ech produkt\u016f, kter\u00e9 p\u0159isp\u00edvaj\u00ed k rozvoji z\u00e1n\u011btliv\u00fdch proces\u016f.<\/p>\n<p>Siln\u00e9 antioxida\u010dn\u00ed \u00fa\u010dinky, kter\u00e9 tvo\u0159\u00ed formuli \u017eensk\u00e9 kr\u00e1sy, jsou tvo\u0159eny bylinn\u00fdmi slo\u017ekami komplexu <strong>Artemida Classic<\/strong> spolu s <strong>vitam\u00edny A a E<\/strong>. Dohromady jsou silnou antioxida\u010dn\u00ed \u201ekoalic\u00ed\u201c a nenahraditelnou podm\u00ednkou pro kr\u00e1snou a pru\u017enou ple\u0165. <strong>Vitamin A<\/strong> z\u00e1rove\u0148 stimuluje imunitn\u00ed syst\u00e9m, zvy\u0161uje lok\u00e1ln\u00ed imunitu mo\u010dopudn\u00e9ho syst\u00e9mu a m\u00e1 dokonce protirakovinn\u00e9 \u00fa\u010dinky. <strong>Vitamin E<\/strong> zabra\u0148uje tvorb\u011b krevn\u00edch sra\u017eenin, zlep\u0161uje bun\u011b\u010dn\u00e9 d\u00fdch\u00e1n\u00ed, vyu\u017eit\u00ed kysl\u00edku a sni\u017euje destruktivn\u00ed p\u016fsoben\u00ed voln\u00fdch radik\u00e1l\u016f. <strong>Vitamin E<\/strong> pom\u00e1h\u00e1 p\u0159i bolestech prsou a dal\u0161\u00edch p\u0159\u00edznac\u00edch PMS, zm\u00edr\u0148uje nervov\u00e9 nap\u011bt\u00ed, podr\u00e1\u017ed\u011bnost a deprese.<\/p>\n<p><strong>Slo\u017een\u00ed<\/strong>: Angelika \u010d\u00ednsk\u00e1 (ko\u0159en), plena (list), ucho medv\u011bd\u00ed (list), jetel (nadzemn\u00ed \u010d\u00e1st), vitam\u00edny A, E.<\/p>\n<p><strong>Mno\u017estv\u00ed: 60 kapsl\u00ed<\/strong><\/p>\n<p><strong>\u010cist\u00e1 hmotnost: 30 g<\/strong><\/p>\n<table>\n<tbody>\n<tr>\n<td width=\"255\"><strong>\u00da\u010cINN\u00c9 L\u00c1TKY:<\/strong><\/td>\n<td width=\"77\"><strong>2 kapsle<\/strong><\/td>\n<td width=\"57\"><strong>%NRV*<\/strong><\/td>\n<\/tr>\n<tr>\n<td width=\"255\">Such\u00fd extrakt z ko\u0159ene and\u011bliky \u010d\u00ednsk\u00e9 (<em>Angelica sinensis<\/em>), (4:1, prost\u0159edek pro extrakci vody)<\/td>\n<td width=\"76\">380 mg<\/td>\n<td width=\"57\"><strong>**<\/strong><\/td>\n<\/tr>\n<tr>\n<td width=\"255\">Such\u00fd extrakt z listu \u010dern\u00e9 plenky (<em>Artemisia vulgaris<\/em>), (4:1, prost\u0159edek na extrakci vody)<\/td>\n<td width=\"76\">100 mg<\/td>\n<td width=\"57\"><strong>**<\/strong><\/td>\n<\/tr>\n<tr>\n<td width=\"255\">Such\u00fd extrakt z byliny medv\u011bd\u00edho ucha (<em>Arctostaphylos uva-ursi<\/em>), (4:1, prost\u0159edek na extrakci vody)<\/td>\n<td width=\"76\">100 mg<\/td>\n<td width=\"57\"><strong>**<\/strong><\/td>\n<\/tr>\n<tr>\n<td width=\"255\">Such\u00fd extrakt z byliny jetele \u010derven\u00e9ho (<em>Trifolium pratense<\/em>) standardizovan\u00fd na 40 % isoflavon\u016f<\/p>\n<ul>\n<li>z toho isoflavony<\/li>\n<\/ul>\n<\/td>\n<td width=\"76\">80 mg<\/p>\n<ul>\n<li>32 mg<\/li>\n<\/ul>\n<\/td>\n<td width=\"57\"><strong>**<\/strong><\/td>\n<\/tr>\n<tr>\n<td width=\"255\">Vitam\u00edn E<\/td>\n<td width=\"76\">5,4 mg TE<strong>***<\/strong><\/td>\n<td width=\"57\">45%<\/td>\n<\/tr>\n<tr>\n<td width=\"255\">Vitam\u00edn A<\/td>\n<td width=\"76\">600 \u00b5g RE<strong>****<\/strong><\/td>\n<td width=\"57\">75%<\/td>\n<\/tr>\n<\/tbody>\n<\/table>\n<p><strong>*<\/strong>NRV &#8211; nutri\u010dn\u00ed referen\u010dn\u00ed hodnota<br \/>\n<strong>**<\/strong> &#8211; nutri\u010dn\u00ed referen\u010dn\u00ed hodnota nebyla stanovena<br \/>\n<strong>***<\/strong> a-TE = ekvivalenty a-tokoferolu<br \/>\n<strong>****<\/strong> RE \u2013 ekvivalent v\u0161ech trans retinolu<\/p>\n","protected":false},"excerpt":{"rendered":"<p>\u2022 Podporuje norm\u00e1ln\u00ed hladinu hormon\u016f.<br \/>\n\u2022 M\u00e1 mo\u010dopudn\u00e9, antiseptick\u00e9 a bolest ti\u0161\u00edc\u00ed \u00fa\u010dinky.<br \/>\n\u2022 Normalizuje menstrua\u010dn\u00ed cyklus, sni\u017euje bolest v p\u0159edmenstrua\u010dn\u00edm obdob\u00ed i v obdob\u00ed samotn\u00e9m.<br \/>\n\u2022 P\u0159isp\u00edv\u00e1 k odstran\u011bn\u00ed fyzick\u00e9ho a emo\u010dn\u00edho nap\u011bt\u00ed.<br \/>\n\u2022 M\u00e1 antioxida\u010dn\u00ed aktivitu.<br \/>\n\u2022 Sni\u017euje riziko z\u00e1n\u011btliv\u00fdch proces\u016f v oblasti \u017eensk\u00fdch genit\u00e1li\u00ed.<br \/>\n\u2022 Pom\u00e1h\u00e1 p\u0159edch\u00e1zet a zm\u00edr\u0148ovat p\u0159\u00edznaky PMS: podr\u00e1\u017ed\u011bnost, \u00fanavu a nad\u00fdm\u00e1n\u00ed.<br \/>\n\u2022 P\u0159edch\u00e1z\u00ed an\u00e9mii, obnovuje hladinu \u017eeleza v krvi.<br \/>\n\u2022 Normalizuje v\u00fdm\u011bnu \u017eensk\u00fdch pohlavn\u00edch hormon\u016f, udr\u017euje reproduk\u010dn\u00ed funkce.<\/p>\n","protected":false},"featured_media":28998,"comment_status":"open","ping_status":"closed","template":"","meta":{"_acf_changed":false,"_uag_custom_page_level_css":"","site-sidebar-layout":"default","site-content-layout":"default","ast-site-content-layout":"default","site-content-style":"default","site-sidebar-style":"default","ast-global-header-display":"","ast-banner-title-visibility":"","ast-main-header-display":"","ast-hfb-above-header-display":"","ast-hfb-below-header-display":"","ast-hfb-mobile-header-display":"","site-post-title":"","ast-breadcrumbs-content":"","ast-featured-img":"","footer-sml-layout":"","ast-disable-related-posts":"","theme-transparent-header-meta":"default","adv-header-id-meta":"","stick-header-meta":"default","header-above-stick-meta":"","header-main-stick-meta":"","header-below-stick-meta":"","astra-migrate-meta-layouts":"default","ast-page-background-enabled":"default","ast-page-background-meta":{"desktop":{"background-color":"","background-image":"","background-repeat":"repeat","background-position":"center center","background-size":"auto","background-attachment":"scroll","background-type":"","background-media":"","overlay-type":"","overlay-color":"","overlay-opacity":"","overlay-gradient":""},"tablet":{"background-color":"","background-image":"","background-repeat":"repeat","background-position":"center center","background-size":"auto","background-attachment":"scroll","background-type":"","background-media":"","overlay-type":"","overlay-color":"","overlay-opacity":"","overlay-gradient":""},"mobile":{"background-color":"","background-image":"","background-repeat":"repeat","background-position":"center center","background-size":"auto","background-attachment":"scroll","background-type":"","background-media":"","overlay-type":"","overlay-color":"","overlay-opacity":"","overlay-gradient":""}},"ast-content-background-meta":{"desktop":{"background-color":"var(--ast-global-color-4)","background-image":"","background-repeat":"repeat","background-position":"center center","background-size":"auto","background-attachment":"scroll","background-type":"","background-media":"","overlay-type":"","overlay-color":"","overlay-opacity":"","overlay-gradient":""},"tablet":{"background-color":"var(--ast-global-color-4)","background-image":"","background-repeat":"repeat","background-position":"center center","background-size":"auto","background-attachment":"scroll","background-type":"","background-media":"","overlay-type":"","overlay-color":"","overlay-opacity":"","overlay-gradient":""},"mobile":{"background-color":"var(--ast-global-color-4)","background-image":"","background-repeat":"repeat","background-position":"center center","background-size":"auto","background-attachment":"scroll","background-type":"","background-media":"","overlay-type":"","overlay-color":"","overlay-opacity":"","overlay-gradient":""}},"jetpack_post_was_ever_published":false},"product_brand":[],"product_cat":[361],"product_tag":[],"class_list":{"0":"post-19007","1":"product","2":"type-product","3":"status-publish","4":"has-post-thumbnail","6":"product_cat-direct-hit","7":"desktop-align-center","8":"tablet-align-center","9":"mobile-align-center","10":"ast-product-gallery-layout-horizontal","11":"ast-product-tabs-layout-distributed","12":"ast-qv-on-image","14":"first","15":"instock","16":"taxable","17":"shipping-taxable","18":"purchasable","19":"product-type-simple"},"acf":[],"uagb_featured_image_src":{"full":["https:\/\/i0.wp.com\/visionstore.co.rs\/wp-content\/uploads\/2019\/12\/Artemida_Classic.png?fit=1024%2C1024&ssl=1",1024,1024,false],"thumbnail":["https:\/\/i0.wp.com\/visionstore.co.rs\/wp-content\/uploads\/2019\/12\/Artemida_Classic.png?resize=150%2C150&ssl=1",150,150,true],"medium":["https:\/\/i0.wp.com\/visionstore.co.rs\/wp-content\/uploads\/2019\/12\/Artemida_Classic.png?fit=300%2C300&ssl=1",300,300,true],"medium_large":["https:\/\/i0.wp.com\/visionstore.co.rs\/wp-content\/uploads\/2019\/12\/Artemida_Classic.png?fit=768%2C768&ssl=1",768,768,true],"large":["https:\/\/i0.wp.com\/visionstore.co.rs\/wp-content\/uploads\/2019\/12\/Artemida_Classic.png?fit=1024%2C1024&ssl=1",1024,1024,true],"1536x1536":["https:\/\/i0.wp.com\/visionstore.co.rs\/wp-content\/uploads\/2019\/12\/Artemida_Classic.png?fit=1024%2C1024&ssl=1",1024,1024,true],"2048x2048":["https:\/\/i0.wp.com\/visionstore.co.rs\/wp-content\/uploads\/2019\/12\/Artemida_Classic.png?fit=1024%2C1024&ssl=1",1024,1024,true],"mailpoet_newsletter_max":["https:\/\/i0.wp.com\/visionstore.co.rs\/wp-content\/uploads\/2019\/12\/Artemida_Classic.png?fit=1024%2C1024&ssl=1",1024,1024,true],"woocommerce_thumbnail":["https:\/\/i0.wp.com\/visionstore.co.rs\/wp-content\/uploads\/2019\/12\/Artemida_Classic.png?fit=900%2C900&ssl=1",900,900,true],"woocommerce_single":["https:\/\/i0.wp.com\/visionstore.co.rs\/wp-content\/uploads\/2019\/12\/Artemida_Classic.png?fit=1024%2C1024&ssl=1",1024,1024,true],"woocommerce_gallery_thumbnail":["https:\/\/i0.wp.com\/visionstore.co.rs\/wp-content\/uploads\/2019\/12\/Artemida_Classic.png?resize=100%2C100&ssl=1",100,100,true]},"uagb_author_info":{"display_name":"admin","author_link":"https:\/\/visionstore.co.rs\/cs\/author\/"},"uagb_comment_info":2,"uagb_excerpt":"\u2022 Podporuje norm\u00e1ln\u00ed hladinu hormon\u016f. \u2022 M\u00e1 mo\u010dopudn\u00e9, antiseptick\u00e9 a bolest ti\u0161\u00edc\u00ed \u00fa\u010dinky. \u2022 Normalizuje menstrua\u010dn\u00ed cyklus, sni\u017euje bolest v p\u0159edmenstrua\u010dn\u00edm obdob\u00ed i v obdob\u00ed samotn\u00e9m. \u2022 P\u0159isp\u00edv\u00e1 k odstran\u011bn\u00ed fyzick\u00e9ho a emo\u010dn\u00edho nap\u011bt\u00ed. \u2022 M\u00e1 antioxida\u010dn\u00ed aktivitu. \u2022 Sni\u017euje riziko z\u00e1n\u011btliv\u00fdch proces\u016f v oblasti \u017eensk\u00fdch genit\u00e1li\u00ed. \u2022 Pom\u00e1h\u00e1 p\u0159edch\u00e1zet a zm\u00edr\u0148ovat p\u0159\u00edznaky PMS: podr\u00e1\u017ed\u011bnost,&hellip;","jetpack_sharing_enabled":true,"_links":{"self":[{"href":"https:\/\/visionstore.co.rs\/cs\/wp-json\/wp\/v2\/product\/19007","targetHints":{"allow":["GET"]}}],"collection":[{"href":"https:\/\/visionstore.co.rs\/cs\/wp-json\/wp\/v2\/product"}],"about":[{"href":"https:\/\/visionstore.co.rs\/cs\/wp-json\/wp\/v2\/types\/product"}],"replies":[{"embeddable":true,"href":"https:\/\/visionstore.co.rs\/cs\/wp-json\/wp\/v2\/comments?post=19007"}],"wp:featuredmedia":[{"embeddable":true,"href":"https:\/\/visionstore.co.rs\/cs\/wp-json\/wp\/v2\/media\/28998"}],"wp:attachment":[{"href":"https:\/\/visionstore.co.rs\/cs\/wp-json\/wp\/v2\/media?parent=19007"}],"wp:term":[{"taxonomy":"product_brand","embeddable":true,"href":"https:\/\/visionstore.co.rs\/cs\/wp-json\/wp\/v2\/product_brand?post=19007"},{"taxonomy":"product_cat","embeddable":true,"href":"https:\/\/visionstore.co.rs\/cs\/wp-json\/wp\/v2\/product_cat?post=19007"},{"taxonomy":"product_tag","embeddable":true,"href":"https:\/\/visionstore.co.rs\/cs\/wp-json\/wp\/v2\/product_tag?post=19007"}],"curies":[{"name":"wp","href":"https:\/\/api.w.org\/{rel}","templated":true}]}}