{"id":19016,"date":"2019-12-27T18:41:47","date_gmt":"2019-12-27T17:41:47","guid":{"rendered":"https:\/\/visionstore.co.rs\/product\/medisoya-classic\/"},"modified":"2023-10-04T13:57:01","modified_gmt":"2023-10-04T11:57:01","slug":"medisoya","status":"publish","type":"product","link":"https:\/\/visionstore.co.rs\/cs\/product\/medisoya\/","title":{"rendered":"Medisoya Classic"},"content":{"rendered":"<p><strong>Medisoya Classic<\/strong> je pro \u017eeny nepostradateln\u00fdm n\u00e1strojem v boji proti negativn\u00edm projev\u016fm v obdob\u00ed menopauzy.<br \/>\nTento bioaktivn\u00ed objektivn\u00ed strava obsahuje \u00fa\u010dinn\u00fd a bezpe\u010dn\u00fd fytoestrogen, kter\u00fd m\u00e1 podobn\u00fd \u00fa\u010dinek na hormony. Tento dopln\u011bk je siln\u00fdm zdrojem <strong>vitam\u00ednu D, v\u00e1pn\u00edku, fosforu a isoflavon\u016f<\/strong>.<\/p>\n<p>Z\u00e1kladn\u00ed rostlinn\u00e9 slo\u017eky, vitam\u00edny a miner\u00e1ly jsou p\u0159esn\u011b to, co \u017eensk\u00e9 t\u011blo pot\u0159ebuje v obdob\u00ed p\u0159\u00edpravy na menopauzu, ale i v obdob\u00ed menopauzy samotn\u00e9.<\/p>\n<p><strong>V\u00e1pn\u00edk, fosfor a vitamin D<\/strong> jsou pro \u017eeny zvl\u00e1\u0161t\u011b pot\u0159ebn\u00e9 v klimakteriu a v obdob\u00ed po menopauze, kdy t\u011blo neprodukuje dostate\u010dn\u00e9 mno\u017estv\u00ed estrogenu, d\u00edky \u010demu\u017e je naru\u0161en norm\u00e1ln\u00ed metabolismus kostn\u00ed tk\u00e1n\u011b, se zvy\u0161uje riziko osteopor\u00f3zy.<\/p>\n<p><strong>Fosfor<\/strong> se tak\u00e9 pod\u00edl\u00ed na metabolismu kostn\u00ed tk\u00e1n\u011b a podporuje rovnov\u00e1hu mezi tekutinami a elektrolyty.<\/p>\n<p><strong>Vitamin D<\/strong> posiluje zubn\u00ed a kostn\u00ed tk\u00e1n\u011b, zlep\u0161uje proces vst\u0159eb\u00e1v\u00e1n\u00ed <strong>v\u00e1pn\u00edku a fosforu<\/strong> z tenk\u00e9ho st\u0159eva.<\/p>\n<ul>\n<li>Pom\u00e1h\u00e1 zm\u00edr\u0148ovat negativn\u00ed p\u0159\u00edznaky menopauzy<\/li>\n<li>P\u0159isp\u00edv\u00e1 k se\u0161\u00edv\u00e1n\u00ed kost\u00ed p\u0159ed rizikem osteopor\u00f3zy<\/li>\n<li>Zlep\u0161uje stav kostn\u011b-svalov\u00e9ho syst\u00e9mu<\/li>\n<li>Obsahuje bylinnou n\u00e1hradu \u017eensk\u00fdch pohlavn\u00edch hormon\u016f<\/li>\n<li>M\u00e1 pozitivn\u00ed vliv na libido<\/li>\n<\/ul>\n<p>Pro\u010d n\u011bkter\u00e9 \u017eeny absolutn\u011b nevn\u00edmaj\u00ed zn\u00e1mky hormon\u00e1ln\u00edch zm\u011bn, zat\u00edmco jin\u00e9 trp\u00ed zm\u011bnami, ke kter\u00fdm v t\u011ble doch\u00e1z\u00ed b\u011bhem menopauzy? Pro\u010d n\u011bkter\u00e9 \u017eeny ztr\u00e1cej\u00ed chu\u0165 \u017e\u00edt, jin\u00e9 objevuj\u00ed nov\u00e1 kouzla \u017eivota v dob\u011b, kdy \u010das zanech\u00e1v\u00e1 na n\u011bkter\u00fdch z\u00e1stupkyn\u00edch n\u011b\u017en\u00e9ho pohlav\u00ed zn\u00e1mky \u00fanavy. Lze se tak slo\u017eit\u00e9mu obdob\u00ed, jako je vyvrcholen\u00ed, vyhnout?<\/p>\n<p>Bohu\u017eel d\u0159\u00edve \u010di pozd\u011bji v \u017eivot\u011b ka\u017ed\u00e1 \u017eena za\u017eije p\u0159\u00edznaky menopauzy, jako jsou n\u00e1valy horka, pocen\u00ed, n\u00e1hl\u00e9 p\u0159ib\u00edr\u00e1n\u00ed na v\u00e1ze, sn\u00ed\u017een\u00e9 libido, podr\u00e1\u017ed\u011bnost, neklid, \u010dast\u00e9 zm\u011bny n\u00e1lad, ospalost a neklidn\u00fd sp\u00e1nek. V\u0161echny tyto zn\u00e1mky p\u0159echodn\u00e9ho obdob\u00ed br\u00e1n\u00ed tomu, aby byl \u017eivot zaj\u00edmav\u00fd a \u00fapln\u00fd.<\/p>\n<p>Je samoz\u0159ejm\u00e9, \u017ee menopauze nelze zabr\u00e1nit. Lze ji v\u0161ak odd\u00e1lit, zpomalit rychle plynouc\u00ed \u010das, a kdy\u017e u\u017e k n\u00ed dojde, lze nep\u0159\u00edjemn\u00e9 a bolestiv\u00e9 p\u0159\u00edznaky minimalizovat.<\/p>\n<p>Pro skv\u011blou n\u00e1ladu, mladou a dob\u0159e upravenou ple\u0165; lep\u0161\u00ed pam\u011b\u0165 a zv\u00fd\u0161en\u00ed hustoty kostn\u00ed tk\u00e1n\u011b; omezen\u00ed vegetativn\u00edch projev\u016f klimaxu, jako je zv\u00fd\u0161en\u00e9 bu\u0161en\u00ed srdce, n\u00e1valy horka, no\u010dn\u00ed pocen\u00ed, ale i pro pos\u00edlen\u00ed imunity m\u016f\u017eeme pou\u017e\u00edt p\u0159\u00edrodn\u00ed komplex <strong>Medisoya Classic<\/strong>.<\/p>\n<p>Tento komplex, obohacen\u00fd o <strong>s\u00f3jov\u00e9 isoflavony, vitam\u00edny a miner\u00e1ly<\/strong>, vytvo\u0159il Vision speci\u00e1ln\u011b pro \u017eeny st\u0159edn\u00edho v\u011bku jako \u00fa\u010dinn\u00fd prost\u0159edek prevence probl\u00e9m\u016f souvisej\u00edc\u00edch s klimakterick\u00fdm syndromem. Z\u00e1kladn\u00ed slo\u017ekou produktu <strong>Medisoya Classic<\/strong> jsou <strong>s\u00f3jov\u00e9 isoflavony<\/strong> \u2014 zdroje <strong>fytoestrogen\u016f<\/strong>, kter\u00e9 se hojn\u011b vyu\u017e\u00edvaj\u00ed p\u0159i klimakterick\u00fdch pot\u00ed\u017e\u00edch a r\u016fzn\u00fdch gynekologick\u00fdch onemocn\u011bn\u00edch. <strong>Fytoestrogeny<\/strong> jsou rostlinn\u00e9 l\u00e1tky, p\u0159\u00edrodn\u00ed n\u00e1hra\u017eky \u017eensk\u00fdch pohlavn\u00edch hormon\u016f, kter\u00e9 jsou strukturn\u011b a funk\u010dn\u011b bl\u00edzk\u00e9 estrogen\u016fm. Dopl\u0148uj\u00ed deficit, ani\u017e by na rozd\u00edl od syntetick\u00fdch hormon\u016f zp\u016fsobovaly ne\u017e\u00e1douc\u00ed \u00fa\u010dinky na organismus. <strong>Fytoestrogeny<\/strong> reguluj\u00ed metabolismus a hormon\u00e1ln\u00ed rovnov\u00e1hu, odstra\u0148uj\u00ed p\u0159\u00edznaky menopauzy a prodlu\u017euj\u00ed \u017eensk\u00e9 ml\u00e1d\u00ed.<\/p>\n<p><strong>Medisoya Classic<\/strong> poskytuje \u00fa\u010dinnou a bezpe\u010dnou prevenci, korekci poruch souvisej\u00edc\u00edch s menopauzou. Stimuluje tvorbu \u017eensk\u00fdch pohlavn\u00edch hormon\u016f, upravuje hormon\u00e1ln\u00ed rovnov\u00e1hu, sni\u017euje frekvenci a intenzitu n\u00e1val\u016f horka a pocen\u00ed, normalizuje arteri\u00e1ln\u00ed tlak, p\u016fsob\u00ed m\u00edrn\u011b antidepresivn\u011b, sni\u017euje podr\u00e1\u017ed\u011bnost a normalizuje sp\u00e1nek.<\/p>\n<p>Kdy\u017e hladina vlastn\u00edch hormon\u016f nem\u016f\u017ee podpo\u0159it zdrav\u00fd stav organismu, nastupuj\u00ed na sc\u00e9nu fytohormony, kter\u00e9 maj\u00ed estrogenn\u00ed aktivitu. \u0160ampionem v obsahu fytoestrogen\u016f je <strong>s\u00f3ja<\/strong>, kter\u00e1 je sou\u010d\u00e1st\u00ed komplexu <strong>Medisoya Classic<\/strong>.<\/p>\n<p><strong>Fytoestrogeny<\/strong> jsou chemicky t\u00e9m\u011b\u0159 k nerozezn\u00e1n\u00ed od lidsk\u00fdch estrogen\u016f, tak\u017ee snadno \u201eoklamou\u201c receptor a p\u0159im\u011bj\u00ed bu\u0148ku reagovat stejn\u011b, jako by reagovala, kdyby \u0161lo o skute\u010dn\u00e9 estrogeny. <strong>Genistein<\/strong> \u2014 nejsiln\u011bj\u0161\u00ed <strong>fytoestrogen<\/strong> proti st\u00e1rnut\u00ed, kter\u00fd je sou\u010d\u00e1st\u00ed s\u00f3ji, tedy p\u016fsob\u00ed podobn\u011b jako hormony a nem\u00e1 na hormony \u017e\u00e1dn\u00e9 vedlej\u0161\u00ed \u00fa\u010dinky. P\u0159i pravideln\u00e9m u\u017e\u00edv\u00e1n\u00ed p\u0159isp\u00edv\u00e1 k odkl\u00e1d\u00e1n\u00ed klimakterick\u00e9ho syndromu, odstra\u0148uje nep\u0159\u00edjemnosti spojen\u00e9 s menopauzou: nespavost, deprese, suchost pochvy, zhor\u0161en\u00ed pam\u011bti, vr\u00e1sky, nadv\u00e1ha, n\u00e1stup osteopor\u00f3zy.<\/p>\n<p>V\u011bkem podm\u00edn\u011bn\u00e1 nerovnov\u00e1ha hormon\u00e1ln\u00edho syst\u00e9mu souvis\u00ed nejen s nep\u0159\u00edjemn\u00fdmi projevy menopauzy, ale tak\u00e9 s oslaben\u00edm imunity. Pr\u00e1ce imunitn\u00edho syst\u00e9mu \u00fazce souvis\u00ed s funkcemi pohlavn\u00edch hormon\u016f. P\u0159i odstaven\u00ed reproduk\u010dn\u00edch funkc\u00ed se zpomaluje i regenerace bun\u011bk imunitn\u00edho syst\u00e9mu. V d\u016fsledku toho vznikaj\u00ed infek\u010dn\u00ed a z\u00e1n\u011btliv\u00e1 onemocn\u011bn\u00ed, zejm\u00e9na v urogenit\u00e1ln\u00ed sf\u00e9\u0159e. V dob\u011b sn\u00ed\u017een\u00e9 imunity v klimakteriu nav\u00edc oslaben\u00e9 ochrann\u00e9 mechanismy nezvl\u00e1daj\u00ed zv\u00fd\u0161en\u00e9 d\u011blen\u00ed, zv\u011bt\u0161ov\u00e1n\u00ed a mutaci bun\u011bk, co\u017e m\u016f\u017ee v\u00e9st k velk\u00fdm zm\u011bn\u00e1m v\u010detn\u011b vzniku n\u00e1dor\u016f. <strong>Fytoestrogeny<\/strong>, kter\u00e9 jsou sou\u010d\u00e1st\u00ed <strong>s\u00f3ji<\/strong>, posiluj\u00ed celkovou imunitu, p\u0159edch\u00e1zej\u00ed z\u00e1n\u011btliv\u00fdm a infek\u010dn\u00edm onemocn\u011bn\u00edm urogenit\u00e1ln\u00edho syst\u00e9mu, zabra\u0148uj\u00ed r\u016fstu a rozvoji mikrofl\u00f3ry \u017eensk\u00e9ho reproduk\u010dn\u00edho syst\u00e9mu, kter\u00e1 m\u016f\u017ee v\u00e9st k onemocn\u011bn\u00ed, a v\u00fdrazn\u011b sni\u017euj\u00ed riziko onkologick\u00fdch onemocn\u011bn\u00ed. Pos\u00edlen\u00ed antioxida\u010dn\u00ed ochrany t\u011bla <strong>s\u00f3ja<\/strong> prokazateln\u011b stimuluje aktivitu imunitn\u00edho syst\u00e9mu proti tvorb\u011b n\u00e1dor\u016f.<\/p>\n<p><strong>Vitamin D, v\u00e1pn\u00edk a fosfor<\/strong> pom\u00e1haj\u00ed v bezpe\u010dn\u00e9 prevenci osteopor\u00f3zy, zvy\u0161uj\u00ed hustotu kostn\u00ed tk\u00e1n\u011b, jej\u00ed\u017e hmota p\u0159i hormon\u00e1ln\u00ed nerovnov\u00e1ze prudce ub\u00fdv\u00e1.<\/p>\n<p><strong>V\u00e1pn\u00edk<\/strong>, kter\u00fd je z\u00e1kladn\u00ed miner\u00e1ln\u00ed slo\u017ekou kostn\u00ed tk\u00e1n\u011b, posiluje dr\u017een\u00ed t\u011bla, zabra\u0148uje l\u00e1mavosti kost\u00ed a demineralizaci. <strong>Fosfor<\/strong> je nezbytn\u00fd pro tvorbu pevn\u00e9 kostn\u00ed tk\u00e1n\u011b, kter\u00e1 aktivuje procesy tvorby kost\u00ed.<\/p>\n<p>\u017den\u00e1m po \u010dty\u0159ic\u00edtce v\u0161ak p\u0159\u00edjem pouze <strong>v\u00e1pn\u00edku, fosforu a vitam\u00ednu D<\/strong> k pos\u00edlen\u00ed kostn\u00ed tk\u00e1n\u011b nesta\u010d\u00ed. Jedin\u00fdm zp\u016fsobem, jak zastavit proces destrukce kost\u00ed, je pravideln\u00e1 podpora hladiny estrogenu v t\u011ble, a proto spolu s <strong>v\u00e1pn\u00edkem a vitam\u00ednem D<\/strong>, kter\u00fd reguluje tvorbu kost\u00ed, p\u0159isp\u00edv\u00e1 k vst\u0159eb\u00e1v\u00e1n\u00ed <strong>v\u00e1pn\u00edku<\/strong> a zaji\u0161\u0165uje jeho transport z krve. ke kostn\u00ed tk\u00e1ni je nutn\u00fd i pravideln\u00fd p\u0159\u00edjem <strong>s\u00f3ji<\/strong>.<\/p>\n<p><strong>Vitamin D<\/strong> reguluje zr\u00e1n\u00ed kolagenov\u00e9ho proteinu, kter\u00fd je organick\u00fdm z\u00e1kladem kostn\u00ed tk\u00e1n\u011b. S pomoc\u00ed <strong>vitaminu D<\/strong> se nav\u00edc vytv\u00e1\u0159\u00ed hormon \u0161t\u011bst\u00ed \u2013 endorfin. Je to jeden z nejd\u016fle\u017eit\u011bj\u0161\u00edch hormon\u016f, kter\u00e9 zachov\u00e1vaj\u00ed ml\u00e1d\u00ed. Ne nadarmo to naz\u00fdvaj\u00ed hormonem \u0161t\u011bst\u00ed. Endorfin nejen zlep\u0161uje n\u00e1ladu, ale tak\u00e9 zrychluje pr\u016ftok krve a p\u0159\u00edzniv\u011b p\u016fsob\u00ed na centr\u00e1ln\u00ed nervov\u00fd syst\u00e9m, d\u00edky \u010demu\u017e \u017eena vypad\u00e1 l\u00e9pe, poko\u017eka se nap\u00edn\u00e1, o\u010di se lesknou.<\/p>\n<p><strong>Slo\u017een\u00ed<\/strong>: v\u00e1pn\u00edk, s\u00f3jov\u00fd extrakt, fosfor, isoflavony, vitamin D2 a D3.<\/p>\n<p><strong>Mno\u017estv\u00ed: 60 kapsl\u00ed<\/strong><\/p>\n<p><strong>\u010cist\u00e1 hmotnost: 42,9 g<\/strong><\/p>\n<table>\n<tbody>\n<tr>\n<td width=\"192\"><strong>\u00da\u010cINN\u00c9 L\u00c1TKY:<\/strong><\/td>\n<td width=\"81\"><strong>1 kapsle<br \/>\n(715 mg)<\/strong><\/td>\n<td width=\"59\"><strong>%NRV*<\/strong><\/td>\n<\/tr>\n<tr>\n<td width=\"192\">V\u00e1pn\u00edk<\/td>\n<td width=\"81\">138 mg<\/td>\n<td width=\"59\">17%<\/td>\n<\/tr>\n<tr>\n<td width=\"192\">Fosfor<\/td>\n<td width=\"81\">106 mg<\/td>\n<td width=\"59\">15%<\/td>\n<\/tr>\n<tr>\n<td width=\"192\">Such\u00fd s\u00f3jov\u00fd extrakt bohat\u00fd na isoflavony (<em>Glycine max<\/em>)<\/p>\n<ul>\n<li>isoflavony<\/li>\n<\/ul>\n<\/td>\n<td width=\"81\">100 mg<\/p>\n<ul>\n<li>40 mg isoflavon\u016f<\/li>\n<\/ul>\n<\/td>\n<td width=\"59\">**<\/p>\n<p>**<\/td>\n<\/tr>\n<tr>\n<td width=\"192\">Vitam\u00edn D<\/p>\n<ul>\n<li>vitam\u00edn D2<\/li>\n<li>vitam\u00edn D3<\/li>\n<\/ul>\n<\/td>\n<td width=\"81\">4,8 \u00b5g<\/p>\n<ul>\n<li>2,6 \u00b5g<\/li>\n<li>2,2 \u00b5g<\/li>\n<\/ul>\n<\/td>\n<td width=\"59\">96%<\/p>\n<ul>\n<li>52%<\/li>\n<li>44%<\/li>\n<\/ul>\n<\/td>\n<\/tr>\n<\/tbody>\n<\/table>\n<p>*NRV &#8211; nutri\u010dn\u00ed referen\u010dn\u00ed hodnota<br \/>\n** &#8211; nutri\u010dn\u00ed referen\u010dn\u00ed hodnota nebyla stanovena<\/p>\n","protected":false},"excerpt":{"rendered":"<p>\u2022 Oddaluje menopauzu.<br \/>\n\u2022 Reguluje hormon\u00e1ln\u00ed rovnov\u00e1hu.<br \/>\n\u2022 Obsahuje fytoestrogeny (podobn\u00e9 \u017eensk\u00fdm pohlavn\u00edm hormon\u016fm).<br \/>\n\u2022 Odstra\u0148uje nepohodl\u00ed souvisej\u00edc\u00ed s menopauzou: n\u00e1valy horka, pocen\u00ed, vagin\u00e1ln\u00ed suchost, zm\u011bny n\u00e1lad, normalizuje sp\u00e1nek.<br \/>\n\u2022 Zvy\u0161uje libido.<br \/>\n\u2022 Zabra\u0148uje vadnut\u00ed poko\u017eky.<br \/>\n\u2022 Normalizuje v\u00fdm\u011bnu miner\u00e1l\u016f.<br \/>\n\u2022 Zlep\u0161uje pohybov\u00fd apar\u00e1t.<br \/>\n\u2022 Zabra\u0148uje vzniku osteopor\u00f3zy.<\/p>\n","protected":false},"featured_media":28993,"comment_status":"open","ping_status":"closed","template":"","meta":{"_acf_changed":false,"_uag_custom_page_level_css":"","site-sidebar-layout":"default","site-content-layout":"default","ast-site-content-layout":"default","site-content-style":"default","site-sidebar-style":"default","ast-global-header-display":"","ast-banner-title-visibility":"","ast-main-header-display":"","ast-hfb-above-header-display":"","ast-hfb-below-header-display":"","ast-hfb-mobile-header-display":"","site-post-title":"","ast-breadcrumbs-content":"","ast-featured-img":"","footer-sml-layout":"","ast-disable-related-posts":"","theme-transparent-header-meta":"default","adv-header-id-meta":"","stick-header-meta":"default","header-above-stick-meta":"","header-main-stick-meta":"","header-below-stick-meta":"","astra-migrate-meta-layouts":"default","ast-page-background-enabled":"default","ast-page-background-meta":{"desktop":{"background-color":"","background-image":"","background-repeat":"repeat","background-position":"center center","background-size":"auto","background-attachment":"scroll","background-type":"","background-media":"","overlay-type":"","overlay-color":"","overlay-opacity":"","overlay-gradient":""},"tablet":{"background-color":"","background-image":"","background-repeat":"repeat","background-position":"center center","background-size":"auto","background-attachment":"scroll","background-type":"","background-media":"","overlay-type":"","overlay-color":"","overlay-opacity":"","overlay-gradient":""},"mobile":{"background-color":"","background-image":"","background-repeat":"repeat","background-position":"center center","background-size":"auto","background-attachment":"scroll","background-type":"","background-media":"","overlay-type":"","overlay-color":"","overlay-opacity":"","overlay-gradient":""}},"ast-content-background-meta":{"desktop":{"background-color":"var(--ast-global-color-4)","background-image":"","background-repeat":"repeat","background-position":"center center","background-size":"auto","background-attachment":"scroll","background-type":"","background-media":"","overlay-type":"","overlay-color":"","overlay-opacity":"","overlay-gradient":""},"tablet":{"background-color":"var(--ast-global-color-4)","background-image":"","background-repeat":"repeat","background-position":"center center","background-size":"auto","background-attachment":"scroll","background-type":"","background-media":"","overlay-type":"","overlay-color":"","overlay-opacity":"","overlay-gradient":""},"mobile":{"background-color":"var(--ast-global-color-4)","background-image":"","background-repeat":"repeat","background-position":"center center","background-size":"auto","background-attachment":"scroll","background-type":"","background-media":"","overlay-type":"","overlay-color":"","overlay-opacity":"","overlay-gradient":""}}},"product_brand":[],"product_cat":[24],"product_tag":[],"class_list":{"0":"post-19016","1":"product","2":"type-product","3":"status-publish","4":"has-post-thumbnail","6":"product_cat-direct-hit","7":"desktop-align-center","8":"tablet-align-center","9":"mobile-align-center","10":"ast-product-gallery-layout-horizontal","11":"ast-product-tabs-layout-distributed","12":"ast-qv-on-image","14":"first","15":"instock","16":"taxable","17":"shipping-taxable","18":"purchasable","19":"product-type-simple"},"acf":[],"uagb_featured_image_src":{"full":["https:\/\/i0.wp.com\/visionstore.co.rs\/wp-content\/uploads\/2019\/12\/Medisoya-Classic.png?fit=1024%2C1024&ssl=1",1024,1024,false],"thumbnail":["https:\/\/i0.wp.com\/visionstore.co.rs\/wp-content\/uploads\/2019\/12\/Medisoya-Classic.png?resize=150%2C150&ssl=1",150,150,true],"medium":["https:\/\/i0.wp.com\/visionstore.co.rs\/wp-content\/uploads\/2019\/12\/Medisoya-Classic.png?fit=300%2C300&ssl=1",300,300,true],"medium_large":["https:\/\/i0.wp.com\/visionstore.co.rs\/wp-content\/uploads\/2019\/12\/Medisoya-Classic.png?fit=768%2C768&ssl=1",768,768,true],"large":["https:\/\/i0.wp.com\/visionstore.co.rs\/wp-content\/uploads\/2019\/12\/Medisoya-Classic.png?fit=1024%2C1024&ssl=1",1024,1024,true],"1536x1536":["https:\/\/i0.wp.com\/visionstore.co.rs\/wp-content\/uploads\/2019\/12\/Medisoya-Classic.png?fit=1024%2C1024&ssl=1",1024,1024,true],"2048x2048":["https:\/\/i0.wp.com\/visionstore.co.rs\/wp-content\/uploads\/2019\/12\/Medisoya-Classic.png?fit=1024%2C1024&ssl=1",1024,1024,true],"mailpoet_newsletter_max":["https:\/\/i0.wp.com\/visionstore.co.rs\/wp-content\/uploads\/2019\/12\/Medisoya-Classic.png?fit=1024%2C1024&ssl=1",1024,1024,true],"woocommerce_thumbnail":["https:\/\/i0.wp.com\/visionstore.co.rs\/wp-content\/uploads\/2019\/12\/Medisoya-Classic.png?fit=900%2C900&ssl=1",900,900,true],"woocommerce_single":["https:\/\/i0.wp.com\/visionstore.co.rs\/wp-content\/uploads\/2019\/12\/Medisoya-Classic.png?fit=1024%2C1024&ssl=1",1024,1024,true],"woocommerce_gallery_thumbnail":["https:\/\/i0.wp.com\/visionstore.co.rs\/wp-content\/uploads\/2019\/12\/Medisoya-Classic.png?resize=100%2C100&ssl=1",100,100,true]},"uagb_author_info":{"display_name":"admin","author_link":"https:\/\/visionstore.co.rs\/cs\/author\/"},"uagb_comment_info":1,"uagb_excerpt":"\u2022 Oddaluje menopauzu. \u2022 Reguluje hormon\u00e1ln\u00ed rovnov\u00e1hu. \u2022 Obsahuje fytoestrogeny (podobn\u00e9 \u017eensk\u00fdm pohlavn\u00edm hormon\u016fm). \u2022 Odstra\u0148uje nepohodl\u00ed souvisej\u00edc\u00ed s menopauzou: n\u00e1valy horka, pocen\u00ed, vagin\u00e1ln\u00ed suchost, zm\u011bny n\u00e1lad, normalizuje sp\u00e1nek. \u2022 Zvy\u0161uje libido. \u2022 Zabra\u0148uje vadnut\u00ed poko\u017eky. \u2022 Normalizuje v\u00fdm\u011bnu miner\u00e1l\u016f. \u2022 Zlep\u0161uje pohybov\u00fd apar\u00e1t. \u2022 Zabra\u0148uje vzniku osteopor\u00f3zy.","jetpack_sharing_enabled":true,"_links":{"self":[{"href":"https:\/\/visionstore.co.rs\/cs\/wp-json\/wp\/v2\/product\/19016","targetHints":{"allow":["GET"]}}],"collection":[{"href":"https:\/\/visionstore.co.rs\/cs\/wp-json\/wp\/v2\/product"}],"about":[{"href":"https:\/\/visionstore.co.rs\/cs\/wp-json\/wp\/v2\/types\/product"}],"replies":[{"embeddable":true,"href":"https:\/\/visionstore.co.rs\/cs\/wp-json\/wp\/v2\/comments?post=19016"}],"wp:featuredmedia":[{"embeddable":true,"href":"https:\/\/visionstore.co.rs\/cs\/wp-json\/wp\/v2\/media\/28993"}],"wp:attachment":[{"href":"https:\/\/visionstore.co.rs\/cs\/wp-json\/wp\/v2\/media?parent=19016"}],"wp:term":[{"taxonomy":"product_brand","embeddable":true,"href":"https:\/\/visionstore.co.rs\/cs\/wp-json\/wp\/v2\/product_brand?post=19016"},{"taxonomy":"product_cat","embeddable":true,"href":"https:\/\/visionstore.co.rs\/cs\/wp-json\/wp\/v2\/product_cat?post=19016"},{"taxonomy":"product_tag","embeddable":true,"href":"https:\/\/visionstore.co.rs\/cs\/wp-json\/wp\/v2\/product_tag?post=19016"}],"curies":[{"name":"wp","href":"https:\/\/api.w.org\/{rel}","templated":true}]}}