{"id":19024,"date":"2019-12-27T18:40:13","date_gmt":"2019-12-27T17:40:13","guid":{"rendered":"https:\/\/visionstore.co.rs\/product\/nortia-classic\/"},"modified":"2023-10-04T15:18:48","modified_gmt":"2023-10-04T13:18:48","slug":"nortia","status":"publish","type":"product","link":"https:\/\/visionstore.co.rs\/cs\/product\/nortia\/","title":{"rendered":"Nortia Classic"},"content":{"rendered":"<p><strong>Nortia Classic<\/strong> je fantastick\u00fdm pomocn\u00edkem pro ka\u017edou \u017eenu, kter\u00e1 chce obnovit rovnov\u00e1hu v t\u011ble, zejm\u00e9na v obdob\u00ed p\u0159ed menopauzou.<br \/>\nTento bioaktivn\u00ed dopln\u011bk stravy obsahuje rostlinn\u00e9 slo\u017eky, mikroelementy a vitam\u00edny, normalizuje funkce endokrinn\u00edho syst\u00e9mu \u017eeny. Pomohou a podpo\u0159\u00ed hormon\u00e1ln\u00ed a vnit\u0159n\u00ed rovnov\u00e1hu v t\u011ble.<br \/>\n<strong>Nortia Classic<\/strong> se vol\u00ed tak\u00e9 v p\u0159\u00edpad\u011b pot\u0159eby napravit psycho-emocion\u00e1ln\u00ed probl\u00e9my &#8211; komplex stabilizuje velkou nervozitu, pom\u00e1h\u00e1 \u010dlov\u011bku vyrovnat se s \u00fazkostn\u00fdmi stavy a pom\u00e1h\u00e1 v procesu regulace a hladiny serotoninu &#8211; hormonu \u0161t\u011bst\u00ed.<br \/>\n<strong>T\u0159ezalka<\/strong> je hojn\u011b vyu\u017e\u00edv\u00e1na p\u0159i depresivn\u00edch stavech a p\u0159\u00edznac\u00edch \u00fazkosti, uklid\u0148uje a z\u00e1rove\u0148 vitalizuje, zlep\u0161uje n\u00e1ladu. \u00da\u010dinn\u011b se vyrovn\u00e1v\u00e1 se sez\u00f3nn\u00edmi v\u00fdkyvy n\u00e1lad.<br \/>\n<strong>J\u00f3d<\/strong> regeneruje pr\u00e1ci a obnovuje funkce \u0161t\u00edtn\u00e9 \u017el\u00e1zy, normalizuje hormon\u00e1ln\u00ed stav, podporuje emo\u010dn\u00ed tonus, pom\u00e1h\u00e1 normalizovat pr\u00e1ci nervov\u00e9ho a kardiovaskul\u00e1rn\u00edho syst\u00e9mu.<\/p>\n<ul>\n<li>Pom\u00e1h\u00e1 a podporuje hormon\u00e1ln\u00ed a vnit\u0159n\u00ed rovnov\u00e1hu<\/li>\n<li>Sni\u017euje emo\u010dn\u00ed nap\u011bt\u00ed<\/li>\n<li>Odstra\u0148uje pocit \u00fazkosti a nepohodl\u00ed v obdob\u00ed p\u0159ed menopauzou<\/li>\n<li>Napom\u00e1h\u00e1 norm\u00e1ln\u00ed \u010dinnosti \u0161t\u00edtn\u00e9 \u017el\u00e1zy<\/li>\n<\/ul>\n<p>Ka\u017ed\u00e1 \u017eena je vystavena siln\u00e9mu emo\u010dn\u00edmu a nervov\u00e9mu p\u0159et\u00ed\u017een\u00ed. Hormon\u00e1ln\u00ed poruchy, premenstrua\u010dn\u00ed syndrom, vypjat\u00e9 situace v pr\u00e1ci, obdob\u00ed menopauzy, rodinn\u00e9 vztahy, starost o vn\u011bj\u0161\u00ed vzhled, to jsou jen n\u011bkter\u00e9 ze stresuj\u00edc\u00edch faktor\u016f, kter\u00e9 nejen naru\u0161uj\u00ed psychickou rovnov\u00e1hu \u017eeny, ale tak\u00e9 podkop\u00e1vaj\u00ed tak d\u016fle\u017eitou, pro slab\u0161\u00ed pohlav\u00ed. , syst\u00e9m, jako je endokrinn\u00ed, a p\u0159edev\u0161\u00edm pr\u00e1ce \u0161t\u00edtn\u00e9 \u017el\u00e1zy. Pr\u00e1v\u011b proto se u \u017een \u010dasto setk\u00e1v\u00e1me s nap\u011bt\u00edm a sez\u00f3nn\u00edmi afektivn\u00edmi poruchami, depres\u00ed, skl\u00ed\u010denost\u00ed, tlakem, apati\u00ed a hysteri\u00ed. Pokud nervov\u00fd syst\u00e9m nen\u00ed schopen adekv\u00e1tn\u011b reagovat na stres, m\u016f\u017ee to v\u00e9st k poruch\u00e1m v pr\u00e1ci srdce a hormon\u00e1ln\u00edho syst\u00e9mu.<\/p>\n<p>P\u0159\u00edrodn\u00ed komplex <strong>Nortia Classic<\/strong> pos\u00edl\u00ed nervov\u00fd syst\u00e9m, odstran\u00ed nervov\u00e9 nap\u011bt\u00ed a podpo\u0159\u00ed \u010dinnost kardiovaskul\u00e1rn\u00edho syst\u00e9mu a napom\u016f\u017ee endokrinn\u00edmu syst\u00e9mu. Jeho bylinn\u00e9 slo\u017eky, vitam\u00edny a miner\u00e1ly tvo\u0159\u00ed ide\u00e1ln\u00ed formuli pro du\u0161evn\u00ed rovnov\u00e1hu ka\u017ed\u00e9 \u017eeny.<\/p>\n<p>Kombinace <strong>ho\u0159\u010d\u00edku<\/strong> a <strong>vitam\u00ednu B6<\/strong> m\u00e1 jedine\u010dnou schopnost eliminovat prakticky v\u0161echny p\u0159\u00edznaky nervov\u00fdch poruch. <strong>Ho\u0159\u010d\u00edk<\/strong> je &#8222;prvek klidu&#8220; a nejd\u016fle\u017eit\u011bj\u0161\u00ed miner\u00e1l pro nervov\u00fd syst\u00e9m. Za \u00fa\u010dasti <strong>ho\u0159\u010d\u00edku<\/strong> mohou nervov\u00e9 bu\u0148ky p\u0159ij\u00edmat a p\u0159en\u00e1\u0161et nervov\u00e9 vzruchy a dos\u00e1hnout stabiln\u00edho chodu cel\u00e9ho nervov\u00e9ho syst\u00e9mu. <strong>Ho\u0159\u010d\u00edk<\/strong> se nav\u00edc nach\u00e1z\u00ed ve v\u011bt\u0161\u00edm mno\u017estv\u00ed ve svalech, ve svalov\u00fdch bu\u0148k\u00e1ch c\u00e9v a srdce, kde je jeho hlavn\u00ed funkc\u00ed realizace relaxa\u010dn\u00edho procesu. <strong>Ho\u0159\u010d\u00edk<\/strong> p\u016fsob\u00ed na svaly a zaji\u0161\u0165uje celkovou relaxaci organismu a umo\u017e\u0148uje \u017een\u011b zachovat klid a zdr\u017eenlivost i v depresivn\u00edch stavech. P\u0159ijet\u00ed tohoto makroprvku je v\u0161ak mo\u017en\u00e9 pouze s <strong>vitam\u00ednem B6<\/strong>, kter\u00fd m\u00e1 schopnost fixovat <strong>ho\u0159\u010d\u00edk<\/strong> v bu\u0148ce.<\/p>\n<p>Ne nadarmo poch\u00e1z\u00ed ve\u0161ker\u00e9 p\u0159e\u017eit\u00ed \u017een p\u0159\u00edmo ze srdce: star\u00e1 se o dva, kdy\u017e \u017eena porod\u00ed d\u00edt\u011b; se st\u00e1v\u00e1 neklidn\u00fdm, pokud jde o l\u00e1sku nebo p\u00e9\u010di o bl\u00edzk\u00e9 lidi. \u00da\u010dinn\u00e9 l\u00e1tky <strong>hlohu<\/strong> a <strong>kozl\u00edku<\/strong>, kter\u00e9 maj\u00ed siln\u00e9 kardiotonick\u00e9 a sedativn\u00ed vlastnosti, umo\u017en\u00ed sn\u00ed\u017een\u00ed rizika srde\u010dn\u00edch onemocn\u011bn\u00ed, kter\u00e9 se u \u017een n\u011bkolikan\u00e1sobn\u011b zvy\u0161uje s depresemi a nervov\u00fdmi poruchami, a tak\u00e9 zlep\u0161en\u00ed pr\u016ftoku krve. <strong>Hloh<\/strong> vitalizuje srde\u010dn\u00ed sval, z\u00e1sobuje srdce a mozek kysl\u00edkem, normalizuje srde\u010dn\u00ed rytmus a zlep\u0161uje koron\u00e1rn\u00ed pr\u016ftok krve. <strong>Astragalus<\/strong> zase p\u016fsob\u00ed na vitalizaci a celkov\u00e9 pos\u00edlen\u00ed organismu. Roz\u0161i\u0159uje koron\u00e1rn\u00ed c\u00e9vy a je \u00fa\u010dinn\u00fd p\u0159i srde\u010dn\u00edm selh\u00e1n\u00ed.<\/p>\n<p>Ve funk\u010dn\u00edm smyslu je nervov\u00fd syst\u00e9m zejm\u00e9na u \u017een \u00fazce spjat s endokrinn\u00edm syst\u00e9mem a v t\u00e9to souvislosti se \u010dasto hovo\u0159\u00ed o neuroendokrinn\u00edm syst\u00e9mu. Jejich rovnov\u00e1ha je pro zdrav\u00ed \u017eeny nezbytn\u00e1, ale m\u016f\u017ee b\u00fdt naru\u0161ena v d\u016fsledku nervov\u00e9 poruchy nebo stresu. V d\u016fsledku toho m\u016f\u017ee v t\u011ble \u017eeny nastat skute\u010dn\u00fd \u201ehormon\u00e1ln\u00ed p\u0159evrat\u201c: d\u011blo\u017en\u00ed krv\u00e1cen\u00ed, reproduk\u010dn\u00ed dysfunkce, porucha menstrua\u010dn\u00edho cyklu, premenstrua\u010dn\u00ed syndrom, podr\u00e1\u017ed\u011bnost, \u00fanava, nespavost atd.<\/p>\n<p>Podporu a normalizaci hormon\u00e1ln\u00ed rovnov\u00e1hy v \u017eensk\u00e9m t\u011ble p\u0159i stresu zajist\u00ed <strong>j\u00f3d<\/strong>. Tento unik\u00e1tn\u00ed mikroelement se p\u0159\u00edmo pod\u00edl\u00ed na synt\u00e9ze hormon\u016f, kter\u00fdmi se nem\u016f\u017ee pochlubit \u017e\u00e1dn\u00fd jin\u00fd miner\u00e1l. <strong>J\u00f3d<\/strong> je &#8222;dirigentem&#8220; \u017eivota ka\u017ed\u00e9 \u017eeny: reguluje v\u00fdm\u011bnu hmoty a energie, pr\u00e1ci nervov\u00e9ho syst\u00e9mu a mozku, pohlavn\u00edch \u017el\u00e1z a t\u011blesnou teplotu.<\/p>\n<p><strong>T\u0159ezalka<\/strong> je jedn\u00edm z nej\u00fa\u010dinn\u011bj\u0161\u00edch rostlinn\u00fdch antidepresiv. Nejen\u017ee sn\u00ed\u017e\u00ed nervov\u00e9 nap\u011bt\u00ed a normalizuje hormon\u00e1ln\u00ed rovnov\u00e1hu, ale tak\u00e9 obnov\u00ed z\u00e1jem \u017eeny o \u017eivot, jej\u00ed milovan\u00e9 povinnosti a z\u00e1bavu. <strong>T\u0159ezalka<\/strong> obsahuje <strong>hypericin<\/strong>, kter\u00fd zvy\u0161uje hladinu serotoninu v centr\u00e1ln\u00edm nervov\u00e9m syst\u00e9mu, co\u017e ur\u010duje v\u00fdrazn\u00e9 antidepresivn\u00ed vlastnosti rostliny.<\/p>\n<p>Serotonin neboli hormon \u0161t\u011bst\u00ed ovliv\u0148uje mnoho funkc\u00ed t\u011bla: kognitivn\u00ed a motorick\u00e9 funkce, koncentraci a norm\u00e1ln\u00ed svalov\u00fd tonus. Nejd\u016fle\u017eit\u011bj\u0161\u00ed funkc\u00ed tohoto hormonu (zejm\u00e9na v \u017eensk\u00e9m t\u011ble) je v\u0161ak zlep\u0161en\u00ed n\u00e1lady a v d\u016fsledku toho obnoven\u00ed kr\u00e1sy a ml\u00e1d\u00ed \u017eeny.<\/p>\n<p>Optim\u00e1ln\u00ed asimilace v\u0161ech t\u011bchto slo\u017eek je v\u0161ak mo\u017en\u00e1 pouze p\u0159i spole\u010dn\u00e9m p\u0159\u00edjmu s <strong>vitam\u00edny skupiny B<\/strong>, kter\u00e9 jsou nezbytn\u00e9 pro norm\u00e1ln\u00ed \u010dinnost centr\u00e1ln\u00edho a perifern\u00edho nervov\u00e9ho syst\u00e9mu, odstran\u011bn\u00ed nervov\u00e9ho nap\u011bt\u00ed a podporu funkc\u00ed kardiovaskul\u00e1rn\u00edho syst\u00e9mu.<\/p>\n<p><strong>Slo\u017een\u00ed<\/strong>: t\u0159ezalka te\u010dkovan\u00e1, ko\u0159en astragalus, hloh, j\u00f3d, ho\u0159\u010d\u00edk, vitam\u00edny B1, B6 a B12.<\/p>\n<p><strong>Mno\u017estv\u00ed: 60 kapsl\u00ed<\/strong><\/p>\n<p><strong>\u010cist\u00e1 hmotnost: 30 g<\/strong><\/p>\n<table>\n<tbody>\n<tr>\n<td width=\"285\"><strong>\u00da\u010cINN\u00c9 L\u00c1TKY:<\/strong><\/td>\n<td width=\"85\"><strong>2 kapsle<br \/>\n(1 g)<\/strong><\/td>\n<td width=\"59\"><strong>%NRV*<\/strong><\/td>\n<\/tr>\n<tr>\n<td width=\"285\">Such\u00fd extrakt z t\u0159ezalky te\u010dkovan\u00e9 (<em>Hypericum perforatum<\/em>), standardizovan\u00fd na 0,3 hypericinu<\/p>\n<ul>\n<li>z toho hypericin<\/li>\n<\/ul>\n<\/td>\n<td width=\"85\">300 mg<\/p>\n<ul>\n<li>0,9 mg<\/li>\n<\/ul>\n<\/td>\n<td width=\"59\">&nbsp;<\/p>\n<p>**<\/td>\n<\/tr>\n<tr>\n<td width=\"285\">Such\u00fd extrakt z ko\u0159ene astragalus (<em>Astragalus membranaceus<\/em>) 4:1<\/td>\n<td width=\"85\">100 mg<\/td>\n<td width=\"59\">**<\/td>\n<\/tr>\n<tr>\n<td width=\"285\">Such\u00fd extrakt z listu a kv\u011btu hlohu (<em>Crataegus monogyna<\/em>) 4:1<\/td>\n<td width=\"85\">100 mg<\/td>\n<td width=\"59\">**<\/td>\n<\/tr>\n<tr>\n<td width=\"285\">Ho\u0159\u010d\u00edk<\/td>\n<td width=\"85\">57 mg<\/td>\n<td width=\"59\">15%<\/td>\n<\/tr>\n<tr>\n<td width=\"285\">Vitamin B1<\/td>\n<td width=\"85\">0,8 mg<\/td>\n<td width=\"59\">73%<\/td>\n<\/tr>\n<tr>\n<td width=\"285\">Vitam\u00edn B6<\/td>\n<td width=\"85\">0,8 mg<\/td>\n<td width=\"59\">57%<\/td>\n<\/tr>\n<tr>\n<td width=\"285\">J\u00f3d<\/td>\n<td width=\"85\">50 \u00b5g<\/td>\n<td width=\"59\">33%<\/td>\n<\/tr>\n<tr>\n<td width=\"285\">Vitam\u00edn B12<\/td>\n<td width=\"85\">0,8 \u00b5g<\/td>\n<td width=\"59\">32%<\/td>\n<\/tr>\n<\/tbody>\n<\/table>\n<p>*NRV &#8211; nutri\u010dn\u00ed referen\u010dn\u00ed hodnota<br \/>\n** &#8211; nutri\u010dn\u00ed referen\u010dn\u00ed hodnota nebyla stanovena<\/p>\n","protected":false},"excerpt":{"rendered":"<p>\u2022 P\u0159isp\u00edv\u00e1 k odstran\u011bn\u00ed nervov\u00e9ho nap\u011bt\u00ed.<br \/>\n\u2022 Odstra\u0148uje pocity \u00fazkosti a \u00fazkosti, v\u010detn\u011b p\u0159\u00edznak\u016f premenstrua\u010dn\u00edho syndromu.<br \/>\n\u2022 Sni\u017euje riziko nervov\u00fdch, kardiovaskul\u00e1rn\u00edch a endokrinn\u00edch onemocn\u011bn\u00ed.<br \/>\n\u2022 Zklid\u0148uje nervov\u00fd syst\u00e9m, zvy\u0161uje odolnost organismu v\u016f\u010di stresu.<br \/>\n\u2022 Regeneruje funkci \u0161t\u00edtn\u00e9 \u017el\u00e1zy, normalizuje hormon\u00e1ln\u00ed rovnov\u00e1hu.<br \/>\n\u2022 Odstra\u0148uje bolest v oblasti srdce, normalizuje jeho rytmus a zlep\u0161uje koron\u00e1rn\u00ed pr\u016ftok krve.<br \/>\n\u2022 P\u0159isp\u00edv\u00e1 k tvorb\u011b hormonu \u0161t\u011bst\u00ed, serotoninu.<\/p>\n","protected":false},"featured_media":29101,"comment_status":"open","ping_status":"closed","template":"","meta":{"_acf_changed":false,"_uag_custom_page_level_css":"","site-sidebar-layout":"default","site-content-layout":"default","ast-site-content-layout":"default","site-content-style":"default","site-sidebar-style":"default","ast-global-header-display":"","ast-banner-title-visibility":"","ast-main-header-display":"","ast-hfb-above-header-display":"","ast-hfb-below-header-display":"","ast-hfb-mobile-header-display":"","site-post-title":"","ast-breadcrumbs-content":"","ast-featured-img":"","footer-sml-layout":"","ast-disable-related-posts":"","theme-transparent-header-meta":"default","adv-header-id-meta":"","stick-header-meta":"default","header-above-stick-meta":"","header-main-stick-meta":"","header-below-stick-meta":"","astra-migrate-meta-layouts":"default","ast-page-background-enabled":"default","ast-page-background-meta":{"desktop":{"background-color":"","background-image":"","background-repeat":"repeat","background-position":"center center","background-size":"auto","background-attachment":"scroll","background-type":"","background-media":"","overlay-type":"","overlay-color":"","overlay-opacity":"","overlay-gradient":""},"tablet":{"background-color":"","background-image":"","background-repeat":"repeat","background-position":"center center","background-size":"auto","background-attachment":"scroll","background-type":"","background-media":"","overlay-type":"","overlay-color":"","overlay-opacity":"","overlay-gradient":""},"mobile":{"background-color":"","background-image":"","background-repeat":"repeat","background-position":"center center","background-size":"auto","background-attachment":"scroll","background-type":"","background-media":"","overlay-type":"","overlay-color":"","overlay-opacity":"","overlay-gradient":""}},"ast-content-background-meta":{"desktop":{"background-color":"var(--ast-global-color-4)","background-image":"","background-repeat":"repeat","background-position":"center center","background-size":"auto","background-attachment":"scroll","background-type":"","background-media":"","overlay-type":"","overlay-color":"","overlay-opacity":"","overlay-gradient":""},"tablet":{"background-color":"var(--ast-global-color-4)","background-image":"","background-repeat":"repeat","background-position":"center center","background-size":"auto","background-attachment":"scroll","background-type":"","background-media":"","overlay-type":"","overlay-color":"","overlay-opacity":"","overlay-gradient":""},"mobile":{"background-color":"var(--ast-global-color-4)","background-image":"","background-repeat":"repeat","background-position":"center center","background-size":"auto","background-attachment":"scroll","background-type":"","background-media":"","overlay-type":"","overlay-color":"","overlay-opacity":"","overlay-gradient":""}}},"product_brand":[],"product_cat":[24],"product_tag":[],"class_list":{"0":"post-19024","1":"product","2":"type-product","3":"status-publish","4":"has-post-thumbnail","6":"product_cat-direct-hit","7":"desktop-align-center","8":"tablet-align-center","9":"mobile-align-center","10":"ast-product-gallery-layout-horizontal","11":"ast-product-tabs-layout-distributed","12":"ast-qv-on-image","14":"first","15":"instock","16":"taxable","17":"shipping-taxable","18":"purchasable","19":"product-type-simple"},"acf":[],"uagb_featured_image_src":{"full":["https:\/\/i0.wp.com\/visionstore.co.rs\/wp-content\/uploads\/2019\/12\/Nortia-Classic-1.png?fit=1024%2C1024&ssl=1",1024,1024,false],"thumbnail":["https:\/\/i0.wp.com\/visionstore.co.rs\/wp-content\/uploads\/2019\/12\/Nortia-Classic-1.png?resize=150%2C150&ssl=1",150,150,true],"medium":["https:\/\/i0.wp.com\/visionstore.co.rs\/wp-content\/uploads\/2019\/12\/Nortia-Classic-1.png?fit=300%2C300&ssl=1",300,300,true],"medium_large":["https:\/\/i0.wp.com\/visionstore.co.rs\/wp-content\/uploads\/2019\/12\/Nortia-Classic-1.png?fit=768%2C768&ssl=1",768,768,true],"large":["https:\/\/i0.wp.com\/visionstore.co.rs\/wp-content\/uploads\/2019\/12\/Nortia-Classic-1.png?fit=1024%2C1024&ssl=1",1024,1024,true],"1536x1536":["https:\/\/i0.wp.com\/visionstore.co.rs\/wp-content\/uploads\/2019\/12\/Nortia-Classic-1.png?fit=1024%2C1024&ssl=1",1024,1024,true],"2048x2048":["https:\/\/i0.wp.com\/visionstore.co.rs\/wp-content\/uploads\/2019\/12\/Nortia-Classic-1.png?fit=1024%2C1024&ssl=1",1024,1024,true],"mailpoet_newsletter_max":["https:\/\/i0.wp.com\/visionstore.co.rs\/wp-content\/uploads\/2019\/12\/Nortia-Classic-1.png?fit=1024%2C1024&ssl=1",1024,1024,true],"woocommerce_thumbnail":["https:\/\/i0.wp.com\/visionstore.co.rs\/wp-content\/uploads\/2019\/12\/Nortia-Classic-1.png?fit=900%2C900&ssl=1",900,900,true],"woocommerce_single":["https:\/\/i0.wp.com\/visionstore.co.rs\/wp-content\/uploads\/2019\/12\/Nortia-Classic-1.png?fit=1024%2C1024&ssl=1",1024,1024,true],"woocommerce_gallery_thumbnail":["https:\/\/i0.wp.com\/visionstore.co.rs\/wp-content\/uploads\/2019\/12\/Nortia-Classic-1.png?resize=100%2C100&ssl=1",100,100,true]},"uagb_author_info":{"display_name":"admin","author_link":"https:\/\/visionstore.co.rs\/cs\/author\/"},"uagb_comment_info":2,"uagb_excerpt":"\u2022 P\u0159isp\u00edv\u00e1 k odstran\u011bn\u00ed nervov\u00e9ho nap\u011bt\u00ed. \u2022 Odstra\u0148uje pocity \u00fazkosti a \u00fazkosti, v\u010detn\u011b p\u0159\u00edznak\u016f premenstrua\u010dn\u00edho syndromu. \u2022 Sni\u017euje riziko nervov\u00fdch, kardiovaskul\u00e1rn\u00edch a endokrinn\u00edch onemocn\u011bn\u00ed. \u2022 Zklid\u0148uje nervov\u00fd syst\u00e9m, zvy\u0161uje odolnost organismu v\u016f\u010di stresu. \u2022 Regeneruje funkci \u0161t\u00edtn\u00e9 \u017el\u00e1zy, normalizuje hormon\u00e1ln\u00ed rovnov\u00e1hu. \u2022 Odstra\u0148uje bolest v oblasti srdce, normalizuje jeho rytmus a zlep\u0161uje koron\u00e1rn\u00ed pr\u016ftok krve.&hellip;","jetpack_sharing_enabled":true,"_links":{"self":[{"href":"https:\/\/visionstore.co.rs\/cs\/wp-json\/wp\/v2\/product\/19024","targetHints":{"allow":["GET"]}}],"collection":[{"href":"https:\/\/visionstore.co.rs\/cs\/wp-json\/wp\/v2\/product"}],"about":[{"href":"https:\/\/visionstore.co.rs\/cs\/wp-json\/wp\/v2\/types\/product"}],"replies":[{"embeddable":true,"href":"https:\/\/visionstore.co.rs\/cs\/wp-json\/wp\/v2\/comments?post=19024"}],"wp:featuredmedia":[{"embeddable":true,"href":"https:\/\/visionstore.co.rs\/cs\/wp-json\/wp\/v2\/media\/29101"}],"wp:attachment":[{"href":"https:\/\/visionstore.co.rs\/cs\/wp-json\/wp\/v2\/media?parent=19024"}],"wp:term":[{"taxonomy":"product_brand","embeddable":true,"href":"https:\/\/visionstore.co.rs\/cs\/wp-json\/wp\/v2\/product_brand?post=19024"},{"taxonomy":"product_cat","embeddable":true,"href":"https:\/\/visionstore.co.rs\/cs\/wp-json\/wp\/v2\/product_cat?post=19024"},{"taxonomy":"product_tag","embeddable":true,"href":"https:\/\/visionstore.co.rs\/cs\/wp-json\/wp\/v2\/product_tag?post=19024"}],"curies":[{"name":"wp","href":"https:\/\/api.w.org\/{rel}","templated":true}]}}