{"id":19048,"date":"2020-07-22T15:08:31","date_gmt":"2020-07-22T13:08:31","guid":{"rendered":"https:\/\/visionstore.co.rs\/product\/venostrong\/"},"modified":"2024-09-03T10:46:40","modified_gmt":"2024-09-03T08:46:40","slug":"venostrong","status":"publish","type":"product","link":"https:\/\/visionstore.co.rs\/cs\/product\/venostrong\/","title":{"rendered":"Venostrong"},"content":{"rendered":"<p><strong>VenoStrong pom\u00e1h\u00e1 p\u0159i chronick\u00e9 \u017eiln\u00ed nedostate\u010dnosti, odstra\u0148uje vn\u011bj\u0161\u00ed projevy otok\u016f, redukuje s\u00ed\u0165 c\u00e9v a k\u0159e\u010dov\u00e9 \u017e\u00edly.<\/strong> Zlep\u0161uje krevn\u00ed ob\u011bh v c\u00e9v\u00e1ch, zpev\u0148uje st\u011bny c\u00e9v a zvy\u0161uje jejich tonus. <strong>P\u0159edch\u00e1z\u00ed z\u00e1va\u017en\u00fdm komplikac\u00edm, kter\u00e9 \u010dasto vznikaj\u00ed v d\u016fsledku \u017eiln\u00ed nedostate\u010dnosti.<\/strong> Hlavn\u00ed slo\u017ekou produktu <strong>VenoStrong<\/strong> jsou v\u00fdta\u017eky z pomeran\u010dov\u00e9ho ovoce a k\u016fry. Obsahuje \u017eivotn\u011b d\u016fle\u017eit\u00e9 bioflavonoidy: <strong>diosmin a hesperidin<\/strong>. Maj\u00ed schopnost sn\u00ed\u017eit stagnaci \u017eil, sn\u00ed\u017eit propustnost kapil\u00e1r. <strong>VenoStrong<\/strong> se doporu\u010duje zejm\u00e9na b\u011bhem tepl\u00e9ho po\u010das\u00ed, p\u0159i ch\u016fzi na vysok\u00fdch podpatc\u00edch, d\u00e1le p\u0159i pr\u00e1ci v sed\u011b nebo p\u0159i pr\u00e1ci, kter\u00e1 vy\u017eaduje dlouh\u00e9 st\u00e1n\u00ed.  <\/p>\n<ul>\n<li>Sni\u017euje otoky<\/li>\n<li>Zm\u00edr\u0148uje p\u0159\u00edznaky chronick\u00e9 \u017eiln\u00ed nedostate\u010dnosti<\/li>\n<li>Odstra\u0148uje otoky, pocit &#8222;t\u00ed\u017ee&#8220; a slabosti nohou<\/li>\n<li>Redukuje s\u00ed\u0165 praskl\u00fdch krevn\u00edch c\u00e9v<\/li>\n<li>Regeneruje a posiluje <a href=\"https:\/\/visionstore.co.rs\/zastita-krvnih-sudova-i-vena\/\">st\u011bny c\u00e9v<\/a><\/li>\n<\/ul>\n<p>  P\u0159\u00edznak\u016fm jako slabost nohou, otoky, k\u0159e\u010de b\u011bhem noci \u010dasto nev\u011bnujeme pozornost, ale pokud se periodicky opakuj\u00ed, m\u011bli bychom na to myslet. To je podm\u00edn\u011bno na\u0161\u00edm zp\u016fsobem \u017eivota. Sedav\u00e9 zam\u011bstn\u00e1n\u00ed nebo \u010dast\u00e9 st\u00e1n\u00ed, \u010dast\u00e9 lety, nedostatek fyzick\u00e9 aktivity a nadv\u00e1ha, nepohodln\u00e1 obuv, drobn\u00e1 poran\u011bn\u00ed nohou a \u010dast\u00e9 l\u00e9t\u00e1n\u00ed mohou nakonec v\u00e9st k chronick\u00e9 \u017eiln\u00ed nedostate\u010dnosti. \u017diln\u00ed nedostate\u010dnost je stav, kdy je naru\u0161en pr\u016ftok krve. Ve vysp\u011bl\u00fdch zem\u00edch trp\u00ed \u017eiln\u00ed nedostate\u010dnost\u00ed do ur\u010dit\u00e9 m\u00edry a\u017e 89 % \u017een a 66 % mu\u017e\u016f. Negativn\u00edm dopadem na rozvoj chronick\u00e9 insuficience je, \u017ee v\u011bt\u0161ina pacient\u016f vyhled\u00e1v\u00e1 l\u00e9ka\u0159skou pomoc pozd\u011b. Mnoz\u00ed popisuj\u00ed tyto nep\u0159\u00edjemn\u00e9 p\u0159\u00edznaky jako \u00fanavu a dlouhodobou fyzickou n\u00e1mahu. Neki nedovoljno procenjuju ozbiljnost patologije i ne razmi\u0161ljaju do kakvih zdravstvenih problema ovo stanje mo\u017ee da dovede. Pokud se onemocn\u011bn\u00ed nel\u00e9\u010d\u00ed, m\u016f\u017ee doj\u00edt k mnoha komplikac\u00edm. <strong>VenoStrong<\/strong> v\u00e1s zbav\u00ed otok\u016f a pocitu \u201et\u00ed\u017ee\u201c nohou, odstran\u00ed syndrom unaven\u00fdch nohou a zlep\u0161\u00ed pr\u016ftok krve. Zv\u00fd\u0161\u00ed tonus \u017eil a sn\u00ed\u017e\u00ed \u017eiln\u00ed stagnaci. Komplex <strong>VenoStrong<\/strong> je nov\u00fdm n\u00e1strojem v boji proti \u017eiln\u00ed nedostate\u010dnosti. Unik\u00e1tn\u00ed receptura p\u0159\u00edrodn\u00edho venotonika byla vytvo\u0159ena speci\u00e1ln\u011b pro \u0161irokou \u0161k\u00e1lu \u00fa\u010dink\u016f na c\u00e9vn\u00ed syst\u00e9m. Pro p\u0159\u00edrodn\u00ed komplex <strong>VenoStrong<\/strong> byly vybr\u00e1ny unik\u00e1tn\u00ed bylinn\u00e9 slo\u017eky, kter\u00e9 se uk\u00e1zaly jako nej\u00fa\u010dinn\u011bj\u0161\u00ed p\u0159\u00edrodn\u00ed prost\u0159edek v boji proti \u017eiln\u00ed nedostate\u010dnosti. Extrakt z <strong>plod\u016f ho\u0159k\u00e9ho pomeran\u010de<\/strong> je unik\u00e1tn\u00edm p\u0159\u00edrodn\u00edm zdrojem <strong>diosminu a hesperidinu<\/strong>, kter\u00e9 se z\u00edsk\u00e1vaj\u00ed laboratorn\u00ed metodou. P\u016fsob\u00ed vitalizuj\u00edc\u00edm zp\u016fsobem na \u017e\u00edly a posiluje st\u011bny c\u00e9v, sni\u017euje citlivost \u017eil, zvy\u0161uje jejich tonus, sni\u017euje \u017eiln\u00ed stagnaci, propustnost a k\u0159ehkost kapil\u00e1r, zlep\u0161uje mikrocirkulaci a lymfatick\u00fd tok, \u010d\u00edm\u017e se sni\u017euj\u00ed p\u0159\u00edznaky \u017eiln\u00ed nedostate\u010dnosti. Extrakt z <strong>citrusov\u00e9 k\u016fry<\/strong> zm\u00edr\u0148uje subjektivn\u00ed pocit \u017eiln\u00ed nedostate\u010dnosti: odstra\u0148uje otoky, pocit t\u00edhy nohou, sv\u011bd\u011bn\u00ed, k\u0159e\u010de, syndrom unaven\u00fdch nohou. M\u00e1 regula\u010dn\u00ed \u00fa\u010dinek na velk\u00e9 \u017e\u00edly a mal\u00e9 c\u00e9vy. Extrakt z <strong>hroznov\u00fdch v\u00fdlisk\u016f<\/strong> obsahuje oligo proanthokyanidiny, kter\u00e9 posiluj\u00ed st\u011bny c\u00e9v, a siln\u00e9 <strong>flavonoidy<\/strong>, antioxidanty, kter\u00e9 regeneruj\u00ed funkce kapil\u00e1r a pom\u00e1haj\u00ed v boji proti otok\u016fm zp\u016fsoben\u00fdm \u017eiln\u00edmi poruchami. Extrakt z <strong>hroznov\u00fdch v\u00fdlisk\u016f<\/strong> pom\u00e1h\u00e1 zm\u00edr\u0148ovat bolest, sni\u017euje k\u0159e\u010de, necitlivost a mraven\u010den\u00ed, zejm\u00e9na v noci. Zlep\u0161uje \u017eiln\u00ed pr\u016ftok krve. Extrakt z <strong>Gotu koly<\/strong> zlep\u0161uje pr\u016ftok krve, sni\u017euje tlak v \u017eil\u00e1ch, p\u0159isp\u00edv\u00e1 k rychlej\u0161\u00ed regeneraci c\u00e9vn\u00edch st\u011bn a sni\u017euje otoky. Zlep\u0161uje stav k\u0159e\u010dov\u00fdch \u017eil, sni\u017euje pocit celkov\u00e9ho nepohodl\u00ed a \u00fanavy nohou p\u0159i chronick\u00e9 \u017eiln\u00ed nedostate\u010dnosti. Extrakt z <strong>pap\u00e1je<\/strong>, kter\u00fd obsahuje enzym <strong>papain<\/strong>, sni\u017euje viskozitu krve a zlep\u0161uje mikrocirkulaci, sni\u017euje ulp\u00edv\u00e1n\u00ed krevn\u00edch desti\u010dek a jejich usazov\u00e1n\u00ed na st\u011bn\u00e1ch c\u00e9v, zabra\u0148uje vzniku tromboflebitidy. M\u00e1 protiz\u00e1n\u011btliv\u00fd a kardiotonick\u00fd \u00fa\u010dinek. Komplex <strong>VenoStrong<\/strong> p\u016fsob\u00ed okam\u017eit\u011b na v\u0161echny p\u0159\u00ed\u010diny a p\u0159\u00edznaky chronick\u00e9 \u017eiln\u00ed nedostate\u010dnosti. Tento komplex nejen odstra\u0148uje p\u0159\u00edznaky onemocn\u011bn\u00ed, ale tak\u00e9 zabra\u0148uje vzniku z\u00e1va\u017en\u00fdch komplikac\u00ed, kter\u00e9 vedou k \u017eiln\u00ed insuficienci. <strong>Slo\u017een\u00ed:<\/strong> <a href=\"https:\/\/visionstore.co.rs\/bolest-koja-obara-s-nogu\/\">extrakt z plod\u016f ho\u0159k\u00e9ho pomeran\u010de (lat. <em>Citrus aurantium L.<\/em> )<\/a> , <a href=\"https:\/\/visionstore.co.rs\/semenke-grozdja\/\">extrakt z hroznov\u00fdch v\u00fdlisk\u016f (lat. Vitis vinifera L.)<\/a> , extrakt z citrusov\u00e9 k\u016fry, <a href=\"https:\/\/visionstore.co.rs\/gotu-kola-centella-asiatica\/\">extrakt z gotu kola (lat. <em>Centella asiatica L.<\/em> )<\/a> a <a href=\"https:\/\/visionstore.co.rs\/papaja\/\">extrakt z pap\u00e1ji (lat. <em>Carica papaya L.<\/em> )<\/a> . <strong>Mno\u017estv\u00ed: 60 kapsl\u00ed<\/strong> <strong>\u010cist\u00e1 hmotnost: 30,4g<\/strong><\/p>\n<table width=\"421\">\n<tbody>\n<tr>\n<td width=\"197\"><strong>AKTIVN\u00cd L\u00c1TKY:<\/strong><\/td>\n<td width=\"80\"><strong>1 kapsle<\/strong> <strong>(506 mg)<\/strong><\/td>\n<td width=\"64\"><strong>%NRV*<\/strong><\/td>\n<\/tr>\n<tr>\n<td width=\"197\">such\u00fd extrakt z plod\u016f ho\u0159k\u00e9ho pomeran\u010de ( <em>Citrus aurantium L.<\/em> ) (Obsahuje 90 % hesperidinu a 10 % diosminu)  <\/p>\n<ul>\n<li>z toho hesperidin<\/li>\n<li>z toho diosmin<\/li>\n<\/ul>\n<\/td>\n<td>125 mg  &nbsp;<\/p>\n<ul>\n<li>112,5 mg<\/li>\n<li>12,5 mg<\/li>\n<\/ul>\n<\/td>\n<td>**<\/td>\n<\/tr>\n<tr>\n<td>extrakt ze such\u00fdch hroznov\u00fdch slupek ( <em>Vitis vinifera L.<\/em> ) 100:1<\/td>\n<td>70 mg<\/td>\n<td>**<\/td>\n<\/tr>\n<tr>\n<td width=\"197\">such\u00fd extrakt z k\u016fry ho\u0159k\u00e9ho pomeran\u010de ( <em>Citrus aurantium L.<\/em> ) (Obsahuje 95 % hesperidinu a 5 % diosminu)  <\/p>\n<ul>\n<li>z toho hesperidin<\/li>\n<li>z toho diosmin<\/li>\n<\/ul>\n<\/td>\n<td>25 mg  &nbsp;<\/p>\n<ul>\n<li>23,75 mg<\/li>\n<li>1,25 mg<\/li>\n<\/ul>\n<\/td>\n<td>**<\/td>\n<\/tr>\n<tr>\n<td>such\u00fd extrakt z listu gotu kola ( <em>Centella asiatica L.<\/em> ) 20:1<\/td>\n<td>25 mg<\/td>\n<td>**<\/td>\n<\/tr>\n<tr>\n<td>such\u00fd extrakt z plod\u016f pap\u00e1je v pr\u00e1\u0161ku ( <em>Carica papaya L.<\/em> ) 4:1<\/td>\n<td>12,5 mg<\/td>\n<td>**<\/td>\n<\/tr>\n<\/tbody>\n<\/table>\n<p>  *NRV &#8211; nutri\u010dn\u00ed referen\u010dn\u00ed hodnota ** &#8211; nutri\u010dn\u00ed referen\u010dn\u00ed hodnota nebyla stanovena<\/p>\n","protected":false},"excerpt":{"rendered":"<p><strong>VLASTNOSTI PRODUKTU VENOSTRONG:<\/strong> \u2022 Odstra\u0148uje otoky \u2022 Sni\u017euje p\u0159\u00edznaky chronick\u00e9 \u017eiln\u00ed nedostate\u010dnosti \u2022 Odstra\u0148uje pocit \u201et\u00ed\u017ee\u201c a slabosti v nohou, zm\u00edr\u0148uje bolest \u2022 P\u0159edch\u00e1z\u00ed vzniku tromboflebitidy a k\u0159e\u010dov\u00fdch \u017eil \u2022 Pom\u00e1h\u00e1 bojovat proti prasklin\u00e1m kapil\u00e1r \u2022 Obnovuje a posiluje st\u011bny c\u00e9v \u2022 P\u0159edch\u00e1z\u00ed k\u0159e\u010d\u00edm<\/p>\n","protected":false},"featured_media":29182,"comment_status":"open","ping_status":"closed","template":"","meta":{"_acf_changed":false,"_uag_custom_page_level_css":"","site-sidebar-layout":"default","site-content-layout":"default","ast-site-content-layout":"default","site-content-style":"default","site-sidebar-style":"default","ast-global-header-display":"","ast-banner-title-visibility":"","ast-main-header-display":"","ast-hfb-above-header-display":"","ast-hfb-below-header-display":"","ast-hfb-mobile-header-display":"","site-post-title":"","ast-breadcrumbs-content":"","ast-featured-img":"","footer-sml-layout":"","ast-disable-related-posts":"","theme-transparent-header-meta":"default","adv-header-id-meta":"","stick-header-meta":"default","header-above-stick-meta":"","header-main-stick-meta":"","header-below-stick-meta":"","astra-migrate-meta-layouts":"default","ast-page-background-enabled":"default","ast-page-background-meta":{"desktop":{"background-color":"","background-image":"","background-repeat":"repeat","background-position":"center center","background-size":"auto","background-attachment":"scroll","background-type":"","background-media":"","overlay-type":"","overlay-color":"","overlay-opacity":"","overlay-gradient":""},"tablet":{"background-color":"","background-image":"","background-repeat":"repeat","background-position":"center center","background-size":"auto","background-attachment":"scroll","background-type":"","background-media":"","overlay-type":"","overlay-color":"","overlay-opacity":"","overlay-gradient":""},"mobile":{"background-color":"","background-image":"","background-repeat":"repeat","background-position":"center center","background-size":"auto","background-attachment":"scroll","background-type":"","background-media":"","overlay-type":"","overlay-color":"","overlay-opacity":"","overlay-gradient":""}},"ast-content-background-meta":{"desktop":{"background-color":"var(--ast-global-color-4)","background-image":"","background-repeat":"repeat","background-position":"center center","background-size":"auto","background-attachment":"scroll","background-type":"","background-media":"","overlay-type":"","overlay-color":"","overlay-opacity":"","overlay-gradient":""},"tablet":{"background-color":"var(--ast-global-color-4)","background-image":"","background-repeat":"repeat","background-position":"center center","background-size":"auto","background-attachment":"scroll","background-type":"","background-media":"","overlay-type":"","overlay-color":"","overlay-opacity":"","overlay-gradient":""},"mobile":{"background-color":"var(--ast-global-color-4)","background-image":"","background-repeat":"repeat","background-position":"center center","background-size":"auto","background-attachment":"scroll","background-type":"","background-media":"","overlay-type":"","overlay-color":"","overlay-opacity":"","overlay-gradient":""}},"jetpack_post_was_ever_published":false},"product_brand":[],"product_cat":[361],"product_tag":[],"class_list":{"0":"post-19048","1":"product","2":"type-product","3":"status-publish","4":"has-post-thumbnail","6":"product_cat-direct-hit","7":"desktop-align-center","8":"tablet-align-center","9":"mobile-align-center","10":"ast-product-gallery-layout-horizontal","11":"ast-product-tabs-layout-distributed","12":"ast-qv-on-image","14":"first","15":"instock","16":"taxable","17":"shipping-taxable","18":"purchasable","19":"product-type-simple"},"acf":[],"uagb_featured_image_src":{"full":["https:\/\/i0.wp.com\/visionstore.co.rs\/wp-content\/uploads\/2020\/07\/Venostrong.png?fit=1024%2C1024&ssl=1",1024,1024,false],"thumbnail":["https:\/\/i0.wp.com\/visionstore.co.rs\/wp-content\/uploads\/2020\/07\/Venostrong.png?resize=150%2C150&ssl=1",150,150,true],"medium":["https:\/\/i0.wp.com\/visionstore.co.rs\/wp-content\/uploads\/2020\/07\/Venostrong.png?fit=300%2C300&ssl=1",300,300,true],"medium_large":["https:\/\/i0.wp.com\/visionstore.co.rs\/wp-content\/uploads\/2020\/07\/Venostrong.png?fit=768%2C768&ssl=1",768,768,true],"large":["https:\/\/i0.wp.com\/visionstore.co.rs\/wp-content\/uploads\/2020\/07\/Venostrong.png?fit=1024%2C1024&ssl=1",1024,1024,true],"1536x1536":["https:\/\/i0.wp.com\/visionstore.co.rs\/wp-content\/uploads\/2020\/07\/Venostrong.png?fit=1024%2C1024&ssl=1",1024,1024,true],"2048x2048":["https:\/\/i0.wp.com\/visionstore.co.rs\/wp-content\/uploads\/2020\/07\/Venostrong.png?fit=1024%2C1024&ssl=1",1024,1024,true],"mailpoet_newsletter_max":["https:\/\/i0.wp.com\/visionstore.co.rs\/wp-content\/uploads\/2020\/07\/Venostrong.png?fit=1024%2C1024&ssl=1",1024,1024,true],"woocommerce_thumbnail":["https:\/\/i0.wp.com\/visionstore.co.rs\/wp-content\/uploads\/2020\/07\/Venostrong.png?fit=900%2C900&ssl=1",900,900,true],"woocommerce_single":["https:\/\/i0.wp.com\/visionstore.co.rs\/wp-content\/uploads\/2020\/07\/Venostrong.png?fit=1024%2C1024&ssl=1",1024,1024,true],"woocommerce_gallery_thumbnail":["https:\/\/i0.wp.com\/visionstore.co.rs\/wp-content\/uploads\/2020\/07\/Venostrong.png?resize=100%2C100&ssl=1",100,100,true]},"uagb_author_info":{"display_name":"admin","author_link":"https:\/\/visionstore.co.rs\/cs\/author\/"},"uagb_comment_info":5,"uagb_excerpt":"VLASTNOSTI PRODUKTU VENOSTRONG: \u2022 Odstra\u0148uje otoky \u2022 Sni\u017euje p\u0159\u00edznaky chronick\u00e9 \u017eiln\u00ed nedostate\u010dnosti \u2022 Odstra\u0148uje pocit \u201et\u00ed\u017ee\u201c a slabosti v nohou, zm\u00edr\u0148uje bolest \u2022 P\u0159edch\u00e1z\u00ed vzniku tromboflebitidy a k\u0159e\u010dov\u00fdch \u017eil \u2022 Pom\u00e1h\u00e1 bojovat proti prasklin\u00e1m kapil\u00e1r \u2022 Obnovuje a posiluje st\u011bny c\u00e9v \u2022 P\u0159edch\u00e1z\u00ed k\u0159e\u010d\u00edm","jetpack_sharing_enabled":true,"_links":{"self":[{"href":"https:\/\/visionstore.co.rs\/cs\/wp-json\/wp\/v2\/product\/19048","targetHints":{"allow":["GET"]}}],"collection":[{"href":"https:\/\/visionstore.co.rs\/cs\/wp-json\/wp\/v2\/product"}],"about":[{"href":"https:\/\/visionstore.co.rs\/cs\/wp-json\/wp\/v2\/types\/product"}],"replies":[{"embeddable":true,"href":"https:\/\/visionstore.co.rs\/cs\/wp-json\/wp\/v2\/comments?post=19048"}],"wp:featuredmedia":[{"embeddable":true,"href":"https:\/\/visionstore.co.rs\/cs\/wp-json\/wp\/v2\/media\/29182"}],"wp:attachment":[{"href":"https:\/\/visionstore.co.rs\/cs\/wp-json\/wp\/v2\/media?parent=19048"}],"wp:term":[{"taxonomy":"product_brand","embeddable":true,"href":"https:\/\/visionstore.co.rs\/cs\/wp-json\/wp\/v2\/product_brand?post=19048"},{"taxonomy":"product_cat","embeddable":true,"href":"https:\/\/visionstore.co.rs\/cs\/wp-json\/wp\/v2\/product_cat?post=19048"},{"taxonomy":"product_tag","embeddable":true,"href":"https:\/\/visionstore.co.rs\/cs\/wp-json\/wp\/v2\/product_tag?post=19048"}],"curies":[{"name":"wp","href":"https:\/\/api.w.org\/{rel}","templated":true}]}}