{"id":19059,"date":"2019-12-27T18:45:43","date_gmt":"2019-12-27T17:45:43","guid":{"rendered":"https:\/\/visionstore.co.rs\/product\/stalon-classic\/"},"modified":"2025-05-26T12:08:14","modified_gmt":"2025-05-26T10:08:14","slug":"stalon","status":"publish","type":"product","link":"https:\/\/visionstore.co.rs\/cs\/product\/stalon\/","title":{"rendered":"Stalon Classic"},"content":{"rendered":"<p><strong>Stalon Classic<\/strong> je dopln\u011bk v\u00fd\u017eivy, kter\u00fd podporuje zachov\u00e1n\u00ed funkce pohlavn\u00edch org\u00e1n\u016f u mu\u017e\u016f, urychluje krevn\u00ed ob\u011bh v p\u00e1nevn\u00edch org\u00e1nech a aktivuje synt\u00e9zu mu\u017esk\u00fdch hormon\u016f. P\u016fsob\u00ed postupn\u011b, jeho c\u00edlem nen\u00ed dos\u00e1hnout rychl\u00e9ho \u00fa\u010dinku, ale podstatou je dlouhodob\u00e1, postupn\u00e1 normalizace reproduk\u010dn\u00edch funkc\u00ed mu\u017esk\u00fdch pohlavn\u00edch org\u00e1n\u016f. Tento komplex je fantastick\u00fdm zdrojem bylinn\u00fdch afrodiziak, energotonik, nejnutn\u011bj\u0161\u00edch vitam\u00edn\u016f a mikroprvk\u016f ( <strong>vitam\u00edn E, B1, PP a zinek<\/strong> ). <strong>Tajn\u00fd \u017eivot hack &#8211; mnoho \u017een, kter\u00e9 ji\u017e dlouho znaj\u00ed produkty Vision, r\u00e1do pij\u00ed Stalon Classic<\/strong> a pou\u017e\u00edvaj\u00ed ho denn\u011b, proto\u017ee obsahuje <strong>\u017een\u0161en<\/strong> a 2,5kr\u00e1t v\u00edce <strong>Ginkgo biloba<\/strong> ne\u017e <a href=\"https:\/\/visionstore.co.rs\/cs\/product\/antiox\/\">Antiox Classic<\/a> . Poskytuje v\u00e1m silnou antioxida\u010dn\u00ed ochranu a podporu imunity (<strong>\u017een\u0161en<\/strong> je p\u0159\u00edrodn\u00ed adaptogen) &#8211; spoustu energie na ka\u017ed\u00fd den v jedn\u00e9 lahvi\u010dce. Rostlinn\u00e1 afrodiziaka postupn\u011b zlep\u0161uj\u00ed a posiluj\u00ed erektiln\u00ed funkci. Bylinn\u00e9 slo\u017eky p\u0159\u00edpravku <strong>Stalon Classic<\/strong> pom\u00e1haj\u00ed p\u0159ekonat \u00fanavu a kompenzovat nedostatek s\u00edly, co\u017e m\u016f\u017ee v\u00e9st ke sn\u00ed\u017een\u00ed potence a ztr\u00e1t\u011b erekce. Bylinn\u00e9 prvky tak\u00e9 hraj\u00ed hlavn\u00ed roli v procesu normalizace endokrinn\u00edho profilu a zv\u00fd\u0161en\u00ed pr\u016ftoku krve do p\u00e1nevn\u00edho pletence. <strong>Ko\u0159en \u017een\u0161enu<\/strong> obsahuje pot\u0159ebn\u00e9 l\u00e1tky, kter\u00e9 na\u0161e t\u011blo nevylu\u010duje a m\u016f\u017eeme je do t\u011bla p\u0159ij\u00edmat pouze potravou.  <\/p>\n<ul>\n<li>Siln\u00e1 antioxida\u010dn\u00ed ochrana<\/li>\n<li>Podpora imunity<\/li>\n<li>Zvy\u0161uje potenci<\/li>\n<li>Zvy\u0161uje libido a stimuluje sexu\u00e1ln\u00ed aktivitu<\/li>\n<li>M\u00e1 energotonickou funkci<\/li>\n<li>Zabra\u0148uje hormon\u00e1ln\u00edmu deficitu ve zral\u00e9m v\u011bku<\/li>\n<\/ul>\n<p>  Sexu\u00e1ln\u00ed schopnosti mu\u017ee jsou ukazatelem jeho zdrav\u00ed a \u00fasp\u011bchu. A \u00fasp\u011b\u0161n\u00fd mu\u017e je sebev\u011bdom\u00fd, vyu\u017e\u00edv\u00e1 sv\u00e9 obliby u \u017een a zauj\u00edm\u00e1 vysok\u00e9 spole\u010densk\u00e9 pozice. Pokud se v\u0161ak vezmou pr\u016fm\u011brn\u00e9 l\u00e9ka\u0159sk\u00e9 \u00fadaje, sotva ka\u017ed\u00fd z\u00e1stupce siln\u011bj\u0161\u00edho pohlav\u00ed se m\u016f\u017ee pochlubit bohat\u00fdm sexu\u00e1ln\u00edm \u017eivotem. V pr\u016fm\u011bru m\u00e1 pot\u00ed\u017ee v posteli 52 % mu\u017e\u016f. P\u0159itom 15 % mu\u017e\u016f je mlad\u0161\u00edch 38 let. Ale je tu tak\u00e9 dobr\u00e1 zpr\u00e1va, v 98 % p\u0159\u00edpad\u016f <a href=\"https:\/\/visionstore.co.rs\/seksualna-disfunkcija-kod-muskaraca\/\">sexu\u00e1ln\u00ed dysfunkce<\/a> m\u016f\u017ee b\u00fdt mu\u017esk\u00e1 s\u00edla obnovena. Sn\u00ed\u017een\u00e1 potence a oslaben\u00e1 sexu\u00e1ln\u00ed rozko\u0161 nemus\u00ed v\u017edy znamenat v\u00e1\u017en\u00e9 zdravotn\u00ed probl\u00e9my. N\u011bkdy sta\u010d\u00ed stres v pr\u00e1ci nebo velk\u00e1 \u00fanava, aby zmizela touha a zmizela mo\u017enost pravideln\u00e9ho sexu\u00e1ln\u00edho \u017eivota. Pozor na sv\u00e9 zdrav\u00ed by proto m\u011bli d\u00e1vat nejen ti, kte\u0159\u00ed maj\u00ed tento probl\u00e9m, ale i ti, kte\u0159\u00ed jsou v rizikov\u00e9 skupin\u011b. A to je t\u00e9m\u011b\u0159 ka\u017ed\u00fd modern\u00ed mu\u017e. Pokud se v\u0161ak potenci\u00e1ln\u00ed probl\u00e9m vy\u0159e\u0161\u00ed d\u0159\u00edve, ne\u017e se v\u016fbec objev\u00ed, \u00fasp\u011bch a sebev\u011bdom\u00ed budou st\u00e1l\u00fdmi spole\u010dn\u00edky ka\u017ed\u00e9ho mu\u017ee. A sebev\u011bdom\u00fd mu\u017e vyu\u017e\u00edv\u00e1 sv\u00e9 obl\u00edbenosti u \u017een. P\u0159\u00edrodn\u00ed komplex <strong>Stalon Classic<\/strong> obnov\u00ed sexu\u00e1ln\u00ed harmonii, zv\u00fd\u0161\u00ed potenci, zlep\u0161\u00ed erekci a podpo\u0159\u00ed reproduk\u010dn\u00ed funkce. Tento produkt je pokladnic\u00ed \u201emu\u017esk\u00fdch\u201c bylin a vitam\u00edn\u016f, kter\u00e9 jsou ji\u017e dlouho zn\u00e1m\u00e9 jako afrodiziakum. Slo\u017eky produktu <strong>Stallon Classic<\/strong> d\u011blaj\u00ed mu\u017ee siln\u00fdm a sebev\u011bdom\u00fdm v jak\u00e9koli situaci, v\u010detn\u011b osobn\u00edch vztah\u016f. Pro udr\u017een\u00ed norm\u00e1ln\u00edho stavu a zv\u00fd\u0161en\u00ed potence mus\u00ed b\u00fdt lidsk\u00fd organismus p\u0159izp\u016fsoben nejr\u016fzn\u011bj\u0161\u00edm faktor\u016fm okoln\u00edho prost\u0159ed\u00ed. <strong>\u017den\u0161en<\/strong> , jeden z nejsiln\u011bj\u0161\u00edch adaptogen\u016f, pom\u016f\u017ee mu\u017ei vyrovnat se s \u00fanavou, kter\u00e1 m\u016f\u017ee v\u00e9st k erektiln\u00ed dysfunkci nebo poruch\u00e1m potence; \u010delit n\u00e1sledk\u016fm psychick\u00e9ho a emo\u010dn\u00edho stresu; ke zv\u00fd\u0161en\u00ed fyzick\u00e9 a du\u0161evn\u00ed pracovn\u00ed kapacity. <strong>\u017den\u0161en<\/strong> je \u017eivotn\u011b d\u016fle\u017eit\u00fd pro podporu v\u0161ech syst\u00e9m\u016f na\u0161eho t\u011bla. D\u00edky sv\u00e9mu vitalizuj\u00edc\u00edmu \u00fa\u010dinku a vlivu na celkov\u00e9 pos\u00edlen\u00ed organismu je <strong>\u017een\u0161en<\/strong> neuv\u011b\u0159iteln\u00fd sexu\u00e1ln\u00ed stimul\u00e1tor. Normalizuje hormon\u00e1ln\u00ed pozad\u00ed organismu, posiluje metabolick\u00e9 procesy, zvy\u0161uje prokrven\u00ed p\u00e1nevn\u00edch org\u00e1n\u016f a zvy\u0161uje z\u00e1jem o \u017eivot a p\u0159edev\u0161\u00edm jeho sexu\u00e1ln\u00ed str\u00e1nku. Pr\u00e1v\u011b z tohoto d\u016fvodu se doporu\u010duje pro zv\u00fd\u0161en\u00ed touhy, mo\u017enost\u00ed a pos\u00edlen\u00ed cit\u016f. N\u011bkter\u00e9 slo\u017eky ko\u0159ene <strong>\u017een\u0161enu<\/strong> mohou ovlivnit hladk\u00e9 svaly, zlep\u0161it erekci, zv\u00fd\u0161it produkci testosteronu a pohyblivost spermi\u00ed. <strong>Ginkgo biloba<\/strong> zvy\u0161uje fyzickou odolnost a sexu\u00e1ln\u00ed aktivitu, posiluje kontrakce p\u0159\u00ed\u010dn\u011b pruhovan\u00fdch sval\u016f, zlep\u0161uje sexu\u00e1ln\u00ed funkce. <strong>Ginkgo biloba<\/strong> je jedinou rostlinou zn\u00e1mou v\u011bd\u011b, kter\u00e1 obsahuje siln\u00e9 antioxidanty, <strong>ginkgolidy a bilobalidy<\/strong> , kter\u00e9 zvy\u0161uj\u00ed elasticitu c\u00e9vn\u00edch st\u011bn. <strong>Ginkgo biloba<\/strong> nejen roz\u0161i\u0159uje c\u00e9vy mozku a periferie, ale tak\u00e9 zlep\u0161uje prokrven\u00ed p\u00e1nevn\u00edch org\u00e1n\u016f, co\u017e je nezbytn\u00e9 pro pevnost erekce. \u0160k\u00e1lu prav\u00fdch \u201emu\u017esk\u00fdch\u201c bylinn\u00fdch slo\u017eek dopl\u0148uje <strong>z\u00e1zvor a cola<\/strong>. <strong>Z\u00e1zvor<\/strong> obsahuje vitam\u00edny a l\u00e1tky, kter\u00e9 si t\u011blo nesyntetizuje, ale p\u0159ij\u00edm\u00e1 je zven\u010d\u00ed. Tyto l\u00e1tky zrychluj\u00ed l\u00e1tkovou v\u00fdm\u011bnu, zrychluj\u00ed krevn\u00ed ob\u011bh, dod\u00e1vaj\u00ed organismu \u017eivotn\u00ed s\u00edlu, a proto maj\u00ed nejp\u0159\u00edzniv\u011bj\u0161\u00ed vliv na zdrav\u00ed mu\u017ee. <strong>Z\u00e1zvor a cola<\/strong> jsou vitalizuj\u00edc\u00ed rostliny, schopn\u00e9 obnovit mu\u017eskou potenci, obnovit fyzickou s\u00edlu a energii a zv\u00fd\u0161it libido. K nej\u00fa\u010dinn\u011bj\u0161\u00edmu vst\u0159eb\u00e1v\u00e1n\u00ed rostlinn\u00fdch slo\u017eek a pos\u00edlen\u00ed sexu\u00e1ln\u00ed odolnosti napom\u016f\u017ee <strong>komplex vitam\u00edn\u016f a zinku<\/strong>, kter\u00e9 spolu s <strong>vitam\u00ednem B1<\/strong> hraj\u00ed d\u016fle\u017eitou roli p\u0159i podpo\u0159e reproduk\u010dn\u00edch funkc\u00ed. Nejsiln\u011bj\u0161\u00ed antioxidant, <strong>vitamin E<\/strong>, chr\u00e1n\u00ed lipidy bun\u011b\u010dn\u00fdch membr\u00e1n p\u0159ed destruktivn\u00edm p\u016fsoben\u00edm voln\u00fdch radik\u00e1l\u016f a p\u0159isp\u00edv\u00e1 ke sn\u00ed\u017een\u00ed dynamiky z\u00e1n\u011btliv\u00fdch proces\u016f. <strong>Vitamin E<\/strong> aktivn\u011b ovliv\u0148uje metabolismus endogenn\u00edho testosteronu, p\u0159isp\u00edv\u00e1 k udr\u017een\u00ed jeho synt\u00e9zy a biologick\u00fdch \u00fa\u010dink\u016f na norm\u00e1ln\u00ed \u00farovni. Spolu s <strong>vitam\u00ednem PP<\/strong> reguluje reproduk\u010dn\u00ed funkci a posiluje potenci. <a href=\"https:\/\/visionstore.co.rs\/biljka-tribulus\/\"><strong>Tribulus<\/strong><\/a> (lat. <i>Tribulus terrestris<\/i> , babi\u010d\u010din zub) je jednolet\u00e1 bylina z \u010deledi <i>Zygophyllaceae<\/i> . Je roz\u0161\u00ed\u0159en v such\u00fdch a subtropick\u00fdch oblastech ji\u017en\u00ed Evropy (a Balk\u00e1nu), Asie a Severn\u00ed Ameriky. Tradi\u010dn\u011b se pou\u017e\u00edv\u00e1 k l\u00e9\u010db\u011b impotence a jako omlazuj\u00edc\u00ed tonikum, dnes je tak\u00e9 velmi popul\u00e1rn\u00ed mezi sportovci, kulturisty a atlety jako p\u0159\u00edrodn\u00ed anabolikum. Steroidn\u00ed saponiny v <strong>tribulusu<\/strong> se ozna\u010duj\u00ed jako X steroidn\u00ed saponiny. V\u00fdzkumy ukazuj\u00ed, \u017ee maj\u00ed potenci\u00e1ln\u00ed dopad na cel\u00fd imunitn\u00ed syst\u00e9m v lidsk\u00e9m t\u011ble d\u00edky sv\u00fdm antibakteri\u00e1ln\u00edm a antivirov\u00fdm \u00fa\u010dink\u016fm. Kv\u016fli t\u00e9to vlastnosti se v\u011b\u0159\u00ed, \u017ee <strong>tribulus<\/strong> m\u016f\u017ee b\u00fdt aplikov\u00e1n jak vnit\u0159n\u011b, tak extern\u011b k l\u00e9\u010db\u011b herpesu a virov\u00fdch infekc\u00ed, jako je ch\u0159ipka a nachlazen\u00ed. <a href=\"https:\/\/visionstore.co.rs\/tribulus-i-steroidni-glikozidi-dhea\/\"><strong>Tribulus<\/strong><\/a> se doporu\u010duje jako nesteroidn\u00ed rostlinn\u00fd p\u0159\u00edpravek, kter\u00fd p\u0159irozen\u011b zvy\u0161uje produkci vlastn\u00edho testosteronu. Mu\u017ei i \u017eeny mohou m\u00edt velk\u00fd prosp\u011bch z u\u017e\u00edv\u00e1n\u00ed <strong>tribulusu<\/strong>. Klinick\u00e9 studie ukazuj\u00ed, \u017ee \u017eeny, kter\u00e9 u\u017e\u00edvaj\u00ed <strong>tribulus<\/strong>, maj\u00ed v menopauze m\u00e9n\u011b hormon\u00e1ln\u00edch nerovnov\u00e1h. Sportovkyn\u011b mohou ztratit tuk a zv\u00fd\u0161it hmotu a s\u00edlu. Jedin\u00fdm omezen\u00edm p\u0159i u\u017e\u00edv\u00e1n\u00ed <strong>tribulusu<\/strong> pro \u017eeny je vysadit jej 5 dn\u00ed p\u0159ed menstruac\u00ed a o n\u011bco d\u00e9le p\u0159ed pl\u00e1nov\u00e1n\u00edm t\u011bhotenstv\u00ed. <strong>Tribulus<\/strong> je mezi sportovci obl\u00edben\u00fd pro sv\u016fj ergogenn\u00ed \u00fa\u010dinek (zlep\u0161en\u00ed sportovn\u00edho v\u00fdkonu, vytrvalostn\u00ed s\u00edly) a pro schopnost zvy\u0161ovat svalovou s\u00edlu. Dal\u0161\u00ed \u00fa\u010dinky <strong>Tribulus terrestris<\/strong> jsou: sn\u00ed\u017een\u00ed hladiny cholesterolu, sn\u00ed\u017een\u00ed krevn\u00edho tlaku, zv\u00fd\u0161en\u00ed erekce a tak\u00e9 d\u00e9lky a frekvence pohlavn\u00edho styku. Doporu\u010deno s produktem Artum Classic. <strong>Slo\u017een\u00ed<\/strong> : ko\u0159en \u017een\u0161enu (lat. <em>Panax ginseng<\/em> ), <a href=\"https:\/\/visionstore.co.rs\/djumbir-je-svima-poznat-ali-da-li-ste-znali-i-ovo\/\">z\u00e1zvor (ko\u0159en) (lat. <em>Zingiber officinale<\/em> )<\/a> , <a href=\"https:\/\/visionstore.co.rs\/ginkgo-biloba-u-sluzbi-naseg-zdravlja\/\">ginkgo biloba (lat. Ginkgo biloba)<\/a> , cola (lat. <em>Cola nitida<\/em> ), <a href=\"https:\/\/visionstore.co.rs\/tribulus\/\">plod tribulus (lat. <em>Tribulus terrestris<\/em> )<\/a> , <a href=\"https:\/\/visionstore.co.rs\/cink-i-nase-zdravlje\/\">zinek<\/a> , <a href=\"https:\/\/visionstore.co.rs\/vitamin-e-2\/\">vitam\u00edny E<\/a> , PP, B1. <strong>Mno\u017estv\u00ed: 60 kapsl\u00ed<\/strong> <strong>\u010cist\u00e1 hmotnost: 37,62 g<\/strong><\/p>\n<table>\n<tbody>\n<tr>\n<td width=\"244\"><strong>AKTIVN\u00cd L\u00c1TKY:<\/strong><\/td>\n<td width=\"75\"><strong>2 kapsle (1,254 g)<\/strong><\/td>\n<td width=\"59\"><strong>%NRV*<\/strong><\/td>\n<\/tr>\n<tr>\n<td width=\"244\">Vitam\u00edn E<\/td>\n<td width=\"75\">15 mg <span style=\"font-size: 16px;\">\u03b1-<\/span> TE <strong>**<\/strong><\/td>\n<td width=\"59\">125 %<\/td>\n<\/tr>\n<tr>\n<td width=\"244\">Vitam\u00edn B1<\/td>\n<td width=\"75\">2,1 mg<\/td>\n<td width=\"59\">191 %<\/td>\n<\/tr>\n<tr>\n<td width=\"244\">Niacin<\/td>\n<td width=\"75\">17 mg NO <strong>***<\/strong><\/td>\n<td width=\"59\">106 %<\/td>\n<\/tr>\n<tr>\n<td width=\"244\">Zinek<\/td>\n<td width=\"75\">5 mg<\/td>\n<td width=\"59\">50%<\/td>\n<\/tr>\n<tr>\n<td width=\"244\">Such\u00fd extrakt ze stonku a list\u016f \u017een\u0161enu ( <em>Panax ginseng<\/em> ), standardizovan\u00fd na 5 % ginsenoid\u016f  <\/p>\n<ul>\n<li>toho ginsenoidu<\/li>\n<\/ul>\n<\/td>\n<td width=\"75\">200 mg  <\/p>\n<ul>\n<li>10 mg<\/li>\n<\/ul>\n<\/td>\n<td width=\"59\"><strong>****<\/strong><\/td>\n<\/tr>\n<tr>\n<td width=\"244\">Such\u00fd extrakt z oddenku z\u00e1zvoru ( <em>Zingiber officinale<\/em> ), 4:1<\/td>\n<td width=\"75\">190 mg<\/td>\n<td width=\"59\"><strong>****<\/strong><\/td>\n<\/tr>\n<tr>\n<td width=\"244\">Such\u00fd extrakt z listu ginkgo ( <em>Ginkgo biloba<\/em> ), standardizovan\u00fd na 24 % flavonoid\u016f a 6 % terpenick\u00fdch lakton\u016f  <\/p>\n<ul>\n<li>toho flavonoidu<\/li>\n<li>z toho terpenlaktony<\/li>\n<\/ul>\n<\/td>\n<td width=\"75\">80 mg  <\/p>\n<ul>\n<li>19,2 mg<\/li>\n<li>4,8 mg<\/li>\n<\/ul>\n<\/td>\n<td width=\"59\"><strong>****<\/strong><\/td>\n<\/tr>\n<tr>\n<td width=\"244\">Such\u00fd extrakt ze semen koly ( <em>Cola nitida, Cola acuminata<\/em> ), 5:1<\/td>\n<td width=\"75\">100 mg<\/td>\n<td width=\"59\"><strong>****<\/strong><\/td>\n<\/tr>\n<tr>\n<td width=\"244\">Such\u00fd extrakt z plod\u016f Tribulus terrestris standardizovan\u00fd na 40 % saponin\u016f  <\/p>\n<ul>\n<li>z toho steroidn\u00ed saponiny<\/li>\n<\/ul>\n<\/td>\n<td width=\"75\">400 mg  <\/p>\n<ul>\n<li>160 mg<\/li>\n<\/ul>\n<\/td>\n<td width=\"59\"><strong>****<\/strong><\/td>\n<\/tr>\n<\/tbody>\n<\/table>\n<p><strong>*<\/strong> NRV \u2013 nutri\u010dn\u00ed referen\u010dn\u00ed hodnota <strong>**<\/strong> TE = <span style=\"font-size: 16px;\">ekvivalent \u03b1-tokoferolu<\/span> <span style=\"font-size: 16px;\"><strong>***<\/strong> NE = ekvivalenty niacinu <strong>****<\/strong> \u2013 nutri\u010dn\u00ed referen\u010dn\u00ed hodnota nen\u00ed stanovena<\/span><\/p>\n","protected":false},"excerpt":{"rendered":"<ul>\n<li>Siln\u00e1 antioxida\u010dn\u00ed ochrana<\/li>\n<li>Podpora imunity<\/li>\n<li>Zvy\u0161uje potenci a zlep\u0161uje erekci.<\/li>\n<li>Zvy\u0161uje libido a stimuluje sexu\u00e1ln\u00ed aktivitu.<\/li>\n<li>P\u016fsob\u00ed na pos\u00edlen\u00ed organismu jako celku a m\u00e1 vitalizuj\u00edc\u00ed \u00fa\u010dinek.<\/li>\n<li>P\u0159isp\u00edv\u00e1 k pos\u00edlen\u00ed sexu\u00e1ln\u00ed vytrvalosti, obohacen\u00ed sexu\u00e1ln\u00edch pocit\u016f a prodlou\u017een\u00ed sexu\u00e1ln\u00edho aktu.<\/li>\n<\/ul>\n","protected":false},"featured_media":29047,"comment_status":"open","ping_status":"closed","template":"","meta":{"_acf_changed":false,"_uag_custom_page_level_css":"","site-sidebar-layout":"default","site-content-layout":"default","ast-site-content-layout":"default","site-content-style":"default","site-sidebar-style":"default","ast-global-header-display":"","ast-banner-title-visibility":"","ast-main-header-display":"","ast-hfb-above-header-display":"","ast-hfb-below-header-display":"","ast-hfb-mobile-header-display":"","site-post-title":"","ast-breadcrumbs-content":"","ast-featured-img":"","footer-sml-layout":"","ast-disable-related-posts":"","theme-transparent-header-meta":"default","adv-header-id-meta":"","stick-header-meta":"default","header-above-stick-meta":"","header-main-stick-meta":"","header-below-stick-meta":"","astra-migrate-meta-layouts":"default","ast-page-background-enabled":"default","ast-page-background-meta":{"desktop":{"background-color":"","background-image":"","background-repeat":"repeat","background-position":"center center","background-size":"auto","background-attachment":"scroll","background-type":"","background-media":"","overlay-type":"","overlay-color":"","overlay-opacity":"","overlay-gradient":""},"tablet":{"background-color":"","background-image":"","background-repeat":"repeat","background-position":"center center","background-size":"auto","background-attachment":"scroll","background-type":"","background-media":"","overlay-type":"","overlay-color":"","overlay-opacity":"","overlay-gradient":""},"mobile":{"background-color":"","background-image":"","background-repeat":"repeat","background-position":"center center","background-size":"auto","background-attachment":"scroll","background-type":"","background-media":"","overlay-type":"","overlay-color":"","overlay-opacity":"","overlay-gradient":""}},"ast-content-background-meta":{"desktop":{"background-color":"var(--ast-global-color-4)","background-image":"","background-repeat":"repeat","background-position":"center center","background-size":"auto","background-attachment":"scroll","background-type":"","background-media":"","overlay-type":"","overlay-color":"","overlay-opacity":"","overlay-gradient":""},"tablet":{"background-color":"var(--ast-global-color-4)","background-image":"","background-repeat":"repeat","background-position":"center center","background-size":"auto","background-attachment":"scroll","background-type":"","background-media":"","overlay-type":"","overlay-color":"","overlay-opacity":"","overlay-gradient":""},"mobile":{"background-color":"var(--ast-global-color-4)","background-image":"","background-repeat":"repeat","background-position":"center center","background-size":"auto","background-attachment":"scroll","background-type":"","background-media":"","overlay-type":"","overlay-color":"","overlay-opacity":"","overlay-gradient":""}}},"product_brand":[],"product_cat":[24],"product_tag":[],"class_list":{"0":"post-19059","1":"product","2":"type-product","3":"status-publish","4":"has-post-thumbnail","6":"product_cat-direct-hit","7":"desktop-align-center","8":"tablet-align-center","9":"mobile-align-center","10":"ast-product-gallery-layout-horizontal","11":"ast-product-tabs-layout-distributed","12":"ast-qv-on-image","14":"first","15":"instock","16":"taxable","17":"shipping-taxable","18":"purchasable","19":"product-type-simple"},"acf":[],"uagb_featured_image_src":{"full":["https:\/\/i0.wp.com\/visionstore.co.rs\/wp-content\/uploads\/2019\/12\/Stalon-Classic.png?fit=1024%2C1024&ssl=1",1024,1024,false],"thumbnail":["https:\/\/i0.wp.com\/visionstore.co.rs\/wp-content\/uploads\/2019\/12\/Stalon-Classic.png?resize=150%2C150&ssl=1",150,150,true],"medium":["https:\/\/i0.wp.com\/visionstore.co.rs\/wp-content\/uploads\/2019\/12\/Stalon-Classic.png?fit=300%2C300&ssl=1",300,300,true],"medium_large":["https:\/\/i0.wp.com\/visionstore.co.rs\/wp-content\/uploads\/2019\/12\/Stalon-Classic.png?fit=768%2C768&ssl=1",768,768,true],"large":["https:\/\/i0.wp.com\/visionstore.co.rs\/wp-content\/uploads\/2019\/12\/Stalon-Classic.png?fit=1024%2C1024&ssl=1",1024,1024,true],"1536x1536":["https:\/\/i0.wp.com\/visionstore.co.rs\/wp-content\/uploads\/2019\/12\/Stalon-Classic.png?fit=1024%2C1024&ssl=1",1024,1024,true],"2048x2048":["https:\/\/i0.wp.com\/visionstore.co.rs\/wp-content\/uploads\/2019\/12\/Stalon-Classic.png?fit=1024%2C1024&ssl=1",1024,1024,true],"mailpoet_newsletter_max":["https:\/\/i0.wp.com\/visionstore.co.rs\/wp-content\/uploads\/2019\/12\/Stalon-Classic.png?fit=1024%2C1024&ssl=1",1024,1024,true],"woocommerce_thumbnail":["https:\/\/i0.wp.com\/visionstore.co.rs\/wp-content\/uploads\/2019\/12\/Stalon-Classic.png?fit=900%2C900&ssl=1",900,900,true],"woocommerce_single":["https:\/\/i0.wp.com\/visionstore.co.rs\/wp-content\/uploads\/2019\/12\/Stalon-Classic.png?fit=1024%2C1024&ssl=1",1024,1024,true],"woocommerce_gallery_thumbnail":["https:\/\/i0.wp.com\/visionstore.co.rs\/wp-content\/uploads\/2019\/12\/Stalon-Classic.png?resize=100%2C100&ssl=1",100,100,true]},"uagb_author_info":{"display_name":"admin","author_link":"https:\/\/visionstore.co.rs\/cs\/author\/"},"uagb_comment_info":2,"uagb_excerpt":"Siln\u00e1 antioxida\u010dn\u00ed ochrana Podpora imunity Zvy\u0161uje potenci a zlep\u0161uje erekci. Zvy\u0161uje libido a stimuluje sexu\u00e1ln\u00ed aktivitu. P\u016fsob\u00ed na pos\u00edlen\u00ed organismu jako celku a m\u00e1 vitalizuj\u00edc\u00ed \u00fa\u010dinek. P\u0159isp\u00edv\u00e1 k pos\u00edlen\u00ed sexu\u00e1ln\u00ed vytrvalosti, obohacen\u00ed sexu\u00e1ln\u00edch pocit\u016f a prodlou\u017een\u00ed sexu\u00e1ln\u00edho aktu.","jetpack_sharing_enabled":true,"_links":{"self":[{"href":"https:\/\/visionstore.co.rs\/cs\/wp-json\/wp\/v2\/product\/19059","targetHints":{"allow":["GET"]}}],"collection":[{"href":"https:\/\/visionstore.co.rs\/cs\/wp-json\/wp\/v2\/product"}],"about":[{"href":"https:\/\/visionstore.co.rs\/cs\/wp-json\/wp\/v2\/types\/product"}],"replies":[{"embeddable":true,"href":"https:\/\/visionstore.co.rs\/cs\/wp-json\/wp\/v2\/comments?post=19059"}],"wp:featuredmedia":[{"embeddable":true,"href":"https:\/\/visionstore.co.rs\/cs\/wp-json\/wp\/v2\/media\/29047"}],"wp:attachment":[{"href":"https:\/\/visionstore.co.rs\/cs\/wp-json\/wp\/v2\/media?parent=19059"}],"wp:term":[{"taxonomy":"product_brand","embeddable":true,"href":"https:\/\/visionstore.co.rs\/cs\/wp-json\/wp\/v2\/product_brand?post=19059"},{"taxonomy":"product_cat","embeddable":true,"href":"https:\/\/visionstore.co.rs\/cs\/wp-json\/wp\/v2\/product_cat?post=19059"},{"taxonomy":"product_tag","embeddable":true,"href":"https:\/\/visionstore.co.rs\/cs\/wp-json\/wp\/v2\/product_tag?post=19059"}],"curies":[{"name":"wp","href":"https:\/\/api.w.org\/{rel}","templated":true}]}}