{"id":19068,"date":"2019-12-27T18:48:14","date_gmt":"2019-12-27T17:48:14","guid":{"rendered":"https:\/\/visionstore.co.rs\/product\/artum-classic\/"},"modified":"2025-05-26T12:07:55","modified_gmt":"2025-05-26T10:07:55","slug":"artum","status":"publish","type":"product","link":"https:\/\/visionstore.co.rs\/cs\/product\/artum\/","title":{"rendered":"Artum Classic"},"content":{"rendered":"<p><strong>Artum Classic<\/strong> obsahuje v\u0161echny pot\u0159ebn\u00e9 slo\u017eky pro zachov\u00e1n\u00ed zdrav\u00ed prostaty, pom\u00e1h\u00e1 zlep\u0161it funkci prostaty a jej\u00ed prokrven\u00ed, pod\u00edl\u00ed se na prevenci prostatitidy.<br \/>\nReguluje pr\u00e1ci endokrinn\u00edho syst\u00e9mu, zlep\u0161uje funkci prostaty a posiluje mu\u017esk\u00fd reproduk\u010dn\u00ed syst\u00e9m. Pom\u00e1h\u00e1 zklid\u0148ovat z\u00e1n\u011btliv\u00e9 procesy p\u0159i z\u00e1n\u011btech mo\u010dov\u00fdch cest, p\u0159edch\u00e1z\u00ed dysfunkci prostaty a siln\u011b p\u016fsob\u00ed v obdob\u00ed rekonvalescence po nemoci, pom\u00e1h\u00e1 tak\u00e9 v procesu normalizace hormon\u00e1ln\u00ed rovnov\u00e1hy a podporuje reproduk\u010dn\u00ed funkci mu\u017e\u016f.<\/p>\n<p>Bylinn\u00e9 slo\u017eky komplexu <strong>Artum Classic<\/strong> p\u016fsob\u00ed jako p\u0159\u00edrodn\u00ed stimul\u00e1tory, kter\u00e9 jsou schopny podporovat norm\u00e1ln\u00ed \u010dinnost prostaty a neust\u00e1lou sexu\u00e1ln\u00ed aktivitu mu\u017e\u016f. <strong>Plody zakrsl\u00e9 palmy<\/strong> stimuluj\u00ed pr\u00e1ci hormon\u00e1ln\u00edho syst\u00e9mu v\u010detn\u011b gon\u00e1d, zvy\u0161uj\u00ed potenci a maj\u00ed vitalizuj\u00edc\u00ed \u00fa\u010dinek na mu\u017eskou reproduk\u010dn\u00ed sf\u00e9ru. Tato rostlina p\u016fsob\u00ed protiz\u00e1n\u011btliv\u011b p\u0159i infekc\u00edch urogenit\u00e1ln\u00edho syst\u00e9mu, zabra\u0148uje hypertrofii prostaty a p\u0159isp\u00edv\u00e1 k pos\u00edlen\u00ed organismu po nemoci.<\/p>\n<p><strong>Kop\u0159iva<\/strong> m\u00e1 siln\u00fd imunostimula\u010dn\u00ed \u00fa\u010dinek. Jeho hlavn\u00ed v\u00fdhodou je lipidosteroidn\u00ed komplex. Zabra\u0148uje p\u0159em\u011bn\u011b testosteronu na dihydrotestosteron, co\u017e p\u0159isp\u00edv\u00e1 k r\u016fstu a zv\u011bt\u0161en\u00ed prostaty. Dihydrotestosteron v bu\u0148k\u00e1ch prostaty m\u016f\u017ee v\u00e9st k poru\u0161e pr\u016ftoku krve v prostat\u011b a zp\u016fsobit aseptick\u00fd z\u00e1n\u011btliv\u00fd proces, kter\u00fd n\u00e1sledn\u011b m\u016f\u017ee v\u00e9st k otoku prostaty a v d\u016fsledku toho k rozvoji jej\u00ed benign\u00ed hyperplazie .<\/p>\n<p>\u00da\u010dinn\u00e9 l\u00e1tky <strong>kop\u0159ivy<\/strong> nav\u00edc bojuj\u00ed s faktory reguluj\u00edc\u00edmi r\u016fst fibroblast\u016f, proto\u017ee tato rostlina p\u016fsob\u00ed velmi \u00fa\u010dinn\u011b preventivn\u011b proti adenomu prostaty.<\/p>\n<p>Drasl\u00edk, kter\u00fd je v <strong>d\u00fdni<\/strong>, pom\u016f\u017ee vypudit p\u0159ebyte\u010dnou tekutinu z t\u011bla. Urin\u00e1rn\u00ed \u00fa\u010dinek ale nen\u00ed jedin\u00fdm \u00fa\u010dinkem <strong>d\u00fdn\u011b<\/strong>. Zabra\u0148uje rozvoji pojivov\u00e9 tk\u00e1n\u011b v prostat\u011b, co\u017e je velmi d\u016fle\u017eit\u00e9 u <a href=\"https:\/\/visionstore.co.rs\/prostatitis\/\">adenom\u016f a prostatitidy<\/a>. Tento \u00fa\u010dinek je zp\u016fsoben <strong>zinkem<\/strong> obsa\u017een\u00fdm v <strong>d\u00fdni<\/strong>, kter\u00fd je tak\u00e9 samostatn\u011b p\u0159\u00edtomen v komplexu <strong>Artum Classic<\/strong> a je\u0161t\u011b v\u00edce zvy\u0161uje blahod\u00e1rn\u00fd \u00fa\u010dinek.<\/p>\n<p><strong>Zinek<\/strong> m\u00e1 znateln\u011b pozitivn\u00ed vliv na stav mu\u017esk\u00e9 sexu\u00e1ln\u00ed sf\u00e9ry. Je nutn\u00e9 podporovat reproduk\u010dn\u00ed funkce a p\u0159im\u011b\u0159en\u00e9 fungov\u00e1n\u00ed imunitn\u00edho syst\u00e9mu. <strong>Zinek<\/strong> je tak\u00e9 regul\u00e1torem hladiny mu\u017esk\u00fdch pohlavn\u00edch hormon\u016f a hraje d\u016fle\u017eitou roli v prevenci adenomu prostaty.<\/p>\n<p>Kombinace tak siln\u00fdch antioxidant\u016f, jako je <strong>vitam\u00edn E<\/strong> a <strong>beta-karoten<\/strong>, m\u00e1 siln\u00fd imunostimula\u010dn\u00ed a adaptogenn\u00ed \u00fa\u010dinek, kter\u00fd zabra\u0148uje p\u016fsoben\u00ed voln\u00fdch radik\u00e1l\u016f a sni\u017euje riziko infekc\u00ed v urogenit\u00e1ln\u00edm traktu. Tyto vitam\u00edny reguluj\u00ed <a href=\"https:\/\/visionstore.co.rs\/seksualna-disfunkcija-kod-muskaraca\/\">reproduk\u010dn\u00ed funkce a sexu\u00e1ln\u00ed potenci<\/a>, aktivn\u011b ovliv\u0148uj\u00ed metabolismus endogenn\u00edho testosteronu a podporuj\u00ed jeho synt\u00e9zu, udr\u017euj\u00ed biologick\u00e9 \u00fa\u010dinky na norm\u00e1ln\u00ed \u00farovni.<\/p>\n<ul>\n<li>Normalizuje funkci prostaty<\/li>\n<li>Podporuje proces normalizace hormon\u00e1ln\u00ed rovnov\u00e1hy u mu\u017e\u016f<\/li>\n<li>Podporuje sexu\u00e1ln\u00ed funkce u mu\u017e\u016f<\/li>\n<\/ul>\n<p>Doporu\u010duje se spole\u010dn\u011b s produktem <a href=\"https:\/\/visionstore.co.rs\/cs\/product\/stalon\/\">Stalon Classic<\/a> .<\/p>\n<p><strong>Slo\u017een\u00ed<\/strong> : <a href=\"https:\/\/visionstore.co.rs\/kopriva-mocan-afrodizijak\/\">kop\u0159iva (ko\u0159en) (lat. <em>Urtica dioica L.<\/em> )<\/a> , palma trpasli\u010d\u00ed (bobule) (lat. <em>Serenoa repens<\/em> ), <a href=\"https:\/\/visionstore.co.rs\/seme-bundeve\/\">d\u00fdn\u011b (semeno) (lat. <em>Cucurbita moschata<\/em> )<\/a> , <a href=\"https:\/\/visionstore.co.rs\/cink-i-nase-zdravlje\/\">zinek<\/a> , betakaroten, <a href=\"https:\/\/visionstore.co.rs\/vitamin-e-2\/\">vitam\u00edn E.<\/a><\/p>\n<p><strong>Mno\u017estv\u00ed: 60 kapsl\u00ed<\/strong><\/p>\n<p><strong>\u010cist\u00e1 hmotnost: 30 g<\/strong><\/p>\n<table width=\"408\">\n<tbody>\n<tr>\n<td width=\"205\"><strong>\u00da\u010cINN\u00c9 L\u00c1TKY:<\/strong><\/td>\n<td width=\"70\"><strong>2 kapsle<\/strong><br \/>\n<strong>(1000 mg)<\/strong><\/td>\n<td width=\"51\"><strong>%NRV*<\/strong><\/td>\n<\/tr>\n<tr>\n<td>Vitam\u00edn E<\/td>\n<td>8 mg \u03b1-TE**<\/td>\n<td>67%<\/td>\n<\/tr>\n<tr>\n<td>\u03b2-karoten<\/td>\n<td>5 mg<\/td>\n<td>**<\/td>\n<\/tr>\n<tr>\n<td>Zinek<\/td>\n<td>10 mg<\/td>\n<td>100%<\/td>\n<\/tr>\n<tr>\n<td>Such\u00fd extrakt z ko\u0159ene kop\u0159ivy<br \/>\n(<em>Urtica dioica L.<\/em>), 8:1<\/td>\n<td>350 mg<\/td>\n<td>**<\/td>\n<\/tr>\n<tr>\n<td>Such\u00fd extrakt Saw palmetto<br \/>\n(<em>Serenoa repens<\/em>), 4:l<\/td>\n<td>50 mg<\/td>\n<td>**<\/td>\n<\/tr>\n<tr>\n<td>Such\u00fd extrakt z d\u00fd\u0148ov\u00fdch sem\u00ednek<br \/>\n(<em>Cucurbita moschata<\/em>), l0:l<\/td>\n<td>50 mg<\/td>\n<td>**<\/td>\n<\/tr>\n<\/tbody>\n<\/table>\n<p><strong>*<\/strong>NRV &#8211; nutri\u010dn\u00ed referen\u010dn\u00ed hodnota<br \/>\n<strong>**<\/strong> &#8211; nutri\u010dn\u00ed referen\u010dn\u00ed hodnota nebyla stanovena<br \/>\n<strong>***<\/strong>\u03b1-TE=ekvivalent a-tokoferolu<\/p>\n","protected":false},"excerpt":{"rendered":"<p>\u2022 Normalizuje funkce prostaty.<br \/>\n\u2022 Odstra\u0148uje stagnuj\u00edc\u00ed procesy a regeneruje funkce prostaty.<br \/>\n\u2022 Odstra\u0148uje bolest a otoky, normalizuje mo\u010den\u00ed a obnovuje potenci.<br \/>\n\u2022 P\u016fsob\u00ed mo\u010dopudn\u011b a protiz\u00e1n\u011btliv\u011b a celkov\u011b posiluje organismus.<br \/>\n\u2022 Slou\u017e\u00ed k prevenci vzniku adenomu prostaty.<br \/>\n\u2022 Sni\u017euje riziko impotence.<br \/>\n\u2022 Normalizuje hladinu hormon\u016f a prodlu\u017euje mu\u017esk\u00e9 ml\u00e1d\u00ed.<\/p>\n","protected":false},"featured_media":29096,"comment_status":"open","ping_status":"closed","template":"","meta":{"_acf_changed":false,"_uag_custom_page_level_css":"","site-sidebar-layout":"default","site-content-layout":"default","ast-site-content-layout":"default","site-content-style":"default","site-sidebar-style":"default","ast-global-header-display":"","ast-banner-title-visibility":"","ast-main-header-display":"","ast-hfb-above-header-display":"","ast-hfb-below-header-display":"","ast-hfb-mobile-header-display":"","site-post-title":"","ast-breadcrumbs-content":"","ast-featured-img":"","footer-sml-layout":"","ast-disable-related-posts":"","theme-transparent-header-meta":"default","adv-header-id-meta":"","stick-header-meta":"default","header-above-stick-meta":"","header-main-stick-meta":"","header-below-stick-meta":"","astra-migrate-meta-layouts":"default","ast-page-background-enabled":"default","ast-page-background-meta":{"desktop":{"background-color":"","background-image":"","background-repeat":"repeat","background-position":"center center","background-size":"auto","background-attachment":"scroll","background-type":"","background-media":"","overlay-type":"","overlay-color":"","overlay-opacity":"","overlay-gradient":""},"tablet":{"background-color":"","background-image":"","background-repeat":"repeat","background-position":"center center","background-size":"auto","background-attachment":"scroll","background-type":"","background-media":"","overlay-type":"","overlay-color":"","overlay-opacity":"","overlay-gradient":""},"mobile":{"background-color":"","background-image":"","background-repeat":"repeat","background-position":"center center","background-size":"auto","background-attachment":"scroll","background-type":"","background-media":"","overlay-type":"","overlay-color":"","overlay-opacity":"","overlay-gradient":""}},"ast-content-background-meta":{"desktop":{"background-color":"var(--ast-global-color-4)","background-image":"","background-repeat":"repeat","background-position":"center center","background-size":"auto","background-attachment":"scroll","background-type":"","background-media":"","overlay-type":"","overlay-color":"","overlay-opacity":"","overlay-gradient":""},"tablet":{"background-color":"var(--ast-global-color-4)","background-image":"","background-repeat":"repeat","background-position":"center center","background-size":"auto","background-attachment":"scroll","background-type":"","background-media":"","overlay-type":"","overlay-color":"","overlay-opacity":"","overlay-gradient":""},"mobile":{"background-color":"var(--ast-global-color-4)","background-image":"","background-repeat":"repeat","background-position":"center center","background-size":"auto","background-attachment":"scroll","background-type":"","background-media":"","overlay-type":"","overlay-color":"","overlay-opacity":"","overlay-gradient":""}},"jetpack_post_was_ever_published":false},"product_brand":[],"product_cat":[361],"product_tag":[],"class_list":{"0":"post-19068","1":"product","2":"type-product","3":"status-publish","4":"has-post-thumbnail","6":"product_cat-direct-hit","7":"desktop-align-center","8":"tablet-align-center","9":"mobile-align-center","10":"ast-product-gallery-layout-horizontal","11":"ast-product-tabs-layout-distributed","12":"ast-qv-on-image","14":"first","15":"instock","16":"taxable","17":"shipping-taxable","18":"purchasable","19":"product-type-simple"},"acf":[],"uagb_featured_image_src":{"full":["https:\/\/i0.wp.com\/visionstore.co.rs\/wp-content\/uploads\/2019\/12\/Artum.png?fit=1024%2C1024&ssl=1",1024,1024,false],"thumbnail":["https:\/\/i0.wp.com\/visionstore.co.rs\/wp-content\/uploads\/2019\/12\/Artum.png?resize=150%2C150&ssl=1",150,150,true],"medium":["https:\/\/i0.wp.com\/visionstore.co.rs\/wp-content\/uploads\/2019\/12\/Artum.png?fit=300%2C300&ssl=1",300,300,true],"medium_large":["https:\/\/i0.wp.com\/visionstore.co.rs\/wp-content\/uploads\/2019\/12\/Artum.png?fit=768%2C768&ssl=1",768,768,true],"large":["https:\/\/i0.wp.com\/visionstore.co.rs\/wp-content\/uploads\/2019\/12\/Artum.png?fit=1024%2C1024&ssl=1",1024,1024,true],"1536x1536":["https:\/\/i0.wp.com\/visionstore.co.rs\/wp-content\/uploads\/2019\/12\/Artum.png?fit=1024%2C1024&ssl=1",1024,1024,true],"2048x2048":["https:\/\/i0.wp.com\/visionstore.co.rs\/wp-content\/uploads\/2019\/12\/Artum.png?fit=1024%2C1024&ssl=1",1024,1024,true],"mailpoet_newsletter_max":["https:\/\/i0.wp.com\/visionstore.co.rs\/wp-content\/uploads\/2019\/12\/Artum.png?fit=1024%2C1024&ssl=1",1024,1024,true],"woocommerce_thumbnail":["https:\/\/i0.wp.com\/visionstore.co.rs\/wp-content\/uploads\/2019\/12\/Artum.png?fit=900%2C900&ssl=1",900,900,true],"woocommerce_single":["https:\/\/i0.wp.com\/visionstore.co.rs\/wp-content\/uploads\/2019\/12\/Artum.png?fit=1024%2C1024&ssl=1",1024,1024,true],"woocommerce_gallery_thumbnail":["https:\/\/i0.wp.com\/visionstore.co.rs\/wp-content\/uploads\/2019\/12\/Artum.png?resize=100%2C100&ssl=1",100,100,true]},"uagb_author_info":{"display_name":"admin","author_link":"https:\/\/visionstore.co.rs\/cs\/author\/"},"uagb_comment_info":1,"uagb_excerpt":"\u2022 Normalizuje funkce prostaty. \u2022 Odstra\u0148uje stagnuj\u00edc\u00ed procesy a regeneruje funkce prostaty. \u2022 Odstra\u0148uje bolest a otoky, normalizuje mo\u010den\u00ed a obnovuje potenci. \u2022 P\u016fsob\u00ed mo\u010dopudn\u011b a protiz\u00e1n\u011btliv\u011b a celkov\u011b posiluje organismus. \u2022 Slou\u017e\u00ed k prevenci vzniku adenomu prostaty. \u2022 Sni\u017euje riziko impotence. \u2022 Normalizuje hladinu hormon\u016f a prodlu\u017euje mu\u017esk\u00e9 ml\u00e1d\u00ed.","jetpack_sharing_enabled":true,"_links":{"self":[{"href":"https:\/\/visionstore.co.rs\/cs\/wp-json\/wp\/v2\/product\/19068","targetHints":{"allow":["GET"]}}],"collection":[{"href":"https:\/\/visionstore.co.rs\/cs\/wp-json\/wp\/v2\/product"}],"about":[{"href":"https:\/\/visionstore.co.rs\/cs\/wp-json\/wp\/v2\/types\/product"}],"replies":[{"embeddable":true,"href":"https:\/\/visionstore.co.rs\/cs\/wp-json\/wp\/v2\/comments?post=19068"}],"wp:featuredmedia":[{"embeddable":true,"href":"https:\/\/visionstore.co.rs\/cs\/wp-json\/wp\/v2\/media\/29096"}],"wp:attachment":[{"href":"https:\/\/visionstore.co.rs\/cs\/wp-json\/wp\/v2\/media?parent=19068"}],"wp:term":[{"taxonomy":"product_brand","embeddable":true,"href":"https:\/\/visionstore.co.rs\/cs\/wp-json\/wp\/v2\/product_brand?post=19068"},{"taxonomy":"product_cat","embeddable":true,"href":"https:\/\/visionstore.co.rs\/cs\/wp-json\/wp\/v2\/product_cat?post=19068"},{"taxonomy":"product_tag","embeddable":true,"href":"https:\/\/visionstore.co.rs\/cs\/wp-json\/wp\/v2\/product_tag?post=19068"}],"curies":[{"name":"wp","href":"https:\/\/api.w.org\/{rel}","templated":true}]}}