{"id":19079,"date":"2019-12-27T18:39:22","date_gmt":"2019-12-27T17:39:22","guid":{"rendered":"https:\/\/visionstore.co.rs\/product\/ursul-classic\/"},"modified":"2025-09-11T11:05:53","modified_gmt":"2025-09-11T09:05:53","slug":"ursul","status":"publish","type":"product","link":"https:\/\/visionstore.co.rs\/cs\/product\/ursul\/","title":{"rendered":"Ursul Classic"},"content":{"rendered":"<p><strong>Ursul Classic<\/strong> je jedine\u010dn\u00fd dopln\u011bk v\u00fd\u017eivy k prevenci infekc\u00ed v pohlavn\u00edm syst\u00e9mu. Tento komplex pom\u00e1h\u00e1 t\u011blu bojovat proti z\u00e1n\u011btliv\u00fdm proces\u016fm a posiluje imunitu.<\/p>\n<p>Zabra\u0148uje tvorb\u011b kamen\u016f v ledvin\u00e1ch a mo\u010dov\u00e9m m\u011bch\u00fd\u0159i. <strong>\u010cert\u016fv dr\u00e1p<\/strong> se pod\u00edl\u00ed na prevenci \u0159ady onemocn\u011bn\u00ed mo\u010dov\u00fdch cest. Jeho ko\u0159en obsahuje komplex \u00fa\u010dinn\u00fdch l\u00e1tek, kter\u00e9 sni\u017euj\u00ed stupe\u0148 kyselosti mo\u010di v krevn\u00edm s\u00e9ru, d\u00e1le \u00fa\u010dinn\u011b p\u016fsob\u00ed na bakterie zp\u016fsobuj\u00edc\u00ed urologick\u00e9 infekce, zlep\u0161uje diur\u00e9zu.<\/p>\n<p><strong>Ursul Classic<\/strong> obsahuje unik\u00e1tn\u00ed mikro\u017eiviny, jako je ko\u0159en \u010f\u00e1belsk\u00e9ho dr\u00e1pu, list medv\u011bdice, glukon\u00e1t m\u011b\u010fnat\u00fd, \u010desnek, echinacea nachov\u00e1 a divok\u00e9 oregano&#8230;<br \/>\nPodporuj\u00ed ni\u010den\u00ed patogenn\u00ed mikrofl\u00f3ry, zm\u00edr\u0148uj\u00ed z\u00e1n\u011btliv\u00e9 procesy, pom\u00e1haj\u00ed imunitn\u00edmu syst\u00e9mu bojovat s infekc\u00ed&#8230;<\/p>\n<ul>\n<li>Sni\u017euje riziko onemocn\u011bn\u00ed mo\u010dov\u00fdch cest<\/li>\n<li>M\u00e1 preventivn\u00ed roli z hlediska vzniku patogenn\u00ed mikrofl\u00f3ry<\/li>\n<li>Pom\u00e1h\u00e1 t\u011blu bojovat proti z\u00e1n\u011btliv\u00fdm proces\u016fm, posiluje imunitu<\/li>\n<li>Zabra\u0148uje proces\u016fm tvorby kamen\u016f v ledvin\u00e1ch a mo\u010dov\u00e9m m\u011bch\u00fd\u0159i<\/li>\n<li>M\u00e1 anthelmintick\u00fd \u00fa\u010dinek na t\u011blo<\/li>\n<li>P\u016fsob\u00ed proti Escherichia coli, Candida, Streptococcus, Enterococcus, Staphylococcus, Salmonella&#8230;<\/li>\n<\/ul>\n<p>Podle statistik se ka\u017ed\u00fd mu\u017e po 40. roce \u017eivota m\u016f\u017ee st\u00e1t ob\u011bt\u00ed n\u011bjak\u00e9 nemoci urogenit\u00e1ln\u00edho syst\u00e9mu: prostatitida, impotence, neplodnost&#8230; P\u0159\u00ed\u010dinou t\u011bchto onemocn\u011bn\u00ed je infekce urogenit\u00e1ln\u00edho traktu patogenn\u00edmi bakteriemi.<\/p>\n<p>Infekce mo\u010dov\u00e9ho syst\u00e9mu u mu\u017e\u016f nejsou vz\u00e1cn\u00e9. Riziko infekce se zna\u010dn\u011b zvy\u0161uje nejen kv\u016fli oslaben\u00ed imunity. Nepravideln\u00fd nebo nedbal\u00fd sexu\u00e1ln\u00ed \u017eivot a pr\u00e1ce, kter\u00e9 zahrnuj\u00ed sezen\u00ed, mohou tak\u00e9 usnadnit infek\u010dn\u00ed cesty.<\/p>\n<p>Nav\u00edc do rizikov\u00e9 skupiny pat\u0159\u00ed mu\u017ei s chronick\u00fdm z\u00e1n\u011btem kr\u010dn\u00edch mandl\u00ed \u010di dutin, kdy m\u016f\u017ee infekce krv\u00ed zas\u00e1hnout urogenit\u00e1ln\u00ed syst\u00e9m. Pak u\u017e byly \u00fatoky nevyhnuteln\u00e9.<\/p>\n<p>Nep\u0159\u00edjemn\u00e9 pocity v perine\u00e1ln\u00ed oblasti, siln\u00e1 bolest a pocit p\u00e1len\u00ed pos\u00edlaj\u00ed k urologovi i ty nejodoln\u011bj\u0161\u00ed z\u00e1stupce siln\u011bj\u0161\u00edho pohlav\u00ed. Pokud jste ale poc\u00edtili p\u0159\u00edznaky infekce poprv\u00e9, bohu\u017eel v\u00e1m to nezaru\u010duje \u00faplnou ochranu p\u0159ed bakteriemi a onemocn\u011bn\u00ed se m\u016f\u017ee znovu vr\u00e1tit. Jak\u00e1koli infekce se m\u016f\u017ee opakovat. \u010casem a zku\u0161enostmi statis\u00edc\u016f mu\u017e\u016f je p\u0159\u00edrodn\u00ed produkt <strong>Ursul Classic<\/strong> \u00fa\u010dinn\u00fdm a bezpe\u010dn\u00fdm prost\u0159edkem k prevenci probl\u00e9m\u016f souvisej\u00edc\u00edch s mo\u010dov\u00fdm \u00fastroj\u00edm. Harmonick\u00e1 kombinace jedine\u010dn\u00fdch mikro\u017eivin d\u011bl\u00e1 <strong>Ursul Classic<\/strong> nenahraditeln\u00fdm produktem pro z\u00e1stupce siln\u011bj\u0161\u00edho pohlav\u00ed, umo\u017e\u0148uje mu\u017e\u016fm bojovat proti z\u00e1n\u011btliv\u00fdm a infek\u010dn\u00edm onemocn\u011bn\u00edm urogenit\u00e1ln\u00ed sf\u00e9ry a tak\u00e9 posilovat imunitu. \u00dasp\u011b\u0161n\u011b bojuje proti vir\u016fm, pl\u00eds\u0148ov\u00fdm infekc\u00edm, bakteri\u00edm, kter\u00e9 vyvol\u00e1vaj\u00ed onemocn\u011bn\u00ed, jako je prostatitida a uretritida.<\/p>\n<p>Rostlinn\u00e9 slo\u017eky a miner\u00e1ly komplexu <strong>Ursul Classic<\/strong> podporuj\u00ed zdrav\u00ed mu\u017esk\u00e9ho urologick\u00e9ho syst\u00e9mu a spol\u00e9haj\u00ed na t\u0159i v\u011bci: aktivitu proti patogenn\u00edm vir\u016fm, bakteri\u00edm, pl\u00edsn\u00edm a parazit\u016fm, bezpe\u010dnou prevenci proti r\u016fzn\u00fdm onemocn\u011bn\u00edm urogenit\u00e1ln\u00edho syst\u00e9mu a silnou imunitu.<\/p>\n<p>Baktericidn\u00ed aktivitu demonstruje \u201ezlat\u00e9 trio\u201c komplexu <strong>Ursul Classic<\/strong> \u2013 v\u00fdta\u017eek <strong>z cibulek \u010desneku<\/strong> , v\u00fdta\u017eek <strong>z divok\u00e9ho oregana<\/strong> a <strong>glukon\u00e1t m\u011b\u010fnat\u00fd<\/strong> , kter\u00e9 blokuj\u00ed reprodukci \u0161kodliv\u00fdch parazit\u016f, vir\u016f a pl\u00edsn\u00ed. <strong>\u010cesnek<\/strong> je od po\u010d\u00e1tku historie zn\u00e1m jako jedno z nejsiln\u011bj\u0161\u00edch p\u0159\u00edrodn\u00edch antibiotik \u2013 ni\u010d\u00ed nej\u0161ir\u0161\u00ed spektrum bakteri\u00ed, kter\u00e9 napadaj\u00ed lidsk\u00fd organismus, v\u00fdrazn\u011b zvy\u0161uje specifickou ochranu organismu. \u00da\u010dinek zesiluje <strong>divok\u00e9 oregano<\/strong>, kter\u00e9 m\u00e1 tak\u00e9 protiz\u00e1n\u011btliv\u00e9 a vysoce v\u00fdrazn\u00e9 baktericidn\u00ed vlastnosti. <b>Prokazateln\u011b \u00fa\u010dinn\u00e1 proti Escherichia coli, Candida, Streptococcus, Enterococcus, Staphylococcus, Salmonella&#8230;<\/b> D\u00edky antiseptick\u00e9mu \u00fa\u010dinku <strong>m\u011bdi<\/strong> m\u016f\u017ee mu\u017esk\u00e9 t\u011blo bojovat s infek\u010dn\u00edmi nemocemi, v\u010detn\u011b t\u011bch zp\u016fsoben\u00fdch viry.<\/p>\n<p><strong>Uva ursi<\/strong> je tak\u00e9 zn\u00e1m\u00e1 pro sv\u00e9 antimikrobi\u00e1ln\u00ed vlastnosti. Jeho \u00fa\u010dinn\u00e9 l\u00e1tky zabra\u0148uj\u00ed r\u016fstu a mno\u017een\u00ed p\u016fvodce urologick\u00fdch infekc\u00ed. \u0158ada mikroorganism\u016f, jako jsou streptokoky, vykazuje velkou citlivost na komplex biologicky aktivn\u00edch slou\u010denin rostliny <strong>Uva Ursi<\/strong>. Rostlina se tak\u00e9 vyzna\u010duje siln\u00fdm antibakteri\u00e1ln\u00edm \u00fa\u010dinkem proti mikrobakteri\u00edm tuberkul\u00f3zy.<\/p>\n<p><strong>Ko\u0159en \u010dertova dr\u00e1pu<\/strong> tak\u00e9 poskytuje bezpe\u010dnou prevenci proti r\u016fzn\u00fdm onemocn\u011bn\u00edm urogenit\u00e1ln\u00ed sf\u00e9ry. L\u00e9\u010div\u00e9 l\u00e1tky nach\u00e1zej\u00edc\u00ed se v ko\u0159eni t\u00e9to rostliny sni\u017euj\u00ed hladinu kyseliny mo\u010dov\u00e9 v krevn\u00edm s\u00e9ru, p\u016fsob\u00ed mo\u010dopudn\u011b a analgeticky a pou\u017e\u00edvaj\u00ed se p\u0159i l\u00e9\u010db\u011b mo\u010dov\u00e9ho m\u011bch\u00fd\u0159e a mo\u010dov\u00fdch cest.<\/p>\n<p>Chr\u00e1nit t\u011blo p\u0159ed mno\u017een\u00edm bakteri\u00ed a vir\u016f, kter\u00e9 zp\u016fsobuj\u00ed onemocn\u011bn\u00ed, je nemo\u017en\u00e9, pokud je imunitn\u00ed syst\u00e9m oslaben\u00fd.<br \/>\nSiln\u00e1 imunita, siln\u00e1 antioxida\u010dn\u00ed ochrana t\u011bla, kter\u00e1 stimuluje jeho ochrann\u00e9 s\u00edly p\u0159i stafylokokov\u00fdch a streptokokov\u00fdch infekc\u00edch, ch\u0159ipce, herpesu a dal\u0161\u00edch infek\u010dn\u00edch onemocn\u011bn\u00edch \u2013 to v\u0161e zaji\u0161\u0165uje <strong>m\u011b\u010f a echinacea nachov\u00e1<\/strong>.<\/p>\n<p>Mno\u017estv\u00edm a kvalitou biologicky aktivn\u00edch l\u00e1tek ovliv\u0148uj\u00edc\u00edch zdrav\u00ed \u010dlov\u011bka se s <strong>echinaceou<\/strong> mnoho l\u00e9\u010div\u00fdch rostlin nevyrovn\u00e1. Obsahuje esenci\u00e1ln\u00ed oleje, alkaloidy, organick\u00e9 kyseliny, fenolick\u00e9 slou\u010deniny, polysacharidy a miner\u00e1ly, kter\u00e9 vykazuj\u00ed siln\u00e9 baktericidn\u00ed vlastnosti a posiluj\u00ed imunitu. <strong>Echinacea<\/strong> nejen zvy\u0161uje adaptogenn\u00ed schopnosti organismu, ale tak\u00e9 posiluje sexu\u00e1ln\u00ed potenci u mu\u017e\u016f.<\/p>\n<p>Pod\u00edvejte se tak\u00e9 na n\u00e1\u0161 del\u0161\u00ed \u010dl\u00e1nek o produktu <a href=\"https:\/\/visionstore.co.rs\/ursul-moj-imunitet-je-moja-tvrdjava\/\">Ursul Classic<\/a><\/p>\n<p><strong>Slo\u017een\u00ed:<\/strong> <a href=\"https:\/\/visionstore.co.rs\/davolja-kandza\/\">\u010dert\u016fv dr\u00e1p (lat. <em>Harpagophytum procumbens<\/em> )<\/a> , <a href=\"https:\/\/visionstore.co.rs\/medvede-grozde\/\">medv\u011bd\u00ed r\u00e9va (lat. <em>Arctostaphylos uva-ursi<\/em> )<\/a> , <a href=\"https:\/\/visionstore.co.rs\/ehinacea-lat-echinacea-purpurea\/\">echinacea nachov\u00e1 (lat. <em>Echinacea purpurea<\/em> )<\/a> , <a href=\"https:\/\/visionstore.co.rs\/ursul-moj-imunitet-je-moja-tvrdjava\/\">\u010desnek (lat. Allium sativum)<\/a> , <a href=\"https:\/\/visionstore.co.rs\/ursul-moj-imunitet-je-moja-tvrdjava\/\">oregano divok\u00e9 (lat. <em>Origanum minutiflorum<\/em> )<\/a> II)-glukon\u00e1t.<\/p>\n<p><strong>Mno\u017estv\u00ed: 60 kapsl\u00ed<\/strong><\/p>\n<p><strong>\u010cist\u00e1 hmotnost: 29 g<\/strong><\/p>\n<table>\n<tbody>\n<tr>\n<td width=\"285\"><strong>\u00da\u010cINN\u00c9 L\u00c1TKY:<\/strong><\/td>\n<td width=\"79\"><strong>1 kapsle<\/strong><\/td>\n<td width=\"79\"><strong>4 kapsle<\/strong><\/td>\n<td width=\"79\"><strong>NRV*<\/strong><\/td>\n<\/tr>\n<tr>\n<td width=\"285\">extrakt z ko\u0159ene \u010f\u00e1belsk\u00e9ho dr\u00e1pu<br \/>\n(<em>Harpagophytum procumbens<\/em>) 3-4:1<\/td>\n<td width=\"79\">63,3 mg<\/td>\n<td width=\"83\">253,3 mg<\/td>\n<td width=\"83\">**<\/td>\n<\/tr>\n<tr>\n<td width=\"285\">Extrakt z list\u016f Uva Ursi<br \/>\n(<em>Arctostaphylos uva-ursi<\/em>) 4:1<\/td>\n<td width=\"79\">12,5 mg<\/td>\n<td width=\"83\">50 mg<\/td>\n<td width=\"83\">**<\/td>\n<\/tr>\n<tr>\n<td width=\"285\">Extrakt z ko\u0159ene Echinacea<br \/>\n(<em>Echinacea purpurea<\/em>) 4:1<\/td>\n<td width=\"79\">12,5 mg<\/td>\n<td width=\"83\">50 mg<\/td>\n<td width=\"83\">**<\/td>\n<\/tr>\n<tr>\n<td width=\"285\">extrakt z divok\u00e9ho oregana<br \/>\n(<em>Origanum minutiflorum<\/em>) 4:1<\/td>\n<td width=\"79\">12,5 mg<\/td>\n<td width=\"83\">50 mg<\/td>\n<td width=\"83\">**<\/td>\n<\/tr>\n<tr>\n<td width=\"285\">extrakt z cibule \u010desneku<br \/>\n(<em>Allium sativum<\/em>) 10:1<\/td>\n<td width=\"79\">5 mg<\/td>\n<td width=\"83\">20 mg<\/td>\n<td width=\"83\">**<\/td>\n<\/tr>\n<tr>\n<td width=\"285\">glukon\u00e1t m\u011b\u010fnat\u00fd<\/td>\n<td width=\"79\">0,06 mg<\/td>\n<td width=\"83\">0,25 mg<\/td>\n<td width=\"83\">6-25%<\/td>\n<\/tr>\n<\/tbody>\n<\/table>\n<p>*NRV &#8211; nutri\u010dn\u00ed referen\u010dn\u00ed hodnota<br \/>\n** &#8211; nutri\u010dn\u00ed referen\u010dn\u00ed hodnota nebyla stanovena<\/p>\n","protected":false},"excerpt":{"rendered":"<p>\u2022 P\u0159edch\u00e1z\u00ed onemocn\u011bn\u00edm urogenit\u00e1ln\u00edho syst\u00e9mu.<br \/>\n\u2022 P\u016fsob\u00ed baktericidn\u011b a protiz\u00e1n\u011btliv\u011b.<br \/>\n\u2022 Zabra\u0148uje r\u016fstu a mno\u017een\u00ed patogenn\u00edch bakteri\u00ed, vir\u016f a pl\u00edsn\u00ed.<br \/>\n\u2022 Sni\u017euje riziko infek\u010dn\u00edch onemocn\u011bn\u00ed urogenit\u00e1ln\u00edho traktu, zabra\u0148uje rozvoji chronick\u00fdch onemocn\u011bn\u00ed.<br \/>\n\u2022 Sni\u017euje riziko pohlavn\u011b p\u0159enosn\u00fdch chorob.<br \/>\n\u2022 Posiluje imunitu a adapta\u010dn\u00ed schopnosti organismu.<br \/>\n\u2022 P\u016fsob\u00ed proti Escherichia coli, Candida, Streptococcus, Enterococcus, Staphylococcus, Salmonella&#8230;<\/p>\n","protected":false},"featured_media":29068,"comment_status":"open","ping_status":"closed","template":"","meta":{"_acf_changed":false,"_uag_custom_page_level_css":"","site-sidebar-layout":"default","site-content-layout":"default","ast-site-content-layout":"default","site-content-style":"default","site-sidebar-style":"default","ast-global-header-display":"","ast-banner-title-visibility":"","ast-main-header-display":"","ast-hfb-above-header-display":"","ast-hfb-below-header-display":"","ast-hfb-mobile-header-display":"","site-post-title":"","ast-breadcrumbs-content":"","ast-featured-img":"","footer-sml-layout":"","ast-disable-related-posts":"","theme-transparent-header-meta":"default","adv-header-id-meta":"","stick-header-meta":"default","header-above-stick-meta":"","header-main-stick-meta":"","header-below-stick-meta":"","astra-migrate-meta-layouts":"default","ast-page-background-enabled":"default","ast-page-background-meta":{"desktop":{"background-color":"","background-image":"","background-repeat":"repeat","background-position":"center center","background-size":"auto","background-attachment":"scroll","background-type":"","background-media":"","overlay-type":"","overlay-color":"","overlay-opacity":"","overlay-gradient":""},"tablet":{"background-color":"","background-image":"","background-repeat":"repeat","background-position":"center center","background-size":"auto","background-attachment":"scroll","background-type":"","background-media":"","overlay-type":"","overlay-color":"","overlay-opacity":"","overlay-gradient":""},"mobile":{"background-color":"","background-image":"","background-repeat":"repeat","background-position":"center center","background-size":"auto","background-attachment":"scroll","background-type":"","background-media":"","overlay-type":"","overlay-color":"","overlay-opacity":"","overlay-gradient":""}},"ast-content-background-meta":{"desktop":{"background-color":"var(--ast-global-color-4)","background-image":"","background-repeat":"repeat","background-position":"center center","background-size":"auto","background-attachment":"scroll","background-type":"","background-media":"","overlay-type":"","overlay-color":"","overlay-opacity":"","overlay-gradient":""},"tablet":{"background-color":"var(--ast-global-color-4)","background-image":"","background-repeat":"repeat","background-position":"center center","background-size":"auto","background-attachment":"scroll","background-type":"","background-media":"","overlay-type":"","overlay-color":"","overlay-opacity":"","overlay-gradient":""},"mobile":{"background-color":"var(--ast-global-color-4)","background-image":"","background-repeat":"repeat","background-position":"center center","background-size":"auto","background-attachment":"scroll","background-type":"","background-media":"","overlay-type":"","overlay-color":"","overlay-opacity":"","overlay-gradient":""}},"jetpack_post_was_ever_published":false},"product_brand":[],"product_cat":[361],"product_tag":[],"class_list":{"0":"post-19079","1":"product","2":"type-product","3":"status-publish","4":"has-post-thumbnail","6":"product_cat-direct-hit","7":"desktop-align-center","8":"tablet-align-center","9":"mobile-align-center","10":"ast-product-gallery-layout-horizontal","11":"ast-product-tabs-layout-distributed","12":"ast-qv-on-image","14":"first","15":"instock","16":"taxable","17":"shipping-taxable","18":"purchasable","19":"product-type-simple"},"acf":[],"uagb_featured_image_src":{"full":["https:\/\/i0.wp.com\/visionstore.co.rs\/wp-content\/uploads\/2019\/12\/Ursul-Classic.png?fit=1024%2C1024&ssl=1",1024,1024,false],"thumbnail":["https:\/\/i0.wp.com\/visionstore.co.rs\/wp-content\/uploads\/2019\/12\/Ursul-Classic.png?resize=150%2C150&ssl=1",150,150,true],"medium":["https:\/\/i0.wp.com\/visionstore.co.rs\/wp-content\/uploads\/2019\/12\/Ursul-Classic.png?fit=300%2C300&ssl=1",300,300,true],"medium_large":["https:\/\/i0.wp.com\/visionstore.co.rs\/wp-content\/uploads\/2019\/12\/Ursul-Classic.png?fit=768%2C768&ssl=1",768,768,true],"large":["https:\/\/i0.wp.com\/visionstore.co.rs\/wp-content\/uploads\/2019\/12\/Ursul-Classic.png?fit=1024%2C1024&ssl=1",1024,1024,true],"1536x1536":["https:\/\/i0.wp.com\/visionstore.co.rs\/wp-content\/uploads\/2019\/12\/Ursul-Classic.png?fit=1024%2C1024&ssl=1",1024,1024,true],"2048x2048":["https:\/\/i0.wp.com\/visionstore.co.rs\/wp-content\/uploads\/2019\/12\/Ursul-Classic.png?fit=1024%2C1024&ssl=1",1024,1024,true],"mailpoet_newsletter_max":["https:\/\/i0.wp.com\/visionstore.co.rs\/wp-content\/uploads\/2019\/12\/Ursul-Classic.png?fit=1024%2C1024&ssl=1",1024,1024,true],"woocommerce_thumbnail":["https:\/\/i0.wp.com\/visionstore.co.rs\/wp-content\/uploads\/2019\/12\/Ursul-Classic.png?fit=900%2C900&ssl=1",900,900,true],"woocommerce_single":["https:\/\/i0.wp.com\/visionstore.co.rs\/wp-content\/uploads\/2019\/12\/Ursul-Classic.png?fit=1024%2C1024&ssl=1",1024,1024,true],"woocommerce_gallery_thumbnail":["https:\/\/i0.wp.com\/visionstore.co.rs\/wp-content\/uploads\/2019\/12\/Ursul-Classic.png?resize=100%2C100&ssl=1",100,100,true]},"uagb_author_info":{"display_name":"admin","author_link":"https:\/\/visionstore.co.rs\/cs\/author\/"},"uagb_comment_info":2,"uagb_excerpt":"\u2022 P\u0159edch\u00e1z\u00ed onemocn\u011bn\u00edm urogenit\u00e1ln\u00edho syst\u00e9mu. \u2022 P\u016fsob\u00ed baktericidn\u011b a protiz\u00e1n\u011btliv\u011b. \u2022 Zabra\u0148uje r\u016fstu a mno\u017een\u00ed patogenn\u00edch bakteri\u00ed, vir\u016f a pl\u00edsn\u00ed. \u2022 Sni\u017euje riziko infek\u010dn\u00edch onemocn\u011bn\u00ed urogenit\u00e1ln\u00edho traktu, zabra\u0148uje rozvoji chronick\u00fdch onemocn\u011bn\u00ed. \u2022 Sni\u017euje riziko pohlavn\u011b p\u0159enosn\u00fdch chorob. \u2022 Posiluje imunitu a adapta\u010dn\u00ed schopnosti organismu. \u2022 P\u016fsob\u00ed proti Escherichia coli, Candida, Streptococcus, Enterococcus, Staphylococcus, Salmonella...","jetpack_sharing_enabled":true,"_links":{"self":[{"href":"https:\/\/visionstore.co.rs\/cs\/wp-json\/wp\/v2\/product\/19079","targetHints":{"allow":["GET"]}}],"collection":[{"href":"https:\/\/visionstore.co.rs\/cs\/wp-json\/wp\/v2\/product"}],"about":[{"href":"https:\/\/visionstore.co.rs\/cs\/wp-json\/wp\/v2\/types\/product"}],"replies":[{"embeddable":true,"href":"https:\/\/visionstore.co.rs\/cs\/wp-json\/wp\/v2\/comments?post=19079"}],"wp:featuredmedia":[{"embeddable":true,"href":"https:\/\/visionstore.co.rs\/cs\/wp-json\/wp\/v2\/media\/29068"}],"wp:attachment":[{"href":"https:\/\/visionstore.co.rs\/cs\/wp-json\/wp\/v2\/media?parent=19079"}],"wp:term":[{"taxonomy":"product_brand","embeddable":true,"href":"https:\/\/visionstore.co.rs\/cs\/wp-json\/wp\/v2\/product_brand?post=19079"},{"taxonomy":"product_cat","embeddable":true,"href":"https:\/\/visionstore.co.rs\/cs\/wp-json\/wp\/v2\/product_cat?post=19079"},{"taxonomy":"product_tag","embeddable":true,"href":"https:\/\/visionstore.co.rs\/cs\/wp-json\/wp\/v2\/product_tag?post=19079"}],"curies":[{"name":"wp","href":"https:\/\/api.w.org\/{rel}","templated":true}]}}