{"id":19133,"date":"2019-12-27T18:47:25","date_gmt":"2019-12-27T17:47:25","guid":{"rendered":"https:\/\/visionstore.co.rs\/product\/safe2see-classic\/"},"modified":"2024-07-17T15:53:11","modified_gmt":"2024-07-17T13:53:11","slug":"safe2see-classic","status":"publish","type":"product","link":"https:\/\/visionstore.co.rs\/cs\/product\/safe2see-classic\/","title":{"rendered":"Safe2See Classic"},"content":{"rendered":"<p><strong>Safe2See Classic<\/strong> je bioaktivn\u00ed dopln\u011bk v\u00fd\u017eivy, kter\u00fd obsahuje nejd\u016fle\u017eit\u011bj\u0161\u00ed vitam\u00edny pro zrakov\u00e9 org\u00e1ny a mikroprvky, kter\u00e9 zaji\u0161\u0165uj\u00ed jejich ochranu za nep\u0159\u00edjemn\u00fdch okolnost\u00ed. Posiluje zrak v situac\u00edch velk\u00e9ho pracovn\u00edho vyt\u00ed\u017een\u00ed, stresov\u00fdch situac\u00ed.<\/p>\n<p><strong>Safe2See Classic<\/strong> zlep\u0161uje p\u0159esnost vn\u00edm\u00e1n\u00ed, sni\u017euje mo\u017enost syndromu \u00fanavy o\u010d\u00ed a sni\u017euje riziko rozvoje r\u016fzn\u00fdch o\u010dn\u00edch patologi\u00ed.<br \/>\nAktivn\u00ed slo\u017eky, jako je <strong>zinek<\/strong>, <strong>mangan<\/strong>, <strong>selen<\/strong>, stejn\u011b jako <strong>vitam\u00edny E, C a skupina B<\/strong>, podporuj\u00ed \u010dinnost s\u00edtnice oka. D\u00edky p\u0159\u00edtomnosti flavonoid\u016f v bobul\u00edch <strong>bor\u016fvky<\/strong> p\u0159\u00edzniv\u011b ovliv\u0148uje stav kardiovaskul\u00e1rn\u00edho syst\u00e9mu org\u00e1n\u016f zraku. <strong>M\u011b\u010f<\/strong>, <strong>zinek<\/strong> a <strong>mangan<\/strong> jsou miner\u00e1ly-antioxidanty, kter\u00e9 chr\u00e1n\u00ed o\u010dn\u00ed sliznici p\u0159ed z\u00e1\u0159en\u00edm dom\u00e1c\u00edch spot\u0159ebi\u010d\u016f a nadm\u011brnou n\u00e1mahou a pom\u00e1haj\u00ed zachovat dobr\u00fd zrak.<\/p>\n<ul>\n<li>Pom\u00e1h\u00e1 zlep\u0161it vid\u011bn\u00ed<\/li>\n<li>Zabra\u0148uje oslaben\u00ed a atrofii o\u010dn\u00edch sval\u016f<\/li>\n<li>Pom\u00e1h\u00e1 zvy\u0161ovat zrakovou ostrost<\/li>\n<li>Pom\u00e1h\u00e1 p\u0159edch\u00e1zet riziku zm\u011bn zraku souvisej\u00edc\u00edch s v\u011bkem<\/li>\n<\/ul>\n<p><strong>Bor\u016fvka<\/strong> zlep\u0161uje zrakovou ostrost a slou\u017e\u00ed tak k ochran\u011b zraku. \u00da\u010dinn\u00e9 l\u00e1tky <strong>bor\u016fvky<\/strong> urychluj\u00ed regeneraci tk\u00e1n\u011b s\u00edtnice, zlep\u0161uj\u00ed krevn\u00ed ob\u011bh a sni\u017euj\u00ed \u00fanavu o\u010d\u00ed. <strong>Lutein a zeaxantin<\/strong> z <strong>aksamitn\u00edku<\/strong> jsou n\u00e1padn\u00e9 karotenoidy, kter\u00e9 tvo\u0159\u00ed tzv. makul\u00e1rn\u00ed pigment, kter\u00fd slou\u017e\u00ed k ochran\u011b s\u00edtnice p\u0159ed negativn\u00edmi \u00fa\u010dinky UV paprsk\u016f a zaru\u010duje tak dokonal\u00e9 vid\u011bn\u00ed. <strong>L-glutathion<\/strong> je nezbytn\u00fd pro norm\u00e1ln\u00ed strukturu a fungov\u00e1n\u00ed org\u00e1n\u016f zraku. \u00da\u010dinn\u00e9 pro preventivn\u00ed l\u00e9\u010dbu \u0161ed\u00e9ho z\u00e1kalu. <strong>Vitam\u00edny C, E, selen<\/strong> se vz\u00e1jemn\u011b dopl\u0148uj\u00ed, udr\u017euj\u00ed struktur\u00e1ln\u00ed integritu bun\u011bk, slou\u017e\u00ed jako biologick\u00e9 antioxidanty a chr\u00e1n\u00ed krystalickou \u010do\u010dku. <strong>Vitam\u00edny skupiny B, m\u011b\u010f, zinek a mangan<\/strong> jsou tak\u00e9 \u017eivotn\u011b d\u016fle\u017eit\u00e9 antioxidanty, kter\u00e9 zlep\u0161uj\u00ed zrakovou ostrost a chr\u00e1n\u00ed o\u010dn\u00ed v\u00fdstelku p\u0159ed po\u010d\u00edta\u010dov\u00fdm z\u00e1\u0159en\u00edm a z\u00e1n\u011btem (konjunktivitida). <strong>Vitamin PP<\/strong> sni\u017euje riziko poruch zraku a zm\u00edr\u0148uje \u00fanavu o\u010d\u00ed.<\/p>\n<p><strong>Slo\u017een\u00ed:<\/strong> vitam\u00edny C, E, B1, B2, B3 (PP), B6, kyselina listov\u00e1 (B9), B12, <a href=\"https:\/\/visionstore.co.rs\/cink-i-nase-zdravlje\/\">zinek<\/a> , <a href=\"https:\/\/visionstore.co.rs\/cs\/bakar-2\/\">m\u011b\u010f<\/a> , <a href=\"https:\/\/visionstore.co.rs\/mangan\/\">mangan<\/a> , <a href=\"https:\/\/visionstore.co.rs\/cs\/selen-2\/\">selen<\/a> , <a href=\"https:\/\/visionstore.co.rs\/kadifica-lat-tagetes-erecta\/\">v\u00fdta\u017eek z aksamitn\u00edku (lat. <em>Tagetes erecta<\/em> )<\/a> , lutein, zeaxanthin, <a href=\"https:\/\/visionstore.co.rs\/cs\/glutation\/\">L-glutathion<\/a> , <a href=\"https:\/\/visionstore.co.rs\/borovnica-lat-vaccinium-myrtillus\/\">extrakt z bor\u016fvek (lat. <em>Vaccinium myrtillus<\/em> )<\/a> .<\/p>\n<p><strong>Mno\u017estv\u00ed: 60 kapsl\u00ed<\/strong><\/p>\n<p><strong>\u010cist\u00e1 hmotnost: 30 g<\/strong><\/p>\n<table>\n<tbody>\n<tr>\n<td width=\"311\"><strong>\u00da\u010cINN\u00c9 L\u00c1TKY:<\/strong><\/td>\n<td width=\"110\"><strong>1 kapsle<br \/>\n(500 mg)<\/strong><\/td>\n<td width=\"68\"><strong>%NRV*<\/strong><\/td>\n<\/tr>\n<tr>\n<td width=\"311\">Vitam\u00edn E<\/td>\n<td width=\"75\">5 mg \u03b1-TE***<\/td>\n<td width=\"68\">42%<\/td>\n<\/tr>\n<tr>\n<td width=\"311\">Vitam\u00edn C<\/td>\n<td width=\"75\">60 mg<\/td>\n<td width=\"68\">75%<\/td>\n<\/tr>\n<tr>\n<td width=\"311\">Vitamin B1<\/td>\n<td width=\"75\">1,4 mg<\/td>\n<td width=\"68\">127%<\/td>\n<\/tr>\n<tr>\n<td width=\"311\">Vitam\u00edn B2<\/td>\n<td width=\"75\">1,6 mg<\/td>\n<td width=\"68\">114%<\/td>\n<\/tr>\n<tr>\n<td width=\"311\">Vitam\u00edn PP (niacin)<\/td>\n<td width=\"75\">18 mg NE<strong>****<\/strong><\/td>\n<td width=\"68\">112%<\/td>\n<\/tr>\n<tr>\n<td width=\"311\">Vitam\u00edn B6<\/td>\n<td width=\"75\">2 mg<\/td>\n<td width=\"68\">143%<\/td>\n<\/tr>\n<tr>\n<td width=\"311\">Vitam\u00edn B9 (kyselina listov\u00e1)<\/td>\n<td width=\"75\">200 \u00b5g<\/td>\n<td width=\"68\">100%<\/td>\n<\/tr>\n<tr>\n<td width=\"311\">Vitam\u00edn B12<\/td>\n<td width=\"75\">1 \u00b5g<\/td>\n<td width=\"68\">40%<\/td>\n<\/tr>\n<tr>\n<td width=\"311\">Zinek<\/td>\n<td width=\"75\">7,5 mg<\/td>\n<td width=\"68\">75%<\/td>\n<\/tr>\n<tr>\n<td width=\"311\">M\u011b\u010f<\/td>\n<td width=\"75\">1 mg<\/td>\n<td width=\"68\">100%<\/td>\n<\/tr>\n<tr>\n<td width=\"311\">Mangan<\/td>\n<td width=\"75\">1 mg<\/td>\n<td width=\"68\">50%<\/td>\n<\/tr>\n<tr>\n<td width=\"311\">Selen<\/td>\n<td width=\"75\">25 \u00b5g<\/td>\n<td width=\"68\">45%<\/td>\n<\/tr>\n<tr>\n<td width=\"311\">Such\u00fd extrakt z kv\u011btu m\u011bs\u00ed\u010dku l\u00e9ka\u0159sk\u00e9ho (<em>Tagetes erecta<\/em>)<\/td>\n<td width=\"75\">25 mg<\/td>\n<td width=\"68\">**<\/td>\n<\/tr>\n<tr>\n<td width=\"311\">\n<ul>\n<li>z toho Lutein<\/li>\n<\/ul>\n<\/td>\n<td width=\"75\">5 mg<\/td>\n<td width=\"68\">**<\/td>\n<\/tr>\n<tr>\n<td width=\"311\">\n<ul>\n<li>z toho Zeaxanthin<\/li>\n<\/ul>\n<\/td>\n<td width=\"75\">320 \u00b5g<\/td>\n<td width=\"68\">**<\/td>\n<\/tr>\n<tr>\n<td width=\"311\">L-glutathion<\/td>\n<td width=\"75\">1 mg<\/td>\n<td width=\"68\">**<\/td>\n<\/tr>\n<tr>\n<td width=\"311\">Such\u00fd extrakt z plod\u016f bor\u016fvky (<em>Vaccinium myrtillus<\/em>) standardizovan\u00fd na 36 % anthokyan\u016f 100:1<\/p>\n<ul>\n<li>z toho antokyany<\/li>\n<\/ul>\n<\/td>\n<td width=\"75\">50 mg<\/p>\n<ul>\n<li>18 mg<\/li>\n<\/ul>\n<\/td>\n<td width=\"68\">**<\/td>\n<\/tr>\n<\/tbody>\n<\/table>\n<p>*NRV &#8211; nutri\u010dn\u00ed referen\u010dn\u00ed hodnota<br \/>\n** &#8211; nutri\u010dn\u00ed referen\u010dn\u00ed hodnota nebyla stanovena<br \/>\n***a-TE=ekvivalent a-tokoferolu<br \/>\n****NE = ekvivalenty niacinu<\/p>\n","protected":false},"excerpt":{"rendered":"<p>\u2022 P\u0159isp\u00edv\u00e1 ke zv\u00fd\u0161en\u00ed zrakov\u00e9 ostrosti.<br \/>\n\u2022 Zabra\u0148uje ochabov\u00e1n\u00ed a atrofii o\u010dn\u00edch sval\u016f, rozvoji dalekozrakosti a kr\u00e1tkozrakosti.<br \/>\n\u2022 Sni\u017euje riziko vzniku \u0161ed\u00e9ho z\u00e1kalu, glaukomu a dal\u0161\u00edch o\u010dn\u00edch patologi\u00ed.<br \/>\n\u2022 Pod\u00edl\u00ed se na ochran\u011b zrakov\u00fdch org\u00e1n\u016f p\u0159ed voln\u00fdmi radik\u00e1ly.<br \/>\n\u2022 P\u016fsob\u00ed na sn\u00ed\u017een\u00ed \u00fanavy o\u010d\u00ed po cvi\u010den\u00ed: zarudnut\u00ed, pocit, jako bychom m\u011bli p\u00edsek v o\u010d\u00edch, suchost o\u010d\u00ed.<br \/>\n\u2022 \u010cin\u00ed vid\u011bn\u00ed a p\u0159isp\u00edv\u00e1 k omlazen\u00ed.<\/p>\n","protected":false},"featured_media":29057,"comment_status":"open","ping_status":"closed","template":"","meta":{"_acf_changed":false,"_uag_custom_page_level_css":"","site-sidebar-layout":"default","site-content-layout":"default","ast-site-content-layout":"default","site-content-style":"default","site-sidebar-style":"default","ast-global-header-display":"","ast-banner-title-visibility":"","ast-main-header-display":"","ast-hfb-above-header-display":"","ast-hfb-below-header-display":"","ast-hfb-mobile-header-display":"","site-post-title":"","ast-breadcrumbs-content":"","ast-featured-img":"","footer-sml-layout":"","ast-disable-related-posts":"","theme-transparent-header-meta":"default","adv-header-id-meta":"","stick-header-meta":"default","header-above-stick-meta":"","header-main-stick-meta":"","header-below-stick-meta":"","astra-migrate-meta-layouts":"default","ast-page-background-enabled":"default","ast-page-background-meta":{"desktop":{"background-color":"","background-image":"","background-repeat":"repeat","background-position":"center center","background-size":"auto","background-attachment":"scroll","background-type":"","background-media":"","overlay-type":"","overlay-color":"","overlay-opacity":"","overlay-gradient":""},"tablet":{"background-color":"","background-image":"","background-repeat":"repeat","background-position":"center center","background-size":"auto","background-attachment":"scroll","background-type":"","background-media":"","overlay-type":"","overlay-color":"","overlay-opacity":"","overlay-gradient":""},"mobile":{"background-color":"","background-image":"","background-repeat":"repeat","background-position":"center center","background-size":"auto","background-attachment":"scroll","background-type":"","background-media":"","overlay-type":"","overlay-color":"","overlay-opacity":"","overlay-gradient":""}},"ast-content-background-meta":{"desktop":{"background-color":"var(--ast-global-color-4)","background-image":"","background-repeat":"repeat","background-position":"center center","background-size":"auto","background-attachment":"scroll","background-type":"","background-media":"","overlay-type":"","overlay-color":"","overlay-opacity":"","overlay-gradient":""},"tablet":{"background-color":"var(--ast-global-color-4)","background-image":"","background-repeat":"repeat","background-position":"center center","background-size":"auto","background-attachment":"scroll","background-type":"","background-media":"","overlay-type":"","overlay-color":"","overlay-opacity":"","overlay-gradient":""},"mobile":{"background-color":"var(--ast-global-color-4)","background-image":"","background-repeat":"repeat","background-position":"center center","background-size":"auto","background-attachment":"scroll","background-type":"","background-media":"","overlay-type":"","overlay-color":"","overlay-opacity":"","overlay-gradient":""}},"jetpack_post_was_ever_published":false},"product_brand":[],"product_cat":[361],"product_tag":[],"class_list":{"0":"post-19133","1":"product","2":"type-product","3":"status-publish","4":"has-post-thumbnail","6":"product_cat-direct-hit","7":"desktop-align-center","8":"tablet-align-center","9":"mobile-align-center","10":"ast-product-gallery-layout-horizontal","11":"ast-product-tabs-layout-distributed","12":"ast-qv-on-image","14":"first","15":"instock","16":"taxable","17":"shipping-taxable","18":"purchasable","19":"product-type-simple"},"acf":[],"uagb_featured_image_src":{"full":["https:\/\/i0.wp.com\/visionstore.co.rs\/wp-content\/uploads\/2019\/12\/Safe2See-Classic.png?fit=1024%2C1024&ssl=1",1024,1024,false],"thumbnail":["https:\/\/i0.wp.com\/visionstore.co.rs\/wp-content\/uploads\/2019\/12\/Safe2See-Classic.png?resize=150%2C150&ssl=1",150,150,true],"medium":["https:\/\/i0.wp.com\/visionstore.co.rs\/wp-content\/uploads\/2019\/12\/Safe2See-Classic.png?fit=300%2C300&ssl=1",300,300,true],"medium_large":["https:\/\/i0.wp.com\/visionstore.co.rs\/wp-content\/uploads\/2019\/12\/Safe2See-Classic.png?fit=768%2C768&ssl=1",768,768,true],"large":["https:\/\/i0.wp.com\/visionstore.co.rs\/wp-content\/uploads\/2019\/12\/Safe2See-Classic.png?fit=1024%2C1024&ssl=1",1024,1024,true],"1536x1536":["https:\/\/i0.wp.com\/visionstore.co.rs\/wp-content\/uploads\/2019\/12\/Safe2See-Classic.png?fit=1024%2C1024&ssl=1",1024,1024,true],"2048x2048":["https:\/\/i0.wp.com\/visionstore.co.rs\/wp-content\/uploads\/2019\/12\/Safe2See-Classic.png?fit=1024%2C1024&ssl=1",1024,1024,true],"mailpoet_newsletter_max":["https:\/\/i0.wp.com\/visionstore.co.rs\/wp-content\/uploads\/2019\/12\/Safe2See-Classic.png?fit=1024%2C1024&ssl=1",1024,1024,true],"woocommerce_thumbnail":["https:\/\/i0.wp.com\/visionstore.co.rs\/wp-content\/uploads\/2019\/12\/Safe2See-Classic.png?fit=900%2C900&ssl=1",900,900,true],"woocommerce_single":["https:\/\/i0.wp.com\/visionstore.co.rs\/wp-content\/uploads\/2019\/12\/Safe2See-Classic.png?fit=1024%2C1024&ssl=1",1024,1024,true],"woocommerce_gallery_thumbnail":["https:\/\/i0.wp.com\/visionstore.co.rs\/wp-content\/uploads\/2019\/12\/Safe2See-Classic.png?resize=100%2C100&ssl=1",100,100,true]},"uagb_author_info":{"display_name":"admin","author_link":"https:\/\/visionstore.co.rs\/cs\/author\/"},"uagb_comment_info":1,"uagb_excerpt":"\u2022 P\u0159isp\u00edv\u00e1 ke zv\u00fd\u0161en\u00ed zrakov\u00e9 ostrosti. \u2022 Zabra\u0148uje ochabov\u00e1n\u00ed a atrofii o\u010dn\u00edch sval\u016f, rozvoji dalekozrakosti a kr\u00e1tkozrakosti. \u2022 Sni\u017euje riziko vzniku \u0161ed\u00e9ho z\u00e1kalu, glaukomu a dal\u0161\u00edch o\u010dn\u00edch patologi\u00ed. \u2022 Pod\u00edl\u00ed se na ochran\u011b zrakov\u00fdch org\u00e1n\u016f p\u0159ed voln\u00fdmi radik\u00e1ly. \u2022 P\u016fsob\u00ed na sn\u00ed\u017een\u00ed \u00fanavy o\u010d\u00ed po cvi\u010den\u00ed: zarudnut\u00ed, pocit, jako bychom m\u011bli p\u00edsek v o\u010d\u00edch, suchost&hellip;","jetpack_sharing_enabled":true,"_links":{"self":[{"href":"https:\/\/visionstore.co.rs\/cs\/wp-json\/wp\/v2\/product\/19133","targetHints":{"allow":["GET"]}}],"collection":[{"href":"https:\/\/visionstore.co.rs\/cs\/wp-json\/wp\/v2\/product"}],"about":[{"href":"https:\/\/visionstore.co.rs\/cs\/wp-json\/wp\/v2\/types\/product"}],"replies":[{"embeddable":true,"href":"https:\/\/visionstore.co.rs\/cs\/wp-json\/wp\/v2\/comments?post=19133"}],"wp:featuredmedia":[{"embeddable":true,"href":"https:\/\/visionstore.co.rs\/cs\/wp-json\/wp\/v2\/media\/29057"}],"wp:attachment":[{"href":"https:\/\/visionstore.co.rs\/cs\/wp-json\/wp\/v2\/media?parent=19133"}],"wp:term":[{"taxonomy":"product_brand","embeddable":true,"href":"https:\/\/visionstore.co.rs\/cs\/wp-json\/wp\/v2\/product_brand?post=19133"},{"taxonomy":"product_cat","embeddable":true,"href":"https:\/\/visionstore.co.rs\/cs\/wp-json\/wp\/v2\/product_cat?post=19133"},{"taxonomy":"product_tag","embeddable":true,"href":"https:\/\/visionstore.co.rs\/cs\/wp-json\/wp\/v2\/product_tag?post=19133"}],"curies":[{"name":"wp","href":"https:\/\/api.w.org\/{rel}","templated":true}]}}