{"id":19194,"date":"2019-12-27T21:36:33","date_gmt":"2019-12-27T20:36:33","guid":{"rendered":"https:\/\/visionstore.co.rs\/product\/livelong\/"},"modified":"2024-07-11T10:40:23","modified_gmt":"2024-07-11T08:40:23","slug":"livelong","status":"publish","type":"product","link":"https:\/\/visionstore.co.rs\/cs\/product\/livelong\/","title":{"rendered":"Livelong"},"content":{"rendered":"<p><strong>Livelong<\/strong> omlazuje t\u011blo jako celek v\u010detn\u011b poko\u017eky, pom\u00e1h\u00e1 zachovat fyzickou kondici, poskytuje podm\u00ednky pro to, aby \u010dlov\u011bk vypadal mlad\u0161\u00ed a c\u00edtil se mlad\u0161\u00ed. Vyv\u00e1\u017een\u00e1 receptura obsahuje 10 z\u00e1kladn\u00edch, extr\u00e9mn\u011b siln\u00fdch antioxidant\u016f, kter\u00e9 p\u0159\u00edzniv\u011b p\u016fsob\u00ed na v\u0161echny org\u00e1ny a tk\u00e1n\u011b lidsk\u00e9ho t\u011bla.<br \/>\nZa necel\u00fd m\u011bs\u00edc od za\u010d\u00e1tku u\u017e\u00edv\u00e1n\u00ed poc\u00edt\u00edte pozitivn\u00ed \u00fa\u010dinky, poc\u00edt\u00edte, \u017ee m\u00e1te v\u00edce energie, \u017ee jste plni s\u00edly, \u017ee v\u00e1\u0161 vn\u011bj\u0161\u00ed vzhled bude vyd\u00e1vat sv\u011b\u017eest.<br \/>\n\u00da\u010dinn\u00e9 antioxidanty obsa\u017een\u00e9 v na\u0161ich suplementech podporuj\u00ed proces st\u00e1rnut\u00ed, podporuj\u00ed pru\u017enost poko\u017eky t\u00edm, \u017ee chr\u00e1n\u00ed jej\u00ed bu\u0148ky p\u0159ed voln\u00fdmi radik\u00e1ly. <strong>Extrakt ze zelen\u00e9ho \u010daje, astaxanthin a lykopen<\/strong> chr\u00e1n\u00ed p\u0159ed oxidativn\u00edm stresem, p\u0159ebytkem voln\u00fdch radik\u00e1l\u016f a negativn\u00edm vlivem ultrafialov\u00fdch paprsk\u016f a z\u00e1\u0159en\u00ed z dom\u00e1c\u00edch spot\u0159ebi\u010d\u016f. <strong>Acai bobule a amarant<\/strong> bojuj\u00ed proti procesu st\u00e1rnut\u00ed, chr\u00e1n\u00ed bu\u0148ky p\u0159ed st\u00e1rnut\u00edm a normalizuj\u00ed hladinu cholesterolu.<\/p>\n<p><a href=\"https:\/\/visionstore.co.rs\/cs\/koenzim-q10-2\/\">Ubiquinol<\/a> \u2014 aktivn\u00ed forma koenzymu Q10, kter\u00fd z\u00e1sobuje bu\u0148ky energi\u00ed, urychluje pr\u016fb\u011bh biochemick\u00fdch reakc\u00ed a regenera\u010dn\u00edch proces\u016f, z\u00e1rove\u0148 zabra\u0148uje destrukci kolagenu a elastinu a sni\u017euje ztr\u00e1ty kyseliny hyaluronov\u00e9. Regeneruje zran\u011bn\u00ed zp\u016fsoben\u00e1 p\u016fsoben\u00edm voln\u00fdch radik\u00e1l\u016f, zpomaluje proces st\u00e1rnut\u00ed. Biologicky aktivn\u00ed l\u00e1tky ze <a href=\"https:\/\/visionstore.co.rs\/zeleni-caj\/\"><strong>zelen\u00e9ho \u010daje<\/strong><\/a> vykazuj\u00ed silnou antioxida\u010dn\u00ed aktivitu, chr\u00e1n\u00ed bu\u0148ky na\u0161eho t\u011bla p\u0159ed negativn\u00edmi \u00fa\u010dinky voln\u00fdch radik\u00e1l\u016f. Obdobn\u011b p\u016fsob\u00ed extrakt z ostropest\u0159ce, kter\u00fd se v\u011bt\u0161inou skl\u00e1d\u00e1 z kvercetinu, kter\u00fd zvy\u0161uje schopnost bun\u011bk bojovat proti st\u00e1rnut\u00ed organismu.<\/p>\n<p><a href=\"https:\/\/visionstore.co.rs\/vratite-svoju-mladost-i-zdravlje-sa-kompleksom-livelon\/\"><strong>Astaxanthin<\/strong><\/a> \u2013 velmi siln\u00fd antioxidant. Jedine\u010dn\u00e1 struktura jeho molekul chr\u00e1n\u00ed t\u011blo mnohem \u00fa\u010dinn\u011bji ne\u017e jin\u00e9 prost\u0159edky, proto je naz\u00fdv\u00e1n superoxidantem nov\u00e9 generace. Je to nejsiln\u011bj\u0161\u00ed antioxidant ze v\u0161ech, kter\u00e9 v p\u0159\u00edrod\u011b existuj\u00ed. Jeho antioxida\u010dn\u00ed kapacita je 100kr\u00e1t siln\u011bj\u0161\u00ed ne\u017e vitam\u00edn E a 6000kr\u00e1t siln\u011bj\u0161\u00ed ne\u017e vitam\u00edn C.<\/p>\n<p><a href=\"https:\/\/visionstore.co.rs\/likopen\/\"><strong>Lykopen<\/strong><\/a> vynik\u00e1 vysokou antioxida\u010dn\u00ed aktivitou, kter\u00e1 poskytuje \u00fa\u010dinnou ochranu \u0159et\u011bzce DNA p\u0159ed voln\u00fdmi radik\u00e1ly.<\/p>\n<p>Extrakt z plod\u016f palmy Acai a chlorofyl zabra\u0148uj\u00ed po\u0161kozen\u00ed bun\u011bk voln\u00fdmi radik\u00e1ly a neutralizuj\u00ed je, \u010d\u00edm\u017e zpomaluj\u00ed proces st\u00e1rnut\u00ed t\u011bla.<\/p>\n<p><strong>Selen<\/strong> \u2014 dal\u0161\u00ed antioxidant, kter\u00fd je z\u00e1kladn\u00edm mikroelementem v oxida\u010dn\u00ed ochran\u011b t\u011bla. V bun\u011b\u010dn\u00fdch fermentech zaji\u0161\u0165uje selen zni\u010den\u00ed voln\u00fdch radik\u00e1l\u016f ve v\u0161ech bu\u0148k\u00e1ch.<\/p>\n<p><a href=\"https:\/\/visionstore.co.rs\/amarant\/\"><strong>Extrakt z amarantu<\/strong><\/a> obohacuje poko\u017eku kysl\u00edkem, aktivn\u011b neutralizuje oxida\u010dn\u00ed procesy v bu\u0148k\u00e1ch epidermis.<\/p>\n<ul>\n<li>Zpomaluje proces st\u00e1rnut\u00ed<\/li>\n<li>Podporuje p\u0159irozen\u00e9 procesy omlazen\u00ed organismu<\/li>\n<li>Chr\u00e1n\u00ed poko\u017eku p\u0159ed \u00fa\u010dinky ultrafialov\u00e9ho z\u00e1\u0159en\u00ed<\/li>\n<li>Neutralizuje voln\u00e9 radik\u00e1ly<\/li>\n<li>Reguluje l\u00e1tkovou v\u00fdm\u011bnu a \u010dinnost kardiovaskul\u00e1rn\u00edho syst\u00e9mu<\/li>\n<li>Obsahuje 10 siln\u00fdch antioxidant\u016f<\/li>\n<\/ul>\n<p><strong>Slo\u017een\u00ed:<\/strong> Such\u00fd extrakt z plod\u016f (bobule) palmy Acai (lat. <em>Euterpe oleracea<\/em> ), <a href=\"https:\/\/visionstore.co.rs\/zeleni-caj\/\">such\u00fd extrakt z listu zelen\u00e9ho \u010daje (lat. <em>Camellia sinensis L.<\/em> )<\/a> , <a href=\"https:\/\/visionstore.co.rs\/amarant\/\">such\u00fd extrakt ze semen amarantu (lat. <em>Amaranthus caudatus L.<\/em> )<\/a> , <a href=\"https:\/\/visionstore.co.rs\/semenke-grozdja\/\">such\u00fd extrakt z hroznov\u00fdch sem\u00ednek (lat. <em>Vitis vinifera L.<\/em> )<\/a> , <a href=\"https:\/\/visionstore.co.rs\/pasji-trn\/\">such\u00fd extrakt z plod\u016f t\u0159en\u011b ps\u00ed (lat. <em>Hippophae rhamnoides L.<\/em> )<\/a> , <a href=\"https:\/\/visionstore.co.rs\/cs\/koenzim-q10-2\/\">koenzym Q10<\/a> , <a href=\"https:\/\/visionstore.co.rs\/cs\/selen-2\/\">selen<\/a> , such\u00fd extrakt z mikro\u0159as (lat. <em>Haematococcus pluvialis<\/em> ), <a href=\"https:\/\/visionstore.co.rs\/likopen\/\">such\u00fd extrakt du\u017eina plod\u016f raj\u010dete (lat. <em>Lycopersicon esculentum<\/em> )<\/a> .<\/p>\n<p><strong>Mno\u017estv\u00ed: 60 kapsl\u00ed<\/strong><\/p>\n<p><strong>\u010cist\u00e1 hmotnost: 29,1 g<\/strong><\/p>\n<table>\n<tbody>\n<tr>\n<td width=\"387\"><strong>\u00da\u010cINN\u00c9 L\u00c1TKY:<\/strong><\/td>\n<td width=\"120\"><strong>2 kapsle<\/strong><\/p>\n<p><strong> (970 mg)<\/strong><\/td>\n<td width=\"60\"><strong>NRV*<\/strong><\/td>\n<\/tr>\n<tr>\n<td width=\"387\">Such\u00fd extrakt z plod\u016f (bobule) palmy Acai (<em>Euterpe oleracea) (10:1, prost\u0159edek na extrakci vody)<\/em><\/td>\n<td width=\"90\">200 mg<\/td>\n<td width=\"60\">**<\/td>\n<\/tr>\n<tr>\n<td width=\"387\">Such\u00fd extrakt z list\u016f zelen\u00e9ho \u010daje (<em>Camellia sinensis L.<\/em>) (standardizovan\u00fd na 40 % polyfenol\u016f)<\/td>\n<td width=\"90\">150 mg<\/td>\n<td width=\"60\">**<\/td>\n<\/tr>\n<tr>\n<td width=\"387\">\n<ul>\n<li>z toho polyfenoly<\/li>\n<\/ul>\n<\/td>\n<td width=\"90\">\n<ul>\n<li>60 mg<\/li>\n<\/ul>\n<\/td>\n<td width=\"60\">**<\/td>\n<\/tr>\n<tr>\n<td width=\"387\">Chlorofylin<\/td>\n<td width=\"90\">100 mg<\/td>\n<td width=\"60\">**<\/td>\n<\/tr>\n<tr>\n<td width=\"387\">Such\u00fd extrakt ze semen amarantu (<em>Amaranthus caudatus L.<\/em>) (<em>10:1, prost\u0159edek na extrakci vody<\/em>)<\/td>\n<td width=\"90\">100 mg<\/td>\n<td width=\"60\">**<\/td>\n<\/tr>\n<tr>\n<td width=\"387\">Such\u00fd extrakt z hroznov\u00fdch sem\u00ednek (<em>Vitis vinifera L.<\/em>) (standardizovan\u00fd na 20% resveratrol)<\/td>\n<td width=\"90\">80 mg<\/td>\n<td width=\"60\">**<\/td>\n<\/tr>\n<tr>\n<td width=\"387\">\n<ul>\n<li>z toho resveratrol<\/li>\n<\/ul>\n<\/td>\n<td width=\"90\">\n<ul>\n<li> 16 mg<\/li>\n<\/ul>\n<\/td>\n<td width=\"60\">**<\/td>\n<\/tr>\n<tr>\n<td width=\"387\">Such\u00fd extrakt z plod\u016f trnovn\u00edku ( <em>Hippophae rhamnoides L.<\/em> ) (standardizovan\u00fd na 95% kvercetin)<\/td>\n<td width=\"90\">40 mg<\/td>\n<td width=\"60\">**<\/td>\n<\/tr>\n<tr>\n<td width=\"387\">\n<ul>\n<li>z toho kvercetin<\/li>\n<\/ul>\n<\/td>\n<td width=\"90\">\n<ul>\n<li>38 mg<\/li>\n<\/ul>\n<\/td>\n<td width=\"60\">**<\/td>\n<\/tr>\n<tr>\n<td width=\"387\">Koenzym Q10<\/td>\n<td width=\"90\">20 mg<\/td>\n<td width=\"60\">**<\/td>\n<\/tr>\n<tr>\n<td width=\"387\">Selen<\/td>\n<td width=\"90\">50 \u03bcg<\/td>\n<td width=\"60\">91%<\/td>\n<\/tr>\n<tr>\n<td width=\"387\">Such\u00fd extrakt z mikro\u0159as (<em>Haematococcus pluvialis<\/em>) (standardizovan\u00fd na 1,5% astaxanthin)<\/td>\n<td width=\"90\">3 mg<\/td>\n<td width=\"60\">**<\/td>\n<\/tr>\n<tr>\n<td width=\"387\">\n<ul>\n<li>z toho astaxanthin<\/li>\n<\/ul>\n<\/td>\n<td width=\"90\">\n<ul>\n<li> 45 \u03bcg<\/li>\n<\/ul>\n<\/td>\n<td width=\"60\">**<\/td>\n<\/tr>\n<tr>\n<td width=\"387\">Such\u00fd extrakt z du\u017einy raj\u010dat (Lycopersicon esculentum) (standardizovan\u00fd na 10% lykopen)<\/td>\n<td width=\"90\">2,5 mg<\/td>\n<td width=\"60\">**<\/td>\n<\/tr>\n<tr>\n<td width=\"387\">\n<ul>\n<li>z toho lykopen<\/li>\n<\/ul>\n<\/td>\n<td width=\"90\">\n<ul>\n<li> 250 \u03bcg<\/li>\n<\/ul>\n<\/td>\n<td width=\"60\">**<\/td>\n<\/tr>\n<\/tbody>\n<\/table>\n<p>*NRV &#8211; nutri\u010dn\u00ed referen\u010dn\u00ed hodnota<br \/>\n** &#8211; nutri\u010dn\u00ed referen\u010dn\u00ed hodnota nebyla stanovena<\/p>\n","protected":false},"excerpt":{"rendered":"<ul>\n<li>Zpomaluje proces st\u00e1rnut\u00ed<\/li>\n<li>Podporuje p\u0159irozen\u00e9 procesy omlazen\u00ed organismu<\/li>\n<li>Chr\u00e1n\u00ed poko\u017eku p\u0159ed \u00fa\u010dinky ultrafialov\u00e9ho z\u00e1\u0159en\u00ed<\/li>\n<li>Neutralizuje voln\u00e9 radik\u00e1ly<\/li>\n<li>Reguluje l\u00e1tkovou v\u00fdm\u011bnu a \u010dinnost kardiovaskul\u00e1rn\u00edho syst\u00e9mu<\/li>\n<li>Obsahuje 10 siln\u00fdch antioxidant\u016f<\/li>\n<\/ul>\n","protected":false},"featured_media":29204,"comment_status":"open","ping_status":"closed","template":"","meta":{"_acf_changed":false,"_uag_custom_page_level_css":"","site-sidebar-layout":"default","site-content-layout":"default","ast-site-content-layout":"default","site-content-style":"default","site-sidebar-style":"default","ast-global-header-display":"","ast-banner-title-visibility":"","ast-main-header-display":"","ast-hfb-above-header-display":"","ast-hfb-below-header-display":"","ast-hfb-mobile-header-display":"","site-post-title":"","ast-breadcrumbs-content":"","ast-featured-img":"","footer-sml-layout":"","ast-disable-related-posts":"","theme-transparent-header-meta":"default","adv-header-id-meta":"","stick-header-meta":"default","header-above-stick-meta":"","header-main-stick-meta":"","header-below-stick-meta":"","astra-migrate-meta-layouts":"default","ast-page-background-enabled":"default","ast-page-background-meta":{"desktop":{"background-color":"","background-image":"","background-repeat":"repeat","background-position":"center center","background-size":"auto","background-attachment":"scroll","background-type":"","background-media":"","overlay-type":"","overlay-color":"","overlay-opacity":"","overlay-gradient":""},"tablet":{"background-color":"","background-image":"","background-repeat":"repeat","background-position":"center center","background-size":"auto","background-attachment":"scroll","background-type":"","background-media":"","overlay-type":"","overlay-color":"","overlay-opacity":"","overlay-gradient":""},"mobile":{"background-color":"","background-image":"","background-repeat":"repeat","background-position":"center center","background-size":"auto","background-attachment":"scroll","background-type":"","background-media":"","overlay-type":"","overlay-color":"","overlay-opacity":"","overlay-gradient":""}},"ast-content-background-meta":{"desktop":{"background-color":"var(--ast-global-color-4)","background-image":"","background-repeat":"repeat","background-position":"center center","background-size":"auto","background-attachment":"scroll","background-type":"","background-media":"","overlay-type":"","overlay-color":"","overlay-opacity":"","overlay-gradient":""},"tablet":{"background-color":"var(--ast-global-color-4)","background-image":"","background-repeat":"repeat","background-position":"center center","background-size":"auto","background-attachment":"scroll","background-type":"","background-media":"","overlay-type":"","overlay-color":"","overlay-opacity":"","overlay-gradient":""},"mobile":{"background-color":"var(--ast-global-color-4)","background-image":"","background-repeat":"repeat","background-position":"center center","background-size":"auto","background-attachment":"scroll","background-type":"","background-media":"","overlay-type":"","overlay-color":"","overlay-opacity":"","overlay-gradient":""}}},"product_brand":[],"product_cat":[24],"product_tag":[],"class_list":{"0":"post-19194","1":"product","2":"type-product","3":"status-publish","4":"has-post-thumbnail","6":"product_cat-direct-hit","7":"desktop-align-center","8":"tablet-align-center","9":"mobile-align-center","10":"ast-product-gallery-layout-horizontal","11":"ast-product-tabs-layout-distributed","12":"ast-qv-on-image","14":"first","15":"instock","16":"taxable","17":"shipping-taxable","18":"purchasable","19":"product-type-simple"},"acf":[],"uagb_featured_image_src":{"full":["https:\/\/i0.wp.com\/visionstore.co.rs\/wp-content\/uploads\/2019\/12\/Livelong.png?fit=1024%2C1024&ssl=1",1024,1024,false],"thumbnail":["https:\/\/i0.wp.com\/visionstore.co.rs\/wp-content\/uploads\/2019\/12\/Livelong.png?resize=150%2C150&ssl=1",150,150,true],"medium":["https:\/\/i0.wp.com\/visionstore.co.rs\/wp-content\/uploads\/2019\/12\/Livelong.png?fit=300%2C300&ssl=1",300,300,true],"medium_large":["https:\/\/i0.wp.com\/visionstore.co.rs\/wp-content\/uploads\/2019\/12\/Livelong.png?fit=768%2C768&ssl=1",768,768,true],"large":["https:\/\/i0.wp.com\/visionstore.co.rs\/wp-content\/uploads\/2019\/12\/Livelong.png?fit=1024%2C1024&ssl=1",1024,1024,true],"1536x1536":["https:\/\/i0.wp.com\/visionstore.co.rs\/wp-content\/uploads\/2019\/12\/Livelong.png?fit=1024%2C1024&ssl=1",1024,1024,true],"2048x2048":["https:\/\/i0.wp.com\/visionstore.co.rs\/wp-content\/uploads\/2019\/12\/Livelong.png?fit=1024%2C1024&ssl=1",1024,1024,true],"mailpoet_newsletter_max":["https:\/\/i0.wp.com\/visionstore.co.rs\/wp-content\/uploads\/2019\/12\/Livelong.png?fit=1024%2C1024&ssl=1",1024,1024,true],"woocommerce_thumbnail":["https:\/\/i0.wp.com\/visionstore.co.rs\/wp-content\/uploads\/2019\/12\/Livelong.png?fit=900%2C900&ssl=1",900,900,true],"woocommerce_single":["https:\/\/i0.wp.com\/visionstore.co.rs\/wp-content\/uploads\/2019\/12\/Livelong.png?fit=1024%2C1024&ssl=1",1024,1024,true],"woocommerce_gallery_thumbnail":["https:\/\/i0.wp.com\/visionstore.co.rs\/wp-content\/uploads\/2019\/12\/Livelong.png?resize=100%2C100&ssl=1",100,100,true]},"uagb_author_info":{"display_name":"admin","author_link":"https:\/\/visionstore.co.rs\/cs\/author\/"},"uagb_comment_info":2,"uagb_excerpt":"Zpomaluje proces st\u00e1rnut\u00ed Podporuje p\u0159irozen\u00e9 procesy omlazen\u00ed organismu Chr\u00e1n\u00ed poko\u017eku p\u0159ed \u00fa\u010dinky ultrafialov\u00e9ho z\u00e1\u0159en\u00ed Neutralizuje voln\u00e9 radik\u00e1ly Reguluje l\u00e1tkovou v\u00fdm\u011bnu a \u010dinnost kardiovaskul\u00e1rn\u00edho syst\u00e9mu Obsahuje 10 siln\u00fdch antioxidant\u016f","jetpack_sharing_enabled":true,"_links":{"self":[{"href":"https:\/\/visionstore.co.rs\/cs\/wp-json\/wp\/v2\/product\/19194","targetHints":{"allow":["GET"]}}],"collection":[{"href":"https:\/\/visionstore.co.rs\/cs\/wp-json\/wp\/v2\/product"}],"about":[{"href":"https:\/\/visionstore.co.rs\/cs\/wp-json\/wp\/v2\/types\/product"}],"replies":[{"embeddable":true,"href":"https:\/\/visionstore.co.rs\/cs\/wp-json\/wp\/v2\/comments?post=19194"}],"wp:featuredmedia":[{"embeddable":true,"href":"https:\/\/visionstore.co.rs\/cs\/wp-json\/wp\/v2\/media\/29204"}],"wp:attachment":[{"href":"https:\/\/visionstore.co.rs\/cs\/wp-json\/wp\/v2\/media?parent=19194"}],"wp:term":[{"taxonomy":"product_brand","embeddable":true,"href":"https:\/\/visionstore.co.rs\/cs\/wp-json\/wp\/v2\/product_brand?post=19194"},{"taxonomy":"product_cat","embeddable":true,"href":"https:\/\/visionstore.co.rs\/cs\/wp-json\/wp\/v2\/product_cat?post=19194"},{"taxonomy":"product_tag","embeddable":true,"href":"https:\/\/visionstore.co.rs\/cs\/wp-json\/wp\/v2\/product_tag?post=19194"}],"curies":[{"name":"wp","href":"https:\/\/api.w.org\/{rel}","templated":true}]}}