{"id":19211,"date":"2020-07-23T09:39:25","date_gmt":"2020-07-23T07:39:25","guid":{"rendered":"https:\/\/visionstore.co.rs\/product\/deecleance\/"},"modified":"2024-08-16T11:59:49","modified_gmt":"2024-08-16T09:59:49","slug":"deecleance","status":"publish","type":"product","link":"https:\/\/visionstore.co.rs\/cs\/product\/deecleance\/","title":{"rendered":"Deecleance"},"content":{"rendered":"<p><strong>Deecleance obsahuje 7 unik\u00e1tn\u00edch bylinn\u00fdch slo\u017eek, zn\u00e1m\u00fdch pro svou \u00fa\u010dinnost v boji proti r\u016fzn\u00fdm druh\u016fm helmint\u016f. Nejen, \u017ee \u010dist\u00ed t\u011blo od parazit\u016f a patogenn\u00edch bakteri\u00ed, ale z\u00e1rove\u0148 obnovuje st\u0159evn\u00ed mikrofl\u00f3ru.<\/strong>  Tento bioaktivn\u00ed dopln\u011bk stravy obsahuje antioxidanty, kter\u00e9 nejl\u00e9pe chr\u00e1n\u00ed st\u0159evn\u00ed epitel p\u0159ed toxiny produkovan\u00fdmi parazity. <strong>D\u00fd\u0148ov\u00e1 sem\u00ednka<\/strong> obsahuj\u00ed velk\u00e9 mno\u017estv\u00ed proteinu <strong>cucurbitin<\/strong> , kter\u00fd p\u0159isp\u00edv\u00e1 k \u010di\u0161t\u011bn\u00ed t\u011bla od toxick\u00fdch produkt\u016f rozkladu. <strong>\u010cesnek<\/strong> d\u00edky <strong>fytoncid\u016fm<\/strong> chr\u00e1n\u00ed p\u0159ed v\u0161emi druhy patogenn\u00edch bakteri\u00ed a parazit\u016f. <strong>Listy \u0161alv\u011bje<\/strong> sni\u017euj\u00ed v\u00fdskyt alergick\u00fdch reakc\u00ed. <strong>\u010cern\u00fd pep\u0159<\/strong> normalizuje tr\u00e1vic\u00ed funkci potravy a aktivuje jej\u00ed enzymy. Extrakt z <strong>ko\u0159ene lincury<\/strong> zlep\u0161uje sekreci ochrann\u00e9ho hlenu a \u017ealude\u010dn\u00ed \u0161\u0165\u00e1vy, stimuluje tvorbu hlenu a \u017elu\u010di. <strong>Ho\u0159\u010d\u00edk<\/strong> \u010dist\u00ed st\u0159evn\u00ed mikrofl\u00f3ru a normalizuje pr\u00e1ci tr\u00e1vic\u00edho traktu. Jedine\u010dn\u00fd, ide\u00e1ln\u011b vyv\u00e1\u017een\u00fd komplex <strong>Deecleance<\/strong> zabra\u0148uje rozvoji parazit\u00e1rn\u00edch onemocn\u011bn\u00ed, \u010dist\u00ed t\u011blo od parazit\u016f, patogenn\u00edch bakteri\u00ed a pl\u00edsn\u00ed, normalizuje pr\u00e1ci tr\u00e1vic\u00edho traktu, stimuluje jeho ochrann\u00e9 vlastnosti a zlep\u0161uje st\u0159evn\u00ed mikrofl\u00f3ru. <\/p>\n<ul>\n<li><strong>D\u00fd\u0148ov\u00e1 sem\u00ednka<\/strong> maj\u00ed v\u00fdrazn\u00fd antiparazit\u00e1rn\u00ed \u00fa\u010dinek, slou\u017e\u00ed jako zdroj zinku a omega-3 mastn\u00fdch kyselin a obsahuj\u00ed vysok\u00e9 d\u00e1vky cucurbitinu, kter\u00fd paralyzuje parazity a odstra\u0148uje je z t\u011bla.<\/li>\n<li><strong>Cibule \u010desneku<\/strong> maj\u00ed antimikrobi\u00e1ln\u00ed \u00fa\u010dinek na ochranu proti v\u0161em druh\u016fm parazit\u016f, patogenn\u00edch bakteri\u00ed a pl\u00edsn\u00ed; zlep\u0161uje odolnost a vytrvalost t\u011bla.<\/li>\n<li><strong>Listy \u0161alv\u011bje<\/strong> likviduj\u00ed r\u016fzn\u00e9 druhy parazit\u016f, posiluj\u00ed imunitn\u00ed syst\u00e9m, zm\u00edr\u0148uj\u00ed alergick\u00e9 reakce a stimuluj\u00ed tr\u00e1ven\u00ed.<\/li>\n<li><strong>Semena fenyklu<\/strong> stimuluj\u00ed sekreci \u017ealude\u010dn\u00ed \u0161\u0165\u00e1vy, normalizuj\u00ed pr\u00e1ci tr\u00e1vic\u00edho syst\u00e9mu, podporuj\u00ed eliminaci parazit\u016f, \u010dist\u00ed krev od toxin\u016f a stimuluj\u00ed \u010dinnost ledvin.<\/li>\n<li> <strong>\u010cern\u00fd pep\u0159<\/strong> normalizuje tr\u00e1vic\u00ed funkce a stimuluje synt\u00e9zu tr\u00e1vic\u00edch enzym\u016f, \u010d\u00edm\u017e podporuje obnovu naru\u0161en\u00e9ho metabolismu.<\/li>\n<li><strong>Kv\u011bt h\u0159eb\u00ed\u010dku<\/strong> p\u0159isp\u00edv\u00e1 k pr\u00e1ci tr\u00e1vic\u00edho syst\u00e9mu, ni\u010d\u00ed choroboplodn\u00e9 z\u00e1rodky a pl\u00eds\u0148ov\u00e9 infekce a z\u00e1rove\u0148 zlep\u0161uje antiparazitick\u00e9 vlastnosti ostatn\u00edch prvk\u016f Decleanse.<\/li>\n<li><strong>Ko\u0159en lincury<\/strong> \u010dist\u00ed st\u0159eva od parazit\u016f, zabra\u0148uje parazit\u00e1rn\u00edm onemocn\u011bn\u00edm, usnad\u0148uje synt\u00e9zu \u017ealude\u010dn\u00ed \u0161\u0165\u00e1vy a tr\u00e1vic\u00edch enzym\u016f.<\/li>\n<li><strong>Ho\u0159\u010d\u00edk<\/strong> neutralizuje vliv parazit\u016f, obnovuje st\u0159evn\u00ed mikrofl\u00f3ru a normalizuje tr\u00e1ven\u00ed.<\/li>\n<\/ul>\n<h5>Parazit\u00e1rn\u00ed onemocn\u011bn\u00ed<\/h5>\n<p>  Parazit\u00e1rn\u00ed onemocn\u011bn\u00ed jsou t\u00e9m\u011b\u0159 stejn\u011b roz\u0161\u00ed\u0159en\u00e1 jako akutn\u00ed virov\u00e9 infekce. Podle v\u011bdeck\u00fdch odhad\u016f parazit\u00e9, pl\u00edsn\u011b a patogenn\u00ed bakterie tr\u00e1p\u00ed \u017eivot ka\u017ed\u00e9ho t\u0159et\u00edho \u010dlov\u011bka na sv\u011bt\u011b a zp\u016fsobuj\u00ed gastrointestin\u00e1ln\u00ed poruchy a dal\u0161\u00ed zdravotn\u00ed probl\u00e9my. Parazit\u00e1rn\u00ed onemocn\u011bn\u00ed jsou zp\u016fsobena parazity, pl\u00edsn\u011bmi a patogenn\u00edmi bakteriemi, kter\u00e9 napadaj\u00ed lidsk\u00e9 t\u011blo. Paraziti \u017eij\u00ed z jin\u00e9ho \u017eiv\u00e9ho t\u011bla, po\u017e\u00edraj\u00ed energii, bu\u0148ky a \u017eiviny, kter\u00e9 p\u0159ij\u00edm\u00e1me. Jsou pln\u00e9 vitam\u00edn\u016f a zdrav\u00ed prosp\u011b\u0161n\u00fdch l\u00e1tek a sv\u00fdmi odpadn\u00edmi l\u00e1tkami otravuj\u00ed lidsk\u00fd organismus. Podle statistik trp\u00ed parazit\u00e1rn\u00edmi chorobami asi 5 miliard lid\u00ed na cel\u00e9m sv\u011bt\u011b. A toto \u010d\u00edslo m\u00e1 tendenci nar\u016fstat. Na za\u010d\u00e1tku 21. stolet\u00ed v\u011bdci zjistili, \u017ee 95 % populace Zem\u011b je infikov\u00e1no parazity, zat\u00edmco 99,9 % t\u011bch, kte\u0159\u00ed chovaj\u00ed dom\u00e1c\u00ed mazl\u00ed\u010dky (v\u010detn\u011b hlodavc\u016f a pt\u00e1k\u016f), parazita p\u0159en\u00e1\u0161\u00ed.  V Rusku je v\u00fdskyt parazit\u00e1rn\u00edch onemocn\u011bn\u00ed 1,5 milionu p\u0159\u00edpad\u016f. Celkem je nositeli helmint\u016f t\u00e9m\u011b\u0159 20 milion\u016f lid\u00ed, 70 % z nich jsou d\u011bti. Paraziti pronikaj\u00ed do t\u011bla na\u0161\u00ed k\u016f\u017e\u00ed, \u00fasty a sliznic\u00ed a za podm\u00ednky p\u0159\u00edzniv\u00e9ho prost\u0159ed\u00ed se okam\u017eit\u011b za\u010dnou mno\u017eit. Paraziti zp\u016fsobuj\u00ed alergick\u00e9 reakce, sni\u017euj\u00ed odolnost organismu v\u016f\u010di infekc\u00edm a \u010din\u00ed jej n\u00e1chyln\u00fdm k chronick\u00fdm onemocn\u011bn\u00edm. V d\u016fsledku dlouhodob\u00fdch \u00fatok\u016f parazit\u016f na lidsk\u00fd organismus utrp\u00ed org\u00e1ny a cel\u00fd imunitn\u00ed syst\u00e9m t\u011b\u017ekou r\u00e1nu. Neust\u00e1l\u00e1 konfrontace s ciz\u00edmi \u010diniteli nejen oslabuje obranyschopnost organismu, ale zp\u016fsobuje i sekund\u00e1rn\u00ed imunodeficienci, kter\u00e1 je \u017eivnou p\u016fdou pro rozvoj z\u00e1va\u017en\u00fdch chronick\u00fdch onemocn\u011bn\u00ed, kter\u00e1 nelze vyl\u00e9\u010dit b\u011b\u017en\u00fdmi metodami. Paraziti, pl\u00edsn\u011b a patogenn\u00ed bakterie spot\u0159ebov\u00e1vaj\u00ed v\u0161echny ty nejlep\u0161\u00ed \u017eiviny a t\u00edm devitalizuj\u00ed organismus. Pr\u00e1v\u011b kv\u016fli parazit\u016fm mohou \u010delit zdravotn\u00edm probl\u00e9m\u016fm i ti, kte\u0159\u00ed vedou zdrav\u00fd \u017eivot. Proto je t\u0159eba pamatovat na fakt, \u017ee revitalizace t\u011bla spr\u00e1vnou v\u00fd\u017eivou a fyzick\u00fdmi cvi\u010den\u00edmi m\u016f\u017ee b\u00fdt st\u00e1le nesmysln\u00e1. O\u010dista organismu m\u00e1 z\u00e1sadn\u00ed v\u00fdznam nejen pro likvidaci parazit\u016f, pl\u00edsn\u00ed a patogenn\u00edch bakteri\u00ed, ale tak\u00e9 pro normalizaci pr\u00e1ce tr\u00e1vic\u00edho syst\u00e9mu, odstran\u011bn\u00ed toxin\u016f a \u0161kodliv\u00fdch l\u00e1tek a obnoven\u00ed rovnov\u00e1hy st\u0159evn\u00ed mikrobi\u00e1ln\u00ed fl\u00f3ry.  <\/p>\n<h6>Pro koho se doporu\u010duje:<\/h6>\n<ul>\n<li>V\u0161em, kte\u0159\u00ed cht\u011bj\u00ed o\u010distit t\u011blo;<\/li>\n<li>Ti, kte\u0159\u00ed jed\u00ed hodn\u011b syrov\u00e9ho ovoce a zeleniny;<\/li>\n<li>Pro ty, kte\u0159\u00ed vedou aktivn\u00ed \u017eivotn\u00ed styl a sva\u010d\u00ed na rychl\u00e9m ob\u010derstven\u00ed;<\/li>\n<li>Pro ty, kte\u0159\u00ed jed\u00ed ve ve\u0159ejn\u00fdch stravovac\u00edch za\u0159\u00edzen\u00edch;<\/li>\n<li>Pro ty, kte\u0159\u00ed miluj\u00ed japonsk\u00e9 j\u00eddlo, zejm\u00e9na sushi a sashimi;<\/li>\n<li>Pro ty, kte\u0159\u00ed chovaj\u00ed dom\u00e1c\u00ed mazl\u00ed\u010dky;<\/li>\n<li>Pro ty, kte\u0159\u00ed trp\u00ed za\u017e\u00edvac\u00edmi probl\u00e9my.<\/li>\n<\/ul>\n<p><strong>Slo\u017een\u00ed:<\/strong> <a href=\"https:\/\/visionstore.co.rs\/seme-bundeve\/\">extrakt z d\u00fd\u0148ov\u00fdch semen<\/a> , <a href=\"https:\/\/visionstore.co.rs\/ursul-moj-imunitet-je-moja-tvrdjava\/\">such\u00fd \u010desnekov\u00fd extrakt<\/a> , <a href=\"https:\/\/visionstore.co.rs\/zalfija-lat-salvia-officinalis\/\">such\u00fd extrakt \u0161alv\u011bje<\/a> , <a href=\"https:\/\/visionstore.co.rs\/komorac-lat-foeniculum-vulgare-mill\/\">such\u00fd extrakt z moru\u0161e<\/a> , <a href=\"https:\/\/visionstore.co.rs\/crni-biber\/\">such\u00fd extrakt z pep\u0159e<\/a> , <a href=\"https:\/\/visionstore.co.rs\/zuta-lincura-i-karanfilic-u-proizvodu-za-ciscenje-od-parazita\/\">such\u00fd extrakt z h\u0159eb\u00ed\u010dku<\/a> , <a href=\"https:\/\/visionstore.co.rs\/zuta-lincura-i-karanfilic-u-proizvodu-za-ciscenje-od-parazita\/\">such\u00fd extrakt z lincury<\/a> , <a href=\"https:\/\/visionstore.co.rs\/cudesna-dejstva-magnezijuma\/\">ho\u0159\u010d\u00edk<\/a> . <strong>Mno\u017estv\u00ed: 60 kapsl\u00ed<\/strong> <strong>\u010cist\u00e1 hmotnost: 33g<\/strong><\/p>\n<table width=\"527\">\n<tbody>\n<tr>\n<td width=\"316\"><strong>AKTIVN\u00cd L\u00c1TKY:<\/strong><\/td>\n<td width=\"83\"><strong>2 kapsle (1,1 g)<\/strong><\/td>\n<td width=\"64\"><strong>%NRV*<\/strong><\/td>\n<\/tr>\n<tr>\n<td width=\"316\">Such\u00fd extrakt z d\u00fd\u0148ov\u00fdch sem\u00ednek ( <em>Cucurbita maxima Duchesne<\/em> ) 10:1<\/td>\n<td>200 mg<\/td>\n<td>**<\/td>\n<\/tr>\n<tr>\n<td>Such\u00fd extrakt z cibule \u010desneku ( <em>Allium sativum L.<\/em> ) 10:1<\/td>\n<td>100 mg<\/td>\n<td>**<\/td>\n<\/tr>\n<tr>\n<td>Such\u00fd extrakt z listu \u0161alv\u011bje l\u00e9ka\u0159sk\u00e9 ( <em>Salvia officinalis L.<\/em> ) 10:1<\/td>\n<td>100 mg<\/td>\n<td>**<\/td>\n<\/tr>\n<tr>\n<td>Such\u00fd extrakt z plod\u016f fenyklu ( <em>Foeniculum vulgare Mill.<\/em> )<\/td>\n<td>100 mg<\/td>\n<td>**<\/td>\n<\/tr>\n<tr>\n<td>Such\u00fd extrakt z plod\u016f pep\u0159e \u010dern\u00e9ho ( <em>Piper nigrum L.<\/em> )<\/td>\n<td>100 mg<\/td>\n<td>**<\/td>\n<\/tr>\n<tr>\n<td width=\"316\">Such\u00fd extrakt z kv\u011btu karafi\u00e1tu ( <em>Eugenia caryophyllata Thunb.<\/em> ) 10:1<\/td>\n<td>100 mg<\/td>\n<td>**<\/td>\n<\/tr>\n<tr>\n<td>Such\u00fd extrakt z ho\u0159ce ( <em>Gentiana lutea L.<\/em> )<\/td>\n<td>100 mg<\/td>\n<td width=\"64\">**<\/td>\n<\/tr>\n<tr>\n<td>Ho\u0159\u010d\u00edk<\/td>\n<td width=\"83\">62 mg<\/td>\n<td width=\"64\">17%<\/td>\n<\/tr>\n<\/tbody>\n<\/table>\n<p>  *NRV &#8211; nutri\u010dn\u00ed referen\u010dn\u00ed hodnota ** &#8211; nutri\u010dn\u00ed referen\u010dn\u00ed hodnota nebyla stanovena<\/p>\n","protected":false},"excerpt":{"rendered":"<ul>\n<li>\u010cist\u00ed organismus od parazit\u016f, patogenn\u00edch bakteri\u00ed<\/li>\n<li>Chr\u00e1n\u00ed st\u0159eva p\u0159ed toxiny, kter\u00e9 jsou d\u016fsledkem p\u0159\u00edtomnosti parazit\u016f.<\/li>\n<li>Revitalizuje st\u0159evn\u00ed mikrofl\u00f3ru<\/li>\n<li>Aktivuje enzymy pro spr\u00e1vn\u00e9 tr\u00e1ven\u00ed potravy<\/li>\n<\/ul>\n","protected":false},"featured_media":29215,"comment_status":"open","ping_status":"closed","template":"","meta":{"_acf_changed":false,"_uag_custom_page_level_css":"","site-sidebar-layout":"default","site-content-layout":"default","ast-site-content-layout":"default","site-content-style":"default","site-sidebar-style":"default","ast-global-header-display":"","ast-banner-title-visibility":"","ast-main-header-display":"","ast-hfb-above-header-display":"","ast-hfb-below-header-display":"","ast-hfb-mobile-header-display":"","site-post-title":"","ast-breadcrumbs-content":"","ast-featured-img":"","footer-sml-layout":"","ast-disable-related-posts":"","theme-transparent-header-meta":"default","adv-header-id-meta":"","stick-header-meta":"default","header-above-stick-meta":"","header-main-stick-meta":"","header-below-stick-meta":"","astra-migrate-meta-layouts":"default","ast-page-background-enabled":"default","ast-page-background-meta":{"desktop":{"background-color":"","background-image":"","background-repeat":"repeat","background-position":"center center","background-size":"auto","background-attachment":"scroll","background-type":"","background-media":"","overlay-type":"","overlay-color":"","overlay-opacity":"","overlay-gradient":""},"tablet":{"background-color":"","background-image":"","background-repeat":"repeat","background-position":"center center","background-size":"auto","background-attachment":"scroll","background-type":"","background-media":"","overlay-type":"","overlay-color":"","overlay-opacity":"","overlay-gradient":""},"mobile":{"background-color":"","background-image":"","background-repeat":"repeat","background-position":"center center","background-size":"auto","background-attachment":"scroll","background-type":"","background-media":"","overlay-type":"","overlay-color":"","overlay-opacity":"","overlay-gradient":""}},"ast-content-background-meta":{"desktop":{"background-color":"var(--ast-global-color-4)","background-image":"","background-repeat":"repeat","background-position":"center center","background-size":"auto","background-attachment":"scroll","background-type":"","background-media":"","overlay-type":"","overlay-color":"","overlay-opacity":"","overlay-gradient":""},"tablet":{"background-color":"var(--ast-global-color-4)","background-image":"","background-repeat":"repeat","background-position":"center center","background-size":"auto","background-attachment":"scroll","background-type":"","background-media":"","overlay-type":"","overlay-color":"","overlay-opacity":"","overlay-gradient":""},"mobile":{"background-color":"var(--ast-global-color-4)","background-image":"","background-repeat":"repeat","background-position":"center center","background-size":"auto","background-attachment":"scroll","background-type":"","background-media":"","overlay-type":"","overlay-color":"","overlay-opacity":"","overlay-gradient":""}},"jetpack_post_was_ever_published":false},"product_brand":[],"product_cat":[361],"product_tag":[],"class_list":{"0":"post-19211","1":"product","2":"type-product","3":"status-publish","4":"has-post-thumbnail","6":"product_cat-direct-hit","7":"desktop-align-center","8":"tablet-align-center","9":"mobile-align-center","10":"ast-product-gallery-layout-horizontal","11":"ast-product-tabs-layout-distributed","12":"ast-qv-on-image","14":"first","15":"instock","16":"taxable","17":"shipping-taxable","18":"purchasable","19":"product-type-simple"},"acf":[],"uagb_featured_image_src":{"full":["https:\/\/i0.wp.com\/visionstore.co.rs\/wp-content\/uploads\/2020\/07\/Deecleance.png?fit=1024%2C1024&ssl=1",1024,1024,false],"thumbnail":["https:\/\/i0.wp.com\/visionstore.co.rs\/wp-content\/uploads\/2020\/07\/Deecleance.png?resize=150%2C150&ssl=1",150,150,true],"medium":["https:\/\/i0.wp.com\/visionstore.co.rs\/wp-content\/uploads\/2020\/07\/Deecleance.png?fit=300%2C300&ssl=1",300,300,true],"medium_large":["https:\/\/i0.wp.com\/visionstore.co.rs\/wp-content\/uploads\/2020\/07\/Deecleance.png?fit=768%2C768&ssl=1",768,768,true],"large":["https:\/\/i0.wp.com\/visionstore.co.rs\/wp-content\/uploads\/2020\/07\/Deecleance.png?fit=1024%2C1024&ssl=1",1024,1024,true],"1536x1536":["https:\/\/i0.wp.com\/visionstore.co.rs\/wp-content\/uploads\/2020\/07\/Deecleance.png?fit=1024%2C1024&ssl=1",1024,1024,true],"2048x2048":["https:\/\/i0.wp.com\/visionstore.co.rs\/wp-content\/uploads\/2020\/07\/Deecleance.png?fit=1024%2C1024&ssl=1",1024,1024,true],"mailpoet_newsletter_max":["https:\/\/i0.wp.com\/visionstore.co.rs\/wp-content\/uploads\/2020\/07\/Deecleance.png?fit=1024%2C1024&ssl=1",1024,1024,true],"woocommerce_thumbnail":["https:\/\/i0.wp.com\/visionstore.co.rs\/wp-content\/uploads\/2020\/07\/Deecleance.png?fit=900%2C900&ssl=1",900,900,true],"woocommerce_single":["https:\/\/i0.wp.com\/visionstore.co.rs\/wp-content\/uploads\/2020\/07\/Deecleance.png?fit=1024%2C1024&ssl=1",1024,1024,true],"woocommerce_gallery_thumbnail":["https:\/\/i0.wp.com\/visionstore.co.rs\/wp-content\/uploads\/2020\/07\/Deecleance.png?resize=100%2C100&ssl=1",100,100,true]},"uagb_author_info":{"display_name":"admin","author_link":"https:\/\/visionstore.co.rs\/cs\/author\/"},"uagb_comment_info":5,"uagb_excerpt":"\u010cist\u00ed organismus od parazit\u016f, patogenn\u00edch bakteri\u00ed Chr\u00e1n\u00ed st\u0159eva p\u0159ed toxiny, kter\u00e9 jsou d\u016fsledkem p\u0159\u00edtomnosti parazit\u016f. Revitalizuje st\u0159evn\u00ed mikrofl\u00f3ru Aktivuje enzymy pro spr\u00e1vn\u00e9 tr\u00e1ven\u00ed potravy","jetpack_sharing_enabled":true,"_links":{"self":[{"href":"https:\/\/visionstore.co.rs\/cs\/wp-json\/wp\/v2\/product\/19211","targetHints":{"allow":["GET"]}}],"collection":[{"href":"https:\/\/visionstore.co.rs\/cs\/wp-json\/wp\/v2\/product"}],"about":[{"href":"https:\/\/visionstore.co.rs\/cs\/wp-json\/wp\/v2\/types\/product"}],"replies":[{"embeddable":true,"href":"https:\/\/visionstore.co.rs\/cs\/wp-json\/wp\/v2\/comments?post=19211"}],"wp:featuredmedia":[{"embeddable":true,"href":"https:\/\/visionstore.co.rs\/cs\/wp-json\/wp\/v2\/media\/29215"}],"wp:attachment":[{"href":"https:\/\/visionstore.co.rs\/cs\/wp-json\/wp\/v2\/media?parent=19211"}],"wp:term":[{"taxonomy":"product_brand","embeddable":true,"href":"https:\/\/visionstore.co.rs\/cs\/wp-json\/wp\/v2\/product_brand?post=19211"},{"taxonomy":"product_cat","embeddable":true,"href":"https:\/\/visionstore.co.rs\/cs\/wp-json\/wp\/v2\/product_cat?post=19211"},{"taxonomy":"product_tag","embeddable":true,"href":"https:\/\/visionstore.co.rs\/cs\/wp-json\/wp\/v2\/product_tag?post=19211"}],"curies":[{"name":"wp","href":"https:\/\/api.w.org\/{rel}","templated":true}]}}