{"id":19729,"date":"2023-11-22T15:29:08","date_gmt":"2023-11-22T14:29:08","guid":{"rendered":"https:\/\/visionstore.co.rs\/product\/collagen-up-classic\/"},"modified":"2024-07-17T10:59:18","modified_gmt":"2024-07-17T08:59:18","slug":"collagen-up","status":"publish","type":"product","link":"https:\/\/visionstore.co.rs\/cs\/product\/collagen-up\/","title":{"rendered":"Collagen Up Classic"},"content":{"rendered":"<p>\u017divot je neoceniteln\u00fd dar, kter\u00fd \u010dlov\u011bk v mlad\u00e9m v\u011bku \u010dasto bezstarostn\u011b vyu\u017e\u00edv\u00e1. Ale i ve zral\u00e9m v\u011bku m\u016f\u017ee b\u00fdt \u017eivot napl\u0148uj\u00edc\u00ed, pln\u00fd barevn\u00fdch vjem\u016f a ud\u00e1lost\u00ed, tzn. t\u00e9m\u011b\u0159 stejn\u011b aktivn\u00ed jako v p\u0159edchoz\u00edch letech.  \u010clov\u011bk je dostate\u010dn\u011b zodpov\u011bdn\u00e1 bytost, aby to sv\u00e9mu organismu poskytla.<\/p>\n<p><strong>Collagen UP Classic<\/strong> je \u0161pi\u010dkov\u00e9 slo\u017een\u00ed, kter\u00e9 p\u0159ekon\u00e1v\u00e1 standardy v p\u00e9\u010di a podpo\u0159e pohybov\u00e9ho apar\u00e1tu, poko\u017eky, vlas\u016f, neht\u016f, c\u00e9v&#8230; Tento produkt je v\u00fdsledkem \u010dty\u0159let\u00e9ho v\u00fdzkumu a v\u00fdvoje, v\u00fdsledkem spolupr\u00e1ce s presti\u017en\u00edmi instituc\u00ed po cel\u00e9 Evrop\u011b, Rusku a tak\u00e9 s farmaceutick\u00fdmi fakultami v B\u011blehrad\u011b a Nov\u00e9m Sadu. C\u00edlen\u011b vytvo\u0159en\u00fd tak, aby spl\u0148oval ty nejvy\u0161\u0161\u00ed n\u00e1roky, <strong>Collagen UP Classic<\/strong> poskytuje nejen zjevn\u00e9 estetick\u00e9 v\u00fdhody, ale tak\u00e9 pronik\u00e1 hluboko do celkov\u00e9ho zdrav\u00ed lidsk\u00e9ho organismu a poskytuje nezbytnou podporu pro zachov\u00e1n\u00ed vitality a mladistv\u00e9ho vzhledu.<\/p>\n<p><strong>Collagen UP Classic<\/strong> nen\u00ed jen produkt, ale v\u00fdsledek oddanosti \u0161pi\u010dkov\u00e9 kvalit\u011b a dlouhodob\u00e9mu v\u00fdzkumu. Tato jedine\u010dn\u00e1 sm\u011bs, vytvo\u0159en\u00e1 z pe\u010dliv\u011b vybran\u00fdch vysoce kvalitn\u00edch ingredienc\u00ed, proch\u00e1z\u00ed \u010dty\u0159let\u00fdm odborn\u00fdm v\u00fdzkumem a testov\u00e1n\u00edm, aby p\u0159inesla optim\u00e1ln\u00ed v\u00fdsledky. <strong>Ryb\u00ed kolagen typu 1, hyaluron\u00e1t sodn\u00fd, vitam\u00edn C, koenzym Q10, vitam\u00edn E a biotin<\/strong> spole\u010dn\u011b vytv\u00e1\u0159ej\u00ed silnou synergii, kter\u00e1 se zam\u011b\u0159uje na v\u0161echny kl\u00ed\u010dov\u00e9 aspekty t\u011bla: k\u016f\u017ei, vazy, klouby, kosti, svaly, \u0161lachy, c\u00e9vy, d\u00e1sn\u011b, o\u010di. , nehty a vlasy.<\/p>\n<p>Vysoce kvalitn\u00ed <strong>ryb\u00ed kolagen<\/strong>, speci\u00e1ln\u011b vybran\u00fd pro svou biologickou podobnost s lidsk\u00fdm kolagenem, poskytuje poko\u017ece struktur\u00e1ln\u00ed podporu, d\u00edky \u010demu\u017e je pevn\u00e1 a pru\u017en\u00e1.<\/p>\n<p><strong>Ryb\u00ed kolagen<\/strong> je komplexn\u00ed struktur\u00e1ln\u00ed protein, kter\u00fd pom\u00e1h\u00e1 udr\u017eovat pevnost a pru\u017enost k\u016f\u017ee, vaz\u016f, kloub\u016f, kost\u00ed, sval\u016f, \u0161lach, c\u00e9v, d\u00e1sn\u00ed, o\u010d\u00ed, neht\u016f a vlas\u016f. Tento typ kolagenu se naz\u00fdv\u00e1 typ I a je to nejroz\u0161\u00ed\u0159en\u011bj\u0161\u00ed typ kolagenu v lidsk\u00e9m t\u011ble. Typ I je nejl\u00e9pe zn\u00e1m\u00fd t\u00edm, \u017ee poskytuje proteinov\u00fd z\u00e1klad pro kr\u00e1snou poko\u017eku, siln\u00e9 pojivov\u00e9 tk\u00e1n\u011b a siln\u00e9 kosti.<\/p>\n<p><strong>Ryb\u00ed kolagen<\/strong> se do t\u011bla vst\u0159eb\u00e1v\u00e1 1,5kr\u00e1t \u00fa\u010dinn\u011bji ne\u017e kolagen z hov\u011bz\u00edho nebo vep\u0159ov\u00e9ho masa (tedy ty, kter\u00e9 se nej\u010dast\u011bji pou\u017e\u00edvaj\u00ed ve v\u00fd\u017eivov\u00fdch dopl\u0148c\u00edch). Proto\u017ee se efektivn\u011bji vst\u0159eb\u00e1v\u00e1 a rychleji se dost\u00e1v\u00e1 do krevn\u00edho ob\u011bhu, je pova\u017eov\u00e1n za nejlep\u0161\u00ed zdroj kolagenu pro l\u00e9ka\u0159sk\u00e9 \u00fa\u010dely.<\/p>\n<p><strong>Hyaluron\u00e1t sodn\u00fd<\/strong>, molekul\u00e1rn\u00ed deriv\u00e1t kyseliny hyaluronov\u00e9, pronik\u00e1 hluboko do bun\u011bk a poskytuje hydrataci, kter\u00e1 revitalizuje poko\u017eku a z\u00e1rove\u0148 redukuje jemn\u00e9 linky a vr\u00e1sky.<\/p>\n<p><strong>Hyaluron\u00e1t sodn\u00fd<\/strong> je sodn\u00e1 s\u016fl kyseliny hyaluronov\u00e9, glykosaminoglykanu, kter\u00fd se nach\u00e1z\u00ed v r\u016fzn\u00fdch lidsk\u00fdch pojivov\u00fdch tk\u00e1n\u00edch.<\/p>\n<p>S p\u0159ib\u00fdvaj\u00edc\u00edm v\u011bkem hladina <strong>hyaluronanu sodn\u00e9ho<\/strong> kles\u00e1, co\u017e m\u016f\u017ee v\u00e9st k vr\u00e1sk\u00e1m, ztr\u00e1t\u011b pevnosti poko\u017eky a celkov\u00e9mu st\u00e1rnut\u00ed t\u011bla. Na rozd\u00edl od zn\u00e1m\u00e9 kyseliny hyaluronov\u00e9 m\u00e1 <strong>hyaluron\u00e1t sodn\u00fd<\/strong> siln\u011bj\u0161\u00ed \u00fa\u010dinek.<\/p>\n<p><strong>Hyaluron\u00e1t sodn\u00fd<\/strong> z\u00edskan\u00fd na rostlinn\u00e9 b\u00e1zi biotechnologickou metodou se stal ide\u00e1ln\u00ed n\u00e1hradou kyseliny hyaluronov\u00e9 \u017eivo\u010di\u0161n\u00e9ho p\u016fvodu. Hyaluron\u00e1t je elastick\u00fd biopolymer, kter\u00fd p\u0159em\u011b\u0148uje vlhkost uvnit\u0159 poko\u017eky na gel.<\/p>\n<p>Chemicky je <strong>hyaluron\u00e1t sodn\u00fd<\/strong> s\u016fl odvozenou od kyseliny hyaluronov\u00e9 a m\u00e1 p\u0159i aplikaci \u0159adu v\u00fdhod ve srovn\u00e1n\u00ed se samotnou kyselinou hyaluronovou. S\u00edla hyaluronanu sodn\u00e9ho spo\u010d\u00edv\u00e1 v jeho velikosti \u010d\u00e1stic. Slo\u017eky jsou ve form\u011b soli, stabiln\u011bj\u0161\u00ed a m\u00e9n\u011b n\u00e1chyln\u00e9 k oxidaci. V produktech se pou\u017e\u00edv\u00e1 jak kyselina hyaluronov\u00e1, tak hyaluron\u00e1t sodn\u00fd, ale lid\u00e9 je \u010dasto naz\u00fdvaj\u00ed jedine\u010dn\u00fdm n\u00e1zvem kyseliny \u2013 existuj\u00ed v\u0161ak n\u011bkter\u00e9 kl\u00ed\u010dov\u00e9 rozd\u00edly. Hraje d\u016fle\u017eitou roli p\u0159i kontrole propustnosti tk\u00e1n\u00ed, ochran\u011b a lubrikaci bun\u011bk, zadr\u017eov\u00e1n\u00ed tekutin a makromolekul\u00e1rn\u00edm transportu mezi bu\u0148kami. Vznik\u00e1 enzymatick\u00fdm rozkladem vysokomolekul\u00e1rn\u00ed kyseliny hyaluronov\u00e9 na mal\u00e9 fragmenty. <strong>Hyaluron\u00e1t sodn\u00fd (kyselina hyaluronov\u00e1)<\/strong> m\u016f\u017ee napom\u00e1hat procesu hojen\u00ed ran t\u00edm, \u017ee podporuje regeneraci tk\u00e1n\u00ed a sni\u017euje z\u00e1n\u011bt. Vytv\u00e1\u0159\u00ed optim\u00e1ln\u00ed prost\u0159ed\u00ed pro regeneraci poko\u017eky.<\/p>\n<p>Receptura obohacen\u00e1 o <strong>vitam\u00edn C<\/strong>, nezbytn\u00fd antioxidant, nejen podporuje tvorbu kolagenu, ale tak\u00e9 chr\u00e1n\u00ed poko\u017eku p\u0159ed voln\u00fdmi radik\u00e1ly, p\u0159isp\u00edv\u00e1 k z\u00e1\u0159ivosti a pevnosti poko\u017eky.<\/p>\n<p><strong>Vitamin C<\/strong> zaji\u0161\u0165uje aktivaci synt\u00e9zy kolagenu: stimuluje synt\u00e9zu kolagenu aktivac\u00ed jeho regula\u010dn\u00edho genu (transkrip\u010dn\u00ed efekt). Pod\u00edl\u00ed se na synt\u00e9ze hlavn\u00edch slo\u017eek extracelul\u00e1rn\u00ed matrix pojivov\u00e9 tk\u00e1n\u011b, na aktivaci peptidov\u00fdch hormon\u016f a katabolismu tyrosinu. <strong>Vitamin C<\/strong> je d\u00edky sv\u00e9 \u00faloze p\u0159i synt\u00e9ze kolagenu velmi nezbytn\u00fd pro v\u00fdvoj a \u00fadr\u017ebu krevn\u00edch c\u00e9v a chrupavek.<\/p>\n<p><strong>Vitamin C<\/strong> je pot\u0159ebn\u00fd k udr\u017een\u00ed <strong>vitaminu E<\/strong> v aktivn\u00ed form\u011b redukc\u00ed tokoferoxylov\u00e9ho radik\u00e1lu, kter\u00fd vznik\u00e1 oxidac\u00ed vitaminu E. Tyto dva vitaminy p\u016fsob\u00ed synergicky; <strong>vitamin E<\/strong> p\u016fsob\u00ed jako prim\u00e1rn\u00ed antioxidant a vznikl\u00fd radik\u00e1l reaguje s <strong>vitaminem C<\/strong> a vitamin E se op\u011bt vyr\u00e1b\u00ed (regeneruje).<\/p>\n<p><strong>Koenzym Q10<\/strong> , kl\u00ed\u010dov\u00fd hr\u00e1\u010d p\u0159i zachov\u00e1n\u00ed bun\u011b\u010dn\u00e9 energie, spolu s <strong>vitam\u00ednem E<\/strong> , dal\u0161\u00edm antioxidantem, chr\u00e1n\u00ed poko\u017eku p\u0159ed oxida\u010dn\u00edm stresem a zpomaluje proces st\u00e1rnut\u00ed. <strong>Koenzym Q10<\/strong> , tak\u00e9 zn\u00e1m\u00fd jako ubichinon, je p\u0159irozen\u00fd enzym v lidsk\u00e9m t\u011ble, kter\u00fd se pod\u00edl\u00ed na v\u00fdrob\u011b energie a je jedn\u00edm z nejd\u016fle\u017eit\u011bj\u0161\u00edch antioxidant\u016f. <strong>Koenzym Q10<\/strong> je slo\u017eka u\u017eite\u010dn\u00e1 nejen pro kr\u00e1su, ale i pro zdrav\u00ed cel\u00e9ho organismu. Jeho antioxida\u010dn\u00ed vlastnosti maj\u00ed p\u0159\u00edzniv\u00fd vliv na fungov\u00e1n\u00ed t\u00e9m\u011b\u0159 v\u0161ech org\u00e1n\u016f, proto je za\u0159azen\u00ed dopl\u0148k\u016f stravy s ubichinonem do j\u00eddeln\u00ed\u010dku kl\u00ed\u010dov\u00e9 v boji proti mnoha chronick\u00fdm onemocn\u011bn\u00edm, zejm\u00e9na t\u011bm, kter\u00e9 jsou zp\u016fsobeny oxidativn\u00edm stresem v d\u016fsledku p\u016fsoben\u00ed voln\u00fdch radik\u00e1l\u016f. Vysok\u00fd krevn\u00ed tlak neboli hypertenze je jedn\u00edm z rizikov\u00fdch faktor\u016f kardiovaskul\u00e1rn\u00edch onemocn\u011bn\u00ed. Ale <strong>koenzym Q10<\/strong> m\u016f\u017ee sn\u00ed\u017eit systolick\u00fd a diastolick\u00fd krevn\u00ed tlak, a t\u00edm sn\u00ed\u017eit riziko kardiovaskul\u00e1rn\u00edch onemocn\u011bn\u00ed. <strong>Koenzym Q10<\/strong> stimuluje t\u011blo k produkci kolagenu a elastinu, co\u017e urychluje regeneraci bun\u011bk a udr\u017euje elasticitu poko\u017eky, je v\u00fdbornou prevenc\u00ed vr\u00e1sek. <strong>Kolagen<\/strong> poskytuje tk\u00e1n\u00edm struktur\u00e1ln\u00ed stabilitu a elasticitu. Kolagenov\u00e1 vl\u00e1kna jsou zvl\u00e1\u0161t\u011b odoln\u00e1 proti natahov\u00e1n\u00ed, tak\u017ee i p\u0159i nejv\u011bt\u0161\u00ed z\u00e1t\u011b\u017ei se prodlou\u017e\u00ed pouze o 5 %. Bez kolagenu by se l\u00e1maly kosti, svaly by se nemohly stahovat, c\u00e9vy by nemohly p\u0159iv\u00e1d\u011bt kysl\u00edk a \u017eiviny do org\u00e1n\u016f&#8230;<\/p>\n<p><strong>Biotin (vitam\u00edn B7 nebo vitam\u00edn H)<\/strong> se stal kl\u00ed\u010dovou sou\u010d\u00e1st\u00ed t\u00e9to formule pro svou schopnost podporovat zdrav\u00fd r\u016fst vlas\u016f a neht\u016f, \u010d\u00edm\u017e p\u0159isp\u00edv\u00e1 k celkov\u00e9mu pocitu vitality a kr\u00e1sy. <strong>Biotin<\/strong> je nezbytn\u00fd pro synt\u00e9zu gluk\u00f3zy v t\u011ble, tvorbu inzul\u00ednu, zdrav\u00e9 fungov\u00e1n\u00ed nervov\u00fdch bun\u011bk a potn\u00edch \u017el\u00e1z. Molekul\u00e1rn\u00ed struktura t\u00e9to l\u00e1tky zahrnuje s\u00edru, kter\u00e1 je nezbytn\u00e1 pro zdravou kr\u00e1su vlas\u016f, neht\u016f a poko\u017eky, a proto ji n\u011bkte\u0159\u00ed kosmetologov\u00e9 naz\u00fdvaj\u00ed \u201evitam\u00edn kr\u00e1sy\u201c. <strong>Biotin<\/strong> se pod\u00edl\u00ed na synt\u00e9ze hemoglobinu a je proto d\u016fle\u017eit\u00fd pro krvetvorbu (tvorbu krevn\u00edch slo\u017eek). Bez t\u00e9to l\u00e1tky se t\u011blo nem\u016f\u017ee zbavit oxidu uhli\u010dit\u00e9ho a nem\u016f\u017ee tedy d\u00fdchat.<\/p>\n<h6><strong>Kolagen (ryb\u00ed kolagen typu 1)<\/strong><\/h6>\n<p>Kl\u00ed\u010dov\u00e1 slo\u017eka <strong>Collagen UP Classic<\/strong>, vysoce kvalitn\u00ed <strong>ryb\u00ed kolagen<\/strong> typu 1, poskytuje poko\u017ece struktur\u00e1ln\u00ed podporu, d\u00edky \u010demu\u017e je pevn\u00e1, pru\u017en\u00e1 a hydratovan\u00e1. Toto jedine\u010dn\u00e9 slo\u017een\u00ed je navr\u017eeno tak, aby umo\u017e\u0148ovalo snadnou integraci peptid\u016f ryb\u00edho kolagenu se zbytkem struktury poko\u017eky, \u010d\u00edm\u017e poskytuje optim\u00e1ln\u00ed biologickou podobnost s lidsk\u00fdm kolagenem. V synergii s <strong>hyaluron\u00e1tem sodn\u00fdm<\/strong> tato kombinace nejen hydratuje povrchov\u00e9 vrstvy poko\u017eky, ale tak\u00e9 pronik\u00e1 hluboko do bun\u011bk a poskytuje integr\u00e1ln\u00ed podporu pro zachov\u00e1n\u00ed zdrav\u00ed a mladistv\u00e9ho vzhledu poko\u017eky. <strong>Ryb\u00ed kolagen typu 1, hyaluron\u00e1t sodn\u00fd, vitam\u00edn C, koenzym Q10, vitam\u00edn E a biotin<\/strong> spole\u010dn\u011b vytv\u00e1\u0159ej\u00ed silnou synergii, kter\u00e1 se zam\u011b\u0159uje na v\u0161echny kl\u00ed\u010dov\u00e9 aspekty t\u011bla: k\u016f\u017ei, vazy, klouby, kosti, svaly, \u0161lachy, c\u00e9vy, d\u00e1sn\u011b, o\u010di. , nehty a vlasy.<\/p>\n<h6><strong>Hyaluron\u00e1t sodn\u00fd<\/strong><\/h6>\n<p>Molekul\u00e1rn\u00ed deriv\u00e1t kyseliny hyaluronov\u00e9, <strong>hyaluron\u00e1t sodn\u00fd<\/strong>, je kl\u00ed\u010dovou slo\u017ekou, kter\u00e1 poskytuje hloubkovou hydrataci, kter\u00e1 revitalizuje poko\u017eku. V interakci s <strong>ryb\u00edm kolagenem<\/strong> vytv\u00e1\u0159\u00ed <strong>hyaluron\u00e1t sodn\u00fd<\/strong> synergii, kter\u00e1 nejen hydratuje povrchov\u00e9 vrstvy poko\u017eky, ale tak\u00e9 pronik\u00e1 hluboko do bun\u011bk, pom\u00e1h\u00e1 zachovat objem, redukovat jemn\u00e9 linky a zlep\u0161ovat texturu poko\u017eky. Tato sm\u011bs p\u016fsob\u00ed jako \u00fa\u010dinn\u00fd \u0161t\u00edt proti ztr\u00e1t\u011b hydratace, p\u0159isp\u00edv\u00e1 k celkov\u00e9mu zdrav\u00ed organismu a mladistv\u00e9mu \u200b\u200bvzhledu poko\u017eky. S dal\u0161\u00edmi slo\u017ekami tohoto siln\u00e9ho komplexu vytv\u00e1\u0159\u00ed silnou synergii, kter\u00e1 se zam\u011b\u0159uje na v\u0161echny kl\u00ed\u010dov\u00e9 aspekty t\u011bla: k\u016f\u017ei, vazy, klouby, kosti, svaly, \u0161lachy, krevn\u00ed c\u00e9vy, d\u00e1sn\u011b, o\u010di, nehty a vlasy.<\/p>\n<h6><strong>Vitam\u00edn C<\/strong><\/h6>\n<p>\u010cist\u00fd <strong>vitam\u00edn C<\/strong> ve formulaci <strong>Collagen UP Classic<\/strong> je kl\u00ed\u010dovou slo\u017ekou pro stimulaci tvorby kolagenu. Tento siln\u00fd antioxidant chr\u00e1n\u00ed poko\u017eku p\u0159ed voln\u00fdmi radik\u00e1ly a oxida\u010dn\u00edm stresem, \u010d\u00edm\u017e zpomaluje proces st\u00e1rnut\u00ed. V kombinaci s <strong>ryb\u00edm kolagenem a hyaluron\u00e1tem sodn\u00fdm<\/strong> vytv\u00e1\u0159\u00ed <strong>vitam\u00edn C<\/strong> siln\u00e9 slo\u017een\u00ed, kter\u00e9 nejen vy\u017eivuje poko\u017eku, ale tak\u00e9 stimuluje regeneraci bun\u011bk. Synergie t\u011bchto slo\u017eek zlep\u0161uje pevnost, pru\u017enost a lesk poko\u017eky a p\u0159isp\u00edv\u00e1 k dlouhodob\u00e9mu zachov\u00e1n\u00ed mladistv\u00e9ho vzhledu. <strong>Vitamin C<\/strong> je d\u00edky sv\u00e9 \u00faloze p\u0159i synt\u00e9ze kolagenu velmi nezbytn\u00fd pro v\u00fdvoj a \u00fadr\u017ebu krevn\u00edch c\u00e9v a chrupavek.<\/p>\n<h6><strong>Koenzym Q10<\/strong><\/h6>\n<p>P\u0159\u00eddavek <strong>koenzymu Q10<\/strong> ve formulaci <strong>Collagen UP Classic<\/strong> p\u0159in\u00e1\u0161\u00ed jedine\u010dnou energii. Tento siln\u00fd enzym podporuje bun\u011b\u010dnou energii a \u00fa\u010dinn\u011b sni\u017euje tvorbu voln\u00fdch radik\u00e1l\u016f. V kombinaci s <strong>vitam\u00ednem E<\/strong> <strong>koenzym Q10<\/strong> chr\u00e1n\u00ed poko\u017eku p\u0159ed oxidativn\u00edm stresem, podporuje regeneraci bun\u011bk a udr\u017euje vitalitu. S <strong>ryb\u00edm kolagenem<\/strong> tato kombinace podporuje struktur\u00e1ln\u00ed integritu poko\u017eky a zaji\u0161\u0165uje tak dlouhotrvaj\u00edc\u00ed \u00fa\u010dinek proti st\u00e1rnut\u00ed. <strong>Koenzym Q10<\/strong> dok\u00e1\u017ee sni\u017eovat systolick\u00fd a diastolick\u00fd krevn\u00ed tlak, \u010d\u00edm\u017e sni\u017euje riziko kardiovaskul\u00e1rn\u00edch onemocn\u011bn\u00ed. <strong>Koenzym Q10<\/strong> stimuluje t\u011blo k produkci kolagenu a elastinu, co\u017e urychluje regeneraci bun\u011bk a udr\u017euje elasticitu poko\u017eky, je v\u00fdbornou prevenc\u00ed vr\u00e1sek.<\/p>\n<h6><strong>Vitam\u00edn E<\/strong><\/h6>\n<p>Tokoferol, nej\u010dist\u0161\u00ed forma <strong>vitaminu E<\/strong>, hraje d\u016fle\u017eitou roli v komplexu <strong>Collagen UP Classic<\/strong> jako dal\u0161\u00ed antioxidant. Tento vitam\u00edn chr\u00e1n\u00ed poko\u017eku p\u0159ed oxidativn\u00edm stresem, zlep\u0161uje t\u00f3n a texturu a poskytuje dlouhodobou ochranu p\u0159ed po\u0161kozen\u00edm zp\u016fsoben\u00fdm voln\u00fdmi radik\u00e1ly. V synergii s <strong>ryb\u00edm kolagenem<\/strong>, <strong>hyaluron\u00e1tem sodn\u00fdm<\/strong>, <strong>vitam\u00ednem C a koenzymem Q10<\/strong> p\u0159isp\u00edv\u00e1 <strong>vitam\u00edn E<\/strong> ke komplexn\u00ed podpo\u0159e poko\u017eky a vytv\u00e1\u0159\u00ed formulaci, kter\u00e1 p\u0159ed\u010d\u00ed standardn\u00ed kosmetick\u00e9 produkty.<\/p>\n<h6><strong>Biotin<\/strong><\/h6>\n<p><strong>Biotin<\/strong>, tak\u00e9 zn\u00e1m\u00fd jako vitam\u00edn H, je kl\u00ed\u010dovou slo\u017ekou produktu <strong>Collagen UP Classic<\/strong>. Tento esenci\u00e1ln\u00ed vitam\u00edn B podporuje zdrav\u00fd r\u016fst vlas\u016f, posiluje nehty a zachov\u00e1v\u00e1 integritu poko\u017eky. Prost\u0159ednictv\u00edm pe\u010dliv\u011b zvolen\u00e9 d\u00e1vky je biotin integrov\u00e1n do receptury a p\u0159isp\u00edv\u00e1 k celkov\u00e9mu pocitu vitality. Interakce se v\u0161emi ostatn\u00edmi slo\u017ekami vytv\u00e1\u0159\u00ed holistickou podporu pro poko\u017eku, vlasy a nehty, co\u017e p\u0159isp\u00edv\u00e1 k celkov\u00e9mu pocitu kr\u00e1sy a sebev\u011bdom\u00ed.<\/p>\n<p><strong>Slo\u017een\u00ed:<\/strong> <a href=\"https:\/\/visionstore.co.rs\/kolagen\/\">ryb\u00ed kolagen typu 1<\/a>, hyaluron\u00e1t sodn\u00fd, <a href=\"https:\/\/visionstore.co.rs\/koliko-je-vazan-vitamin-c\/\">vitam\u00edn C<\/a>, <a href=\"https:\/\/visionstore.co.rs\/cs\/koenzim-q10-2\/\">koenzym Q10<\/a>, <a href=\"https:\/\/visionstore.co.rs\/vitamin-e-2\/\">vitam\u00edn E<\/a> a biotin.<\/p>\n<p><strong>Mno\u017estv\u00ed: 60 HPMC kapsl\u00ed<\/strong><\/p>\n<p><strong>\u010cist\u00e1 hmotnost: 36,60<\/strong> <strong>g<\/strong><\/p>\n<table width=\"528\">\n<tbody>\n<tr>\n<td width=\"252\"><strong>\u00da\u010cINN\u00c9 L\u00c1TKY:<\/strong><\/td>\n<td width=\"212\"><strong>2 kapsle<\/strong><\/td>\n<td width=\"64\"><strong>%NRV*<\/strong><\/td>\n<\/tr>\n<tr>\n<td>Hydrolyz\u00e1t ryb\u00edho kolagenu (kolagenov\u00e9 peptidy)<\/td>\n<td>600 mg<\/td>\n<td>**<\/td>\n<\/tr>\n<tr>\n<td>Kyselina hyaluronov\u00e1<\/td>\n<td>30 mg<\/td>\n<td>**<\/td>\n<\/tr>\n<tr>\n<td>Vitam\u00edn C<\/td>\n<td>200 mg<\/td>\n<td>250%<\/td>\n<\/tr>\n<tr>\n<td>Koenzym Q10<\/td>\n<td>60 mg<\/td>\n<td>**<\/td>\n<\/tr>\n<tr>\n<td>Vitam\u00edn E<\/td>\n<td>30 mg \u03b1-TE***<\/td>\n<td>250%<\/td>\n<\/tr>\n<tr>\n<td>Biotin<\/td>\n<td>100 \u00b5g<\/td>\n<td>200%<\/td>\n<\/tr>\n<\/tbody>\n<\/table>\n<p>*NRV &#8211; nutri\u010dn\u00ed referen\u010dn\u00ed hodnota<br \/>\n** &#8211; nutri\u010dn\u00ed referen\u010dn\u00ed hodnota nebyla stanovena<br \/>\n***a-TE=ekvivalent a-tokoferolu<\/p>\n","protected":false},"excerpt":{"rendered":"<ul>\n<li>Hloubkov\u00e1 hydratace a revitalizace: Collagen UP Classic poskytuje intenzivn\u00ed hydrataci, kter\u00e1 pronik\u00e1 hluboko do ko\u017en\u00edch bun\u011bk, revitalizuje ji a zanech\u00e1v\u00e1 ji jemnou, hladkou a hydratovanou.<\/li>\n<li>Redukce viditelnosti vr\u00e1sek a jemn\u00fdch linek: D\u00edky kombinaci ryb\u00edho kolagenu, hyaluron\u00e1tu sodn\u00e9ho a vitam\u00ednu C p\u0159\u00edpravek \u00fa\u010dinn\u011b redukuje viditelnost vr\u00e1sek a jemn\u00fdch linek, zlep\u0161uje pevnost a tonus poko\u017eky.<\/li>\n<li>Stimulace p\u0159irozen\u00e9 produkce kolagenu: \u010cist\u00fd vitam\u00edn C ve slo\u017een\u00ed stimuluje p\u0159irozenou tvorbu kolagenu, poskytuje dlouhodob\u00fd efekt pos\u00edlen\u00ed struktury poko\u017eky a sn\u00ed\u017een\u00ed zn\u00e1mek st\u00e1rnut\u00ed.<\/li>\n<li>Antioxida\u010dn\u00ed ochrana: Siln\u00e9 antioxidanty jako vitam\u00edny C, E a koenzym Q10 poskytuj\u00ed ochranu p\u0159ed voln\u00fdmi radik\u00e1ly, \u010d\u00edm\u017e zabra\u0148uj\u00ed oxida\u010dn\u00edmu stresu a p\u0159isp\u00edvaj\u00ed k dlouhodob\u00e9mu zdrav\u00ed poko\u017eky.<\/li>\n<li>Kompletn\u00ed p\u00e9\u010de o vlasy a nehty: Biotin ve slo\u017een\u00ed podporuje zdrav\u00ed vlas\u016f, zlep\u0161uje jejich r\u016fst a posiluje nehty, poskytuje kompletn\u00ed p\u00e9\u010di a podporu estetiky.<\/li>\n<li>Struktur\u00e1ln\u00ed pevnost poko\u017eky: Peptidy ryb\u00edho kolagenu typu 1 a dal\u0161\u00ed slo\u017eky podporuj\u00ed struktur\u00e1ln\u00ed integritu poko\u017eky, \u010din\u00ed ji pevnou, elastickou a odolnou v\u016f\u010di vn\u011bj\u0161\u00edm vliv\u016fm.<\/li>\n<li>Dlouhotrvaj\u00edc\u00ed estetick\u00fd efekt: Collagen UP Classic poskytuje nejen okam\u017eit\u00e9 v\u00fdhody, ale i dlouhodob\u00fd estetick\u00fd efekt. P\u0159i pravideln\u00e9m pou\u017e\u00edv\u00e1n\u00ed zachov\u00e1v\u00e1 p\u0159\u00edpravek mladistv\u00fd vzhled poko\u017eky, vlas\u016f a neht\u016f, poskytuje dlouhodobou podporu kr\u00e1sy a sebev\u011bdom\u00ed.<\/li>\n<\/ul>\n","protected":false},"featured_media":28867,"comment_status":"open","ping_status":"closed","template":"","meta":{"_acf_changed":false,"_uag_custom_page_level_css":"","site-sidebar-layout":"default","site-content-layout":"","ast-site-content-layout":"default","site-content-style":"default","site-sidebar-style":"default","ast-global-header-display":"","ast-banner-title-visibility":"","ast-main-header-display":"","ast-hfb-above-header-display":"","ast-hfb-below-header-display":"","ast-hfb-mobile-header-display":"","site-post-title":"","ast-breadcrumbs-content":"","ast-featured-img":"","footer-sml-layout":"","ast-disable-related-posts":"","theme-transparent-header-meta":"default","adv-header-id-meta":"","stick-header-meta":"default","header-above-stick-meta":"","header-main-stick-meta":"","header-below-stick-meta":"","astra-migrate-meta-layouts":"default","ast-page-background-enabled":"default","ast-page-background-meta":{"desktop":{"background-color":"","background-image":"","background-repeat":"repeat","background-position":"center center","background-size":"auto","background-attachment":"scroll","background-type":"","background-media":"","overlay-type":"","overlay-color":"","overlay-opacity":"","overlay-gradient":""},"tablet":{"background-color":"","background-image":"","background-repeat":"repeat","background-position":"center center","background-size":"auto","background-attachment":"scroll","background-type":"","background-media":"","overlay-type":"","overlay-color":"","overlay-opacity":"","overlay-gradient":""},"mobile":{"background-color":"","background-image":"","background-repeat":"repeat","background-position":"center center","background-size":"auto","background-attachment":"scroll","background-type":"","background-media":"","overlay-type":"","overlay-color":"","overlay-opacity":"","overlay-gradient":""}},"ast-content-background-meta":{"desktop":{"background-color":"var(--ast-global-color-4)","background-image":"","background-repeat":"repeat","background-position":"center center","background-size":"auto","background-attachment":"scroll","background-type":"","background-media":"","overlay-type":"","overlay-color":"","overlay-opacity":"","overlay-gradient":""},"tablet":{"background-color":"var(--ast-global-color-4)","background-image":"","background-repeat":"repeat","background-position":"center center","background-size":"auto","background-attachment":"scroll","background-type":"","background-media":"","overlay-type":"","overlay-color":"","overlay-opacity":"","overlay-gradient":""},"mobile":{"background-color":"var(--ast-global-color-4)","background-image":"","background-repeat":"repeat","background-position":"center center","background-size":"auto","background-attachment":"scroll","background-type":"","background-media":"","overlay-type":"","overlay-color":"","overlay-opacity":"","overlay-gradient":""}},"jetpack_post_was_ever_published":false},"product_brand":[],"product_cat":[361],"product_tag":[],"class_list":{"0":"post-19729","1":"product","2":"type-product","3":"status-publish","4":"has-post-thumbnail","6":"product_cat-direct-hit","7":"desktop-align-center","8":"tablet-align-center","9":"mobile-align-center","10":"ast-product-gallery-layout-horizontal","11":"ast-product-tabs-layout-distributed","12":"ast-qv-on-image","14":"first","15":"instock","16":"taxable","17":"shipping-taxable","18":"purchasable","19":"product-type-simple"},"acf":[],"uagb_featured_image_src":{"full":["https:\/\/i0.wp.com\/visionstore.co.rs\/wp-content\/uploads\/2023\/11\/CollagenUP.png?fit=1024%2C1024&ssl=1",1024,1024,false],"thumbnail":["https:\/\/i0.wp.com\/visionstore.co.rs\/wp-content\/uploads\/2023\/11\/CollagenUP.png?resize=150%2C150&ssl=1",150,150,true],"medium":["https:\/\/i0.wp.com\/visionstore.co.rs\/wp-content\/uploads\/2023\/11\/CollagenUP.png?fit=300%2C300&ssl=1",300,300,true],"medium_large":["https:\/\/i0.wp.com\/visionstore.co.rs\/wp-content\/uploads\/2023\/11\/CollagenUP.png?fit=768%2C768&ssl=1",768,768,true],"large":["https:\/\/i0.wp.com\/visionstore.co.rs\/wp-content\/uploads\/2023\/11\/CollagenUP.png?fit=1024%2C1024&ssl=1",1024,1024,true],"1536x1536":["https:\/\/i0.wp.com\/visionstore.co.rs\/wp-content\/uploads\/2023\/11\/CollagenUP.png?fit=1024%2C1024&ssl=1",1024,1024,true],"2048x2048":["https:\/\/i0.wp.com\/visionstore.co.rs\/wp-content\/uploads\/2023\/11\/CollagenUP.png?fit=1024%2C1024&ssl=1",1024,1024,true],"mailpoet_newsletter_max":["https:\/\/i0.wp.com\/visionstore.co.rs\/wp-content\/uploads\/2023\/11\/CollagenUP.png?fit=1024%2C1024&ssl=1",1024,1024,true],"woocommerce_thumbnail":["https:\/\/i0.wp.com\/visionstore.co.rs\/wp-content\/uploads\/2023\/11\/CollagenUP.png?fit=900%2C900&ssl=1",900,900,true],"woocommerce_single":["https:\/\/i0.wp.com\/visionstore.co.rs\/wp-content\/uploads\/2023\/11\/CollagenUP.png?fit=1024%2C1024&ssl=1",1024,1024,true],"woocommerce_gallery_thumbnail":["https:\/\/i0.wp.com\/visionstore.co.rs\/wp-content\/uploads\/2023\/11\/CollagenUP.png?resize=100%2C100&ssl=1",100,100,true]},"uagb_author_info":{"display_name":"admin","author_link":"https:\/\/visionstore.co.rs\/cs\/author\/"},"uagb_comment_info":5,"uagb_excerpt":"Hloubkov\u00e1 hydratace a revitalizace: Collagen UP Classic poskytuje intenzivn\u00ed hydrataci, kter\u00e1 pronik\u00e1 hluboko do ko\u017en\u00edch bun\u011bk, revitalizuje ji a zanech\u00e1v\u00e1 ji jemnou, hladkou a hydratovanou. Redukce viditelnosti vr\u00e1sek a jemn\u00fdch linek: D\u00edky kombinaci ryb\u00edho kolagenu, hyaluron\u00e1tu sodn\u00e9ho a vitam\u00ednu C p\u0159\u00edpravek \u00fa\u010dinn\u011b redukuje viditelnost vr\u00e1sek a jemn\u00fdch linek, zlep\u0161uje pevnost a tonus poko\u017eky. Stimulace p\u0159irozen\u00e9&hellip;","jetpack_sharing_enabled":true,"_links":{"self":[{"href":"https:\/\/visionstore.co.rs\/cs\/wp-json\/wp\/v2\/product\/19729","targetHints":{"allow":["GET"]}}],"collection":[{"href":"https:\/\/visionstore.co.rs\/cs\/wp-json\/wp\/v2\/product"}],"about":[{"href":"https:\/\/visionstore.co.rs\/cs\/wp-json\/wp\/v2\/types\/product"}],"replies":[{"embeddable":true,"href":"https:\/\/visionstore.co.rs\/cs\/wp-json\/wp\/v2\/comments?post=19729"}],"wp:featuredmedia":[{"embeddable":true,"href":"https:\/\/visionstore.co.rs\/cs\/wp-json\/wp\/v2\/media\/28867"}],"wp:attachment":[{"href":"https:\/\/visionstore.co.rs\/cs\/wp-json\/wp\/v2\/media?parent=19729"}],"wp:term":[{"taxonomy":"product_brand","embeddable":true,"href":"https:\/\/visionstore.co.rs\/cs\/wp-json\/wp\/v2\/product_brand?post=19729"},{"taxonomy":"product_cat","embeddable":true,"href":"https:\/\/visionstore.co.rs\/cs\/wp-json\/wp\/v2\/product_cat?post=19729"},{"taxonomy":"product_tag","embeddable":true,"href":"https:\/\/visionstore.co.rs\/cs\/wp-json\/wp\/v2\/product_tag?post=19729"}],"curies":[{"name":"wp","href":"https:\/\/api.w.org\/{rel}","templated":true}]}}