{"id":19735,"date":"2020-07-31T00:14:59","date_gmt":"2020-07-30T22:14:59","guid":{"rendered":"https:\/\/visionstore.co.rs\/product\/beauty-classic\/"},"modified":"2024-07-17T15:47:00","modified_gmt":"2024-07-17T13:47:00","slug":"beauty","status":"publish","type":"product","link":"https:\/\/visionstore.co.rs\/cs\/product\/beauty\/","title":{"rendered":"Beauty Classic"},"content":{"rendered":"<p><strong>Beauty Classic obnovuje strukturu pleti. Chr\u00e1n\u00ed bu\u0148ky p\u0159ed negativn\u00edm vlivem voln\u00fdch radik\u00e1l\u016f a vnit\u0159n\u00edho stresu, \u010d\u00edm\u017e zpomaluje proces st\u00e1rnut\u00ed poko\u017eky, dod\u00e1v\u00e1 obli\u010deji kr\u00e1sn\u011bj\u0161\u00ed barvu a neutralizuje z\u00e1n\u011btliv\u00e9 procesy na poko\u017ece.<\/strong><\/p>\n<p>Tento bioaktivn\u00ed dopln\u011bk v\u00fd\u017eivy p\u016fsob\u00ed na hlubok\u00e9 vrstvy poko\u017eky, na jedn\u00e9 stran\u011b j\u00ed dod\u00e1v\u00e1 pru\u017enost a na druh\u00e9 stran\u011b stimuluje tvorbu kolagenu a elastinu. <strong>Methionin<\/strong> je nenahraditeln\u00e1 aminokyselina, kter\u00e1 se pod\u00edl\u00ed na procesu tvorby kolagenu pot\u0159ebn\u00e9ho pro k\u016f\u017ei a pojivov\u00e9 tk\u00e1n\u011b. Napom\u00e1h\u00e1 procesu sni\u017eov\u00e1n\u00ed hladiny histaminu, kter\u00fd se p\u0159\u00edmo pod\u00edl\u00ed na vzniku z\u00e1n\u011btliv\u00fdch a alergick\u00fdch reakc\u00ed. <strong>Semena brutn\u00e1ku l\u00e9ka\u0159sk\u00e9ho obsahuj\u00ed 26\u201338 % oleje<\/strong>, kter\u00fd obsahuje 17\u201328 % <strong>kyseliny gama-linolenov\u00e9 (GLA)<\/strong>, o kter\u00e9 je zn\u00e1mo, \u017ee m\u00e1 terapeutick\u00fd potenci\u00e1l proti chronick\u00fdm z\u00e1n\u011btliv\u00fdm onemocn\u011bn\u00edm, jako je atopick\u00e1 dermatitida (ekz\u00e9m), revmatoidn\u00ed artritida, ateroskler\u00f3za atd. Studie na zv\u00ed\u0159atech a klinick\u00e9 studie potvrdily <strong>ochrannou roli brutn\u00e1kov\u00e9ho oleje a GLA p\u0159i omlazen\u00ed organismu.<\/strong><br \/>\nExtrakt ze semene brutn\u00e1ku l\u00e9ka\u0159sk\u00e9ho <strong>podporuje imunitn\u00ed syst\u00e9m, normalizuje metabolick\u00e9 procesy, zlep\u0161uje emocion\u00e1ln\u00ed stav, proto\u017ee zvy\u0161uje produkci hormon\u016f radosti<\/strong>. Borago obsahuje rostlinn\u00e9 hormony, <strong>normalizuje funkce nadledvin<\/strong>, tato vlastnost je zvl\u00e1\u0161t\u011b cenn\u00e1 po u\u017e\u00edv\u00e1n\u00ed steroidn\u00edch hormon\u016f. <strong>Je \u00fa\u010dinn\u00fd p\u0159i gastritid\u011b, \u017ealude\u010dn\u00edch v\u0159edech, zlep\u0161uje krevn\u00ed ob\u011bh<\/strong>. D\u00edky obsahu kyseliny gama-linolenov\u00e9 se rostlina <strong>pom\u00e1h\u00e1 vyrovn\u00e1vat estrogen a progesteron. Olej ze semen brutn\u00e1ku l\u00e9ka\u0159sk\u00e9ho <\/strong>zlep\u0161uje ochrannou funkci poko\u017eky, zvy\u0161uje jej\u00ed elasticitu, podporuje regeneraci ko\u017en\u00edch bun\u011bk a jej\u00ed obnovu.<\/p>\n<ul>\n<li>Vy\u017eivuje ko\u017en\u00ed bu\u0148ky, zlep\u0161uje ple\u0165.<\/li>\n<li>Zvy\u0161uje elasticitu poko\u017eky, stimuluje synt\u00e9zu kolagenu a elastinu.<\/li>\n<li>Podporuje proces obnovy ko\u017en\u00edch bun\u011bk.<\/li>\n<li>Chr\u00e1n\u00ed t\u011blo p\u0159ed voln\u00fdmi radik\u00e1ly.<\/li>\n<li>Zabra\u0148uje p\u0159ed\u010dasn\u00fdm zm\u011bn\u00e1m souvisej\u00edc\u00edm s v\u011bkem.<\/li>\n<\/ul>\n<p>Kr\u00e1sa pleti, lesk neht\u016f a zdrav\u00ed vlas\u016f v\u0161ak z\u00e1vis\u00ed na vnit\u0159n\u00edch faktorech. Proto je pro zachov\u00e1n\u00ed \u017eensk\u00e9 p\u0159ita\u017elivosti nutn\u00fd denn\u00ed p\u0159\u00edjem dostate\u010dn\u00e9ho mno\u017estv\u00ed vitam\u00edn\u016f a miner\u00e1l\u016f. Reguluj\u00ed metabolick\u00e9, imunitn\u00ed a detoxika\u010dn\u00ed procesy, dok\u00e1\u017eou zachovat ml\u00e1d\u00ed, kr\u00e1su a hlavn\u011b \u2013 zdrav\u00ed a v\u00fdbornou celkovou kondici organismu.<\/p>\n<p>Prim\u00e1rn\u00ed role v p\u0159\u00edrodn\u00edm komplexu <strong>Beauty Classic<\/strong> je zam\u011b\u0159ena na pos\u00edlen\u00ed a zachov\u00e1n\u00ed zdrav\u00ed poko\u017eky, vlas\u016f a neht\u016f. Aktivn\u00ed slo\u017eky komplexu d\u00edky vysok\u00e9 biologick\u00e9 dostupnosti pronikaj\u00ed p\u0159\u00edmo do hlubok\u00fdch vrstev poko\u017eky, vy\u017eivuj\u00ed ji a hydratuj\u00ed, zabra\u0148uj\u00ed p\u016fsoben\u00ed voln\u00fdch radik\u00e1l\u016f, \u010d\u00edm\u017e zabra\u0148uj\u00ed samotn\u00e9mu procesu st\u00e1rnut\u00ed.<\/p>\n<p><strong>Beauty Classic<\/strong> dopl\u0148uje deficit polynenasycen\u00fdch mastn\u00fdch kyselin, vitam\u00edn\u016f a dal\u0161\u00edch biologicky aktivn\u00edch l\u00e1tek, kter\u00e9 jsou nezbytn\u00e9 pro regeneraci a podporu zdrav\u00e9ho stavu poko\u017eky, vlas\u016f a neht\u016f.<\/p>\n<p><strong>Extrakt z hroznov\u00fdch jader<\/strong>, kter\u00fd si v tomto produktu na\u0161el sv\u00e9 m\u00edsto, m\u00e1 pozitivn\u00ed vliv na l\u00e1tkovou v\u00fdm\u011bnu v t\u011ble, zvy\u0161uje aktivitu enzym\u016f schopn\u00fdch biotransformace xenobiotik (cizorod\u00fdch l\u00e1tek) a jejich vylu\u010dov\u00e1n\u00ed z t\u011bla. <strong>Semena brutn\u00e1ku<\/strong> \u010dist\u00ed poko\u017eku, zu\u017euj\u00ed p\u00f3ry a zabra\u0148uj\u00ed vzniku \u010dern\u00fdch te\u010dek.<\/p>\n<p>Pro norm\u00e1ln\u00ed regeneraci a fungov\u00e1n\u00ed poko\u017eky, vlas\u016f a neht\u016f jsou p\u0159edev\u0161\u00edm nezbytn\u00e9 antioxidanty. Podle teorie st\u00e1rnut\u00ed je prim\u00e1rn\u00ed p\u0159\u00ed\u010dinou zm\u011bn v bu\u0148k\u00e1ch a tk\u00e1n\u00edch souvisej\u00edc\u00edch s v\u011bkem po\u0161kozen\u00ed voln\u00fdmi radik\u00e1ly. Jsou to ty, kter\u00e9 po\u0161kozuj\u00ed proteiny, lipidov\u00e9 struktury a nukleov\u00e9 kyseliny, co\u017e urychluje proces st\u00e1rnut\u00ed. Tento proces zpomaluj\u00ed antioxidanty, kter\u00e9 jsou sou\u010d\u00e1st\u00ed komplexu <strong>Beauty Classic<\/strong>.<\/p>\n<p>Antioxidanty z komplexu nefunguj\u00ed samostatn\u011b. <strong>Vitam\u00edn E<\/strong> a <strong>extrakt z hroznov\u00fdch jader<\/strong> zlep\u0161uj\u00ed v\u00fd\u017eivu, strukturu a vitalitu poko\u017eky a sliznic, d\u00edky \u010demu\u017e zabra\u0148uj\u00ed vysou\u0161en\u00ed poko\u017eky a p\u0159isp\u00edvaj\u00ed k omlazen\u00ed poko\u017eky.<\/p>\n<p><strong>Hrozny<\/strong> tak\u00e9 p\u0159isp\u00edvaj\u00ed k normalizaci mazov\u00fdch \u017el\u00e1z, maj\u00ed regenera\u010dn\u00ed a hydrata\u010dn\u00ed \u00fa\u010dinek, pom\u00e1haj\u00ed proti z\u00e1n\u011bt\u016fm, pop\u00e1lenin\u00e1m, \u0161kr\u00e1banc\u016fm a prasklin\u00e1m, redukuj\u00ed strie a projevy celulitidy.<\/p>\n<p><strong>Semena brutn\u00e1ku l\u00e9ka\u0159sk\u00e9ho<\/strong> jsou nejbohat\u0161\u00edm p\u0159\u00edrodn\u00edm zdrojem esenci\u00e1ln\u00edch PNMK. Obnovuje strukturu epidermis, posiluje epiderm\u00e1ln\u00ed bari\u00e9ru a zlep\u0161uje schopnost poko\u017eky udr\u017eovat vlhkost. Odborn\u00edci v kosmetick\u00e9m pr\u016fmyslu z cel\u00e9ho sv\u011bta pou\u017e\u00edvaj\u00ed brutn\u00e1kov\u00fd olej nejen ke zv\u00fd\u0161en\u00ed elasticity poko\u017eky a podpo\u0159e jej\u00edch ochrann\u00fdch vlastnost\u00ed, ale tak\u00e9 p\u0159i komplexn\u00ed terapii r\u016fzn\u00fdch ko\u017en\u00edch onemocn\u011bn\u00ed, jako jsou dermatitida, ekz\u00e9m, lup\u00e9nka a dal\u0161\u00ed. Nav\u00edc vlasy tak\u00e9 vy\u017eivuje: d\u011bl\u00e1 je sametov\u00fdmi, navrac\u00ed jim zdrav\u00fd lesk, posiluje je po cel\u00e9 d\u00e9lce a odstra\u0148uje lupy.<\/p>\n<p><strong>Cystein<\/strong> je kl\u00ed\u010dovou slo\u017ekou alfa-keratinu, kter\u00fd je zodpov\u011bdn\u00fd za zdrav\u00e9 vlasy a poko\u017eku a pevn\u00e9 nehty a je tak\u00e9 d\u016fle\u017eit\u00fd pro synt\u00e9zu chrupavek a kolagenu. V t\u011ble se nach\u00e1z\u00ed p\u0159edev\u0161\u00edm ve stabiln\u00ed form\u011b cystin, kter\u00fd se chemick\u00fdmi procesy rozkl\u00e1d\u00e1 a optim\u00e1ln\u011b vyu\u017e\u00edv\u00e1. <strong>L-cystein<\/strong> je podm\u00edn\u011bn\u011b esenci\u00e1ln\u00ed aminokyselina, kterou si t\u011blo n\u011bkdy nedok\u00e1\u017ee vyrobit v dostate\u010dn\u00e9m mno\u017estv\u00ed kv\u016fli stresu, traumatu a nespr\u00e1vn\u00e9 v\u00fd\u017eiv\u011b, proto je nutn\u00e9 ji p\u0159ij\u00edmat suplementac\u00ed. <strong>Cystein<\/strong> lze doporu\u010dit jako dopln\u011bk stravy pro:<\/p>\n<ul>\n<li class=\"rtejustify\">produkci kolagenu a keratinu pro zdrav\u00e9 vlasy, nehty a poko\u017eku<\/li>\n<li class=\"rtejustify\">produkci glutathionu, antioxidantu nezbytn\u00e9ho pro zdrav\u00ed d\u00fdchac\u00edho a imunitn\u00edho syst\u00e9mu<\/li>\n<li class=\"rtejustify\">pro synt\u00e9zu taurinu, nezbytn\u00e9ho pro zdrav\u00ed myokardu<\/li>\n<li class=\"rtejustify\">detoxikace plic, jater a mozku od t\u011b\u017ek\u00fdch kov\u016f, alkoholu, drog a cigaret<\/li>\n<li class=\"rtejustify\">urychlen\u00ed hojen\u00ed ran a tk\u00e1n\u00ed<\/li>\n<li class=\"rtejustify\">pos\u00edlen\u00ed imunitn\u00edho syst\u00e9mu stimulac\u00ed funkce b\u00edl\u00fdch krvinek<\/li>\n<li class=\"rtejustify\">ochrana p\u0159ed UV z\u00e1\u0159en\u00edm a zotaven\u00ed z nadm\u011brn\u00e9ho opalov\u00e1n\u00ed<\/li>\n<\/ul>\n<p><strong>Ceramidy<\/strong> chr\u00e1n\u00ed poko\u017eku p\u0159ed ztr\u00e1tou vlhkosti a pom\u00e1haj\u00ed ji uzamknout. P\u0159i pravideln\u00e9m p\u0159\u00edjmu vitam\u00ednov\u00fdch komplex\u016f s ceramidy se vr\u00e1sky znateln\u011b redukuj\u00ed a ple\u0165 se zlep\u0161uje. K\u016f\u017ee se st\u00e1v\u00e1 jemnou a hladkou. V\u00fdzkumy prok\u00e1zaly, \u017ee vnit\u0159n\u00ed u\u017e\u00edv\u00e1n\u00ed ceramidu p\u0159\u00edzniv\u011b p\u016fsob\u00ed na poko\u017eku, sni\u017euje jej\u00ed suchost, v\u00fdskyt ekz\u00e9m\u016f a z\u00e1n\u011btliv\u00fdch onemocn\u011bn\u00ed. Ceramidy p\u016fsob\u00ed jako cement mezi bu\u0148kami (stavebn\u00ed kameny), zabra\u0148uj\u00ed ztr\u00e1t\u011b vlhkosti a po\u0161kozen\u00ed poko\u017eky. U\u017e\u00edv\u00e1n\u00ed ceramidu tak\u00e9 zklid\u0148uje sv\u011bd\u011bn\u00ed zp\u016fsoben\u00e9 dermatitidou a ekz\u00e9mem a obnovuje hladinu lipid\u016f v k\u016f\u017ei.<\/p>\n<p>Aminokyselina s\u00edry \u2013 <strong>methionin<\/strong> \u2013 je nezbytn\u00e1 pro r\u016fst vlas\u016f a neht\u016f. Zlep\u0161uje stav poko\u017eky, zabra\u0148uje l\u00e1mavosti neht\u016f a vypad\u00e1v\u00e1n\u00ed vlas\u016f. <strong>S\u00f3jov\u00fd lecitin<\/strong> dod\u00e1v\u00e1 vlas\u016fm zdrav\u00fd lesk a sni\u017euje riziko vypad\u00e1v\u00e1n\u00ed vlas\u016f, zlep\u0161uje stav poko\u017eky a p\u0159edch\u00e1z\u00ed ekz\u00e9m\u016fm. Doporu\u010duje se p\u0159i atopick\u00e9 dermatitid\u011b, lup\u00e9nce a dal\u0161\u00edch ko\u017en\u00edch onemocn\u011bn\u00edch.<\/p>\n<p><strong>Such\u00fd extrakt z propolisu<\/strong>, kter\u00fd si v p\u0159\u00edpravku na\u0161el sv\u00e9 m\u00edsto, je jedn\u00edm z aktivn\u00edch stimul\u00e1tor\u016f regenerace povrchov\u00e9 vrstvy k\u016f\u017ee, r\u016fstu vlas\u016f a neht\u016f. Urychluje bun\u011b\u010dn\u00e9 d\u011blen\u00ed baz\u00e1ln\u00ed vrstvy a d\u00e1v\u00e1 jim sign\u00e1l ke zv\u00fd\u0161en\u00e9 reprodukci. Zabra\u0148uje dehydrataci poko\u017eky, chr\u00e1n\u00ed ji p\u0159ed \u0161kodliv\u00fdmi vn\u011bj\u0161\u00edmi vlivy. K\u016f\u017ee se st\u00e1v\u00e1 jemnou, pevnou a elastickou. Propolis je unik\u00e1tn\u00ed v\u010dela\u0159sk\u00fd produkt s mnoha l\u00e9\u010div\u00fdmi vlastnostmi. Zm\u00edr\u0148uje sv\u011bd\u011bn\u00ed a z\u00e1n\u011bty, hoj\u00ed r\u00e1ny, bojuje proti \u0161kodliv\u00fdm pl\u00edsn\u00edm a bakteri\u00edm. Propolis je cenn\u00fd, proto\u017ee <strong>obsahuje vitam\u00edny A, E, PP, B1, B2, B3, B6, aminokyseliny, polyfenolov\u00e9 prysky\u0159ice, terpenoidy, miner\u00e1ln\u00ed soli, organick\u00e9 kyseliny<\/strong> (transkafeov\u00e1, transkumarov\u00e1, transferulov\u00e1, sko\u0159icov\u00e1), <strong>flavony<\/strong> (chrysin, luteolin, apigenin), <strong>flavonoidy (kvercetin, kempferol, galangin)&#8230;<\/strong><\/p>\n<p><strong>Ryb\u00ed kolagen typu 2<\/strong> sni\u017euje z\u00e1n\u011bty a bolesti kloub\u016f. Chr\u00e1n\u00ed srdce, zvy\u0161uje pevnost neht\u016f, urychluje r\u016fst vlas\u016f, \u010din\u00ed poko\u017eku pru\u017en\u011bj\u0161\u00ed a napnut\u011bj\u0161\u00ed, bojuje proti akn\u00e9 a celulitid\u011b. Ryb\u00ed kolagen je na molekul\u00e1rn\u00ed \u00farovni podobn\u00fd lidsk\u00e9mu kolagenu, tak\u017ee se dob\u0159e vst\u0159eb\u00e1v\u00e1, co\u017e je jedna z d\u016fle\u017eit\u00fdch vlastnost\u00ed na\u0161eho produktu.<\/p>\n<p><strong>Lecitin<\/strong> je hlavn\u00edm stavebn\u00edm kamenem myelinov\u00e9 pochvy mozku a v\u0161ech nervov\u00fdch vl\u00e1ken (30 % mozku a 17 % nervov\u00fdch vl\u00e1ken tvo\u0159\u00ed lecitin). Nedostatek lecitinu v t\u011ble je hlavn\u00ed p\u0159\u00ed\u010dinou podr\u00e1\u017ed\u011bnosti, \u00fanavy, nespavosti, deprese, nervov\u00e9ho vy\u010derp\u00e1n\u00ed, ztr\u00e1ty pam\u011bti a sn\u00ed\u017een\u00e9 pozornosti. Lecitin sni\u017euje hladinu cholesterolu v krvi, \u010d\u00edm\u017e zlep\u0161uje funkci kardiovaskul\u00e1rn\u00edho syst\u00e9mu, pod\u00edl\u00ed se na tvorb\u011b hemoglobinu a \u010derven\u00fdch krvinek, zlep\u0161uje emulgaci tuk\u016f.<\/p>\n<p>T\u011blo vyu\u017e\u00edv\u00e1 <a href=\"https:\/\/visionstore.co.rs\/fosfatidilholin\/\"><strong>fosfatidylcholin<\/strong><\/a> k tvorb\u011b acetylcholinu, mozkov\u00e9 substance, kter\u00e1 hraje hlavn\u00ed roli v autonomn\u00edm nervov\u00e9m syst\u00e9mu, reguluje srde\u010dn\u00ed rytmus, dilataci krevn\u00edch c\u00e9v, sekreci a dal\u0161\u00ed funkce. Acetylcholin je sou\u010d\u00e1st\u00ed terapie kognitivn\u00edch poruch, v\u010detn\u011b Alzheimerovy choroby, maniodepresivn\u00ed poruchy a \u00fazkosti. P\u0159edb\u011b\u017en\u00fd v\u00fdzkum nazna\u010duje, \u017ee <strong>fosfatidylcholin<\/strong> m\u016f\u017ee b\u00fdt \u00fa\u010dinn\u00fd p\u0159i ztr\u00e1t\u011b tuku v oblasti brady, krku, stehen a b\u0159icha. Studie publikovan\u00e1 v \u010dasopise Aesthetic Plastic Surgery uk\u00e1zala zlep\u0161en\u00ed u v\u0161ech 50 pacient\u016f, kte\u0159\u00ed dost\u00e1vali injekce fosfatidylcholinu ke sn\u00ed\u017een\u00ed povrchov\u00fdch tukov\u00fdch z\u00e1sob.<\/p>\n<p>Pro pos\u00edlen\u00ed a urychlen\u00ed r\u016fstu vlas\u016f se pou\u017e\u00edv\u00e1 <strong>betakaroten<\/strong>, kter\u00fd zvy\u0161uje perifern\u00ed prokrven\u00ed a stimuluje pr\u00e1ci r\u016fstov\u00fdch bun\u011bk vlas\u016f um\u00edst\u011bn\u00fdch ve vlasov\u00e9m folikulu. <strong>Vitamin H<\/strong> obsahuje s\u00edru, kter\u00e1 je nezbytn\u00e1 pro poko\u017eku, vlasy a nehty a pro norm\u00e1ln\u00ed pr\u016fb\u011bh energetick\u00fdch pochod\u016f.<\/p>\n<p><strong>Slo\u017een\u00ed:<\/strong> Such\u00fd extrakt z ko\u0159ene rostliny Konjac (lat. <em>Amorphophallus konjac<\/em> ), <a href=\"https:\/\/visionstore.co.rs\/borago-lat-borago-officinalis\/\">such\u00fd extrakt ze semen brutn\u00e1ku l\u00e9ka\u0159sk\u00e9ho (lat. <em>Borago officinalis<\/em> )<\/a> , <a href=\"https:\/\/visionstore.co.rs\/cistein\/\">L-cystein<\/a> , <a href=\"https:\/\/visionstore.co.rs\/kolagen\/\">hydrolyz\u00e1t <strong>ryb\u00edho<\/strong> kolagenu<\/a> , <a href=\"https:\/\/visionstore.co.rs\/propolis\/\">such\u00fd extrakt propolisu<\/a> , beta-karoten, <a href=\"https:\/\/visionstore.co.rs\/lecitin\/\"><strong>s\u00f3jov\u00fd<\/strong> lecitin<\/a> , L- methionin, <a href=\"https:\/\/visionstore.co.rs\/semenke-grozdja\/\">extrakt z hroznov\u00fdch semen (lat. <em>Vitis vinifera<\/em> )<\/a> , biotin (vitam\u00edn H), <a href=\"https:\/\/visionstore.co.rs\/vitamin-e-2\/\">vitam\u00edn E.<\/a><\/p>\n<p><strong>Mno\u017estv\u00ed<\/strong>: 60 kapsl\u00ed<\/p>\n<p><strong>\u010cist\u00e1 hmotnost<\/strong>: 38,4 g<\/p>\n<table width=\"365\">\n<tbody>\n<tr>\n<td width=\"173\"><strong>\u00da\u010cINN\u00c9 L\u00c1TKY:<\/strong><\/td>\n<td width=\"64\"><strong>2 kapsle<\/strong><br \/>\n<strong>(1,28 g)<\/strong><\/td>\n<td width=\"64\"><strong>%NRV*<\/strong><\/td>\n<\/tr>\n<tr>\n<td>\u03b2-karoten<\/td>\n<td>7 mg<\/td>\n<td>**<\/td>\n<\/tr>\n<tr>\n<td>Biotin (vitam\u00edn B7)<\/td>\n<td>50 \u00b5g<\/td>\n<td>100%<\/td>\n<\/tr>\n<tr>\n<td>Such\u00fd extrakt ze semen brutn\u00e1ku l\u00e9ka\u0159sk\u00e9ho (<em>Borago officinalis<\/em>) (4:1 vodn\u00ed extrak\u010dn\u00ed \u010dinidlo)<\/td>\n<td>200 mg<\/td>\n<td>**<\/td>\n<\/tr>\n<tr>\n<td>Vitam\u00edn E<\/td>\n<td>8 mg \u03b1-TE***<\/td>\n<td>66,7%<\/td>\n<\/tr>\n<tr>\n<td>L-cystein<\/td>\n<td>200 mg<\/td>\n<td>**<\/td>\n<\/tr>\n<tr>\n<td>Hydrolyz\u00e1t (peptidy) ryb\u00edho kolagenu<\/td>\n<td>100 mg<\/td>\n<td>**<\/td>\n<\/tr>\n<tr>\n<td>Such\u00fd extrakt z hroznov\u00fdch jader (<em>Vitis vinifera<\/em>) standardizovan\u00fd na 95 % polyfenol\u016f<\/td>\n<td>9,5 mg<\/td>\n<td>**<\/td>\n<\/tr>\n<tr>\n<td style=\"padding-left: 40px;\">\n<ul>\n<li>z toho polyfenoly<\/li>\n<\/ul>\n<\/td>\n<td style=\"padding-left: 40px;\">\n<ul>\n<li style=\"text-align: left;\">9,03 mg<\/li>\n<\/ul>\n<\/td>\n<td>**<\/td>\n<\/tr>\n<tr>\n<td width=\"173\">S\u00f3jov\u00fd lecitin, 30% fosfatidylcholin<\/td>\n<td>60 mg<\/td>\n<td>**<\/td>\n<\/tr>\n<tr>\n<td style=\"padding-left: 40px;\" width=\"173\">\n<ul>\n<li>z toho fosfatidylcholin<\/li>\n<\/ul>\n<\/td>\n<td style=\"padding-left: 40px;\">\n<ul>\n<li style=\"text-align: left;\">18 mg<\/li>\n<\/ul>\n<\/td>\n<td>**<\/td>\n<\/tr>\n<tr>\n<td width=\"173\">Such\u00fd extrakt z ko\u0159ene rostliny Konjac (Amorphophallus konjac)<\/td>\n<td width=\"64\">220 mg<\/td>\n<td width=\"64\">**<\/td>\n<\/tr>\n<tr>\n<td width=\"173\">\n<ul>\n<li>z toho ceramid<\/li>\n<\/ul>\n<\/td>\n<td width=\"64\">\n<ul>\n<li style=\"text-align: left;\">2,2 mg<\/li>\n<\/ul>\n<\/td>\n<td width=\"64\">**<\/td>\n<\/tr>\n<tr>\n<td width=\"173\">L-methionin<\/td>\n<td width=\"64\">50 mg<\/td>\n<td width=\"64\">**<\/td>\n<\/tr>\n<tr>\n<td width=\"173\">Such\u00fd extrakt propolisu (standardizovan\u00fd na 12 % celkov\u00fdch polyfenol\u016f vyj\u00e1d\u0159en\u00fdch jako galangin)<\/td>\n<td width=\"64\">79 mg<\/td>\n<td width=\"64\">**<\/td>\n<\/tr>\n<tr>\n<td style=\"padding-left: 40px;\" width=\"173\">\n<ul>\n<li>z toho galangin<\/li>\n<\/ul>\n<\/td>\n<td style=\"padding-left: 40px;\" width=\"64\">\n<ul>\n<li>9,48 mg<\/li>\n<\/ul>\n<\/td>\n<td width=\"64\">**<\/td>\n<\/tr>\n<\/tbody>\n<\/table>\n<p>*NRV &#8211; nutri\u010dn\u00ed referen\u010dn\u00ed hodnota<br \/>\n** &#8211; nutri\u010dn\u00ed referen\u010dn\u00ed hodnota nebyla stanovena<br \/>\n***a-TE=ekvivalent a-tokoferolu<\/p>\n","protected":false},"excerpt":{"rendered":"<p><strong>VLASTNOSTI PRODUKTU Beauty Classic:<\/strong><\/p>\n<ul>\n<li>Vy\u017eivuje ko\u017en\u00ed bu\u0148ky, zlep\u0161uje barvu obli\u010deje, p\u0159isp\u00edv\u00e1 k vyhlazen\u00ed vr\u00e1sek.<\/li>\n<li>Zabra\u0148uje vysou\u0161en\u00ed poko\u017eky, zvy\u0161uje elasticitu a pevnost poko\u017eky, stimuluje tvorbu kolagenu a elastinu.<\/li>\n<li>Obnovuje ko\u017en\u00ed, vlasov\u00e9 a nehtov\u00e9 bu\u0148ky, aktivuje regenera\u010dn\u00ed procesy.<\/li>\n<li>Chr\u00e1n\u00ed p\u0159ed destruktivn\u00edmi \u00fa\u010dinky voln\u00fdch radik\u00e1l\u016f, \u010d\u00edm\u017e zpomaluje proces st\u00e1rnut\u00ed ko\u017en\u00edch bun\u011bk.<\/li>\n<li>\u00da\u010dinn\u011b bojuje proti nerovnostem pleti, \u010dist\u00ed ji zevnit\u0159, odstra\u0148uje mastn\u00fd lesk, mikroz\u00e1n\u011bty a nezdravou barvu obli\u010deje.<\/li>\n<li>Zabra\u0148uje p\u0159ed\u010dasn\u00fdm v\u011bkov\u00fdm zm\u011bn\u00e1m.<\/li>\n<li>Posiluje vlasy a nehty, zlep\u0161uje jejich strukturu.<\/li>\n<\/ul>\n","protected":false},"featured_media":29221,"comment_status":"open","ping_status":"closed","template":"","meta":{"_acf_changed":false,"_uag_custom_page_level_css":"","site-sidebar-layout":"default","site-content-layout":"default","ast-site-content-layout":"default","site-content-style":"default","site-sidebar-style":"default","ast-global-header-display":"","ast-banner-title-visibility":"","ast-main-header-display":"","ast-hfb-above-header-display":"","ast-hfb-below-header-display":"","ast-hfb-mobile-header-display":"","site-post-title":"","ast-breadcrumbs-content":"","ast-featured-img":"","footer-sml-layout":"","ast-disable-related-posts":"","theme-transparent-header-meta":"default","adv-header-id-meta":"","stick-header-meta":"default","header-above-stick-meta":"","header-main-stick-meta":"","header-below-stick-meta":"","astra-migrate-meta-layouts":"default","ast-page-background-enabled":"default","ast-page-background-meta":{"desktop":{"background-color":"","background-image":"","background-repeat":"repeat","background-position":"center center","background-size":"auto","background-attachment":"scroll","background-type":"","background-media":"","overlay-type":"","overlay-color":"","overlay-opacity":"","overlay-gradient":""},"tablet":{"background-color":"","background-image":"","background-repeat":"repeat","background-position":"center center","background-size":"auto","background-attachment":"scroll","background-type":"","background-media":"","overlay-type":"","overlay-color":"","overlay-opacity":"","overlay-gradient":""},"mobile":{"background-color":"","background-image":"","background-repeat":"repeat","background-position":"center center","background-size":"auto","background-attachment":"scroll","background-type":"","background-media":"","overlay-type":"","overlay-color":"","overlay-opacity":"","overlay-gradient":""}},"ast-content-background-meta":{"desktop":{"background-color":"var(--ast-global-color-4)","background-image":"","background-repeat":"repeat","background-position":"center center","background-size":"auto","background-attachment":"scroll","background-type":"","background-media":"","overlay-type":"","overlay-color":"","overlay-opacity":"","overlay-gradient":""},"tablet":{"background-color":"var(--ast-global-color-4)","background-image":"","background-repeat":"repeat","background-position":"center center","background-size":"auto","background-attachment":"scroll","background-type":"","background-media":"","overlay-type":"","overlay-color":"","overlay-opacity":"","overlay-gradient":""},"mobile":{"background-color":"var(--ast-global-color-4)","background-image":"","background-repeat":"repeat","background-position":"center center","background-size":"auto","background-attachment":"scroll","background-type":"","background-media":"","overlay-type":"","overlay-color":"","overlay-opacity":"","overlay-gradient":""}}},"product_brand":[],"product_cat":[24],"product_tag":[],"class_list":{"0":"post-19735","1":"product","2":"type-product","3":"status-publish","4":"has-post-thumbnail","6":"product_cat-direct-hit","7":"desktop-align-center","8":"tablet-align-center","9":"mobile-align-center","10":"ast-product-gallery-layout-horizontal","11":"ast-product-tabs-layout-distributed","12":"ast-qv-on-image","14":"first","15":"instock","16":"taxable","17":"shipping-taxable","18":"purchasable","19":"product-type-simple"},"acf":[],"uagb_featured_image_src":{"full":["https:\/\/i0.wp.com\/visionstore.co.rs\/wp-content\/uploads\/2020\/07\/Beauty-CLassic.png?fit=1024%2C1024&ssl=1",1024,1024,false],"thumbnail":["https:\/\/i0.wp.com\/visionstore.co.rs\/wp-content\/uploads\/2020\/07\/Beauty-CLassic.png?resize=150%2C150&ssl=1",150,150,true],"medium":["https:\/\/i0.wp.com\/visionstore.co.rs\/wp-content\/uploads\/2020\/07\/Beauty-CLassic.png?fit=300%2C300&ssl=1",300,300,true],"medium_large":["https:\/\/i0.wp.com\/visionstore.co.rs\/wp-content\/uploads\/2020\/07\/Beauty-CLassic.png?fit=768%2C768&ssl=1",768,768,true],"large":["https:\/\/i0.wp.com\/visionstore.co.rs\/wp-content\/uploads\/2020\/07\/Beauty-CLassic.png?fit=1024%2C1024&ssl=1",1024,1024,true],"1536x1536":["https:\/\/i0.wp.com\/visionstore.co.rs\/wp-content\/uploads\/2020\/07\/Beauty-CLassic.png?fit=1024%2C1024&ssl=1",1024,1024,true],"2048x2048":["https:\/\/i0.wp.com\/visionstore.co.rs\/wp-content\/uploads\/2020\/07\/Beauty-CLassic.png?fit=1024%2C1024&ssl=1",1024,1024,true],"mailpoet_newsletter_max":["https:\/\/i0.wp.com\/visionstore.co.rs\/wp-content\/uploads\/2020\/07\/Beauty-CLassic.png?fit=1024%2C1024&ssl=1",1024,1024,true],"woocommerce_thumbnail":["https:\/\/i0.wp.com\/visionstore.co.rs\/wp-content\/uploads\/2020\/07\/Beauty-CLassic.png?fit=900%2C900&ssl=1",900,900,true],"woocommerce_single":["https:\/\/i0.wp.com\/visionstore.co.rs\/wp-content\/uploads\/2020\/07\/Beauty-CLassic.png?fit=1024%2C1024&ssl=1",1024,1024,true],"woocommerce_gallery_thumbnail":["https:\/\/i0.wp.com\/visionstore.co.rs\/wp-content\/uploads\/2020\/07\/Beauty-CLassic.png?resize=100%2C100&ssl=1",100,100,true]},"uagb_author_info":{"display_name":"admin","author_link":"https:\/\/visionstore.co.rs\/cs\/author\/"},"uagb_comment_info":5,"uagb_excerpt":"VLASTNOSTI PRODUKTU Beauty Classic: Vy\u017eivuje ko\u017en\u00ed bu\u0148ky, zlep\u0161uje barvu obli\u010deje, p\u0159isp\u00edv\u00e1 k vyhlazen\u00ed vr\u00e1sek. Zabra\u0148uje vysou\u0161en\u00ed poko\u017eky, zvy\u0161uje elasticitu a pevnost poko\u017eky, stimuluje tvorbu kolagenu a elastinu. Obnovuje ko\u017en\u00ed, vlasov\u00e9 a nehtov\u00e9 bu\u0148ky, aktivuje regenera\u010dn\u00ed procesy. Chr\u00e1n\u00ed p\u0159ed destruktivn\u00edmi \u00fa\u010dinky voln\u00fdch radik\u00e1l\u016f, \u010d\u00edm\u017e zpomaluje proces st\u00e1rnut\u00ed ko\u017en\u00edch bun\u011bk. \u00da\u010dinn\u011b bojuje proti nerovnostem pleti, \u010dist\u00ed ji&hellip;","jetpack_sharing_enabled":true,"_links":{"self":[{"href":"https:\/\/visionstore.co.rs\/cs\/wp-json\/wp\/v2\/product\/19735","targetHints":{"allow":["GET"]}}],"collection":[{"href":"https:\/\/visionstore.co.rs\/cs\/wp-json\/wp\/v2\/product"}],"about":[{"href":"https:\/\/visionstore.co.rs\/cs\/wp-json\/wp\/v2\/types\/product"}],"replies":[{"embeddable":true,"href":"https:\/\/visionstore.co.rs\/cs\/wp-json\/wp\/v2\/comments?post=19735"}],"wp:featuredmedia":[{"embeddable":true,"href":"https:\/\/visionstore.co.rs\/cs\/wp-json\/wp\/v2\/media\/29221"}],"wp:attachment":[{"href":"https:\/\/visionstore.co.rs\/cs\/wp-json\/wp\/v2\/media?parent=19735"}],"wp:term":[{"taxonomy":"product_brand","embeddable":true,"href":"https:\/\/visionstore.co.rs\/cs\/wp-json\/wp\/v2\/product_brand?post=19735"},{"taxonomy":"product_cat","embeddable":true,"href":"https:\/\/visionstore.co.rs\/cs\/wp-json\/wp\/v2\/product_cat?post=19735"},{"taxonomy":"product_tag","embeddable":true,"href":"https:\/\/visionstore.co.rs\/cs\/wp-json\/wp\/v2\/product_tag?post=19735"}],"curies":[{"name":"wp","href":"https:\/\/api.w.org\/{rel}","templated":true}]}}