{"id":22666,"date":"2024-04-24T17:48:11","date_gmt":"2024-04-24T15:48:11","guid":{"rendered":"https:\/\/visionstore.co.rs\/product\/roll-on-gel-leg-refresh\/"},"modified":"2026-04-01T10:52:09","modified_gmt":"2026-04-01T08:52:09","slug":"roll-on-gel-leg-refresh","status":"publish","type":"product","link":"https:\/\/visionstore.co.rs\/cs\/product\/roll-on-gel-leg-refresh\/","title":{"rendered":"Roll-on gel Leg Refresh"},"content":{"rendered":"<p><strong>Roll-on Gel Leg Refresh<\/strong> je kosmetick\u00fd p\u0159\u00edpravek, kter\u00fd v\u00fdrazn\u011b sni\u017euje otoky, \u00fanavu a t\u00edhu nohou. Po n\u00e1ro\u010dn\u00e9m dni v pr\u00e1ci, dlouh\u00e9 proch\u00e1zce nebo intenzivn\u00edm sportu se nohy velmi unav\u00ed. Otoky, \u00fanava a t\u00edha jsou nep\u0159\u00edjemn\u00e9 pocity, kter\u00e9 jsou nej\u010dast\u011bji zp\u016fsobeny zpomalen\u00fdm krevn\u00edm ob\u011bhem, co\u017e m\u016f\u017ee v\u00e9st k \u0159ad\u011b dal\u0161\u00edch probl\u00e9m\u016f.<\/p>\n<p><strong>Roll-on Gel Leg Refresh<\/strong> se snadno nan\u00e1\u0161\u00ed na poko\u017eku, odstra\u0148uje ztuhlost a t\u00edhu nohou a pom\u00e1h\u00e1 noh\u00e1m znovu z\u00edskat pocit lehkosti, relaxace a fyzick\u00e9ho pohodl\u00ed. <strong>Roll-on Gel Leg Refresh<\/strong> je vytvo\u0159en za pou\u017eit\u00ed vysoce \u00fa\u010dinn\u00fdch bylinn\u00fdch slo\u017eek.<\/p>\n<ul>\n<li>Zlep\u0161uje krevn\u00ed ob\u011bh a zvy\u0161uje svalov\u00fd tonus<\/li>\n<li>Hydratuje, vy\u017eivuje a zjem\u0148uje poko\u017eku<\/li>\n<li>Odstra\u0148uje \u00fanavu a t\u00edhu nohou<\/li>\n<li>Uvol\u0148uje svaly<\/li>\n<\/ul>\n<p><strong>v\u00fdhody:<\/strong><\/p>\n<p><strong>Roll-on Gel Leg Refresh<\/strong> je \u00fa\u010dinn\u00fd kosmetick\u00fd p\u0159\u00edpravek nov\u00e9 generace, kter\u00fd zm\u00edr\u0148uje bolest, \u00fanavu a t\u00edhu nohou. Doporu\u010duje se zejm\u00e9na t\u011bhotn\u00fdm \u017een\u00e1m. Snadno se nan\u00e1\u0161\u00ed na poko\u017eku, rychle se vst\u0159eb\u00e1v\u00e1 a zanech\u00e1v\u00e1 pocit m\u00edrn\u00e9ho chladu. Vyr\u00e1b\u00ed se p\u0159i n\u00edzk\u00fdch teplot\u00e1ch se zachov\u00e1n\u00edm v\u0161ech \u00fa\u010dinn\u00fdch l\u00e1tek. <strong>Roll-on Gel Leg Refresh<\/strong> je vytvo\u0159en pro tu nejcitliv\u011bj\u0161\u00ed poko\u017eku.<\/p>\n<p>Bylinn\u00e9 l\u00e9ky jsou zn\u00e1my ji\u017e od starov\u011bku a byly pova\u017eov\u00e1ny za nejlep\u0161\u00ed zp\u016fsob, jak bojovat s r\u016fzn\u00fdmi nemocemi. Modern\u00ed \u010dlov\u011bk je zvykl\u00fd u\u017e\u00edvat protiz\u00e1n\u011btliv\u00e9 l\u00e9ky i na drobn\u00e9 bolesti. Syntetick\u00e9 p\u0159\u00edpravky \u0161kod\u00ed t\u011blu.<br \/>\nP\u0159\u00edrodn\u00ed produkt <strong>Roll-on gel Leg Refresh,<\/strong> vyroben\u00fd ze zcela p\u0159\u00edrodn\u00edch slo\u017eek, rychle pronik\u00e1 do poko\u017eky a zm\u00edr\u0148uje bolest, nap\u011bt\u00ed, t\u00edhu a \u00fanavu. Lze jej aplikovat na r\u016fzn\u00e9 \u010d\u00e1sti t\u011bla: ruce, ko\u0159\u00ednky rukou, lokty, chodidla, dlan\u011b, kolena, ky\u010dle, nohy, z\u00e1da, krk, ramena.<br \/>\nAplikace <strong>roll-on gelu Leg Refresh<\/strong> je bezpe\u010dn\u00e1, nezp\u016fsobuje alergick\u00e9 reakce ani podr\u00e1\u017ed\u011bn\u00ed poko\u017eky.  \u017d\u00e1dn\u00e9 vedlej\u0161\u00ed \u00fa\u010dinky. Je ide\u00e1ln\u00ed pro cel\u00e9 t\u011blo a poskytuje rychl\u00fd pocit lehkosti. <strong>Roll-on gel Leg Refresh<\/strong> byl vytvo\u0159en tak, aby jej mohli pou\u017e\u00edvat i lid\u00e9 s citlivou poko\u017ekou.<\/p>\n<p><strong>Aktivn\u00ed slo\u017eky gelu Roll-on Leg Refresh<\/strong> :<\/p>\n<ul>\n<li><strong>Aloe Vera<\/strong> \u2014 odstran\u011bn\u00ed otok\u016f, ochrana, v\u00fd\u017eiva.<\/li>\n<li><strong>Mentol<\/strong> \u2014 sv\u011b\u017eest a t\u00f3n.<\/li>\n<li><strong>Bor\u016fvka<\/strong> \u2014 ochrana proti k\u0159e\u010dov\u00fdm \u017eil\u00e1m, stimulant krevn\u00edho ob\u011bhu.<\/li>\n<li><strong>Rozmar\u00fdn<\/strong> \u2014 uvoln\u011bn\u00ed sval\u016f, sn\u00ed\u017een\u00ed bolesti.<\/li>\n<li><strong>Olivov\u00fd olej<\/strong> (extra panensk\u00fd) \u2013 zklid\u0148uje, chr\u00e1n\u00ed, vy\u017eivuje.<\/li>\n<li><strong>Levandule<\/strong> \u2014 p\u0159\u00edrodn\u00ed protied\u00e9mov\u00fd komplex.<\/li>\n<li><strong>J\u00edrovec<\/strong> \u2014 ochrana proti k\u0159e\u010dov\u00fdm \u017eil\u00e1m, tonizuje, posiluje.<\/li>\n<li><strong>Bambuck\u00e9 m\u00e1slo<\/strong> \u2014 hydratuje, zlep\u0161uje krevn\u00ed ob\u011bh, zklid\u0148uje.<\/li>\n<li><strong>Olej z p\u0161eni\u010dn\u00fdch kl\u00ed\u010dk\u016f<\/strong> \u2014 hojen\u00ed svalov\u00e9 tk\u00e1n\u011b.<\/li>\n<li><strong>M\u00e1tov\u00fd olej \u2014<\/strong> siln\u00e9 analgetikum, pom\u00e1h\u00e1 p\u0159i bolestech hlavy, migr\u00e9n\u011b, bolestech sval\u016f, osv\u011b\u017euje, uvol\u0148uje.<\/li>\n<li><strong>Gotu kola<\/strong> <strong>\u2014<\/strong> posiluje strukturu a funkci pojivov\u00e9 tk\u00e1n\u011b, \u010d\u00edm\u017e se zpev\u0148uj\u00ed \u017e\u00edly a tento \u00fa\u010dinek m\u016f\u017ee zm\u00edrnit p\u0159\u00edznaky poran\u011bn\u00ed nebo jak\u00fdchkoli onemocn\u011bn\u00ed pojivov\u00e9 tk\u00e1n\u011b.<\/li>\n<li><strong>Kyselina hyaluronov\u00e1<\/strong> <strong>\u2014<\/strong> hydratuje, zm\u00edr\u0148uje bolest, sni\u017euje po\u0161kozen\u00ed kloub\u016f a progresi artr\u00f3zy, prosp\u011b\u0161n\u00e1 po \u00farazech.<\/li>\n<li><strong>Algin<\/strong> (extrakt z hn\u011bd\u00fdch \u0159as, kter\u00fd obsahuje asi 40 u\u017eite\u010dn\u00fdch \u00fa\u010dinn\u00fdch l\u00e1tek) \u2014 osv\u011b\u017euje, zjem\u0148uje, hydratuje.<\/li>\n<\/ul>\n<p><strong>Slo\u017een\u00ed:<\/strong> extrakt z list\u016f aloe vera (<em>lat. Aloe Barbadensis<\/em>), extra panensk\u00fd olivov\u00fd olej (<em>lat. Olea Europea<\/em>), mentol,  <a href=\"https:\/\/visionstore.co.rs\/lavanda-lat-lavandula-angustifolia\/\">extrakt z kv\u011bt\u016f levandule (<em>lat. Lavandula Angustifolia<\/em>)<\/a>, <a href=\"https:\/\/visionstore.co.rs\/borovnicalat-vaccinium-myrtillus-2\/\">extrakt z plod\u016f bor\u016fvky (lat. Vaccinium myrtillus)<\/a> , olej z m\u00e1ty peprn\u00e9 (<em>lat. Mentha Piperita<\/em>),  <a href=\"https:\/\/visionstore.co.rs\/ruzmarin\/\">extrakt z list\u016f rozmar\u00fdnu (<em>lat. Rosmarinus Officinalis<\/em>)<\/a>, extrakt z plod\u016f j\u00edrovce ma\u010falu (lat. <em>Aesculus hippocastanum<\/em>), <a href=\"https:\/\/visionstore.co.rs\/psenicne-klice\/\">olej z p\u0161eni\u010dn\u00fdch kl\u00ed\u010dk\u016f (<em>lat. Triticum vulgare<\/em>  )<\/a>,  <a href=\"https:\/\/visionstore.co.rs\/shea-puter-butirospermum-parkii\/\">bambuck\u00e9 m\u00e1slo (<em>lat. Butyrospermum Parkii<\/em>)<\/a>, <a href=\"https:\/\/visionstore.co.rs\/gotu-kola-centella-asiatica\/\">extrakt gotu kola (lat. Centella Asiatica)<\/a>, kyselina hyaluronov\u00e1, algin.<\/p>\n<p><strong>Netto mno\u017estv\u00ed:<\/strong> 60 ml<\/p>\n","protected":false},"excerpt":{"rendered":"<p><strong>Roll-on gel Leg Refresh<\/strong> :<\/p>\n<ul>\n<li>Sni\u017euje otoky, pocit &#8222;t\u00ed\u017ee&#8220;, \u00fanavu, bolesti nohou a dal\u0161\u00ed p\u0159\u00edznaky \u017eiln\u00ed nedostate\u010dnosti<\/li>\n<li>V\u00fdborn\u00e1 pomoc p\u0159i k\u0159e\u010dov\u00fdch \u017eil\u00e1ch<\/li>\n<li>Odstra\u0148uje bolest a otok po traumatu zp\u016fsoben\u00e9m p\u00e1dem, \u00faderem, kousnut\u00edm<\/li>\n<li>Vy\u017eivuje, hydratuje a zjem\u0148uje poko\u017eku<\/li>\n<li>Pomoc p\u0159i popraskan\u00e9 k\u016f\u017ei<\/li>\n<li>Hydratuje, vy\u017eivuje a zjem\u0148uje poko\u017eku<\/li>\n<li>Uklid\u0148uje a uvol\u0148uje po intenzivn\u00ed fyzick\u00e9 n\u00e1maze<\/li>\n<li>Ulevuje od pocitu t\u00edhy, bolesti a otoku nohou v t\u011bhotenstv\u00ed<\/li>\n<li>Normalizuje krevn\u00ed ob\u011bh po dlouh\u00e9m st\u00e1n\u00ed nebo sezen\u00ed<\/li>\n<li>Relaxuje a relaxuje po ch\u016fzi na podpatc\u00edch<\/li>\n<li>Pomoc po dlouh\u00e9 dob\u011b ne\u010dinnosti (cestov\u00e1n\u00ed autobusem, vlakem nebo letadlem)<\/li>\n<\/ul>\n","protected":false},"featured_media":29132,"comment_status":"open","ping_status":"closed","template":"","meta":{"_acf_changed":false,"_uag_custom_page_level_css":"","site-sidebar-layout":"default","site-content-layout":"","ast-site-content-layout":"default","site-content-style":"default","site-sidebar-style":"default","ast-global-header-display":"","ast-banner-title-visibility":"","ast-main-header-display":"","ast-hfb-above-header-display":"","ast-hfb-below-header-display":"","ast-hfb-mobile-header-display":"","site-post-title":"","ast-breadcrumbs-content":"","ast-featured-img":"","footer-sml-layout":"","ast-disable-related-posts":"","theme-transparent-header-meta":"default","adv-header-id-meta":"","stick-header-meta":"default","header-above-stick-meta":"","header-main-stick-meta":"","header-below-stick-meta":"","astra-migrate-meta-layouts":"default","ast-page-background-enabled":"default","ast-page-background-meta":{"desktop":{"background-color":"","background-image":"","background-repeat":"repeat","background-position":"center center","background-size":"auto","background-attachment":"scroll","background-type":"","background-media":"","overlay-type":"","overlay-color":"","overlay-opacity":"","overlay-gradient":""},"tablet":{"background-color":"","background-image":"","background-repeat":"repeat","background-position":"center center","background-size":"auto","background-attachment":"scroll","background-type":"","background-media":"","overlay-type":"","overlay-color":"","overlay-opacity":"","overlay-gradient":""},"mobile":{"background-color":"","background-image":"","background-repeat":"repeat","background-position":"center center","background-size":"auto","background-attachment":"scroll","background-type":"","background-media":"","overlay-type":"","overlay-color":"","overlay-opacity":"","overlay-gradient":""}},"ast-content-background-meta":{"desktop":{"background-color":"var(--ast-global-color-4)","background-image":"","background-repeat":"repeat","background-position":"center center","background-size":"auto","background-attachment":"scroll","background-type":"","background-media":"","overlay-type":"","overlay-color":"","overlay-opacity":"","overlay-gradient":""},"tablet":{"background-color":"var(--ast-global-color-4)","background-image":"","background-repeat":"repeat","background-position":"center center","background-size":"auto","background-attachment":"scroll","background-type":"","background-media":"","overlay-type":"","overlay-color":"","overlay-opacity":"","overlay-gradient":""},"mobile":{"background-color":"var(--ast-global-color-4)","background-image":"","background-repeat":"repeat","background-position":"center center","background-size":"auto","background-attachment":"scroll","background-type":"","background-media":"","overlay-type":"","overlay-color":"","overlay-opacity":"","overlay-gradient":""}}},"product_brand":[],"product_cat":[26],"product_tag":[577],"class_list":{"0":"post-22666","1":"product","2":"type-product","3":"status-publish","4":"has-post-thumbnail","6":"product_cat-roll-on-gelovi","7":"product_tag-cosmetics","8":"desktop-align-center","9":"tablet-align-center","10":"mobile-align-center","11":"ast-product-gallery-layout-horizontal","12":"ast-product-tabs-layout-distributed","13":"ast-qv-on-image","15":"first","16":"outofstock","17":"taxable","18":"shipping-taxable","19":"purchasable","20":"product-type-simple"},"acf":[],"uagb_featured_image_src":{"full":["https:\/\/i0.wp.com\/visionstore.co.rs\/wp-content\/uploads\/2024\/04\/Leg-Refresh.png?fit=1024%2C1024&ssl=1",1024,1024,false],"thumbnail":["https:\/\/i0.wp.com\/visionstore.co.rs\/wp-content\/uploads\/2024\/04\/Leg-Refresh.png?resize=150%2C150&ssl=1",150,150,true],"medium":["https:\/\/i0.wp.com\/visionstore.co.rs\/wp-content\/uploads\/2024\/04\/Leg-Refresh.png?fit=300%2C300&ssl=1",300,300,true],"medium_large":["https:\/\/i0.wp.com\/visionstore.co.rs\/wp-content\/uploads\/2024\/04\/Leg-Refresh.png?fit=768%2C768&ssl=1",768,768,true],"large":["https:\/\/i0.wp.com\/visionstore.co.rs\/wp-content\/uploads\/2024\/04\/Leg-Refresh.png?fit=1024%2C1024&ssl=1",1024,1024,true],"1536x1536":["https:\/\/i0.wp.com\/visionstore.co.rs\/wp-content\/uploads\/2024\/04\/Leg-Refresh.png?fit=1024%2C1024&ssl=1",1024,1024,true],"2048x2048":["https:\/\/i0.wp.com\/visionstore.co.rs\/wp-content\/uploads\/2024\/04\/Leg-Refresh.png?fit=1024%2C1024&ssl=1",1024,1024,true],"mailpoet_newsletter_max":["https:\/\/i0.wp.com\/visionstore.co.rs\/wp-content\/uploads\/2024\/04\/Leg-Refresh.png?fit=1024%2C1024&ssl=1",1024,1024,true],"woocommerce_thumbnail":["https:\/\/i0.wp.com\/visionstore.co.rs\/wp-content\/uploads\/2024\/04\/Leg-Refresh.png?fit=900%2C900&ssl=1",900,900,true],"woocommerce_single":["https:\/\/i0.wp.com\/visionstore.co.rs\/wp-content\/uploads\/2024\/04\/Leg-Refresh.png?fit=1024%2C1024&ssl=1",1024,1024,true],"woocommerce_gallery_thumbnail":["https:\/\/i0.wp.com\/visionstore.co.rs\/wp-content\/uploads\/2024\/04\/Leg-Refresh.png?resize=100%2C100&ssl=1",100,100,true]},"uagb_author_info":{"display_name":"admin","author_link":"https:\/\/visionstore.co.rs\/cs\/author\/"},"uagb_comment_info":4,"uagb_excerpt":"Roll-on gel Leg Refresh : Sni\u017euje otoky, pocit \"t\u00ed\u017ee\", \u00fanavu, bolesti nohou a dal\u0161\u00ed p\u0159\u00edznaky \u017eiln\u00ed nedostate\u010dnosti V\u00fdborn\u00e1 pomoc p\u0159i k\u0159e\u010dov\u00fdch \u017eil\u00e1ch Odstra\u0148uje bolest a otok po traumatu zp\u016fsoben\u00e9m p\u00e1dem, \u00faderem, kousnut\u00edm Vy\u017eivuje, hydratuje a zjem\u0148uje poko\u017eku Pomoc p\u0159i popraskan\u00e9 k\u016f\u017ei Hydratuje, vy\u017eivuje a zjem\u0148uje poko\u017eku Uklid\u0148uje a uvol\u0148uje po intenzivn\u00ed fyzick\u00e9 n\u00e1maze Ulevuje od&hellip;","jetpack_sharing_enabled":true,"_links":{"self":[{"href":"https:\/\/visionstore.co.rs\/cs\/wp-json\/wp\/v2\/product\/22666","targetHints":{"allow":["GET"]}}],"collection":[{"href":"https:\/\/visionstore.co.rs\/cs\/wp-json\/wp\/v2\/product"}],"about":[{"href":"https:\/\/visionstore.co.rs\/cs\/wp-json\/wp\/v2\/types\/product"}],"replies":[{"embeddable":true,"href":"https:\/\/visionstore.co.rs\/cs\/wp-json\/wp\/v2\/comments?post=22666"}],"wp:featuredmedia":[{"embeddable":true,"href":"https:\/\/visionstore.co.rs\/cs\/wp-json\/wp\/v2\/media\/29132"}],"wp:attachment":[{"href":"https:\/\/visionstore.co.rs\/cs\/wp-json\/wp\/v2\/media?parent=22666"}],"wp:term":[{"taxonomy":"product_brand","embeddable":true,"href":"https:\/\/visionstore.co.rs\/cs\/wp-json\/wp\/v2\/product_brand?post=22666"},{"taxonomy":"product_cat","embeddable":true,"href":"https:\/\/visionstore.co.rs\/cs\/wp-json\/wp\/v2\/product_cat?post=22666"},{"taxonomy":"product_tag","embeddable":true,"href":"https:\/\/visionstore.co.rs\/cs\/wp-json\/wp\/v2\/product_tag?post=22666"}],"curies":[{"name":"wp","href":"https:\/\/api.w.org\/{rel}","templated":true}]}}