{"id":24205,"date":"2020-06-30T15:00:37","date_gmt":"2020-06-30T13:00:37","guid":{"rendered":"https:\/\/visionstore.co.rs\/product\/synbiotics-immune-care\/"},"modified":"2024-09-03T11:00:01","modified_gmt":"2024-09-03T09:00:01","slug":"synbiotics-immune-care","status":"publish","type":"product","link":"https:\/\/visionstore.co.rs\/cs\/product\/synbiotics-immune-care\/","title":{"rendered":"Synbiotics Immune Care"},"content":{"rendered":"<p><strong>Synbiotics Immune Care<\/strong> posiluje imunitn\u00ed syst\u00e9m, sni\u017euje v\u00fdskyt alergi\u00ed a normalizuje rovnov\u00e1hu mikrofl\u00f3ry. Normalizuje imunitn\u00ed (v\u010detn\u011b alergick\u00fdch) reakc\u00ed organismu, zaji\u0161\u0165uje dozr\u00e1v\u00e1n\u00ed imunitn\u00edch bun\u011bk a jejich schopnost rozpozn\u00e1vat patogenn\u00ed mikroorganismy. <strong>Synbiotics Immune Care zvy\u0161uje odolnost organismu proti nachlazen\u00ed, chr\u00e1n\u00ed horn\u00ed cesty d\u00fdchac\u00ed p\u0159ed infekcemi a zlep\u0161uje mikrofl\u00f3ru poko\u017eky<\/strong> , \u010d\u00edm\u017e sni\u017euje mo\u017enost vzniku akn\u00e9. <strong>Obnovuje p\u0159irozenou biologickou bari\u00e9ru ve st\u0159evech a sni\u017euje propustnost alergen\u016f, patogenn\u00edch mikroorganism\u016f a toxin\u016f<\/strong> , sni\u017euje citlivost imunitn\u00edch bun\u011bk na alergeny a alergick\u00e9 reakce. V tlust\u00e9m st\u0159ev\u011b se nach\u00e1z\u00ed v\u00edce ne\u017e miliarda \u017eiv\u00fdch mikroorganism\u016f, kter\u00e9 tvo\u0159\u00ed mikrobiom (mikrofl\u00f3ru) lidsk\u00e9ho t\u011bla. Ka\u017ed\u00fd \u010dlov\u011bk m\u00e1 sv\u016fj vlastn\u00ed mikrobiom, kter\u00fd se skl\u00e1d\u00e1 z mnoha r\u016fzn\u00fdch mikroorganism\u016f. Na ka\u017edou bu\u0148ku organismu p\u0159ipad\u00e1 deset bakteri\u00e1ln\u00edch bun\u011bk, na ka\u017ed\u00fd gen 100 bakteri\u00e1ln\u00edch gen\u016f. Prvn\u00ed bakterie se dostanou do t\u011bla ji\u017e p\u0159i narozen\u00ed a v budoucnu, a\u017e do konce \u017eivota, bakterie \u010dlov\u011bka neopust\u00ed, ale pouze zm\u011bn\u00ed slo\u017een\u00ed sv\u00e9ho druhu. <em>Probiotika<\/em> \u2013 \u017eiv\u00e9 mikroorganismy, kter\u00e9 \u017eij\u00ed v lidsk\u00fdch st\u0159evech. \u0158\u00edk\u00e1 se jim tak\u00e9 \u201ep\u0159\u00e1telsk\u00e9\u201c, \u201eprosp\u011b\u0161n\u00e9\u201c nebo \u201edobr\u00e9\u201c bakterie. Probiotika mohou blahod\u00e1rn\u011b p\u016fsobit t\u00e9m\u011b\u0159 na cel\u00fd organismus. Pokud jde o podporu zdrav\u00ed, je t\u0159eba jim v\u011bnovat zvl\u00e1\u0161tn\u00ed pozornost. Slovo \u201e <em>probiotikum<\/em> \u201c je z n\u011bjak\u00e9ho d\u016fvodu p\u0159elo\u017eeno z \u0159e\u010dtiny jako \u201epro \u017eivot\u201c. Synbiotikum je relativn\u011b nov\u00fd pojem, p\u0159edstavuje <strong>kombinaci probiotik a prebiotik<\/strong> . Jejich \u00fa\u010dinek se zvy\u0161uje spole\u010dn\u00fdm p\u016fsoben\u00edm. Nej\u010dast\u011bji posta\u010d\u00ed jedna d\u00e1vka denn\u011b zap\u00edjen\u00e1 trochou vody ka\u017ed\u00fd den ve stejnou dobu, ide\u00e1ln\u011b ve\u010der p\u0159ed span\u00edm. Synbiotikum obsahuje v\u011bt\u0161\u00ed mno\u017estv\u00ed kmen\u016f probiotick\u00fdch bakteri\u00ed a prebiotik. Synbiotikum se vyr\u00e1b\u00ed pomoc\u00ed inovativn\u00ed technologie zapouzd\u0159en\u00ed, kter\u00e1 zaji\u0161\u0165uje lep\u0161\u00ed stabilitu a v\u011bt\u0161\u00ed \u00fa\u010dinnost. Dvojit\u00e1 ochrann\u00e1 vrstva chr\u00e1n\u00ed bakterie p\u0159ed destruktivn\u00ed \u010dinnost\u00ed \u017ealude\u010dn\u00edch \u0161\u0165\u00e1v a tr\u00e1vic\u00edch enzym\u016f.                 <\/p>\n<h4>nezapome\u0148!<\/h4>\n<p>  Pot\u0159ebn\u00e9 vitam\u00edny a miner\u00e1ly se vst\u0159eb\u00e1vaj\u00ed tr\u00e1vic\u00edm traktem. Strava zalo\u017een\u00e1 na jednoduch\u00fdch cukrech sni\u017euje \u00fa\u010dinek prosp\u011b\u0161n\u00fdch bakteri\u00ed a zvy\u0161uje p\u0159\u00edtomnost patogenn\u00edch. P\u0159\u00edjem vl\u00e1kniny a komplexn\u00edch sacharid\u016f ovliv\u0148uje r\u016fst prosp\u011b\u0161n\u00fdch bakteri\u00ed. Konzumac\u00ed probiotik prost\u0159ednictv\u00edm fermentovan\u00fdch ml\u00e9\u010dn\u00fdch v\u00fdrobk\u016f a dopl\u0148k\u016f stravy p\u016fsob\u00edme na st\u0159evn\u00ed mikrofl\u00f3ru, kter\u00e1 se v\u00fdznamn\u011b pod\u00edl\u00ed na posilov\u00e1n\u00ed imunity, proto\u017ee a\u017e 60 % bun\u011bk imunitn\u00edho syst\u00e9mu se nach\u00e1z\u00ed ve st\u0159evech! <strong>V\u00fdhody:<\/strong> V\u00fdrobek je vyroben podle inovativn\u00edho principu. <strong>Stimuluje imunitn\u00ed syst\u00e9m:<\/strong>   <\/p>\n<ul>\n<li style=\"list-style-type: none;\">\n<ul>\n<li>aktivuje tvorbu a zr\u00e1n\u00ed imunitn\u00edch bun\u011bk (lymfocyty, makrof\u00e1gy atd.)<\/li>\n<li>aktivuje zabij\u00e1ck\u00e9 imunitn\u00ed bu\u0148ky, kter\u00e9 p\u0159\u00edmo bojuj\u00ed s patogenn\u00edmi bakteriemi.<\/li>\n<\/ul>\n<\/li>\n<\/ul>\n<p><strong>Tvo\u0159\u00ed dodate\u010dnou ochranu proti patogenn\u00edm mikroorganism\u016fm:<\/strong><\/p>\n<ul>\n<li style=\"list-style-type: none;\">\n<ul>\n<li>vytv\u00e1\u0159ej\u00ed biofilm, to znamen\u00e1, \u017ee syntetizuj\u00ed biosurfaktanty, kter\u00e9 neumo\u017e\u0148uj\u00ed p\u0159ichycen\u00ed patogenn\u00edch mikroorganism\u016f<\/li>\n<li>syntetizuj\u00ed slou\u010deniny nebezpe\u010dn\u00e9 pro patogenn\u00ed mikroorganismy<\/li>\n<li>porazili je v boji o j\u00eddlo a prostor, kter\u00fd zab\u00edraj\u00ed.<\/li>\n<\/ul>\n<\/li>\n<\/ul>\n<p><strong>Posiluje biologickou bari\u00e9ru proti \u0161kodliv\u00fdm l\u00e1tk\u00e1m:<\/strong><\/p>\n<ul>\n<li style=\"list-style-type: none;\">\n<ul>\n<li>syntetizuje proteiny, kter\u00e9 prodlu\u017euj\u00ed \u017eivotnost epiteli\u00e1ln\u00edch bun\u011bk<\/li>\n<li>siln\u011bj\u0161\u00ed mezibun\u011b\u010dn\u00e9 slou\u010deniny.<\/li>\n<\/ul>\n<\/li>\n<\/ul>\n<p><strong>Zabra\u0148uje z\u00e1n\u011btliv\u00fdm proces\u016fm a chr\u00e1n\u00ed je p\u0159ed \u0161\u00ed\u0159en\u00edm po t\u011ble.<\/strong> <strong>Slo\u017een\u00ed:<\/strong> <a href=\"https:\/\/visionstore.co.rs\/bifidobacterium-lactis-probiotska-bakterija\/\">Bifidobacterium lactis<\/a> , <a href=\"https:\/\/visionstore.co.rs\/lactobacillus-casei-probiotska-bakterija\/\">Lactobacillus casei<\/a> , <a href=\"https:\/\/visionstore.co.rs\/lactobacillus-rhamnosus-gg-probiotska-bakterija\/\">Lactobacillus rhamnosus GG<\/a> , <a href=\"https:\/\/visionstore.co.rs\/lactobacillus-paracasei\/\">Lactobacillus paracasei<\/a> , <a href=\"https:\/\/visionstore.co.rs\/lactobacillus-plantarum\/\">Lactobacillus plantarum<\/a> , <a href=\"https:\/\/visionstore.co.rs\/lactobacillus-reuteri\/\">Lactobacillus reuteri<\/a> , <a href=\"https:\/\/visionstore.co.rs\/lactobacillus-salivarius\/\">Lactobacillus salivarius<\/a> , <a href=\"https:\/\/visionstore.co.rs\/lactobacillus-acidophilus\/\">Lactobacillus acidophilus<\/a> , <a href=\"https:\/\/visionstore.co.rs\/lactobacillus-brevis-probiotska-bakterija\/\">Lactobacillus<\/a> &#8211; bretooligtosthec. calcium. <\/p>\n<blockquote><p>Probiotick\u00fd program Bio-In obsahuje miliardy bakteri\u00e1ln\u00edch koloni\u00ed a je ide\u00e1ln\u00ed pro normalizaci bakteri\u00e1ln\u00ed fl\u00f3ry v tr\u00e1vic\u00edm traktu. <strong>Michael Tvede<\/strong> Vedouc\u00ed klinick\u00e9 mikrobiologie, Rigshospitalet, Koda\u0148sk\u00e1 univerzitn\u00ed nemocnice<\/p><\/blockquote>\n<p> <strong>\u010cist\u00e9 mno\u017estv\u00ed:<\/strong> 14 g (14 s\u00e1\u010dk\u016f)  <\/p>\n<table width=\"0\">\n<tbody>\n<tr>\n<td width=\"227\"><strong>AKTIVN\u00cd L\u00c1TKY:<\/strong><\/td>\n<td width=\"115\"><strong>na 1 s\u00e1\u010dek (1 g)<\/strong><\/td>\n<\/tr>\n<tr>\n<td width=\"227\">FOS (fruktooligosacharidy)<\/td>\n<td width=\"115\">965 mg***<\/td>\n<\/tr>\n<tr>\n<td width=\"227\"><a href=\"https:\/\/visionstore.co.rs\/bifidobacterium-lactis-probiotska-bakterija\/\"><em>Bifidobacterium lactis<\/em><\/a><\/td>\n<td width=\"115\">3 230 x 10 <sup>9<\/sup> CFU**<\/td>\n<\/tr>\n<tr>\n<td width=\"227\"><a href=\"https:\/\/visionstore.co.rs\/lactobacillus-rhamnosus-gg-probiotska-bakterija\/\"><em>Lactobacillus rhamnosus GG<\/em><\/a><\/td>\n<td width=\"115\">0,288 x <sup>109<\/sup> CFU**<\/td>\n<\/tr>\n<tr>\n<td width=\"227\"><a href=\"https:\/\/visionstore.co.rs\/lactobacillus-casei-probiotska-bakterija\/\"><em>Lactobacillus casei<\/em><\/a><\/td>\n<td width=\"115\">0,350 x <sup>109<\/sup> CFU**<\/td>\n<\/tr>\n<tr>\n<td width=\"227\"><a href=\"https:\/\/visionstore.co.rs\/lactobacillus-reuteri\/\"><em>Lactobacillus reuteri<\/em><\/a><\/td>\n<td width=\"115\">0,200 x <sup>109<\/sup> CFU**<\/td>\n<\/tr>\n<tr>\n<td width=\"227\"><a href=\"https:\/\/visionstore.co.rs\/lactobacillus-paracasei\/\"><em>Lactobacillus paracasei<\/em><\/a><\/td>\n<td width=\"115\">0,250 x <sup>109<\/sup> CFU**<\/td>\n<\/tr>\n<tr>\n<td width=\"227\"><a href=\"https:\/\/visionstore.co.rs\/lactobacillus-plantarum\/\"><em>Lactobacillus plantarum<\/em><\/a><\/td>\n<td width=\"115\">0,250 x <sup>109<\/sup> CFU**<\/td>\n<\/tr>\n<tr>\n<td width=\"227\"><a href=\"https:\/\/visionstore.co.rs\/lactobacillus-salivarius\/\"><em>Lactobacillus salivarius<\/em><\/a><\/td>\n<td width=\"115\">0,175 x <sup>109<\/sup> CFU**<\/td>\n<\/tr>\n<tr>\n<td width=\"227\"><a href=\"https:\/\/visionstore.co.rs\/lactobacillus-acidophilus\/\"><em>Lactobacillus acidophilus<\/em><\/a><\/td>\n<td width=\"115\">0,125 x <sup>109<\/sup> CFU**<\/td>\n<\/tr>\n<tr>\n<td width=\"227\"><a href=\"https:\/\/visionstore.co.rs\/lactobacillus-brevis-probiotska-bakterija\/\"><em>Lactobacillus brevis<\/em><\/a><\/td>\n<td width=\"115\">0,125 x <sup>109<\/sup> CFU**<\/td>\n<\/tr>\n<tr>\n<td width=\"227\"><em>Kyselina pantotenov\u00e1 \u2013 Vitam\u00edn B5 (jako D-pantothen\u00e1t v\u00e1penat\u00fd)<\/em><\/td>\n<td width=\"115\">0,9 mg (15 %)*<\/td>\n<\/tr>\n<\/tbody>\n<\/table>\n<p><strong>*<\/strong> NRV &#8211; nutri\u010dn\u00ed referen\u010dn\u00ed hodnota <strong>**<\/strong> CFU (Colony-forming units) &#8211; po\u010det \u017eiv\u00fdch mikroorganism\u016f v dob\u011b balen\u00ed. Po\u010det 10 x 10 <sup>9<\/sup> \u017eiv\u00fdch bun\u011bk v dob\u011b balen\u00ed zaru\u010duje mno\u017estv\u00ed 5 x 10 <sup>9<\/sup> \u017eiv\u00fdch bun\u011bk do data expirace. <strong>***<\/strong> &#8211; nutri\u010dn\u00ed referen\u010dn\u00ed hodnota nebyla stanovena <\/p>\n","protected":false},"excerpt":{"rendered":"<ul>\n<li>P\u0159isp\u00edv\u00e1 k pos\u00edlen\u00ed imunitn\u00edho syst\u00e9mu<\/li>\n<li>Zaji\u0161\u0165uje dozr\u00e1v\u00e1n\u00ed imunitn\u00edch bun\u011bk a schopnost rozpozn\u00e1vat patogenn\u00ed mikroorganismy<\/li>\n<li>Zvy\u0161uje odolnost proti nachlazen\u00ed a chr\u00e1n\u00ed horn\u00ed cesty d\u00fdchac\u00ed p\u0159ed infekcemi<\/li>\n<li>Zlep\u0161uje ko\u017en\u00ed mikrofl\u00f3ru<\/li>\n<li>Obnovuje p\u0159irozenou biologickou bari\u00e9ru ve st\u0159evech<\/li>\n<li>Zlep\u0161uje \u010dinnost gastrointestin\u00e1ln\u00edho traktu a sni\u017euje p\u0159\u00edznaky alergie<\/li>\n<\/ul>\n","protected":false},"featured_media":20529,"comment_status":"open","ping_status":"closed","template":"","meta":{"_acf_changed":false,"_uag_custom_page_level_css":"","site-sidebar-layout":"default","site-content-layout":"default","ast-site-content-layout":"default","site-content-style":"default","site-sidebar-style":"default","ast-global-header-display":"","ast-banner-title-visibility":"","ast-main-header-display":"","ast-hfb-above-header-display":"","ast-hfb-below-header-display":"","ast-hfb-mobile-header-display":"","site-post-title":"","ast-breadcrumbs-content":"","ast-featured-img":"","footer-sml-layout":"","ast-disable-related-posts":"","theme-transparent-header-meta":"default","adv-header-id-meta":"","stick-header-meta":"default","header-above-stick-meta":"","header-main-stick-meta":"","header-below-stick-meta":"","astra-migrate-meta-layouts":"default","ast-page-background-enabled":"default","ast-page-background-meta":{"desktop":{"background-color":"","background-image":"","background-repeat":"repeat","background-position":"center center","background-size":"auto","background-attachment":"scroll","background-type":"","background-media":"","overlay-type":"","overlay-color":"","overlay-opacity":"","overlay-gradient":""},"tablet":{"background-color":"","background-image":"","background-repeat":"repeat","background-position":"center center","background-size":"auto","background-attachment":"scroll","background-type":"","background-media":"","overlay-type":"","overlay-color":"","overlay-opacity":"","overlay-gradient":""},"mobile":{"background-color":"","background-image":"","background-repeat":"repeat","background-position":"center center","background-size":"auto","background-attachment":"scroll","background-type":"","background-media":"","overlay-type":"","overlay-color":"","overlay-opacity":"","overlay-gradient":""}},"ast-content-background-meta":{"desktop":{"background-color":"var(--ast-global-color-4)","background-image":"","background-repeat":"repeat","background-position":"center center","background-size":"auto","background-attachment":"scroll","background-type":"","background-media":"","overlay-type":"","overlay-color":"","overlay-opacity":"","overlay-gradient":""},"tablet":{"background-color":"var(--ast-global-color-4)","background-image":"","background-repeat":"repeat","background-position":"center center","background-size":"auto","background-attachment":"scroll","background-type":"","background-media":"","overlay-type":"","overlay-color":"","overlay-opacity":"","overlay-gradient":""},"mobile":{"background-color":"var(--ast-global-color-4)","background-image":"","background-repeat":"repeat","background-position":"center center","background-size":"auto","background-attachment":"scroll","background-type":"","background-media":"","overlay-type":"","overlay-color":"","overlay-opacity":"","overlay-gradient":""}},"jetpack_post_was_ever_published":false},"product_brand":[],"product_cat":[357],"product_tag":[],"class_list":{"0":"post-24205","1":"product","2":"type-product","3":"status-publish","4":"has-post-thumbnail","6":"product_cat-classic-hit","7":"desktop-align-center","8":"tablet-align-center","9":"mobile-align-center","10":"ast-product-gallery-layout-horizontal","11":"ast-product-tabs-layout-distributed","12":"ast-qv-on-image","14":"first","15":"outofstock","16":"featured","17":"taxable","18":"shipping-taxable","19":"purchasable","20":"product-type-simple"},"acf":[],"uagb_featured_image_src":{"full":["https:\/\/i0.wp.com\/visionstore.co.rs\/wp-content\/uploads\/2020\/06\/Immune2Care.png?fit=1470%2C1470&ssl=1",1470,1470,false],"thumbnail":["https:\/\/i0.wp.com\/visionstore.co.rs\/wp-content\/uploads\/2020\/06\/Immune2Care.png?resize=150%2C150&ssl=1",150,150,true],"medium":["https:\/\/i0.wp.com\/visionstore.co.rs\/wp-content\/uploads\/2020\/06\/Immune2Care.png?fit=300%2C300&ssl=1",300,300,true],"medium_large":["https:\/\/i0.wp.com\/visionstore.co.rs\/wp-content\/uploads\/2020\/06\/Immune2Care.png?fit=768%2C768&ssl=1",768,768,true],"large":["https:\/\/i0.wp.com\/visionstore.co.rs\/wp-content\/uploads\/2020\/06\/Immune2Care.png?fit=1024%2C1024&ssl=1",1024,1024,true],"1536x1536":["https:\/\/i0.wp.com\/visionstore.co.rs\/wp-content\/uploads\/2020\/06\/Immune2Care.png?fit=1470%2C1470&ssl=1",1470,1470,true],"2048x2048":["https:\/\/i0.wp.com\/visionstore.co.rs\/wp-content\/uploads\/2020\/06\/Immune2Care.png?fit=1470%2C1470&ssl=1",1470,1470,true],"mailpoet_newsletter_max":["https:\/\/i0.wp.com\/visionstore.co.rs\/wp-content\/uploads\/2020\/06\/Immune2Care.png?fit=1320%2C1320&ssl=1",1320,1320,true],"woocommerce_thumbnail":["https:\/\/i0.wp.com\/visionstore.co.rs\/wp-content\/uploads\/2020\/06\/Immune2Care.png?fit=900%2C900&ssl=1",900,900,true],"woocommerce_single":["https:\/\/i0.wp.com\/visionstore.co.rs\/wp-content\/uploads\/2020\/06\/Immune2Care.png?fit=1200%2C1200&ssl=1",1200,1200,true],"woocommerce_gallery_thumbnail":["https:\/\/i0.wp.com\/visionstore.co.rs\/wp-content\/uploads\/2020\/06\/Immune2Care.png?resize=100%2C100&ssl=1",100,100,true]},"uagb_author_info":{"display_name":"admin","author_link":"https:\/\/visionstore.co.rs\/cs\/author\/"},"uagb_comment_info":2,"uagb_excerpt":"P\u0159isp\u00edv\u00e1 k pos\u00edlen\u00ed imunitn\u00edho syst\u00e9mu Zaji\u0161\u0165uje dozr\u00e1v\u00e1n\u00ed imunitn\u00edch bun\u011bk a schopnost rozpozn\u00e1vat patogenn\u00ed mikroorganismy Zvy\u0161uje odolnost proti nachlazen\u00ed a chr\u00e1n\u00ed horn\u00ed cesty d\u00fdchac\u00ed p\u0159ed infekcemi Zlep\u0161uje ko\u017en\u00ed mikrofl\u00f3ru Obnovuje p\u0159irozenou biologickou bari\u00e9ru ve st\u0159evech Zlep\u0161uje \u010dinnost gastrointestin\u00e1ln\u00edho traktu a sni\u017euje p\u0159\u00edznaky alergie","jetpack_sharing_enabled":true,"_links":{"self":[{"href":"https:\/\/visionstore.co.rs\/cs\/wp-json\/wp\/v2\/product\/24205","targetHints":{"allow":["GET"]}}],"collection":[{"href":"https:\/\/visionstore.co.rs\/cs\/wp-json\/wp\/v2\/product"}],"about":[{"href":"https:\/\/visionstore.co.rs\/cs\/wp-json\/wp\/v2\/types\/product"}],"replies":[{"embeddable":true,"href":"https:\/\/visionstore.co.rs\/cs\/wp-json\/wp\/v2\/comments?post=24205"}],"wp:featuredmedia":[{"embeddable":true,"href":"https:\/\/visionstore.co.rs\/cs\/wp-json\/wp\/v2\/media\/20529"}],"wp:attachment":[{"href":"https:\/\/visionstore.co.rs\/cs\/wp-json\/wp\/v2\/media?parent=24205"}],"wp:term":[{"taxonomy":"product_brand","embeddable":true,"href":"https:\/\/visionstore.co.rs\/cs\/wp-json\/wp\/v2\/product_brand?post=24205"},{"taxonomy":"product_cat","embeddable":true,"href":"https:\/\/visionstore.co.rs\/cs\/wp-json\/wp\/v2\/product_cat?post=24205"},{"taxonomy":"product_tag","embeddable":true,"href":"https:\/\/visionstore.co.rs\/cs\/wp-json\/wp\/v2\/product_tag?post=24205"}],"curies":[{"name":"wp","href":"https:\/\/api.w.org\/{rel}","templated":true}]}}