{"id":27183,"date":"2025-06-04T10:52:44","date_gmt":"2025-06-04T08:52:44","guid":{"rendered":"https:\/\/visionstore.co.rs\/?post_type=product&#038;p=27183"},"modified":"2026-04-30T09:13:20","modified_gmt":"2026-04-30T07:13:20","slug":"probio-maximum-active","status":"publish","type":"product","link":"https:\/\/visionstore.co.rs\/cs\/product\/probio-maximum-active\/","title":{"rendered":"ProBio Maximum Active"},"content":{"rendered":"<h2 data-start=\"160\" data-end=\"190\"><strong data-start=\"163\" data-end=\"188\">ProBio Maximum Active<\/strong><\/h2>\n<p data-start=\"191\" data-end=\"248\"><strong data-start=\"191\" data-end=\"248\">12+3 synbiotick\u00e1 formule &#8211; 55 miliard CFU na kapsli<\/strong><\/p>\n<p data-start=\"250\" data-end=\"403\">Posilte zdrav\u00ed sv\u00e9 st\u0159evn\u00ed fl\u00f3ry, imunity a poko\u017eky s dokonalou kombinac\u00ed <strong data-start=\"329\" data-end=\"354\">12 probiotick\u00fdch kmen\u016f<\/strong> a 3 <strong data-start=\"357\" data-end=\"373\">prebiotik<\/strong> v pouh\u00e9 jedn\u00e9 kapsli denn\u011b!<\/p>\n<hr data-start=\"405\" data-end=\"408\">\n<h3 data-start=\"410\" data-end=\"446\">\ud83e\uddec \u0160TA JE ProBio Maximum Active?<\/h3>\n<p data-start=\"448\" data-end=\"777\"><strong data-start=\"448\" data-end=\"473\">ProBio Maximum Active<\/strong> je inovativn\u00ed <strong data-start=\"488\" data-end=\"501\">synbiotikum<\/strong> \u2013 dopln\u011bk stravy, kter\u00fd kombinuje <strong data-start=\"535\" data-end=\"549\">probiotika<\/strong> (dobr\u00e9 bakterie) a <strong data-start=\"570\" data-end=\"584\">prebiotika<\/strong> (potrava pro tyto bakterie). Toto unik\u00e1tn\u00ed slo\u017een\u00ed obsahuje a\u017e <strong data-start=\"649\" data-end=\"669\">55 miliard CFU<\/strong> \u017eiv\u00fdch bakteri\u00ed na kapsli, kter\u00e9 p\u0159isp\u00edvaj\u00ed k rovnov\u00e1ze mikrobioty a siln\u011bj\u0161\u00ed imunitn\u00ed odpov\u011bdi t\u011bla. <\/p>\n<hr data-start=\"779\" data-end=\"782\">\n<h3 data-start=\"784\" data-end=\"806\">\ud83e\udda0 OBSAH TOBOLKY<\/h3>\n<p data-start=\"808\" data-end=\"834\"><strong data-start=\"808\" data-end=\"834\">12 probiotick\u00fdch kmen\u016f:<\/strong><\/p>\n<ul data-start=\"835\" data-end=\"1051\">\n<li data-start=\"835\" data-end=\"976\">\n<p data-start=\"837\" data-end=\"976\"><em data-start=\"837\" data-end=\"867\">Lacticaseibacillus rhamnosus<\/em>, <em data-start=\"869\" data-end=\"879\">L. casei<\/em>, <em data-start=\"881\" data-end=\"895\">L. paracasei<\/em>, <em data-start=\"897\" data-end=\"911\">L. plantarum<\/em>, <em data-start=\"913\" data-end=\"929\">L. acidophilus<\/em>, <em data-start=\"931\" data-end=\"945\">L. fermentum<\/em>, <em data-start=\"947\" data-end=\"962\">L. helveticus<\/em>, <em data-start=\"964\" data-end=\"976\">L. reuteri<\/em><\/p>\n<\/li>\n<li data-start=\"977\" data-end=\"1051\">\n<p data-start=\"979\" data-end=\"1051\"><em data-start=\"979\" data-end=\"1012\">Bifidobacterium animalis lactis<\/em>, <em data-start=\"1014\" data-end=\"1026\">B. bifidum<\/em>, <em data-start=\"1028\" data-end=\"1039\">B. longum<\/em>, <em data-start=\"1041\" data-end=\"1051\">B. breve<\/em><\/p>\n<\/li>\n<\/ul>\n<p data-start=\"1053\" data-end=\"1070\"><strong data-start=\"1053\" data-end=\"1070\">3 prebiotika:<\/strong><\/p>\n<ul data-start=\"1071\" data-end=\"1152\">\n<li data-start=\"1071\" data-end=\"1104\">\n<p data-start=\"1073\" data-end=\"1104\"><strong data-start=\"1073\" data-end=\"1102\">Fruktooligosacharidy (FOS)<\/strong><\/p>\n<\/li>\n<li data-start=\"1105\" data-end=\"1137\">\n<p data-start=\"1107\" data-end=\"1137\"><strong data-start=\"1107\" data-end=\"1135\">Xylooligosacharidy (XOS)<\/strong><\/p>\n<\/li>\n<li data-start=\"1138\" data-end=\"1152\">\n<p data-start=\"1140\" data-end=\"1152\"><strong data-start=\"1140\" data-end=\"1152\">Stahioza<\/strong><\/p>\n<\/li>\n<\/ul>\n<hr data-start=\"1154\" data-end=\"1157\">\n<h3 data-start=\"1159\" data-end=\"1181\">\u2705 KL\u00cd\u010cOV\u00c9 V\u00ddHODY<\/h3>\n<ul data-start=\"1183\" data-end=\"1688\">\n<li data-start=\"1183\" data-end=\"1225\">\n<p data-start=\"1185\" data-end=\"1225\"><strong data-start=\"1185\" data-end=\"1225\">Obnovuje a udr\u017euje st\u0159evn\u00ed mikrofl\u00f3ru<\/strong><\/p>\n<\/li>\n<li data-start=\"1226\" data-end=\"1280\">\n<p data-start=\"1228\" data-end=\"1280\"><strong data-start=\"1228\" data-end=\"1245\">Posiluje imunitu<\/strong> a sni\u017euje citlivost na alergeny<\/p>\n<\/li>\n<li data-start=\"1281\" data-end=\"1338\">\n<p data-start=\"1283\" data-end=\"1338\"><strong data-start=\"1283\" data-end=\"1313\">Normalizuje imunitn\u00ed reakce<\/strong>, v\u010detn\u011b alergick\u00fdch.<\/p>\n<\/li>\n<li data-start=\"1339\" data-end=\"1421\">\n<p data-start=\"1341\" data-end=\"1421\"><strong data-start=\"1341\" data-end=\"1374\">Sni\u017euje propustnost st\u0159ev<\/strong> a chr\u00e1n\u00ed p\u0159ed toxiny a patogenn\u00edmi mikroorganismy<\/p>\n<\/li>\n<li data-start=\"1422\" data-end=\"1486\">\n<p data-start=\"1424\" data-end=\"1486\"><strong data-start=\"1424\" data-end=\"1458\">Zvy\u0161uje odolnost v\u016f\u010di nachlazen\u00ed<\/strong> a infekc\u00edm d\u00fdchac\u00edch cest<\/p>\n<\/li>\n<li data-start=\"1487\" data-end=\"1551\">\n<p data-start=\"1489\" data-end=\"1551\"><strong data-start=\"1489\" data-end=\"1519\">Zlep\u0161uje mikrofl\u00f3ru poko\u017eky<\/strong> a m\u016f\u017ee p\u0159isp\u011bt ke zm\u00edrn\u011bn\u00ed akn\u00e9.<\/p>\n<\/li>\n<li data-start=\"1552\" data-end=\"1607\">\n<p data-start=\"1554\" data-end=\"1607\"><strong data-start=\"1554\" data-end=\"1574\">Podporuje tr\u00e1ven\u00ed<\/strong> a vst\u0159eb\u00e1v\u00e1n\u00ed vitam\u00edn\u016f a miner\u00e1l\u016f<\/p>\n<\/li>\n<li data-start=\"1608\" data-end=\"1688\">\n<p data-start=\"1610\" data-end=\"1688\"><strong data-start=\"1610\" data-end=\"1650\">Inovativn\u00ed technologie zapouzd\u0159en\u00ed<\/strong> chr\u00e1n\u00ed bakterie p\u0159ed \u017ealude\u010dn\u00ed kyselinou<\/p>\n<\/li>\n<\/ul>\n<hr data-start=\"1690\" data-end=\"1693\">\n<h3 data-start=\"1695\" data-end=\"1725\">\ud83e\udde0 ZAJ\u00cdMAVOSTI O MIKROBIOMU<\/h3>\n<p data-start=\"1727\" data-end=\"1988\">V tlust\u00e9m st\u0159ev\u011b \u017eije <strong data-start=\"1753\" data-end=\"1794\">p\u0159es miliardu \u017eiv\u00fdch mikroorganism\u016f<\/strong> \u2013 tvo\u0159\u00ed mikrobiom ka\u017ed\u00e9ho \u010dlov\u011bka, kter\u00fd je jedine\u010dn\u00fd jako otisk prstu. Na ka\u017edou bu\u0148ku lidsk\u00e9ho t\u011bla p\u0159ipad\u00e1 10 bakteri\u00e1ln\u00edch bun\u011bk a na ka\u017ed\u00fd lidsk\u00fd gen p\u0159ipad\u00e1 a\u017e 100 bakteri\u00e1ln\u00edch gen\u016f! <\/p>\n<hr data-start=\"1990\" data-end=\"1993\">\n<h3 data-start=\"1995\" data-end=\"2025\">\ud83d\udd0e PROBIOTIKA A SYNBIOTIKA<\/h3>\n<p data-start=\"2027\" data-end=\"2213\"><strong data-start=\"2027\" data-end=\"2041\">Probiotika<\/strong> jsou \u017eiv\u00e9 \u201ep\u0159\u00e1telsk\u00e9\u201c mikroorganismy, kter\u00e9 ob\u00fdvaj\u00ed na\u0161e st\u0159eva a maj\u00ed blahod\u00e1rn\u00fd vliv na cel\u00fd organismus. N\u00e1zev \u201eprobiotikum\u201c poch\u00e1z\u00ed z \u0159e\u010dtiny a znamen\u00e1 \u201e<strong data-start=\"2198\" data-end=\"2212\">pro \u017eivot<\/strong>\u201c. <\/p>\n<p data-start=\"2215\" data-end=\"2457\"><strong data-start=\"2215\" data-end=\"2228\">Synbiotic<\/strong> je modern\u00ed koncept, kter\u00fd kombinuje probiotika a prebiotika v jednom slo\u017een\u00ed. D\u00edky <strong data-start=\"2320\" data-end=\"2348\">dvojit\u00e9 ochrann\u00e9 kapsli<\/strong> ProBio Maximum Active zaji\u0161\u0165uje, \u017ee se prosp\u011b\u0161n\u00e9 bakterie bezpe\u010dn\u011b dostanou do st\u0159ev, kde pln\u011b \u00fa\u010dinkuj\u00ed. <\/p>\n<hr data-start=\"1990\" data-end=\"1993\">\n<h3 data-start=\"410\" data-end=\"446\">\ud83e\uddec CO JSOU PREBIOTIKA V TOMTO PRODUKTU<br \/>\n<strong data-start=\"1068\" data-end=\"1097\">Fruktooligosacharidy (FOS)<\/strong><\/h3>\n<p data-start=\"1100\" data-end=\"1315\">P\u0159\u00edrodn\u00ed vl\u00e1knina, kter\u00e1 nen\u00ed tr\u00e1vena tr\u00e1vic\u00edmi enzymy, ale p\u0159\u00edmo vy\u017eivuje prosp\u011b\u0161n\u00e9 bakterie ve st\u0159evech. Nach\u00e1z\u00ed se v potravin\u00e1ch, jako je cibule, arty\u010doky a ban\u00e1ny. <br data-start=\"1244\" data-end=\"1247\"><strong data-start=\"1247\" data-end=\"1260\">P\u0159isp\u00edv\u00e1 k<\/strong>: lep\u0161\u00edmu tr\u00e1ven\u00ed, sn\u00ed\u017een\u00ed z\u00e1cpy a pos\u00edlen\u00ed imunity.<\/p>\n<h4 data-start=\"1317\" data-end=\"1352\"><strong data-start=\"1322\" data-end=\"1350\">Xylooligosacharidy (XOS)<\/strong><\/h4>\n<p data-start=\"1353\" data-end=\"1546\">Pokro\u010dil\u00e1 prebiotick\u00e1 vl\u00e1knina, kter\u00e1 selektivn\u011b stimuluje r\u016fst bifidobakteri\u00ed, a to i ve velmi mal\u00fdch d\u00e1vk\u00e1ch.<br data-start=\"1454\" data-end=\"1457\"><strong data-start=\"1457\" data-end=\"1470\">P\u0159\u00edsp\u011bvek<\/strong>: rovnov\u00e1ha st\u0159evn\u00ed fl\u00f3ry, vst\u0159eb\u00e1v\u00e1n\u00ed miner\u00e1l\u016f a sn\u00ed\u017een\u00ed z\u00e1n\u011btliv\u00fdch proces\u016f.<\/p>\n<h4 data-start=\"1548\" data-end=\"1567\"><strong data-start=\"1553\" data-end=\"1565\">Stahioza<\/strong><\/h4>\n<p data-start=\"1568\" data-end=\"1789\">Prirodni oligosaharid prisutan u mahunarkama (soja, leblebija, so\u010divo). Hrani korisne bakterije i doprinosi smanjenju propustljivosti creva. <br data-start=\"1708\" data-end=\"1711\"><strong data-start=\"1711\" data-end=\"1724\">P\u0159isp\u00edv\u00e1 k<\/strong>: imunit\u011b, vst\u0159eb\u00e1v\u00e1n\u00ed antioxidant\u016f a regulaci hladiny cukru v krvi.<\/p>\n<hr data-start=\"2459\" data-end=\"2462\">\n<h3 data-start=\"2464\" data-end=\"2485\">\ud83e\uddf4 NA\u010cIN UPOTREBE<\/h3>\n<ul data-start=\"2487\" data-end=\"2677\">\n<li data-start=\"2487\" data-end=\"2520\">\n<p data-start=\"2489\" data-end=\"2520\"><strong data-start=\"2489\" data-end=\"2503\">D\u00e1vkov\u00e1n\u00ed<\/strong>: 1 kapsle denn\u011b<\/p>\n<\/li>\n<li data-start=\"2521\" data-end=\"2602\">\n<p data-start=\"2523\" data-end=\"2602\">Pro d\u011bti do 5 let &#8211; obsah kapsle rozpus\u0165te ve vod\u011b nebo ml\u00e9ce o teplot\u011b do 40 \u00b0C.<\/p>\n<\/li>\n<li data-start=\"2603\" data-end=\"2677\">\n<p data-start=\"2605\" data-end=\"2677\"><strong data-start=\"2605\" data-end=\"2639\">Doporu\u010den\u00e1 doba u\u017e\u00edv\u00e1n\u00ed:<\/strong> nejm\u00e9n\u011b 30 dn\u00ed, v p\u0159\u00edpad\u011b pot\u0159eby opakovat<\/p>\n<\/li>\n<\/ul>\n<hr data-start=\"2679\" data-end=\"2682\">\n<h3 data-start=\"2684\" data-end=\"2705\">\u26a0\ufe0f D\u016eLE\u017dIT\u00c9 POZN\u00c1MKY<\/h3>\n<ul data-start=\"2707\" data-end=\"2928\">\n<li data-start=\"2707\" data-end=\"2792\">\n<p data-start=\"2709\" data-end=\"2792\">Produkt se nedoporu\u010duje d\u011btem, t\u011bhotn\u00fdm a koj\u00edc\u00edm \u017een\u00e1m bez konzultace s l\u00e9ka\u0159em.<\/p>\n<\/li>\n<li data-start=\"2793\" data-end=\"2835\">\n<p data-start=\"2795\" data-end=\"2835\">Nep\u0159ekra\u010dujte doporu\u010denou denn\u00ed d\u00e1vku<\/p>\n<\/li>\n<li data-start=\"2836\" data-end=\"2886\">\n<p data-start=\"2838\" data-end=\"2886\">Dopl\u0148ky stravy nejsou n\u00e1hradou pestr\u00e9 stravy<\/p>\n<\/li>\n<li data-start=\"2887\" data-end=\"2928\">\n<p data-start=\"2889\" data-end=\"2928\">Skladujte v suchu a tmav\u00e9m m\u00edst\u011b, do 25 \u00b0C<\/p>\n<\/li>\n<\/ul>\n<hr data-start=\"2930\" data-end=\"2933\">\n<h3 data-start=\"2935\" data-end=\"2951\">\ud83d\udce6 OBAL<\/h3>\n<p data-start=\"2953\" data-end=\"3002\">30 kapsl\u00ed (17,85 g netto) \u2013 na 1 m\u011bs\u00edc u\u017e\u00edv\u00e1n\u00ed<\/p>\n<hr data-start=\"3004\" data-end=\"3007\">\n<p data-start=\"3009\" data-end=\"3162\"><strong data-start=\"3009\" data-end=\"3087\">ProBio Maximum Active<\/strong> \u2013 proto\u017ee 60 % imunitn\u00edho syst\u00e9mu se nach\u00e1z\u00ed ve st\u0159evech.<br data-start=\"3087\" data-end=\"3090\">Podpo\u0159te svou odolnost a zdrav\u00ed tam, kde to v\u0161e za\u010d\u00edn\u00e1 \u2013 v mikrobiomu!<\/p>\n<table width=\"892\">\n<tbody>\n<tr>\n<td width=\"446\"><strong>Aktivn\u00ed slo\u017eky<\/strong><\/td>\n<td width=\"446\"><strong>1 kapsle<\/strong><\/td>\n<\/tr>\n<tr>\n<td width=\"446\">Lacticaseibacillus rhamnosus Lr-G14<\/td>\n<td width=\"446\">4 mg* (2 x 10<sup>9<\/sup> CFU**)<\/td>\n<\/tr>\n<tr>\n<td width=\"446\">Lactiplantibacillus plantarum LP-G18<\/td>\n<td width=\"446\">3,75 mg* (1,5 x 10<sup>9<\/sup> CFU**)<\/td>\n<\/tr>\n<tr>\n<td width=\"446\">Lacticaseibacillus casei LC-G11<\/td>\n<td width=\"446\">1,25 mg* (5 x 10<sup>8<\/sup> CFU**)<\/td>\n<\/tr>\n<tr>\n<td width=\"446\">Lactobacillus acidophilus LA-G80<\/td>\n<td width=\"446\">1 mg* (2 x 10<sup>8<\/sup> CFU**)<\/td>\n<\/tr>\n<tr>\n<td width=\"446\">Lacticaseibacillus paracasei LPc-G110<\/td>\n<td width=\"446\">1,25 mg* (5 x 10<sup>8<\/sup> CFU**)<\/td>\n<\/tr>\n<tr>\n<td width=\"446\">Limosilactobacillus reuteri LR-G100<\/td>\n<td width=\"446\">0,5 mg* (1 x 10<sup>8<\/sup> CFU**)<\/td>\n<\/tr>\n<tr>\n<td width=\"446\">Limosilactobacillus fermentum LF-G89<\/td>\n<td width=\"446\">1 mg* (1 x 10<sup>8<\/sup> CFU**)<\/td>\n<\/tr>\n<tr>\n<td width=\"446\">Lactobacillus helveticus LH-G51<\/td>\n<td width=\"446\">1 mg* (1 x 10<sup>8<\/sup> CFU**)<\/td>\n<\/tr>\n<tr>\n<td width=\"446\">Bifidobacterium animalis subsp.lactis BL-G101<\/td>\n<td width=\"446\">100 mg* (4 x 10<sup>10<\/sup> CFU**)<\/td>\n<\/tr>\n<tr>\n<td width=\"446\">Bifidobacterium bifidum BB-G90<\/td>\n<td width=\"446\">30 mg* (3 x 10<sup>9<\/sup> CFU**)<\/td>\n<\/tr>\n<tr>\n<td width=\"446\">Bifidobacterium longum subsp.longum BL-G301<\/td>\n<td width=\"446\">30 mg* (3 x 10<sup>9<\/sup> CFU**)<\/td>\n<\/tr>\n<tr>\n<td width=\"446\">Bifidobacterium breve BB-G95<\/td>\n<td width=\"446\">13,33 mg* (4 x 10<sup>9<\/sup> CFU**)<\/td>\n<\/tr>\n<tr>\n<td width=\"446\">Fruktooligosacharidy<\/td>\n<td width=\"446\">10 mg*<\/td>\n<\/tr>\n<tr>\n<td width=\"446\">Xylooligosacharidy<\/td>\n<td width=\"446\">10 mg*<\/td>\n<\/tr>\n<tr>\n<td width=\"446\">Stahioza<\/td>\n<td width=\"446\">10 mg*<\/td>\n<\/tr>\n<\/tbody>\n<\/table>\n<p><strong>*Referen\u010dn\u00ed nutri\u010dn\u00ed hodnota NRV nebyla stanovena.<\/strong><\/p>\n<p><strong>**Po\u010det CFU jednotek tvo\u0159\u00edc\u00edch kolonie<\/strong><\/p>\n","protected":false},"excerpt":{"rendered":"<ul>\n<li><strong data-start=\"0\" data-end=\"25\" data-is-only-node=\"\">ProBio Maximum Active<\/strong> je siln\u00e9 synbiotikum obsahuj\u00edc\u00ed <strong data-start=\"57\" data-end=\"82\">12 probiotick\u00fdch kmen\u016f<\/strong> a <strong data-start=\"85\" data-end=\"101\">3 prebiotika<\/strong> s a\u017e <strong data-start=\"110\" data-end=\"130\">55 miliardami CFU<\/strong> na kapsli.<\/li>\n<li>Podporuje rovnov\u00e1hu st\u0159evn\u00ed mikrofl\u00f3ry, posiluje imunitu, zlep\u0161uje tr\u00e1ven\u00ed a pom\u00e1h\u00e1 udr\u017eovat zdravou poko\u017eku.<br data-start=\"247\" data-end=\"250\"><strong data-start=\"250\" data-end=\"281\">Balen\u00ed obsahuje 30 kapsl\u00ed<\/strong> \u2013 vysta\u010d\u00ed na 1 m\u011bs\u00edc u\u017e\u00edv\u00e1n\u00ed.<\/li>\n<li>Doporu\u010den\u00e1 d\u00e1vka: 1 kapsle denn\u011b.<\/li>\n<\/ul>\n","protected":false},"featured_media":29262,"comment_status":"open","ping_status":"closed","template":"","meta":{"_acf_changed":false,"_uag_custom_page_level_css":"","site-sidebar-layout":"default","site-content-layout":"default","ast-site-content-layout":"default","site-content-style":"default","site-sidebar-style":"default","ast-global-header-display":"","ast-banner-title-visibility":"","ast-main-header-display":"","ast-hfb-above-header-display":"","ast-hfb-below-header-display":"","ast-hfb-mobile-header-display":"","site-post-title":"","ast-breadcrumbs-content":"","ast-featured-img":"","footer-sml-layout":"","ast-disable-related-posts":"","theme-transparent-header-meta":"default","adv-header-id-meta":"","stick-header-meta":"default","header-above-stick-meta":"","header-main-stick-meta":"","header-below-stick-meta":"","astra-migrate-meta-layouts":"set","ast-page-background-enabled":"default","ast-page-background-meta":{"desktop":{"background-color":"","background-image":"","background-repeat":"repeat","background-position":"center center","background-size":"auto","background-attachment":"scroll","background-type":"","background-media":"","overlay-type":"","overlay-color":"","overlay-opacity":"","overlay-gradient":""},"tablet":{"background-color":"","background-image":"","background-repeat":"repeat","background-position":"center center","background-size":"auto","background-attachment":"scroll","background-type":"","background-media":"","overlay-type":"","overlay-color":"","overlay-opacity":"","overlay-gradient":""},"mobile":{"background-color":"","background-image":"","background-repeat":"repeat","background-position":"center center","background-size":"auto","background-attachment":"scroll","background-type":"","background-media":"","overlay-type":"","overlay-color":"","overlay-opacity":"","overlay-gradient":""}},"ast-content-background-meta":{"desktop":{"background-color":"var(--ast-global-color-4)","background-image":"","background-repeat":"repeat","background-position":"center center","background-size":"auto","background-attachment":"scroll","background-type":"","background-media":"","overlay-type":"","overlay-color":"","overlay-opacity":"","overlay-gradient":""},"tablet":{"background-color":"var(--ast-global-color-4)","background-image":"","background-repeat":"repeat","background-position":"center center","background-size":"auto","background-attachment":"scroll","background-type":"","background-media":"","overlay-type":"","overlay-color":"","overlay-opacity":"","overlay-gradient":""},"mobile":{"background-color":"var(--ast-global-color-4)","background-image":"","background-repeat":"repeat","background-position":"center center","background-size":"auto","background-attachment":"scroll","background-type":"","background-media":"","overlay-type":"","overlay-color":"","overlay-opacity":"","overlay-gradient":""}}},"product_brand":[],"product_cat":[361],"product_tag":[],"class_list":{"0":"post-27183","1":"product","2":"type-product","3":"status-publish","4":"has-post-thumbnail","6":"product_cat-direct-hit","7":"desktop-align-center","8":"tablet-align-center","9":"mobile-align-center","10":"ast-product-gallery-layout-horizontal","11":"ast-product-tabs-layout-distributed","12":"ast-qv-on-image","14":"first","15":"instock","16":"taxable","17":"shipping-taxable","18":"purchasable","19":"product-type-simple"},"acf":[],"uagb_featured_image_src":{"full":["https:\/\/i0.wp.com\/visionstore.co.rs\/wp-content\/uploads\/2025\/06\/Probio-maximum-active-1.png?fit=1024%2C1024&ssl=1",1024,1024,false],"thumbnail":["https:\/\/i0.wp.com\/visionstore.co.rs\/wp-content\/uploads\/2025\/06\/Probio-maximum-active-1.png?resize=150%2C150&ssl=1",150,150,true],"medium":["https:\/\/i0.wp.com\/visionstore.co.rs\/wp-content\/uploads\/2025\/06\/Probio-maximum-active-1.png?fit=300%2C300&ssl=1",300,300,true],"medium_large":["https:\/\/i0.wp.com\/visionstore.co.rs\/wp-content\/uploads\/2025\/06\/Probio-maximum-active-1.png?fit=768%2C768&ssl=1",768,768,true],"large":["https:\/\/i0.wp.com\/visionstore.co.rs\/wp-content\/uploads\/2025\/06\/Probio-maximum-active-1.png?fit=1024%2C1024&ssl=1",1024,1024,true],"1536x1536":["https:\/\/i0.wp.com\/visionstore.co.rs\/wp-content\/uploads\/2025\/06\/Probio-maximum-active-1.png?fit=1024%2C1024&ssl=1",1024,1024,true],"2048x2048":["https:\/\/i0.wp.com\/visionstore.co.rs\/wp-content\/uploads\/2025\/06\/Probio-maximum-active-1.png?fit=1024%2C1024&ssl=1",1024,1024,true],"mailpoet_newsletter_max":["https:\/\/i0.wp.com\/visionstore.co.rs\/wp-content\/uploads\/2025\/06\/Probio-maximum-active-1.png?fit=1024%2C1024&ssl=1",1024,1024,true],"woocommerce_thumbnail":["https:\/\/i0.wp.com\/visionstore.co.rs\/wp-content\/uploads\/2025\/06\/Probio-maximum-active-1.png?fit=900%2C900&ssl=1",900,900,true],"woocommerce_single":["https:\/\/i0.wp.com\/visionstore.co.rs\/wp-content\/uploads\/2025\/06\/Probio-maximum-active-1.png?fit=1024%2C1024&ssl=1",1024,1024,true],"woocommerce_gallery_thumbnail":["https:\/\/i0.wp.com\/visionstore.co.rs\/wp-content\/uploads\/2025\/06\/Probio-maximum-active-1.png?resize=100%2C100&ssl=1",100,100,true]},"uagb_author_info":{"display_name":"admin","author_link":"https:\/\/visionstore.co.rs\/cs\/author\/"},"uagb_comment_info":0,"uagb_excerpt":"ProBio Maximum Active je siln\u00e9 synbiotikum obsahuj\u00edc\u00ed 12 probiotick\u00fdch kmen\u016f a 3 prebiotika s a\u017e 55 miliardami CFU na kapsli. Podporuje rovnov\u00e1hu st\u0159evn\u00ed mikrofl\u00f3ry, posiluje imunitu, zlep\u0161uje tr\u00e1ven\u00ed a pom\u00e1h\u00e1 udr\u017eovat zdravou poko\u017eku.Balen\u00ed obsahuje 30 kapsl\u00ed \u2013 vysta\u010d\u00ed na 1 m\u011bs\u00edc u\u017e\u00edv\u00e1n\u00ed. Doporu\u010den\u00e1 d\u00e1vka: 1 kapsle denn\u011b.","jetpack_sharing_enabled":true,"_links":{"self":[{"href":"https:\/\/visionstore.co.rs\/cs\/wp-json\/wp\/v2\/product\/27183","targetHints":{"allow":["GET"]}}],"collection":[{"href":"https:\/\/visionstore.co.rs\/cs\/wp-json\/wp\/v2\/product"}],"about":[{"href":"https:\/\/visionstore.co.rs\/cs\/wp-json\/wp\/v2\/types\/product"}],"replies":[{"embeddable":true,"href":"https:\/\/visionstore.co.rs\/cs\/wp-json\/wp\/v2\/comments?post=27183"}],"wp:featuredmedia":[{"embeddable":true,"href":"https:\/\/visionstore.co.rs\/cs\/wp-json\/wp\/v2\/media\/29262"}],"wp:attachment":[{"href":"https:\/\/visionstore.co.rs\/cs\/wp-json\/wp\/v2\/media?parent=27183"}],"wp:term":[{"taxonomy":"product_brand","embeddable":true,"href":"https:\/\/visionstore.co.rs\/cs\/wp-json\/wp\/v2\/product_brand?post=27183"},{"taxonomy":"product_cat","embeddable":true,"href":"https:\/\/visionstore.co.rs\/cs\/wp-json\/wp\/v2\/product_cat?post=27183"},{"taxonomy":"product_tag","embeddable":true,"href":"https:\/\/visionstore.co.rs\/cs\/wp-json\/wp\/v2\/product_tag?post=27183"}],"curies":[{"name":"wp","href":"https:\/\/api.w.org\/{rel}","templated":true}]}}