{"id":3624,"date":"2020-07-22T14:16:48","date_gmt":"2020-07-22T12:16:48","guid":{"rendered":"https:\/\/visionstore.co.rs\/proizvodi\/osteosanum\/"},"modified":"2025-10-29T10:08:05","modified_gmt":"2025-10-29T09:08:05","slug":"osteosanum","status":"publish","type":"product","link":"https:\/\/visionstore.co.rs\/en\/product\/osteosanum\/","title":{"rendered":"Osteosanum"},"content":{"rendered":"<p><strong>Osteosanum<\/strong> contains an optimal amount <strong>of calcium<\/strong> and <strong>vitamin D<\/strong> &#8211; the best components for maintaining strong bones, as well as <strong>vitamin K<\/strong> , which &#8220;directs&#8221; <strong>calcium<\/strong> into bone tissue, preventing it from accumulating in blood vessels.<\/p>\n<p>This bioactive dietary supplement stimulates the growth of bone tissue, improves the structure of bones, increases their mineral density, and prevents the expulsion of <strong>calcium<\/strong> from bones and teeth. It stimulates collagen synthesis, increases the flexibility of bone structures, reducing the risk of fractures. Contributes to the rapid formation of bone mass, which is necessary for healing in the event of a fracture. Prevents deformation of the spine and poor posture.<\/p>\n<ul>\n<li>Reduces the risk of osteoporosis<\/li>\n<li>Supports active bone remineralization<\/li>\n<li>Prevents calcium loss in bones<\/li>\n<li>Helps heal bone fractures<\/li>\n<li>Prevents spinal deformity and incorrect posture<\/li>\n<li>It supports the formation of collagen, the most important protein in bone tissue<\/li>\n<\/ul>\n<h4>Osteosanum product details<\/h4>\n<p>Is there enough calcium in your daily diet, and are you convinced that it will surely protect you from a &#8220;silent epidemic&#8221; such as osteoporosis? However, the slightest drop or even an uncertain step can lead to a fracture. Why does it happen that the more calcium we take in, the more sensitive our bones are? Osteoporosis is inevitable? Sounds like a final judgment\u2026<\/p>\n<p>Skeletal disease, regardless of the normal mineralization of bone tissue, reduction of bone mass and disorders of bone tissue as a whole, can be prevented.<\/p>\n<p>The unique plant complex <strong>OsteoSanum<\/strong> provides the body with the most efficient building material for strong bones, strengthens regeneration processes, normalizes calcium exchange and increases the body&#8217;s protective forces. The active natural components of <strong>OsteoSanum<\/strong> products are natural catalysts for the delivery of <strong>calcium<\/strong> into bone tissue, contribute to the improvement of the mineral composition and structure of bone tissue, prevent osteoporosis and regenerate bone tissue in fractures.<\/p>\n<p>Like all organs and organ systems, our bones are also constantly changing. Like our organs, bones are made up of cells. The cells that form our bones are osteoblasts, and the cells that break down the mineral matrix are osteoclasts. In youth, osteoblasts dominate and build strong bones, which should serve us all our lives.<\/p>\n<p><strong>Vitamin K<\/strong> from the <strong>OsteoSanum<\/strong> herbal complex is associated with osteoblasts, which produce the protein osteocalcin. This protein plays an important role in the well-known <a href=\"http:\/\/kalcijum\" rel=\"nofollow\"><strong>calcium<\/strong><\/a> metabolism. It is osteocalcin that contributes to the incorporation of calcium into bone tissue, reducing the risk of osteoporosis and fractures.<\/p>\n<p>Since we have already mentioned <strong>calcium<\/strong>, we must say about its most important importance in our life, about the organization of the skeletal system as a whole. <strong>Calcium<\/strong> is the building material for our bones, it determines their density and structure. How does that come about?<\/p>\n<p>Our bones are constantly exposed to microtraumas, small structural injuries, so they need to be restored. For that, there are two groups of specialized cells in our body that deal with bone regeneration. One group of cells penetrates cell defects and contributes to the removal of damaged bone tissue. They are replaced by other cells that fill the bone surface, which, thanks to <strong>calcium<\/strong>, later forms new bone tissue.<\/p>\n<p>However, over time, the process of bone remodeling changes and the efforts of the two groups of cells become less efficient, as calcium begins to be less well absorbed. Bone regeneration is no longer as fast as it used to be, and old tissue is completely destroyed.<\/p>\n<p>In order to preserve <strong>calcium<\/strong> in the bone tissue, it is necessary to increase the strength, density and prevent the development of osteoporosis. <strong>Vitamins K and D<\/strong> will help in this. <strong>Vitamin D<\/strong> supports <strong>calcium<\/strong> homeostasis, realizing the process of mineralization and reconstruction of bone tissue, supports dental health. <strong>Vitamin K<\/strong>, for its part, reduces the risk of spinal fractures by 60% and the risk of hip fractures and other fractures by 80%.<\/p>\n<p>In addition, <strong>vitamin K<\/strong> directs <strong>calcium<\/strong> only where it is needed: in bones and teeth. And where the mineral can cause damage, <strong>vitamin K<\/strong> destroys it. It also expels <strong>calcium<\/strong> from the arteries, mostly from the aorta. <strong>Calcium<\/strong> deposition in the largest artery can lead to calcification and, as a result, increase the risk of aortic destruction and sudden death. And the hardening of blood vessels due to excess <strong>calcium<\/strong> becomes the cause of hypertension. <strong>Vitamin K<\/strong> effectively fights cardiovascular diseases, significantly reducing the risk of heart attack.<\/p>\n<p>The uniqueness of the <strong>OsteoSanum<\/strong> biocomplex is that, in addition to <strong>vitamins K and D<\/strong>, which contribute to the most complete and correct absorption of <strong>calcium<\/strong>, its composition also includes a natural mixture of organic and inorganic substances \u2014 <a href=\"https:\/\/visionstore.co.rs\/mumijo-za-zastitu-zdravlja\/\"><strong>mumie<\/strong><\/a> extract.<\/p>\n<p><strong>Mumijo<\/strong> je \u010ditava kaskada hemijskih elemenata koja se sastoji od 30 makro- i mikroelemenata, uklju\u010duju\u0107i 10 oksida metala, 6 aminokiselina, fosfolipida, niz vitamina, eteri\u010dnih ulja i drugih biolo\u0161ko aktivnih materija, koji stimuli\u0161u procese oksidaciono-regenerativnog karaktera. <strong>Mumijo<\/strong> doprinosi pravilnom usvajanju <strong>kalcijuma<\/strong> u ko\u0161tanoj masi, ima visokoefikasno stimulativno dejstvo na proces zarastanja preloma, kompenzuju\u0107i negativni odgovor organizma na traumu. Under the action of <strong>mumijo<\/strong>, the general reaction and physiological functions of the whole organism increase, which are characterized by the rapid disappearance of autoantigens (tissue destroyers) and pathological foci.<\/p>\n<p><strong>Horsetail<\/strong> is a plant rich in <strong>silicon<\/strong>, which plays a key role in maintaining the health of the bone system. <strong>Silicon<\/strong> from Horsetail helps in the formation and strengthening of collagen, which is essential for bone strength and connective tissue elasticity. <strong>Horsetail<\/strong> also supports the remineralization of bones, which contributes to their resistance and reduces the risk of fractures and osteoporosis.<\/p>\n<p>Zinc and copper are key minerals in <strong>OsteoSanum<\/strong> that contribute to the health of the bone system. <strong>Zinc<\/strong> plays a vital role in maintaining bone strength and promotes tissue regeneration, while <strong>copper<\/strong> helps form collagen, which is essential for bone structure. Together, <strong>zinc and copper<\/strong> work in synergy, enabling optimal absorption and utilization of nutrients, which contributes to strengthening bones and reducing the risk of osteoporosis. This combination helps maintain the balance of minerals in the body, which is crucial for the long-term health of the bone system.<\/p>\n<p><strong>Composition:<\/strong> <a href=\"https:\/\/visionstore.co.rs\/en\/kalcijum-2\/\">calcium<\/a>, <a href=\"https:\/\/visionstore.co.rs\/acerola-i-vitamini-c-i-k\/\"><strong>vitamin K<\/strong><\/a>, <a href=\"https:\/\/visionstore.co.rs\/en\/vitamin-d-2\/\">vitamin D<\/a>, <a href=\"https:\/\/visionstore.co.rs\/mumijo-za-zastitu-zdravlja\/\">mummy extract<\/a>, <a href=\"https:\/\/visionstore.co.rs\/rastavic-lat-equisetum-arvense\/\"><strong>horsetail herb extract (<em>Equisetum arvense<\/em>)<\/strong><\/a>, <a href=\"https:\/\/visionstore.co.rs\/cink-i-nase-zdravlje\/\">zinc<\/a>, <a href=\"https:\/\/visionstore.co.rs\/en\/bakar-2\/\">copper<\/a>.<\/p>\n<p><strong>Quantity: 60 capsules<\/strong><\/p>\n<p><strong>Net weight: 49.8g<\/strong><\/p>\n<table width=\"421\">\n<tbody>\n<tr>\n<td width=\"197\"><strong>ACTIVE INGREDIENTS:<\/strong><\/td>\n<td width=\"80\"><strong>On 2 capsules<\/strong><\/td>\n<td width=\"64\"><strong>%NRV*<\/strong><\/td>\n<\/tr>\n<tr>\n<td>Calcium<\/td>\n<td>400 mg<\/td>\n<td>50%<\/td>\n<\/tr>\n<tr>\n<td width=\"197\">Dry extract of horsetail herb (<em>Equisetum arvense<\/em>) (standardized to 7% silicon)<\/p>\n<ul>\n<li>of which silicon<\/li>\n<\/ul>\n<\/td>\n<td>126 mg<\/p>\n<ul>\n<li>8.82 mg<\/li>\n<\/ul>\n<\/td>\n<td>**<\/td>\n<\/tr>\n<tr>\n<td width=\"197\">Shilajit (mummy) dry extract (standardized to 20% fulvic acid)<\/p>\n<ul>\n<li>of which fulvic acid<\/li>\n<\/ul>\n<\/td>\n<td>40 mg<\/p>\n<ul>\n<li>8 mg<\/li>\n<\/ul>\n<\/td>\n<td>**<\/td>\n<\/tr>\n<tr>\n<td width=\"197\">Vitamin K<\/td>\n<td>22 \u00b5g<\/td>\n<td>29%<\/td>\n<\/tr>\n<tr>\n<td>Vitamin D<\/td>\n<td>5 \u00b5g<\/td>\n<td>100%<\/td>\n<\/tr>\n<tr>\n<td>Zink<\/td>\n<td>14 mg<\/td>\n<td>140%<\/td>\n<\/tr>\n<tr>\n<td>Copper<\/td>\n<td>1 mg<\/td>\n<td>100%<\/td>\n<\/tr>\n<\/tbody>\n<\/table>\n<p>*NRV &#8211; nutritional reference value<br \/>\n** &#8211; nutritional reference value has not been established<\/p>\n","protected":false},"excerpt":{"rendered":"<p><strong>PROPERTIES OF OSTEOSANUM PRODUCTS:<\/strong><\/p>\n<ul>\n<li>It reduces the risk of osteoporosis.<\/li>\n<li>It improves the structure of bones and increases their mineral strength.<\/li>\n<li>Prevents the leaching of calcium from bone tissue.<\/li>\n<li>It helps bones to heal faster in case of fractures.<\/li>\n<li>Prevents deformation of the spinal column by not allowing a disorder in body posture.<\/li>\n<li>It participates in the maturation of the most important bone tissue protein &#8211; collagen.<\/li>\n<li>Strengthens teeth, hair and nails.<\/li>\n<\/ul>\n","protected":false},"featured_media":29061,"comment_status":"open","ping_status":"closed","template":"","meta":{"_acf_changed":false,"_uag_custom_page_level_css":"","site-sidebar-layout":"default","site-content-layout":"default","ast-site-content-layout":"default","site-content-style":"default","site-sidebar-style":"default","ast-global-header-display":"","ast-banner-title-visibility":"","ast-main-header-display":"","ast-hfb-above-header-display":"","ast-hfb-below-header-display":"","ast-hfb-mobile-header-display":"","site-post-title":"","ast-breadcrumbs-content":"","ast-featured-img":"","footer-sml-layout":"","ast-disable-related-posts":"","theme-transparent-header-meta":"default","adv-header-id-meta":"","stick-header-meta":"default","header-above-stick-meta":"","header-main-stick-meta":"","header-below-stick-meta":"","astra-migrate-meta-layouts":"default","ast-page-background-enabled":"default","ast-page-background-meta":{"desktop":{"background-color":"","background-image":"","background-repeat":"repeat","background-position":"center center","background-size":"auto","background-attachment":"scroll","background-type":"","background-media":"","overlay-type":"","overlay-color":"","overlay-opacity":"","overlay-gradient":""},"tablet":{"background-color":"","background-image":"","background-repeat":"repeat","background-position":"center center","background-size":"auto","background-attachment":"scroll","background-type":"","background-media":"","overlay-type":"","overlay-color":"","overlay-opacity":"","overlay-gradient":""},"mobile":{"background-color":"","background-image":"","background-repeat":"repeat","background-position":"center center","background-size":"auto","background-attachment":"scroll","background-type":"","background-media":"","overlay-type":"","overlay-color":"","overlay-opacity":"","overlay-gradient":""}},"ast-content-background-meta":{"desktop":{"background-color":"var(--ast-global-color-4)","background-image":"","background-repeat":"repeat","background-position":"center center","background-size":"auto","background-attachment":"scroll","background-type":"","background-media":"","overlay-type":"","overlay-color":"","overlay-opacity":"","overlay-gradient":""},"tablet":{"background-color":"var(--ast-global-color-4)","background-image":"","background-repeat":"repeat","background-position":"center center","background-size":"auto","background-attachment":"scroll","background-type":"","background-media":"","overlay-type":"","overlay-color":"","overlay-opacity":"","overlay-gradient":""},"mobile":{"background-color":"var(--ast-global-color-4)","background-image":"","background-repeat":"repeat","background-position":"center center","background-size":"auto","background-attachment":"scroll","background-type":"","background-media":"","overlay-type":"","overlay-color":"","overlay-opacity":"","overlay-gradient":""}}},"product_brand":[],"product_cat":[279],"product_tag":[],"class_list":{"0":"post-3624","1":"product","2":"type-product","3":"status-publish","4":"has-post-thumbnail","6":"product_cat-direct-hit","7":"desktop-align-center","8":"tablet-align-center","9":"mobile-align-center","10":"ast-product-gallery-layout-horizontal","11":"ast-product-tabs-layout-distributed","12":"ast-qv-on-image","14":"first","15":"instock","16":"taxable","17":"shipping-taxable","18":"purchasable","19":"product-type-simple"},"acf":[],"uagb_featured_image_src":{"full":["https:\/\/i0.wp.com\/visionstore.co.rs\/wp-content\/uploads\/2020\/07\/OsteosanumNew.png?fit=1024%2C1024&ssl=1",1024,1024,false],"thumbnail":["https:\/\/i0.wp.com\/visionstore.co.rs\/wp-content\/uploads\/2020\/07\/OsteosanumNew.png?resize=150%2C150&ssl=1",150,150,true],"medium":["https:\/\/i0.wp.com\/visionstore.co.rs\/wp-content\/uploads\/2020\/07\/OsteosanumNew.png?fit=300%2C300&ssl=1",300,300,true],"medium_large":["https:\/\/i0.wp.com\/visionstore.co.rs\/wp-content\/uploads\/2020\/07\/OsteosanumNew.png?fit=768%2C768&ssl=1",768,768,true],"large":["https:\/\/i0.wp.com\/visionstore.co.rs\/wp-content\/uploads\/2020\/07\/OsteosanumNew.png?fit=1024%2C1024&ssl=1",1024,1024,true],"1536x1536":["https:\/\/i0.wp.com\/visionstore.co.rs\/wp-content\/uploads\/2020\/07\/OsteosanumNew.png?fit=1024%2C1024&ssl=1",1024,1024,true],"2048x2048":["https:\/\/i0.wp.com\/visionstore.co.rs\/wp-content\/uploads\/2020\/07\/OsteosanumNew.png?fit=1024%2C1024&ssl=1",1024,1024,true],"mailpoet_newsletter_max":["https:\/\/i0.wp.com\/visionstore.co.rs\/wp-content\/uploads\/2020\/07\/OsteosanumNew.png?fit=1024%2C1024&ssl=1",1024,1024,true],"woocommerce_thumbnail":["https:\/\/i0.wp.com\/visionstore.co.rs\/wp-content\/uploads\/2020\/07\/OsteosanumNew.png?fit=900%2C900&ssl=1",900,900,true],"woocommerce_single":["https:\/\/i0.wp.com\/visionstore.co.rs\/wp-content\/uploads\/2020\/07\/OsteosanumNew.png?fit=1024%2C1024&ssl=1",1024,1024,true],"woocommerce_gallery_thumbnail":["https:\/\/i0.wp.com\/visionstore.co.rs\/wp-content\/uploads\/2020\/07\/OsteosanumNew.png?resize=100%2C100&ssl=1",100,100,true]},"uagb_author_info":{"display_name":"admin","author_link":"https:\/\/visionstore.co.rs\/en\/author\/"},"uagb_comment_info":1,"uagb_excerpt":"PROPERTIES OF OSTEOSANUM PRODUCTS: It reduces the risk of osteoporosis. It improves the structure of bones and increases their mineral strength. Prevents the leaching of calcium from bone tissue. It helps bones to heal faster in case of fractures. Prevents deformation of the spinal column by not allowing a disorder in body posture. It participates&hellip;","jetpack_sharing_enabled":true,"_links":{"self":[{"href":"https:\/\/visionstore.co.rs\/en\/wp-json\/wp\/v2\/product\/3624","targetHints":{"allow":["GET"]}}],"collection":[{"href":"https:\/\/visionstore.co.rs\/en\/wp-json\/wp\/v2\/product"}],"about":[{"href":"https:\/\/visionstore.co.rs\/en\/wp-json\/wp\/v2\/types\/product"}],"replies":[{"embeddable":true,"href":"https:\/\/visionstore.co.rs\/en\/wp-json\/wp\/v2\/comments?post=3624"}],"wp:featuredmedia":[{"embeddable":true,"href":"https:\/\/visionstore.co.rs\/en\/wp-json\/wp\/v2\/media\/29061"}],"wp:attachment":[{"href":"https:\/\/visionstore.co.rs\/en\/wp-json\/wp\/v2\/media?parent=3624"}],"wp:term":[{"taxonomy":"product_brand","embeddable":true,"href":"https:\/\/visionstore.co.rs\/en\/wp-json\/wp\/v2\/product_brand?post=3624"},{"taxonomy":"product_cat","embeddable":true,"href":"https:\/\/visionstore.co.rs\/en\/wp-json\/wp\/v2\/product_cat?post=3624"},{"taxonomy":"product_tag","embeddable":true,"href":"https:\/\/visionstore.co.rs\/en\/wp-json\/wp\/v2\/product_tag?post=3624"}],"curies":[{"name":"wp","href":"https:\/\/api.w.org\/{rel}","templated":true}]}}